{"id":9704,"date":"2021-04-08T12:24:41","date_gmt":"2021-09-27T05:58:39","guid":{"rendered":"https:\/\/akerstroms.se\/product\/remotus-era-150-2\/"},"modified":"2021-10-19T15:58:56","modified_gmt":"2021-10-19T13:58:56","slug":"remotus-era-150","status":"publish","type":"product","link":"https:\/\/akerstroms.se\/de\/produkt\/remotus-era-150\/","title":{"rendered":"Remotus ERA 150"},"content":{"rendered":"","protected":false},"excerpt":{"rendered":"<h3>Sender mit Joystick f\u00fcr Kr\u00e4ne und Hebeb\u00fchnen<\/h3>\n<p>Remotus ERA 150 ist ein Sender mit Joystick oder Paddles f\u00fcr Kr\u00e4ne und Hebeanwendungen. Er ist einfach in der Verwendung und sein Design ist gut durchdacht und robust. Die gummierten Handgriffe sorgen f\u00fcr einen guten Halt und selbst wenn er nicht im Einsatz ist, steht er auf seinen sch\u00fctzenden Metallf\u00fc\u00dfen sicher. Der Remotus ERA 150 kann drei Bewegungen in zwei Geschwindigkeiten sowie zwei Zusatzfunktionen steuern und kommuniziert auf dem Band 434 bis 434\u00a0MHz. <strong>Doppelte CPU f\u00fcr zus\u00e4tzliche Sicherheit <\/strong>Remotus ERA 150 verf\u00fcgt \u00fcber eine doppelte CPU, was die Sicherheit weiter erh\u00f6ht, auch f\u00fcr Bewegungen\/Funktionen. Au\u00dferdem verf\u00fcgt er \u00fcber einen aktiven Stopp, sodass der Empf\u00e4nger in unter 100\u00a0ms anh\u00e4lt. Der Remotus ERA 150 hat auch eine eingebaute Kippfunktion, die bedeutet, dass er bei einem eventuellen Sturz automatisch stoppt. Der gleiche Sender kann mehrere Objekte bewegen (Mehrkranbetrieb) und ein Objekt kann mit mehreren Sendern bewegt werden (Mehrfahrerbetrieb). \u00dcber die Duplexfunktion k\u00f6nnen Informationen an den Sender zur\u00fcckgeschickt werden. <strong>Konfigurierbares Display mit Alarmfunktion und eine spezielle Akkul\u00f6sung<\/strong> Remotus ERA150 hat ein klares Display, das auch bei starker Sonneneinstrahlung gut lesbar ist. Zudem verf\u00fcgt er \u00fcber eine Vibrationsfunktion und einen Summer, die sich \u00fcber das Displaymen\u00fc einzeln f\u00fcr unterschiedliche Alarmsituationen konfigurieren lassen. Im Men\u00fc kann man auch ausw\u00e4hlen, dass die Hintergrundbeleuchtung des Displays bei einem Alarm rot wird. Die Beckengurtsender verf\u00fcgen \u00fcber eine spezielle Akkul\u00f6sung, bei der dieser gut gesch\u00fctzt gegen Wasser und Staub in einem austauschbaren Modul sitzt, dessen Klappe sich mitten unter dem Sender befindet. Der Sender kann ohne Auswirkungen auf den Akku in hohem Wasser stehen. <strong>Einfach zu konfigurieren und funktional<\/strong> Die Tastenfunktionen, Frequenz, Abschaltzeit und \u00fcbrige\/aktuelle Funktionen werden \u00fcber die Tasten oder das Display konfiguriert. Der Remotus ERA 150 kann auch \u00fcber das von uns entwickelte Konfigurationswerkzeug konfiguriert werden. Seine Konfiguration wird auf einer CIM-Platine (Configuration Information Module) gespeichert. So kann die Konfiguration eines Senders ganz einfach auf einen anderen \u00fcberf\u00fchrt werden. W\u00e4hrend des Betriebs ist die CIM-Platine gesch\u00fctzt, aber f\u00fcr den Service leicht zug\u00e4nglich. Die Notausfunktion von Remotus entspricht PLd, Cat 3, EN ISO 13849-1.<\/p>\n","protected":false},"featured_media":10122,"template":"","meta":{"_acf_changed":false},"product_brand":[],"product_cat":[158,149],"product_tag":[170],"class_list":{"0":"post-9704","1":"product","2":"type-product","3":"status-publish","4":"has-post-thumbnail","6":"product_cat-beckengurtsender-de","7":"product_cat-remotus-de","8":"product_tag-krane-und-hebebuhnen-de","10":"first","11":"instock","12":"product-type-simple"},"acf":[],"yoast_head":"<!-- This site is optimized with the Yoast SEO plugin v27.4 - https:\/\/yoast.com\/product\/yoast-seo-wordpress\/ -->\n<title>Remotus ERA 150 - \u00c5kerstr\u00f6ms Bj\u00f6rbo<\/title>\n<meta name=\"robots\" content=\"index, follow, max-snippet:-1, max-image-preview:large, max-video-preview:-1\" \/>\n<link rel=\"canonical\" href=\"https:\/\/akerstroms.se\/de\/produkt\/remotus-era-150\/\" \/>\n<meta property=\"og:locale\" content=\"de_DE\" \/>\n<meta property=\"og:type\" content=\"article\" \/>\n<meta property=\"og:title\" content=\"Remotus ERA 150 - \u00c5kerstr\u00f6ms Bj\u00f6rbo\" \/>\n<meta property=\"og:description\" content=\"Sender mit Joystick f\u00fcr Kr\u00e4ne und Hebeb\u00fchnen Remotus ERA 150 ist ein Sender mit Joystick oder Paddles f\u00fcr Kr\u00e4ne und Hebeanwendungen. Er ist einfach in der Verwendung und sein Design ist gut durchdacht und robust. Die gummierten Handgriffe sorgen f\u00fcr einen guten Halt und selbst wenn er nicht im Einsatz ist, steht er auf seinen sch\u00fctzenden Metallf\u00fc\u00dfen sicher. Der Remotus ERA 150 kann drei Bewegungen in zwei Geschwindigkeiten sowie zwei Zusatzfunktionen steuern und kommuniziert auf dem Band 434 bis 434\u00a0MHz. Doppelte CPU f\u00fcr zus\u00e4tzliche Sicherheit Remotus ERA 150 verf\u00fcgt \u00fcber eine doppelte CPU, was die Sicherheit weiter erh\u00f6ht, auch f\u00fcr Bewegungen\/Funktionen. Au\u00dferdem verf\u00fcgt er \u00fcber einen aktiven Stopp, sodass der Empf\u00e4nger in unter 100\u00a0ms anh\u00e4lt. Der Remotus ERA 150 hat auch eine eingebaute Kippfunktion, die bedeutet, dass er bei einem eventuellen Sturz automatisch stoppt. Der gleiche Sender kann mehrere Objekte bewegen (Mehrkranbetrieb) und ein Objekt kann mit mehreren Sendern bewegt werden (Mehrfahrerbetrieb). \u00dcber die Duplexfunktion k\u00f6nnen Informationen an den Sender zur\u00fcckgeschickt werden. Konfigurierbares Display mit Alarmfunktion und eine spezielle Akkul\u00f6sung Remotus ERA150 hat ein klares Display, das auch bei starker Sonneneinstrahlung gut lesbar ist. Zudem verf\u00fcgt er \u00fcber eine Vibrationsfunktion und einen Summer, die sich \u00fcber das Displaymen\u00fc einzeln f\u00fcr unterschiedliche Alarmsituationen konfigurieren lassen. Im Men\u00fc kann man auch ausw\u00e4hlen, dass die Hintergrundbeleuchtung des Displays bei einem Alarm rot wird. Die Beckengurtsender verf\u00fcgen \u00fcber eine spezielle Akkul\u00f6sung, bei der dieser gut gesch\u00fctzt gegen Wasser und Staub in einem austauschbaren Modul sitzt, dessen Klappe sich mitten unter dem Sender befindet. Der Sender kann ohne Auswirkungen auf den Akku in hohem Wasser stehen. Einfach zu konfigurieren und funktional Die Tastenfunktionen, Frequenz, Abschaltzeit und \u00fcbrige\/aktuelle Funktionen werden \u00fcber die Tasten oder das Display konfiguriert. Der Remotus ERA 150 kann auch \u00fcber das von uns entwickelte Konfigurationswerkzeug konfiguriert werden. Seine Konfiguration wird auf einer CIM-Platine (Configuration Information Module) gespeichert. So kann die Konfiguration eines Senders ganz einfach auf einen anderen \u00fcberf\u00fchrt werden. W\u00e4hrend des Betriebs ist die CIM-Platine gesch\u00fctzt, aber f\u00fcr den Service leicht zug\u00e4nglich. Die Notausfunktion von Remotus entspricht PLd, Cat 3, EN ISO 13849-1.\" \/>\n<meta property=\"og:url\" content=\"https:\/\/akerstroms.se\/de\/produkt\/remotus-era-150\/\" \/>\n<meta property=\"og:site_name\" content=\"\u00c5kerstr\u00f6ms Bj\u00f6rbo\" \/>\n<meta property=\"article:publisher\" content=\"https:\/\/www.facebook.com\/akerstroms.se\" \/>\n<meta property=\"article:modified_time\" content=\"2021-10-19T13:58:56+00:00\" \/>\n<meta property=\"og:image\" content=\"https:\/\/akerstroms.se\/app\/uploads\/2021\/04\/Jupiter-ERA-150-1.jpg\" \/>\n\t<meta property=\"og:image:width\" content=\"930\" \/>\n\t<meta property=\"og:image:height\" content=\"1240\" \/>\n\t<meta property=\"og:image:type\" content=\"image\/jpeg\" \/>\n<meta name=\"twitter:card\" content=\"summary_large_image\" \/>\n<script type=\"application\/ld+json\" class=\"yoast-schema-graph\">{\"@context\":\"https:\\\/\\\/schema.org\",\"@graph\":[{\"@type\":\"WebPage\",\"@id\":\"https:\\\/\\\/akerstroms.se\\\/de\\\/produkt\\\/remotus-era-150\\\/\",\"url\":\"https:\\\/\\\/akerstroms.se\\\/de\\\/produkt\\\/remotus-era-150\\\/\",\"name\":\"Remotus ERA 150 - \u00c5kerstr\u00f6ms Bj\u00f6rbo\",\"isPartOf\":{\"@id\":\"https:\\\/\\\/akerstroms.se\\\/#website\"},\"primaryImageOfPage\":{\"@id\":\"https:\\\/\\\/akerstroms.se\\\/de\\\/produkt\\\/remotus-era-150\\\/#primaryimage\"},\"image\":{\"@id\":\"https:\\\/\\\/akerstroms.se\\\/de\\\/produkt\\\/remotus-era-150\\\/#primaryimage\"},\"thumbnailUrl\":\"https:\\\/\\\/akerstroms.se\\\/app\\\/uploads\\\/2021\\\/04\\\/Jupiter-ERA-150-1.jpg\",\"datePublished\":\"2021-09-27T05:58:39+00:00\",\"dateModified\":\"2021-10-19T13:58:56+00:00\",\"breadcrumb\":{\"@id\":\"https:\\\/\\\/akerstroms.se\\\/de\\\/produkt\\\/remotus-era-150\\\/#breadcrumb\"},\"inLanguage\":\"de\",\"potentialAction\":[{\"@type\":\"ReadAction\",\"target\":[\"https:\\\/\\\/akerstroms.se\\\/de\\\/produkt\\\/remotus-era-150\\\/\"]}]},{\"@type\":\"ImageObject\",\"inLanguage\":\"de\",\"@id\":\"https:\\\/\\\/akerstroms.se\\\/de\\\/produkt\\\/remotus-era-150\\\/#primaryimage\",\"url\":\"https:\\\/\\\/akerstroms.se\\\/app\\\/uploads\\\/2021\\\/04\\\/Jupiter-ERA-150-1.jpg\",\"contentUrl\":\"https:\\\/\\\/akerstroms.se\\\/app\\\/uploads\\\/2021\\\/04\\\/Jupiter-ERA-150-1.jpg\",\"width\":930,\"height\":1240,\"caption\":\"Jupiter ERA 150 Beckengurtsender\"},{\"@type\":\"BreadcrumbList\",\"@id\":\"https:\\\/\\\/akerstroms.se\\\/de\\\/produkt\\\/remotus-era-150\\\/#breadcrumb\",\"itemListElement\":[{\"@type\":\"ListItem\",\"position\":1,\"name\":\"Home\",\"item\":\"https:\\\/\\\/akerstroms.se\\\/de\\\/\"},{\"@type\":\"ListItem\",\"position\":2,\"name\":\"Shop\",\"item\":\"https:\\\/\\\/akerstroms.se\\\/de\\\/shop\\\/\"},{\"@type\":\"ListItem\",\"position\":3,\"name\":\"Remotus ERA 150\"}]},{\"@type\":\"WebSite\",\"@id\":\"https:\\\/\\\/akerstroms.se\\\/#website\",\"url\":\"https:\\\/\\\/akerstroms.se\\\/\",\"name\":\"\u00c5kerstr\u00f6ms Bj\u00f6rbo\",\"description\":\"Radiostyrning f\u00f6r industriella och mobila applikationer\",\"publisher\":{\"@id\":\"https:\\\/\\\/akerstroms.se\\\/#organization\"},\"potentialAction\":[{\"@type\":\"SearchAction\",\"target\":{\"@type\":\"EntryPoint\",\"urlTemplate\":\"https:\\\/\\\/akerstroms.se\\\/?s={search_term_string}\"},\"query-input\":{\"@type\":\"PropertyValueSpecification\",\"valueRequired\":true,\"valueName\":\"search_term_string\"}}],\"inLanguage\":\"de\"},{\"@type\":\"Organization\",\"@id\":\"https:\\\/\\\/akerstroms.se\\\/#organization\",\"name\":\"\u00c5kerstr\u00f6ms AB\",\"url\":\"https:\\\/\\\/akerstroms.se\\\/\",\"logo\":{\"@type\":\"ImageObject\",\"inLanguage\":\"de\",\"@id\":\"https:\\\/\\\/akerstroms.se\\\/#\\\/schema\\\/logo\\\/image\\\/\",\"url\":\"https:\\\/\\\/akerstroms.se\\\/app\\\/uploads\\\/2021\\\/10\\\/akerstroms-logo.png\",\"contentUrl\":\"https:\\\/\\\/akerstroms.se\\\/app\\\/uploads\\\/2021\\\/10\\\/akerstroms-logo.png\",\"width\":400,\"height\":86,\"caption\":\"\u00c5kerstr\u00f6ms AB\"},\"image\":{\"@id\":\"https:\\\/\\\/akerstroms.se\\\/#\\\/schema\\\/logo\\\/image\\\/\"},\"sameAs\":[\"https:\\\/\\\/www.facebook.com\\\/akerstroms.se\",\"https:\\\/\\\/www.linkedin.com\\\/company\\\/akerstroms\\\/\",\"https:\\\/\\\/www.youtube.com\\\/channel\\\/UC8S-jX9nA8c9qBaTlgqg1CQ\"]}]}<\/script>\n<!-- \/ Yoast SEO plugin. -->","yoast_head_json":{"title":"Remotus ERA 150 - \u00c5kerstr\u00f6ms Bj\u00f6rbo","robots":{"index":"index","follow":"follow","max-snippet":"max-snippet:-1","max-image-preview":"max-image-preview:large","max-video-preview":"max-video-preview:-1"},"canonical":"https:\/\/akerstroms.se\/de\/produkt\/remotus-era-150\/","og_locale":"de_DE","og_type":"article","og_title":"Remotus ERA 150 - \u00c5kerstr\u00f6ms Bj\u00f6rbo","og_description":"Sender mit Joystick f\u00fcr Kr\u00e4ne und Hebeb\u00fchnen Remotus ERA 150 ist ein Sender mit Joystick oder Paddles f\u00fcr Kr\u00e4ne und Hebeanwendungen. Er ist einfach in der Verwendung und sein Design ist gut durchdacht und robust. Die gummierten Handgriffe sorgen f\u00fcr einen guten Halt und selbst wenn er nicht im Einsatz ist, steht er auf seinen sch\u00fctzenden Metallf\u00fc\u00dfen sicher. Der Remotus ERA 150 kann drei Bewegungen in zwei Geschwindigkeiten sowie zwei Zusatzfunktionen steuern und kommuniziert auf dem Band 434 bis 434\u00a0MHz. Doppelte CPU f\u00fcr zus\u00e4tzliche Sicherheit Remotus ERA 150 verf\u00fcgt \u00fcber eine doppelte CPU, was die Sicherheit weiter erh\u00f6ht, auch f\u00fcr Bewegungen\/Funktionen. Au\u00dferdem verf\u00fcgt er \u00fcber einen aktiven Stopp, sodass der Empf\u00e4nger in unter 100\u00a0ms anh\u00e4lt. Der Remotus ERA 150 hat auch eine eingebaute Kippfunktion, die bedeutet, dass er bei einem eventuellen Sturz automatisch stoppt. Der gleiche Sender kann mehrere Objekte bewegen (Mehrkranbetrieb) und ein Objekt kann mit mehreren Sendern bewegt werden (Mehrfahrerbetrieb). \u00dcber die Duplexfunktion k\u00f6nnen Informationen an den Sender zur\u00fcckgeschickt werden. Konfigurierbares Display mit Alarmfunktion und eine spezielle Akkul\u00f6sung Remotus ERA150 hat ein klares Display, das auch bei starker Sonneneinstrahlung gut lesbar ist. Zudem verf\u00fcgt er \u00fcber eine Vibrationsfunktion und einen Summer, die sich \u00fcber das Displaymen\u00fc einzeln f\u00fcr unterschiedliche Alarmsituationen konfigurieren lassen. Im Men\u00fc kann man auch ausw\u00e4hlen, dass die Hintergrundbeleuchtung des Displays bei einem Alarm rot wird. Die Beckengurtsender verf\u00fcgen \u00fcber eine spezielle Akkul\u00f6sung, bei der dieser gut gesch\u00fctzt gegen Wasser und Staub in einem austauschbaren Modul sitzt, dessen Klappe sich mitten unter dem Sender befindet. Der Sender kann ohne Auswirkungen auf den Akku in hohem Wasser stehen. Einfach zu konfigurieren und funktional Die Tastenfunktionen, Frequenz, Abschaltzeit und \u00fcbrige\/aktuelle Funktionen werden \u00fcber die Tasten oder das Display konfiguriert. Der Remotus ERA 150 kann auch \u00fcber das von uns entwickelte Konfigurationswerkzeug konfiguriert werden. Seine Konfiguration wird auf einer CIM-Platine (Configuration Information Module) gespeichert. So kann die Konfiguration eines Senders ganz einfach auf einen anderen \u00fcberf\u00fchrt werden. W\u00e4hrend des Betriebs ist die CIM-Platine gesch\u00fctzt, aber f\u00fcr den Service leicht zug\u00e4nglich. Die Notausfunktion von Remotus entspricht PLd, Cat 3, EN ISO 13849-1.","og_url":"https:\/\/akerstroms.se\/de\/produkt\/remotus-era-150\/","og_site_name":"\u00c5kerstr\u00f6ms Bj\u00f6rbo","article_publisher":"https:\/\/www.facebook.com\/akerstroms.se","article_modified_time":"2021-10-19T13:58:56+00:00","og_image":[{"width":930,"height":1240,"url":"https:\/\/akerstroms.se\/app\/uploads\/2021\/04\/Jupiter-ERA-150-1.jpg","type":"image\/jpeg"}],"twitter_card":"summary_large_image","schema":{"@context":"https:\/\/schema.org","@graph":[{"@type":"WebPage","@id":"https:\/\/akerstroms.se\/de\/produkt\/remotus-era-150\/","url":"https:\/\/akerstroms.se\/de\/produkt\/remotus-era-150\/","name":"Remotus ERA 150 - \u00c5kerstr\u00f6ms Bj\u00f6rbo","isPartOf":{"@id":"https:\/\/akerstroms.se\/#website"},"primaryImageOfPage":{"@id":"https:\/\/akerstroms.se\/de\/produkt\/remotus-era-150\/#primaryimage"},"image":{"@id":"https:\/\/akerstroms.se\/de\/produkt\/remotus-era-150\/#primaryimage"},"thumbnailUrl":"https:\/\/akerstroms.se\/app\/uploads\/2021\/04\/Jupiter-ERA-150-1.jpg","datePublished":"2021-09-27T05:58:39+00:00","dateModified":"2021-10-19T13:58:56+00:00","breadcrumb":{"@id":"https:\/\/akerstroms.se\/de\/produkt\/remotus-era-150\/#breadcrumb"},"inLanguage":"de","potentialAction":[{"@type":"ReadAction","target":["https:\/\/akerstroms.se\/de\/produkt\/remotus-era-150\/"]}]},{"@type":"ImageObject","inLanguage":"de","@id":"https:\/\/akerstroms.se\/de\/produkt\/remotus-era-150\/#primaryimage","url":"https:\/\/akerstroms.se\/app\/uploads\/2021\/04\/Jupiter-ERA-150-1.jpg","contentUrl":"https:\/\/akerstroms.se\/app\/uploads\/2021\/04\/Jupiter-ERA-150-1.jpg","width":930,"height":1240,"caption":"Jupiter ERA 150 Beckengurtsender"},{"@type":"BreadcrumbList","@id":"https:\/\/akerstroms.se\/de\/produkt\/remotus-era-150\/#breadcrumb","itemListElement":[{"@type":"ListItem","position":1,"name":"Home","item":"https:\/\/akerstroms.se\/de\/"},{"@type":"ListItem","position":2,"name":"Shop","item":"https:\/\/akerstroms.se\/de\/shop\/"},{"@type":"ListItem","position":3,"name":"Remotus ERA 150"}]},{"@type":"WebSite","@id":"https:\/\/akerstroms.se\/#website","url":"https:\/\/akerstroms.se\/","name":"\u00c5kerstr\u00f6ms Bj\u00f6rbo","description":"Radiostyrning f\u00f6r industriella och mobila applikationer","publisher":{"@id":"https:\/\/akerstroms.se\/#organization"},"potentialAction":[{"@type":"SearchAction","target":{"@type":"EntryPoint","urlTemplate":"https:\/\/akerstroms.se\/?s={search_term_string}"},"query-input":{"@type":"PropertyValueSpecification","valueRequired":true,"valueName":"search_term_string"}}],"inLanguage":"de"},{"@type":"Organization","@id":"https:\/\/akerstroms.se\/#organization","name":"\u00c5kerstr\u00f6ms AB","url":"https:\/\/akerstroms.se\/","logo":{"@type":"ImageObject","inLanguage":"de","@id":"https:\/\/akerstroms.se\/#\/schema\/logo\/image\/","url":"https:\/\/akerstroms.se\/app\/uploads\/2021\/10\/akerstroms-logo.png","contentUrl":"https:\/\/akerstroms.se\/app\/uploads\/2021\/10\/akerstroms-logo.png","width":400,"height":86,"caption":"\u00c5kerstr\u00f6ms AB"},"image":{"@id":"https:\/\/akerstroms.se\/#\/schema\/logo\/image\/"},"sameAs":["https:\/\/www.facebook.com\/akerstroms.se","https:\/\/www.linkedin.com\/company\/akerstroms\/","https:\/\/www.youtube.com\/channel\/UC8S-jX9nA8c9qBaTlgqg1CQ"]}]}},"_links":{"self":[{"href":"https:\/\/akerstroms.se\/de\/wp-json\/wp\/v2\/product\/9704","targetHints":{"allow":["GET"]}}],"collection":[{"href":"https:\/\/akerstroms.se\/de\/wp-json\/wp\/v2\/product"}],"about":[{"href":"https:\/\/akerstroms.se\/de\/wp-json\/wp\/v2\/types\/product"}],"wp:featuredmedia":[{"embeddable":true,"href":"https:\/\/akerstroms.se\/de\/wp-json\/wp\/v2\/media\/10122"}],"wp:attachment":[{"href":"https:\/\/akerstroms.se\/de\/wp-json\/wp\/v2\/media?parent=9704"}],"wp:term":[{"taxonomy":"product_brand","embeddable":true,"href":"https:\/\/akerstroms.se\/de\/wp-json\/wp\/v2\/product_brand?post=9704"},{"taxonomy":"product_cat","embeddable":true,"href":"https:\/\/akerstroms.se\/de\/wp-json\/wp\/v2\/product_cat?post=9704"},{"taxonomy":"product_tag","embeddable":true,"href":"https:\/\/akerstroms.se\/de\/wp-json\/wp\/v2\/product_tag?post=9704"}],"curies":[{"name":"wp","href":"https:\/\/api.w.org\/{rel}","templated":true}]}}