{"id":9686,"date":"2021-03-17T10:25:30","date_gmt":"2021-03-17T09:25:30","guid":{"rendered":"https:\/\/akerstroms.se\/product\/bedienbeschriftung-t-rx200p-d\/"},"modified":"2024-04-17T21:09:56","modified_gmt":"2024-04-17T19:09:56","slug":"bedienbeschriftung-t-rx200p-d","status":"publish","type":"product","link":"https:\/\/akerstroms.se\/de\/produkt\/bedienbeschriftung-t-rx200p-d\/","title":{"rendered":"BEDIENBESCHRIFTUNG T-RX200P\/D"},"content":{"rendered":"","protected":false},"excerpt":{"rendered":"","protected":false},"featured_media":3131,"template":"","meta":{"_acf_changed":false},"product_brand":[],"product_cat":[278],"product_tag":[],"class_list":{"0":"post-9686","1":"product","2":"type-product","3":"status-publish","4":"has-post-thumbnail","6":"product_cat-beschriftungen","8":"first","9":"instock","10":"purchasable","11":"product-type-simple"},"acf":[],"yoast_head":"<!-- This site is optimized with the Yoast SEO plugin v27.1.1 - https:\/\/yoast.com\/product\/yoast-seo-wordpress\/ -->\n<title>BEDIENBESCHRIFTUNG T-RX200P\/D - \u00c5kerstr\u00f6ms Bj\u00f6rbo<\/title>\n<meta name=\"robots\" content=\"index, follow, max-snippet:-1, max-image-preview:large, max-video-preview:-1\" \/>\n<link rel=\"canonical\" href=\"https:\/\/akerstroms.se\/de\/produkt\/bedienbeschriftung-t-rx200p-d\/\" \/>\n<meta property=\"og:locale\" content=\"de_DE\" \/>\n<meta property=\"og:type\" content=\"article\" \/>\n<meta property=\"og:title\" content=\"BEDIENBESCHRIFTUNG T-RX200P\/D - \u00c5kerstr\u00f6ms Bj\u00f6rbo\" \/>\n<meta property=\"og:url\" content=\"https:\/\/akerstroms.se\/de\/produkt\/bedienbeschriftung-t-rx200p-d\/\" \/>\n<meta property=\"og:site_name\" content=\"\u00c5kerstr\u00f6ms Bj\u00f6rbo\" \/>\n<meta property=\"article:publisher\" content=\"https:\/\/www.facebook.com\/akerstroms.se\" \/>\n<meta property=\"article:modified_time\" content=\"2024-04-17T19:09:56+00:00\" \/>\n<meta property=\"og:image\" content=\"https:\/\/akerstroms.se\/app\/uploads\/2021\/03\/946311-000.jpg\" \/>\n\t<meta property=\"og:image:width\" content=\"700\" \/>\n\t<meta property=\"og:image:height\" content=\"321\" \/>\n\t<meta property=\"og:image:type\" content=\"image\/jpeg\" \/>\n<meta name=\"twitter:card\" content=\"summary_large_image\" \/>\n<script type=\"application\/ld+json\" class=\"yoast-schema-graph\">{\"@context\":\"https:\/\/schema.org\",\"@graph\":[{\"@type\":\"WebPage\",\"@id\":\"https:\/\/akerstroms.se\/de\/produkt\/bedienbeschriftung-t-rx200p-d\/\",\"url\":\"https:\/\/akerstroms.se\/de\/produkt\/bedienbeschriftung-t-rx200p-d\/\",\"name\":\"BEDIENBESCHRIFTUNG T-RX200P\/D - \u00c5kerstr\u00f6ms Bj\u00f6rbo\",\"isPartOf\":{\"@id\":\"https:\/\/akerstroms.se\/#website\"},\"primaryImageOfPage\":{\"@id\":\"https:\/\/akerstroms.se\/de\/produkt\/bedienbeschriftung-t-rx200p-d\/#primaryimage\"},\"image\":{\"@id\":\"https:\/\/akerstroms.se\/de\/produkt\/bedienbeschriftung-t-rx200p-d\/#primaryimage\"},\"thumbnailUrl\":\"https:\/\/akerstroms.se\/app\/uploads\/2021\/03\/946311-000.jpg\",\"datePublished\":\"2021-03-17T09:25:30+00:00\",\"dateModified\":\"2024-04-17T19:09:56+00:00\",\"breadcrumb\":{\"@id\":\"https:\/\/akerstroms.se\/de\/produkt\/bedienbeschriftung-t-rx200p-d\/#breadcrumb\"},\"inLanguage\":\"de\",\"potentialAction\":[{\"@type\":\"ReadAction\",\"target\":[\"https:\/\/akerstroms.se\/de\/produkt\/bedienbeschriftung-t-rx200p-d\/\"]}]},{\"@type\":\"ImageObject\",\"inLanguage\":\"de\",\"@id\":\"https:\/\/akerstroms.se\/de\/produkt\/bedienbeschriftung-t-rx200p-d\/#primaryimage\",\"url\":\"https:\/\/akerstroms.se\/app\/uploads\/2021\/03\/946311-000.jpg\",\"contentUrl\":\"https:\/\/akerstroms.se\/app\/uploads\/2021\/03\/946311-000.jpg\",\"width\":700,\"height\":321},{\"@type\":\"BreadcrumbList\",\"@id\":\"https:\/\/akerstroms.se\/de\/produkt\/bedienbeschriftung-t-rx200p-d\/#breadcrumb\",\"itemListElement\":[{\"@type\":\"ListItem\",\"position\":1,\"name\":\"Home\",\"item\":\"https:\/\/akerstroms.se\/de\/\"},{\"@type\":\"ListItem\",\"position\":2,\"name\":\"Shop\",\"item\":\"https:\/\/akerstroms.se\/de\/shop\/\"},{\"@type\":\"ListItem\",\"position\":3,\"name\":\"BEDIENBESCHRIFTUNG T-RX200P\/D\"}]},{\"@type\":\"WebSite\",\"@id\":\"https:\/\/akerstroms.se\/#website\",\"url\":\"https:\/\/akerstroms.se\/\",\"name\":\"\u00c5kerstr\u00f6ms Bj\u00f6rbo\",\"description\":\"Radiostyrning f\u00f6r industriella och mobila applikationer\",\"publisher\":{\"@id\":\"https:\/\/akerstroms.se\/#organization\"},\"potentialAction\":[{\"@type\":\"SearchAction\",\"target\":{\"@type\":\"EntryPoint\",\"urlTemplate\":\"https:\/\/akerstroms.se\/?s={search_term_string}\"},\"query-input\":{\"@type\":\"PropertyValueSpecification\",\"valueRequired\":true,\"valueName\":\"search_term_string\"}}],\"inLanguage\":\"de\"},{\"@type\":\"Organization\",\"@id\":\"https:\/\/akerstroms.se\/#organization\",\"name\":\"\u00c5kerstr\u00f6ms AB\",\"url\":\"https:\/\/akerstroms.se\/\",\"logo\":{\"@type\":\"ImageObject\",\"inLanguage\":\"de\",\"@id\":\"https:\/\/akerstroms.se\/#\/schema\/logo\/image\/\",\"url\":\"https:\/\/akerstroms.se\/app\/uploads\/2021\/10\/akerstroms-logo.png\",\"contentUrl\":\"https:\/\/akerstroms.se\/app\/uploads\/2021\/10\/akerstroms-logo.png\",\"width\":400,\"height\":86,\"caption\":\"\u00c5kerstr\u00f6ms AB\"},\"image\":{\"@id\":\"https:\/\/akerstroms.se\/#\/schema\/logo\/image\/\"},\"sameAs\":[\"https:\/\/www.facebook.com\/akerstroms.se\",\"https:\/\/www.linkedin.com\/company\/akerstroms\/\",\"https:\/\/www.youtube.com\/channel\/UC8S-jX9nA8c9qBaTlgqg1CQ\"]}]}<\/script>\n<!-- \/ Yoast SEO plugin. -->","yoast_head_json":{"title":"BEDIENBESCHRIFTUNG T-RX200P\/D - \u00c5kerstr\u00f6ms Bj\u00f6rbo","robots":{"index":"index","follow":"follow","max-snippet":"max-snippet:-1","max-image-preview":"max-image-preview:large","max-video-preview":"max-video-preview:-1"},"canonical":"https:\/\/akerstroms.se\/de\/produkt\/bedienbeschriftung-t-rx200p-d\/","og_locale":"de_DE","og_type":"article","og_title":"BEDIENBESCHRIFTUNG T-RX200P\/D - \u00c5kerstr\u00f6ms Bj\u00f6rbo","og_url":"https:\/\/akerstroms.se\/de\/produkt\/bedienbeschriftung-t-rx200p-d\/","og_site_name":"\u00c5kerstr\u00f6ms Bj\u00f6rbo","article_publisher":"https:\/\/www.facebook.com\/akerstroms.se","article_modified_time":"2024-04-17T19:09:56+00:00","og_image":[{"width":700,"height":321,"url":"https:\/\/akerstroms.se\/app\/uploads\/2021\/03\/946311-000.jpg","type":"image\/jpeg"}],"twitter_card":"summary_large_image","schema":{"@context":"https:\/\/schema.org","@graph":[{"@type":"WebPage","@id":"https:\/\/akerstroms.se\/de\/produkt\/bedienbeschriftung-t-rx200p-d\/","url":"https:\/\/akerstroms.se\/de\/produkt\/bedienbeschriftung-t-rx200p-d\/","name":"BEDIENBESCHRIFTUNG T-RX200P\/D - \u00c5kerstr\u00f6ms Bj\u00f6rbo","isPartOf":{"@id":"https:\/\/akerstroms.se\/#website"},"primaryImageOfPage":{"@id":"https:\/\/akerstroms.se\/de\/produkt\/bedienbeschriftung-t-rx200p-d\/#primaryimage"},"image":{"@id":"https:\/\/akerstroms.se\/de\/produkt\/bedienbeschriftung-t-rx200p-d\/#primaryimage"},"thumbnailUrl":"https:\/\/akerstroms.se\/app\/uploads\/2021\/03\/946311-000.jpg","datePublished":"2021-03-17T09:25:30+00:00","dateModified":"2024-04-17T19:09:56+00:00","breadcrumb":{"@id":"https:\/\/akerstroms.se\/de\/produkt\/bedienbeschriftung-t-rx200p-d\/#breadcrumb"},"inLanguage":"de","potentialAction":[{"@type":"ReadAction","target":["https:\/\/akerstroms.se\/de\/produkt\/bedienbeschriftung-t-rx200p-d\/"]}]},{"@type":"ImageObject","inLanguage":"de","@id":"https:\/\/akerstroms.se\/de\/produkt\/bedienbeschriftung-t-rx200p-d\/#primaryimage","url":"https:\/\/akerstroms.se\/app\/uploads\/2021\/03\/946311-000.jpg","contentUrl":"https:\/\/akerstroms.se\/app\/uploads\/2021\/03\/946311-000.jpg","width":700,"height":321},{"@type":"BreadcrumbList","@id":"https:\/\/akerstroms.se\/de\/produkt\/bedienbeschriftung-t-rx200p-d\/#breadcrumb","itemListElement":[{"@type":"ListItem","position":1,"name":"Home","item":"https:\/\/akerstroms.se\/de\/"},{"@type":"ListItem","position":2,"name":"Shop","item":"https:\/\/akerstroms.se\/de\/shop\/"},{"@type":"ListItem","position":3,"name":"BEDIENBESCHRIFTUNG T-RX200P\/D"}]},{"@type":"WebSite","@id":"https:\/\/akerstroms.se\/#website","url":"https:\/\/akerstroms.se\/","name":"\u00c5kerstr\u00f6ms Bj\u00f6rbo","description":"Radiostyrning f\u00f6r industriella och mobila applikationer","publisher":{"@id":"https:\/\/akerstroms.se\/#organization"},"potentialAction":[{"@type":"SearchAction","target":{"@type":"EntryPoint","urlTemplate":"https:\/\/akerstroms.se\/?s={search_term_string}"},"query-input":{"@type":"PropertyValueSpecification","valueRequired":true,"valueName":"search_term_string"}}],"inLanguage":"de"},{"@type":"Organization","@id":"https:\/\/akerstroms.se\/#organization","name":"\u00c5kerstr\u00f6ms AB","url":"https:\/\/akerstroms.se\/","logo":{"@type":"ImageObject","inLanguage":"de","@id":"https:\/\/akerstroms.se\/#\/schema\/logo\/image\/","url":"https:\/\/akerstroms.se\/app\/uploads\/2021\/10\/akerstroms-logo.png","contentUrl":"https:\/\/akerstroms.se\/app\/uploads\/2021\/10\/akerstroms-logo.png","width":400,"height":86,"caption":"\u00c5kerstr\u00f6ms AB"},"image":{"@id":"https:\/\/akerstroms.se\/#\/schema\/logo\/image\/"},"sameAs":["https:\/\/www.facebook.com\/akerstroms.se","https:\/\/www.linkedin.com\/company\/akerstroms\/","https:\/\/www.youtube.com\/channel\/UC8S-jX9nA8c9qBaTlgqg1CQ"]}]}},"_links":{"self":[{"href":"https:\/\/akerstroms.se\/de\/wp-json\/wp\/v2\/product\/9686","targetHints":{"allow":["GET"]}}],"collection":[{"href":"https:\/\/akerstroms.se\/de\/wp-json\/wp\/v2\/product"}],"about":[{"href":"https:\/\/akerstroms.se\/de\/wp-json\/wp\/v2\/types\/product"}],"wp:featuredmedia":[{"embeddable":true,"href":"https:\/\/akerstroms.se\/de\/wp-json\/wp\/v2\/media\/3131"}],"wp:attachment":[{"href":"https:\/\/akerstroms.se\/de\/wp-json\/wp\/v2\/media?parent=9686"}],"wp:term":[{"taxonomy":"product_brand","embeddable":true,"href":"https:\/\/akerstroms.se\/de\/wp-json\/wp\/v2\/product_brand?post=9686"},{"taxonomy":"product_cat","embeddable":true,"href":"https:\/\/akerstroms.se\/de\/wp-json\/wp\/v2\/product_cat?post=9686"},{"taxonomy":"product_tag","embeddable":true,"href":"https:\/\/akerstroms.se\/de\/wp-json\/wp\/v2\/product_tag?post=9686"}],"curies":[{"name":"wp","href":"https:\/\/api.w.org\/{rel}","templated":true}]}}