{"id":22312,"date":"2025-05-19T09:24:09","date_gmt":"2025-05-19T07:24:09","guid":{"rendered":"https:\/\/akerstroms.se\/?post_type=product&#038;p=22312"},"modified":"2025-05-19T10:32:41","modified_gmt":"2025-05-19T08:32:41","slug":"sesam-800-rx-kopia","status":"publish","type":"product","link":"https:\/\/akerstroms.se\/de\/produkt\/sesam-800-rx-kopia\/","title":{"rendered":"Sesam 800 RX (230V)"},"content":{"rendered":"","protected":false},"excerpt":{"rendered":"<h3>Sesam 800 Wandempf\u00e4nger<\/h3>\n<p>Wandempf\u00e4nger mit drei Funktionsausg\u00e4ngen in stabilem Kunststoffgeh\u00e4use f\u00fcr die industrielle Nutzung. Das Geh\u00e4use hat die Schutzart IP65 und ist damit gegen Feuchtigkeit und Staub gesch\u00fctzt. Unterst\u00fctzt bis zu 100 unterschiedliche Sender. Anschlussspannung von 12-24 V AC\/DC. Im Lieferumfang ist eine Antenne mit BNC-Kontakt enthalten.<\/p>\n","protected":false},"featured_media":21591,"template":"","meta":{"_acf_changed":false},"product_brand":[],"product_cat":[156,166],"product_tag":[177,173],"class_list":{"0":"post-22312","1":"product","2":"type-product","3":"status-publish","4":"has-post-thumbnail","6":"product_cat-empfanger-de-2","7":"product_cat-sesam-de","8":"product_tag-sonstige-steuerungen-de","9":"product_tag-turen-tore-und-schranken-de","11":"first","12":"instock","13":"shipping-taxable","14":"purchasable","15":"product-type-simple"},"acf":[],"yoast_head":"<!-- This site is optimized with the Yoast SEO plugin v27.4 - https:\/\/yoast.com\/product\/yoast-seo-wordpress\/ -->\n<title>Sesam 800 RX (230V) - \u00c5kerstr\u00f6ms Bj\u00f6rbo<\/title>\n<meta name=\"description\" content=\"Wandempf\u00e4nger mit drei Funktionsausg\u00e4ngen in stabilem Kunststoffgeh\u00e4use, das auch starke Beanspruchung und raue Bedingungen aush\u00e4lt. IP65, 12\u00a0V AC\/DC oder 230\u00a0V AC.\" \/>\n<meta name=\"robots\" content=\"index, follow, max-snippet:-1, max-image-preview:large, max-video-preview:-1\" \/>\n<link rel=\"canonical\" href=\"https:\/\/akerstroms.se\/de\/produkt\/sesam-800-rx-kopia\/\" \/>\n<meta property=\"og:locale\" content=\"de_DE\" \/>\n<meta property=\"og:type\" content=\"article\" \/>\n<meta property=\"og:title\" content=\"Sesam 800 RX (230V) - \u00c5kerstr\u00f6ms Bj\u00f6rbo\" \/>\n<meta property=\"og:description\" content=\"Wandempf\u00e4nger mit drei Funktionsausg\u00e4ngen in stabilem Kunststoffgeh\u00e4use, das auch starke Beanspruchung und raue Bedingungen aush\u00e4lt. IP65, 12\u00a0V AC\/DC oder 230\u00a0V AC.\" \/>\n<meta property=\"og:url\" content=\"https:\/\/akerstroms.se\/de\/produkt\/sesam-800-rx-kopia\/\" \/>\n<meta property=\"og:site_name\" content=\"\u00c5kerstr\u00f6ms Bj\u00f6rbo\" \/>\n<meta property=\"article:publisher\" content=\"https:\/\/www.facebook.com\/akerstroms.se\" \/>\n<meta property=\"article:modified_time\" content=\"2025-05-19T08:32:41+00:00\" \/>\n<meta property=\"og:image\" content=\"https:\/\/akerstroms.se\/app\/uploads\/2021\/05\/Sesam-800-RX.png\" \/>\n\t<meta property=\"og:image:width\" content=\"1\" \/>\n\t<meta property=\"og:image:height\" content=\"1\" \/>\n\t<meta property=\"og:image:type\" content=\"image\/png\" \/>\n<meta name=\"twitter:card\" content=\"summary_large_image\" \/>\n<meta name=\"twitter:label1\" content=\"Gesch\u00e4tzte Lesezeit\" \/>\n\t<meta name=\"twitter:data1\" content=\"1\u00a0Minute\" \/>\n<script type=\"application\/ld+json\" class=\"yoast-schema-graph\">{\"@context\":\"https:\\\/\\\/schema.org\",\"@graph\":[{\"@type\":\"WebPage\",\"@id\":\"https:\\\/\\\/akerstroms.se\\\/de\\\/produkt\\\/sesam-800-rx-kopia\\\/\",\"url\":\"https:\\\/\\\/akerstroms.se\\\/de\\\/produkt\\\/sesam-800-rx-kopia\\\/\",\"name\":\"Sesam 800 RX (230V) - \u00c5kerstr\u00f6ms Bj\u00f6rbo\",\"isPartOf\":{\"@id\":\"https:\\\/\\\/akerstroms.se\\\/#website\"},\"primaryImageOfPage\":{\"@id\":\"https:\\\/\\\/akerstroms.se\\\/de\\\/produkt\\\/sesam-800-rx-kopia\\\/#primaryimage\"},\"image\":{\"@id\":\"https:\\\/\\\/akerstroms.se\\\/de\\\/produkt\\\/sesam-800-rx-kopia\\\/#primaryimage\"},\"thumbnailUrl\":\"https:\\\/\\\/akerstroms.se\\\/app\\\/uploads\\\/2021\\\/05\\\/Sesam-800-RX-scaled.png\",\"datePublished\":\"2025-05-19T07:24:09+00:00\",\"dateModified\":\"2025-05-19T08:32:41+00:00\",\"description\":\"Wandempf\u00e4nger mit drei Funktionsausg\u00e4ngen in stabilem Kunststoffgeh\u00e4use, das auch starke Beanspruchung und raue Bedingungen aush\u00e4lt. IP65, 12\u00a0V AC\\\/DC oder 230\u00a0V AC.\",\"breadcrumb\":{\"@id\":\"https:\\\/\\\/akerstroms.se\\\/de\\\/produkt\\\/sesam-800-rx-kopia\\\/#breadcrumb\"},\"inLanguage\":\"de\",\"potentialAction\":[{\"@type\":\"ReadAction\",\"target\":[\"https:\\\/\\\/akerstroms.se\\\/de\\\/produkt\\\/sesam-800-rx-kopia\\\/\"]}]},{\"@type\":\"ImageObject\",\"inLanguage\":\"de\",\"@id\":\"https:\\\/\\\/akerstroms.se\\\/de\\\/produkt\\\/sesam-800-rx-kopia\\\/#primaryimage\",\"url\":\"https:\\\/\\\/akerstroms.se\\\/app\\\/uploads\\\/2021\\\/05\\\/Sesam-800-RX-scaled.png\",\"contentUrl\":\"https:\\\/\\\/akerstroms.se\\\/app\\\/uploads\\\/2021\\\/05\\\/Sesam-800-RX-scaled.png\",\"width\":2179,\"height\":2560},{\"@type\":\"BreadcrumbList\",\"@id\":\"https:\\\/\\\/akerstroms.se\\\/de\\\/produkt\\\/sesam-800-rx-kopia\\\/#breadcrumb\",\"itemListElement\":[{\"@type\":\"ListItem\",\"position\":1,\"name\":\"Home\",\"item\":\"https:\\\/\\\/akerstroms.se\\\/de\\\/\"},{\"@type\":\"ListItem\",\"position\":2,\"name\":\"Shop\",\"item\":\"https:\\\/\\\/akerstroms.se\\\/de\\\/shop\\\/\"},{\"@type\":\"ListItem\",\"position\":3,\"name\":\"Sesam 800 RX (230V)\"}]},{\"@type\":\"WebSite\",\"@id\":\"https:\\\/\\\/akerstroms.se\\\/#website\",\"url\":\"https:\\\/\\\/akerstroms.se\\\/\",\"name\":\"\u00c5kerstr\u00f6ms Bj\u00f6rbo\",\"description\":\"Radiostyrning f\u00f6r industriella och mobila applikationer\",\"publisher\":{\"@id\":\"https:\\\/\\\/akerstroms.se\\\/#organization\"},\"potentialAction\":[{\"@type\":\"SearchAction\",\"target\":{\"@type\":\"EntryPoint\",\"urlTemplate\":\"https:\\\/\\\/akerstroms.se\\\/?s={search_term_string}\"},\"query-input\":{\"@type\":\"PropertyValueSpecification\",\"valueRequired\":true,\"valueName\":\"search_term_string\"}}],\"inLanguage\":\"de\"},{\"@type\":\"Organization\",\"@id\":\"https:\\\/\\\/akerstroms.se\\\/#organization\",\"name\":\"\u00c5kerstr\u00f6ms AB\",\"url\":\"https:\\\/\\\/akerstroms.se\\\/\",\"logo\":{\"@type\":\"ImageObject\",\"inLanguage\":\"de\",\"@id\":\"https:\\\/\\\/akerstroms.se\\\/#\\\/schema\\\/logo\\\/image\\\/\",\"url\":\"https:\\\/\\\/akerstroms.se\\\/app\\\/uploads\\\/2021\\\/10\\\/akerstroms-logo.png\",\"contentUrl\":\"https:\\\/\\\/akerstroms.se\\\/app\\\/uploads\\\/2021\\\/10\\\/akerstroms-logo.png\",\"width\":400,\"height\":86,\"caption\":\"\u00c5kerstr\u00f6ms AB\"},\"image\":{\"@id\":\"https:\\\/\\\/akerstroms.se\\\/#\\\/schema\\\/logo\\\/image\\\/\"},\"sameAs\":[\"https:\\\/\\\/www.facebook.com\\\/akerstroms.se\",\"https:\\\/\\\/www.linkedin.com\\\/company\\\/akerstroms\\\/\",\"https:\\\/\\\/www.youtube.com\\\/channel\\\/UC8S-jX9nA8c9qBaTlgqg1CQ\"]}]}<\/script>\n<!-- \/ Yoast SEO plugin. -->","yoast_head_json":{"title":"Sesam 800 RX (230V) - \u00c5kerstr\u00f6ms Bj\u00f6rbo","description":"Wandempf\u00e4nger mit drei Funktionsausg\u00e4ngen in stabilem Kunststoffgeh\u00e4use, das auch starke Beanspruchung und raue Bedingungen aush\u00e4lt. IP65, 12\u00a0V AC\/DC oder 230\u00a0V AC.","robots":{"index":"index","follow":"follow","max-snippet":"max-snippet:-1","max-image-preview":"max-image-preview:large","max-video-preview":"max-video-preview:-1"},"canonical":"https:\/\/akerstroms.se\/de\/produkt\/sesam-800-rx-kopia\/","og_locale":"de_DE","og_type":"article","og_title":"Sesam 800 RX (230V) - \u00c5kerstr\u00f6ms Bj\u00f6rbo","og_description":"Wandempf\u00e4nger mit drei Funktionsausg\u00e4ngen in stabilem Kunststoffgeh\u00e4use, das auch starke Beanspruchung und raue Bedingungen aush\u00e4lt. IP65, 12\u00a0V AC\/DC oder 230\u00a0V AC.","og_url":"https:\/\/akerstroms.se\/de\/produkt\/sesam-800-rx-kopia\/","og_site_name":"\u00c5kerstr\u00f6ms Bj\u00f6rbo","article_publisher":"https:\/\/www.facebook.com\/akerstroms.se","article_modified_time":"2025-05-19T08:32:41+00:00","og_image":[{"url":"https:\/\/akerstroms.se\/app\/uploads\/2021\/05\/Sesam-800-RX.png","width":1,"height":1,"type":"image\/png"}],"twitter_card":"summary_large_image","twitter_misc":{"Gesch\u00e4tzte Lesezeit":"1\u00a0Minute"},"schema":{"@context":"https:\/\/schema.org","@graph":[{"@type":"WebPage","@id":"https:\/\/akerstroms.se\/de\/produkt\/sesam-800-rx-kopia\/","url":"https:\/\/akerstroms.se\/de\/produkt\/sesam-800-rx-kopia\/","name":"Sesam 800 RX (230V) - \u00c5kerstr\u00f6ms Bj\u00f6rbo","isPartOf":{"@id":"https:\/\/akerstroms.se\/#website"},"primaryImageOfPage":{"@id":"https:\/\/akerstroms.se\/de\/produkt\/sesam-800-rx-kopia\/#primaryimage"},"image":{"@id":"https:\/\/akerstroms.se\/de\/produkt\/sesam-800-rx-kopia\/#primaryimage"},"thumbnailUrl":"https:\/\/akerstroms.se\/app\/uploads\/2021\/05\/Sesam-800-RX-scaled.png","datePublished":"2025-05-19T07:24:09+00:00","dateModified":"2025-05-19T08:32:41+00:00","description":"Wandempf\u00e4nger mit drei Funktionsausg\u00e4ngen in stabilem Kunststoffgeh\u00e4use, das auch starke Beanspruchung und raue Bedingungen aush\u00e4lt. IP65, 12\u00a0V AC\/DC oder 230\u00a0V AC.","breadcrumb":{"@id":"https:\/\/akerstroms.se\/de\/produkt\/sesam-800-rx-kopia\/#breadcrumb"},"inLanguage":"de","potentialAction":[{"@type":"ReadAction","target":["https:\/\/akerstroms.se\/de\/produkt\/sesam-800-rx-kopia\/"]}]},{"@type":"ImageObject","inLanguage":"de","@id":"https:\/\/akerstroms.se\/de\/produkt\/sesam-800-rx-kopia\/#primaryimage","url":"https:\/\/akerstroms.se\/app\/uploads\/2021\/05\/Sesam-800-RX-scaled.png","contentUrl":"https:\/\/akerstroms.se\/app\/uploads\/2021\/05\/Sesam-800-RX-scaled.png","width":2179,"height":2560},{"@type":"BreadcrumbList","@id":"https:\/\/akerstroms.se\/de\/produkt\/sesam-800-rx-kopia\/#breadcrumb","itemListElement":[{"@type":"ListItem","position":1,"name":"Home","item":"https:\/\/akerstroms.se\/de\/"},{"@type":"ListItem","position":2,"name":"Shop","item":"https:\/\/akerstroms.se\/de\/shop\/"},{"@type":"ListItem","position":3,"name":"Sesam 800 RX (230V)"}]},{"@type":"WebSite","@id":"https:\/\/akerstroms.se\/#website","url":"https:\/\/akerstroms.se\/","name":"\u00c5kerstr\u00f6ms Bj\u00f6rbo","description":"Radiostyrning f\u00f6r industriella och mobila applikationer","publisher":{"@id":"https:\/\/akerstroms.se\/#organization"},"potentialAction":[{"@type":"SearchAction","target":{"@type":"EntryPoint","urlTemplate":"https:\/\/akerstroms.se\/?s={search_term_string}"},"query-input":{"@type":"PropertyValueSpecification","valueRequired":true,"valueName":"search_term_string"}}],"inLanguage":"de"},{"@type":"Organization","@id":"https:\/\/akerstroms.se\/#organization","name":"\u00c5kerstr\u00f6ms AB","url":"https:\/\/akerstroms.se\/","logo":{"@type":"ImageObject","inLanguage":"de","@id":"https:\/\/akerstroms.se\/#\/schema\/logo\/image\/","url":"https:\/\/akerstroms.se\/app\/uploads\/2021\/10\/akerstroms-logo.png","contentUrl":"https:\/\/akerstroms.se\/app\/uploads\/2021\/10\/akerstroms-logo.png","width":400,"height":86,"caption":"\u00c5kerstr\u00f6ms AB"},"image":{"@id":"https:\/\/akerstroms.se\/#\/schema\/logo\/image\/"},"sameAs":["https:\/\/www.facebook.com\/akerstroms.se","https:\/\/www.linkedin.com\/company\/akerstroms\/","https:\/\/www.youtube.com\/channel\/UC8S-jX9nA8c9qBaTlgqg1CQ"]}]}},"_links":{"self":[{"href":"https:\/\/akerstroms.se\/de\/wp-json\/wp\/v2\/product\/22312","targetHints":{"allow":["GET"]}}],"collection":[{"href":"https:\/\/akerstroms.se\/de\/wp-json\/wp\/v2\/product"}],"about":[{"href":"https:\/\/akerstroms.se\/de\/wp-json\/wp\/v2\/types\/product"}],"wp:featuredmedia":[{"embeddable":true,"href":"https:\/\/akerstroms.se\/de\/wp-json\/wp\/v2\/media\/21591"}],"wp:attachment":[{"href":"https:\/\/akerstroms.se\/de\/wp-json\/wp\/v2\/media?parent=22312"}],"wp:term":[{"taxonomy":"product_brand","embeddable":true,"href":"https:\/\/akerstroms.se\/de\/wp-json\/wp\/v2\/product_brand?post=22312"},{"taxonomy":"product_cat","embeddable":true,"href":"https:\/\/akerstroms.se\/de\/wp-json\/wp\/v2\/product_cat?post=22312"},{"taxonomy":"product_tag","embeddable":true,"href":"https:\/\/akerstroms.se\/de\/wp-json\/wp\/v2\/product_tag?post=22312"}],"curies":[{"name":"wp","href":"https:\/\/api.w.org\/{rel}","templated":true}]}}