{"id":10063,"date":"2021-03-17T10:28:17","date_gmt":"2021-03-17T09:28:17","guid":{"rendered":"https:\/\/akerstroms.se\/product\/erw-platine-3-dig-in-rx82-182-cu97-98\/"},"modified":"2024-04-17T21:13:39","modified_gmt":"2024-04-17T19:13:39","slug":"erw-platine-3-dig-in-rx82-182-cu97-98-3","status":"publish","type":"product","link":"https:\/\/akerstroms.se\/de\/produkt\/erw-platine-3-dig-in-rx82-182-cu97-98-3\/","title":{"rendered":"ERW.-PLATINE 3 DIG. IN Rx82\/182 CU97\/98"},"content":{"rendered":"","protected":false},"excerpt":{"rendered":"<p>R-RES<\/p>\n","protected":false},"featured_media":0,"template":"","meta":{"_acf_changed":false},"product_brand":[],"product_cat":[272],"product_tag":[],"class_list":{"0":"post-10063","1":"product","2":"type-product","3":"status-publish","5":"product_cat-platinen","7":"first","8":"instock","9":"purchasable","10":"product-type-simple"},"acf":[],"yoast_head":"<!-- This site is optimized with the Yoast SEO plugin v27.1.1 - https:\/\/yoast.com\/product\/yoast-seo-wordpress\/ -->\n<title>ERW.-PLATINE 3 DIG. IN Rx82\/182 CU97\/98 - \u00c5kerstr\u00f6ms Bj\u00f6rbo<\/title>\n<meta name=\"robots\" content=\"index, follow, max-snippet:-1, max-image-preview:large, max-video-preview:-1\" \/>\n<link rel=\"canonical\" href=\"https:\/\/akerstroms.se\/de\/produkt\/erw-platine-3-dig-in-rx82-182-cu97-98-3\/\" \/>\n<meta property=\"og:locale\" content=\"de_DE\" \/>\n<meta property=\"og:type\" content=\"article\" \/>\n<meta property=\"og:title\" content=\"ERW.-PLATINE 3 DIG. IN Rx82\/182 CU97\/98 - \u00c5kerstr\u00f6ms Bj\u00f6rbo\" \/>\n<meta property=\"og:description\" content=\"R-RES\" \/>\n<meta property=\"og:url\" content=\"https:\/\/akerstroms.se\/de\/produkt\/erw-platine-3-dig-in-rx82-182-cu97-98-3\/\" \/>\n<meta property=\"og:site_name\" content=\"\u00c5kerstr\u00f6ms Bj\u00f6rbo\" \/>\n<meta property=\"article:publisher\" content=\"https:\/\/www.facebook.com\/akerstroms.se\" \/>\n<meta property=\"article:modified_time\" content=\"2024-04-17T19:13:39+00:00\" \/>\n<meta property=\"og:image\" content=\"https:\/\/akerstroms.se\/app\/uploads\/2021\/09\/Akerstroms-remote-controls.jpg\" \/>\n\t<meta property=\"og:image:width\" content=\"1200\" \/>\n\t<meta property=\"og:image:height\" content=\"675\" \/>\n\t<meta property=\"og:image:type\" content=\"image\/jpeg\" \/>\n<meta name=\"twitter:card\" content=\"summary_large_image\" \/>\n<script type=\"application\/ld+json\" class=\"yoast-schema-graph\">{\"@context\":\"https:\/\/schema.org\",\"@graph\":[{\"@type\":\"WebPage\",\"@id\":\"https:\/\/akerstroms.se\/de\/produkt\/erw-platine-3-dig-in-rx82-182-cu97-98-3\/\",\"url\":\"https:\/\/akerstroms.se\/de\/produkt\/erw-platine-3-dig-in-rx82-182-cu97-98-3\/\",\"name\":\"ERW.-PLATINE 3 DIG. IN Rx82\/182 CU97\/98 - \u00c5kerstr\u00f6ms Bj\u00f6rbo\",\"isPartOf\":{\"@id\":\"https:\/\/akerstroms.se\/#website\"},\"datePublished\":\"2021-03-17T09:28:17+00:00\",\"dateModified\":\"2024-04-17T19:13:39+00:00\",\"breadcrumb\":{\"@id\":\"https:\/\/akerstroms.se\/de\/produkt\/erw-platine-3-dig-in-rx82-182-cu97-98-3\/#breadcrumb\"},\"inLanguage\":\"de\",\"potentialAction\":[{\"@type\":\"ReadAction\",\"target\":[\"https:\/\/akerstroms.se\/de\/produkt\/erw-platine-3-dig-in-rx82-182-cu97-98-3\/\"]}]},{\"@type\":\"BreadcrumbList\",\"@id\":\"https:\/\/akerstroms.se\/de\/produkt\/erw-platine-3-dig-in-rx82-182-cu97-98-3\/#breadcrumb\",\"itemListElement\":[{\"@type\":\"ListItem\",\"position\":1,\"name\":\"Home\",\"item\":\"https:\/\/akerstroms.se\/de\/\"},{\"@type\":\"ListItem\",\"position\":2,\"name\":\"Shop\",\"item\":\"https:\/\/akerstroms.se\/de\/shop\/\"},{\"@type\":\"ListItem\",\"position\":3,\"name\":\"ERW.-PLATINE 3 DIG. IN Rx82\/182 CU97\/98\"}]},{\"@type\":\"WebSite\",\"@id\":\"https:\/\/akerstroms.se\/#website\",\"url\":\"https:\/\/akerstroms.se\/\",\"name\":\"\u00c5kerstr\u00f6ms Bj\u00f6rbo\",\"description\":\"Radiostyrning f\u00f6r industriella och mobila applikationer\",\"publisher\":{\"@id\":\"https:\/\/akerstroms.se\/#organization\"},\"potentialAction\":[{\"@type\":\"SearchAction\",\"target\":{\"@type\":\"EntryPoint\",\"urlTemplate\":\"https:\/\/akerstroms.se\/?s={search_term_string}\"},\"query-input\":{\"@type\":\"PropertyValueSpecification\",\"valueRequired\":true,\"valueName\":\"search_term_string\"}}],\"inLanguage\":\"de\"},{\"@type\":\"Organization\",\"@id\":\"https:\/\/akerstroms.se\/#organization\",\"name\":\"\u00c5kerstr\u00f6ms AB\",\"url\":\"https:\/\/akerstroms.se\/\",\"logo\":{\"@type\":\"ImageObject\",\"inLanguage\":\"de\",\"@id\":\"https:\/\/akerstroms.se\/#\/schema\/logo\/image\/\",\"url\":\"https:\/\/akerstroms.se\/app\/uploads\/2021\/10\/akerstroms-logo.png\",\"contentUrl\":\"https:\/\/akerstroms.se\/app\/uploads\/2021\/10\/akerstroms-logo.png\",\"width\":400,\"height\":86,\"caption\":\"\u00c5kerstr\u00f6ms AB\"},\"image\":{\"@id\":\"https:\/\/akerstroms.se\/#\/schema\/logo\/image\/\"},\"sameAs\":[\"https:\/\/www.facebook.com\/akerstroms.se\",\"https:\/\/www.linkedin.com\/company\/akerstroms\/\",\"https:\/\/www.youtube.com\/channel\/UC8S-jX9nA8c9qBaTlgqg1CQ\"]}]}<\/script>\n<!-- \/ Yoast SEO plugin. -->","yoast_head_json":{"title":"ERW.-PLATINE 3 DIG. IN Rx82\/182 CU97\/98 - \u00c5kerstr\u00f6ms Bj\u00f6rbo","robots":{"index":"index","follow":"follow","max-snippet":"max-snippet:-1","max-image-preview":"max-image-preview:large","max-video-preview":"max-video-preview:-1"},"canonical":"https:\/\/akerstroms.se\/de\/produkt\/erw-platine-3-dig-in-rx82-182-cu97-98-3\/","og_locale":"de_DE","og_type":"article","og_title":"ERW.-PLATINE 3 DIG. IN Rx82\/182 CU97\/98 - \u00c5kerstr\u00f6ms Bj\u00f6rbo","og_description":"R-RES","og_url":"https:\/\/akerstroms.se\/de\/produkt\/erw-platine-3-dig-in-rx82-182-cu97-98-3\/","og_site_name":"\u00c5kerstr\u00f6ms Bj\u00f6rbo","article_publisher":"https:\/\/www.facebook.com\/akerstroms.se","article_modified_time":"2024-04-17T19:13:39+00:00","og_image":[{"width":1200,"height":675,"url":"https:\/\/akerstroms.se\/app\/uploads\/2021\/09\/Akerstroms-remote-controls.jpg","type":"image\/jpeg"}],"twitter_card":"summary_large_image","schema":{"@context":"https:\/\/schema.org","@graph":[{"@type":"WebPage","@id":"https:\/\/akerstroms.se\/de\/produkt\/erw-platine-3-dig-in-rx82-182-cu97-98-3\/","url":"https:\/\/akerstroms.se\/de\/produkt\/erw-platine-3-dig-in-rx82-182-cu97-98-3\/","name":"ERW.-PLATINE 3 DIG. IN Rx82\/182 CU97\/98 - \u00c5kerstr\u00f6ms Bj\u00f6rbo","isPartOf":{"@id":"https:\/\/akerstroms.se\/#website"},"datePublished":"2021-03-17T09:28:17+00:00","dateModified":"2024-04-17T19:13:39+00:00","breadcrumb":{"@id":"https:\/\/akerstroms.se\/de\/produkt\/erw-platine-3-dig-in-rx82-182-cu97-98-3\/#breadcrumb"},"inLanguage":"de","potentialAction":[{"@type":"ReadAction","target":["https:\/\/akerstroms.se\/de\/produkt\/erw-platine-3-dig-in-rx82-182-cu97-98-3\/"]}]},{"@type":"BreadcrumbList","@id":"https:\/\/akerstroms.se\/de\/produkt\/erw-platine-3-dig-in-rx82-182-cu97-98-3\/#breadcrumb","itemListElement":[{"@type":"ListItem","position":1,"name":"Home","item":"https:\/\/akerstroms.se\/de\/"},{"@type":"ListItem","position":2,"name":"Shop","item":"https:\/\/akerstroms.se\/de\/shop\/"},{"@type":"ListItem","position":3,"name":"ERW.-PLATINE 3 DIG. IN Rx82\/182 CU97\/98"}]},{"@type":"WebSite","@id":"https:\/\/akerstroms.se\/#website","url":"https:\/\/akerstroms.se\/","name":"\u00c5kerstr\u00f6ms Bj\u00f6rbo","description":"Radiostyrning f\u00f6r industriella och mobila applikationer","publisher":{"@id":"https:\/\/akerstroms.se\/#organization"},"potentialAction":[{"@type":"SearchAction","target":{"@type":"EntryPoint","urlTemplate":"https:\/\/akerstroms.se\/?s={search_term_string}"},"query-input":{"@type":"PropertyValueSpecification","valueRequired":true,"valueName":"search_term_string"}}],"inLanguage":"de"},{"@type":"Organization","@id":"https:\/\/akerstroms.se\/#organization","name":"\u00c5kerstr\u00f6ms AB","url":"https:\/\/akerstroms.se\/","logo":{"@type":"ImageObject","inLanguage":"de","@id":"https:\/\/akerstroms.se\/#\/schema\/logo\/image\/","url":"https:\/\/akerstroms.se\/app\/uploads\/2021\/10\/akerstroms-logo.png","contentUrl":"https:\/\/akerstroms.se\/app\/uploads\/2021\/10\/akerstroms-logo.png","width":400,"height":86,"caption":"\u00c5kerstr\u00f6ms AB"},"image":{"@id":"https:\/\/akerstroms.se\/#\/schema\/logo\/image\/"},"sameAs":["https:\/\/www.facebook.com\/akerstroms.se","https:\/\/www.linkedin.com\/company\/akerstroms\/","https:\/\/www.youtube.com\/channel\/UC8S-jX9nA8c9qBaTlgqg1CQ"]}]}},"_links":{"self":[{"href":"https:\/\/akerstroms.se\/de\/wp-json\/wp\/v2\/product\/10063","targetHints":{"allow":["GET"]}}],"collection":[{"href":"https:\/\/akerstroms.se\/de\/wp-json\/wp\/v2\/product"}],"about":[{"href":"https:\/\/akerstroms.se\/de\/wp-json\/wp\/v2\/types\/product"}],"wp:attachment":[{"href":"https:\/\/akerstroms.se\/de\/wp-json\/wp\/v2\/media?parent=10063"}],"wp:term":[{"taxonomy":"product_brand","embeddable":true,"href":"https:\/\/akerstroms.se\/de\/wp-json\/wp\/v2\/product_brand?post=10063"},{"taxonomy":"product_cat","embeddable":true,"href":"https:\/\/akerstroms.se\/de\/wp-json\/wp\/v2\/product_cat?post=10063"},{"taxonomy":"product_tag","embeddable":true,"href":"https:\/\/akerstroms.se\/de\/wp-json\/wp\/v2\/product_tag?post=10063"}],"curies":[{"name":"wp","href":"https:\/\/api.w.org\/{rel}","templated":true}]}}