{"id":24541,"date":"2026-04-14T08:47:33","date_gmt":"2026-04-14T06:47:33","guid":{"rendered":"https:\/\/akerstroms.se\/?page_id=24541"},"modified":"2026-04-15T09:57:26","modified_gmt":"2026-04-15T07:57:26","slug":"green-cargo-der-aftermarket","status":"publish","type":"page","link":"https:\/\/akerstroms.se\/de\/green-cargo-der-aftermarket\/","title":{"rendered":"Green Cargo"},"content":{"rendered":"\n<div class=\"wp-block-cover alignfull\" style=\"min-height:718px;aspect-ratio:unset;\"><img loading=\"lazy\" decoding=\"async\" width=\"2560\" height=\"1668\" class=\"wp-block-cover__image-background wp-image-24568 size-full\" alt=\"\" src=\"https:\/\/akerstroms.se\/app\/uploads\/2026\/04\/Bolange-Tower-scaled.jpg\" data-object-fit=\"cover\" srcset=\"https:\/\/akerstroms.se\/app\/uploads\/2026\/04\/Bolange-Tower-scaled.jpg 2560w, https:\/\/akerstroms.se\/app\/uploads\/2026\/04\/Bolange-Tower-250x163.jpg 250w, https:\/\/akerstroms.se\/app\/uploads\/2026\/04\/Bolange-Tower-700x456.jpg 700w, https:\/\/akerstroms.se\/app\/uploads\/2026\/04\/Bolange-Tower-768x500.jpg 768w, https:\/\/akerstroms.se\/app\/uploads\/2026\/04\/Bolange-Tower-1536x1001.jpg 1536w, https:\/\/akerstroms.se\/app\/uploads\/2026\/04\/Bolange-Tower-2048x1334.jpg 2048w, https:\/\/akerstroms.se\/app\/uploads\/2026\/04\/Bolange-Tower-120x78.jpg 120w, https:\/\/akerstroms.se\/app\/uploads\/2026\/04\/Bolange-Tower-540x352.jpg 540w, https:\/\/akerstroms.se\/app\/uploads\/2026\/04\/Bolange-Tower-300x195.jpg 300w, https:\/\/akerstroms.se\/app\/uploads\/2026\/04\/Bolange-Tower-600x391.jpg 600w\" sizes=\"auto, (max-width: 2560px) 100vw, 2560px\" \/><span aria-hidden=\"true\" class=\"wp-block-cover__background has-black-background-color has-background-dim\"><\/span><div class=\"wp-block-cover__inner-container is-layout-constrained wp-block-cover-is-layout-constrained\">\n<h1 class=\"wp-block-heading has-text-align-center\"><strong>Green Cargo<\/strong><\/h1>\n\n\n\n<h3 class=\"wp-block-heading has-text-align-center\">Der Aftermarket, der den Betrieb am Laufen h\u00e4lt<\/h3>\n<\/div><\/div>\n\n\n\n<div style=\"height:28px\" aria-hidden=\"true\" class=\"wp-block-spacer\"><\/div>\n\n\n\n<p><strong>Seit vielen Jahren liefert \u00c5kerstr\u00f6ms Funkfernsteuerungsl\u00f6sungen an Green Cargo \u2013 Schwedens f\u00fchrenden Anbieter f\u00fcr nachhaltigen Schieneng\u00fcterverkehr. Green Cargo transportiert t\u00e4glich gro\u00dfe Warenmengen im ganzen Land und spielt eine zentrale Rolle in der schwedischen Industrialogistik. Auf ihren Rangierbahnh\u00f6fen sind funkferngesteuerte Lokomotiven unverzichtbar, um einen sicheren, zuverl\u00e4ssigen und effizienten Betrieb zu gew\u00e4hrleisten.<\/strong><\/p>\n\n\n\n<div style=\"height:15px\" aria-hidden=\"true\" class=\"wp-block-spacer\"><\/div>\n\n\n\n<p><strong>Service, der die Lokomotivflotte in Bewegung h\u00e4lt<\/strong><\/p>\n\n\n\n<p>Heute ist das Lokomotivgesch\u00e4ft vollst\u00e4ndig auf den Aftermarket ausgerichtet. Durch Service, Wartung und technischen Support stellen wir sicher, dass die funkferngesteuerten Lokomotiven von Green Cargo auch in einem anspruchsvollen Einsatzumfeld zuverl\u00e4ssig arbeiten. Unser Serviceteam ist landesweit im Einsatz und unterst\u00fctzt sowohl bei geplanten Wartungsma\u00dfnahmen als auch bei akuten Anforderungen. Dies reicht von vorbeugender Wartung und dem Austausch von Verschlei\u00dfteilen bis hin zu schnellen Eins\u00e4tzen bei St\u00f6rungen, Systemaktualisierungen oder technischer Beratung vor Ort. Durch eine enge und langfristige Servicevereinbarung bieten wir Green Cargo die Zuverl\u00e4ssigkeit und Kontinuit\u00e4t, die erforderlich sind, um einen reibungslosen Betrieb ohne Unterbrechungen sicherzustellen.<\/p>\n\n\n\n<p><strong>Erfahrung, die im Arbeitsalltag den Unterschied macht<\/strong><\/p>\n\n\n\n<p>Der Aftermarket ist ein wesentlicher und nat\u00fcrlicher Bestandteil des Gesamtangebots von \u00c5kerstr\u00f6ms. Hier kommen unsere langj\u00e4hrige Erfahrung, unsere Systemkompetenz und unsere F\u00e4higkeit zu schneller Unterst\u00fctzung voll zur Geltung. Gleichzeitig ist dies der Bereich, in dem sich die Zusammenarbeit mit Green Cargo kontinuierlich weiterentwickelt \u2013 durch laufende Ma\u00dfnahmen, die die bestehende Lokomotivflotte betriebsbereit halten und das Gesch\u00e4ft voranbringen.<\/p>\n\n\n\n<p>Wir sind stolz darauf, Green Cargo weiterhin als zuverl\u00e4ssiger Partner zu begleiten, und darauf, dass unser langj\u00e4hriges Engagement im Aftermarket ein gesch\u00e4tzter Teil der Zusammenarbeit bleibt. Gemeinsam gehen wir weiter voran \u2013 mit zuverl\u00e4ssiger Technik, einem hohen Serviceniveau und einem gemeinsamen Fokus darauf, im t\u00e4glichen Betrieb echten Mehrwert zu schaffen.<\/p>\n\n\n\n<div style=\"height:33px\" aria-hidden=\"true\" class=\"wp-block-spacer\"><\/div>\n\n\n\n<figure class=\"wp-block-image size-full\"><img loading=\"lazy\" decoding=\"async\" width=\"2560\" height=\"1668\" src=\"https:\/\/akerstroms.se\/app\/uploads\/2026\/04\/sandare-bangardsutsikt-scaled.jpg\" alt=\"\" class=\"wp-image-24525\" srcset=\"https:\/\/akerstroms.se\/app\/uploads\/2026\/04\/sandare-bangardsutsikt-scaled.jpg 2560w, https:\/\/akerstroms.se\/app\/uploads\/2026\/04\/sandare-bangardsutsikt-250x163.jpg 250w, https:\/\/akerstroms.se\/app\/uploads\/2026\/04\/sandare-bangardsutsikt-700x456.jpg 700w, https:\/\/akerstroms.se\/app\/uploads\/2026\/04\/sandare-bangardsutsikt-768x500.jpg 768w, https:\/\/akerstroms.se\/app\/uploads\/2026\/04\/sandare-bangardsutsikt-1536x1001.jpg 1536w, https:\/\/akerstroms.se\/app\/uploads\/2026\/04\/sandare-bangardsutsikt-2048x1334.jpg 2048w, https:\/\/akerstroms.se\/app\/uploads\/2026\/04\/sandare-bangardsutsikt-120x78.jpg 120w, https:\/\/akerstroms.se\/app\/uploads\/2026\/04\/sandare-bangardsutsikt-540x352.jpg 540w, https:\/\/akerstroms.se\/app\/uploads\/2026\/04\/sandare-bangardsutsikt-300x195.jpg 300w, https:\/\/akerstroms.se\/app\/uploads\/2026\/04\/sandare-bangardsutsikt-600x391.jpg 600w\" sizes=\"auto, (max-width: 2560px) 100vw, 2560px\" \/><\/figure>\n\n\n\n<div style=\"height:52px\" aria-hidden=\"true\" class=\"wp-block-spacer\"><\/div>\n","protected":false},"excerpt":{"rendered":"<p>Seit vielen Jahren liefert \u00c5kerstr\u00f6ms Funkfernsteuerungsl\u00f6sungen an Green Cargo \u2013 Schwedens f\u00fchrenden Anbieter f\u00fcr nachhaltigen Schieneng\u00fcterverkehr. Green Cargo transportiert t\u00e4glich gro\u00dfe Warenmengen im ganzen Land&#8230;<\/p>\n","protected":false},"author":297,"featured_media":0,"parent":0,"menu_order":0,"comment_status":"closed","ping_status":"closed","template":"templates\/page-text-page.php","meta":{"_acf_changed":false,"footnotes":""},"class_list":["post-24541","page","type-page","status-publish","hentry"],"acf":[],"yoast_head":"<!-- This site is optimized with the Yoast SEO plugin v27.4 - https:\/\/yoast.com\/product\/yoast-seo-wordpress\/ -->\n<title>Green Cargo - \u00c5kerstr\u00f6ms Bj\u00f6rbo<\/title>\n<meta name=\"robots\" content=\"index, follow, max-snippet:-1, max-image-preview:large, max-video-preview:-1\" \/>\n<link rel=\"canonical\" href=\"https:\/\/akerstroms.se\/de\/green-cargo-der-aftermarket\/\" \/>\n<meta property=\"og:locale\" content=\"de_DE\" \/>\n<meta property=\"og:type\" content=\"article\" \/>\n<meta property=\"og:title\" content=\"Green Cargo - \u00c5kerstr\u00f6ms Bj\u00f6rbo\" \/>\n<meta property=\"og:description\" content=\"Seit vielen Jahren liefert \u00c5kerstr\u00f6ms Funkfernsteuerungsl\u00f6sungen an Green Cargo \u2013 Schwedens f\u00fchrenden Anbieter f\u00fcr nachhaltigen Schieneng\u00fcterverkehr. Green Cargo transportiert t\u00e4glich gro\u00dfe Warenmengen im ganzen Land...\" \/>\n<meta property=\"og:url\" content=\"https:\/\/akerstroms.se\/de\/green-cargo-der-aftermarket\/\" \/>\n<meta property=\"og:site_name\" content=\"\u00c5kerstr\u00f6ms Bj\u00f6rbo\" \/>\n<meta property=\"article:publisher\" content=\"https:\/\/www.facebook.com\/akerstroms.se\" \/>\n<meta property=\"article:modified_time\" content=\"2026-04-15T07:57:26+00:00\" \/>\n<meta property=\"og:image\" content=\"https:\/\/akerstroms.se\/app\/uploads\/2026\/04\/Bolange-Tower-scaled.jpg\" \/>\n\t<meta property=\"og:image:width\" content=\"2560\" \/>\n\t<meta property=\"og:image:height\" content=\"1668\" \/>\n\t<meta property=\"og:image:type\" content=\"image\/jpeg\" \/>\n<meta name=\"twitter:card\" content=\"summary_large_image\" \/>\n<meta name=\"twitter:label1\" content=\"Gesch\u00e4tzte Lesezeit\" \/>\n\t<meta name=\"twitter:data1\" content=\"2\u00a0Minuten\" \/>\n<script type=\"application\/ld+json\" class=\"yoast-schema-graph\">{\"@context\":\"https:\\\/\\\/schema.org\",\"@graph\":[{\"@type\":\"WebPage\",\"@id\":\"https:\\\/\\\/akerstroms.se\\\/de\\\/green-cargo-der-aftermarket\\\/\",\"url\":\"https:\\\/\\\/akerstroms.se\\\/de\\\/green-cargo-der-aftermarket\\\/\",\"name\":\"Green Cargo - \u00c5kerstr\u00f6ms Bj\u00f6rbo\",\"isPartOf\":{\"@id\":\"https:\\\/\\\/akerstroms.se\\\/#website\"},\"primaryImageOfPage\":{\"@id\":\"https:\\\/\\\/akerstroms.se\\\/de\\\/green-cargo-der-aftermarket\\\/#primaryimage\"},\"image\":{\"@id\":\"https:\\\/\\\/akerstroms.se\\\/de\\\/green-cargo-der-aftermarket\\\/#primaryimage\"},\"thumbnailUrl\":\"https:\\\/\\\/akerstroms.se\\\/app\\\/uploads\\\/2026\\\/04\\\/Bolange-Tower-scaled.jpg\",\"datePublished\":\"2026-04-14T06:47:33+00:00\",\"dateModified\":\"2026-04-15T07:57:26+00:00\",\"breadcrumb\":{\"@id\":\"https:\\\/\\\/akerstroms.se\\\/de\\\/green-cargo-der-aftermarket\\\/#breadcrumb\"},\"inLanguage\":\"de\",\"potentialAction\":[{\"@type\":\"ReadAction\",\"target\":[\"https:\\\/\\\/akerstroms.se\\\/de\\\/green-cargo-der-aftermarket\\\/\"]}]},{\"@type\":\"ImageObject\",\"inLanguage\":\"de\",\"@id\":\"https:\\\/\\\/akerstroms.se\\\/de\\\/green-cargo-der-aftermarket\\\/#primaryimage\",\"url\":\"https:\\\/\\\/akerstroms.se\\\/app\\\/uploads\\\/2026\\\/04\\\/Bolange-Tower-scaled.jpg\",\"contentUrl\":\"https:\\\/\\\/akerstroms.se\\\/app\\\/uploads\\\/2026\\\/04\\\/Bolange-Tower-scaled.jpg\"},{\"@type\":\"BreadcrumbList\",\"@id\":\"https:\\\/\\\/akerstroms.se\\\/de\\\/green-cargo-der-aftermarket\\\/#breadcrumb\",\"itemListElement\":[{\"@type\":\"ListItem\",\"position\":1,\"name\":\"Home\",\"item\":\"https:\\\/\\\/akerstroms.se\\\/de\\\/\"},{\"@type\":\"ListItem\",\"position\":2,\"name\":\"Green Cargo\"}]},{\"@type\":\"WebSite\",\"@id\":\"https:\\\/\\\/akerstroms.se\\\/#website\",\"url\":\"https:\\\/\\\/akerstroms.se\\\/\",\"name\":\"\u00c5kerstr\u00f6ms Bj\u00f6rbo\",\"description\":\"Radiostyrning f\u00f6r industriella och mobila applikationer\",\"publisher\":{\"@id\":\"https:\\\/\\\/akerstroms.se\\\/#organization\"},\"potentialAction\":[{\"@type\":\"SearchAction\",\"target\":{\"@type\":\"EntryPoint\",\"urlTemplate\":\"https:\\\/\\\/akerstroms.se\\\/?s={search_term_string}\"},\"query-input\":{\"@type\":\"PropertyValueSpecification\",\"valueRequired\":true,\"valueName\":\"search_term_string\"}}],\"inLanguage\":\"de\"},{\"@type\":\"Organization\",\"@id\":\"https:\\\/\\\/akerstroms.se\\\/#organization\",\"name\":\"\u00c5kerstr\u00f6ms AB\",\"url\":\"https:\\\/\\\/akerstroms.se\\\/\",\"logo\":{\"@type\":\"ImageObject\",\"inLanguage\":\"de\",\"@id\":\"https:\\\/\\\/akerstroms.se\\\/#\\\/schema\\\/logo\\\/image\\\/\",\"url\":\"https:\\\/\\\/akerstroms.se\\\/app\\\/uploads\\\/2021\\\/10\\\/akerstroms-logo.png\",\"contentUrl\":\"https:\\\/\\\/akerstroms.se\\\/app\\\/uploads\\\/2021\\\/10\\\/akerstroms-logo.png\",\"width\":400,\"height\":86,\"caption\":\"\u00c5kerstr\u00f6ms AB\"},\"image\":{\"@id\":\"https:\\\/\\\/akerstroms.se\\\/#\\\/schema\\\/logo\\\/image\\\/\"},\"sameAs\":[\"https:\\\/\\\/www.facebook.com\\\/akerstroms.se\",\"https:\\\/\\\/www.linkedin.com\\\/company\\\/akerstroms\\\/\",\"https:\\\/\\\/www.youtube.com\\\/channel\\\/UC8S-jX9nA8c9qBaTlgqg1CQ\"]}]}<\/script>\n<!-- \/ Yoast SEO plugin. -->","yoast_head_json":{"title":"Green Cargo - \u00c5kerstr\u00f6ms Bj\u00f6rbo","robots":{"index":"index","follow":"follow","max-snippet":"max-snippet:-1","max-image-preview":"max-image-preview:large","max-video-preview":"max-video-preview:-1"},"canonical":"https:\/\/akerstroms.se\/de\/green-cargo-der-aftermarket\/","og_locale":"de_DE","og_type":"article","og_title":"Green Cargo - \u00c5kerstr\u00f6ms Bj\u00f6rbo","og_description":"Seit vielen Jahren liefert \u00c5kerstr\u00f6ms Funkfernsteuerungsl\u00f6sungen an Green Cargo \u2013 Schwedens f\u00fchrenden Anbieter f\u00fcr nachhaltigen Schieneng\u00fcterverkehr. Green Cargo transportiert t\u00e4glich gro\u00dfe Warenmengen im ganzen Land...","og_url":"https:\/\/akerstroms.se\/de\/green-cargo-der-aftermarket\/","og_site_name":"\u00c5kerstr\u00f6ms Bj\u00f6rbo","article_publisher":"https:\/\/www.facebook.com\/akerstroms.se","article_modified_time":"2026-04-15T07:57:26+00:00","og_image":[{"width":2560,"height":1668,"url":"https:\/\/akerstroms.se\/app\/uploads\/2026\/04\/Bolange-Tower-scaled.jpg","type":"image\/jpeg"}],"twitter_card":"summary_large_image","twitter_misc":{"Gesch\u00e4tzte Lesezeit":"2\u00a0Minuten"},"schema":{"@context":"https:\/\/schema.org","@graph":[{"@type":"WebPage","@id":"https:\/\/akerstroms.se\/de\/green-cargo-der-aftermarket\/","url":"https:\/\/akerstroms.se\/de\/green-cargo-der-aftermarket\/","name":"Green Cargo - \u00c5kerstr\u00f6ms Bj\u00f6rbo","isPartOf":{"@id":"https:\/\/akerstroms.se\/#website"},"primaryImageOfPage":{"@id":"https:\/\/akerstroms.se\/de\/green-cargo-der-aftermarket\/#primaryimage"},"image":{"@id":"https:\/\/akerstroms.se\/de\/green-cargo-der-aftermarket\/#primaryimage"},"thumbnailUrl":"https:\/\/akerstroms.se\/app\/uploads\/2026\/04\/Bolange-Tower-scaled.jpg","datePublished":"2026-04-14T06:47:33+00:00","dateModified":"2026-04-15T07:57:26+00:00","breadcrumb":{"@id":"https:\/\/akerstroms.se\/de\/green-cargo-der-aftermarket\/#breadcrumb"},"inLanguage":"de","potentialAction":[{"@type":"ReadAction","target":["https:\/\/akerstroms.se\/de\/green-cargo-der-aftermarket\/"]}]},{"@type":"ImageObject","inLanguage":"de","@id":"https:\/\/akerstroms.se\/de\/green-cargo-der-aftermarket\/#primaryimage","url":"https:\/\/akerstroms.se\/app\/uploads\/2026\/04\/Bolange-Tower-scaled.jpg","contentUrl":"https:\/\/akerstroms.se\/app\/uploads\/2026\/04\/Bolange-Tower-scaled.jpg"},{"@type":"BreadcrumbList","@id":"https:\/\/akerstroms.se\/de\/green-cargo-der-aftermarket\/#breadcrumb","itemListElement":[{"@type":"ListItem","position":1,"name":"Home","item":"https:\/\/akerstroms.se\/de\/"},{"@type":"ListItem","position":2,"name":"Green Cargo"}]},{"@type":"WebSite","@id":"https:\/\/akerstroms.se\/#website","url":"https:\/\/akerstroms.se\/","name":"\u00c5kerstr\u00f6ms Bj\u00f6rbo","description":"Radiostyrning f\u00f6r industriella och mobila applikationer","publisher":{"@id":"https:\/\/akerstroms.se\/#organization"},"potentialAction":[{"@type":"SearchAction","target":{"@type":"EntryPoint","urlTemplate":"https:\/\/akerstroms.se\/?s={search_term_string}"},"query-input":{"@type":"PropertyValueSpecification","valueRequired":true,"valueName":"search_term_string"}}],"inLanguage":"de"},{"@type":"Organization","@id":"https:\/\/akerstroms.se\/#organization","name":"\u00c5kerstr\u00f6ms AB","url":"https:\/\/akerstroms.se\/","logo":{"@type":"ImageObject","inLanguage":"de","@id":"https:\/\/akerstroms.se\/#\/schema\/logo\/image\/","url":"https:\/\/akerstroms.se\/app\/uploads\/2021\/10\/akerstroms-logo.png","contentUrl":"https:\/\/akerstroms.se\/app\/uploads\/2021\/10\/akerstroms-logo.png","width":400,"height":86,"caption":"\u00c5kerstr\u00f6ms AB"},"image":{"@id":"https:\/\/akerstroms.se\/#\/schema\/logo\/image\/"},"sameAs":["https:\/\/www.facebook.com\/akerstroms.se","https:\/\/www.linkedin.com\/company\/akerstroms\/","https:\/\/www.youtube.com\/channel\/UC8S-jX9nA8c9qBaTlgqg1CQ"]}]}},"_links":{"self":[{"href":"https:\/\/akerstroms.se\/de\/wp-json\/wp\/v2\/pages\/24541","targetHints":{"allow":["GET"]}}],"collection":[{"href":"https:\/\/akerstroms.se\/de\/wp-json\/wp\/v2\/pages"}],"about":[{"href":"https:\/\/akerstroms.se\/de\/wp-json\/wp\/v2\/types\/page"}],"author":[{"embeddable":true,"href":"https:\/\/akerstroms.se\/de\/wp-json\/wp\/v2\/users\/297"}],"replies":[{"embeddable":true,"href":"https:\/\/akerstroms.se\/de\/wp-json\/wp\/v2\/comments?post=24541"}],"version-history":[{"count":3,"href":"https:\/\/akerstroms.se\/de\/wp-json\/wp\/v2\/pages\/24541\/revisions"}],"predecessor-version":[{"id":24575,"href":"https:\/\/akerstroms.se\/de\/wp-json\/wp\/v2\/pages\/24541\/revisions\/24575"}],"wp:attachment":[{"href":"https:\/\/akerstroms.se\/de\/wp-json\/wp\/v2\/media?parent=24541"}],"curies":[{"name":"wp","href":"https:\/\/api.w.org\/{rel}","templated":true}]}}