{"id":22937,"date":"2025-09-23T13:44:40","date_gmt":"2025-09-23T11:44:40","guid":{"rendered":"https:\/\/akerstroms.se\/?page_id=22937"},"modified":"2025-09-23T14:20:28","modified_gmt":"2025-09-23T12:20:28","slug":"remotus-t-rx","status":"publish","type":"page","link":"https:\/\/akerstroms.se\/de\/remotus-t-rx\/","title":{"rendered":"Remotus T-Rx"},"content":{"rendered":"\n<div class=\"wp-block-cover alignfull\" style=\"min-height:539px;aspect-ratio:unset;\"><img loading=\"lazy\" decoding=\"async\" width=\"2560\" height=\"1707\" class=\"wp-block-cover__image-background wp-image-22822 size-full\" alt=\"\" src=\"https:\/\/akerstroms.se\/app\/uploads\/2025\/08\/Spolbil-BKGR-Gabriel-Alenius-2236-scaled.jpg\" style=\"object-position:50% 63%\" data-object-fit=\"cover\" data-object-position=\"50% 63%\" srcset=\"https:\/\/akerstroms.se\/app\/uploads\/2025\/08\/Spolbil-BKGR-Gabriel-Alenius-2236-scaled.jpg 2560w, https:\/\/akerstroms.se\/app\/uploads\/2025\/08\/Spolbil-BKGR-Gabriel-Alenius-2236-250x167.jpg 250w, https:\/\/akerstroms.se\/app\/uploads\/2025\/08\/Spolbil-BKGR-Gabriel-Alenius-2236-700x467.jpg 700w, https:\/\/akerstroms.se\/app\/uploads\/2025\/08\/Spolbil-BKGR-Gabriel-Alenius-2236-768x512.jpg 768w, https:\/\/akerstroms.se\/app\/uploads\/2025\/08\/Spolbil-BKGR-Gabriel-Alenius-2236-1536x1024.jpg 1536w, https:\/\/akerstroms.se\/app\/uploads\/2025\/08\/Spolbil-BKGR-Gabriel-Alenius-2236-2048x1365.jpg 2048w, https:\/\/akerstroms.se\/app\/uploads\/2025\/08\/Spolbil-BKGR-Gabriel-Alenius-2236-120x80.jpg 120w, https:\/\/akerstroms.se\/app\/uploads\/2025\/08\/Spolbil-BKGR-Gabriel-Alenius-2236-540x360.jpg 540w, https:\/\/akerstroms.se\/app\/uploads\/2025\/08\/Spolbil-BKGR-Gabriel-Alenius-2236-300x200.jpg 300w, https:\/\/akerstroms.se\/app\/uploads\/2025\/08\/Spolbil-BKGR-Gabriel-Alenius-2236-600x400.jpg 600w\" sizes=\"auto, (max-width: 2560px) 100vw, 2560px\" \/><span aria-hidden=\"true\" class=\"wp-block-cover__background has-black-background-color has-background-dim\"><\/span><div class=\"wp-block-cover__inner-container is-layout-constrained wp-block-cover-is-layout-constrained\">\n<p class=\"has-text-align-center\" style=\"font-size:55px\"><strong>Gesteigerte<\/strong> Produktivit\u00e4t bei <br><strong>Minimalen<\/strong> Ausfallzeiten<\/p>\n\n\n\n<div class=\"wp-block-buttons is-content-justification-center is-layout-flex wp-container-core-buttons-is-layout-16018d1d wp-block-buttons-is-layout-flex\">\n<div class=\"wp-block-button\"><a class=\"wp-block-button__link has-orange-background-color has-background has-medium-font-size has-text-align-center has-custom-font-size wp-element-button\" href=\"#kontakt\" style=\"border-radius:7px\">Kontakt<\/a><\/div>\n<\/div>\n<\/div><\/div>\n\n\n\n<h3 class=\"wp-block-heading\" style=\"font-size:36px\"><strong>Renommierte Funkfernsteuerungssysteme <\/strong>f\u00fcr <strong>Robustheit <\/strong>und <strong>Zuverl\u00e4ssigkeit<\/strong><\/h3>\n\n\n\n<p><strong>REMOTUS ist unsere bew\u00e4hrte Serie von Funkfernsteuerungssystemen, denen Hersteller und Betreiber von Saugfahrzeugen in der gesamten Branche vertrauen, um einen sicheren, effizienten und unterbrechungsfreien Betrieb zu gew\u00e4hrleisten. Entwickelt f\u00fcr die h\u00e4rtesten Bedingungen, vereint REMOTUS herausragende Sicherheit mit zuverl\u00e4ssiger Leistung \u2013 und ist damit die bevorzugte L\u00f6sung f\u00fcr anspruchsvolle mobile Anwendungen.<\/strong><\/p>\n\n\n\n<p>Dank seiner leistungsstarken Funk\u00fcbertragung bietet REMOTUS ein stabiles, st\u00f6rungsfreies Signal, das niemals abbricht \u2013 selbst in herausfordernden Umgebungen wie Abfl\u00fcssen, Tunneln oder Dachb\u00f6den. Das ergonomische, robuste Design sorgt f\u00fcr eine lange Lebensdauer, w\u00e4hrend der IP67-Schutz vor Staub, Schmutz und Wasser sch\u00fctzt.<\/p>\n\n\n\n<p>Betriebsdaten wie Schlauchl\u00e4nge, Wasservolumen und Sp\u00fclwasserdruck werden klar auf dem Display dargestellt und geben dem Bediener jederzeit volle Kontrolle und Sicherheit.<\/p>\n\n\n\n<p>Mit jahrzehntelanger bew\u00e4hrter Leistung ist REMOTUS die vertrauensw\u00fcrdige Wahl f\u00fcr anspruchsvolle Anwendungen auf den Weltm\u00e4rkten. \u00dcber Saugfahrzeuge hinaus ist REMOTUS so konzipiert, dass es den Anforderungen verschiedenster Fahrzeuge und Maschinen in zahlreichen Branchen gerecht wird.<\/p>\n\n\n\n<p>F\u00fcr einen unterbrechungsfreien Arbeitsablauf k\u00f6nnen Sender schnell und einfach ausgetauscht werden \u2013 ohne Stillstandzeiten. Standardisierte Modelle mit vorkonfigurierten Programmen erm\u00f6glichen eine schnelle Einrichtung, w\u00e4hrend ma\u00dfgeschneiderte L\u00f6sungen verf\u00fcgbar sind, um spezifische Anwendungsbed\u00fcrfnisse zu erf\u00fcllen.<\/p>\n\n\n\n<figure class=\"wp-block-image size-full\"><img loading=\"lazy\" decoding=\"async\" width=\"6000\" height=\"4000\" src=\"https:\/\/akerstroms.se\/app\/uploads\/2023\/06\/Spolbil-BKGR-Gabriel-Alenius-1965.jpg\" alt=\"\" class=\"wp-image-18512\" srcset=\"https:\/\/akerstroms.se\/app\/uploads\/2023\/06\/Spolbil-BKGR-Gabriel-Alenius-1965.jpg 6000w, https:\/\/akerstroms.se\/app\/uploads\/2023\/06\/Spolbil-BKGR-Gabriel-Alenius-1965-250x167.jpg 250w, https:\/\/akerstroms.se\/app\/uploads\/2023\/06\/Spolbil-BKGR-Gabriel-Alenius-1965-700x467.jpg 700w, https:\/\/akerstroms.se\/app\/uploads\/2023\/06\/Spolbil-BKGR-Gabriel-Alenius-1965-768x512.jpg 768w, https:\/\/akerstroms.se\/app\/uploads\/2023\/06\/Spolbil-BKGR-Gabriel-Alenius-1965-1536x1024.jpg 1536w, https:\/\/akerstroms.se\/app\/uploads\/2023\/06\/Spolbil-BKGR-Gabriel-Alenius-1965-2048x1365.jpg 2048w, https:\/\/akerstroms.se\/app\/uploads\/2023\/06\/Spolbil-BKGR-Gabriel-Alenius-1965-120x80.jpg 120w, https:\/\/akerstroms.se\/app\/uploads\/2023\/06\/Spolbil-BKGR-Gabriel-Alenius-1965-540x360.jpg 540w, https:\/\/akerstroms.se\/app\/uploads\/2023\/06\/Spolbil-BKGR-Gabriel-Alenius-1965-300x200.jpg 300w, https:\/\/akerstroms.se\/app\/uploads\/2023\/06\/Spolbil-BKGR-Gabriel-Alenius-1965-600x400.jpg 600w\" sizes=\"auto, (max-width: 6000px) 100vw, 6000px\" \/><\/figure>\n\n\n\n<div style=\"height:40px\" aria-hidden=\"true\" class=\"wp-block-spacer\"><\/div>\n\n\n\n<figure class=\"wp-block-image size-full\"><img loading=\"lazy\" decoding=\"async\" width=\"2560\" height=\"649\" src=\"https:\/\/akerstroms.se\/app\/uploads\/2024\/11\/T-rx-standard-samling.png\" alt=\"\" class=\"wp-image-21188\" srcset=\"https:\/\/akerstroms.se\/app\/uploads\/2024\/11\/T-rx-standard-samling.png 2560w, https:\/\/akerstroms.se\/app\/uploads\/2024\/11\/T-rx-standard-samling-250x63.png 250w, https:\/\/akerstroms.se\/app\/uploads\/2024\/11\/T-rx-standard-samling-700x178.png 700w, https:\/\/akerstroms.se\/app\/uploads\/2024\/11\/T-rx-standard-samling-768x195.png 768w, https:\/\/akerstroms.se\/app\/uploads\/2024\/11\/T-rx-standard-samling-1536x390.png 1536w, https:\/\/akerstroms.se\/app\/uploads\/2024\/11\/T-rx-standard-samling-2048x519.png 2048w, https:\/\/akerstroms.se\/app\/uploads\/2024\/11\/T-rx-standard-samling-120x30.png 120w, https:\/\/akerstroms.se\/app\/uploads\/2024\/11\/T-rx-standard-samling-540x137.png 540w, https:\/\/akerstroms.se\/app\/uploads\/2024\/11\/T-rx-standard-samling-300x76.png 300w, https:\/\/akerstroms.se\/app\/uploads\/2024\/11\/T-rx-standard-samling-600x152.png 600w\" sizes=\"auto, (max-width: 2560px) 100vw, 2560px\" \/><\/figure>\n\n\n\n<div style=\"height:69px\" aria-hidden=\"true\" class=\"wp-block-spacer\"><\/div>\n\n\n\n<h3 class=\"wp-block-heading\"><strong>Sprechen Sie mit einem Experten!<\/strong><\/h3>\n\n\n\n<p>F\u00fcr weitere Informationen \u00fcber unsere Funkfernsteuerungssysteme wenden Sie sich bitte telefonisch oder per E-Mail an unsere Experten Andreas oder Natanael.<\/p>\n\n\n\n<a id=\"kontakt\"><\/a>\n\n\n\n<div class=\"wp-block-columns is-layout-flex wp-container-core-columns-is-layout-9d6595d7 wp-block-columns-is-layout-flex\">\n<div class=\"wp-block-column is-layout-flow wp-block-column-is-layout-flow\">\n<figure class=\"wp-block-image size-large\"><img loading=\"lazy\" decoding=\"async\" width=\"700\" height=\"525\" src=\"https:\/\/akerstroms.se\/app\/uploads\/2025\/08\/and-hedstrom-800x600x150-dpi-700x525.jpg\" alt=\"\" class=\"wp-image-22826\" srcset=\"https:\/\/akerstroms.se\/app\/uploads\/2025\/08\/and-hedstrom-800x600x150-dpi-700x525.jpg 700w, https:\/\/akerstroms.se\/app\/uploads\/2025\/08\/and-hedstrom-800x600x150-dpi-250x188.jpg 250w, https:\/\/akerstroms.se\/app\/uploads\/2025\/08\/and-hedstrom-800x600x150-dpi-768x576.jpg 768w, https:\/\/akerstroms.se\/app\/uploads\/2025\/08\/and-hedstrom-800x600x150-dpi-120x90.jpg 120w, https:\/\/akerstroms.se\/app\/uploads\/2025\/08\/and-hedstrom-800x600x150-dpi-540x405.jpg 540w, https:\/\/akerstroms.se\/app\/uploads\/2025\/08\/and-hedstrom-800x600x150-dpi-300x225.jpg 300w, https:\/\/akerstroms.se\/app\/uploads\/2025\/08\/and-hedstrom-800x600x150-dpi-600x450.jpg 600w, https:\/\/akerstroms.se\/app\/uploads\/2025\/08\/and-hedstrom-800x600x150-dpi.jpg 800w\" sizes=\"auto, (max-width: 700px) 100vw, 700px\" \/><\/figure>\n\n\n\n<h5 class=\"wp-block-heading has-text-align-center\"><strong>Andreas Hedstr\u00f6m<\/strong><\/h5>\n\n\n\n<p class=\"has-text-align-center\"><strong>Exportmanager<\/strong><br><strong>Mail:<\/strong> <a href=\"mailto:andreas.hedstrom@akerstroms.se\">andreas.hedstrom@akerstroms.se<\/a> <br><strong>Telefon:<\/strong> <a href=\"tel:+4624125019\">+46 241-250 19<\/a> \/ <a href=\"tel:+46705474281\">+46 70-547 42 81<\/a><\/p>\n<\/div>\n\n\n\n<div class=\"wp-block-column is-layout-flow wp-block-column-is-layout-flow\">\n<figure class=\"wp-block-image size-large\"><img loading=\"lazy\" decoding=\"async\" width=\"700\" height=\"525\" src=\"https:\/\/akerstroms.se\/app\/uploads\/2025\/06\/Natanael-800x600-72dpi-700x525.png\" alt=\"\" class=\"wp-image-22503\" srcset=\"https:\/\/akerstroms.se\/app\/uploads\/2025\/06\/Natanael-800x600-72dpi-700x525.png 700w, https:\/\/akerstroms.se\/app\/uploads\/2025\/06\/Natanael-800x600-72dpi-250x188.png 250w, https:\/\/akerstroms.se\/app\/uploads\/2025\/06\/Natanael-800x600-72dpi-768x576.png 768w, https:\/\/akerstroms.se\/app\/uploads\/2025\/06\/Natanael-800x600-72dpi-120x90.png 120w, https:\/\/akerstroms.se\/app\/uploads\/2025\/06\/Natanael-800x600-72dpi-540x405.png 540w, https:\/\/akerstroms.se\/app\/uploads\/2025\/06\/Natanael-800x600-72dpi-300x225.png 300w, https:\/\/akerstroms.se\/app\/uploads\/2025\/06\/Natanael-800x600-72dpi-600x450.png 600w, https:\/\/akerstroms.se\/app\/uploads\/2025\/06\/Natanael-800x600-72dpi.png 800w\" sizes=\"auto, (max-width: 700px) 100vw, 700px\" \/><\/figure>\n\n\n\n<h5 class=\"wp-block-heading has-text-align-center\"><strong>Natanael Pehrs<\/strong><\/h5>\n\n\n\n<p class=\"has-text-align-center\"><strong>Gebietsverkaufsleiter<br>Mail:<\/strong> <a href=\"mailto:natanael.pehrs@akerstroms.se\">natanael.pehrs@akerstroms.se<\/a> <br><strong>Telefon:<\/strong> <a href=\"tel:+4624125023\">+46 241-250 23<\/a> \/ <a href=\"tel:+46730556582\">+46 73-055 65 82<\/a><\/p>\n<\/div>\n<\/div>\n\n\n\n<p><\/p>\n","protected":false},"excerpt":{"rendered":"<p>Renommierte Funkfernsteuerungssysteme f\u00fcr Robustheit und Zuverl\u00e4ssigkeit REMOTUS ist unsere bew\u00e4hrte Serie von Funkfernsteuerungssystemen, denen Hersteller und Betreiber von Saugfahrzeugen in der gesamten Branche vertrauen, um&#8230;<\/p>\n","protected":false},"author":297,"featured_media":0,"parent":0,"menu_order":0,"comment_status":"closed","ping_status":"closed","template":"templates\/page-text-page.php","meta":{"_acf_changed":false,"footnotes":""},"class_list":["post-22937","page","type-page","status-publish","hentry"],"acf":[],"yoast_head":"<!-- This site is optimized with the Yoast SEO plugin v27.4 - https:\/\/yoast.com\/product\/yoast-seo-wordpress\/ -->\n<title>Remotus T-Rx - \u00c5kerstr\u00f6ms Bj\u00f6rbo<\/title>\n<meta name=\"robots\" content=\"index, follow, max-snippet:-1, max-image-preview:large, max-video-preview:-1\" \/>\n<link rel=\"canonical\" href=\"https:\/\/akerstroms.se\/de\/remotus-t-rx\/\" \/>\n<meta property=\"og:locale\" content=\"de_DE\" \/>\n<meta property=\"og:type\" content=\"article\" \/>\n<meta property=\"og:title\" content=\"Remotus T-Rx - \u00c5kerstr\u00f6ms Bj\u00f6rbo\" \/>\n<meta property=\"og:description\" content=\"Renommierte Funkfernsteuerungssysteme f\u00fcr Robustheit und Zuverl\u00e4ssigkeit REMOTUS ist unsere bew\u00e4hrte Serie von Funkfernsteuerungssystemen, denen Hersteller und Betreiber von Saugfahrzeugen in der gesamten Branche vertrauen, um...\" \/>\n<meta property=\"og:url\" content=\"https:\/\/akerstroms.se\/de\/remotus-t-rx\/\" \/>\n<meta property=\"og:site_name\" content=\"\u00c5kerstr\u00f6ms Bj\u00f6rbo\" \/>\n<meta property=\"article:publisher\" content=\"https:\/\/www.facebook.com\/akerstroms.se\" \/>\n<meta property=\"article:modified_time\" content=\"2025-09-23T12:20:28+00:00\" \/>\n<meta property=\"og:image\" content=\"https:\/\/akerstroms.se\/app\/uploads\/2025\/08\/Spolbil-BKGR-Gabriel-Alenius-2236-scaled.jpg\" \/>\n\t<meta property=\"og:image:width\" content=\"2560\" \/>\n\t<meta property=\"og:image:height\" content=\"1707\" \/>\n\t<meta property=\"og:image:type\" content=\"image\/jpeg\" \/>\n<meta name=\"twitter:card\" content=\"summary_large_image\" \/>\n<meta name=\"twitter:label1\" content=\"Gesch\u00e4tzte Lesezeit\" \/>\n\t<meta name=\"twitter:data1\" content=\"3\u00a0Minuten\" \/>\n<script type=\"application\/ld+json\" class=\"yoast-schema-graph\">{\"@context\":\"https:\\\/\\\/schema.org\",\"@graph\":[{\"@type\":\"WebPage\",\"@id\":\"https:\\\/\\\/akerstroms.se\\\/de\\\/remotus-t-rx\\\/\",\"url\":\"https:\\\/\\\/akerstroms.se\\\/de\\\/remotus-t-rx\\\/\",\"name\":\"Remotus T-Rx - \u00c5kerstr\u00f6ms Bj\u00f6rbo\",\"isPartOf\":{\"@id\":\"https:\\\/\\\/akerstroms.se\\\/#website\"},\"primaryImageOfPage\":{\"@id\":\"https:\\\/\\\/akerstroms.se\\\/de\\\/remotus-t-rx\\\/#primaryimage\"},\"image\":{\"@id\":\"https:\\\/\\\/akerstroms.se\\\/de\\\/remotus-t-rx\\\/#primaryimage\"},\"thumbnailUrl\":\"https:\\\/\\\/akerstroms.se\\\/app\\\/uploads\\\/2025\\\/08\\\/Spolbil-BKGR-Gabriel-Alenius-2236-scaled.jpg\",\"datePublished\":\"2025-09-23T11:44:40+00:00\",\"dateModified\":\"2025-09-23T12:20:28+00:00\",\"breadcrumb\":{\"@id\":\"https:\\\/\\\/akerstroms.se\\\/de\\\/remotus-t-rx\\\/#breadcrumb\"},\"inLanguage\":\"de\",\"potentialAction\":[{\"@type\":\"ReadAction\",\"target\":[\"https:\\\/\\\/akerstroms.se\\\/de\\\/remotus-t-rx\\\/\"]}]},{\"@type\":\"ImageObject\",\"inLanguage\":\"de\",\"@id\":\"https:\\\/\\\/akerstroms.se\\\/de\\\/remotus-t-rx\\\/#primaryimage\",\"url\":\"https:\\\/\\\/akerstroms.se\\\/app\\\/uploads\\\/2025\\\/08\\\/Spolbil-BKGR-Gabriel-Alenius-2236-scaled.jpg\",\"contentUrl\":\"https:\\\/\\\/akerstroms.se\\\/app\\\/uploads\\\/2025\\\/08\\\/Spolbil-BKGR-Gabriel-Alenius-2236-scaled.jpg\"},{\"@type\":\"BreadcrumbList\",\"@id\":\"https:\\\/\\\/akerstroms.se\\\/de\\\/remotus-t-rx\\\/#breadcrumb\",\"itemListElement\":[{\"@type\":\"ListItem\",\"position\":1,\"name\":\"Home\",\"item\":\"https:\\\/\\\/akerstroms.se\\\/de\\\/\"},{\"@type\":\"ListItem\",\"position\":2,\"name\":\"Remotus T-Rx\"}]},{\"@type\":\"WebSite\",\"@id\":\"https:\\\/\\\/akerstroms.se\\\/#website\",\"url\":\"https:\\\/\\\/akerstroms.se\\\/\",\"name\":\"\u00c5kerstr\u00f6ms Bj\u00f6rbo\",\"description\":\"Radiostyrning f\u00f6r industriella och mobila applikationer\",\"publisher\":{\"@id\":\"https:\\\/\\\/akerstroms.se\\\/#organization\"},\"potentialAction\":[{\"@type\":\"SearchAction\",\"target\":{\"@type\":\"EntryPoint\",\"urlTemplate\":\"https:\\\/\\\/akerstroms.se\\\/?s={search_term_string}\"},\"query-input\":{\"@type\":\"PropertyValueSpecification\",\"valueRequired\":true,\"valueName\":\"search_term_string\"}}],\"inLanguage\":\"de\"},{\"@type\":\"Organization\",\"@id\":\"https:\\\/\\\/akerstroms.se\\\/#organization\",\"name\":\"\u00c5kerstr\u00f6ms AB\",\"url\":\"https:\\\/\\\/akerstroms.se\\\/\",\"logo\":{\"@type\":\"ImageObject\",\"inLanguage\":\"de\",\"@id\":\"https:\\\/\\\/akerstroms.se\\\/#\\\/schema\\\/logo\\\/image\\\/\",\"url\":\"https:\\\/\\\/akerstroms.se\\\/app\\\/uploads\\\/2021\\\/10\\\/akerstroms-logo.png\",\"contentUrl\":\"https:\\\/\\\/akerstroms.se\\\/app\\\/uploads\\\/2021\\\/10\\\/akerstroms-logo.png\",\"width\":400,\"height\":86,\"caption\":\"\u00c5kerstr\u00f6ms AB\"},\"image\":{\"@id\":\"https:\\\/\\\/akerstroms.se\\\/#\\\/schema\\\/logo\\\/image\\\/\"},\"sameAs\":[\"https:\\\/\\\/www.facebook.com\\\/akerstroms.se\",\"https:\\\/\\\/www.linkedin.com\\\/company\\\/akerstroms\\\/\",\"https:\\\/\\\/www.youtube.com\\\/channel\\\/UC8S-jX9nA8c9qBaTlgqg1CQ\"]}]}<\/script>\n<!-- \/ Yoast SEO plugin. -->","yoast_head_json":{"title":"Remotus T-Rx - \u00c5kerstr\u00f6ms Bj\u00f6rbo","robots":{"index":"index","follow":"follow","max-snippet":"max-snippet:-1","max-image-preview":"max-image-preview:large","max-video-preview":"max-video-preview:-1"},"canonical":"https:\/\/akerstroms.se\/de\/remotus-t-rx\/","og_locale":"de_DE","og_type":"article","og_title":"Remotus T-Rx - \u00c5kerstr\u00f6ms Bj\u00f6rbo","og_description":"Renommierte Funkfernsteuerungssysteme f\u00fcr Robustheit und Zuverl\u00e4ssigkeit REMOTUS ist unsere bew\u00e4hrte Serie von Funkfernsteuerungssystemen, denen Hersteller und Betreiber von Saugfahrzeugen in der gesamten Branche vertrauen, um...","og_url":"https:\/\/akerstroms.se\/de\/remotus-t-rx\/","og_site_name":"\u00c5kerstr\u00f6ms Bj\u00f6rbo","article_publisher":"https:\/\/www.facebook.com\/akerstroms.se","article_modified_time":"2025-09-23T12:20:28+00:00","og_image":[{"width":2560,"height":1707,"url":"https:\/\/akerstroms.se\/app\/uploads\/2025\/08\/Spolbil-BKGR-Gabriel-Alenius-2236-scaled.jpg","type":"image\/jpeg"}],"twitter_card":"summary_large_image","twitter_misc":{"Gesch\u00e4tzte Lesezeit":"3\u00a0Minuten"},"schema":{"@context":"https:\/\/schema.org","@graph":[{"@type":"WebPage","@id":"https:\/\/akerstroms.se\/de\/remotus-t-rx\/","url":"https:\/\/akerstroms.se\/de\/remotus-t-rx\/","name":"Remotus T-Rx - \u00c5kerstr\u00f6ms Bj\u00f6rbo","isPartOf":{"@id":"https:\/\/akerstroms.se\/#website"},"primaryImageOfPage":{"@id":"https:\/\/akerstroms.se\/de\/remotus-t-rx\/#primaryimage"},"image":{"@id":"https:\/\/akerstroms.se\/de\/remotus-t-rx\/#primaryimage"},"thumbnailUrl":"https:\/\/akerstroms.se\/app\/uploads\/2025\/08\/Spolbil-BKGR-Gabriel-Alenius-2236-scaled.jpg","datePublished":"2025-09-23T11:44:40+00:00","dateModified":"2025-09-23T12:20:28+00:00","breadcrumb":{"@id":"https:\/\/akerstroms.se\/de\/remotus-t-rx\/#breadcrumb"},"inLanguage":"de","potentialAction":[{"@type":"ReadAction","target":["https:\/\/akerstroms.se\/de\/remotus-t-rx\/"]}]},{"@type":"ImageObject","inLanguage":"de","@id":"https:\/\/akerstroms.se\/de\/remotus-t-rx\/#primaryimage","url":"https:\/\/akerstroms.se\/app\/uploads\/2025\/08\/Spolbil-BKGR-Gabriel-Alenius-2236-scaled.jpg","contentUrl":"https:\/\/akerstroms.se\/app\/uploads\/2025\/08\/Spolbil-BKGR-Gabriel-Alenius-2236-scaled.jpg"},{"@type":"BreadcrumbList","@id":"https:\/\/akerstroms.se\/de\/remotus-t-rx\/#breadcrumb","itemListElement":[{"@type":"ListItem","position":1,"name":"Home","item":"https:\/\/akerstroms.se\/de\/"},{"@type":"ListItem","position":2,"name":"Remotus T-Rx"}]},{"@type":"WebSite","@id":"https:\/\/akerstroms.se\/#website","url":"https:\/\/akerstroms.se\/","name":"\u00c5kerstr\u00f6ms Bj\u00f6rbo","description":"Radiostyrning f\u00f6r industriella och mobila applikationer","publisher":{"@id":"https:\/\/akerstroms.se\/#organization"},"potentialAction":[{"@type":"SearchAction","target":{"@type":"EntryPoint","urlTemplate":"https:\/\/akerstroms.se\/?s={search_term_string}"},"query-input":{"@type":"PropertyValueSpecification","valueRequired":true,"valueName":"search_term_string"}}],"inLanguage":"de"},{"@type":"Organization","@id":"https:\/\/akerstroms.se\/#organization","name":"\u00c5kerstr\u00f6ms AB","url":"https:\/\/akerstroms.se\/","logo":{"@type":"ImageObject","inLanguage":"de","@id":"https:\/\/akerstroms.se\/#\/schema\/logo\/image\/","url":"https:\/\/akerstroms.se\/app\/uploads\/2021\/10\/akerstroms-logo.png","contentUrl":"https:\/\/akerstroms.se\/app\/uploads\/2021\/10\/akerstroms-logo.png","width":400,"height":86,"caption":"\u00c5kerstr\u00f6ms AB"},"image":{"@id":"https:\/\/akerstroms.se\/#\/schema\/logo\/image\/"},"sameAs":["https:\/\/www.facebook.com\/akerstroms.se","https:\/\/www.linkedin.com\/company\/akerstroms\/","https:\/\/www.youtube.com\/channel\/UC8S-jX9nA8c9qBaTlgqg1CQ"]}]}},"_links":{"self":[{"href":"https:\/\/akerstroms.se\/de\/wp-json\/wp\/v2\/pages\/22937","targetHints":{"allow":["GET"]}}],"collection":[{"href":"https:\/\/akerstroms.se\/de\/wp-json\/wp\/v2\/pages"}],"about":[{"href":"https:\/\/akerstroms.se\/de\/wp-json\/wp\/v2\/types\/page"}],"author":[{"embeddable":true,"href":"https:\/\/akerstroms.se\/de\/wp-json\/wp\/v2\/users\/297"}],"replies":[{"embeddable":true,"href":"https:\/\/akerstroms.se\/de\/wp-json\/wp\/v2\/comments?post=22937"}],"version-history":[{"count":5,"href":"https:\/\/akerstroms.se\/de\/wp-json\/wp\/v2\/pages\/22937\/revisions"}],"predecessor-version":[{"id":22946,"href":"https:\/\/akerstroms.se\/de\/wp-json\/wp\/v2\/pages\/22937\/revisions\/22946"}],"wp:attachment":[{"href":"https:\/\/akerstroms.se\/de\/wp-json\/wp\/v2\/media?parent=22937"}],"curies":[{"name":"wp","href":"https:\/\/api.w.org\/{rel}","templated":true}]}}