{"id":20473,"date":"2024-05-23T16:05:05","date_gmt":"2024-05-23T14:05:05","guid":{"rendered":"https:\/\/akerstroms.se\/?page_id=20473"},"modified":"2024-05-23T16:05:06","modified_gmt":"2024-05-23T14:05:06","slug":"informationen-zur-eu-chemikalienverordnung-reach","status":"publish","type":"page","link":"https:\/\/akerstroms.se\/de\/informationen-zur-eu-chemikalienverordnung-reach\/","title":{"rendered":"Informationen zur EU-Chemikalienverordnung REACH"},"content":{"rendered":"\n<h2 class=\"wp-block-heading\" id=\"h-informationen-zur-eu-chemikalienverordnung-reach\">Informationen zur EU-Chemikalienverordnung REACH<\/h2>\n\n\n\n<p>\u00c5kerstr\u00f6ms Bj\u00f6rbo AB spezialisiert sich auf sichere und hochwertige industrielle Funkfernsteuerungsl\u00f6sungen mit Schwerpunkt auf Flexibilit\u00e4t und Langlebigkeit.<\/p>\n\n\n\n<p>Nachhaltigkeit ist ein Leitprinzip f\u00fcr unser Gesch\u00e4ft. Von Anfang an \u00fcbernehmen wir die volle Verantwortung f\u00fcr den Lebenszyklus des Produkts und entwerfen L\u00f6sungen, die die Umweltbelastung minimieren.<\/p>\n\n\n\n<p>Wir erf\u00fcllen die gesetzlichen Anforderungen, wie die Chemikalienverordnung REACH (Registration, Evaluation, Authorization and Restriction of Chemicals) der Europ\u00e4ischen Union (EU), die am 1. Juni 2007 in Kraft getreten ist. Die Kandidatenliste gem\u00e4\u00df Artikel 59 der REACH-Verordnung wurde am 28. Oktober 2008 ver\u00f6ffentlicht und seitdem regelm\u00e4\u00dfig aktualisiert, zuletzt am 14. Juni 2023. REACH verpflichtet \u00c5kerstr\u00f6ms Bj\u00f6rbo AB, den Kunden ausreichende Informationen bereitzustellen, wenn in unseren Produkten Substanzen, die als besonders besorgniserregend gelten (SVHC), in einer Konzentration von mehr als 0,1 % Gewichtsprozent (w\/w) enthalten sind.<\/p>\n\n\n\n<p>Um die SVHC-Erkl\u00e4rung zu erhalten, bitte senden Sie eine E-Mail an <a href=\"mailto:reach@akerstroms.se\">reach@akerstroms.se<\/a><\/p>\n","protected":false},"excerpt":{"rendered":"<p>Informationen zur EU-Chemikalienverordnung REACH \u00c5kerstr\u00f6ms Bj\u00f6rbo AB spezialisiert sich auf sichere und hochwertige industrielle Funkfernsteuerungsl\u00f6sungen mit Schwerpunkt auf Flexibilit\u00e4t und Langlebigkeit. Nachhaltigkeit ist ein Leitprinzip&#8230;<\/p>\n","protected":false},"author":7,"featured_media":0,"parent":0,"menu_order":0,"comment_status":"closed","ping_status":"closed","template":"","meta":{"_acf_changed":false,"footnotes":""},"class_list":["post-20473","page","type-page","status-publish","hentry"],"acf":[],"yoast_head":"<!-- This site is optimized with the Yoast SEO plugin v27.4 - https:\/\/yoast.com\/product\/yoast-seo-wordpress\/ -->\n<title>Informationen zur EU-Chemikalienverordnung REACH - \u00c5kerstr\u00f6ms Bj\u00f6rbo<\/title>\n<meta name=\"robots\" content=\"index, follow, max-snippet:-1, max-image-preview:large, max-video-preview:-1\" \/>\n<link rel=\"canonical\" href=\"https:\/\/akerstroms.se\/de\/informationen-zur-eu-chemikalienverordnung-reach\/\" \/>\n<meta property=\"og:locale\" content=\"de_DE\" \/>\n<meta property=\"og:type\" content=\"article\" \/>\n<meta property=\"og:title\" content=\"Informationen zur EU-Chemikalienverordnung REACH - \u00c5kerstr\u00f6ms Bj\u00f6rbo\" \/>\n<meta property=\"og:description\" content=\"Informationen zur EU-Chemikalienverordnung REACH \u00c5kerstr\u00f6ms Bj\u00f6rbo AB spezialisiert sich auf sichere und hochwertige industrielle Funkfernsteuerungsl\u00f6sungen mit Schwerpunkt auf Flexibilit\u00e4t und Langlebigkeit. Nachhaltigkeit ist ein Leitprinzip...\" \/>\n<meta property=\"og:url\" content=\"https:\/\/akerstroms.se\/de\/informationen-zur-eu-chemikalienverordnung-reach\/\" \/>\n<meta property=\"og:site_name\" content=\"\u00c5kerstr\u00f6ms Bj\u00f6rbo\" \/>\n<meta property=\"article:publisher\" content=\"https:\/\/www.facebook.com\/akerstroms.se\" \/>\n<meta property=\"article:modified_time\" content=\"2024-05-23T14:05:06+00:00\" \/>\n<meta property=\"og:image\" content=\"https:\/\/akerstroms.se\/app\/uploads\/2021\/09\/Akerstroms-remote-controls.jpg\" \/>\n\t<meta property=\"og:image:width\" content=\"1200\" \/>\n\t<meta property=\"og:image:height\" content=\"675\" \/>\n\t<meta property=\"og:image:type\" content=\"image\/jpeg\" \/>\n<meta name=\"twitter:card\" content=\"summary_large_image\" \/>\n<meta name=\"twitter:label1\" content=\"Gesch\u00e4tzte Lesezeit\" \/>\n\t<meta name=\"twitter:data1\" content=\"1\u00a0Minute\" \/>\n<script type=\"application\/ld+json\" class=\"yoast-schema-graph\">{\"@context\":\"https:\\\/\\\/schema.org\",\"@graph\":[{\"@type\":\"WebPage\",\"@id\":\"https:\\\/\\\/akerstroms.se\\\/de\\\/informationen-zur-eu-chemikalienverordnung-reach\\\/\",\"url\":\"https:\\\/\\\/akerstroms.se\\\/de\\\/informationen-zur-eu-chemikalienverordnung-reach\\\/\",\"name\":\"Informationen zur EU-Chemikalienverordnung REACH - \u00c5kerstr\u00f6ms Bj\u00f6rbo\",\"isPartOf\":{\"@id\":\"https:\\\/\\\/akerstroms.se\\\/#website\"},\"datePublished\":\"2024-05-23T14:05:05+00:00\",\"dateModified\":\"2024-05-23T14:05:06+00:00\",\"breadcrumb\":{\"@id\":\"https:\\\/\\\/akerstroms.se\\\/de\\\/informationen-zur-eu-chemikalienverordnung-reach\\\/#breadcrumb\"},\"inLanguage\":\"de\",\"potentialAction\":[{\"@type\":\"ReadAction\",\"target\":[\"https:\\\/\\\/akerstroms.se\\\/de\\\/informationen-zur-eu-chemikalienverordnung-reach\\\/\"]}]},{\"@type\":\"BreadcrumbList\",\"@id\":\"https:\\\/\\\/akerstroms.se\\\/de\\\/informationen-zur-eu-chemikalienverordnung-reach\\\/#breadcrumb\",\"itemListElement\":[{\"@type\":\"ListItem\",\"position\":1,\"name\":\"Home\",\"item\":\"https:\\\/\\\/akerstroms.se\\\/de\\\/\"},{\"@type\":\"ListItem\",\"position\":2,\"name\":\"Informationen zur EU-Chemikalienverordnung REACH\"}]},{\"@type\":\"WebSite\",\"@id\":\"https:\\\/\\\/akerstroms.se\\\/#website\",\"url\":\"https:\\\/\\\/akerstroms.se\\\/\",\"name\":\"\u00c5kerstr\u00f6ms Bj\u00f6rbo\",\"description\":\"Radiostyrning f\u00f6r industriella och mobila applikationer\",\"publisher\":{\"@id\":\"https:\\\/\\\/akerstroms.se\\\/#organization\"},\"potentialAction\":[{\"@type\":\"SearchAction\",\"target\":{\"@type\":\"EntryPoint\",\"urlTemplate\":\"https:\\\/\\\/akerstroms.se\\\/?s={search_term_string}\"},\"query-input\":{\"@type\":\"PropertyValueSpecification\",\"valueRequired\":true,\"valueName\":\"search_term_string\"}}],\"inLanguage\":\"de\"},{\"@type\":\"Organization\",\"@id\":\"https:\\\/\\\/akerstroms.se\\\/#organization\",\"name\":\"\u00c5kerstr\u00f6ms AB\",\"url\":\"https:\\\/\\\/akerstroms.se\\\/\",\"logo\":{\"@type\":\"ImageObject\",\"inLanguage\":\"de\",\"@id\":\"https:\\\/\\\/akerstroms.se\\\/#\\\/schema\\\/logo\\\/image\\\/\",\"url\":\"https:\\\/\\\/akerstroms.se\\\/app\\\/uploads\\\/2021\\\/10\\\/akerstroms-logo.png\",\"contentUrl\":\"https:\\\/\\\/akerstroms.se\\\/app\\\/uploads\\\/2021\\\/10\\\/akerstroms-logo.png\",\"width\":400,\"height\":86,\"caption\":\"\u00c5kerstr\u00f6ms AB\"},\"image\":{\"@id\":\"https:\\\/\\\/akerstroms.se\\\/#\\\/schema\\\/logo\\\/image\\\/\"},\"sameAs\":[\"https:\\\/\\\/www.facebook.com\\\/akerstroms.se\",\"https:\\\/\\\/www.linkedin.com\\\/company\\\/akerstroms\\\/\",\"https:\\\/\\\/www.youtube.com\\\/channel\\\/UC8S-jX9nA8c9qBaTlgqg1CQ\"]}]}<\/script>\n<!-- \/ Yoast SEO plugin. -->","yoast_head_json":{"title":"Informationen zur EU-Chemikalienverordnung REACH - \u00c5kerstr\u00f6ms Bj\u00f6rbo","robots":{"index":"index","follow":"follow","max-snippet":"max-snippet:-1","max-image-preview":"max-image-preview:large","max-video-preview":"max-video-preview:-1"},"canonical":"https:\/\/akerstroms.se\/de\/informationen-zur-eu-chemikalienverordnung-reach\/","og_locale":"de_DE","og_type":"article","og_title":"Informationen zur EU-Chemikalienverordnung REACH - \u00c5kerstr\u00f6ms Bj\u00f6rbo","og_description":"Informationen zur EU-Chemikalienverordnung REACH \u00c5kerstr\u00f6ms Bj\u00f6rbo AB spezialisiert sich auf sichere und hochwertige industrielle Funkfernsteuerungsl\u00f6sungen mit Schwerpunkt auf Flexibilit\u00e4t und Langlebigkeit. Nachhaltigkeit ist ein Leitprinzip...","og_url":"https:\/\/akerstroms.se\/de\/informationen-zur-eu-chemikalienverordnung-reach\/","og_site_name":"\u00c5kerstr\u00f6ms Bj\u00f6rbo","article_publisher":"https:\/\/www.facebook.com\/akerstroms.se","article_modified_time":"2024-05-23T14:05:06+00:00","og_image":[{"width":1200,"height":675,"url":"https:\/\/akerstroms.se\/app\/uploads\/2021\/09\/Akerstroms-remote-controls.jpg","type":"image\/jpeg"}],"twitter_card":"summary_large_image","twitter_misc":{"Gesch\u00e4tzte Lesezeit":"1\u00a0Minute"},"schema":{"@context":"https:\/\/schema.org","@graph":[{"@type":"WebPage","@id":"https:\/\/akerstroms.se\/de\/informationen-zur-eu-chemikalienverordnung-reach\/","url":"https:\/\/akerstroms.se\/de\/informationen-zur-eu-chemikalienverordnung-reach\/","name":"Informationen zur EU-Chemikalienverordnung REACH - \u00c5kerstr\u00f6ms Bj\u00f6rbo","isPartOf":{"@id":"https:\/\/akerstroms.se\/#website"},"datePublished":"2024-05-23T14:05:05+00:00","dateModified":"2024-05-23T14:05:06+00:00","breadcrumb":{"@id":"https:\/\/akerstroms.se\/de\/informationen-zur-eu-chemikalienverordnung-reach\/#breadcrumb"},"inLanguage":"de","potentialAction":[{"@type":"ReadAction","target":["https:\/\/akerstroms.se\/de\/informationen-zur-eu-chemikalienverordnung-reach\/"]}]},{"@type":"BreadcrumbList","@id":"https:\/\/akerstroms.se\/de\/informationen-zur-eu-chemikalienverordnung-reach\/#breadcrumb","itemListElement":[{"@type":"ListItem","position":1,"name":"Home","item":"https:\/\/akerstroms.se\/de\/"},{"@type":"ListItem","position":2,"name":"Informationen zur EU-Chemikalienverordnung REACH"}]},{"@type":"WebSite","@id":"https:\/\/akerstroms.se\/#website","url":"https:\/\/akerstroms.se\/","name":"\u00c5kerstr\u00f6ms Bj\u00f6rbo","description":"Radiostyrning f\u00f6r industriella och mobila applikationer","publisher":{"@id":"https:\/\/akerstroms.se\/#organization"},"potentialAction":[{"@type":"SearchAction","target":{"@type":"EntryPoint","urlTemplate":"https:\/\/akerstroms.se\/?s={search_term_string}"},"query-input":{"@type":"PropertyValueSpecification","valueRequired":true,"valueName":"search_term_string"}}],"inLanguage":"de"},{"@type":"Organization","@id":"https:\/\/akerstroms.se\/#organization","name":"\u00c5kerstr\u00f6ms AB","url":"https:\/\/akerstroms.se\/","logo":{"@type":"ImageObject","inLanguage":"de","@id":"https:\/\/akerstroms.se\/#\/schema\/logo\/image\/","url":"https:\/\/akerstroms.se\/app\/uploads\/2021\/10\/akerstroms-logo.png","contentUrl":"https:\/\/akerstroms.se\/app\/uploads\/2021\/10\/akerstroms-logo.png","width":400,"height":86,"caption":"\u00c5kerstr\u00f6ms AB"},"image":{"@id":"https:\/\/akerstroms.se\/#\/schema\/logo\/image\/"},"sameAs":["https:\/\/www.facebook.com\/akerstroms.se","https:\/\/www.linkedin.com\/company\/akerstroms\/","https:\/\/www.youtube.com\/channel\/UC8S-jX9nA8c9qBaTlgqg1CQ"]}]}},"_links":{"self":[{"href":"https:\/\/akerstroms.se\/de\/wp-json\/wp\/v2\/pages\/20473","targetHints":{"allow":["GET"]}}],"collection":[{"href":"https:\/\/akerstroms.se\/de\/wp-json\/wp\/v2\/pages"}],"about":[{"href":"https:\/\/akerstroms.se\/de\/wp-json\/wp\/v2\/types\/page"}],"author":[{"embeddable":true,"href":"https:\/\/akerstroms.se\/de\/wp-json\/wp\/v2\/users\/7"}],"replies":[{"embeddable":true,"href":"https:\/\/akerstroms.se\/de\/wp-json\/wp\/v2\/comments?post=20473"}],"version-history":[{"count":1,"href":"https:\/\/akerstroms.se\/de\/wp-json\/wp\/v2\/pages\/20473\/revisions"}],"predecessor-version":[{"id":20474,"href":"https:\/\/akerstroms.se\/de\/wp-json\/wp\/v2\/pages\/20473\/revisions\/20474"}],"wp:attachment":[{"href":"https:\/\/akerstroms.se\/de\/wp-json\/wp\/v2\/media?parent=20473"}],"curies":[{"name":"wp","href":"https:\/\/api.w.org\/{rel}","templated":true}]}}