{"id":17743,"date":"2023-05-11T16:43:14","date_gmt":"2023-05-11T14:43:14","guid":{"rendered":"https:\/\/akerstroms.se\/?page_id=17743"},"modified":"2023-05-15T10:47:56","modified_gmt":"2023-05-15T08:47:56","slug":"fruehere-veranstaltungen","status":"publish","type":"page","link":"https:\/\/akerstroms.se\/de\/events\/fruehere-veranstaltungen\/","title":{"rendered":"Fr\u00fchere Veranstaltungen"},"content":{"rendered":"<section class=\"hero alignfull  \" style=\"background-image: url(https:\/\/akerstroms.se\/app\/uploads\/2021\/10\/Ska\u0308rmavbild-2021-10-04-kl.-16.41.50.png);\">\r\n        <div class=\"hero__text container\">\r\n        <h1 class=\"hero__title\">Fr\u00fchere Veranstaltungen<\/h1>\r\n            <\/div>\r\n<\/section>\r\n\n\n\n<div style=\"height:40px\" aria-hidden=\"true\" class=\"wp-block-spacer\"><\/div>\n\n\n<section class=\"events-list events-previous\">\n                        <div class=\"events-list__single\">\n                <div>\n                    <img loading=\"lazy\" decoding=\"async\" width=\"1044\" height=\"751\" src=\"https:\/\/akerstroms.se\/app\/uploads\/2021\/03\/alihankinta.jpg\" class=\"attachment-post-thumbnail size-post-thumbnail wp-post-image\" alt=\"\" srcset=\"https:\/\/akerstroms.se\/app\/uploads\/2021\/03\/alihankinta.jpg 1044w, https:\/\/akerstroms.se\/app\/uploads\/2021\/03\/alihankinta-250x180.jpg 250w, https:\/\/akerstroms.se\/app\/uploads\/2021\/03\/alihankinta-700x504.jpg 700w, https:\/\/akerstroms.se\/app\/uploads\/2021\/03\/alihankinta-768x552.jpg 768w, https:\/\/akerstroms.se\/app\/uploads\/2021\/03\/alihankinta-120x86.jpg 120w, https:\/\/akerstroms.se\/app\/uploads\/2021\/03\/alihankinta-540x388.jpg 540w, https:\/\/akerstroms.se\/app\/uploads\/2021\/03\/alihankinta-300x216.jpg 300w, https:\/\/akerstroms.se\/app\/uploads\/2021\/03\/alihankinta-600x432.jpg 600w\" sizes=\"auto, (max-width: 1044px) 100vw, 1044px\" \/>                <\/div>\n                <div class=\"events-list__info\">\n                    <h3 class=\"events-list__heading\">Alihankinta 26.-28. September<\/h3>\n                    <div class=\"events-list__date\">\n\n                                                    2023-09-26                            <span>&#8211;<\/span>\n                        \n                        <span>\n                            2023-09-28                        <\/span>\n                    <\/div>\n\n                    \n                    <div>\n                        Wir sind als Aussteller aus Alihankinta in Finnland September 26.-28.                     <\/div>\n\n                                    <\/div>\n            <\/div>\n\n                    <div class=\"events-list__single\">\n                <div>\n                    <img loading=\"lazy\" decoding=\"async\" width=\"1667\" height=\"1250\" src=\"https:\/\/akerstroms.se\/app\/uploads\/2021\/03\/sps-1.jpg\" class=\"attachment-post-thumbnail size-post-thumbnail wp-post-image\" alt=\"\" srcset=\"https:\/\/akerstroms.se\/app\/uploads\/2021\/03\/sps-1.jpg 1667w, https:\/\/akerstroms.se\/app\/uploads\/2021\/03\/sps-1-250x187.jpg 250w, https:\/\/akerstroms.se\/app\/uploads\/2021\/03\/sps-1-700x525.jpg 700w, https:\/\/akerstroms.se\/app\/uploads\/2021\/03\/sps-1-768x576.jpg 768w, https:\/\/akerstroms.se\/app\/uploads\/2021\/03\/sps-1-1536x1152.jpg 1536w, https:\/\/akerstroms.se\/app\/uploads\/2021\/03\/sps-1-120x90.jpg 120w, https:\/\/akerstroms.se\/app\/uploads\/2021\/03\/sps-1-540x405.jpg 540w, https:\/\/akerstroms.se\/app\/uploads\/2021\/03\/sps-1-300x225.jpg 300w, https:\/\/akerstroms.se\/app\/uploads\/2021\/03\/sps-1-600x450.jpg 600w\" sizes=\"auto, (max-width: 1667px) 100vw, 1667px\" \/>                <\/div>\n                <div class=\"events-list__info\">\n                    <h3 class=\"events-list__heading\">SPS IPC Drives, 14.-16. November<\/h3>\n                    <div class=\"events-list__date\">\n\n                                                    2023-11-14                            <span>&#8211;<\/span>\n                        \n                        <span>\n                            2023-11-16                        <\/span>\n                    <\/div>\n\n                                            <div class=\"events-list__location\">\n                            N\u00fcrnberg                        <\/div>\n                    \n                    <div>\n                        Wir sind Aussteller aus SPS in N\u00fcrnberg November 14.-16.                    <\/div>\n\n                                    <\/div>\n            <\/div>\n\n                    <div class=\"events-list__single\">\n                <div>\n                    <img loading=\"lazy\" decoding=\"async\" width=\"1868\" height=\"1060\" src=\"https:\/\/akerstroms.se\/app\/uploads\/2023\/10\/rt-24-logo-ut-date-neg-4c-en.jpg\" class=\"attachment-post-thumbnail size-post-thumbnail wp-post-image\" alt=\"\" srcset=\"https:\/\/akerstroms.se\/app\/uploads\/2023\/10\/rt-24-logo-ut-date-neg-4c-en.jpg 1868w, https:\/\/akerstroms.se\/app\/uploads\/2023\/10\/rt-24-logo-ut-date-neg-4c-en-250x142.jpg 250w, https:\/\/akerstroms.se\/app\/uploads\/2023\/10\/rt-24-logo-ut-date-neg-4c-en-700x397.jpg 700w, https:\/\/akerstroms.se\/app\/uploads\/2023\/10\/rt-24-logo-ut-date-neg-4c-en-768x436.jpg 768w, https:\/\/akerstroms.se\/app\/uploads\/2023\/10\/rt-24-logo-ut-date-neg-4c-en-1536x872.jpg 1536w, https:\/\/akerstroms.se\/app\/uploads\/2023\/10\/rt-24-logo-ut-date-neg-4c-en-120x68.jpg 120w, https:\/\/akerstroms.se\/app\/uploads\/2023\/10\/rt-24-logo-ut-date-neg-4c-en-540x306.jpg 540w, https:\/\/akerstroms.se\/app\/uploads\/2023\/10\/rt-24-logo-ut-date-neg-4c-en-300x170.jpg 300w, https:\/\/akerstroms.se\/app\/uploads\/2023\/10\/rt-24-logo-ut-date-neg-4c-en-600x340.jpg 600w\" sizes=\"auto, (max-width: 1868px) 100vw, 1868px\" \/>                <\/div>\n                <div class=\"events-list__info\">\n                    <h3 class=\"events-list__heading\">R + T 2024<\/h3>\n                    <div class=\"events-list__date\">\n\n                                                    2024-02-19                            <span>&#8211;<\/span>\n                        \n                        <span>\n                            2024-02-23                        <\/span>\n                    <\/div>\n\n                                            <div class=\"events-list__location\">\n                            DEUTSCHLAND                        <\/div>\n                    \n                    <div>\n                        Wir sind Aussteller aus R+T Februar 19 &#8211; 23                    <\/div>\n\n                                    <\/div>\n            <\/div>\n\n                    <div class=\"events-list__single\">\n                <div>\n                    <img loading=\"lazy\" decoding=\"async\" width=\"2048\" height=\"1565\" src=\"https:\/\/akerstroms.se\/app\/uploads\/2024\/02\/INTERMAT.jpg\" class=\"attachment-post-thumbnail size-post-thumbnail wp-post-image\" alt=\"\" srcset=\"https:\/\/akerstroms.se\/app\/uploads\/2024\/02\/INTERMAT.jpg 2048w, https:\/\/akerstroms.se\/app\/uploads\/2024\/02\/INTERMAT-250x191.jpg 250w, https:\/\/akerstroms.se\/app\/uploads\/2024\/02\/INTERMAT-700x535.jpg 700w, https:\/\/akerstroms.se\/app\/uploads\/2024\/02\/INTERMAT-768x587.jpg 768w, https:\/\/akerstroms.se\/app\/uploads\/2024\/02\/INTERMAT-1536x1174.jpg 1536w, https:\/\/akerstroms.se\/app\/uploads\/2024\/02\/INTERMAT-120x92.jpg 120w, https:\/\/akerstroms.se\/app\/uploads\/2024\/02\/INTERMAT-540x413.jpg 540w, https:\/\/akerstroms.se\/app\/uploads\/2024\/02\/INTERMAT-300x229.jpg 300w, https:\/\/akerstroms.se\/app\/uploads\/2024\/02\/INTERMAT-600x458.jpg 600w\" sizes=\"auto, (max-width: 2048px) 100vw, 2048px\" \/>                <\/div>\n                <div class=\"events-list__info\">\n                    <h3 class=\"events-list__heading\">INTERMAT, Paris 24 &#8211; 27 april<\/h3>\n                    <div class=\"events-list__date\">\n\n                                                    2024-04-24                            <span>&#8211;<\/span>\n                        \n                        <span>\n                            2024-04-27                        <\/span>\n                    <\/div>\n\n                    \n                    <div>\n                        Wir stellen auf der Intermat in Paris vom 24. bis 27. April aus.                    <\/div>\n\n                                    <\/div>\n            <\/div>\n\n                    <div class=\"events-list__single\">\n                <div>\n                    <img loading=\"lazy\" decoding=\"async\" width=\"543\" height=\"415\" src=\"https:\/\/akerstroms.se\/app\/uploads\/2024\/02\/CEMAT.png\" class=\"attachment-post-thumbnail size-post-thumbnail wp-post-image\" alt=\"\" srcset=\"https:\/\/akerstroms.se\/app\/uploads\/2024\/02\/CEMAT.png 543w, https:\/\/akerstroms.se\/app\/uploads\/2024\/02\/CEMAT-250x191.png 250w, https:\/\/akerstroms.se\/app\/uploads\/2024\/02\/CEMAT-120x92.png 120w, https:\/\/akerstroms.se\/app\/uploads\/2024\/02\/CEMAT-540x413.png 540w, https:\/\/akerstroms.se\/app\/uploads\/2024\/02\/CEMAT-300x229.png 300w\" sizes=\"auto, (max-width: 543px) 100vw, 543px\" \/>                <\/div>\n                <div class=\"events-list__info\">\n                    <h3 class=\"events-list__heading\">CeMAT Singapore, 15 -17 Mai<\/h3>\n                    <div class=\"events-list__date\">\n\n                                                    2024-05-15                            <span>&#8211;<\/span>\n                        \n                        <span>\n                            2024-05-17                        <\/span>\n                    <\/div>\n\n                                            <div class=\"events-list__location\">\n                            1 Expo Drive, Singapore Singapore 486150                        <\/div>\n                    \n                    <div>\n                        Wir stellen auf der CeMAT in Singapur vom 15. bis 17. Mai aus                    <\/div>\n\n                                    <\/div>\n            <\/div>\n\n                    <div class=\"events-list__single\">\n                <div>\n                    <img loading=\"lazy\" decoding=\"async\" width=\"660\" height=\"400\" src=\"https:\/\/akerstroms.se\/app\/uploads\/2024\/09\/baumachina_logo_two-line_RGB-2.jpg\" class=\"attachment-post-thumbnail size-post-thumbnail wp-post-image\" alt=\"\" srcset=\"https:\/\/akerstroms.se\/app\/uploads\/2024\/09\/baumachina_logo_two-line_RGB-2.jpg 660w, https:\/\/akerstroms.se\/app\/uploads\/2024\/09\/baumachina_logo_two-line_RGB-2-250x152.jpg 250w, https:\/\/akerstroms.se\/app\/uploads\/2024\/09\/baumachina_logo_two-line_RGB-2-120x73.jpg 120w, https:\/\/akerstroms.se\/app\/uploads\/2024\/09\/baumachina_logo_two-line_RGB-2-540x327.jpg 540w, https:\/\/akerstroms.se\/app\/uploads\/2024\/09\/baumachina_logo_two-line_RGB-2-300x182.jpg 300w, https:\/\/akerstroms.se\/app\/uploads\/2024\/09\/baumachina_logo_two-line_RGB-2-600x364.jpg 600w\" sizes=\"auto, (max-width: 660px) 100vw, 660px\" \/>                <\/div>\n                <div class=\"events-list__info\">\n                    <h3 class=\"events-list__heading\">bauma CHINA 2024<\/h3>\n                    <div class=\"events-list__date\">\n\n                                                    2024-11-26                            <span>&#8211;<\/span>\n                        \n                        <span>\n                            2024-11-29                        <\/span>\n                    <\/div>\n\n                                            <div class=\"events-list__location\">\n                            Shanghai                        <\/div>\n                    \n                    <div>\n                                            <\/div>\n\n                                    <\/div>\n            <\/div>\n\n        \n        <\/section>\n\n\n\n<div class=\"wp-block-buttons is-content-justification-center is-layout-flex wp-container-core-buttons-is-layout-16018d1d wp-block-buttons-is-layout-flex\">\n<div class=\"wp-block-button\"><a class=\"wp-block-button__link has-black-background-color has-background wp-element-button\" href=\"https:\/\/akerstroms.se\/de\/events\/\" style=\"border-radius:3px\">Kommende Veranstaltungen ansehen<\/a><\/div>\n<\/div>\n\n\n\n<div style=\"height:100px\" aria-hidden=\"true\" class=\"wp-block-spacer\"><\/div>\n","protected":false},"excerpt":{"rendered":"","protected":false},"author":1,"featured_media":0,"parent":17794,"menu_order":0,"comment_status":"closed","ping_status":"closed","template":"","meta":{"_acf_changed":false,"footnotes":""},"class_list":["post-17743","page","type-page","status-publish","hentry"],"acf":[],"yoast_head":"<!-- This site is optimized with the Yoast SEO plugin v27.4 - https:\/\/yoast.com\/product\/yoast-seo-wordpress\/ -->\n<title>Fr\u00fchere Veranstaltungen - \u00c5kerstr\u00f6ms Bj\u00f6rbo<\/title>\n<meta name=\"robots\" content=\"index, follow, max-snippet:-1, max-image-preview:large, max-video-preview:-1\" \/>\n<link rel=\"canonical\" href=\"https:\/\/akerstroms.se\/de\/events\/fruehere-veranstaltungen\/\" \/>\n<meta property=\"og:locale\" content=\"de_DE\" \/>\n<meta property=\"og:type\" content=\"article\" \/>\n<meta property=\"og:title\" content=\"Fr\u00fchere Veranstaltungen - \u00c5kerstr\u00f6ms Bj\u00f6rbo\" \/>\n<meta property=\"og:url\" content=\"https:\/\/akerstroms.se\/de\/events\/fruehere-veranstaltungen\/\" \/>\n<meta property=\"og:site_name\" content=\"\u00c5kerstr\u00f6ms Bj\u00f6rbo\" \/>\n<meta property=\"article:publisher\" content=\"https:\/\/www.facebook.com\/akerstroms.se\" \/>\n<meta property=\"article:modified_time\" content=\"2023-05-15T08:47:56+00:00\" \/>\n<meta property=\"og:image\" content=\"https:\/\/akerstroms.se\/app\/uploads\/2021\/09\/Akerstroms-remote-controls.jpg\" \/>\n\t<meta property=\"og:image:width\" content=\"1200\" \/>\n\t<meta property=\"og:image:height\" content=\"675\" \/>\n\t<meta property=\"og:image:type\" content=\"image\/jpeg\" \/>\n<meta name=\"twitter:card\" content=\"summary_large_image\" \/>\n<meta name=\"twitter:label1\" content=\"Gesch\u00e4tzte Lesezeit\" \/>\n\t<meta name=\"twitter:data1\" content=\"1\u00a0Minute\" \/>\n<script type=\"application\/ld+json\" class=\"yoast-schema-graph\">{\"@context\":\"https:\\\/\\\/schema.org\",\"@graph\":[{\"@type\":\"WebPage\",\"@id\":\"https:\\\/\\\/akerstroms.se\\\/de\\\/events\\\/fruehere-veranstaltungen\\\/\",\"url\":\"https:\\\/\\\/akerstroms.se\\\/de\\\/events\\\/fruehere-veranstaltungen\\\/\",\"name\":\"Fr\u00fchere Veranstaltungen - \u00c5kerstr\u00f6ms Bj\u00f6rbo\",\"isPartOf\":{\"@id\":\"https:\\\/\\\/akerstroms.se\\\/#website\"},\"datePublished\":\"2023-05-11T14:43:14+00:00\",\"dateModified\":\"2023-05-15T08:47:56+00:00\",\"breadcrumb\":{\"@id\":\"https:\\\/\\\/akerstroms.se\\\/de\\\/events\\\/fruehere-veranstaltungen\\\/#breadcrumb\"},\"inLanguage\":\"de\",\"potentialAction\":[{\"@type\":\"ReadAction\",\"target\":[\"https:\\\/\\\/akerstroms.se\\\/de\\\/events\\\/fruehere-veranstaltungen\\\/\"]}]},{\"@type\":\"BreadcrumbList\",\"@id\":\"https:\\\/\\\/akerstroms.se\\\/de\\\/events\\\/fruehere-veranstaltungen\\\/#breadcrumb\",\"itemListElement\":[{\"@type\":\"ListItem\",\"position\":1,\"name\":\"Home\",\"item\":\"https:\\\/\\\/akerstroms.se\\\/de\\\/\"},{\"@type\":\"ListItem\",\"position\":2,\"name\":\"Events\",\"item\":\"https:\\\/\\\/akerstroms.se\\\/de\\\/events\\\/\"},{\"@type\":\"ListItem\",\"position\":3,\"name\":\"Fr\u00fchere Veranstaltungen\"}]},{\"@type\":\"WebSite\",\"@id\":\"https:\\\/\\\/akerstroms.se\\\/#website\",\"url\":\"https:\\\/\\\/akerstroms.se\\\/\",\"name\":\"\u00c5kerstr\u00f6ms Bj\u00f6rbo\",\"description\":\"Radiostyrning f\u00f6r industriella och mobila applikationer\",\"publisher\":{\"@id\":\"https:\\\/\\\/akerstroms.se\\\/#organization\"},\"potentialAction\":[{\"@type\":\"SearchAction\",\"target\":{\"@type\":\"EntryPoint\",\"urlTemplate\":\"https:\\\/\\\/akerstroms.se\\\/?s={search_term_string}\"},\"query-input\":{\"@type\":\"PropertyValueSpecification\",\"valueRequired\":true,\"valueName\":\"search_term_string\"}}],\"inLanguage\":\"de\"},{\"@type\":\"Organization\",\"@id\":\"https:\\\/\\\/akerstroms.se\\\/#organization\",\"name\":\"\u00c5kerstr\u00f6ms AB\",\"url\":\"https:\\\/\\\/akerstroms.se\\\/\",\"logo\":{\"@type\":\"ImageObject\",\"inLanguage\":\"de\",\"@id\":\"https:\\\/\\\/akerstroms.se\\\/#\\\/schema\\\/logo\\\/image\\\/\",\"url\":\"https:\\\/\\\/akerstroms.se\\\/app\\\/uploads\\\/2021\\\/10\\\/akerstroms-logo.png\",\"contentUrl\":\"https:\\\/\\\/akerstroms.se\\\/app\\\/uploads\\\/2021\\\/10\\\/akerstroms-logo.png\",\"width\":400,\"height\":86,\"caption\":\"\u00c5kerstr\u00f6ms AB\"},\"image\":{\"@id\":\"https:\\\/\\\/akerstroms.se\\\/#\\\/schema\\\/logo\\\/image\\\/\"},\"sameAs\":[\"https:\\\/\\\/www.facebook.com\\\/akerstroms.se\",\"https:\\\/\\\/www.linkedin.com\\\/company\\\/akerstroms\\\/\",\"https:\\\/\\\/www.youtube.com\\\/channel\\\/UC8S-jX9nA8c9qBaTlgqg1CQ\"]}]}<\/script>\n<!-- \/ Yoast SEO plugin. -->","yoast_head_json":{"title":"Fr\u00fchere Veranstaltungen - \u00c5kerstr\u00f6ms Bj\u00f6rbo","robots":{"index":"index","follow":"follow","max-snippet":"max-snippet:-1","max-image-preview":"max-image-preview:large","max-video-preview":"max-video-preview:-1"},"canonical":"https:\/\/akerstroms.se\/de\/events\/fruehere-veranstaltungen\/","og_locale":"de_DE","og_type":"article","og_title":"Fr\u00fchere Veranstaltungen - \u00c5kerstr\u00f6ms Bj\u00f6rbo","og_url":"https:\/\/akerstroms.se\/de\/events\/fruehere-veranstaltungen\/","og_site_name":"\u00c5kerstr\u00f6ms Bj\u00f6rbo","article_publisher":"https:\/\/www.facebook.com\/akerstroms.se","article_modified_time":"2023-05-15T08:47:56+00:00","og_image":[{"width":1200,"height":675,"url":"https:\/\/akerstroms.se\/app\/uploads\/2021\/09\/Akerstroms-remote-controls.jpg","type":"image\/jpeg"}],"twitter_card":"summary_large_image","twitter_misc":{"Gesch\u00e4tzte Lesezeit":"1\u00a0Minute"},"schema":{"@context":"https:\/\/schema.org","@graph":[{"@type":"WebPage","@id":"https:\/\/akerstroms.se\/de\/events\/fruehere-veranstaltungen\/","url":"https:\/\/akerstroms.se\/de\/events\/fruehere-veranstaltungen\/","name":"Fr\u00fchere Veranstaltungen - \u00c5kerstr\u00f6ms Bj\u00f6rbo","isPartOf":{"@id":"https:\/\/akerstroms.se\/#website"},"datePublished":"2023-05-11T14:43:14+00:00","dateModified":"2023-05-15T08:47:56+00:00","breadcrumb":{"@id":"https:\/\/akerstroms.se\/de\/events\/fruehere-veranstaltungen\/#breadcrumb"},"inLanguage":"de","potentialAction":[{"@type":"ReadAction","target":["https:\/\/akerstroms.se\/de\/events\/fruehere-veranstaltungen\/"]}]},{"@type":"BreadcrumbList","@id":"https:\/\/akerstroms.se\/de\/events\/fruehere-veranstaltungen\/#breadcrumb","itemListElement":[{"@type":"ListItem","position":1,"name":"Home","item":"https:\/\/akerstroms.se\/de\/"},{"@type":"ListItem","position":2,"name":"Events","item":"https:\/\/akerstroms.se\/de\/events\/"},{"@type":"ListItem","position":3,"name":"Fr\u00fchere Veranstaltungen"}]},{"@type":"WebSite","@id":"https:\/\/akerstroms.se\/#website","url":"https:\/\/akerstroms.se\/","name":"\u00c5kerstr\u00f6ms Bj\u00f6rbo","description":"Radiostyrning f\u00f6r industriella och mobila applikationer","publisher":{"@id":"https:\/\/akerstroms.se\/#organization"},"potentialAction":[{"@type":"SearchAction","target":{"@type":"EntryPoint","urlTemplate":"https:\/\/akerstroms.se\/?s={search_term_string}"},"query-input":{"@type":"PropertyValueSpecification","valueRequired":true,"valueName":"search_term_string"}}],"inLanguage":"de"},{"@type":"Organization","@id":"https:\/\/akerstroms.se\/#organization","name":"\u00c5kerstr\u00f6ms AB","url":"https:\/\/akerstroms.se\/","logo":{"@type":"ImageObject","inLanguage":"de","@id":"https:\/\/akerstroms.se\/#\/schema\/logo\/image\/","url":"https:\/\/akerstroms.se\/app\/uploads\/2021\/10\/akerstroms-logo.png","contentUrl":"https:\/\/akerstroms.se\/app\/uploads\/2021\/10\/akerstroms-logo.png","width":400,"height":86,"caption":"\u00c5kerstr\u00f6ms AB"},"image":{"@id":"https:\/\/akerstroms.se\/#\/schema\/logo\/image\/"},"sameAs":["https:\/\/www.facebook.com\/akerstroms.se","https:\/\/www.linkedin.com\/company\/akerstroms\/","https:\/\/www.youtube.com\/channel\/UC8S-jX9nA8c9qBaTlgqg1CQ"]}]}},"_links":{"self":[{"href":"https:\/\/akerstroms.se\/de\/wp-json\/wp\/v2\/pages\/17743","targetHints":{"allow":["GET"]}}],"collection":[{"href":"https:\/\/akerstroms.se\/de\/wp-json\/wp\/v2\/pages"}],"about":[{"href":"https:\/\/akerstroms.se\/de\/wp-json\/wp\/v2\/types\/page"}],"author":[{"embeddable":true,"href":"https:\/\/akerstroms.se\/de\/wp-json\/wp\/v2\/users\/1"}],"replies":[{"embeddable":true,"href":"https:\/\/akerstroms.se\/de\/wp-json\/wp\/v2\/comments?post=17743"}],"version-history":[{"count":4,"href":"https:\/\/akerstroms.se\/de\/wp-json\/wp\/v2\/pages\/17743\/revisions"}],"predecessor-version":[{"id":17804,"href":"https:\/\/akerstroms.se\/de\/wp-json\/wp\/v2\/pages\/17743\/revisions\/17804"}],"up":[{"embeddable":true,"href":"https:\/\/akerstroms.se\/de\/wp-json\/wp\/v2\/pages\/17794"}],"wp:attachment":[{"href":"https:\/\/akerstroms.se\/de\/wp-json\/wp\/v2\/media?parent=17743"}],"curies":[{"name":"wp","href":"https:\/\/api.w.org\/{rel}","templated":true}]}}