{"id":16036,"date":"2022-09-29T14:50:51","date_gmt":"2022-09-29T12:50:51","guid":{"rendered":"https:\/\/akerstroms.se\/husqvarna-funkgesteuerte-schwergewichtler\/"},"modified":"2022-09-29T16:27:01","modified_gmt":"2022-09-29T14:27:01","slug":"rolba","status":"publish","type":"page","link":"https:\/\/akerstroms.se\/de\/rolba\/","title":{"rendered":"Rolba \u2013 N\u00e4he und Service sind f\u00fcr uns das A und O"},"content":{"rendered":"<section class=\"hero alignfull tone \" style=\"background-image: url(https:\/\/akerstroms.se\/app\/uploads\/2022\/09\/Spolbil_web-2022.png);\">\r\n        <div class=\"hero__text container\">\r\n        <h1 class=\"hero__title\">Rolba &#8211; <strong>N\u00e4he<\/strong> und <strong>Service<\/strong> sind f\u00fcr uns das A und O<\/h1>\r\n                    <p class=\"hero__excerpt\">Eine erfolgreiche Zusammenarbeit dreht sich nicht nur darum, wirkm\u00e4chtige nachhaltige Produkte anzubieten, die einen hohen \u00f6konomischen Wert generieren, sondern entscheidend sind au\u00dferdem der Service und das Verst\u00e4ndnis f\u00fcr das Gesch\u00e4ft des jeweiligen Kunden.<\/p>\r\n            <\/div>\r\n<\/section>\r\n\n\n\n<div style=\"height:71px\" aria-hidden=\"true\" class=\"wp-block-spacer\"><\/div>\n\n\n\n<p><strong>\u00c5kerstr\u00f6ms konnte auf dem Markt in Skandinavien durch die Funksteuerung f\u00fcr Sp\u00fclfahrzeuge starkes Wachstum verzeichnen. Dazu beigetragen hat unter anderem eine ma\u00dfgeschneiderte L\u00f6sung f\u00fcr unsere Kunden, wodurch wir unser Produkt \u201eRemotus\u201c als die kr\u00e4ftigste und nachhaltigste Funksteuerung etablieren konnten. Doch dies alles w\u00e4re ohne erfolgreiche Kooperationen nicht m\u00f6glich gewesen.<\/strong><\/p>\n\n\n\n<p>Patrik Str\u00f6mgren ist bei Rolba in Hedesunda im Vertrieb besch\u00e4ftigt. Das Unternehmen baut verschiedene Modelle von Sp\u00fclfahrzeugen und arbeitet seit vielen Jahren mit \u00c5kerstr\u00f6ms zusammen. F\u00fcr ihn sind die N\u00e4he zum Kunden und eine vertrauensvolle Zusammenarbeit f\u00fcr eine gute Gesch\u00e4ftsbeziehung ausschlaggebend.<\/p>\n\n\n\n<p>\u201eUnser Kundenkreis erstreckt sich von Sk\u00e5ne im S\u00fcden Schwedens bis hinaus nach Haparanda im \u00e4u\u00dfersten Norden, und f\u00fcr alle sieht N\u00e4he unterschiedlich aus. In Sk\u00e5ne m\u00fcssen unsere Vertretungen eine Servicewerkstatt aufweisen, in Haparanda sch\u00e4tzt man es dagegen sehr, wenn wir bei einem Anruf abheben\u201c, sagt Patrik Str\u00f6mgren.<\/p>\n\n\n\n<p><strong>\u00c5kerstr\u00f6ms liefert Leistungsf\u00e4higkeit<\/strong><\/p>\n\n\n\n<p>Die Kunden der Betreiber von Sp\u00fclfahrzeugen sind in der Regel Kommunen und die Industrie. Die Fahrzeuge sind t\u00e4glich acht bis 14&nbsp;Stunden lang unterwegs und generieren im Durchschnitt eine t\u00e4gliche Einnahme von etwa 22.000&nbsp;SEK. Deshalb ist es sehr wichtig, kostenintensive Betriebsunterbrechungen zu vermeiden.<\/p>\n\n\n\n<p>\u201eEin Sp\u00fclfahrzeug k\u00f6nnen nat\u00fcrlich viele verkaufen, aber bei zehn Sp\u00fclfahrzeugen geht es auch darum, Liefertermine einzuhalten und eine zuverl\u00e4ssige und leistungsstarke Ausr\u00fcstung anzubieten. Hierbei \u00fcbernimmt \u00c5kerstr\u00f6ms eine entscheidende Rolle in unserer Zusammenarbeit, indem kontinuierlich Produkte entwickelt und verbessert werden\u201c, sagt Patrik Str\u00f6mgren.<\/p>\n\n\n\n<p><strong>Vom wei\u00dfen Blatt zur Standardl\u00f6sung<\/strong><\/p>\n\n\n\n<p>Als Patrik Str\u00f6mgren seine T\u00e4tigkeit begann, fuhr er mit den Kunden hinaus und hatte ein leeres Blatt Papier dabei. Er fragte nach den W\u00fcnschen und entwarf eine L\u00f6sung. Das war eine teure Vorgehensweise, und so kam Rolba dazu, eine Standardisierung zu entwickeln.<\/p>\n\n\n\n<p>\u201eWir hatten noch nie zwei Wagen gebaut, die identisch waren, weswegen es schwierig war, zu einem Ergebnis zu kommen. Ab 2010 entwickelten wird daher f\u00fcnf verschiedene Produktgruppen mit zahlreichen Varianten in jeder Gruppe. Das hat es uns erleichtert, Volumen zu berechnen\u201c, erl\u00e4utert Patrik Str\u00f6mgren.<\/p>\n\n\n\n<p>\u201eIn der Kooperation mit \u00c5kerstr\u00f6ms haben wir f\u00fcr Rolba einige genormte Funkl\u00f6sungen erarbeitet. Wenn ein Ger\u00e4t defekt ist, k\u00f6nnen wir f\u00fcr die Reparaturdauer ein anderes Ger\u00e4t ausleihen. Diese L\u00f6sung minimiert die Betriebsunterbrechungen beim Kunden.\u201c<\/p>\n\n\n\n<p><strong>Robuste Funksteuerung minimiert Betriebsunterbrechungen<\/strong><\/p>\n\n\n\n<p>Die St\u00e4rke von \u00c5kerstr\u00f6ms bei Remotus liegt in der Qualit\u00e4t, im Design und in der Ergonomie; au\u00dferdem zeichnet sich das Funkger\u00e4t durch eine hohe Ausgangsleistung aus. Im Fall der F\u00e4lle erh\u00e4lt man einen schnellen Service und kurzfristige Reparaturen, und auch die Ersatzteile sind z\u00fcgig lieferbar.<\/p>\n\n\n\n<p>\u201eRemotus ist robust und betriebssicher, was die Anzahl der Ausf\u00e4lle in der t\u00e4glichen Arbeit unserer Kunden verringert. Au\u00dferdem macht die Funksteuerung von \u00c5kerstr\u00f6ms einen modernen Eindruck, und sie kommt besser r\u00fcber als die von Wettbewerbern\u201c, meint Patrik Str\u00f6mgren.<\/p>\n\n\n\n<p><strong>Gutes Zuh\u00f6ren und Service als Unterschied<\/strong><\/p>\n\n\n\n<p>Eine erfolgreiche Zusammenarbeit dreht sich nicht nur darum, wirkm\u00e4chtige nachhaltige Produkte anzubieten, die einen hohen \u00f6konomischen Wert generieren, sondern entscheidend sind au\u00dferdem der Service und das Verst\u00e4ndnis f\u00fcr das Gesch\u00e4ft des jeweiligen Kunden.<\/p>\n\n\n\n<p>\u201eN\u00e4he, Service und Zuverl\u00e4ssigkeit sind f\u00fcr uns das A und O. Unsere Kunden w\u00e4hlen die Zulieferer eines Fahrgestelles danach aus, wie dieser jeweils an ihrem Standort vertreten ist. Fr\u00fcher musste man sich f\u00fcr die Wartung zu uns nach Hedesunda bem\u00fchen, doch inzwischen bieten wir unseren Service \u00fcberall von Nord nach S\u00fcd an\u201c, berichtet Patrik Str\u00f6mgren.<\/p>\n\n\n\n<p>\u201eUnd was den Kontakt mit \u00c5kerstr\u00f6ms angeht \u2013 der ist unglaublich gut, denn \u00c5kerstr\u00f6ms ist stets nur ein Telefongespr\u00e4ch weit entfernt. Wir haben einen festen Ansprechpartner, und der kann uns direkt informieren, falls sich beispielsweise Komponenten versp\u00e4ten. Es ist ja immer alles sch\u00f6n und gut, solange es l\u00e4uft. Aber wenn etwas nicht funktioniert, dann spielt es eine Rolle. Und da steht \u00c5kerstr\u00f6ms gl\u00e4nzend da!\u201c<\/p>\n\n\n\n<p>\u201eDasselbe gilt, wenn uns unsere Kunden anrufen. Vielleicht k\u00f6nnen wir deren Probleme nicht sofort l\u00f6sen, aber ihnen ist es wichtig, mit jemandem zu sprechen, der sie dann an die passende Werkstatt verweist.\u201c<\/p>\n\n\n\n<p>In der Kooperation zwischen \u00c5kerstr\u00f6ms und Rolba gibt es immer noch viel zu erledigen. Die St\u00e4dte wachsen, und die Leitungsnetze werden immer \u00e4lter und m\u00fcssen gewartet werden.<\/p>\n\n\n\n<p>\u201eWir freuen uns auf ertragreiche weitere Jahre der Zusammenarbeit und freuen uns gleichzeitig auf viele neue Kunden von Rolba\u201c, schlie\u00dft Patrik Str\u00f6mgren.<\/p>\n\n\n\n<div style=\"height:30px\" aria-hidden=\"true\" class=\"wp-block-spacer\"><\/div>\n","protected":false},"excerpt":{"rendered":"<p>\u00c5kerstr\u00f6ms konnte auf dem Markt in Skandinavien durch die Funksteuerung f\u00fcr Sp\u00fclfahrzeuge starkes Wachstum verzeichnen. Dazu beigetragen hat unter anderem eine ma\u00dfgeschneiderte L\u00f6sung f\u00fcr unsere&#8230;<\/p>\n","protected":false},"author":7,"featured_media":16051,"parent":0,"menu_order":0,"comment_status":"closed","ping_status":"closed","template":"","meta":{"_acf_changed":false,"footnotes":""},"class_list":["post-16036","page","type-page","status-publish","has-post-thumbnail","hentry"],"acf":[],"yoast_head":"<!-- This site is optimized with the Yoast SEO plugin v27.4 - https:\/\/yoast.com\/product\/yoast-seo-wordpress\/ -->\n<title>Rolba \u2013 N\u00e4he und Service sind f\u00fcr uns das A und O - \u00c5kerstr\u00f6ms Bj\u00f6rbo<\/title>\n<meta name=\"robots\" content=\"index, follow, max-snippet:-1, max-image-preview:large, max-video-preview:-1\" \/>\n<link rel=\"canonical\" href=\"https:\/\/akerstroms.se\/de\/rolba\/\" \/>\n<meta property=\"og:locale\" content=\"de_DE\" \/>\n<meta property=\"og:type\" content=\"article\" \/>\n<meta property=\"og:title\" content=\"Rolba \u2013 N\u00e4he und Service sind f\u00fcr uns das A und O - \u00c5kerstr\u00f6ms Bj\u00f6rbo\" \/>\n<meta property=\"og:description\" content=\"\u00c5kerstr\u00f6ms konnte auf dem Markt in Skandinavien durch die Funksteuerung f\u00fcr Sp\u00fclfahrzeuge starkes Wachstum verzeichnen. Dazu beigetragen hat unter anderem eine ma\u00dfgeschneiderte L\u00f6sung f\u00fcr unsere...\" \/>\n<meta property=\"og:url\" content=\"https:\/\/akerstroms.se\/de\/rolba\/\" \/>\n<meta property=\"og:site_name\" content=\"\u00c5kerstr\u00f6ms Bj\u00f6rbo\" \/>\n<meta property=\"article:publisher\" content=\"https:\/\/www.facebook.com\/akerstroms.se\" \/>\n<meta property=\"article:modified_time\" content=\"2022-09-29T14:27:01+00:00\" \/>\n<meta property=\"og:image\" content=\"https:\/\/akerstroms.se\/wp\/..\/app\/uploads\/2022\/09\/ROLBA-700x468.jpg\" \/>\n\t<meta property=\"og:image:width\" content=\"700\" \/>\n\t<meta property=\"og:image:height\" content=\"468\" \/>\n\t<meta property=\"og:image:type\" content=\"image\/jpeg\" \/>\n<meta name=\"twitter:card\" content=\"summary_large_image\" \/>\n<meta name=\"twitter:label1\" content=\"Gesch\u00e4tzte Lesezeit\" \/>\n\t<meta name=\"twitter:data1\" content=\"4\u00a0Minuten\" \/>\n<script type=\"application\/ld+json\" class=\"yoast-schema-graph\">{\"@context\":\"https:\\\/\\\/schema.org\",\"@graph\":[{\"@type\":\"WebPage\",\"@id\":\"https:\\\/\\\/akerstroms.se\\\/de\\\/rolba\\\/\",\"url\":\"https:\\\/\\\/akerstroms.se\\\/de\\\/rolba\\\/\",\"name\":\"Rolba \u2013 N\u00e4he und Service sind f\u00fcr uns das A und O - \u00c5kerstr\u00f6ms Bj\u00f6rbo\",\"isPartOf\":{\"@id\":\"https:\\\/\\\/akerstroms.se\\\/#website\"},\"primaryImageOfPage\":{\"@id\":\"https:\\\/\\\/akerstroms.se\\\/de\\\/rolba\\\/#primaryimage\"},\"image\":{\"@id\":\"https:\\\/\\\/akerstroms.se\\\/de\\\/rolba\\\/#primaryimage\"},\"thumbnailUrl\":\"https:\\\/\\\/akerstroms.se\\\/app\\\/uploads\\\/2022\\\/09\\\/Spolbil_web-2022.png\",\"datePublished\":\"2022-09-29T12:50:51+00:00\",\"dateModified\":\"2022-09-29T14:27:01+00:00\",\"breadcrumb\":{\"@id\":\"https:\\\/\\\/akerstroms.se\\\/de\\\/rolba\\\/#breadcrumb\"},\"inLanguage\":\"de\",\"potentialAction\":[{\"@type\":\"ReadAction\",\"target\":[\"https:\\\/\\\/akerstroms.se\\\/de\\\/rolba\\\/\"]}]},{\"@type\":\"ImageObject\",\"inLanguage\":\"de\",\"@id\":\"https:\\\/\\\/akerstroms.se\\\/de\\\/rolba\\\/#primaryimage\",\"url\":\"https:\\\/\\\/akerstroms.se\\\/app\\\/uploads\\\/2022\\\/09\\\/Spolbil_web-2022.png\",\"contentUrl\":\"https:\\\/\\\/akerstroms.se\\\/app\\\/uploads\\\/2022\\\/09\\\/Spolbil_web-2022.png\",\"width\":1440,\"height\":960,\"caption\":\"vacuum truck remote control\"},{\"@type\":\"BreadcrumbList\",\"@id\":\"https:\\\/\\\/akerstroms.se\\\/de\\\/rolba\\\/#breadcrumb\",\"itemListElement\":[{\"@type\":\"ListItem\",\"position\":1,\"name\":\"Home\",\"item\":\"https:\\\/\\\/akerstroms.se\\\/de\\\/\"},{\"@type\":\"ListItem\",\"position\":2,\"name\":\"Rolba \u2013 N\u00e4he und Service sind f\u00fcr uns das A und O\"}]},{\"@type\":\"WebSite\",\"@id\":\"https:\\\/\\\/akerstroms.se\\\/#website\",\"url\":\"https:\\\/\\\/akerstroms.se\\\/\",\"name\":\"\u00c5kerstr\u00f6ms Bj\u00f6rbo\",\"description\":\"Radiostyrning f\u00f6r industriella och mobila applikationer\",\"publisher\":{\"@id\":\"https:\\\/\\\/akerstroms.se\\\/#organization\"},\"potentialAction\":[{\"@type\":\"SearchAction\",\"target\":{\"@type\":\"EntryPoint\",\"urlTemplate\":\"https:\\\/\\\/akerstroms.se\\\/?s={search_term_string}\"},\"query-input\":{\"@type\":\"PropertyValueSpecification\",\"valueRequired\":true,\"valueName\":\"search_term_string\"}}],\"inLanguage\":\"de\"},{\"@type\":\"Organization\",\"@id\":\"https:\\\/\\\/akerstroms.se\\\/#organization\",\"name\":\"\u00c5kerstr\u00f6ms AB\",\"url\":\"https:\\\/\\\/akerstroms.se\\\/\",\"logo\":{\"@type\":\"ImageObject\",\"inLanguage\":\"de\",\"@id\":\"https:\\\/\\\/akerstroms.se\\\/#\\\/schema\\\/logo\\\/image\\\/\",\"url\":\"https:\\\/\\\/akerstroms.se\\\/app\\\/uploads\\\/2021\\\/10\\\/akerstroms-logo.png\",\"contentUrl\":\"https:\\\/\\\/akerstroms.se\\\/app\\\/uploads\\\/2021\\\/10\\\/akerstroms-logo.png\",\"width\":400,\"height\":86,\"caption\":\"\u00c5kerstr\u00f6ms AB\"},\"image\":{\"@id\":\"https:\\\/\\\/akerstroms.se\\\/#\\\/schema\\\/logo\\\/image\\\/\"},\"sameAs\":[\"https:\\\/\\\/www.facebook.com\\\/akerstroms.se\",\"https:\\\/\\\/www.linkedin.com\\\/company\\\/akerstroms\\\/\",\"https:\\\/\\\/www.youtube.com\\\/channel\\\/UC8S-jX9nA8c9qBaTlgqg1CQ\"]}]}<\/script>\n<!-- \/ Yoast SEO plugin. -->","yoast_head_json":{"title":"Rolba \u2013 N\u00e4he und Service sind f\u00fcr uns das A und O - \u00c5kerstr\u00f6ms Bj\u00f6rbo","robots":{"index":"index","follow":"follow","max-snippet":"max-snippet:-1","max-image-preview":"max-image-preview:large","max-video-preview":"max-video-preview:-1"},"canonical":"https:\/\/akerstroms.se\/de\/rolba\/","og_locale":"de_DE","og_type":"article","og_title":"Rolba \u2013 N\u00e4he und Service sind f\u00fcr uns das A und O - \u00c5kerstr\u00f6ms Bj\u00f6rbo","og_description":"\u00c5kerstr\u00f6ms konnte auf dem Markt in Skandinavien durch die Funksteuerung f\u00fcr Sp\u00fclfahrzeuge starkes Wachstum verzeichnen. Dazu beigetragen hat unter anderem eine ma\u00dfgeschneiderte L\u00f6sung f\u00fcr unsere...","og_url":"https:\/\/akerstroms.se\/de\/rolba\/","og_site_name":"\u00c5kerstr\u00f6ms Bj\u00f6rbo","article_publisher":"https:\/\/www.facebook.com\/akerstroms.se","article_modified_time":"2022-09-29T14:27:01+00:00","og_image":[{"width":700,"height":468,"url":"https:\/\/akerstroms.se\/wp\/..\/app\/uploads\/2022\/09\/ROLBA-700x468.jpg","type":"image\/jpeg"}],"twitter_card":"summary_large_image","twitter_misc":{"Gesch\u00e4tzte Lesezeit":"4\u00a0Minuten"},"schema":{"@context":"https:\/\/schema.org","@graph":[{"@type":"WebPage","@id":"https:\/\/akerstroms.se\/de\/rolba\/","url":"https:\/\/akerstroms.se\/de\/rolba\/","name":"Rolba \u2013 N\u00e4he und Service sind f\u00fcr uns das A und O - \u00c5kerstr\u00f6ms Bj\u00f6rbo","isPartOf":{"@id":"https:\/\/akerstroms.se\/#website"},"primaryImageOfPage":{"@id":"https:\/\/akerstroms.se\/de\/rolba\/#primaryimage"},"image":{"@id":"https:\/\/akerstroms.se\/de\/rolba\/#primaryimage"},"thumbnailUrl":"https:\/\/akerstroms.se\/app\/uploads\/2022\/09\/Spolbil_web-2022.png","datePublished":"2022-09-29T12:50:51+00:00","dateModified":"2022-09-29T14:27:01+00:00","breadcrumb":{"@id":"https:\/\/akerstroms.se\/de\/rolba\/#breadcrumb"},"inLanguage":"de","potentialAction":[{"@type":"ReadAction","target":["https:\/\/akerstroms.se\/de\/rolba\/"]}]},{"@type":"ImageObject","inLanguage":"de","@id":"https:\/\/akerstroms.se\/de\/rolba\/#primaryimage","url":"https:\/\/akerstroms.se\/app\/uploads\/2022\/09\/Spolbil_web-2022.png","contentUrl":"https:\/\/akerstroms.se\/app\/uploads\/2022\/09\/Spolbil_web-2022.png","width":1440,"height":960,"caption":"vacuum truck remote control"},{"@type":"BreadcrumbList","@id":"https:\/\/akerstroms.se\/de\/rolba\/#breadcrumb","itemListElement":[{"@type":"ListItem","position":1,"name":"Home","item":"https:\/\/akerstroms.se\/de\/"},{"@type":"ListItem","position":2,"name":"Rolba \u2013 N\u00e4he und Service sind f\u00fcr uns das A und O"}]},{"@type":"WebSite","@id":"https:\/\/akerstroms.se\/#website","url":"https:\/\/akerstroms.se\/","name":"\u00c5kerstr\u00f6ms Bj\u00f6rbo","description":"Radiostyrning f\u00f6r industriella och mobila applikationer","publisher":{"@id":"https:\/\/akerstroms.se\/#organization"},"potentialAction":[{"@type":"SearchAction","target":{"@type":"EntryPoint","urlTemplate":"https:\/\/akerstroms.se\/?s={search_term_string}"},"query-input":{"@type":"PropertyValueSpecification","valueRequired":true,"valueName":"search_term_string"}}],"inLanguage":"de"},{"@type":"Organization","@id":"https:\/\/akerstroms.se\/#organization","name":"\u00c5kerstr\u00f6ms AB","url":"https:\/\/akerstroms.se\/","logo":{"@type":"ImageObject","inLanguage":"de","@id":"https:\/\/akerstroms.se\/#\/schema\/logo\/image\/","url":"https:\/\/akerstroms.se\/app\/uploads\/2021\/10\/akerstroms-logo.png","contentUrl":"https:\/\/akerstroms.se\/app\/uploads\/2021\/10\/akerstroms-logo.png","width":400,"height":86,"caption":"\u00c5kerstr\u00f6ms AB"},"image":{"@id":"https:\/\/akerstroms.se\/#\/schema\/logo\/image\/"},"sameAs":["https:\/\/www.facebook.com\/akerstroms.se","https:\/\/www.linkedin.com\/company\/akerstroms\/","https:\/\/www.youtube.com\/channel\/UC8S-jX9nA8c9qBaTlgqg1CQ"]}]}},"_links":{"self":[{"href":"https:\/\/akerstroms.se\/de\/wp-json\/wp\/v2\/pages\/16036","targetHints":{"allow":["GET"]}}],"collection":[{"href":"https:\/\/akerstroms.se\/de\/wp-json\/wp\/v2\/pages"}],"about":[{"href":"https:\/\/akerstroms.se\/de\/wp-json\/wp\/v2\/types\/page"}],"author":[{"embeddable":true,"href":"https:\/\/akerstroms.se\/de\/wp-json\/wp\/v2\/users\/7"}],"replies":[{"embeddable":true,"href":"https:\/\/akerstroms.se\/de\/wp-json\/wp\/v2\/comments?post=16036"}],"version-history":[{"count":3,"href":"https:\/\/akerstroms.se\/de\/wp-json\/wp\/v2\/pages\/16036\/revisions"}],"predecessor-version":[{"id":16066,"href":"https:\/\/akerstroms.se\/de\/wp-json\/wp\/v2\/pages\/16036\/revisions\/16066"}],"wp:featuredmedia":[{"embeddable":true,"href":"https:\/\/akerstroms.se\/de\/wp-json\/wp\/v2\/media\/16051"}],"wp:attachment":[{"href":"https:\/\/akerstroms.se\/de\/wp-json\/wp\/v2\/media?parent=16036"}],"curies":[{"name":"wp","href":"https:\/\/api.w.org\/{rel}","templated":true}]}}