{"id":12097,"date":"2021-10-13T14:44:10","date_gmt":"2021-10-13T12:44:10","guid":{"rendered":"https:\/\/akerstroms.se\/folgen-sie-uns\/"},"modified":"2025-04-25T11:34:41","modified_gmt":"2025-04-25T09:34:41","slug":"folgen-sie-uns","status":"publish","type":"page","link":"https:\/\/akerstroms.se\/de\/folgen-sie-uns\/","title":{"rendered":"Folgen Sie uns :)"},"content":{"rendered":"\n<h1 class=\"has-text-align-center wp-block-heading\" id=\"h-vi-lskar-att-g-till-jobbet\">Wir lieben es, zur Arbeit zu gehen<\/h1>\n\n\n\n<div style=\"height:20px\" aria-hidden=\"true\" class=\"wp-block-spacer\"><\/div>\n\n\n\n<p class=\"has-text-align-center\">Uns alle hier treibt der Wunsch, jeden Tag unser Allerbestes zu geben, um Resultate zu erzielen und auch weiterhin hervorragende und innovative Produkte und Dienste auf den Markt zu bringen. Die Kombination aus gesch\u00e4ftlicher Aktivit\u00e4t und Technik, sowohl in Schweden als auch weltweit, ist das Kernelement unseres Angebots.<\/p>\n\n\n\n<figure class=\"wp-block-image size-large is-style-default\"><img loading=\"lazy\" decoding=\"async\" width=\"700\" height=\"466\" src=\"https:\/\/akerstroms.se\/app\/uploads\/2021\/09\/Access_ctrl_logo_world_2-1-700x466.png\" alt=\"\" class=\"wp-image-8807\" srcset=\"https:\/\/akerstroms.se\/app\/uploads\/2021\/09\/Access_ctrl_logo_world_2-1-700x466.png 700w, https:\/\/akerstroms.se\/app\/uploads\/2021\/09\/Access_ctrl_logo_world_2-1-300x200.png 300w, https:\/\/akerstroms.se\/app\/uploads\/2021\/09\/Access_ctrl_logo_world_2-1-600x399.png 600w, https:\/\/akerstroms.se\/app\/uploads\/2021\/09\/Access_ctrl_logo_world_2-1-250x166.png 250w, https:\/\/akerstroms.se\/app\/uploads\/2021\/09\/Access_ctrl_logo_world_2-1-768x511.png 768w, https:\/\/akerstroms.se\/app\/uploads\/2021\/09\/Access_ctrl_logo_world_2-1-120x80.png 120w, https:\/\/akerstroms.se\/app\/uploads\/2021\/09\/Access_ctrl_logo_world_2-1-540x359.png 540w, https:\/\/akerstroms.se\/app\/uploads\/2021\/09\/Access_ctrl_logo_world_2-1.png 1181w\" sizes=\"auto, (max-width: 700px) 100vw, 700px\" \/><\/figure>\n\n\n\n<div style=\"height:30px\" aria-hidden=\"true\" class=\"wp-block-spacer\"><\/div>\n\n\n\n<div class=\"wp-block-cover alignfull has-orange-background-color has-background-dim\"><div class=\"wp-block-cover__inner-container is-layout-flow wp-block-cover-is-layout-flow\">\n<div style=\"height:80px\" aria-hidden=\"true\" class=\"wp-block-spacer\"><\/div>\n\n\n\n<p class=\"has-medium-font-size\">Wir sind ein aktiver und neugieriger Hundertj\u00e4hriger auf einer kontinuierlichen Entwicklungsreise. Interessante Gedanken und neue Ideen treiben diese Entwicklung voran. Wir h\u00f6ren auch nie auf, das bereits Vorhandene zu evaluieren und weiterzuentwickeln \u2013 auf diese Weise schaffen wir neue Gesch\u00e4ftsm\u00f6glichkeiten. Kreativit\u00e4t und Innovation gedeihen am besten in einer vertrauensvollen und authentischen Umgebung. Daher ist f\u00fcr uns bei \u00c5kerstr\u00f6ms das Arbeitsklima und eine transparente Atmosph\u00e4re der Kollegen untereinander wie auch zwischen uns und unseren Kunden \u00e4u\u00dferst wichtig.<\/p>\n\n\n\n<p class=\"has-medium-font-size\">Wir entwickeln Produkte und Dienste, die auf die Anforderungen des Umfelds und zuk\u00fcnftige M\u00f6glichkeiten zugeschnitten sind. Mit unseren sicheren und robusten Funksteuerungssystemen geben wir unseren Kunden Kontrolle und Sicherheit rund um ihre Arbeit. \u00c5kerstr\u00f6ms steht traditionell f\u00fcr N\u00e4he, Zug\u00e4nglichkeit, Offenheit und Aufmerksamkeit. Dies sind und bleiben f\u00fcr uns alle zentrale Leitbegriffe. Man bringt uns gro\u00dfes Vertrauen entgegen, dass wir zu verwalten und weiter auszubauen haben.<\/p>\n\n\n\n<div style=\"height:60px\" aria-hidden=\"true\" class=\"wp-block-spacer\"><\/div>\n\n\n\n<h2 class=\"has-text-align-center has-black-color has-text-color wp-block-heading\" id=\"h-v-ra-medarbetare-ber-ttar\">Unsere Mitarbeiter berichten<\/h2>\n\n\n\n<div style=\"height:30px\" aria-hidden=\"true\" class=\"wp-block-spacer\"><\/div>\n<\/div><\/div>\n\n\n\n<div class=\"wp-block-media-text alignfull is-stacked-on-mobile has-orange-color has-black-background-color has-text-color has-background\"><figure class=\"wp-block-media-text__media\"><img loading=\"lazy\" decoding=\"async\" width=\"700\" height=\"556\" src=\"https:\/\/akerstroms.se\/app\/uploads\/2021\/05\/Citat1_hans-persson-700x556.jpg\" alt=\"\" class=\"wp-image-7417 size-full\" srcset=\"https:\/\/akerstroms.se\/app\/uploads\/2021\/05\/Citat1_hans-persson-700x556.jpg 700w, https:\/\/akerstroms.se\/app\/uploads\/2021\/05\/Citat1_hans-persson-300x238.jpg 300w, https:\/\/akerstroms.se\/app\/uploads\/2021\/05\/Citat1_hans-persson-600x476.jpg 600w, https:\/\/akerstroms.se\/app\/uploads\/2021\/05\/Citat1_hans-persson-250x198.jpg 250w, https:\/\/akerstroms.se\/app\/uploads\/2021\/05\/Citat1_hans-persson-768x609.jpg 768w, https:\/\/akerstroms.se\/app\/uploads\/2021\/05\/Citat1_hans-persson-1536x1219.jpg 1536w, https:\/\/akerstroms.se\/app\/uploads\/2021\/05\/Citat1_hans-persson-120x95.jpg 120w, https:\/\/akerstroms.se\/app\/uploads\/2021\/05\/Citat1_hans-persson-540x429.jpg 540w, https:\/\/akerstroms.se\/app\/uploads\/2021\/05\/Citat1_hans-persson.jpg 1778w\" sizes=\"auto, (max-width: 700px) 100vw, 700px\" \/><\/figure><div class=\"wp-block-media-text__content\">\n<p style=\"font-size:22px\"><strong>\u201eDie Authentizit\u00e4t von \u00c5kerstr\u00f6ms liegt in Jan \u00c5kerstr\u00f6ms Zeit begr\u00fcndet und findet sich in allen Menschen wieder, die hier arbeiten. Sie wollen Leistung bringen und ihr Bestes geben.\u201c<\/strong><\/p>\n\n\n\n<p>&#8211; Hans Persson, Operations Manager<\/p>\n<\/div><\/div>\n\n\n\n<div class=\"wp-block-media-text alignfull has-media-on-the-right is-stacked-on-mobile has-orange-background-color has-background\"><figure class=\"wp-block-media-text__media\"><img loading=\"lazy\" decoding=\"async\" width=\"700\" height=\"556\" src=\"https:\/\/akerstroms.se\/app\/uploads\/2021\/05\/Fredrik-1-700x556.jpg\" alt=\"\" class=\"wp-image-7415 size-full\" srcset=\"https:\/\/akerstroms.se\/app\/uploads\/2021\/05\/Fredrik-1-700x556.jpg 700w, https:\/\/akerstroms.se\/app\/uploads\/2021\/05\/Fredrik-1-300x238.jpg 300w, https:\/\/akerstroms.se\/app\/uploads\/2021\/05\/Fredrik-1-600x476.jpg 600w, https:\/\/akerstroms.se\/app\/uploads\/2021\/05\/Fredrik-1-250x198.jpg 250w, https:\/\/akerstroms.se\/app\/uploads\/2021\/05\/Fredrik-1-768x609.jpg 768w, https:\/\/akerstroms.se\/app\/uploads\/2021\/05\/Fredrik-1-1536x1219.jpg 1536w, https:\/\/akerstroms.se\/app\/uploads\/2021\/05\/Fredrik-1-120x95.jpg 120w, https:\/\/akerstroms.se\/app\/uploads\/2021\/05\/Fredrik-1-540x429.jpg 540w, https:\/\/akerstroms.se\/app\/uploads\/2021\/05\/Fredrik-1.jpg 1778w\" sizes=\"auto, (max-width: 700px) 100vw, 700px\" \/><\/figure><div class=\"wp-block-media-text__content\">\n<p style=\"font-size:22px\"><strong>\u201eWir legen gro\u00dfen Wert auf eine enge Zusammenarbeit mit unseren Kunden und sch\u00e4tzen unsere langj\u00e4hrigen Beziehungen \u2013 davon profitieren auch unsere Produktentwicklung und unser Serviceangebot.\u201c<\/strong><\/p>\n\n\n\n<p>&#8211; Fredrik Lundberg, Unternehmensentwickler<\/p>\n<\/div><\/div>\n\n\n\n<div class=\"wp-block-media-text alignfull is-stacked-on-mobile has-orange-color has-black-background-color has-text-color has-background\"><figure class=\"wp-block-media-text__media\"><img loading=\"lazy\" decoding=\"async\" width=\"700\" height=\"556\" src=\"https:\/\/akerstroms.se\/app\/uploads\/2021\/05\/Citat_mats-jansson-700x556.jpg\" alt=\"\" class=\"wp-image-7411 size-full\" srcset=\"https:\/\/akerstroms.se\/app\/uploads\/2021\/05\/Citat_mats-jansson-700x556.jpg 700w, https:\/\/akerstroms.se\/app\/uploads\/2021\/05\/Citat_mats-jansson-300x238.jpg 300w, https:\/\/akerstroms.se\/app\/uploads\/2021\/05\/Citat_mats-jansson-600x476.jpg 600w, https:\/\/akerstroms.se\/app\/uploads\/2021\/05\/Citat_mats-jansson-250x198.jpg 250w, https:\/\/akerstroms.se\/app\/uploads\/2021\/05\/Citat_mats-jansson-768x609.jpg 768w, https:\/\/akerstroms.se\/app\/uploads\/2021\/05\/Citat_mats-jansson-1536x1219.jpg 1536w, https:\/\/akerstroms.se\/app\/uploads\/2021\/05\/Citat_mats-jansson-120x95.jpg 120w, https:\/\/akerstroms.se\/app\/uploads\/2021\/05\/Citat_mats-jansson-540x429.jpg 540w, https:\/\/akerstroms.se\/app\/uploads\/2021\/05\/Citat_mats-jansson.jpg 1778w\" sizes=\"auto, (max-width: 700px) 100vw, 700px\" \/><\/figure><div class=\"wp-block-media-text__content\">\n<p style=\"font-size:22px\"><strong>\u201eDas Beste an meinem Job ist ja, dass er jeden Tag Spa\u00df macht, dass man reisen kann und Kunden trifft und dass man so fantastische Kollegen hat. Ich arbeite schon seit vielen Jahren bei \u00c5kerstr\u00f6ms. Wenn du einmal hier bist, willst du bleiben, denn du kannst dich weiterentwickeln und es gibt keinen Anlass zu einem Jobwechsel.\u201c<\/strong><\/p>\n\n\n\n<p>&#8211; Mats Jansson, Vertrieb<\/p>\n<\/div><\/div>\n\n\n\n<div style=\"height:80px\" aria-hidden=\"true\" class=\"wp-block-spacer\"><\/div>\n\n\n\n<h2 class=\"has-text-align-center wp-block-heading\" id=\"h-bli-en-del-av-oss\">Werden Sie Teil unseres Teams<\/h2>\n\n\n\n<p class=\"has-text-align-center\">M\u00f6chten Sie in einem authentischen und entwicklungsf\u00f6rdernden Umfeld arbeiten? <br>M\u00f6chten Sie Ihren Beitrag dazu leisten, unsere Kunden auf einem zukunftstr\u00e4chtigen Weg zu unterst\u00fctzen? Werden Sie Teil unseres Teams. <br>Erfahren Sie mehr \u00fcber unseren aktuellen Stellenbedarf und laden Sie Ihren Lebenslauf hoch, dann melden wir uns!<\/p>\n\n\n\n<div style=\"height:60px\" aria-hidden=\"true\" class=\"wp-block-spacer\"><\/div>\n\n\n\n<div class=\"wp-block-columns is-layout-flex wp-container-core-columns-is-layout-9d6595d7 wp-block-columns-is-layout-flex\">\n<div class=\"wp-block-column is-layout-flow wp-block-column-is-layout-flow\"><a class=\"imagelink\" href=\"https:\/\/akerstroms.se\/produkter-tjanster\/\" title=\"V\u00e5ra senaste tj\u00e4nster\" target=\"\">\r\n            <h2 class=\"imagelink__title\">V\u00e5ra senaste tj\u00e4nster<\/h2>\r\n    <\/a>\r\n<\/div>\n\n\n\n<div class=\"wp-block-column is-layout-flow wp-block-column-is-layout-flow\"><a class=\"imagelink\" href=\"https:\/\/akerstroms.se\/jobba-hos-oss-pa-akerstroms\/\" title=\"Ladda upp CV\" target=\"\">\r\n            <h2 class=\"imagelink__title\">Ladda upp CV<\/h2>\r\n    <\/a>\r\n<\/div>\n<\/div>\n\n\n\n<div style=\"height:70px\" aria-hidden=\"true\" class=\"wp-block-spacer\"><\/div>\n\n\n\n<div class=\"wp-block-media-text alignfull is-stacked-on-mobile is-image-fill has-black-background-color has-background\"><figure class=\"wp-block-media-text__media\" style=\"background-image:url(https:\/\/akerstroms.se\/app\/uploads\/2021\/05\/miljo-inne-akerstroms-700x394.jpg);background-position:50% 50%\"><img loading=\"lazy\" decoding=\"async\" width=\"700\" height=\"394\" src=\"https:\/\/akerstroms.se\/app\/uploads\/2021\/05\/miljo-inne-akerstroms-700x394.jpg\" alt=\"\" class=\"wp-image-7324 size-full\" srcset=\"https:\/\/akerstroms.se\/app\/uploads\/2021\/05\/miljo-inne-akerstroms-700x394.jpg 700w, https:\/\/akerstroms.se\/app\/uploads\/2021\/05\/miljo-inne-akerstroms-scaled-300x169.jpg 300w, https:\/\/akerstroms.se\/app\/uploads\/2021\/05\/miljo-inne-akerstroms-scaled-600x337.jpg 600w, https:\/\/akerstroms.se\/app\/uploads\/2021\/05\/miljo-inne-akerstroms-250x141.jpg 250w, https:\/\/akerstroms.se\/app\/uploads\/2021\/05\/miljo-inne-akerstroms-768x432.jpg 768w, https:\/\/akerstroms.se\/app\/uploads\/2021\/05\/miljo-inne-akerstroms-1536x864.jpg 1536w, https:\/\/akerstroms.se\/app\/uploads\/2021\/05\/miljo-inne-akerstroms-2048x1151.jpg 2048w, https:\/\/akerstroms.se\/app\/uploads\/2021\/05\/miljo-inne-akerstroms-120x67.jpg 120w, https:\/\/akerstroms.se\/app\/uploads\/2021\/05\/miljo-inne-akerstroms-540x304.jpg 540w\" sizes=\"auto, (max-width: 700px) 100vw, 700px\" \/><\/figure><div class=\"wp-block-media-text__content\">\n<div style=\"height:100px\" aria-hidden=\"true\" class=\"wp-block-spacer\"><\/div>\n\n\n\n<h3 class=\"wp-block-heading\" id=\"h-f-lj-oss-kerstr-ms\"><strong>Folgen Sie uns @\u00e5kerstr\u00f6ms<\/strong><\/h3>\n\n\n\n<p class=\"has-white-color has-text-color\">Verpassen Sie nichts. Folgen Sie uns bei Facebook<br>bei allem, was geschieht \u2013 direkt, wenn es passiert.<\/p>\n\n\n\n<div class=\"wp-block-buttons is-layout-flex wp-block-buttons-is-layout-flex\">\n<div class=\"wp-block-button\"><a class=\"wp-block-button__link has-white-color has-orange-background-color has-text-color has-background\" href=\"https:\/\/www.facebook.com\/akerstroms.se\/\" target=\"_blank\" rel=\"noreferrer noopener\">\u00c5KERSTR\u00d6MS BEI FACEBOOK<\/a><\/div>\n<\/div>\n\n\n\n<div style=\"height:100px\" aria-hidden=\"true\" class=\"wp-block-spacer\"><\/div>\n<\/div><\/div>\n\n\n\n<div class=\"wp-block-cover alignfull has-background-dim\" style=\"background-color:#ef7f00\"><div class=\"wp-block-cover__inner-container is-layout-flow wp-block-cover-is-layout-flow\">\n<h2 class=\"has-text-align-center has-black-color has-text-color wp-block-heading\" id=\"h-har-ni-fr-gor-till-oss-ring-eller-maila-oss\">Haben Sie <strong>Fragen an uns?<\/strong><br>Rufen Sie an oder mailen Sie uns.<\/h2>\n\n\n\n<div style=\"height:20px\" aria-hidden=\"true\" class=\"wp-block-spacer\"><\/div>\n\n\n\n<div class=\"wp-block-buttons is-content-justification-center is-layout-flex wp-block-buttons-is-layout-flex\">\n<div class=\"wp-block-button is-style-fill\"><a class=\"wp-block-button__link has-white-color has-black-background-color has-text-color has-background\" style=\"border-radius:3px\">KONTAKTIEREN SIE UNS<\/a><\/div>\n<\/div>\n<\/div><\/div>\n\n\n\n<div class=\"wp-block-cover alignfull has-black-background-color has-background-dim\" style=\"min-height:200px;aspect-ratio:unset;\"><div class=\"wp-block-cover__inner-container is-layout-flow wp-block-cover-is-layout-flow\">\n<div class=\"wp-block-columns is-layout-flex wp-container-core-columns-is-layout-9d6595d7 wp-block-columns-is-layout-flex\">\n<div class=\"wp-block-column is-layout-flow wp-block-column-is-layout-flow\" style=\"flex-basis:60%\">\n<h3 class=\"nomargin has-orange-color has-text-color wp-block-heading\" id=\"h-prenumerera-p-v-ra-nyheter\"><img loading=\"lazy\" decoding=\"async\" width=\"60\" height=\"30\" class=\"wp-image-6202\" style=\"width: 60px;\" src=\"https:\/\/akerstroms.se\/app\/uploads\/2021\/04\/newsletter-e1617281590116.png\" alt=\"\"> Abonnieren Sie <strong>unseren Newsletter<\/strong><\/h3>\n<\/div>\n\n\n\n<div class=\"wp-block-column is-layout-flow wp-block-column-is-layout-flow\" style=\"flex-basis:40%\"><script>(function() {\n\twindow.mc4wp = window.mc4wp || {\n\t\tlisteners: [],\n\t\tforms: {\n\t\t\ton: function(evt, cb) {\n\t\t\t\twindow.mc4wp.listeners.push(\n\t\t\t\t\t{\n\t\t\t\t\t\tevent   : evt,\n\t\t\t\t\t\tcallback: cb\n\t\t\t\t\t}\n\t\t\t\t);\n\t\t\t}\n\t\t}\n\t}\n})();\n<\/script><!-- Mailchimp for WordPress v4.12.1 - https:\/\/wordpress.org\/plugins\/mailchimp-for-wp\/ --><form id=\"mc4wp-form-1\" class=\"mc4wp-form mc4wp-form-102\" method=\"post\" data-id=\"102\" data-name=\"Nyhetsbrev\" ><div class=\"mc4wp-form-fields\"><div class=\"flex-row-wrapper mcform container container--big\">\r\n  <div class=\"flex-row-wrapper form\">\r\n    <input type=\"email\" name=\"EMAIL\" placeholder=\"Email\" required \/>\r\n    <input type=\"submit\" \/>\r\n  <\/div>\r\n<\/div><\/div><label style=\"display: none !important;\">Wenn du ein Mensch bist, lasse das Feld leer: <input type=\"text\" name=\"_mc4wp_honeypot\" value=\"\" tabindex=\"-1\" autocomplete=\"off\" \/><\/label><input type=\"hidden\" name=\"_mc4wp_timestamp\" value=\"1777673043\" \/><input type=\"hidden\" name=\"_mc4wp_form_id\" value=\"102\" \/><input type=\"hidden\" name=\"_mc4wp_form_element_id\" value=\"mc4wp-form-1\" \/><div class=\"mc4wp-response\"><\/div><\/form><!-- \/ Mailchimp for WordPress Plugin --><\/div>\n<\/div>\n<\/div><\/div>\n\n\n\n<p><\/p>\n","protected":false},"excerpt":{"rendered":"<p>Wir lieben es, zur Arbeit zu gehen Uns alle hier treibt der Wunsch, jeden Tag unser Allerbestes zu geben, um Resultate zu erzielen und auch&#8230;<\/p>\n","protected":false},"author":7,"featured_media":0,"parent":0,"menu_order":0,"comment_status":"closed","ping_status":"closed","template":"","meta":{"_acf_changed":false,"footnotes":""},"class_list":["post-12097","page","type-page","status-publish","hentry"],"acf":[],"yoast_head":"<!-- This site is optimized with the Yoast SEO plugin v27.4 - https:\/\/yoast.com\/product\/yoast-seo-wordpress\/ -->\n<title>Folgen Sie uns :) - \u00c5kerstr\u00f6ms Bj\u00f6rbo<\/title>\n<meta name=\"robots\" content=\"index, follow, max-snippet:-1, max-image-preview:large, max-video-preview:-1\" \/>\n<link rel=\"canonical\" href=\"https:\/\/akerstroms.se\/de\/folgen-sie-uns\/\" \/>\n<meta property=\"og:locale\" content=\"de_DE\" \/>\n<meta property=\"og:type\" content=\"article\" \/>\n<meta property=\"og:title\" content=\"Folgen Sie uns :) - \u00c5kerstr\u00f6ms Bj\u00f6rbo\" \/>\n<meta property=\"og:description\" content=\"Wir lieben es, zur Arbeit zu gehen Uns alle hier treibt der Wunsch, jeden Tag unser Allerbestes zu geben, um Resultate zu erzielen und auch...\" \/>\n<meta property=\"og:url\" content=\"https:\/\/akerstroms.se\/de\/folgen-sie-uns\/\" \/>\n<meta property=\"og:site_name\" content=\"\u00c5kerstr\u00f6ms Bj\u00f6rbo\" \/>\n<meta property=\"article:publisher\" content=\"https:\/\/www.facebook.com\/akerstroms.se\" \/>\n<meta property=\"article:modified_time\" content=\"2025-04-25T09:34:41+00:00\" \/>\n<meta property=\"og:image\" content=\"https:\/\/akerstroms.se\/app\/uploads\/2021\/09\/Access_ctrl_logo_world_2-1.png\" \/>\n\t<meta property=\"og:image:width\" content=\"1181\" \/>\n\t<meta property=\"og:image:height\" content=\"786\" \/>\n\t<meta property=\"og:image:type\" content=\"image\/png\" \/>\n<meta name=\"twitter:card\" content=\"summary_large_image\" \/>\n<meta name=\"twitter:label1\" content=\"Gesch\u00e4tzte Lesezeit\" \/>\n\t<meta name=\"twitter:data1\" content=\"4\u00a0Minuten\" \/>\n<script type=\"application\/ld+json\" class=\"yoast-schema-graph\">{\"@context\":\"https:\\\/\\\/schema.org\",\"@graph\":[{\"@type\":\"WebPage\",\"@id\":\"https:\\\/\\\/akerstroms.se\\\/de\\\/folgen-sie-uns\\\/\",\"url\":\"https:\\\/\\\/akerstroms.se\\\/de\\\/folgen-sie-uns\\\/\",\"name\":\"Folgen Sie uns :) - \u00c5kerstr\u00f6ms Bj\u00f6rbo\",\"isPartOf\":{\"@id\":\"https:\\\/\\\/akerstroms.se\\\/#website\"},\"primaryImageOfPage\":{\"@id\":\"https:\\\/\\\/akerstroms.se\\\/de\\\/folgen-sie-uns\\\/#primaryimage\"},\"image\":{\"@id\":\"https:\\\/\\\/akerstroms.se\\\/de\\\/folgen-sie-uns\\\/#primaryimage\"},\"thumbnailUrl\":\"https:\\\/\\\/akerstroms.se\\\/app\\\/uploads\\\/2021\\\/09\\\/Access_ctrl_logo_world_2-1-700x466.png\",\"datePublished\":\"2021-10-13T12:44:10+00:00\",\"dateModified\":\"2025-04-25T09:34:41+00:00\",\"breadcrumb\":{\"@id\":\"https:\\\/\\\/akerstroms.se\\\/de\\\/folgen-sie-uns\\\/#breadcrumb\"},\"inLanguage\":\"de\",\"potentialAction\":[{\"@type\":\"ReadAction\",\"target\":[\"https:\\\/\\\/akerstroms.se\\\/de\\\/folgen-sie-uns\\\/\"]}]},{\"@type\":\"ImageObject\",\"inLanguage\":\"de\",\"@id\":\"https:\\\/\\\/akerstroms.se\\\/de\\\/folgen-sie-uns\\\/#primaryimage\",\"url\":\"https:\\\/\\\/akerstroms.se\\\/app\\\/uploads\\\/2021\\\/09\\\/Access_ctrl_logo_world_2-1-700x466.png\",\"contentUrl\":\"https:\\\/\\\/akerstroms.se\\\/app\\\/uploads\\\/2021\\\/09\\\/Access_ctrl_logo_world_2-1-700x466.png\"},{\"@type\":\"BreadcrumbList\",\"@id\":\"https:\\\/\\\/akerstroms.se\\\/de\\\/folgen-sie-uns\\\/#breadcrumb\",\"itemListElement\":[{\"@type\":\"ListItem\",\"position\":1,\"name\":\"Home\",\"item\":\"https:\\\/\\\/akerstroms.se\\\/de\\\/\"},{\"@type\":\"ListItem\",\"position\":2,\"name\":\"Folgen Sie uns :)\"}]},{\"@type\":\"WebSite\",\"@id\":\"https:\\\/\\\/akerstroms.se\\\/#website\",\"url\":\"https:\\\/\\\/akerstroms.se\\\/\",\"name\":\"\u00c5kerstr\u00f6ms Bj\u00f6rbo\",\"description\":\"Radiostyrning f\u00f6r industriella och mobila applikationer\",\"publisher\":{\"@id\":\"https:\\\/\\\/akerstroms.se\\\/#organization\"},\"potentialAction\":[{\"@type\":\"SearchAction\",\"target\":{\"@type\":\"EntryPoint\",\"urlTemplate\":\"https:\\\/\\\/akerstroms.se\\\/?s={search_term_string}\"},\"query-input\":{\"@type\":\"PropertyValueSpecification\",\"valueRequired\":true,\"valueName\":\"search_term_string\"}}],\"inLanguage\":\"de\"},{\"@type\":\"Organization\",\"@id\":\"https:\\\/\\\/akerstroms.se\\\/#organization\",\"name\":\"\u00c5kerstr\u00f6ms AB\",\"url\":\"https:\\\/\\\/akerstroms.se\\\/\",\"logo\":{\"@type\":\"ImageObject\",\"inLanguage\":\"de\",\"@id\":\"https:\\\/\\\/akerstroms.se\\\/#\\\/schema\\\/logo\\\/image\\\/\",\"url\":\"https:\\\/\\\/akerstroms.se\\\/app\\\/uploads\\\/2021\\\/10\\\/akerstroms-logo.png\",\"contentUrl\":\"https:\\\/\\\/akerstroms.se\\\/app\\\/uploads\\\/2021\\\/10\\\/akerstroms-logo.png\",\"width\":400,\"height\":86,\"caption\":\"\u00c5kerstr\u00f6ms AB\"},\"image\":{\"@id\":\"https:\\\/\\\/akerstroms.se\\\/#\\\/schema\\\/logo\\\/image\\\/\"},\"sameAs\":[\"https:\\\/\\\/www.facebook.com\\\/akerstroms.se\",\"https:\\\/\\\/www.linkedin.com\\\/company\\\/akerstroms\\\/\",\"https:\\\/\\\/www.youtube.com\\\/channel\\\/UC8S-jX9nA8c9qBaTlgqg1CQ\"]}]}<\/script>\n<!-- \/ Yoast SEO plugin. -->","yoast_head_json":{"title":"Folgen Sie uns :) - \u00c5kerstr\u00f6ms Bj\u00f6rbo","robots":{"index":"index","follow":"follow","max-snippet":"max-snippet:-1","max-image-preview":"max-image-preview:large","max-video-preview":"max-video-preview:-1"},"canonical":"https:\/\/akerstroms.se\/de\/folgen-sie-uns\/","og_locale":"de_DE","og_type":"article","og_title":"Folgen Sie uns :) - \u00c5kerstr\u00f6ms Bj\u00f6rbo","og_description":"Wir lieben es, zur Arbeit zu gehen Uns alle hier treibt der Wunsch, jeden Tag unser Allerbestes zu geben, um Resultate zu erzielen und auch...","og_url":"https:\/\/akerstroms.se\/de\/folgen-sie-uns\/","og_site_name":"\u00c5kerstr\u00f6ms Bj\u00f6rbo","article_publisher":"https:\/\/www.facebook.com\/akerstroms.se","article_modified_time":"2025-04-25T09:34:41+00:00","og_image":[{"width":1181,"height":786,"url":"https:\/\/akerstroms.se\/app\/uploads\/2021\/09\/Access_ctrl_logo_world_2-1.png","type":"image\/png"}],"twitter_card":"summary_large_image","twitter_misc":{"Gesch\u00e4tzte Lesezeit":"4\u00a0Minuten"},"schema":{"@context":"https:\/\/schema.org","@graph":[{"@type":"WebPage","@id":"https:\/\/akerstroms.se\/de\/folgen-sie-uns\/","url":"https:\/\/akerstroms.se\/de\/folgen-sie-uns\/","name":"Folgen Sie uns :) - \u00c5kerstr\u00f6ms Bj\u00f6rbo","isPartOf":{"@id":"https:\/\/akerstroms.se\/#website"},"primaryImageOfPage":{"@id":"https:\/\/akerstroms.se\/de\/folgen-sie-uns\/#primaryimage"},"image":{"@id":"https:\/\/akerstroms.se\/de\/folgen-sie-uns\/#primaryimage"},"thumbnailUrl":"https:\/\/akerstroms.se\/app\/uploads\/2021\/09\/Access_ctrl_logo_world_2-1-700x466.png","datePublished":"2021-10-13T12:44:10+00:00","dateModified":"2025-04-25T09:34:41+00:00","breadcrumb":{"@id":"https:\/\/akerstroms.se\/de\/folgen-sie-uns\/#breadcrumb"},"inLanguage":"de","potentialAction":[{"@type":"ReadAction","target":["https:\/\/akerstroms.se\/de\/folgen-sie-uns\/"]}]},{"@type":"ImageObject","inLanguage":"de","@id":"https:\/\/akerstroms.se\/de\/folgen-sie-uns\/#primaryimage","url":"https:\/\/akerstroms.se\/app\/uploads\/2021\/09\/Access_ctrl_logo_world_2-1-700x466.png","contentUrl":"https:\/\/akerstroms.se\/app\/uploads\/2021\/09\/Access_ctrl_logo_world_2-1-700x466.png"},{"@type":"BreadcrumbList","@id":"https:\/\/akerstroms.se\/de\/folgen-sie-uns\/#breadcrumb","itemListElement":[{"@type":"ListItem","position":1,"name":"Home","item":"https:\/\/akerstroms.se\/de\/"},{"@type":"ListItem","position":2,"name":"Folgen Sie uns :)"}]},{"@type":"WebSite","@id":"https:\/\/akerstroms.se\/#website","url":"https:\/\/akerstroms.se\/","name":"\u00c5kerstr\u00f6ms Bj\u00f6rbo","description":"Radiostyrning f\u00f6r industriella och mobila applikationer","publisher":{"@id":"https:\/\/akerstroms.se\/#organization"},"potentialAction":[{"@type":"SearchAction","target":{"@type":"EntryPoint","urlTemplate":"https:\/\/akerstroms.se\/?s={search_term_string}"},"query-input":{"@type":"PropertyValueSpecification","valueRequired":true,"valueName":"search_term_string"}}],"inLanguage":"de"},{"@type":"Organization","@id":"https:\/\/akerstroms.se\/#organization","name":"\u00c5kerstr\u00f6ms AB","url":"https:\/\/akerstroms.se\/","logo":{"@type":"ImageObject","inLanguage":"de","@id":"https:\/\/akerstroms.se\/#\/schema\/logo\/image\/","url":"https:\/\/akerstroms.se\/app\/uploads\/2021\/10\/akerstroms-logo.png","contentUrl":"https:\/\/akerstroms.se\/app\/uploads\/2021\/10\/akerstroms-logo.png","width":400,"height":86,"caption":"\u00c5kerstr\u00f6ms AB"},"image":{"@id":"https:\/\/akerstroms.se\/#\/schema\/logo\/image\/"},"sameAs":["https:\/\/www.facebook.com\/akerstroms.se","https:\/\/www.linkedin.com\/company\/akerstroms\/","https:\/\/www.youtube.com\/channel\/UC8S-jX9nA8c9qBaTlgqg1CQ"]}]}},"_links":{"self":[{"href":"https:\/\/akerstroms.se\/de\/wp-json\/wp\/v2\/pages\/12097","targetHints":{"allow":["GET"]}}],"collection":[{"href":"https:\/\/akerstroms.se\/de\/wp-json\/wp\/v2\/pages"}],"about":[{"href":"https:\/\/akerstroms.se\/de\/wp-json\/wp\/v2\/types\/page"}],"author":[{"embeddable":true,"href":"https:\/\/akerstroms.se\/de\/wp-json\/wp\/v2\/users\/7"}],"replies":[{"embeddable":true,"href":"https:\/\/akerstroms.se\/de\/wp-json\/wp\/v2\/comments?post=12097"}],"version-history":[{"count":1,"href":"https:\/\/akerstroms.se\/de\/wp-json\/wp\/v2\/pages\/12097\/revisions"}],"predecessor-version":[{"id":22120,"href":"https:\/\/akerstroms.se\/de\/wp-json\/wp\/v2\/pages\/12097\/revisions\/22120"}],"wp:attachment":[{"href":"https:\/\/akerstroms.se\/de\/wp-json\/wp\/v2\/media?parent=12097"}],"curies":[{"name":"wp","href":"https:\/\/api.w.org\/{rel}","templated":true}]}}