{"id":11934,"date":"2021-10-12T14:23:28","date_gmt":"2021-10-12T12:23:28","guid":{"rendered":"https:\/\/akerstroms.se\/technischer-support\/"},"modified":"2025-05-21T13:23:09","modified_gmt":"2025-05-21T11:23:09","slug":"technischer-support","status":"publish","type":"page","link":"https:\/\/akerstroms.se\/de\/technischer-support\/","title":{"rendered":"Technischer Support"},"content":{"rendered":"\n<h2 class=\"wp-block-heading has-text-align-center\" id=\"h-technischer-support\">Technischer Support<\/h2>\n\n\n\n<p class=\"has-text-align-center\">Unsere erfahrene und sachkundige Service- und Supportabteilung sorgt daf\u00fcr, dass Sie als Kunde von \u00c5kerstr\u00f6ms jederzeit den bestm\u00f6glichen Support erhalten. Dazu geh\u00f6ren auch die richtigen Ersatzteile sowie bei Bedarf Reparaturen durch unser eigenes qualifiziertes Serviceteam.<\/p>\n\n\n\n<p class=\"has-text-align-center\"><strong>Unsere \u00d6ffnungszeiten sind Montag bis Freitag, 07:30 bis 16:10 Uhr<\/strong><br><br>F\u00fcr spezifische Fragen: <br><strong>Technischer Support<\/strong> Tel. +46 241 250-50, E-Mail <a href=\"mailto:support@akerstroms.se\">support@akerstroms.se<\/a><br><strong>Service\/Reparaturen<\/strong>: Tel. +46 241 250-80, E-Mail <a href=\"mailto:repair@akerstroms.se\">repair@akerstroms.se<\/a><br><strong>Ersatzteile<\/strong>: Tel. +46 241 250-60, E-Mail <a href=\"mailto:frontoffice@akerstroms.se\">frontoffice@akerstroms.se<\/a><\/p>\n\n\n\n<div style=\"height:15px\" aria-hidden=\"true\" class=\"wp-block-spacer\"><\/div>\n\n\n\n<h4 class=\"wp-block-heading has-text-align-center\" id=\"h-wir-sind-fur-sie-da-wenden-sie-sich-gern-direkt-an-uns\">Wir sind f\u00fcr Sie da. Wenden Sie sich gern direkt an uns.<\/h4>\n\n\n\n<div style=\"height:15px\" aria-hidden=\"true\" class=\"wp-block-spacer\"><\/div>\n\n\n<section class=\"persons flex-row-wrapper wrap\">\r\n            <div class=\"persons__person\">\r\n            <div class=\"persons__person__image\">\r\n                <img loading=\"lazy\" decoding=\"async\" width=\"800\" height=\"600\" src=\"https:\/\/akerstroms.se\/app\/uploads\/2021\/05\/p-hermansson-800x600x150-dpi.jpg\" class=\"attachment-post-thumbnail size-post-thumbnail wp-post-image\" alt=\"\" srcset=\"https:\/\/akerstroms.se\/app\/uploads\/2021\/05\/p-hermansson-800x600x150-dpi.jpg 800w, https:\/\/akerstroms.se\/app\/uploads\/2021\/05\/p-hermansson-800x600x150-dpi-300x225.jpg 300w, https:\/\/akerstroms.se\/app\/uploads\/2021\/05\/p-hermansson-800x600x150-dpi-600x450.jpg 600w, https:\/\/akerstroms.se\/app\/uploads\/2021\/05\/p-hermansson-800x600x150-dpi-250x188.jpg 250w, https:\/\/akerstroms.se\/app\/uploads\/2021\/05\/p-hermansson-800x600x150-dpi-700x525.jpg 700w, https:\/\/akerstroms.se\/app\/uploads\/2021\/05\/p-hermansson-800x600x150-dpi-768x576.jpg 768w, https:\/\/akerstroms.se\/app\/uploads\/2021\/05\/p-hermansson-800x600x150-dpi-120x90.jpg 120w, https:\/\/akerstroms.se\/app\/uploads\/2021\/05\/p-hermansson-800x600x150-dpi-540x405.jpg 540w\" sizes=\"auto, (max-width: 800px) 100vw, 800px\" \/>            <\/div>\r\n            <div class=\"persons__person__text\">\r\n                <p class=\"name\">P\u00e4r Hermansson<\/p>\r\n                <p class=\"role\">Teamleader aftermarket<\/p>\r\n                <p>Tel <a href=\"tel: +46 241-250 50\">+46 241-250 50<\/a><\/p>\r\n                <p>Mobil <a href=\"tel: \"><\/a><\/p>\r\n                <a class=\"mail\" href=\"mailto:support@akerstroms.se\" title=\"support@akerstroms.se\"><i class=\"far fa-envelope\"><\/i><\/a>\r\n            <\/div>\r\n        <\/div>\r\n            <div class=\"persons__person\">\r\n            <div class=\"persons__person__image\">\r\n                <img loading=\"lazy\" decoding=\"async\" width=\"800\" height=\"600\" src=\"https:\/\/akerstroms.se\/app\/uploads\/2021\/05\/s-bossfall-800x600x150-dpi.jpg\" class=\"attachment-post-thumbnail size-post-thumbnail wp-post-image\" alt=\"\" srcset=\"https:\/\/akerstroms.se\/app\/uploads\/2021\/05\/s-bossfall-800x600x150-dpi.jpg 800w, https:\/\/akerstroms.se\/app\/uploads\/2021\/05\/s-bossfall-800x600x150-dpi-300x225.jpg 300w, https:\/\/akerstroms.se\/app\/uploads\/2021\/05\/s-bossfall-800x600x150-dpi-600x450.jpg 600w, https:\/\/akerstroms.se\/app\/uploads\/2021\/05\/s-bossfall-800x600x150-dpi-250x188.jpg 250w, https:\/\/akerstroms.se\/app\/uploads\/2021\/05\/s-bossfall-800x600x150-dpi-700x525.jpg 700w, https:\/\/akerstroms.se\/app\/uploads\/2021\/05\/s-bossfall-800x600x150-dpi-768x576.jpg 768w, https:\/\/akerstroms.se\/app\/uploads\/2021\/05\/s-bossfall-800x600x150-dpi-120x90.jpg 120w, https:\/\/akerstroms.se\/app\/uploads\/2021\/05\/s-bossfall-800x600x150-dpi-540x405.jpg 540w\" sizes=\"auto, (max-width: 800px) 100vw, 800px\" \/>            <\/div>\r\n            <div class=\"persons__person__text\">\r\n                <p class=\"name\">Stefan B\u00f6ssfall<\/p>\r\n                <p class=\"role\">Service technician<\/p>\r\n                <p>Tel <a href=\"tel: +46 241-250 50\">+46 241-250 50<\/a><\/p>\r\n                <p>Mobil <a href=\"tel: \"><\/a><\/p>\r\n                <a class=\"mail\" href=\"mailto:support@akerstroms.se\" title=\"support@akerstroms.se\"><i class=\"far fa-envelope\"><\/i><\/a>\r\n            <\/div>\r\n        <\/div>\r\n            <div class=\"persons__person\">\r\n            <div class=\"persons__person__image\">\r\n                <img loading=\"lazy\" decoding=\"async\" width=\"800\" height=\"600\" src=\"https:\/\/akerstroms.se\/app\/uploads\/2021\/05\/j-enmalm-800x600x150-dpi.jpg\" class=\"attachment-post-thumbnail size-post-thumbnail wp-post-image\" alt=\"\" srcset=\"https:\/\/akerstroms.se\/app\/uploads\/2021\/05\/j-enmalm-800x600x150-dpi.jpg 800w, https:\/\/akerstroms.se\/app\/uploads\/2021\/05\/j-enmalm-800x600x150-dpi-300x225.jpg 300w, https:\/\/akerstroms.se\/app\/uploads\/2021\/05\/j-enmalm-800x600x150-dpi-600x450.jpg 600w, https:\/\/akerstroms.se\/app\/uploads\/2021\/05\/j-enmalm-800x600x150-dpi-250x188.jpg 250w, https:\/\/akerstroms.se\/app\/uploads\/2021\/05\/j-enmalm-800x600x150-dpi-700x525.jpg 700w, https:\/\/akerstroms.se\/app\/uploads\/2021\/05\/j-enmalm-800x600x150-dpi-768x576.jpg 768w, https:\/\/akerstroms.se\/app\/uploads\/2021\/05\/j-enmalm-800x600x150-dpi-120x90.jpg 120w, https:\/\/akerstroms.se\/app\/uploads\/2021\/05\/j-enmalm-800x600x150-dpi-540x405.jpg 540w\" sizes=\"auto, (max-width: 800px) 100vw, 800px\" \/>            <\/div>\r\n            <div class=\"persons__person__text\">\r\n                <p class=\"name\">Johan Enmalm<\/p>\r\n                <p class=\"role\">Service technician<\/p>\r\n                <p>Tel <a href=\"tel: +46 241-250 50\">+46 241-250 50<\/a><\/p>\r\n                <p>Mobil <a href=\"tel: \"><\/a><\/p>\r\n                <a class=\"mail\" href=\"mailto:support@akerstroms.se\" title=\"support@akerstroms.se\"><i class=\"far fa-envelope\"><\/i><\/a>\r\n            <\/div>\r\n        <\/div>\r\n            <div class=\"persons__person\">\r\n            <div class=\"persons__person__image\">\r\n                <img loading=\"lazy\" decoding=\"async\" width=\"800\" height=\"600\" src=\"https:\/\/akerstroms.se\/app\/uploads\/2021\/05\/erik-o-hedman-800x600x150-dpi.jpg\" class=\"attachment-post-thumbnail size-post-thumbnail wp-post-image\" alt=\"Erik Odens Hedman servicetekniker\" srcset=\"https:\/\/akerstroms.se\/app\/uploads\/2021\/05\/erik-o-hedman-800x600x150-dpi.jpg 800w, https:\/\/akerstroms.se\/app\/uploads\/2021\/05\/erik-o-hedman-800x600x150-dpi-300x225.jpg 300w, https:\/\/akerstroms.se\/app\/uploads\/2021\/05\/erik-o-hedman-800x600x150-dpi-600x450.jpg 600w, https:\/\/akerstroms.se\/app\/uploads\/2021\/05\/erik-o-hedman-800x600x150-dpi-250x188.jpg 250w, https:\/\/akerstroms.se\/app\/uploads\/2021\/05\/erik-o-hedman-800x600x150-dpi-700x525.jpg 700w, https:\/\/akerstroms.se\/app\/uploads\/2021\/05\/erik-o-hedman-800x600x150-dpi-768x576.jpg 768w, https:\/\/akerstroms.se\/app\/uploads\/2021\/05\/erik-o-hedman-800x600x150-dpi-120x90.jpg 120w, https:\/\/akerstroms.se\/app\/uploads\/2021\/05\/erik-o-hedman-800x600x150-dpi-540x405.jpg 540w\" sizes=\"auto, (max-width: 800px) 100vw, 800px\" \/>            <\/div>\r\n            <div class=\"persons__person__text\">\r\n                <p class=\"name\">Erik Odens Hedman<\/p>\r\n                <p class=\"role\">Service technician<\/p>\r\n                <p>Tel <a href=\"tel: +46 241-250 80\">+46 241-250 80<\/a><\/p>\r\n                <p>Mobil <a href=\"tel: \"><\/a><\/p>\r\n                <a class=\"mail\" href=\"mailto:repair@akerstroms.se\" title=\"repair@akerstroms.se\"><i class=\"far fa-envelope\"><\/i><\/a>\r\n            <\/div>\r\n        <\/div>\r\n            <div class=\"persons__person\">\r\n            <div class=\"persons__person__image\">\r\n                <img loading=\"lazy\" decoding=\"async\" width=\"800\" height=\"600\" src=\"https:\/\/akerstroms.se\/app\/uploads\/2021\/05\/s-bustad-800x600x150-dpi.jpg\" class=\"attachment-post-thumbnail size-post-thumbnail wp-post-image\" alt=\"\" srcset=\"https:\/\/akerstroms.se\/app\/uploads\/2021\/05\/s-bustad-800x600x150-dpi.jpg 800w, https:\/\/akerstroms.se\/app\/uploads\/2021\/05\/s-bustad-800x600x150-dpi-300x225.jpg 300w, https:\/\/akerstroms.se\/app\/uploads\/2021\/05\/s-bustad-800x600x150-dpi-600x450.jpg 600w, https:\/\/akerstroms.se\/app\/uploads\/2021\/05\/s-bustad-800x600x150-dpi-250x188.jpg 250w, https:\/\/akerstroms.se\/app\/uploads\/2021\/05\/s-bustad-800x600x150-dpi-700x525.jpg 700w, https:\/\/akerstroms.se\/app\/uploads\/2021\/05\/s-bustad-800x600x150-dpi-768x576.jpg 768w, https:\/\/akerstroms.se\/app\/uploads\/2021\/05\/s-bustad-800x600x150-dpi-120x90.jpg 120w, https:\/\/akerstroms.se\/app\/uploads\/2021\/05\/s-bustad-800x600x150-dpi-540x405.jpg 540w\" sizes=\"auto, (max-width: 800px) 100vw, 800px\" \/>            <\/div>\r\n            <div class=\"persons__person__text\">\r\n                <p class=\"name\">Stefan Bustad<\/p>\r\n                <p class=\"role\">Service technician<\/p>\r\n                <p>Tel <a href=\"tel: +46 241-250 80\">+46 241-250 80<\/a><\/p>\r\n                <p>Mobil <a href=\"tel: \"><\/a><\/p>\r\n                <a class=\"mail\" href=\"mailto:repair@akerstroms.se\" title=\"repair@akerstroms.se\"><i class=\"far fa-envelope\"><\/i><\/a>\r\n            <\/div>\r\n        <\/div>\r\n            <div class=\"persons__person\">\r\n            <div class=\"persons__person__image\">\r\n                <img loading=\"lazy\" decoding=\"async\" width=\"800\" height=\"600\" src=\"https:\/\/akerstroms.se\/app\/uploads\/2022\/05\/jocke-gruhs.png\" class=\"attachment-post-thumbnail size-post-thumbnail wp-post-image\" alt=\"joacim gruhs\" srcset=\"https:\/\/akerstroms.se\/app\/uploads\/2022\/05\/jocke-gruhs.png 800w, https:\/\/akerstroms.se\/app\/uploads\/2022\/05\/jocke-gruhs-250x188.png 250w, https:\/\/akerstroms.se\/app\/uploads\/2022\/05\/jocke-gruhs-700x525.png 700w, https:\/\/akerstroms.se\/app\/uploads\/2022\/05\/jocke-gruhs-768x576.png 768w, https:\/\/akerstroms.se\/app\/uploads\/2022\/05\/jocke-gruhs-120x90.png 120w, https:\/\/akerstroms.se\/app\/uploads\/2022\/05\/jocke-gruhs-540x405.png 540w, https:\/\/akerstroms.se\/app\/uploads\/2022\/05\/jocke-gruhs-300x225.png 300w, https:\/\/akerstroms.se\/app\/uploads\/2022\/05\/jocke-gruhs-600x450.png 600w\" sizes=\"auto, (max-width: 800px) 100vw, 800px\" \/>            <\/div>\r\n            <div class=\"persons__person__text\">\r\n                <p class=\"name\">Joacim Gruhs<\/p>\r\n                <p class=\"role\">Service technician<\/p>\r\n                <p>Tel <a href=\"tel: +46 241-250 80\">+46 241-250 80<\/a><\/p>\r\n                <p>Mobil <a href=\"tel: \"><\/a><\/p>\r\n                <a class=\"mail\" href=\"mailto:repair@akerstroms.se\" title=\"repair@akerstroms.se\"><i class=\"far fa-envelope\"><\/i><\/a>\r\n            <\/div>\r\n        <\/div>\r\n            <div class=\"persons__person\">\r\n            <div class=\"persons__person__image\">\r\n                <img loading=\"lazy\" decoding=\"async\" width=\"800\" height=\"600\" src=\"https:\/\/akerstroms.se\/app\/uploads\/2021\/05\/b-sjoberg-800x600x150-dpi.jpg\" class=\"attachment-post-thumbnail size-post-thumbnail wp-post-image\" alt=\"\" srcset=\"https:\/\/akerstroms.se\/app\/uploads\/2021\/05\/b-sjoberg-800x600x150-dpi.jpg 800w, https:\/\/akerstroms.se\/app\/uploads\/2021\/05\/b-sjoberg-800x600x150-dpi-300x225.jpg 300w, https:\/\/akerstroms.se\/app\/uploads\/2021\/05\/b-sjoberg-800x600x150-dpi-600x450.jpg 600w, https:\/\/akerstroms.se\/app\/uploads\/2021\/05\/b-sjoberg-800x600x150-dpi-250x188.jpg 250w, https:\/\/akerstroms.se\/app\/uploads\/2021\/05\/b-sjoberg-800x600x150-dpi-700x525.jpg 700w, https:\/\/akerstroms.se\/app\/uploads\/2021\/05\/b-sjoberg-800x600x150-dpi-768x576.jpg 768w, https:\/\/akerstroms.se\/app\/uploads\/2021\/05\/b-sjoberg-800x600x150-dpi-120x90.jpg 120w, https:\/\/akerstroms.se\/app\/uploads\/2021\/05\/b-sjoberg-800x600x150-dpi-540x405.jpg 540w\" sizes=\"auto, (max-width: 800px) 100vw, 800px\" \/>            <\/div>\r\n            <div class=\"persons__person__text\">\r\n                <p class=\"name\">Bj\u00f6rn Sj\u00f6berg<\/p>\r\n                <p class=\"role\">Service technician<\/p>\r\n                <p>Tel <a href=\"tel: +46 241-250 80\">+46 241-250 80<\/a><\/p>\r\n                <p>Mobil <a href=\"tel: \"><\/a><\/p>\r\n                <a class=\"mail\" href=\"mailto:repair@akerstroms.se\" title=\"repair@akerstroms.se\"><i class=\"far fa-envelope\"><\/i><\/a>\r\n            <\/div>\r\n        <\/div>\r\n            <div class=\"persons__person\">\r\n            <div class=\"persons__person__image\">\r\n                <img loading=\"lazy\" decoding=\"async\" width=\"800\" height=\"600\" src=\"https:\/\/akerstroms.se\/app\/uploads\/2023\/09\/p-linds-800x600x150-dpi.jpg\" class=\"attachment-post-thumbnail size-post-thumbnail wp-post-image\" alt=\"\" srcset=\"https:\/\/akerstroms.se\/app\/uploads\/2023\/09\/p-linds-800x600x150-dpi.jpg 800w, https:\/\/akerstroms.se\/app\/uploads\/2023\/09\/p-linds-800x600x150-dpi-250x188.jpg 250w, https:\/\/akerstroms.se\/app\/uploads\/2023\/09\/p-linds-800x600x150-dpi-700x525.jpg 700w, https:\/\/akerstroms.se\/app\/uploads\/2023\/09\/p-linds-800x600x150-dpi-768x576.jpg 768w, https:\/\/akerstroms.se\/app\/uploads\/2023\/09\/p-linds-800x600x150-dpi-120x90.jpg 120w, https:\/\/akerstroms.se\/app\/uploads\/2023\/09\/p-linds-800x600x150-dpi-540x405.jpg 540w, https:\/\/akerstroms.se\/app\/uploads\/2023\/09\/p-linds-800x600x150-dpi-300x225.jpg 300w, https:\/\/akerstroms.se\/app\/uploads\/2023\/09\/p-linds-800x600x150-dpi-600x450.jpg 600w\" sizes=\"auto, (max-width: 800px) 100vw, 800px\" \/>            <\/div>\r\n            <div class=\"persons__person__text\">\r\n                <p class=\"name\">Per Linds<\/p>\r\n                <p class=\"role\">Service technician<\/p>\r\n                <p>Tel <a href=\"tel: +46 241-250 80\">+46 241-250 80<\/a><\/p>\r\n                <p>Mobil <a href=\"tel: \"><\/a><\/p>\r\n                <a class=\"mail\" href=\"mailto:repair@akerstroms.se\" title=\"repair@akerstroms.se\"><i class=\"far fa-envelope\"><\/i><\/a>\r\n            <\/div>\r\n        <\/div>\r\n            <div class=\"persons__person\">\r\n            <div class=\"persons__person__image\">\r\n                <img loading=\"lazy\" decoding=\"async\" width=\"800\" height=\"600\" src=\"https:\/\/akerstroms.se\/app\/uploads\/2025\/05\/Johan-Eriksson-800x600x150-dpi.jpg\" class=\"attachment-post-thumbnail size-post-thumbnail wp-post-image\" alt=\"\" srcset=\"https:\/\/akerstroms.se\/app\/uploads\/2025\/05\/Johan-Eriksson-800x600x150-dpi.jpg 800w, https:\/\/akerstroms.se\/app\/uploads\/2025\/05\/Johan-Eriksson-800x600x150-dpi-250x188.jpg 250w, https:\/\/akerstroms.se\/app\/uploads\/2025\/05\/Johan-Eriksson-800x600x150-dpi-700x525.jpg 700w, https:\/\/akerstroms.se\/app\/uploads\/2025\/05\/Johan-Eriksson-800x600x150-dpi-768x576.jpg 768w, https:\/\/akerstroms.se\/app\/uploads\/2025\/05\/Johan-Eriksson-800x600x150-dpi-120x90.jpg 120w, https:\/\/akerstroms.se\/app\/uploads\/2025\/05\/Johan-Eriksson-800x600x150-dpi-540x405.jpg 540w, https:\/\/akerstroms.se\/app\/uploads\/2025\/05\/Johan-Eriksson-800x600x150-dpi-300x225.jpg 300w, https:\/\/akerstroms.se\/app\/uploads\/2025\/05\/Johan-Eriksson-800x600x150-dpi-600x450.jpg 600w\" sizes=\"auto, (max-width: 800px) 100vw, 800px\" \/>            <\/div>\r\n            <div class=\"persons__person__text\">\r\n                <p class=\"name\">Johan Eriksson<\/p>\r\n                <p class=\"role\">Service technician<\/p>\r\n                <p>Tel <a href=\"tel: +46 241-250 26\">+46 241-250 26<\/a><\/p>\r\n                <p>Mobil <a href=\"tel: \"><\/a><\/p>\r\n                <a class=\"mail\" href=\"mailto:johan.eriksson@akerstroms.se\" title=\"johan.eriksson@akerstroms.se\"><i class=\"far fa-envelope\"><\/i><\/a>\r\n            <\/div>\r\n        <\/div>\r\n    <\/section>\r\n\n\n\n<p><\/p>\n","protected":false},"excerpt":{"rendered":"<p>Technischer Support Unsere erfahrene und sachkundige Service- und Supportabteilung sorgt daf\u00fcr, dass Sie als Kunde von \u00c5kerstr\u00f6ms jederzeit den bestm\u00f6glichen Support erhalten. Dazu geh\u00f6ren auch&#8230;<\/p>\n","protected":false},"author":1,"featured_media":0,"parent":0,"menu_order":0,"comment_status":"closed","ping_status":"closed","template":"","meta":{"_acf_changed":false,"footnotes":""},"class_list":["post-11934","page","type-page","status-publish","hentry"],"acf":[],"yoast_head":"<!-- This site is optimized with the Yoast SEO plugin v27.4 - https:\/\/yoast.com\/product\/yoast-seo-wordpress\/ -->\n<title>Technischer Support - \u00c5kerstr\u00f6ms Bj\u00f6rbo<\/title>\n<meta name=\"robots\" content=\"index, follow, max-snippet:-1, max-image-preview:large, max-video-preview:-1\" \/>\n<link rel=\"canonical\" href=\"https:\/\/akerstroms.se\/de\/technischer-support\/\" \/>\n<meta property=\"og:locale\" content=\"de_DE\" \/>\n<meta property=\"og:type\" content=\"article\" \/>\n<meta property=\"og:title\" content=\"Technischer Support - \u00c5kerstr\u00f6ms Bj\u00f6rbo\" \/>\n<meta property=\"og:description\" content=\"Technischer Support Unsere erfahrene und sachkundige Service- und Supportabteilung sorgt daf\u00fcr, dass Sie als Kunde von \u00c5kerstr\u00f6ms jederzeit den bestm\u00f6glichen Support erhalten. Dazu geh\u00f6ren auch...\" \/>\n<meta property=\"og:url\" content=\"https:\/\/akerstroms.se\/de\/technischer-support\/\" \/>\n<meta property=\"og:site_name\" content=\"\u00c5kerstr\u00f6ms Bj\u00f6rbo\" \/>\n<meta property=\"article:publisher\" content=\"https:\/\/www.facebook.com\/akerstroms.se\" \/>\n<meta property=\"article:modified_time\" content=\"2025-05-21T11:23:09+00:00\" \/>\n<meta property=\"og:image\" content=\"https:\/\/akerstroms.se\/app\/uploads\/2021\/09\/Akerstroms-remote-controls.jpg\" \/>\n\t<meta property=\"og:image:width\" content=\"1200\" \/>\n\t<meta property=\"og:image:height\" content=\"675\" \/>\n\t<meta property=\"og:image:type\" content=\"image\/jpeg\" \/>\n<meta name=\"twitter:card\" content=\"summary_large_image\" \/>\n<meta name=\"twitter:label1\" content=\"Gesch\u00e4tzte Lesezeit\" \/>\n\t<meta name=\"twitter:data1\" content=\"1\u00a0Minute\" \/>\n<script type=\"application\/ld+json\" class=\"yoast-schema-graph\">{\"@context\":\"https:\\\/\\\/schema.org\",\"@graph\":[{\"@type\":\"WebPage\",\"@id\":\"https:\\\/\\\/akerstroms.se\\\/de\\\/technischer-support\\\/\",\"url\":\"https:\\\/\\\/akerstroms.se\\\/de\\\/technischer-support\\\/\",\"name\":\"Technischer Support - \u00c5kerstr\u00f6ms Bj\u00f6rbo\",\"isPartOf\":{\"@id\":\"https:\\\/\\\/akerstroms.se\\\/#website\"},\"datePublished\":\"2021-10-12T12:23:28+00:00\",\"dateModified\":\"2025-05-21T11:23:09+00:00\",\"breadcrumb\":{\"@id\":\"https:\\\/\\\/akerstroms.se\\\/de\\\/technischer-support\\\/#breadcrumb\"},\"inLanguage\":\"de\",\"potentialAction\":[{\"@type\":\"ReadAction\",\"target\":[\"https:\\\/\\\/akerstroms.se\\\/de\\\/technischer-support\\\/\"]}]},{\"@type\":\"BreadcrumbList\",\"@id\":\"https:\\\/\\\/akerstroms.se\\\/de\\\/technischer-support\\\/#breadcrumb\",\"itemListElement\":[{\"@type\":\"ListItem\",\"position\":1,\"name\":\"Home\",\"item\":\"https:\\\/\\\/akerstroms.se\\\/de\\\/\"},{\"@type\":\"ListItem\",\"position\":2,\"name\":\"Technischer Support\"}]},{\"@type\":\"WebSite\",\"@id\":\"https:\\\/\\\/akerstroms.se\\\/#website\",\"url\":\"https:\\\/\\\/akerstroms.se\\\/\",\"name\":\"\u00c5kerstr\u00f6ms Bj\u00f6rbo\",\"description\":\"Radiostyrning f\u00f6r industriella och mobila applikationer\",\"publisher\":{\"@id\":\"https:\\\/\\\/akerstroms.se\\\/#organization\"},\"potentialAction\":[{\"@type\":\"SearchAction\",\"target\":{\"@type\":\"EntryPoint\",\"urlTemplate\":\"https:\\\/\\\/akerstroms.se\\\/?s={search_term_string}\"},\"query-input\":{\"@type\":\"PropertyValueSpecification\",\"valueRequired\":true,\"valueName\":\"search_term_string\"}}],\"inLanguage\":\"de\"},{\"@type\":\"Organization\",\"@id\":\"https:\\\/\\\/akerstroms.se\\\/#organization\",\"name\":\"\u00c5kerstr\u00f6ms AB\",\"url\":\"https:\\\/\\\/akerstroms.se\\\/\",\"logo\":{\"@type\":\"ImageObject\",\"inLanguage\":\"de\",\"@id\":\"https:\\\/\\\/akerstroms.se\\\/#\\\/schema\\\/logo\\\/image\\\/\",\"url\":\"https:\\\/\\\/akerstroms.se\\\/app\\\/uploads\\\/2021\\\/10\\\/akerstroms-logo.png\",\"contentUrl\":\"https:\\\/\\\/akerstroms.se\\\/app\\\/uploads\\\/2021\\\/10\\\/akerstroms-logo.png\",\"width\":400,\"height\":86,\"caption\":\"\u00c5kerstr\u00f6ms AB\"},\"image\":{\"@id\":\"https:\\\/\\\/akerstroms.se\\\/#\\\/schema\\\/logo\\\/image\\\/\"},\"sameAs\":[\"https:\\\/\\\/www.facebook.com\\\/akerstroms.se\",\"https:\\\/\\\/www.linkedin.com\\\/company\\\/akerstroms\\\/\",\"https:\\\/\\\/www.youtube.com\\\/channel\\\/UC8S-jX9nA8c9qBaTlgqg1CQ\"]}]}<\/script>\n<!-- \/ Yoast SEO plugin. -->","yoast_head_json":{"title":"Technischer Support - \u00c5kerstr\u00f6ms Bj\u00f6rbo","robots":{"index":"index","follow":"follow","max-snippet":"max-snippet:-1","max-image-preview":"max-image-preview:large","max-video-preview":"max-video-preview:-1"},"canonical":"https:\/\/akerstroms.se\/de\/technischer-support\/","og_locale":"de_DE","og_type":"article","og_title":"Technischer Support - \u00c5kerstr\u00f6ms Bj\u00f6rbo","og_description":"Technischer Support Unsere erfahrene und sachkundige Service- und Supportabteilung sorgt daf\u00fcr, dass Sie als Kunde von \u00c5kerstr\u00f6ms jederzeit den bestm\u00f6glichen Support erhalten. Dazu geh\u00f6ren auch...","og_url":"https:\/\/akerstroms.se\/de\/technischer-support\/","og_site_name":"\u00c5kerstr\u00f6ms Bj\u00f6rbo","article_publisher":"https:\/\/www.facebook.com\/akerstroms.se","article_modified_time":"2025-05-21T11:23:09+00:00","og_image":[{"width":1200,"height":675,"url":"https:\/\/akerstroms.se\/app\/uploads\/2021\/09\/Akerstroms-remote-controls.jpg","type":"image\/jpeg"}],"twitter_card":"summary_large_image","twitter_misc":{"Gesch\u00e4tzte Lesezeit":"1\u00a0Minute"},"schema":{"@context":"https:\/\/schema.org","@graph":[{"@type":"WebPage","@id":"https:\/\/akerstroms.se\/de\/technischer-support\/","url":"https:\/\/akerstroms.se\/de\/technischer-support\/","name":"Technischer Support - \u00c5kerstr\u00f6ms Bj\u00f6rbo","isPartOf":{"@id":"https:\/\/akerstroms.se\/#website"},"datePublished":"2021-10-12T12:23:28+00:00","dateModified":"2025-05-21T11:23:09+00:00","breadcrumb":{"@id":"https:\/\/akerstroms.se\/de\/technischer-support\/#breadcrumb"},"inLanguage":"de","potentialAction":[{"@type":"ReadAction","target":["https:\/\/akerstroms.se\/de\/technischer-support\/"]}]},{"@type":"BreadcrumbList","@id":"https:\/\/akerstroms.se\/de\/technischer-support\/#breadcrumb","itemListElement":[{"@type":"ListItem","position":1,"name":"Home","item":"https:\/\/akerstroms.se\/de\/"},{"@type":"ListItem","position":2,"name":"Technischer Support"}]},{"@type":"WebSite","@id":"https:\/\/akerstroms.se\/#website","url":"https:\/\/akerstroms.se\/","name":"\u00c5kerstr\u00f6ms Bj\u00f6rbo","description":"Radiostyrning f\u00f6r industriella och mobila applikationer","publisher":{"@id":"https:\/\/akerstroms.se\/#organization"},"potentialAction":[{"@type":"SearchAction","target":{"@type":"EntryPoint","urlTemplate":"https:\/\/akerstroms.se\/?s={search_term_string}"},"query-input":{"@type":"PropertyValueSpecification","valueRequired":true,"valueName":"search_term_string"}}],"inLanguage":"de"},{"@type":"Organization","@id":"https:\/\/akerstroms.se\/#organization","name":"\u00c5kerstr\u00f6ms AB","url":"https:\/\/akerstroms.se\/","logo":{"@type":"ImageObject","inLanguage":"de","@id":"https:\/\/akerstroms.se\/#\/schema\/logo\/image\/","url":"https:\/\/akerstroms.se\/app\/uploads\/2021\/10\/akerstroms-logo.png","contentUrl":"https:\/\/akerstroms.se\/app\/uploads\/2021\/10\/akerstroms-logo.png","width":400,"height":86,"caption":"\u00c5kerstr\u00f6ms AB"},"image":{"@id":"https:\/\/akerstroms.se\/#\/schema\/logo\/image\/"},"sameAs":["https:\/\/www.facebook.com\/akerstroms.se","https:\/\/www.linkedin.com\/company\/akerstroms\/","https:\/\/www.youtube.com\/channel\/UC8S-jX9nA8c9qBaTlgqg1CQ"]}]}},"_links":{"self":[{"href":"https:\/\/akerstroms.se\/de\/wp-json\/wp\/v2\/pages\/11934","targetHints":{"allow":["GET"]}}],"collection":[{"href":"https:\/\/akerstroms.se\/de\/wp-json\/wp\/v2\/pages"}],"about":[{"href":"https:\/\/akerstroms.se\/de\/wp-json\/wp\/v2\/types\/page"}],"author":[{"embeddable":true,"href":"https:\/\/akerstroms.se\/de\/wp-json\/wp\/v2\/users\/1"}],"replies":[{"embeddable":true,"href":"https:\/\/akerstroms.se\/de\/wp-json\/wp\/v2\/comments?post=11934"}],"version-history":[{"count":18,"href":"https:\/\/akerstroms.se\/de\/wp-json\/wp\/v2\/pages\/11934\/revisions"}],"predecessor-version":[{"id":22402,"href":"https:\/\/akerstroms.se\/de\/wp-json\/wp\/v2\/pages\/11934\/revisions\/22402"}],"wp:attachment":[{"href":"https:\/\/akerstroms.se\/de\/wp-json\/wp\/v2\/media?parent=11934"}],"curies":[{"name":"wp","href":"https:\/\/api.w.org\/{rel}","templated":true}]}}