{"id":11921,"date":"2021-10-12T14:17:15","date_gmt":"2021-10-12T12:17:15","guid":{"rendered":"https:\/\/akerstroms.se\/vaerderingar\/"},"modified":"2026-03-20T10:14:38","modified_gmt":"2026-03-20T09:14:38","slug":"werte","status":"publish","type":"page","link":"https:\/\/akerstroms.se\/de\/werte\/","title":{"rendered":"Werte"},"content":{"rendered":"<section class=\"hero alignfull tone \" style=\"background-image: url(https:\/\/akerstroms.se\/app\/uploads\/2021\/05\/personal.jpg);\">\r\n        <div class=\"hero__text container\">\r\n        <h1 class=\"hero__title\">Unsere Werte<\/h1>\r\n                    <p class=\"hero__excerpt\">Unsere Werte leiten uns in unserer t\u00e4glichen Arbeit und pr\u00e4gen unsere Unternehmenskultur. Wir alle arbeiten professionell, l\u00f6sungsorientiert und schaffen Vertrauen. Im Gesch\u00e4ftsleben \u00fcbernehmen wir Verantwortung und ber\u00fccksichtigen die W\u00fcnsche unserer Kunden, um mit diesen offen und freundlich umzugehen.<\/p>\r\n            <\/div>\r\n<\/section>\r\n\n\n\n<div style=\"height:100px\" aria-hidden=\"true\" class=\"wp-block-spacer\"><\/div>\n\n\n\n<div class=\"wp-block-media-text alignwide is-stacked-on-mobile is-image-fill-element has-orange-color has-black-background-color has-text-color has-background\"><figure class=\"wp-block-media-text__media\"><img loading=\"lazy\" decoding=\"async\" width=\"700\" height=\"467\" src=\"https:\/\/akerstroms.se\/app\/uploads\/2026\/03\/IMG_0681-700x467.jpg\" alt=\"\" class=\"wp-image-24158 size-full\" style=\"object-position:50% 50%\" srcset=\"https:\/\/akerstroms.se\/app\/uploads\/2026\/03\/IMG_0681-700x467.jpg 700w, https:\/\/akerstroms.se\/app\/uploads\/2026\/03\/IMG_0681-250x167.jpg 250w, https:\/\/akerstroms.se\/app\/uploads\/2026\/03\/IMG_0681-768x512.jpg 768w, https:\/\/akerstroms.se\/app\/uploads\/2026\/03\/IMG_0681-1536x1024.jpg 1536w, https:\/\/akerstroms.se\/app\/uploads\/2026\/03\/IMG_0681-2048x1365.jpg 2048w, https:\/\/akerstroms.se\/app\/uploads\/2026\/03\/IMG_0681-120x80.jpg 120w, https:\/\/akerstroms.se\/app\/uploads\/2026\/03\/IMG_0681-540x360.jpg 540w, https:\/\/akerstroms.se\/app\/uploads\/2026\/03\/IMG_0681-300x200.jpg 300w, https:\/\/akerstroms.se\/app\/uploads\/2026\/03\/IMG_0681-600x400.jpg 600w\" sizes=\"auto, (max-width: 700px) 100vw, 700px\" \/><\/figure><div class=\"wp-block-media-text__content\">\n<p class=\"has-large-font-size\"><br><strong>Innovativ<\/strong><\/p>\n\n\n\n<p style=\"font-size:18px\"><strong>Durch Ideen, Neugier und F\u00f6rderung l\u00f6sen wir die Herausforderungen unserer Kunden und tragen zur langfristigen Entwicklung von \u00c5kerstr\u00f6ms bei.<\/strong>&nbsp;<\/p>\n\n\n\n<p style=\"font-size:18px\">Wir verbinden Neugier mit Struktur und Erfahrung, um L\u00f6sungen zu entwickeln, die einen echten Unterschied machen. F\u00fcr uns bedeutet Innovation nicht nur neue Ideen, sondern vor allem, diese in durchdachte und nachhaltige Ergebnisse umzusetzen.&nbsp;<br>Wir arbeiten fokussiert, l\u00f6sungsorientiert und proaktiv \u2013 stets mit den Bed\u00fcrfnissen unserer Kunden im Mittelpunkt.&nbsp;<br><\/p>\n<\/div><\/div>\n\n\n\n<div style=\"height:10px\" aria-hidden=\"true\" class=\"wp-block-spacer\"><\/div>\n\n\n\n<div class=\"wp-block-media-text alignwide has-media-on-the-right is-stacked-on-mobile has-black-color has-orange-background-color has-text-color has-background\"><div class=\"wp-block-media-text__content\">\n<p class=\"has-large-font-size\"><strong><strong>Zuverl\u00e4ssig<\/strong><\/strong><\/p>\n\n\n\n<p style=\"font-size:18px\"><strong>Wir halten, was wir versprechen \u2013 gegen\u00fcber Kunden, Kollegen und Partnern.<\/strong>&nbsp;<\/p>\n\n\n\n<p style=\"font-size:18px\">Zuverl\u00e4ssigkeit ist die Grundlage unseres Handelns. Mit hoher Qualit\u00e4t, Kompetenz und Engagement in jedem Schritt schaffen wir langfristige Beziehungen und Vertrauen.&nbsp;<br>Wir liefern wie vereinbart und \u00fcbernehmen Verantwortung bis zum Abschluss \u2013 auch dann, wenn es den entscheidenden Mehraufwand erfordert.&nbsp;<\/p>\n<\/div><figure class=\"wp-block-media-text__media\"><img loading=\"lazy\" decoding=\"async\" width=\"700\" height=\"479\" src=\"https:\/\/akerstroms.se\/app\/uploads\/2026\/03\/77A2226_LO-700x479.jpg\" alt=\"\" class=\"wp-image-24161 size-full\" srcset=\"https:\/\/akerstroms.se\/app\/uploads\/2026\/03\/77A2226_LO-700x479.jpg 700w, https:\/\/akerstroms.se\/app\/uploads\/2026\/03\/77A2226_LO-250x171.jpg 250w, https:\/\/akerstroms.se\/app\/uploads\/2026\/03\/77A2226_LO-768x525.jpg 768w, https:\/\/akerstroms.se\/app\/uploads\/2026\/03\/77A2226_LO-120x82.jpg 120w, https:\/\/akerstroms.se\/app\/uploads\/2026\/03\/77A2226_LO-540x369.jpg 540w, https:\/\/akerstroms.se\/app\/uploads\/2026\/03\/77A2226_LO-300x205.jpg 300w, https:\/\/akerstroms.se\/app\/uploads\/2026\/03\/77A2226_LO-600x410.jpg 600w, https:\/\/akerstroms.se\/app\/uploads\/2026\/03\/77A2226_LO.jpg 1269w\" sizes=\"auto, (max-width: 700px) 100vw, 700px\" \/><\/figure><\/div>\n\n\n\n<div style=\"height:10px\" aria-hidden=\"true\" class=\"wp-block-spacer\"><\/div>\n\n\n\n<div class=\"wp-block-media-text alignwide is-stacked-on-mobile has-orange-color has-black-background-color has-text-color has-background\"><figure class=\"wp-block-media-text__media\"><img loading=\"lazy\" decoding=\"async\" width=\"700\" height=\"496\" src=\"https:\/\/akerstroms.se\/app\/uploads\/2026\/03\/IMG_3436-liggande-700x496.jpg\" alt=\"\" class=\"wp-image-24164 size-full\" srcset=\"https:\/\/akerstroms.se\/app\/uploads\/2026\/03\/IMG_3436-liggande-700x496.jpg 700w, https:\/\/akerstroms.se\/app\/uploads\/2026\/03\/IMG_3436-liggande-250x177.jpg 250w, https:\/\/akerstroms.se\/app\/uploads\/2026\/03\/IMG_3436-liggande-768x545.jpg 768w, https:\/\/akerstroms.se\/app\/uploads\/2026\/03\/IMG_3436-liggande-1536x1089.jpg 1536w, https:\/\/akerstroms.se\/app\/uploads\/2026\/03\/IMG_3436-liggande-2048x1452.jpg 2048w, https:\/\/akerstroms.se\/app\/uploads\/2026\/03\/IMG_3436-liggande-120x85.jpg 120w, https:\/\/akerstroms.se\/app\/uploads\/2026\/03\/IMG_3436-liggande-540x383.jpg 540w, https:\/\/akerstroms.se\/app\/uploads\/2026\/03\/IMG_3436-liggande-300x213.jpg 300w, https:\/\/akerstroms.se\/app\/uploads\/2026\/03\/IMG_3436-liggande-600x426.jpg 600w\" sizes=\"auto, (max-width: 700px) 100vw, 700px\" \/><\/figure><div class=\"wp-block-media-text__content\">\n<p class=\"has-large-font-size\"><strong>Nah<\/strong><\/p>\n\n\n\n<p style=\"font-size:18px\"><strong>Wir sch\u00e4tzen N\u00e4he \u2013 zu unseren Mitarbeitenden, zu unseren Kunden und zu unserem Umfeld.<\/strong>&nbsp;<\/p>\n\n\n\n<p style=\"font-size:18px\">F\u00fcr uns bedeutet N\u00e4he, erreichbar zu sein, zuzuh\u00f6ren und eng zusammenzuarbeiten. Durch Aufmerksamkeit und Engagement schaffen wir starke Beziehungen und ein tiefes Verst\u00e4ndnis f\u00fcr die Bed\u00fcrfnisse unserer Kunden.&nbsp;<br>So&nbsp;entstehen&nbsp;L\u00f6sungen,&nbsp;die&nbsp;echten&nbsp;Mehrwert&nbsp;schaffen.&nbsp;<br><\/p>\n<\/div><\/div>\n\n\n\n<div style=\"height:10px\" aria-hidden=\"true\" class=\"wp-block-spacer\"><\/div>\n\n\n\n<div style=\"height:10px\" aria-hidden=\"true\" class=\"wp-block-spacer\"><\/div>\n\n\n\n<div style=\"height:30px\" aria-hidden=\"true\" class=\"wp-block-spacer\"><\/div>\n","protected":false},"excerpt":{"rendered":"<p>Innovativ Durch Ideen, Neugier und F\u00f6rderung l\u00f6sen wir die Herausforderungen unserer Kunden und tragen zur langfristigen Entwicklung von \u00c5kerstr\u00f6ms bei.&nbsp; Wir verbinden Neugier mit Struktur&#8230;<\/p>\n","protected":false},"author":1,"featured_media":0,"parent":0,"menu_order":0,"comment_status":"closed","ping_status":"closed","template":"","meta":{"_acf_changed":false,"footnotes":""},"class_list":["post-11921","page","type-page","status-publish","hentry"],"acf":[],"yoast_head":"<!-- This site is optimized with the Yoast SEO plugin v27.4 - https:\/\/yoast.com\/product\/yoast-seo-wordpress\/ -->\n<title>Werte - \u00c5kerstr\u00f6ms Bj\u00f6rbo<\/title>\n<meta name=\"robots\" content=\"index, follow, max-snippet:-1, max-image-preview:large, max-video-preview:-1\" \/>\n<link rel=\"canonical\" href=\"https:\/\/akerstroms.se\/de\/werte\/\" \/>\n<meta property=\"og:locale\" content=\"de_DE\" \/>\n<meta property=\"og:type\" content=\"article\" \/>\n<meta property=\"og:title\" content=\"Werte - \u00c5kerstr\u00f6ms Bj\u00f6rbo\" \/>\n<meta property=\"og:description\" content=\"Innovativ Durch Ideen, Neugier und F\u00f6rderung l\u00f6sen wir die Herausforderungen unserer Kunden und tragen zur langfristigen Entwicklung von \u00c5kerstr\u00f6ms bei.&nbsp; Wir verbinden Neugier mit Struktur...\" \/>\n<meta property=\"og:url\" content=\"https:\/\/akerstroms.se\/de\/werte\/\" \/>\n<meta property=\"og:site_name\" content=\"\u00c5kerstr\u00f6ms Bj\u00f6rbo\" \/>\n<meta property=\"article:publisher\" content=\"https:\/\/www.facebook.com\/akerstroms.se\" \/>\n<meta property=\"article:modified_time\" content=\"2026-03-20T09:14:38+00:00\" \/>\n<meta property=\"og:image\" content=\"https:\/\/akerstroms.se\/app\/uploads\/2026\/03\/IMG_0681-scaled.jpg\" \/>\n\t<meta property=\"og:image:width\" content=\"2560\" \/>\n\t<meta property=\"og:image:height\" content=\"1707\" \/>\n\t<meta property=\"og:image:type\" content=\"image\/jpeg\" \/>\n<meta name=\"twitter:card\" content=\"summary_large_image\" \/>\n<meta name=\"twitter:label1\" content=\"Gesch\u00e4tzte Lesezeit\" \/>\n\t<meta name=\"twitter:data1\" content=\"2\u00a0Minuten\" \/>\n<script type=\"application\/ld+json\" class=\"yoast-schema-graph\">{\"@context\":\"https:\\\/\\\/schema.org\",\"@graph\":[{\"@type\":\"WebPage\",\"@id\":\"https:\\\/\\\/akerstroms.se\\\/de\\\/werte\\\/\",\"url\":\"https:\\\/\\\/akerstroms.se\\\/de\\\/werte\\\/\",\"name\":\"Werte - \u00c5kerstr\u00f6ms Bj\u00f6rbo\",\"isPartOf\":{\"@id\":\"https:\\\/\\\/akerstroms.se\\\/#website\"},\"primaryImageOfPage\":{\"@id\":\"https:\\\/\\\/akerstroms.se\\\/de\\\/werte\\\/#primaryimage\"},\"image\":{\"@id\":\"https:\\\/\\\/akerstroms.se\\\/de\\\/werte\\\/#primaryimage\"},\"thumbnailUrl\":\"https:\\\/\\\/akerstroms.se\\\/app\\\/uploads\\\/2026\\\/03\\\/IMG_0681-700x467.jpg\",\"datePublished\":\"2021-10-12T12:17:15+00:00\",\"dateModified\":\"2026-03-20T09:14:38+00:00\",\"breadcrumb\":{\"@id\":\"https:\\\/\\\/akerstroms.se\\\/de\\\/werte\\\/#breadcrumb\"},\"inLanguage\":\"de\",\"potentialAction\":[{\"@type\":\"ReadAction\",\"target\":[\"https:\\\/\\\/akerstroms.se\\\/de\\\/werte\\\/\"]}]},{\"@type\":\"ImageObject\",\"inLanguage\":\"de\",\"@id\":\"https:\\\/\\\/akerstroms.se\\\/de\\\/werte\\\/#primaryimage\",\"url\":\"https:\\\/\\\/akerstroms.se\\\/app\\\/uploads\\\/2026\\\/03\\\/IMG_0681-700x467.jpg\",\"contentUrl\":\"https:\\\/\\\/akerstroms.se\\\/app\\\/uploads\\\/2026\\\/03\\\/IMG_0681-700x467.jpg\"},{\"@type\":\"BreadcrumbList\",\"@id\":\"https:\\\/\\\/akerstroms.se\\\/de\\\/werte\\\/#breadcrumb\",\"itemListElement\":[{\"@type\":\"ListItem\",\"position\":1,\"name\":\"Home\",\"item\":\"https:\\\/\\\/akerstroms.se\\\/de\\\/\"},{\"@type\":\"ListItem\",\"position\":2,\"name\":\"Werte\"}]},{\"@type\":\"WebSite\",\"@id\":\"https:\\\/\\\/akerstroms.se\\\/#website\",\"url\":\"https:\\\/\\\/akerstroms.se\\\/\",\"name\":\"\u00c5kerstr\u00f6ms Bj\u00f6rbo\",\"description\":\"Radiostyrning f\u00f6r industriella och mobila applikationer\",\"publisher\":{\"@id\":\"https:\\\/\\\/akerstroms.se\\\/#organization\"},\"potentialAction\":[{\"@type\":\"SearchAction\",\"target\":{\"@type\":\"EntryPoint\",\"urlTemplate\":\"https:\\\/\\\/akerstroms.se\\\/?s={search_term_string}\"},\"query-input\":{\"@type\":\"PropertyValueSpecification\",\"valueRequired\":true,\"valueName\":\"search_term_string\"}}],\"inLanguage\":\"de\"},{\"@type\":\"Organization\",\"@id\":\"https:\\\/\\\/akerstroms.se\\\/#organization\",\"name\":\"\u00c5kerstr\u00f6ms AB\",\"url\":\"https:\\\/\\\/akerstroms.se\\\/\",\"logo\":{\"@type\":\"ImageObject\",\"inLanguage\":\"de\",\"@id\":\"https:\\\/\\\/akerstroms.se\\\/#\\\/schema\\\/logo\\\/image\\\/\",\"url\":\"https:\\\/\\\/akerstroms.se\\\/app\\\/uploads\\\/2021\\\/10\\\/akerstroms-logo.png\",\"contentUrl\":\"https:\\\/\\\/akerstroms.se\\\/app\\\/uploads\\\/2021\\\/10\\\/akerstroms-logo.png\",\"width\":400,\"height\":86,\"caption\":\"\u00c5kerstr\u00f6ms AB\"},\"image\":{\"@id\":\"https:\\\/\\\/akerstroms.se\\\/#\\\/schema\\\/logo\\\/image\\\/\"},\"sameAs\":[\"https:\\\/\\\/www.facebook.com\\\/akerstroms.se\",\"https:\\\/\\\/www.linkedin.com\\\/company\\\/akerstroms\\\/\",\"https:\\\/\\\/www.youtube.com\\\/channel\\\/UC8S-jX9nA8c9qBaTlgqg1CQ\"]}]}<\/script>\n<!-- \/ Yoast SEO plugin. -->","yoast_head_json":{"title":"Werte - \u00c5kerstr\u00f6ms Bj\u00f6rbo","robots":{"index":"index","follow":"follow","max-snippet":"max-snippet:-1","max-image-preview":"max-image-preview:large","max-video-preview":"max-video-preview:-1"},"canonical":"https:\/\/akerstroms.se\/de\/werte\/","og_locale":"de_DE","og_type":"article","og_title":"Werte - \u00c5kerstr\u00f6ms Bj\u00f6rbo","og_description":"Innovativ Durch Ideen, Neugier und F\u00f6rderung l\u00f6sen wir die Herausforderungen unserer Kunden und tragen zur langfristigen Entwicklung von \u00c5kerstr\u00f6ms bei.&nbsp; Wir verbinden Neugier mit Struktur...","og_url":"https:\/\/akerstroms.se\/de\/werte\/","og_site_name":"\u00c5kerstr\u00f6ms Bj\u00f6rbo","article_publisher":"https:\/\/www.facebook.com\/akerstroms.se","article_modified_time":"2026-03-20T09:14:38+00:00","og_image":[{"width":2560,"height":1707,"url":"https:\/\/akerstroms.se\/app\/uploads\/2026\/03\/IMG_0681-scaled.jpg","type":"image\/jpeg"}],"twitter_card":"summary_large_image","twitter_misc":{"Gesch\u00e4tzte Lesezeit":"2\u00a0Minuten"},"schema":{"@context":"https:\/\/schema.org","@graph":[{"@type":"WebPage","@id":"https:\/\/akerstroms.se\/de\/werte\/","url":"https:\/\/akerstroms.se\/de\/werte\/","name":"Werte - \u00c5kerstr\u00f6ms Bj\u00f6rbo","isPartOf":{"@id":"https:\/\/akerstroms.se\/#website"},"primaryImageOfPage":{"@id":"https:\/\/akerstroms.se\/de\/werte\/#primaryimage"},"image":{"@id":"https:\/\/akerstroms.se\/de\/werte\/#primaryimage"},"thumbnailUrl":"https:\/\/akerstroms.se\/app\/uploads\/2026\/03\/IMG_0681-700x467.jpg","datePublished":"2021-10-12T12:17:15+00:00","dateModified":"2026-03-20T09:14:38+00:00","breadcrumb":{"@id":"https:\/\/akerstroms.se\/de\/werte\/#breadcrumb"},"inLanguage":"de","potentialAction":[{"@type":"ReadAction","target":["https:\/\/akerstroms.se\/de\/werte\/"]}]},{"@type":"ImageObject","inLanguage":"de","@id":"https:\/\/akerstroms.se\/de\/werte\/#primaryimage","url":"https:\/\/akerstroms.se\/app\/uploads\/2026\/03\/IMG_0681-700x467.jpg","contentUrl":"https:\/\/akerstroms.se\/app\/uploads\/2026\/03\/IMG_0681-700x467.jpg"},{"@type":"BreadcrumbList","@id":"https:\/\/akerstroms.se\/de\/werte\/#breadcrumb","itemListElement":[{"@type":"ListItem","position":1,"name":"Home","item":"https:\/\/akerstroms.se\/de\/"},{"@type":"ListItem","position":2,"name":"Werte"}]},{"@type":"WebSite","@id":"https:\/\/akerstroms.se\/#website","url":"https:\/\/akerstroms.se\/","name":"\u00c5kerstr\u00f6ms Bj\u00f6rbo","description":"Radiostyrning f\u00f6r industriella och mobila applikationer","publisher":{"@id":"https:\/\/akerstroms.se\/#organization"},"potentialAction":[{"@type":"SearchAction","target":{"@type":"EntryPoint","urlTemplate":"https:\/\/akerstroms.se\/?s={search_term_string}"},"query-input":{"@type":"PropertyValueSpecification","valueRequired":true,"valueName":"search_term_string"}}],"inLanguage":"de"},{"@type":"Organization","@id":"https:\/\/akerstroms.se\/#organization","name":"\u00c5kerstr\u00f6ms AB","url":"https:\/\/akerstroms.se\/","logo":{"@type":"ImageObject","inLanguage":"de","@id":"https:\/\/akerstroms.se\/#\/schema\/logo\/image\/","url":"https:\/\/akerstroms.se\/app\/uploads\/2021\/10\/akerstroms-logo.png","contentUrl":"https:\/\/akerstroms.se\/app\/uploads\/2021\/10\/akerstroms-logo.png","width":400,"height":86,"caption":"\u00c5kerstr\u00f6ms AB"},"image":{"@id":"https:\/\/akerstroms.se\/#\/schema\/logo\/image\/"},"sameAs":["https:\/\/www.facebook.com\/akerstroms.se","https:\/\/www.linkedin.com\/company\/akerstroms\/","https:\/\/www.youtube.com\/channel\/UC8S-jX9nA8c9qBaTlgqg1CQ"]}]}},"_links":{"self":[{"href":"https:\/\/akerstroms.se\/de\/wp-json\/wp\/v2\/pages\/11921","targetHints":{"allow":["GET"]}}],"collection":[{"href":"https:\/\/akerstroms.se\/de\/wp-json\/wp\/v2\/pages"}],"about":[{"href":"https:\/\/akerstroms.se\/de\/wp-json\/wp\/v2\/types\/page"}],"author":[{"embeddable":true,"href":"https:\/\/akerstroms.se\/de\/wp-json\/wp\/v2\/users\/1"}],"replies":[{"embeddable":true,"href":"https:\/\/akerstroms.se\/de\/wp-json\/wp\/v2\/comments?post=11921"}],"version-history":[{"count":11,"href":"https:\/\/akerstroms.se\/de\/wp-json\/wp\/v2\/pages\/11921\/revisions"}],"predecessor-version":[{"id":24169,"href":"https:\/\/akerstroms.se\/de\/wp-json\/wp\/v2\/pages\/11921\/revisions\/24169"}],"wp:attachment":[{"href":"https:\/\/akerstroms.se\/de\/wp-json\/wp\/v2\/media?parent=11921"}],"curies":[{"name":"wp","href":"https:\/\/api.w.org\/{rel}","templated":true}]}}