{"id":11919,"date":"2021-10-12T14:16:11","date_gmt":"2021-10-12T12:16:11","guid":{"rendered":"https:\/\/akerstroms.se\/support\/utbildning\/"},"modified":"2022-08-30T15:14:10","modified_gmt":"2022-08-30T13:14:10","slug":"utbildning","status":"publish","type":"page","link":"https:\/\/akerstroms.se\/de\/support\/utbildning\/","title":{"rendered":"Schulung"},"content":{"rendered":"<section class=\"hero alignfull tone \" style=\"background-image: url(https:\/\/akerstroms.se\/app\/uploads\/2021\/07\/utbildning.jpg);\">\r\n        <div class=\"hero__text container\">\r\n        <h1 class=\"hero__title\">Vi <strong>\u00e4lskar<\/strong> att dela med oss av v\u00e5r kunskap<\/h1>\r\n                    <p class=\"hero__excerpt\">\u00c5kerstr\u00f6ms Remote Academy f\u00f6rmedlar grundl\u00e4ggande och mer avancerad kunskap om radiostyrning och tillh\u00f6rande tj\u00e4nster. Vi organiserar workshops och seminarier om h\u00e5llbar och s\u00e4ker arbetsmilj\u00f6, avancerad och ny teknik, tekniska fr\u00e5gor och inspiration till hur v\u00e5ra radiostyrningsl\u00f6sningar kan effektivisera och hj\u00e4lpa er i er verksamhet.<\/p>\r\n            <\/div>\r\n<\/section>\r\n\n<div style=\"height:30px\" aria-hidden=\"true\" class=\"wp-block-spacer\"><\/div>\n\n<h2 class=\"has-text-align-left wp-block-heading\" id=\"h-akerstroms-remote-academy\"><strong>\u00c5kerstr\u00f6ms<\/strong> Remote <strong>Academy<\/strong> <\/h2>\n\n<h3 class=\"wp-block-heading\" id=\"h-ett-enkelt-satt-att-dela-grundlaggande-och-mer-avancerad-kunskap-om-vara-radiostyrningslosningar-och-kompletterande-tjanster\">Die einfache Art, sowohl Grundwissen als auch Spezialkenntnisse zu unseren Funksteuerungen und zu unserem Komplettangebot zu erhalten<\/h3>\n\n<div style=\"height:15px\" aria-hidden=\"true\" class=\"wp-block-spacer\"><\/div>\n\n<p>Ein sicherer Arbeitsplatz ist ein effektiver Arbeitsplatz. Wir bei \u00c5kerstr\u00f6ms besch\u00e4ftigen uns ohne Unterlass mit der Personen- und mit der Betriebssicherheit bei unseren Kunden. F\u00fcr uns steht ein Aspekt im Fokus: der sichere Umgang mit den von uns angebotenen L\u00f6sungen bei der Installation und bei der Instandhaltung.    <\/p>\n\n<h3 class=\"wp-block-heading\" id=\"h-vart-utbildningskoncept\">Unser Ausbildungskonzept<\/h3>\n\n<p>Unser Ausbildungskonzept umfasst technische Ausbildungen zu unserem gesamten Produkt- und Dienstleistungssortiment auf verschiedenen Niveaus. Bei uns k\u00f6nnen Sie sich zum Beispiel weiterbilden zu Installation und Inbetriebnahme, grundlegender St\u00f6rungssuche und vorbeugender Wartung und Instandhaltung. Wir veranstalten Seminare, Webinare und Workshops und behandeln darin Themen wie die Verbesserung, Steigerung der Effektivit\u00e4t und Sicherung der Arbeit im Hinblick auf Ihre Mitarbeiterinnen und Mitarbeiter sowie auf die Produktion. <\/p>\n\n<p>Unsere Fortbildungen wenden sich an alle, die unsere L\u00f6sungen installieren und nutzen, an technisches und Wartungspersonal, an F\u00fchrungskr\u00e4fte sowie an die Mitarbeiterinnen und Mitarbeiter im Vertrieb unserer Produkte. <\/p>\n\n<h3 class=\"wp-block-heading\" id=\"h-vara-utbildningslokaler-och-platser\">Standorte und M\u00f6glichkeiten <\/h3>\n\n<p>Wir f\u00fchren die Weiterbildungen bei uns vor Ort in Bj\u00f6rbo durch, in unserer Vertretung in Borl\u00e4nge sowie online. Auf Wunsch passen wir auch eine Weiterbildung an genau Ihren Bedarf an und f\u00fchren die Veranstaltung dann bei Ihnen durch. Melden Sie sich gern mit Ihren spezifischen W\u00fcnschen, aber informieren Sie sich auch im Internet sowie auf Social Media dar\u00fcber, welche Kurse und Seminare wir demn\u00e4chst anbieten. <\/p>\n\n<p>Nach absolvierter Ausbildung erhalten alle Teilnehmenden eine Dokumentation und ein Zertifikat.    <\/p>\n\n<div style=\"height:30px\" aria-hidden=\"true\" class=\"wp-block-spacer\"><\/div>\n    <section class=\"linkables container\" data-color=\"black\">\r\n                    <div class=\"linkables__block flex-row-wrapper\" id=\"\">\r\n                <div class=\"linkables__block__img\">\r\n                                        <img decoding=\"async\" src=\"https:\/\/akerstroms.se\/app\/uploads\/2021\/05\/p-hermansson-800x600x150-dpi.jpg\" alt=\"\">\r\n                <\/div>\r\n                <div class=\"linkables__block__text\">\r\n                    <h3 class=\"linkables__block__title\">H\u00f6r av dig till oss!<\/h3>\r\n                    <p class=\"linkables__block__excerpt\">Vilket behov har ni idag? Vi skr\u00e4ddarsyr utbildningar och workshops utifr\u00e5n era behov och \u00f6nskem\u00e5l. Utbildningarna h\u00e5ller vi i Bj\u00f6rbo, p\u00e5 plats hos Er eller digitalt. Kontakta P\u00e4r Hermansson, ansvarig f\u00f6r v\u00e5ra utbildningar.<br \/>\r\n<br \/>\r\nP\u00e4r Hermansson<br \/>\r\nUtbildningsansvarig, \u00c5kerstr\u00f6ms Remote Academy<br \/>\r\n<a href=\"mailto:training@akerstroms.se\">training@akerstroms.se<\/a><br \/>\r\n<br \/>\r\nTel avdelningen 0241-250 80<br \/>\r\nTel direkt 0241-250 87<\/p>\r\n                                    <\/div>\r\n            <\/div>\r\n            <\/section>\r\n\n<h2 class=\"has-text-align-left wp-block-heading\" id=\"h-instruktionsfilmer\">Videoanleitungen<\/h2>\n\n<p class=\"has-text-align-left\">Wussten Sie bereits, dass Sie auf unserer Website Videoanleitungen mit einzelnen L\u00f6sungshilfen und Tipps finden? Sie sind direkt im Hauptmen\u00fc unter \u201eSupport\u201c zu finden und nach unseren Produktgruppen gegliedert: <a href=\"https:\/\/akerstroms.se\/de\/videoanleitungen-fur-remotus\/\" target=\"_blank\" rel=\"noreferrer noopener\">REMOTUS<\/a> und  <a href=\"https:\/\/akerstroms.se\/de\/videoanleitungen-fur-sesam\/\" target=\"_blank\" rel=\"noreferrer noopener\">SESAM<\/a>.<\/p>\n\n<p class=\"has-text-align-left\"><\/p>\n\n<div style=\"height:50px\" aria-hidden=\"true\" class=\"wp-block-spacer\"><\/div>\n\n<div style=\"height:50px\" aria-hidden=\"true\" class=\"wp-block-spacer\"><\/div>\n","protected":false},"excerpt":{"rendered":"<p>\u00c5kerstr\u00f6ms Remote Academy Die einfache Art, sowohl Grundwissen als auch Spezialkenntnisse zu unseren Funksteuerungen und zu unserem Komplettangebot zu erhalten Ein sicherer Arbeitsplatz ist ein&#8230;<\/p>\n","protected":false},"author":1,"featured_media":0,"parent":11897,"menu_order":0,"comment_status":"closed","ping_status":"closed","template":"","meta":{"_acf_changed":false,"footnotes":""},"class_list":["post-11919","page","type-page","status-publish","hentry"],"acf":[],"yoast_head":"<!-- This site is optimized with the Yoast SEO plugin v27.4 - https:\/\/yoast.com\/product\/yoast-seo-wordpress\/ -->\n<title>Schulung - \u00c5kerstr\u00f6ms Bj\u00f6rbo<\/title>\n<meta name=\"robots\" content=\"index, follow, max-snippet:-1, max-image-preview:large, max-video-preview:-1\" \/>\n<link rel=\"canonical\" href=\"https:\/\/akerstroms.se\/de\/support\/utbildning\/\" \/>\n<meta property=\"og:locale\" content=\"de_DE\" \/>\n<meta property=\"og:type\" content=\"article\" \/>\n<meta property=\"og:title\" content=\"Schulung - \u00c5kerstr\u00f6ms Bj\u00f6rbo\" \/>\n<meta property=\"og:description\" content=\"\u00c5kerstr\u00f6ms Remote Academy Die einfache Art, sowohl Grundwissen als auch Spezialkenntnisse zu unseren Funksteuerungen und zu unserem Komplettangebot zu erhalten Ein sicherer Arbeitsplatz ist ein...\" \/>\n<meta property=\"og:url\" content=\"https:\/\/akerstroms.se\/de\/support\/utbildning\/\" \/>\n<meta property=\"og:site_name\" content=\"\u00c5kerstr\u00f6ms Bj\u00f6rbo\" \/>\n<meta property=\"article:publisher\" content=\"https:\/\/www.facebook.com\/akerstroms.se\" \/>\n<meta property=\"article:modified_time\" content=\"2022-08-30T13:14:10+00:00\" \/>\n<meta property=\"og:image\" content=\"https:\/\/akerstroms.se\/app\/uploads\/2021\/09\/Akerstroms-remote-controls.jpg\" \/>\n\t<meta property=\"og:image:width\" content=\"1200\" \/>\n\t<meta property=\"og:image:height\" content=\"675\" \/>\n\t<meta property=\"og:image:type\" content=\"image\/jpeg\" \/>\n<meta name=\"twitter:card\" content=\"summary_large_image\" \/>\n<meta name=\"twitter:label1\" content=\"Gesch\u00e4tzte Lesezeit\" \/>\n\t<meta name=\"twitter:data1\" content=\"1\u00a0Minute\" \/>\n<script type=\"application\/ld+json\" class=\"yoast-schema-graph\">{\"@context\":\"https:\\\/\\\/schema.org\",\"@graph\":[{\"@type\":\"WebPage\",\"@id\":\"https:\\\/\\\/akerstroms.se\\\/de\\\/support\\\/utbildning\\\/\",\"url\":\"https:\\\/\\\/akerstroms.se\\\/de\\\/support\\\/utbildning\\\/\",\"name\":\"Schulung - \u00c5kerstr\u00f6ms Bj\u00f6rbo\",\"isPartOf\":{\"@id\":\"https:\\\/\\\/akerstroms.se\\\/#website\"},\"datePublished\":\"2021-10-12T12:16:11+00:00\",\"dateModified\":\"2022-08-30T13:14:10+00:00\",\"breadcrumb\":{\"@id\":\"https:\\\/\\\/akerstroms.se\\\/de\\\/support\\\/utbildning\\\/#breadcrumb\"},\"inLanguage\":\"de\",\"potentialAction\":[{\"@type\":\"ReadAction\",\"target\":[\"https:\\\/\\\/akerstroms.se\\\/de\\\/support\\\/utbildning\\\/\"]}]},{\"@type\":\"BreadcrumbList\",\"@id\":\"https:\\\/\\\/akerstroms.se\\\/de\\\/support\\\/utbildning\\\/#breadcrumb\",\"itemListElement\":[{\"@type\":\"ListItem\",\"position\":1,\"name\":\"Home\",\"item\":\"https:\\\/\\\/akerstroms.se\\\/de\\\/\"},{\"@type\":\"ListItem\",\"position\":2,\"name\":\"Support\",\"item\":\"https:\\\/\\\/akerstroms.se\\\/de\\\/support\\\/\"},{\"@type\":\"ListItem\",\"position\":3,\"name\":\"Schulung\"}]},{\"@type\":\"WebSite\",\"@id\":\"https:\\\/\\\/akerstroms.se\\\/#website\",\"url\":\"https:\\\/\\\/akerstroms.se\\\/\",\"name\":\"\u00c5kerstr\u00f6ms Bj\u00f6rbo\",\"description\":\"Radiostyrning f\u00f6r industriella och mobila applikationer\",\"publisher\":{\"@id\":\"https:\\\/\\\/akerstroms.se\\\/#organization\"},\"potentialAction\":[{\"@type\":\"SearchAction\",\"target\":{\"@type\":\"EntryPoint\",\"urlTemplate\":\"https:\\\/\\\/akerstroms.se\\\/?s={search_term_string}\"},\"query-input\":{\"@type\":\"PropertyValueSpecification\",\"valueRequired\":true,\"valueName\":\"search_term_string\"}}],\"inLanguage\":\"de\"},{\"@type\":\"Organization\",\"@id\":\"https:\\\/\\\/akerstroms.se\\\/#organization\",\"name\":\"\u00c5kerstr\u00f6ms AB\",\"url\":\"https:\\\/\\\/akerstroms.se\\\/\",\"logo\":{\"@type\":\"ImageObject\",\"inLanguage\":\"de\",\"@id\":\"https:\\\/\\\/akerstroms.se\\\/#\\\/schema\\\/logo\\\/image\\\/\",\"url\":\"https:\\\/\\\/akerstroms.se\\\/app\\\/uploads\\\/2021\\\/10\\\/akerstroms-logo.png\",\"contentUrl\":\"https:\\\/\\\/akerstroms.se\\\/app\\\/uploads\\\/2021\\\/10\\\/akerstroms-logo.png\",\"width\":400,\"height\":86,\"caption\":\"\u00c5kerstr\u00f6ms AB\"},\"image\":{\"@id\":\"https:\\\/\\\/akerstroms.se\\\/#\\\/schema\\\/logo\\\/image\\\/\"},\"sameAs\":[\"https:\\\/\\\/www.facebook.com\\\/akerstroms.se\",\"https:\\\/\\\/www.linkedin.com\\\/company\\\/akerstroms\\\/\",\"https:\\\/\\\/www.youtube.com\\\/channel\\\/UC8S-jX9nA8c9qBaTlgqg1CQ\"]}]}<\/script>\n<!-- \/ Yoast SEO plugin. -->","yoast_head_json":{"title":"Schulung - \u00c5kerstr\u00f6ms Bj\u00f6rbo","robots":{"index":"index","follow":"follow","max-snippet":"max-snippet:-1","max-image-preview":"max-image-preview:large","max-video-preview":"max-video-preview:-1"},"canonical":"https:\/\/akerstroms.se\/de\/support\/utbildning\/","og_locale":"de_DE","og_type":"article","og_title":"Schulung - \u00c5kerstr\u00f6ms Bj\u00f6rbo","og_description":"\u00c5kerstr\u00f6ms Remote Academy Die einfache Art, sowohl Grundwissen als auch Spezialkenntnisse zu unseren Funksteuerungen und zu unserem Komplettangebot zu erhalten Ein sicherer Arbeitsplatz ist ein...","og_url":"https:\/\/akerstroms.se\/de\/support\/utbildning\/","og_site_name":"\u00c5kerstr\u00f6ms Bj\u00f6rbo","article_publisher":"https:\/\/www.facebook.com\/akerstroms.se","article_modified_time":"2022-08-30T13:14:10+00:00","og_image":[{"width":1200,"height":675,"url":"https:\/\/akerstroms.se\/app\/uploads\/2021\/09\/Akerstroms-remote-controls.jpg","type":"image\/jpeg"}],"twitter_card":"summary_large_image","twitter_misc":{"Gesch\u00e4tzte Lesezeit":"1\u00a0Minute"},"schema":{"@context":"https:\/\/schema.org","@graph":[{"@type":"WebPage","@id":"https:\/\/akerstroms.se\/de\/support\/utbildning\/","url":"https:\/\/akerstroms.se\/de\/support\/utbildning\/","name":"Schulung - \u00c5kerstr\u00f6ms Bj\u00f6rbo","isPartOf":{"@id":"https:\/\/akerstroms.se\/#website"},"datePublished":"2021-10-12T12:16:11+00:00","dateModified":"2022-08-30T13:14:10+00:00","breadcrumb":{"@id":"https:\/\/akerstroms.se\/de\/support\/utbildning\/#breadcrumb"},"inLanguage":"de","potentialAction":[{"@type":"ReadAction","target":["https:\/\/akerstroms.se\/de\/support\/utbildning\/"]}]},{"@type":"BreadcrumbList","@id":"https:\/\/akerstroms.se\/de\/support\/utbildning\/#breadcrumb","itemListElement":[{"@type":"ListItem","position":1,"name":"Home","item":"https:\/\/akerstroms.se\/de\/"},{"@type":"ListItem","position":2,"name":"Support","item":"https:\/\/akerstroms.se\/de\/support\/"},{"@type":"ListItem","position":3,"name":"Schulung"}]},{"@type":"WebSite","@id":"https:\/\/akerstroms.se\/#website","url":"https:\/\/akerstroms.se\/","name":"\u00c5kerstr\u00f6ms Bj\u00f6rbo","description":"Radiostyrning f\u00f6r industriella och mobila applikationer","publisher":{"@id":"https:\/\/akerstroms.se\/#organization"},"potentialAction":[{"@type":"SearchAction","target":{"@type":"EntryPoint","urlTemplate":"https:\/\/akerstroms.se\/?s={search_term_string}"},"query-input":{"@type":"PropertyValueSpecification","valueRequired":true,"valueName":"search_term_string"}}],"inLanguage":"de"},{"@type":"Organization","@id":"https:\/\/akerstroms.se\/#organization","name":"\u00c5kerstr\u00f6ms AB","url":"https:\/\/akerstroms.se\/","logo":{"@type":"ImageObject","inLanguage":"de","@id":"https:\/\/akerstroms.se\/#\/schema\/logo\/image\/","url":"https:\/\/akerstroms.se\/app\/uploads\/2021\/10\/akerstroms-logo.png","contentUrl":"https:\/\/akerstroms.se\/app\/uploads\/2021\/10\/akerstroms-logo.png","width":400,"height":86,"caption":"\u00c5kerstr\u00f6ms AB"},"image":{"@id":"https:\/\/akerstroms.se\/#\/schema\/logo\/image\/"},"sameAs":["https:\/\/www.facebook.com\/akerstroms.se","https:\/\/www.linkedin.com\/company\/akerstroms\/","https:\/\/www.youtube.com\/channel\/UC8S-jX9nA8c9qBaTlgqg1CQ"]}]}},"_links":{"self":[{"href":"https:\/\/akerstroms.se\/de\/wp-json\/wp\/v2\/pages\/11919","targetHints":{"allow":["GET"]}}],"collection":[{"href":"https:\/\/akerstroms.se\/de\/wp-json\/wp\/v2\/pages"}],"about":[{"href":"https:\/\/akerstroms.se\/de\/wp-json\/wp\/v2\/types\/page"}],"author":[{"embeddable":true,"href":"https:\/\/akerstroms.se\/de\/wp-json\/wp\/v2\/users\/1"}],"replies":[{"embeddable":true,"href":"https:\/\/akerstroms.se\/de\/wp-json\/wp\/v2\/comments?post=11919"}],"version-history":[{"count":12,"href":"https:\/\/akerstroms.se\/de\/wp-json\/wp\/v2\/pages\/11919\/revisions"}],"predecessor-version":[{"id":15844,"href":"https:\/\/akerstroms.se\/de\/wp-json\/wp\/v2\/pages\/11919\/revisions\/15844"}],"up":[{"embeddable":true,"href":"https:\/\/akerstroms.se\/de\/wp-json\/wp\/v2\/pages\/11897"}],"wp:attachment":[{"href":"https:\/\/akerstroms.se\/de\/wp-json\/wp\/v2\/media?parent=11919"}],"curies":[{"name":"wp","href":"https:\/\/api.w.org\/{rel}","templated":true}]}}