{"id":11893,"date":"2021-10-12T14:12:54","date_gmt":"2021-10-12T12:12:54","guid":{"rendered":"https:\/\/akerstroms.se\/reparationer\/"},"modified":"2022-05-11T14:06:45","modified_gmt":"2022-05-11T12:06:45","slug":"reparationer","status":"publish","type":"page","link":"https:\/\/akerstroms.se\/de\/support\/reparationer\/","title":{"rendered":"Reparaturen"},"content":{"rendered":"<section class=\"hero alignfull  \" style=\"background-image: url(https:\/\/akerstroms.se\/app\/uploads\/2022\/05\/77A2226_LO.jpg);\">\r\n        <div class=\"hero__text container\">\r\n        <h1 class=\"hero__title\"><strong>Unsere Verantwortung<\/strong> von Anfang bis Ende.<\/h1>\r\n                    <p class=\"hero__excerpt\">\u00c5kerstr\u00f6ms bietet einen Service, der weit \u00fcber das \u00dcbliche hinausgeht. In Kombination mit einer absolut verl\u00e4sslichen Qualit\u00e4t sorgt dies daf\u00fcr, dass ein Produkt von uns h\u00e4lt. Jahr f\u00fcr Jahr.<\/p>\r\n            <\/div>\r\n<\/section>\r\n\n\n\n<h2 class=\"has-text-align-center wp-block-heading\" id=\"h-wir-sorgen-dafur-dass-ihr-betrieb-lauft\">Wir sorgen daf\u00fcr, dass Ihr <strong>Betrieb l\u00e4uft<\/strong><\/h2>\n\n\n\n<p class=\"has-text-align-center\">Unsere langj\u00e4hrige Erfahrung im Bereich der Funksteuerung hat uns eins gelehrt: Produkte und L\u00f6sungen zu schaffen, die funktionieren. Und funktionieren. Und funktionieren. Das ist Qualit\u00e4t, die auf Dauer h\u00e4lt. Wir \u00fcbernehmen Verantwortung von Anfang bis Ende. <br><br>Dank unserer umfassenden Serviceorganisation k\u00f6nnen Sie sich darauf verlassen, dass unsere Systeme auf viele Jahre hinaus laufen. Wir stehen f\u00fcr sichere <a href=\"https:\/\/akerstroms.se\/de\/liefer-und-geschaftsbedingungen\/\">Lieferungen<\/a> und sorgf\u00e4ltige Weiterverfolgung.<br><br> Der Bedarf an Service und Wartung ist unterschiedlich, je nachdem, in welcher Umgebung die Ausr\u00fcstung eingesetzt wird, und wie der Betrieb des Kunden aussieht. Daher bieten wir unseren Kunden ein breites Spektrum an Serviceleistungen, angefangen von einfachen Beratungen per Telefon bis zu ma\u00dfgeschneiderten Servicevertr\u00e4gen mit kundenspezifischem Inhalt. Wir stellen Ihnen eine Anzahl unterschiedlicher Servicepakete mit Dienstleistungen zur Auswahl, bei denen Sie entscheiden k\u00f6nnen, welches f\u00fcr Ihre W\u00fcnsche und Anforderungen am besten geeignet ist.<\/p>\n\n\n\n<div class=\"wp-block-columns is-layout-flex wp-container-core-columns-is-layout-9d6595d7 wp-block-columns-is-layout-flex\">\n<div class=\"wp-block-column is-layout-flow wp-block-column-is-layout-flow\" style=\"flex-basis:25%\"><\/div>\n\n\n\n<div class=\"wp-block-column is-layout-flow wp-block-column-is-layout-flow\" style=\"flex-basis:50%\">\n<ul class=\"wp-block-list\"><li>Vorbeugende Kontrollen und Wartung<\/li><li>Installation und Inbetriebnahme<\/li><li>Reparatur\/Servicewerkstatt in Bj\u00f6rbo<\/li><li>Komplett ausger\u00fcsteter Servicebus f\u00fcr Service\/Reparatur vor Ort<\/li><\/ul>\n<\/div>\n<\/div>\n\n\n\n<p class=\"has-text-align-center\"><strong>Kontaktieren Sie uns f\u00fcr eine Beratung rund um Ihren Bedarf an Service und Wartung.<\/strong><\/p>\n\n\n\n<p class=\"has-text-align-center\">Tel. +46 241 250-80, E-Mail <a href=\"mailto:repair@akerstroms.se\">repair@akerstroms.se<\/a><\/p>\n\n\n\n<div style=\"height:30px\" aria-hidden=\"true\" class=\"wp-block-spacer\"><\/div>\n\n\n\n<div class=\"wp-block-cover alignfull is-light\"><span aria-hidden=\"true\" class=\"has-background-dim-100 wp-block-cover__gradient-background has-background-dim\" style=\"background-color:#ef7f00\"><\/span><div class=\"wp-block-cover__inner-container is-layout-flow wp-block-cover-is-layout-flow\">\n<h2 class=\"has-text-align-center has-black-color has-text-color wp-block-heading\" id=\"h-haben-sie-fragen-mailen-sie-uns-oder-rufen-sie-an\">Haben Sie <strong>Fragen?<\/strong><br>Mailen Sie uns oder rufen Sie an<\/h2>\n\n\n\n<div style=\"height:20px\" aria-hidden=\"true\" class=\"wp-block-spacer\"><\/div>\n\n\n\n<div class=\"wp-block-buttons is-horizontal is-content-justification-center is-layout-flex wp-container-core-buttons-is-layout-499968f5 wp-block-buttons-is-layout-flex\">\n<div class=\"wp-block-button wp-block-buttons is-content-justification-center\"><a class=\"wp-block-button__link has-white-color has-black-background-color has-text-color has-background\" href=\"https:\/\/akerstroms.se\/de\/technischer-support\/\" style=\"border-radius:3px\">KONTAKTIEREN SIE UNS<\/a><\/div>\n<\/div>\n<\/div><\/div>\n\n\n\n<div style=\"height:30px\" aria-hidden=\"true\" class=\"wp-block-spacer\"><\/div>\n","protected":false},"excerpt":{"rendered":"<p>Wir sorgen daf\u00fcr, dass Ihr Betrieb l\u00e4uft Unsere langj\u00e4hrige Erfahrung im Bereich der Funksteuerung hat uns eins gelehrt: Produkte und L\u00f6sungen zu schaffen, die funktionieren&#8230;.<\/p>\n","protected":false},"author":1,"featured_media":0,"parent":11897,"menu_order":0,"comment_status":"closed","ping_status":"closed","template":"","meta":{"_acf_changed":false,"footnotes":""},"class_list":["post-11893","page","type-page","status-publish","hentry"],"acf":[],"yoast_head":"<!-- This site is optimized with the Yoast SEO plugin v27.4 - https:\/\/yoast.com\/product\/yoast-seo-wordpress\/ -->\n<title>Reparaturen - \u00c5kerstr\u00f6ms Bj\u00f6rbo<\/title>\n<meta name=\"robots\" content=\"index, follow, max-snippet:-1, max-image-preview:large, max-video-preview:-1\" \/>\n<link rel=\"canonical\" href=\"https:\/\/akerstroms.se\/de\/support\/reparationer\/\" \/>\n<meta property=\"og:locale\" content=\"de_DE\" \/>\n<meta property=\"og:type\" content=\"article\" \/>\n<meta property=\"og:title\" content=\"Reparaturen - \u00c5kerstr\u00f6ms Bj\u00f6rbo\" \/>\n<meta property=\"og:description\" content=\"Wir sorgen daf\u00fcr, dass Ihr Betrieb l\u00e4uft Unsere langj\u00e4hrige Erfahrung im Bereich der Funksteuerung hat uns eins gelehrt: Produkte und L\u00f6sungen zu schaffen, die funktionieren....\" \/>\n<meta property=\"og:url\" content=\"https:\/\/akerstroms.se\/de\/support\/reparationer\/\" \/>\n<meta property=\"og:site_name\" content=\"\u00c5kerstr\u00f6ms Bj\u00f6rbo\" \/>\n<meta property=\"article:publisher\" content=\"https:\/\/www.facebook.com\/akerstroms.se\" \/>\n<meta property=\"article:modified_time\" content=\"2022-05-11T12:06:45+00:00\" \/>\n<meta property=\"og:image\" content=\"https:\/\/akerstroms.se\/app\/uploads\/2021\/09\/Akerstroms-remote-controls.jpg\" \/>\n\t<meta property=\"og:image:width\" content=\"1200\" \/>\n\t<meta property=\"og:image:height\" content=\"675\" \/>\n\t<meta property=\"og:image:type\" content=\"image\/jpeg\" \/>\n<meta name=\"twitter:card\" content=\"summary_large_image\" \/>\n<meta name=\"twitter:label1\" content=\"Gesch\u00e4tzte Lesezeit\" \/>\n\t<meta name=\"twitter:data1\" content=\"1\u00a0Minute\" \/>\n<script type=\"application\/ld+json\" class=\"yoast-schema-graph\">{\"@context\":\"https:\\\/\\\/schema.org\",\"@graph\":[{\"@type\":\"WebPage\",\"@id\":\"https:\\\/\\\/akerstroms.se\\\/de\\\/support\\\/reparationer\\\/\",\"url\":\"https:\\\/\\\/akerstroms.se\\\/de\\\/support\\\/reparationer\\\/\",\"name\":\"Reparaturen - \u00c5kerstr\u00f6ms Bj\u00f6rbo\",\"isPartOf\":{\"@id\":\"https:\\\/\\\/akerstroms.se\\\/#website\"},\"datePublished\":\"2021-10-12T12:12:54+00:00\",\"dateModified\":\"2022-05-11T12:06:45+00:00\",\"breadcrumb\":{\"@id\":\"https:\\\/\\\/akerstroms.se\\\/de\\\/support\\\/reparationer\\\/#breadcrumb\"},\"inLanguage\":\"de\",\"potentialAction\":[{\"@type\":\"ReadAction\",\"target\":[\"https:\\\/\\\/akerstroms.se\\\/de\\\/support\\\/reparationer\\\/\"]}]},{\"@type\":\"BreadcrumbList\",\"@id\":\"https:\\\/\\\/akerstroms.se\\\/de\\\/support\\\/reparationer\\\/#breadcrumb\",\"itemListElement\":[{\"@type\":\"ListItem\",\"position\":1,\"name\":\"Home\",\"item\":\"https:\\\/\\\/akerstroms.se\\\/de\\\/\"},{\"@type\":\"ListItem\",\"position\":2,\"name\":\"Support\",\"item\":\"https:\\\/\\\/akerstroms.se\\\/de\\\/support\\\/\"},{\"@type\":\"ListItem\",\"position\":3,\"name\":\"Reparaturen\"}]},{\"@type\":\"WebSite\",\"@id\":\"https:\\\/\\\/akerstroms.se\\\/#website\",\"url\":\"https:\\\/\\\/akerstroms.se\\\/\",\"name\":\"\u00c5kerstr\u00f6ms Bj\u00f6rbo\",\"description\":\"Radiostyrning f\u00f6r industriella och mobila applikationer\",\"publisher\":{\"@id\":\"https:\\\/\\\/akerstroms.se\\\/#organization\"},\"potentialAction\":[{\"@type\":\"SearchAction\",\"target\":{\"@type\":\"EntryPoint\",\"urlTemplate\":\"https:\\\/\\\/akerstroms.se\\\/?s={search_term_string}\"},\"query-input\":{\"@type\":\"PropertyValueSpecification\",\"valueRequired\":true,\"valueName\":\"search_term_string\"}}],\"inLanguage\":\"de\"},{\"@type\":\"Organization\",\"@id\":\"https:\\\/\\\/akerstroms.se\\\/#organization\",\"name\":\"\u00c5kerstr\u00f6ms AB\",\"url\":\"https:\\\/\\\/akerstroms.se\\\/\",\"logo\":{\"@type\":\"ImageObject\",\"inLanguage\":\"de\",\"@id\":\"https:\\\/\\\/akerstroms.se\\\/#\\\/schema\\\/logo\\\/image\\\/\",\"url\":\"https:\\\/\\\/akerstroms.se\\\/app\\\/uploads\\\/2021\\\/10\\\/akerstroms-logo.png\",\"contentUrl\":\"https:\\\/\\\/akerstroms.se\\\/app\\\/uploads\\\/2021\\\/10\\\/akerstroms-logo.png\",\"width\":400,\"height\":86,\"caption\":\"\u00c5kerstr\u00f6ms AB\"},\"image\":{\"@id\":\"https:\\\/\\\/akerstroms.se\\\/#\\\/schema\\\/logo\\\/image\\\/\"},\"sameAs\":[\"https:\\\/\\\/www.facebook.com\\\/akerstroms.se\",\"https:\\\/\\\/www.linkedin.com\\\/company\\\/akerstroms\\\/\",\"https:\\\/\\\/www.youtube.com\\\/channel\\\/UC8S-jX9nA8c9qBaTlgqg1CQ\"]}]}<\/script>\n<!-- \/ Yoast SEO plugin. -->","yoast_head_json":{"title":"Reparaturen - \u00c5kerstr\u00f6ms Bj\u00f6rbo","robots":{"index":"index","follow":"follow","max-snippet":"max-snippet:-1","max-image-preview":"max-image-preview:large","max-video-preview":"max-video-preview:-1"},"canonical":"https:\/\/akerstroms.se\/de\/support\/reparationer\/","og_locale":"de_DE","og_type":"article","og_title":"Reparaturen - \u00c5kerstr\u00f6ms Bj\u00f6rbo","og_description":"Wir sorgen daf\u00fcr, dass Ihr Betrieb l\u00e4uft Unsere langj\u00e4hrige Erfahrung im Bereich der Funksteuerung hat uns eins gelehrt: Produkte und L\u00f6sungen zu schaffen, die funktionieren....","og_url":"https:\/\/akerstroms.se\/de\/support\/reparationer\/","og_site_name":"\u00c5kerstr\u00f6ms Bj\u00f6rbo","article_publisher":"https:\/\/www.facebook.com\/akerstroms.se","article_modified_time":"2022-05-11T12:06:45+00:00","og_image":[{"width":1200,"height":675,"url":"https:\/\/akerstroms.se\/app\/uploads\/2021\/09\/Akerstroms-remote-controls.jpg","type":"image\/jpeg"}],"twitter_card":"summary_large_image","twitter_misc":{"Gesch\u00e4tzte Lesezeit":"1\u00a0Minute"},"schema":{"@context":"https:\/\/schema.org","@graph":[{"@type":"WebPage","@id":"https:\/\/akerstroms.se\/de\/support\/reparationer\/","url":"https:\/\/akerstroms.se\/de\/support\/reparationer\/","name":"Reparaturen - \u00c5kerstr\u00f6ms Bj\u00f6rbo","isPartOf":{"@id":"https:\/\/akerstroms.se\/#website"},"datePublished":"2021-10-12T12:12:54+00:00","dateModified":"2022-05-11T12:06:45+00:00","breadcrumb":{"@id":"https:\/\/akerstroms.se\/de\/support\/reparationer\/#breadcrumb"},"inLanguage":"de","potentialAction":[{"@type":"ReadAction","target":["https:\/\/akerstroms.se\/de\/support\/reparationer\/"]}]},{"@type":"BreadcrumbList","@id":"https:\/\/akerstroms.se\/de\/support\/reparationer\/#breadcrumb","itemListElement":[{"@type":"ListItem","position":1,"name":"Home","item":"https:\/\/akerstroms.se\/de\/"},{"@type":"ListItem","position":2,"name":"Support","item":"https:\/\/akerstroms.se\/de\/support\/"},{"@type":"ListItem","position":3,"name":"Reparaturen"}]},{"@type":"WebSite","@id":"https:\/\/akerstroms.se\/#website","url":"https:\/\/akerstroms.se\/","name":"\u00c5kerstr\u00f6ms Bj\u00f6rbo","description":"Radiostyrning f\u00f6r industriella och mobila applikationer","publisher":{"@id":"https:\/\/akerstroms.se\/#organization"},"potentialAction":[{"@type":"SearchAction","target":{"@type":"EntryPoint","urlTemplate":"https:\/\/akerstroms.se\/?s={search_term_string}"},"query-input":{"@type":"PropertyValueSpecification","valueRequired":true,"valueName":"search_term_string"}}],"inLanguage":"de"},{"@type":"Organization","@id":"https:\/\/akerstroms.se\/#organization","name":"\u00c5kerstr\u00f6ms AB","url":"https:\/\/akerstroms.se\/","logo":{"@type":"ImageObject","inLanguage":"de","@id":"https:\/\/akerstroms.se\/#\/schema\/logo\/image\/","url":"https:\/\/akerstroms.se\/app\/uploads\/2021\/10\/akerstroms-logo.png","contentUrl":"https:\/\/akerstroms.se\/app\/uploads\/2021\/10\/akerstroms-logo.png","width":400,"height":86,"caption":"\u00c5kerstr\u00f6ms AB"},"image":{"@id":"https:\/\/akerstroms.se\/#\/schema\/logo\/image\/"},"sameAs":["https:\/\/www.facebook.com\/akerstroms.se","https:\/\/www.linkedin.com\/company\/akerstroms\/","https:\/\/www.youtube.com\/channel\/UC8S-jX9nA8c9qBaTlgqg1CQ"]}]}},"_links":{"self":[{"href":"https:\/\/akerstroms.se\/de\/wp-json\/wp\/v2\/pages\/11893","targetHints":{"allow":["GET"]}}],"collection":[{"href":"https:\/\/akerstroms.se\/de\/wp-json\/wp\/v2\/pages"}],"about":[{"href":"https:\/\/akerstroms.se\/de\/wp-json\/wp\/v2\/types\/page"}],"author":[{"embeddable":true,"href":"https:\/\/akerstroms.se\/de\/wp-json\/wp\/v2\/users\/1"}],"replies":[{"embeddable":true,"href":"https:\/\/akerstroms.se\/de\/wp-json\/wp\/v2\/comments?post=11893"}],"version-history":[{"count":11,"href":"https:\/\/akerstroms.se\/de\/wp-json\/wp\/v2\/pages\/11893\/revisions"}],"predecessor-version":[{"id":15331,"href":"https:\/\/akerstroms.se\/de\/wp-json\/wp\/v2\/pages\/11893\/revisions\/15331"}],"up":[{"embeddable":true,"href":"https:\/\/akerstroms.se\/de\/wp-json\/wp\/v2\/pages\/11897"}],"wp:attachment":[{"href":"https:\/\/akerstroms.se\/de\/wp-json\/wp\/v2\/media?parent=11893"}],"curies":[{"name":"wp","href":"https:\/\/api.w.org\/{rel}","templated":true}]}}