{"id":11885,"date":"2021-10-12T14:12:17","date_gmt":"2021-10-12T12:12:17","guid":{"rendered":"https:\/\/akerstroms.se\/smidig-oeppning-av-butiksgrindar\/"},"modified":"2021-10-22T15:04:02","modified_gmt":"2021-10-22T13:04:02","slug":"praktische-offnung-von-zugangsschranken-in-geschaften","status":"publish","type":"page","link":"https:\/\/akerstroms.se\/de\/praktische-offnung-von-zugangsschranken-in-geschaften\/","title":{"rendered":"Praktische \u00d6ffnung von Zugangsschranken in Gesch\u00e4ften"},"content":{"rendered":"<section class=\"hero alignfull tone \" style=\"background-image: url(https:\/\/akerstroms.se\/app\/uploads\/2021\/08\/Sesam-open-gate-ITAB-scaled.jpg);\">\r\n        <div class=\"hero__text container\">\r\n        <h1 class=\"hero__title\">ITAB <strong>erleichtert<\/strong> die Arbeit des Wartungspersonals mit Sesam<\/h1>\r\n            <\/div>\r\n<\/section>\r\n\n\n\n<div style=\"height:60px\" aria-hidden=\"true\" class=\"wp-block-spacer\"><\/div>\n\n\n\n<p>\u00c5kerstr\u00f6ms liefert seit vielen Jahren die Funksteuerung <a href=\"https:\/\/akerstroms.se\/de\/produkter-tjaenster\/sesam\/\">Sesam<\/a> an <a href=\"https:\/\/itab.com\/sv\" target=\"_blank\" rel=\"noreferrer noopener\">ITAB<\/a> in J\u00f6nk\u00f6ping, einen europaweit f\u00fchrenden Lieferanten von Ladenkonzepten, Ladeneinrichtungen, Kassentischen, Beleuchtungssystemen und Ladenausr\u00fcstung.<\/p>\n\n\n\n<p>Die Funksteuerung wird zum manuellen \u00d6ffnen und Schlie\u00dfen der automatischen Eingangsschranken von ITAB verwendet, die an unterschiedliche L\u00e4den weltweit geliefert werden. Die Steuerung erleichtert die Arbeit des Reinigungs- und Wartungspersonals, das mit einem einfachen Knopfdruck s\u00e4mtliche Schranken in eine feste, ge\u00f6ffnete Position bewegen kann, wenn beispielsweise der Boden gereinigt werden soll. Zum erneuten Schlie\u00dfen wird sp\u00e4ter genauso verfahren. Der Sender vom Modell Sesam 800 Keyring kommuniziert mit einem Empf\u00e4nger der Serie Sesam 800, der an einer DIN-Schiene im Pfosten der Schranke montiert ist.<\/p>\n\n\n\n<div style=\"height:60px\" aria-hidden=\"true\" class=\"wp-block-spacer\"><\/div>\n\n\n<section class=\"slider\">\r\n    <div class=\"glide\">\r\n        <div class=\"glide__track\" data-glide-el=\"track\">\r\n            <div class=\"glide__slides\">\r\n                                    <div class=\"glide__slide\">\r\n                        <img decoding=\"async\" src=\"https:\/\/akerstroms.se\/app\/uploads\/2021\/08\/IMG_2620_LO-1.jpg\" alt=\"\">\r\n                    <\/div>\r\n                                    <div class=\"glide__slide\">\r\n                        <img decoding=\"async\" src=\"https:\/\/akerstroms.se\/app\/uploads\/2021\/08\/IMG_2600_LO-2.jpg\" alt=\"\">\r\n                    <\/div>\r\n                                    <div class=\"glide__slide\">\r\n                        <img decoding=\"async\" src=\"https:\/\/akerstroms.se\/app\/uploads\/2021\/08\/IMG_2594_LO-1.jpg\" alt=\"\">\r\n                    <\/div>\r\n                            <\/div>\r\n        <\/div>\r\n        <div class=\"controls flex-row-wrapper\" data-glide-el=\"controls\">\r\n            <button class=\"btn prev\" data-glide-dir=\"&lt;\"><i class=\"far fa-angle-left\"><\/i><\/button>\r\n            <button class=\"btn next\" data-glide-dir=\"&gt;\"><i class=\"far fa-angle-right\"><\/i><\/button>\r\n        <\/div>\r\n    <\/div>\r\n<\/section>\r\n\n\n\n<div style=\"height:60px\" aria-hidden=\"true\" class=\"wp-block-spacer\"><\/div>\n","protected":false},"excerpt":{"rendered":"<p>\u00c5kerstr\u00f6ms liefert seit vielen Jahren die Funksteuerung Sesam an ITAB in J\u00f6nk\u00f6ping, einen europaweit f\u00fchrenden Lieferanten von Ladenkonzepten, Ladeneinrichtungen, Kassentischen, Beleuchtungssystemen und Ladenausr\u00fcstung. Die Funksteuerung&#8230;<\/p>\n","protected":false},"author":7,"featured_media":0,"parent":0,"menu_order":0,"comment_status":"closed","ping_status":"closed","template":"","meta":{"_acf_changed":false,"footnotes":""},"class_list":["post-11885","page","type-page","status-publish","hentry"],"acf":[],"yoast_head":"<!-- This site is optimized with the Yoast SEO plugin v27.4 - https:\/\/yoast.com\/product\/yoast-seo-wordpress\/ -->\n<title>Praktische \u00d6ffnung von Zugangsschranken in Gesch\u00e4ften - \u00c5kerstr\u00f6ms Bj\u00f6rbo<\/title>\n<meta name=\"robots\" content=\"index, follow, max-snippet:-1, max-image-preview:large, max-video-preview:-1\" \/>\n<link rel=\"canonical\" href=\"https:\/\/akerstroms.se\/de\/praktische-offnung-von-zugangsschranken-in-geschaften\/\" \/>\n<meta property=\"og:locale\" content=\"de_DE\" \/>\n<meta property=\"og:type\" content=\"article\" \/>\n<meta property=\"og:title\" content=\"Praktische \u00d6ffnung von Zugangsschranken in Gesch\u00e4ften - \u00c5kerstr\u00f6ms Bj\u00f6rbo\" \/>\n<meta property=\"og:description\" content=\"\u00c5kerstr\u00f6ms liefert seit vielen Jahren die Funksteuerung Sesam an ITAB in J\u00f6nk\u00f6ping, einen europaweit f\u00fchrenden Lieferanten von Ladenkonzepten, Ladeneinrichtungen, Kassentischen, Beleuchtungssystemen und Ladenausr\u00fcstung. Die Funksteuerung...\" \/>\n<meta property=\"og:url\" content=\"https:\/\/akerstroms.se\/de\/praktische-offnung-von-zugangsschranken-in-geschaften\/\" \/>\n<meta property=\"og:site_name\" content=\"\u00c5kerstr\u00f6ms Bj\u00f6rbo\" \/>\n<meta property=\"article:publisher\" content=\"https:\/\/www.facebook.com\/akerstroms.se\" \/>\n<meta property=\"article:modified_time\" content=\"2021-10-22T13:04:02+00:00\" \/>\n<meta property=\"og:image\" content=\"https:\/\/akerstroms.se\/app\/uploads\/2021\/09\/Akerstroms-remote-controls.jpg\" \/>\n\t<meta property=\"og:image:width\" content=\"1200\" \/>\n\t<meta property=\"og:image:height\" content=\"675\" \/>\n\t<meta property=\"og:image:type\" content=\"image\/jpeg\" \/>\n<meta name=\"twitter:card\" content=\"summary_large_image\" \/>\n<meta name=\"twitter:label1\" content=\"Gesch\u00e4tzte Lesezeit\" \/>\n\t<meta name=\"twitter:data1\" content=\"1\u00a0Minute\" \/>\n<script type=\"application\/ld+json\" class=\"yoast-schema-graph\">{\"@context\":\"https:\\\/\\\/schema.org\",\"@graph\":[{\"@type\":\"WebPage\",\"@id\":\"https:\\\/\\\/akerstroms.se\\\/de\\\/praktische-offnung-von-zugangsschranken-in-geschaften\\\/\",\"url\":\"https:\\\/\\\/akerstroms.se\\\/de\\\/praktische-offnung-von-zugangsschranken-in-geschaften\\\/\",\"name\":\"Praktische \u00d6ffnung von Zugangsschranken in Gesch\u00e4ften - \u00c5kerstr\u00f6ms Bj\u00f6rbo\",\"isPartOf\":{\"@id\":\"https:\\\/\\\/akerstroms.se\\\/#website\"},\"datePublished\":\"2021-10-12T12:12:17+00:00\",\"dateModified\":\"2021-10-22T13:04:02+00:00\",\"breadcrumb\":{\"@id\":\"https:\\\/\\\/akerstroms.se\\\/de\\\/praktische-offnung-von-zugangsschranken-in-geschaften\\\/#breadcrumb\"},\"inLanguage\":\"de\",\"potentialAction\":[{\"@type\":\"ReadAction\",\"target\":[\"https:\\\/\\\/akerstroms.se\\\/de\\\/praktische-offnung-von-zugangsschranken-in-geschaften\\\/\"]}]},{\"@type\":\"BreadcrumbList\",\"@id\":\"https:\\\/\\\/akerstroms.se\\\/de\\\/praktische-offnung-von-zugangsschranken-in-geschaften\\\/#breadcrumb\",\"itemListElement\":[{\"@type\":\"ListItem\",\"position\":1,\"name\":\"Home\",\"item\":\"https:\\\/\\\/akerstroms.se\\\/de\\\/\"},{\"@type\":\"ListItem\",\"position\":2,\"name\":\"Praktische \u00d6ffnung von Zugangsschranken in Gesch\u00e4ften\"}]},{\"@type\":\"WebSite\",\"@id\":\"https:\\\/\\\/akerstroms.se\\\/#website\",\"url\":\"https:\\\/\\\/akerstroms.se\\\/\",\"name\":\"\u00c5kerstr\u00f6ms Bj\u00f6rbo\",\"description\":\"Radiostyrning f\u00f6r industriella och mobila applikationer\",\"publisher\":{\"@id\":\"https:\\\/\\\/akerstroms.se\\\/#organization\"},\"potentialAction\":[{\"@type\":\"SearchAction\",\"target\":{\"@type\":\"EntryPoint\",\"urlTemplate\":\"https:\\\/\\\/akerstroms.se\\\/?s={search_term_string}\"},\"query-input\":{\"@type\":\"PropertyValueSpecification\",\"valueRequired\":true,\"valueName\":\"search_term_string\"}}],\"inLanguage\":\"de\"},{\"@type\":\"Organization\",\"@id\":\"https:\\\/\\\/akerstroms.se\\\/#organization\",\"name\":\"\u00c5kerstr\u00f6ms AB\",\"url\":\"https:\\\/\\\/akerstroms.se\\\/\",\"logo\":{\"@type\":\"ImageObject\",\"inLanguage\":\"de\",\"@id\":\"https:\\\/\\\/akerstroms.se\\\/#\\\/schema\\\/logo\\\/image\\\/\",\"url\":\"https:\\\/\\\/akerstroms.se\\\/app\\\/uploads\\\/2021\\\/10\\\/akerstroms-logo.png\",\"contentUrl\":\"https:\\\/\\\/akerstroms.se\\\/app\\\/uploads\\\/2021\\\/10\\\/akerstroms-logo.png\",\"width\":400,\"height\":86,\"caption\":\"\u00c5kerstr\u00f6ms AB\"},\"image\":{\"@id\":\"https:\\\/\\\/akerstroms.se\\\/#\\\/schema\\\/logo\\\/image\\\/\"},\"sameAs\":[\"https:\\\/\\\/www.facebook.com\\\/akerstroms.se\",\"https:\\\/\\\/www.linkedin.com\\\/company\\\/akerstroms\\\/\",\"https:\\\/\\\/www.youtube.com\\\/channel\\\/UC8S-jX9nA8c9qBaTlgqg1CQ\"]}]}<\/script>\n<!-- \/ Yoast SEO plugin. -->","yoast_head_json":{"title":"Praktische \u00d6ffnung von Zugangsschranken in Gesch\u00e4ften - \u00c5kerstr\u00f6ms Bj\u00f6rbo","robots":{"index":"index","follow":"follow","max-snippet":"max-snippet:-1","max-image-preview":"max-image-preview:large","max-video-preview":"max-video-preview:-1"},"canonical":"https:\/\/akerstroms.se\/de\/praktische-offnung-von-zugangsschranken-in-geschaften\/","og_locale":"de_DE","og_type":"article","og_title":"Praktische \u00d6ffnung von Zugangsschranken in Gesch\u00e4ften - \u00c5kerstr\u00f6ms Bj\u00f6rbo","og_description":"\u00c5kerstr\u00f6ms liefert seit vielen Jahren die Funksteuerung Sesam an ITAB in J\u00f6nk\u00f6ping, einen europaweit f\u00fchrenden Lieferanten von Ladenkonzepten, Ladeneinrichtungen, Kassentischen, Beleuchtungssystemen und Ladenausr\u00fcstung. Die Funksteuerung...","og_url":"https:\/\/akerstroms.se\/de\/praktische-offnung-von-zugangsschranken-in-geschaften\/","og_site_name":"\u00c5kerstr\u00f6ms Bj\u00f6rbo","article_publisher":"https:\/\/www.facebook.com\/akerstroms.se","article_modified_time":"2021-10-22T13:04:02+00:00","og_image":[{"width":1200,"height":675,"url":"https:\/\/akerstroms.se\/app\/uploads\/2021\/09\/Akerstroms-remote-controls.jpg","type":"image\/jpeg"}],"twitter_card":"summary_large_image","twitter_misc":{"Gesch\u00e4tzte Lesezeit":"1\u00a0Minute"},"schema":{"@context":"https:\/\/schema.org","@graph":[{"@type":"WebPage","@id":"https:\/\/akerstroms.se\/de\/praktische-offnung-von-zugangsschranken-in-geschaften\/","url":"https:\/\/akerstroms.se\/de\/praktische-offnung-von-zugangsschranken-in-geschaften\/","name":"Praktische \u00d6ffnung von Zugangsschranken in Gesch\u00e4ften - \u00c5kerstr\u00f6ms Bj\u00f6rbo","isPartOf":{"@id":"https:\/\/akerstroms.se\/#website"},"datePublished":"2021-10-12T12:12:17+00:00","dateModified":"2021-10-22T13:04:02+00:00","breadcrumb":{"@id":"https:\/\/akerstroms.se\/de\/praktische-offnung-von-zugangsschranken-in-geschaften\/#breadcrumb"},"inLanguage":"de","potentialAction":[{"@type":"ReadAction","target":["https:\/\/akerstroms.se\/de\/praktische-offnung-von-zugangsschranken-in-geschaften\/"]}]},{"@type":"BreadcrumbList","@id":"https:\/\/akerstroms.se\/de\/praktische-offnung-von-zugangsschranken-in-geschaften\/#breadcrumb","itemListElement":[{"@type":"ListItem","position":1,"name":"Home","item":"https:\/\/akerstroms.se\/de\/"},{"@type":"ListItem","position":2,"name":"Praktische \u00d6ffnung von Zugangsschranken in Gesch\u00e4ften"}]},{"@type":"WebSite","@id":"https:\/\/akerstroms.se\/#website","url":"https:\/\/akerstroms.se\/","name":"\u00c5kerstr\u00f6ms Bj\u00f6rbo","description":"Radiostyrning f\u00f6r industriella och mobila applikationer","publisher":{"@id":"https:\/\/akerstroms.se\/#organization"},"potentialAction":[{"@type":"SearchAction","target":{"@type":"EntryPoint","urlTemplate":"https:\/\/akerstroms.se\/?s={search_term_string}"},"query-input":{"@type":"PropertyValueSpecification","valueRequired":true,"valueName":"search_term_string"}}],"inLanguage":"de"},{"@type":"Organization","@id":"https:\/\/akerstroms.se\/#organization","name":"\u00c5kerstr\u00f6ms AB","url":"https:\/\/akerstroms.se\/","logo":{"@type":"ImageObject","inLanguage":"de","@id":"https:\/\/akerstroms.se\/#\/schema\/logo\/image\/","url":"https:\/\/akerstroms.se\/app\/uploads\/2021\/10\/akerstroms-logo.png","contentUrl":"https:\/\/akerstroms.se\/app\/uploads\/2021\/10\/akerstroms-logo.png","width":400,"height":86,"caption":"\u00c5kerstr\u00f6ms AB"},"image":{"@id":"https:\/\/akerstroms.se\/#\/schema\/logo\/image\/"},"sameAs":["https:\/\/www.facebook.com\/akerstroms.se","https:\/\/www.linkedin.com\/company\/akerstroms\/","https:\/\/www.youtube.com\/channel\/UC8S-jX9nA8c9qBaTlgqg1CQ"]}]}},"_links":{"self":[{"href":"https:\/\/akerstroms.se\/de\/wp-json\/wp\/v2\/pages\/11885","targetHints":{"allow":["GET"]}}],"collection":[{"href":"https:\/\/akerstroms.se\/de\/wp-json\/wp\/v2\/pages"}],"about":[{"href":"https:\/\/akerstroms.se\/de\/wp-json\/wp\/v2\/types\/page"}],"author":[{"embeddable":true,"href":"https:\/\/akerstroms.se\/de\/wp-json\/wp\/v2\/users\/7"}],"replies":[{"embeddable":true,"href":"https:\/\/akerstroms.se\/de\/wp-json\/wp\/v2\/comments?post=11885"}],"version-history":[{"count":10,"href":"https:\/\/akerstroms.se\/de\/wp-json\/wp\/v2\/pages\/11885\/revisions"}],"predecessor-version":[{"id":13341,"href":"https:\/\/akerstroms.se\/de\/wp-json\/wp\/v2\/pages\/11885\/revisions\/13341"}],"wp:attachment":[{"href":"https:\/\/akerstroms.se\/de\/wp-json\/wp\/v2\/media?parent=11885"}],"curies":[{"name":"wp","href":"https:\/\/api.w.org\/{rel}","templated":true}]}}