{"id":11870,"date":"2021-10-12T14:11:09","date_gmt":"2021-10-12T12:11:09","guid":{"rendered":"https:\/\/akerstroms.se\/rensning-av-avlopp-med-radiostyning-fran-akerstroems\/"},"modified":"2021-10-20T20:09:57","modified_gmt":"2021-10-20T18:09:57","slug":"kanalreinigung-mit-funksteuerung-von-akerstroms","status":"publish","type":"page","link":"https:\/\/akerstroms.se\/de\/kanalreinigung-mit-funksteuerung-von-akerstroms\/","title":{"rendered":"Kanalreinigung mit Funksteuerung von \u00c5kerstr\u00f6ms"},"content":{"rendered":"<section class=\"hero alignfull tone \" style=\"background-image: url(https:\/\/akerstroms.se\/app\/uploads\/2021\/08\/rensning-snabbt-och-effektivt-med-radiostyrning-fran-Akerstroms.jpg);\">\r\n        <div class=\"hero__text container\">\r\n        <h1 class=\"hero__title\">Professionelle Reinigung <strong>mit voller Kontrolle<\/strong> \u00fcber das Remotus-System<\/h1>\r\n            <\/div>\r\n<\/section>\r\n\n\n\n<div style=\"height:75px\" aria-hidden=\"true\" class=\"wp-block-spacer\"><\/div>\n\n\n\n<p><a href=\"https:\/\/www.renzorato.com\/\">Renzorato AB<\/a> ist ein erfolgreiches Unternehmen aus V\u00e4ster\u00e5s, das seit 2008 professionelle industrielle Reinigungsausr\u00fcstungen f\u00fcr Kanalisation, Bel\u00fcftungssysteme und Schornsteine entwickelt. \u00c5kerstr\u00f6ms hat seit vielen Jahren die Ehre, f\u00fcr die Reinigungsmaschinen des Unternehmens eine kundenspezifische, robuste Funksteuerungsl\u00f6sung auf der Basis des <a href=\"https:\/\/akerstroms.se\/de\/produkter-tjaenster\/remotus\/\">Remotus-Systems<\/a> zu liefern, bei der Sicherheit f\u00fcr die Bedienperson, Flexibilit\u00e4t und Effizient von h\u00f6chster Bedeutung sind.<\/p>\n\n\n\n<p>Die Funksteuerung erlaubt vollst\u00e4ndige Kontrolle \u00fcber Geschwindigkeit und Aktionen, da sich diese Werte w\u00e4hrend des Betriebs von der Bedienperson einfach \u00fcber die Kn\u00f6pfe am Sender ein- bzw. umstellen lassen. Der Betrieb und das Fr\u00e4sen werden so sehr sicher, \u00fcbersichtlich und effizient.<\/p>\n\n\n\n<blockquote class=\"wp-block-quote is-layout-flow wp-block-quote-is-layout-flow\"><p>\u201eDie Funksteuerung ist Gold wert, wenn man allein arbeitet\u201c, meint ein zufriedener Benutzer von Renzoratos Reinigungsmaschine. \u201eEs war noch nie so einfach, Fett, Kalk und Rost aus Rohren zu beseitigen.\u201c<\/p><cite>Mitarbeiter von Renzorato<\/cite><\/blockquote>\n\n\n\n<p>Als Renzorato mit der Produktentwicklung begann, lag der Marktfokus im Bereich Bel\u00fcftung und Schornstein, aber im Laufe der Zeit hat sich der Schwerpunkt auf die Kanalisation verschoben. Dabei kommen sogenannte Kanalfr\u00e4sen zum Einsatz, um die Abflussrohre vor dem Relining zu reinigen. Dies ist eine Methode, bei der im Inneren von vorhandenen Rohren neue Rohre verlegt werden, statt die Rohrleitungen auf traditionelle Weise auszutauschen.<\/p>\n\n\n\n<p>2017 begann die Entwicklung einer kleineren und praktischeren Maschine, und zwei Jahre sp\u00e4ter, im Jahr 2019, wurde die komplett neue kompakte Maschine RZ1 auf den Markt gebracht, die f\u00fcr den Einsatz in Wohnungen ausgelegt ist. Diese flexible, ger\u00e4uscharme und kraftvolle Maschine reinigt und fr\u00e4st bequem Abflussrohre in K\u00fcche, Badezimmer und Anschlussrohrleitungen. Gleichzeitig entstand in Zusammenarbeit mit \u00c5kerstr\u00f6ms eine neue <a href=\"https:\/\/akerstroms.se\/de\/kundenspezifische-produkte\/\">angepasste Funksteuerungsl\u00f6sung<\/a>. Die Maschine wird standardm\u00e4\u00dfig komplett mit Funksteuerung geliefert.<\/p>\n\n\n\n<p>Renzorato hat im letzten Jahr begonnen, seine neueste Maschine international zu vermarkten, was bereits Resultate gebracht hat.<\/p>\n\n\n\n<blockquote class=\"wp-block-quote is-layout-flow wp-block-quote-is-layout-flow\"><p>\u201eWir sehen ein gro\u00dfes Interesse an unseren Maschinen, unter anderen in den Niederlanden und Deutschland, wohin wir nun \u00fcber einen Fachh\u00e4ndler die ersten Modelle geliefert haben. Und nat\u00fcrlich mit der robusten und sicheren Funksteuerung von \u00c5kerstr\u00f6ms.\u201c<\/p><cite>Philip Grip, Vertriebsleiter bei Renzorato<\/cite><\/blockquote>\n\n\n<section class=\"slider\">\r\n    <div class=\"glide\">\r\n        <div class=\"glide__track\" data-glide-el=\"track\">\r\n            <div class=\"glide__slides\">\r\n                                    <div class=\"glide__slide\">\r\n                        <img decoding=\"async\" src=\"https:\/\/akerstroms.se\/app\/uploads\/2021\/08\/rensning-snabbt-och-effektivt-med-radiostyrning-fran-Akerstroms_1.jpg\" alt=\"\">\r\n                    <\/div>\r\n                                    <div class=\"glide__slide\">\r\n                        <img decoding=\"async\" src=\"https:\/\/akerstroms.se\/app\/uploads\/2021\/08\/rensning-snabbt-och-effektivt-med-radiostyrning-fran-Akerstroms_2.jpg\" alt=\"\">\r\n                    <\/div>\r\n                                    <div class=\"glide__slide\">\r\n                        <img decoding=\"async\" src=\"https:\/\/akerstroms.se\/app\/uploads\/2021\/08\/rensning-snabbt-och-effektivt-med-radiostyrning-fran-Akerstroms_3-3.jpg\" alt=\"\">\r\n                    <\/div>\r\n                            <\/div>\r\n        <\/div>\r\n        <div class=\"controls flex-row-wrapper\" data-glide-el=\"controls\">\r\n            <button class=\"btn prev\" data-glide-dir=\"&lt;\"><i class=\"far fa-angle-left\"><\/i><\/button>\r\n            <button class=\"btn next\" data-glide-dir=\"&gt;\"><i class=\"far fa-angle-right\"><\/i><\/button>\r\n        <\/div>\r\n    <\/div>\r\n<\/section>\r\n\n\n\n<div style=\"height:100px\" aria-hidden=\"true\" class=\"wp-block-spacer\"><\/div>\n\n\n\n<p><\/p>\n","protected":false},"excerpt":{"rendered":"<p>Renzorato AB ist ein erfolgreiches Unternehmen aus V\u00e4ster\u00e5s, das seit 2008 professionelle industrielle Reinigungsausr\u00fcstungen f\u00fcr Kanalisation, Bel\u00fcftungssysteme und Schornsteine entwickelt. \u00c5kerstr\u00f6ms hat seit vielen Jahren&#8230;<\/p>\n","protected":false},"author":1,"featured_media":0,"parent":0,"menu_order":0,"comment_status":"closed","ping_status":"closed","template":"","meta":{"_acf_changed":false,"footnotes":""},"class_list":["post-11870","page","type-page","status-publish","hentry"],"acf":[],"yoast_head":"<!-- This site is optimized with the Yoast SEO plugin v27.4 - https:\/\/yoast.com\/product\/yoast-seo-wordpress\/ -->\n<title>Kanalreinigung mit Funksteuerung von \u00c5kerstr\u00f6ms - \u00c5kerstr\u00f6ms Bj\u00f6rbo<\/title>\n<meta name=\"robots\" content=\"index, follow, max-snippet:-1, max-image-preview:large, max-video-preview:-1\" \/>\n<link rel=\"canonical\" href=\"https:\/\/akerstroms.se\/de\/kanalreinigung-mit-funksteuerung-von-akerstroms\/\" \/>\n<meta property=\"og:locale\" content=\"de_DE\" \/>\n<meta property=\"og:type\" content=\"article\" \/>\n<meta property=\"og:title\" content=\"Kanalreinigung mit Funksteuerung von \u00c5kerstr\u00f6ms - \u00c5kerstr\u00f6ms Bj\u00f6rbo\" \/>\n<meta property=\"og:description\" content=\"Renzorato AB ist ein erfolgreiches Unternehmen aus V\u00e4ster\u00e5s, das seit 2008 professionelle industrielle Reinigungsausr\u00fcstungen f\u00fcr Kanalisation, Bel\u00fcftungssysteme und Schornsteine entwickelt. \u00c5kerstr\u00f6ms hat seit vielen Jahren...\" \/>\n<meta property=\"og:url\" content=\"https:\/\/akerstroms.se\/de\/kanalreinigung-mit-funksteuerung-von-akerstroms\/\" \/>\n<meta property=\"og:site_name\" content=\"\u00c5kerstr\u00f6ms Bj\u00f6rbo\" \/>\n<meta property=\"article:publisher\" content=\"https:\/\/www.facebook.com\/akerstroms.se\" \/>\n<meta property=\"article:modified_time\" content=\"2021-10-20T18:09:57+00:00\" \/>\n<meta property=\"og:image\" content=\"https:\/\/akerstroms.se\/app\/uploads\/2021\/09\/Akerstroms-remote-controls.jpg\" \/>\n\t<meta property=\"og:image:width\" content=\"1200\" \/>\n\t<meta property=\"og:image:height\" content=\"675\" \/>\n\t<meta property=\"og:image:type\" content=\"image\/jpeg\" \/>\n<meta name=\"twitter:card\" content=\"summary_large_image\" \/>\n<meta name=\"twitter:label1\" content=\"Gesch\u00e4tzte Lesezeit\" \/>\n\t<meta name=\"twitter:data1\" content=\"2\u00a0Minuten\" \/>\n<script type=\"application\/ld+json\" class=\"yoast-schema-graph\">{\"@context\":\"https:\\\/\\\/schema.org\",\"@graph\":[{\"@type\":\"WebPage\",\"@id\":\"https:\\\/\\\/akerstroms.se\\\/de\\\/kanalreinigung-mit-funksteuerung-von-akerstroms\\\/\",\"url\":\"https:\\\/\\\/akerstroms.se\\\/de\\\/kanalreinigung-mit-funksteuerung-von-akerstroms\\\/\",\"name\":\"Kanalreinigung mit Funksteuerung von \u00c5kerstr\u00f6ms - \u00c5kerstr\u00f6ms Bj\u00f6rbo\",\"isPartOf\":{\"@id\":\"https:\\\/\\\/akerstroms.se\\\/#website\"},\"datePublished\":\"2021-10-12T12:11:09+00:00\",\"dateModified\":\"2021-10-20T18:09:57+00:00\",\"breadcrumb\":{\"@id\":\"https:\\\/\\\/akerstroms.se\\\/de\\\/kanalreinigung-mit-funksteuerung-von-akerstroms\\\/#breadcrumb\"},\"inLanguage\":\"de\",\"potentialAction\":[{\"@type\":\"ReadAction\",\"target\":[\"https:\\\/\\\/akerstroms.se\\\/de\\\/kanalreinigung-mit-funksteuerung-von-akerstroms\\\/\"]}]},{\"@type\":\"BreadcrumbList\",\"@id\":\"https:\\\/\\\/akerstroms.se\\\/de\\\/kanalreinigung-mit-funksteuerung-von-akerstroms\\\/#breadcrumb\",\"itemListElement\":[{\"@type\":\"ListItem\",\"position\":1,\"name\":\"Home\",\"item\":\"https:\\\/\\\/akerstroms.se\\\/de\\\/\"},{\"@type\":\"ListItem\",\"position\":2,\"name\":\"Kanalreinigung mit Funksteuerung von \u00c5kerstr\u00f6ms\"}]},{\"@type\":\"WebSite\",\"@id\":\"https:\\\/\\\/akerstroms.se\\\/#website\",\"url\":\"https:\\\/\\\/akerstroms.se\\\/\",\"name\":\"\u00c5kerstr\u00f6ms Bj\u00f6rbo\",\"description\":\"Radiostyrning f\u00f6r industriella och mobila applikationer\",\"publisher\":{\"@id\":\"https:\\\/\\\/akerstroms.se\\\/#organization\"},\"potentialAction\":[{\"@type\":\"SearchAction\",\"target\":{\"@type\":\"EntryPoint\",\"urlTemplate\":\"https:\\\/\\\/akerstroms.se\\\/?s={search_term_string}\"},\"query-input\":{\"@type\":\"PropertyValueSpecification\",\"valueRequired\":true,\"valueName\":\"search_term_string\"}}],\"inLanguage\":\"de\"},{\"@type\":\"Organization\",\"@id\":\"https:\\\/\\\/akerstroms.se\\\/#organization\",\"name\":\"\u00c5kerstr\u00f6ms AB\",\"url\":\"https:\\\/\\\/akerstroms.se\\\/\",\"logo\":{\"@type\":\"ImageObject\",\"inLanguage\":\"de\",\"@id\":\"https:\\\/\\\/akerstroms.se\\\/#\\\/schema\\\/logo\\\/image\\\/\",\"url\":\"https:\\\/\\\/akerstroms.se\\\/app\\\/uploads\\\/2021\\\/10\\\/akerstroms-logo.png\",\"contentUrl\":\"https:\\\/\\\/akerstroms.se\\\/app\\\/uploads\\\/2021\\\/10\\\/akerstroms-logo.png\",\"width\":400,\"height\":86,\"caption\":\"\u00c5kerstr\u00f6ms AB\"},\"image\":{\"@id\":\"https:\\\/\\\/akerstroms.se\\\/#\\\/schema\\\/logo\\\/image\\\/\"},\"sameAs\":[\"https:\\\/\\\/www.facebook.com\\\/akerstroms.se\",\"https:\\\/\\\/www.linkedin.com\\\/company\\\/akerstroms\\\/\",\"https:\\\/\\\/www.youtube.com\\\/channel\\\/UC8S-jX9nA8c9qBaTlgqg1CQ\"]}]}<\/script>\n<!-- \/ Yoast SEO plugin. -->","yoast_head_json":{"title":"Kanalreinigung mit Funksteuerung von \u00c5kerstr\u00f6ms - \u00c5kerstr\u00f6ms Bj\u00f6rbo","robots":{"index":"index","follow":"follow","max-snippet":"max-snippet:-1","max-image-preview":"max-image-preview:large","max-video-preview":"max-video-preview:-1"},"canonical":"https:\/\/akerstroms.se\/de\/kanalreinigung-mit-funksteuerung-von-akerstroms\/","og_locale":"de_DE","og_type":"article","og_title":"Kanalreinigung mit Funksteuerung von \u00c5kerstr\u00f6ms - \u00c5kerstr\u00f6ms Bj\u00f6rbo","og_description":"Renzorato AB ist ein erfolgreiches Unternehmen aus V\u00e4ster\u00e5s, das seit 2008 professionelle industrielle Reinigungsausr\u00fcstungen f\u00fcr Kanalisation, Bel\u00fcftungssysteme und Schornsteine entwickelt. \u00c5kerstr\u00f6ms hat seit vielen Jahren...","og_url":"https:\/\/akerstroms.se\/de\/kanalreinigung-mit-funksteuerung-von-akerstroms\/","og_site_name":"\u00c5kerstr\u00f6ms Bj\u00f6rbo","article_publisher":"https:\/\/www.facebook.com\/akerstroms.se","article_modified_time":"2021-10-20T18:09:57+00:00","og_image":[{"width":1200,"height":675,"url":"https:\/\/akerstroms.se\/app\/uploads\/2021\/09\/Akerstroms-remote-controls.jpg","type":"image\/jpeg"}],"twitter_card":"summary_large_image","twitter_misc":{"Gesch\u00e4tzte Lesezeit":"2\u00a0Minuten"},"schema":{"@context":"https:\/\/schema.org","@graph":[{"@type":"WebPage","@id":"https:\/\/akerstroms.se\/de\/kanalreinigung-mit-funksteuerung-von-akerstroms\/","url":"https:\/\/akerstroms.se\/de\/kanalreinigung-mit-funksteuerung-von-akerstroms\/","name":"Kanalreinigung mit Funksteuerung von \u00c5kerstr\u00f6ms - \u00c5kerstr\u00f6ms Bj\u00f6rbo","isPartOf":{"@id":"https:\/\/akerstroms.se\/#website"},"datePublished":"2021-10-12T12:11:09+00:00","dateModified":"2021-10-20T18:09:57+00:00","breadcrumb":{"@id":"https:\/\/akerstroms.se\/de\/kanalreinigung-mit-funksteuerung-von-akerstroms\/#breadcrumb"},"inLanguage":"de","potentialAction":[{"@type":"ReadAction","target":["https:\/\/akerstroms.se\/de\/kanalreinigung-mit-funksteuerung-von-akerstroms\/"]}]},{"@type":"BreadcrumbList","@id":"https:\/\/akerstroms.se\/de\/kanalreinigung-mit-funksteuerung-von-akerstroms\/#breadcrumb","itemListElement":[{"@type":"ListItem","position":1,"name":"Home","item":"https:\/\/akerstroms.se\/de\/"},{"@type":"ListItem","position":2,"name":"Kanalreinigung mit Funksteuerung von \u00c5kerstr\u00f6ms"}]},{"@type":"WebSite","@id":"https:\/\/akerstroms.se\/#website","url":"https:\/\/akerstroms.se\/","name":"\u00c5kerstr\u00f6ms Bj\u00f6rbo","description":"Radiostyrning f\u00f6r industriella och mobila applikationer","publisher":{"@id":"https:\/\/akerstroms.se\/#organization"},"potentialAction":[{"@type":"SearchAction","target":{"@type":"EntryPoint","urlTemplate":"https:\/\/akerstroms.se\/?s={search_term_string}"},"query-input":{"@type":"PropertyValueSpecification","valueRequired":true,"valueName":"search_term_string"}}],"inLanguage":"de"},{"@type":"Organization","@id":"https:\/\/akerstroms.se\/#organization","name":"\u00c5kerstr\u00f6ms AB","url":"https:\/\/akerstroms.se\/","logo":{"@type":"ImageObject","inLanguage":"de","@id":"https:\/\/akerstroms.se\/#\/schema\/logo\/image\/","url":"https:\/\/akerstroms.se\/app\/uploads\/2021\/10\/akerstroms-logo.png","contentUrl":"https:\/\/akerstroms.se\/app\/uploads\/2021\/10\/akerstroms-logo.png","width":400,"height":86,"caption":"\u00c5kerstr\u00f6ms AB"},"image":{"@id":"https:\/\/akerstroms.se\/#\/schema\/logo\/image\/"},"sameAs":["https:\/\/www.facebook.com\/akerstroms.se","https:\/\/www.linkedin.com\/company\/akerstroms\/","https:\/\/www.youtube.com\/channel\/UC8S-jX9nA8c9qBaTlgqg1CQ"]}]}},"_links":{"self":[{"href":"https:\/\/akerstroms.se\/de\/wp-json\/wp\/v2\/pages\/11870","targetHints":{"allow":["GET"]}}],"collection":[{"href":"https:\/\/akerstroms.se\/de\/wp-json\/wp\/v2\/pages"}],"about":[{"href":"https:\/\/akerstroms.se\/de\/wp-json\/wp\/v2\/types\/page"}],"author":[{"embeddable":true,"href":"https:\/\/akerstroms.se\/de\/wp-json\/wp\/v2\/users\/1"}],"replies":[{"embeddable":true,"href":"https:\/\/akerstroms.se\/de\/wp-json\/wp\/v2\/comments?post=11870"}],"version-history":[{"count":8,"href":"https:\/\/akerstroms.se\/de\/wp-json\/wp\/v2\/pages\/11870\/revisions"}],"predecessor-version":[{"id":13215,"href":"https:\/\/akerstroms.se\/de\/wp-json\/wp\/v2\/pages\/11870\/revisions\/13215"}],"wp:attachment":[{"href":"https:\/\/akerstroms.se\/de\/wp-json\/wp\/v2\/media?parent=11870"}],"curies":[{"name":"wp","href":"https:\/\/api.w.org\/{rel}","templated":true}]}}