{"id":11836,"date":"2021-10-12T14:07:14","date_gmt":"2021-10-12T12:07:14","guid":{"rendered":"https:\/\/akerstroms.se\/produkter-tjaenster\/boka-service\/"},"modified":"2021-10-19T17:59:19","modified_gmt":"2021-10-19T15:59:19","slug":"boka-service","status":"publish","type":"page","link":"https:\/\/akerstroms.se\/de\/produkte-dienste\/boka-service\/","title":{"rendered":"Service buchen"},"content":{"rendered":"<section class=\"hero alignfull  \" style=\"background-image: url(https:\/\/akerstroms.se\/app\/uploads\/2021\/05\/servcicebussen.jpg);\">\r\n        <div class=\"hero__text container\">\r\n        <h1 class=\"hero__title\">Servicetechniker <strong>unterwegs<\/strong><\/h1>\r\n                    <p class=\"hero__excerpt\">Vielleicht ist es praktischer, wenn wir zu Ihnen kommen? Das machen wir sehr gern. Unsere Servicetechniker stehen mit einem komplett ausger\u00fcsteten Servicebus bereit, Service und Reparaturen vor Ort vorzunehmen. <\/p>\r\n            <\/div>\r\n<\/section>\r\n\n<div style=\"height:50px\" aria-hidden=\"true\" class=\"wp-block-spacer\"><\/div>\n\n<h2 class=\"has-text-align-center wp-block-heading\" id=\"h-vi-underl-ttar-mer-n-g-rna-f-r-er\">Wir <strong>entlasten<\/strong> Sie gern<\/h2>\n\n<p class=\"has-text-align-center\">Mit unserem komplett ausger\u00fcsteten Servicebus k\u00f6nnen wir f\u00fcr Bestandsaufnahmen, Service und Reparaturen vor Ort direkt zu Ihnen kommen. <br\/>Wir f\u00fchren auch pr\u00e4ventive Kontrollen und Inspektionen Ihrer Anlage durch und \u00fcbergeben Ihnen im Anschluss einen Bericht mit empfohlenen Ma\u00dfnahmen. <\/p>\n\n<p class=\"has-text-align-center\">Rufen Sie uns an oder mailen Sie uns, um weitere Informationen zu erhalten oder einen passenden Termin zu buchen. <\/p>\n\n<p class=\"has-text-align-center\">Tel. <strong>+46 241 250-80<\/strong>, E-Mail <a href=\"mailto:repair@akerstroms.se\">repair@akerstroms.se<\/a><\/p>\n\n<div style=\"height:30px\" aria-hidden=\"true\" class=\"wp-block-spacer\"><\/div>\n\n<div class=\"wp-block-cover alignfull has-background-dim\" style=\"background-color:#ef7f00\"><div class=\"wp-block-cover__inner-container is-layout-flow wp-block-cover-is-layout-flow\">\n<h2 class=\"has-text-align-center has-black-color has-text-color wp-block-heading\" id=\"h-har-du-fr-gor-till-oss-maila-eller-ring\">Haben Sie <strong>Fragen?<\/strong><br\/>Mailen Sie uns oder rufen Sie an<\/h2>\n\n\n\n<div style=\"height:20px\" aria-hidden=\"true\" class=\"wp-block-spacer\"><\/div>\n\n\n\n<div class=\"wp-block-buttons is-content-justification-center is-layout-flex wp-block-buttons-is-layout-flex\">\n<div class=\"wp-block-button wp-block-buttons is-content-justification-center\"><a class=\"wp-block-button__link has-white-color has-black-background-color has-text-color has-background\" href=\"https:\/\/akerstroms.se\/de\/technischer-support\/\" style=\"border-radius:3px\">KONTAKTIEREN SIE UNS<\/a><\/div>\n<\/div>\n<\/div><\/div>\n","protected":false},"excerpt":{"rendered":"<p>Wir entlasten Sie gern Mit unserem komplett ausger\u00fcsteten Servicebus k\u00f6nnen wir f\u00fcr Bestandsaufnahmen, Service und Reparaturen vor Ort direkt zu Ihnen kommen. Wir f\u00fchren auch&#8230;<\/p>\n","protected":false},"author":1,"featured_media":0,"parent":11835,"menu_order":0,"comment_status":"closed","ping_status":"closed","template":"","meta":{"_acf_changed":false,"footnotes":""},"class_list":["post-11836","page","type-page","status-publish","hentry"],"acf":[],"yoast_head":"<!-- This site is optimized with the Yoast SEO plugin v27.4 - https:\/\/yoast.com\/product\/yoast-seo-wordpress\/ -->\n<title>Service buchen - \u00c5kerstr\u00f6ms Bj\u00f6rbo<\/title>\n<meta name=\"robots\" content=\"index, follow, max-snippet:-1, max-image-preview:large, max-video-preview:-1\" \/>\n<link rel=\"canonical\" href=\"https:\/\/akerstroms.se\/de\/produkte-dienste\/boka-service\/\" \/>\n<meta property=\"og:locale\" content=\"de_DE\" \/>\n<meta property=\"og:type\" content=\"article\" \/>\n<meta property=\"og:title\" content=\"Service buchen - \u00c5kerstr\u00f6ms Bj\u00f6rbo\" \/>\n<meta property=\"og:description\" content=\"Wir entlasten Sie gern Mit unserem komplett ausger\u00fcsteten Servicebus k\u00f6nnen wir f\u00fcr Bestandsaufnahmen, Service und Reparaturen vor Ort direkt zu Ihnen kommen. Wir f\u00fchren auch...\" \/>\n<meta property=\"og:url\" content=\"https:\/\/akerstroms.se\/de\/produkte-dienste\/boka-service\/\" \/>\n<meta property=\"og:site_name\" content=\"\u00c5kerstr\u00f6ms Bj\u00f6rbo\" \/>\n<meta property=\"article:publisher\" content=\"https:\/\/www.facebook.com\/akerstroms.se\" \/>\n<meta property=\"article:modified_time\" content=\"2021-10-19T15:59:19+00:00\" \/>\n<meta property=\"og:image\" content=\"https:\/\/akerstroms.se\/app\/uploads\/2021\/09\/Akerstroms-remote-controls.jpg\" \/>\n\t<meta property=\"og:image:width\" content=\"1200\" \/>\n\t<meta property=\"og:image:height\" content=\"675\" \/>\n\t<meta property=\"og:image:type\" content=\"image\/jpeg\" \/>\n<meta name=\"twitter:card\" content=\"summary_large_image\" \/>\n<script type=\"application\/ld+json\" class=\"yoast-schema-graph\">{\"@context\":\"https:\\\/\\\/schema.org\",\"@graph\":[{\"@type\":\"WebPage\",\"@id\":\"https:\\\/\\\/akerstroms.se\\\/de\\\/produkte-dienste\\\/boka-service\\\/\",\"url\":\"https:\\\/\\\/akerstroms.se\\\/de\\\/produkte-dienste\\\/boka-service\\\/\",\"name\":\"Service buchen - \u00c5kerstr\u00f6ms Bj\u00f6rbo\",\"isPartOf\":{\"@id\":\"https:\\\/\\\/akerstroms.se\\\/#website\"},\"datePublished\":\"2021-10-12T12:07:14+00:00\",\"dateModified\":\"2021-10-19T15:59:19+00:00\",\"breadcrumb\":{\"@id\":\"https:\\\/\\\/akerstroms.se\\\/de\\\/produkte-dienste\\\/boka-service\\\/#breadcrumb\"},\"inLanguage\":\"de\",\"potentialAction\":[{\"@type\":\"ReadAction\",\"target\":[\"https:\\\/\\\/akerstroms.se\\\/de\\\/produkte-dienste\\\/boka-service\\\/\"]}]},{\"@type\":\"BreadcrumbList\",\"@id\":\"https:\\\/\\\/akerstroms.se\\\/de\\\/produkte-dienste\\\/boka-service\\\/#breadcrumb\",\"itemListElement\":[{\"@type\":\"ListItem\",\"position\":1,\"name\":\"Home\",\"item\":\"https:\\\/\\\/akerstroms.se\\\/de\\\/\"},{\"@type\":\"ListItem\",\"position\":2,\"name\":\"Produkte und Dienste\",\"item\":\"https:\\\/\\\/akerstroms.se\\\/de\\\/produkte-dienste\\\/\"},{\"@type\":\"ListItem\",\"position\":3,\"name\":\"Service buchen\"}]},{\"@type\":\"WebSite\",\"@id\":\"https:\\\/\\\/akerstroms.se\\\/#website\",\"url\":\"https:\\\/\\\/akerstroms.se\\\/\",\"name\":\"\u00c5kerstr\u00f6ms Bj\u00f6rbo\",\"description\":\"Radiostyrning f\u00f6r industriella och mobila applikationer\",\"publisher\":{\"@id\":\"https:\\\/\\\/akerstroms.se\\\/#organization\"},\"potentialAction\":[{\"@type\":\"SearchAction\",\"target\":{\"@type\":\"EntryPoint\",\"urlTemplate\":\"https:\\\/\\\/akerstroms.se\\\/?s={search_term_string}\"},\"query-input\":{\"@type\":\"PropertyValueSpecification\",\"valueRequired\":true,\"valueName\":\"search_term_string\"}}],\"inLanguage\":\"de\"},{\"@type\":\"Organization\",\"@id\":\"https:\\\/\\\/akerstroms.se\\\/#organization\",\"name\":\"\u00c5kerstr\u00f6ms AB\",\"url\":\"https:\\\/\\\/akerstroms.se\\\/\",\"logo\":{\"@type\":\"ImageObject\",\"inLanguage\":\"de\",\"@id\":\"https:\\\/\\\/akerstroms.se\\\/#\\\/schema\\\/logo\\\/image\\\/\",\"url\":\"https:\\\/\\\/akerstroms.se\\\/app\\\/uploads\\\/2021\\\/10\\\/akerstroms-logo.png\",\"contentUrl\":\"https:\\\/\\\/akerstroms.se\\\/app\\\/uploads\\\/2021\\\/10\\\/akerstroms-logo.png\",\"width\":400,\"height\":86,\"caption\":\"\u00c5kerstr\u00f6ms AB\"},\"image\":{\"@id\":\"https:\\\/\\\/akerstroms.se\\\/#\\\/schema\\\/logo\\\/image\\\/\"},\"sameAs\":[\"https:\\\/\\\/www.facebook.com\\\/akerstroms.se\",\"https:\\\/\\\/www.linkedin.com\\\/company\\\/akerstroms\\\/\",\"https:\\\/\\\/www.youtube.com\\\/channel\\\/UC8S-jX9nA8c9qBaTlgqg1CQ\"]}]}<\/script>\n<!-- \/ Yoast SEO plugin. -->","yoast_head_json":{"title":"Service buchen - \u00c5kerstr\u00f6ms Bj\u00f6rbo","robots":{"index":"index","follow":"follow","max-snippet":"max-snippet:-1","max-image-preview":"max-image-preview:large","max-video-preview":"max-video-preview:-1"},"canonical":"https:\/\/akerstroms.se\/de\/produkte-dienste\/boka-service\/","og_locale":"de_DE","og_type":"article","og_title":"Service buchen - \u00c5kerstr\u00f6ms Bj\u00f6rbo","og_description":"Wir entlasten Sie gern Mit unserem komplett ausger\u00fcsteten Servicebus k\u00f6nnen wir f\u00fcr Bestandsaufnahmen, Service und Reparaturen vor Ort direkt zu Ihnen kommen. Wir f\u00fchren auch...","og_url":"https:\/\/akerstroms.se\/de\/produkte-dienste\/boka-service\/","og_site_name":"\u00c5kerstr\u00f6ms Bj\u00f6rbo","article_publisher":"https:\/\/www.facebook.com\/akerstroms.se","article_modified_time":"2021-10-19T15:59:19+00:00","og_image":[{"width":1200,"height":675,"url":"https:\/\/akerstroms.se\/app\/uploads\/2021\/09\/Akerstroms-remote-controls.jpg","type":"image\/jpeg"}],"twitter_card":"summary_large_image","schema":{"@context":"https:\/\/schema.org","@graph":[{"@type":"WebPage","@id":"https:\/\/akerstroms.se\/de\/produkte-dienste\/boka-service\/","url":"https:\/\/akerstroms.se\/de\/produkte-dienste\/boka-service\/","name":"Service buchen - \u00c5kerstr\u00f6ms Bj\u00f6rbo","isPartOf":{"@id":"https:\/\/akerstroms.se\/#website"},"datePublished":"2021-10-12T12:07:14+00:00","dateModified":"2021-10-19T15:59:19+00:00","breadcrumb":{"@id":"https:\/\/akerstroms.se\/de\/produkte-dienste\/boka-service\/#breadcrumb"},"inLanguage":"de","potentialAction":[{"@type":"ReadAction","target":["https:\/\/akerstroms.se\/de\/produkte-dienste\/boka-service\/"]}]},{"@type":"BreadcrumbList","@id":"https:\/\/akerstroms.se\/de\/produkte-dienste\/boka-service\/#breadcrumb","itemListElement":[{"@type":"ListItem","position":1,"name":"Home","item":"https:\/\/akerstroms.se\/de\/"},{"@type":"ListItem","position":2,"name":"Produkte und Dienste","item":"https:\/\/akerstroms.se\/de\/produkte-dienste\/"},{"@type":"ListItem","position":3,"name":"Service buchen"}]},{"@type":"WebSite","@id":"https:\/\/akerstroms.se\/#website","url":"https:\/\/akerstroms.se\/","name":"\u00c5kerstr\u00f6ms Bj\u00f6rbo","description":"Radiostyrning f\u00f6r industriella och mobila applikationer","publisher":{"@id":"https:\/\/akerstroms.se\/#organization"},"potentialAction":[{"@type":"SearchAction","target":{"@type":"EntryPoint","urlTemplate":"https:\/\/akerstroms.se\/?s={search_term_string}"},"query-input":{"@type":"PropertyValueSpecification","valueRequired":true,"valueName":"search_term_string"}}],"inLanguage":"de"},{"@type":"Organization","@id":"https:\/\/akerstroms.se\/#organization","name":"\u00c5kerstr\u00f6ms AB","url":"https:\/\/akerstroms.se\/","logo":{"@type":"ImageObject","inLanguage":"de","@id":"https:\/\/akerstroms.se\/#\/schema\/logo\/image\/","url":"https:\/\/akerstroms.se\/app\/uploads\/2021\/10\/akerstroms-logo.png","contentUrl":"https:\/\/akerstroms.se\/app\/uploads\/2021\/10\/akerstroms-logo.png","width":400,"height":86,"caption":"\u00c5kerstr\u00f6ms AB"},"image":{"@id":"https:\/\/akerstroms.se\/#\/schema\/logo\/image\/"},"sameAs":["https:\/\/www.facebook.com\/akerstroms.se","https:\/\/www.linkedin.com\/company\/akerstroms\/","https:\/\/www.youtube.com\/channel\/UC8S-jX9nA8c9qBaTlgqg1CQ"]}]}},"_links":{"self":[{"href":"https:\/\/akerstroms.se\/de\/wp-json\/wp\/v2\/pages\/11836","targetHints":{"allow":["GET"]}}],"collection":[{"href":"https:\/\/akerstroms.se\/de\/wp-json\/wp\/v2\/pages"}],"about":[{"href":"https:\/\/akerstroms.se\/de\/wp-json\/wp\/v2\/types\/page"}],"author":[{"embeddable":true,"href":"https:\/\/akerstroms.se\/de\/wp-json\/wp\/v2\/users\/1"}],"replies":[{"embeddable":true,"href":"https:\/\/akerstroms.se\/de\/wp-json\/wp\/v2\/comments?post=11836"}],"version-history":[{"count":7,"href":"https:\/\/akerstroms.se\/de\/wp-json\/wp\/v2\/pages\/11836\/revisions"}],"predecessor-version":[{"id":12636,"href":"https:\/\/akerstroms.se\/de\/wp-json\/wp\/v2\/pages\/11836\/revisions\/12636"}],"up":[{"embeddable":true,"href":"https:\/\/akerstroms.se\/de\/wp-json\/wp\/v2\/pages\/11835"}],"wp:attachment":[{"href":"https:\/\/akerstroms.se\/de\/wp-json\/wp\/v2\/media?parent=11836"}],"curies":[{"name":"wp","href":"https:\/\/api.w.org\/{rel}","templated":true}]}}