{"id":11830,"date":"2021-10-12T14:06:00","date_gmt":"2021-10-12T12:06:00","guid":{"rendered":"https:\/\/akerstroms.se\/polerade-golv-med-radiostyrning-fran-akerstroems\/"},"modified":"2021-10-20T20:10:51","modified_gmt":"2021-10-20T18:10:51","slug":"polierte-boden-mit-funksteuerung-von-akerstroms","status":"publish","type":"page","link":"https:\/\/akerstroms.se\/de\/polierte-boden-mit-funksteuerung-von-akerstroms\/","title":{"rendered":"Polierte B\u00f6den mit Funksteuerung von \u00c5kerstr\u00f6ms"},"content":{"rendered":"<section class=\"hero alignfull tone \" style=\"background-image: url(https:\/\/akerstroms.se\/app\/uploads\/2021\/08\/radiostyrning-scanmaskin-remotus.jpg);\">\r\n        <div class=\"hero__text container\">\r\n        <h1 class=\"hero__title\">Scanmaskin poliert <strong>pr\u00e4zise und \u00fcbersichtlich<\/strong> mit dem Remotus-System<\/h1>\r\n            <\/div>\r\n<\/section>\r\n\n\n\n<div style=\"height:75px\" aria-hidden=\"true\" class=\"wp-block-spacer\"><\/div>\n\n\n\n<p>\u00c5kerstr\u00f6ms hat seit \u00fcber 10 Jahren eine Zusammenarbeit mit <a href=\"https:\/\/scanmaskin.com\/sv\/\" target=\"_blank\" rel=\"noreferrer noopener\">Scanmaskin<\/a>, einem Hersteller von Bodenbearbeitungsmaschinen. Im Laufe der Jahre hat \u00c5kerstr\u00f6ms eine gro\u00dfe Anzahl <a href=\"https:\/\/akerstroms.se\/de\/produkte-dienste\/remotus\/\">Remotus-Systeme<\/a> f\u00fcr die gr\u00f6\u00dferen Bodenpoliermaschinen des Unternehmens geliefert. Die Funksysteme, die unter anderem die Bewegung der Maschine steuern, erlauben ein einfacheres und effizienteres Arbeiten auf gro\u00dfen Bodenfl\u00e4chen. Die Arbeit der Bedienperson wird so flexibel, \u00fcbersichtlich und ergonomisch. Statt die schwere Maschine manuell zu fahren, steuert man deren Bewegungen drahtlos mithilfe des Senders <a href=\"https:\/\/akerstroms.se\/product\/remotus-era-150\/\">Remotus ERA 150<\/a>, der an einem Beckengurt getragen wird.<\/p>\n\n\n\n<p>Scanmaskin hat seine Hauptniederlassung in Schweden und ist seit 1975 Hersteller marktf\u00fchrender Boden- und Oberfl\u00e4chenbearbeitungsmaschinen und Polierausr\u00fcstung. Die gesamte Produktion geschieht in der Fertigungsanlage in Lindome, am Rande G\u00f6teborgs. Scanmaskin liefert seine Produkte weltweit aus, wobei die USA den wichtigsten und gr\u00f6\u00dften Markt darstellen.<\/p>\n\n\n\n<blockquote class=\"wp-block-quote is-layout-flow wp-block-quote-is-layout-flow\"><p><em><\/em>\u201eDie Kooperation mit Scanmaskin begann schon 2007, und im Laufe der Jahre haben wir diesem Kunden eine gro\u00dfe Anzahl Funksteuerungssysteme geliefert. In enger Zusammenarbeit mit dem Hersteller haben wir ma\u00dfgeschneiderte L\u00f6sungen f\u00fcr seine Anforderungen und Maschinen erstellt. Eine unserer gr\u00f6\u00dften St\u00e4rken. Mit dem Kunden im Zentrum und Sicherheit an erster Stelle k\u00f6nnen wir die jeweils optimalen und robustesten Funksteuerungsl\u00f6sungen liefern.\u201c<\/p><cite>Anna Stiwne, Gesch\u00e4ftsf\u00fchrerin von \u00c5kerstr\u00f6ms<\/cite><\/blockquote>\n\n\n\n<p>H\u00f6ren Sie, wie Scanmaskin mit eigenen Worten berichtet, warum man Funksteuerungen von \u00c5kerstr\u00f6ms verwendet:<\/p>\n\n\n\n<div style=\"height:50px\" aria-hidden=\"true\" class=\"wp-block-spacer\"><\/div>\n\n\n\n<figure class=\"wp-block-embed is-type-video is-provider-youtube wp-block-embed-youtube wp-embed-aspect-16-9 wp-has-aspect-ratio\"><div class=\"wp-block-embed__wrapper\">\n<iframe loading=\"lazy\" title=\"\u00c5kerstr\u00f6ms och Scanmaskin\" width=\"500\" height=\"281\" src=\"https:\/\/www.youtube.com\/embed\/aFgwcDfGvX8?feature=oembed\" frameborder=\"0\" allow=\"accelerometer; autoplay; clipboard-write; encrypted-media; gyroscope; picture-in-picture; web-share\" referrerpolicy=\"strict-origin-when-cross-origin\" allowfullscreen><\/iframe>\n<\/div><\/figure>\n\n\n\n<p><\/p>\n\n\n\n<div style=\"height:100px\" aria-hidden=\"true\" class=\"wp-block-spacer\"><\/div>\n\n\n\n<p><\/p>\n","protected":false},"excerpt":{"rendered":"<p>\u00c5kerstr\u00f6ms hat seit \u00fcber 10 Jahren eine Zusammenarbeit mit Scanmaskin, einem Hersteller von Bodenbearbeitungsmaschinen. Im Laufe der Jahre hat \u00c5kerstr\u00f6ms eine gro\u00dfe Anzahl Remotus-Systeme f\u00fcr&#8230;<\/p>\n","protected":false},"author":1,"featured_media":0,"parent":0,"menu_order":0,"comment_status":"closed","ping_status":"closed","template":"","meta":{"_acf_changed":false,"footnotes":""},"class_list":["post-11830","page","type-page","status-publish","hentry"],"acf":[],"yoast_head":"<!-- This site is optimized with the Yoast SEO plugin v27.4 - https:\/\/yoast.com\/product\/yoast-seo-wordpress\/ -->\n<title>Polierte B\u00f6den mit Funksteuerung von \u00c5kerstr\u00f6ms - \u00c5kerstr\u00f6ms Bj\u00f6rbo<\/title>\n<meta name=\"robots\" content=\"index, follow, max-snippet:-1, max-image-preview:large, max-video-preview:-1\" \/>\n<link rel=\"canonical\" href=\"https:\/\/akerstroms.se\/de\/polierte-boden-mit-funksteuerung-von-akerstroms\/\" \/>\n<meta property=\"og:locale\" content=\"de_DE\" \/>\n<meta property=\"og:type\" content=\"article\" \/>\n<meta property=\"og:title\" content=\"Polierte B\u00f6den mit Funksteuerung von \u00c5kerstr\u00f6ms - \u00c5kerstr\u00f6ms Bj\u00f6rbo\" \/>\n<meta property=\"og:description\" content=\"\u00c5kerstr\u00f6ms hat seit \u00fcber 10 Jahren eine Zusammenarbeit mit Scanmaskin, einem Hersteller von Bodenbearbeitungsmaschinen. Im Laufe der Jahre hat \u00c5kerstr\u00f6ms eine gro\u00dfe Anzahl Remotus-Systeme f\u00fcr...\" \/>\n<meta property=\"og:url\" content=\"https:\/\/akerstroms.se\/de\/polierte-boden-mit-funksteuerung-von-akerstroms\/\" \/>\n<meta property=\"og:site_name\" content=\"\u00c5kerstr\u00f6ms Bj\u00f6rbo\" \/>\n<meta property=\"article:publisher\" content=\"https:\/\/www.facebook.com\/akerstroms.se\" \/>\n<meta property=\"article:modified_time\" content=\"2021-10-20T18:10:51+00:00\" \/>\n<meta property=\"og:image\" content=\"https:\/\/akerstroms.se\/app\/uploads\/2021\/09\/Akerstroms-remote-controls.jpg\" \/>\n\t<meta property=\"og:image:width\" content=\"1200\" \/>\n\t<meta property=\"og:image:height\" content=\"675\" \/>\n\t<meta property=\"og:image:type\" content=\"image\/jpeg\" \/>\n<meta name=\"twitter:card\" content=\"summary_large_image\" \/>\n<meta name=\"twitter:label1\" content=\"Gesch\u00e4tzte Lesezeit\" \/>\n\t<meta name=\"twitter:data1\" content=\"1\u00a0Minute\" \/>\n<script type=\"application\/ld+json\" class=\"yoast-schema-graph\">{\"@context\":\"https:\\\/\\\/schema.org\",\"@graph\":[{\"@type\":\"WebPage\",\"@id\":\"https:\\\/\\\/akerstroms.se\\\/de\\\/polierte-boden-mit-funksteuerung-von-akerstroms\\\/\",\"url\":\"https:\\\/\\\/akerstroms.se\\\/de\\\/polierte-boden-mit-funksteuerung-von-akerstroms\\\/\",\"name\":\"Polierte B\u00f6den mit Funksteuerung von \u00c5kerstr\u00f6ms - \u00c5kerstr\u00f6ms Bj\u00f6rbo\",\"isPartOf\":{\"@id\":\"https:\\\/\\\/akerstroms.se\\\/#website\"},\"datePublished\":\"2021-10-12T12:06:00+00:00\",\"dateModified\":\"2021-10-20T18:10:51+00:00\",\"breadcrumb\":{\"@id\":\"https:\\\/\\\/akerstroms.se\\\/de\\\/polierte-boden-mit-funksteuerung-von-akerstroms\\\/#breadcrumb\"},\"inLanguage\":\"de\",\"potentialAction\":[{\"@type\":\"ReadAction\",\"target\":[\"https:\\\/\\\/akerstroms.se\\\/de\\\/polierte-boden-mit-funksteuerung-von-akerstroms\\\/\"]}]},{\"@type\":\"BreadcrumbList\",\"@id\":\"https:\\\/\\\/akerstroms.se\\\/de\\\/polierte-boden-mit-funksteuerung-von-akerstroms\\\/#breadcrumb\",\"itemListElement\":[{\"@type\":\"ListItem\",\"position\":1,\"name\":\"Home\",\"item\":\"https:\\\/\\\/akerstroms.se\\\/de\\\/\"},{\"@type\":\"ListItem\",\"position\":2,\"name\":\"Polierte B\u00f6den mit Funksteuerung von \u00c5kerstr\u00f6ms\"}]},{\"@type\":\"WebSite\",\"@id\":\"https:\\\/\\\/akerstroms.se\\\/#website\",\"url\":\"https:\\\/\\\/akerstroms.se\\\/\",\"name\":\"\u00c5kerstr\u00f6ms Bj\u00f6rbo\",\"description\":\"Radiostyrning f\u00f6r industriella och mobila applikationer\",\"publisher\":{\"@id\":\"https:\\\/\\\/akerstroms.se\\\/#organization\"},\"potentialAction\":[{\"@type\":\"SearchAction\",\"target\":{\"@type\":\"EntryPoint\",\"urlTemplate\":\"https:\\\/\\\/akerstroms.se\\\/?s={search_term_string}\"},\"query-input\":{\"@type\":\"PropertyValueSpecification\",\"valueRequired\":true,\"valueName\":\"search_term_string\"}}],\"inLanguage\":\"de\"},{\"@type\":\"Organization\",\"@id\":\"https:\\\/\\\/akerstroms.se\\\/#organization\",\"name\":\"\u00c5kerstr\u00f6ms AB\",\"url\":\"https:\\\/\\\/akerstroms.se\\\/\",\"logo\":{\"@type\":\"ImageObject\",\"inLanguage\":\"de\",\"@id\":\"https:\\\/\\\/akerstroms.se\\\/#\\\/schema\\\/logo\\\/image\\\/\",\"url\":\"https:\\\/\\\/akerstroms.se\\\/app\\\/uploads\\\/2021\\\/10\\\/akerstroms-logo.png\",\"contentUrl\":\"https:\\\/\\\/akerstroms.se\\\/app\\\/uploads\\\/2021\\\/10\\\/akerstroms-logo.png\",\"width\":400,\"height\":86,\"caption\":\"\u00c5kerstr\u00f6ms AB\"},\"image\":{\"@id\":\"https:\\\/\\\/akerstroms.se\\\/#\\\/schema\\\/logo\\\/image\\\/\"},\"sameAs\":[\"https:\\\/\\\/www.facebook.com\\\/akerstroms.se\",\"https:\\\/\\\/www.linkedin.com\\\/company\\\/akerstroms\\\/\",\"https:\\\/\\\/www.youtube.com\\\/channel\\\/UC8S-jX9nA8c9qBaTlgqg1CQ\"]}]}<\/script>\n<!-- \/ Yoast SEO plugin. -->","yoast_head_json":{"title":"Polierte B\u00f6den mit Funksteuerung von \u00c5kerstr\u00f6ms - \u00c5kerstr\u00f6ms Bj\u00f6rbo","robots":{"index":"index","follow":"follow","max-snippet":"max-snippet:-1","max-image-preview":"max-image-preview:large","max-video-preview":"max-video-preview:-1"},"canonical":"https:\/\/akerstroms.se\/de\/polierte-boden-mit-funksteuerung-von-akerstroms\/","og_locale":"de_DE","og_type":"article","og_title":"Polierte B\u00f6den mit Funksteuerung von \u00c5kerstr\u00f6ms - \u00c5kerstr\u00f6ms Bj\u00f6rbo","og_description":"\u00c5kerstr\u00f6ms hat seit \u00fcber 10 Jahren eine Zusammenarbeit mit Scanmaskin, einem Hersteller von Bodenbearbeitungsmaschinen. Im Laufe der Jahre hat \u00c5kerstr\u00f6ms eine gro\u00dfe Anzahl Remotus-Systeme f\u00fcr...","og_url":"https:\/\/akerstroms.se\/de\/polierte-boden-mit-funksteuerung-von-akerstroms\/","og_site_name":"\u00c5kerstr\u00f6ms Bj\u00f6rbo","article_publisher":"https:\/\/www.facebook.com\/akerstroms.se","article_modified_time":"2021-10-20T18:10:51+00:00","og_image":[{"width":1200,"height":675,"url":"https:\/\/akerstroms.se\/app\/uploads\/2021\/09\/Akerstroms-remote-controls.jpg","type":"image\/jpeg"}],"twitter_card":"summary_large_image","twitter_misc":{"Gesch\u00e4tzte Lesezeit":"1\u00a0Minute"},"schema":{"@context":"https:\/\/schema.org","@graph":[{"@type":"WebPage","@id":"https:\/\/akerstroms.se\/de\/polierte-boden-mit-funksteuerung-von-akerstroms\/","url":"https:\/\/akerstroms.se\/de\/polierte-boden-mit-funksteuerung-von-akerstroms\/","name":"Polierte B\u00f6den mit Funksteuerung von \u00c5kerstr\u00f6ms - \u00c5kerstr\u00f6ms Bj\u00f6rbo","isPartOf":{"@id":"https:\/\/akerstroms.se\/#website"},"datePublished":"2021-10-12T12:06:00+00:00","dateModified":"2021-10-20T18:10:51+00:00","breadcrumb":{"@id":"https:\/\/akerstroms.se\/de\/polierte-boden-mit-funksteuerung-von-akerstroms\/#breadcrumb"},"inLanguage":"de","potentialAction":[{"@type":"ReadAction","target":["https:\/\/akerstroms.se\/de\/polierte-boden-mit-funksteuerung-von-akerstroms\/"]}]},{"@type":"BreadcrumbList","@id":"https:\/\/akerstroms.se\/de\/polierte-boden-mit-funksteuerung-von-akerstroms\/#breadcrumb","itemListElement":[{"@type":"ListItem","position":1,"name":"Home","item":"https:\/\/akerstroms.se\/de\/"},{"@type":"ListItem","position":2,"name":"Polierte B\u00f6den mit Funksteuerung von \u00c5kerstr\u00f6ms"}]},{"@type":"WebSite","@id":"https:\/\/akerstroms.se\/#website","url":"https:\/\/akerstroms.se\/","name":"\u00c5kerstr\u00f6ms Bj\u00f6rbo","description":"Radiostyrning f\u00f6r industriella och mobila applikationer","publisher":{"@id":"https:\/\/akerstroms.se\/#organization"},"potentialAction":[{"@type":"SearchAction","target":{"@type":"EntryPoint","urlTemplate":"https:\/\/akerstroms.se\/?s={search_term_string}"},"query-input":{"@type":"PropertyValueSpecification","valueRequired":true,"valueName":"search_term_string"}}],"inLanguage":"de"},{"@type":"Organization","@id":"https:\/\/akerstroms.se\/#organization","name":"\u00c5kerstr\u00f6ms AB","url":"https:\/\/akerstroms.se\/","logo":{"@type":"ImageObject","inLanguage":"de","@id":"https:\/\/akerstroms.se\/#\/schema\/logo\/image\/","url":"https:\/\/akerstroms.se\/app\/uploads\/2021\/10\/akerstroms-logo.png","contentUrl":"https:\/\/akerstroms.se\/app\/uploads\/2021\/10\/akerstroms-logo.png","width":400,"height":86,"caption":"\u00c5kerstr\u00f6ms AB"},"image":{"@id":"https:\/\/akerstroms.se\/#\/schema\/logo\/image\/"},"sameAs":["https:\/\/www.facebook.com\/akerstroms.se","https:\/\/www.linkedin.com\/company\/akerstroms\/","https:\/\/www.youtube.com\/channel\/UC8S-jX9nA8c9qBaTlgqg1CQ"]}]}},"_links":{"self":[{"href":"https:\/\/akerstroms.se\/de\/wp-json\/wp\/v2\/pages\/11830","targetHints":{"allow":["GET"]}}],"collection":[{"href":"https:\/\/akerstroms.se\/de\/wp-json\/wp\/v2\/pages"}],"about":[{"href":"https:\/\/akerstroms.se\/de\/wp-json\/wp\/v2\/types\/page"}],"author":[{"embeddable":true,"href":"https:\/\/akerstroms.se\/de\/wp-json\/wp\/v2\/users\/1"}],"replies":[{"embeddable":true,"href":"https:\/\/akerstroms.se\/de\/wp-json\/wp\/v2\/comments?post=11830"}],"version-history":[{"count":10,"href":"https:\/\/akerstroms.se\/de\/wp-json\/wp\/v2\/pages\/11830\/revisions"}],"predecessor-version":[{"id":13221,"href":"https:\/\/akerstroms.se\/de\/wp-json\/wp\/v2\/pages\/11830\/revisions\/13221"}],"wp:attachment":[{"href":"https:\/\/akerstroms.se\/de\/wp-json\/wp\/v2\/media?parent=11830"}],"curies":[{"name":"wp","href":"https:\/\/api.w.org\/{rel}","templated":true}]}}