{"id":11815,"date":"2021-10-12T14:04:00","date_gmt":"2021-10-12T12:04:00","guid":{"rendered":"https:\/\/akerstroms.se\/maskinfabrik-med-radiostyrning-fran-akerstroems\/"},"modified":"2021-10-22T15:08:02","modified_gmt":"2021-10-22T13:08:02","slug":"maschinenfabrik-mit-funksteuerung-von-akerstroms","status":"publish","type":"page","link":"https:\/\/akerstroms.se\/de\/maschinenfabrik-mit-funksteuerung-von-akerstroms\/","title":{"rendered":"Maschinenfabrik mit Funksteuerung von \u00c5kerstr\u00f6ms"},"content":{"rendered":"<section class=\"hero alignfull tone \" style=\"background-image: url(https:\/\/akerstroms.se\/app\/uploads\/2021\/08\/radiostyrning-vaderstad-sesam-remotus.jpg);\">\r\n        <div class=\"hero__text container\">\r\n        <h1 class=\"hero__title\">V\u00e4derstad <strong>steuert mit Sicherheit<\/strong> Traversen und Tore mit der Funksteuerung von \u00c5kerstr\u00f6ms<\/h1>\r\n            <\/div>\r\n<\/section>\r\n\n\n\n<div style=\"height:75px\" aria-hidden=\"true\" class=\"wp-block-spacer\"><\/div>\n\n\n\n<p>Wir statteten V\u00e4derstad, dem im gleichnamigen Ort ans\u00e4ssigen Familienunternehmen, das Landmaschinen f\u00fcr Aussaat und Bodenbearbeitung herstellt, einen Besuch ab. Dort trafen wir Magnus Karlsson von der Wartungsabteilung, der uns auf eine F\u00fchrung durch die beeindruckende Werksanlage mitnahm.<\/p>\n\n\n\n<p>Bei V\u00e4derstad werden rund 60 <a href=\"https:\/\/akerstroms.se\/de\/krane-und-hebebuhnen\/\">Traversen<\/a> mit der sicheren und robusten Funksteuerung <a href=\"https:\/\/akerstroms.se\/de\/produkter-tjaenster\/remotus\/\">Remotus<\/a> von \u00c5kerstr\u00f6ms gesteuert. Auch die <a href=\"https:\/\/akerstroms.se\/de\/turen-tore-und-schranken\/\">Tore<\/a>, gut 50 an der Zahl, werden mithilfe des leicht zu bedienenden und flexiblen Systems <a href=\"https:\/\/akerstroms.se\/de\/produkter-tjaenster\/sesam\/\">Sesam 800<\/a> von \u00c5kerstr\u00f6ms ge\u00f6ffnet und geschlossen.<\/p>\n\n\n\n<div class=\"wp-block-image\"><figure class=\"aligncenter size-large\"><img loading=\"lazy\" decoding=\"async\" width=\"700\" height=\"394\" src=\"https:\/\/akerstroms.se\/app\/uploads\/2021\/08\/portstyrning-med-sesam-700x394.jpg\" alt=\"\" class=\"wp-image-8432\" srcset=\"https:\/\/akerstroms.se\/app\/uploads\/2021\/08\/portstyrning-med-sesam-700x394.jpg 700w, https:\/\/akerstroms.se\/app\/uploads\/2021\/08\/portstyrning-med-sesam-300x169.jpg 300w, https:\/\/akerstroms.se\/app\/uploads\/2021\/08\/portstyrning-med-sesam-600x338.jpg 600w, https:\/\/akerstroms.se\/app\/uploads\/2021\/08\/portstyrning-med-sesam-250x141.jpg 250w, https:\/\/akerstroms.se\/app\/uploads\/2021\/08\/portstyrning-med-sesam-768x432.jpg 768w, https:\/\/akerstroms.se\/app\/uploads\/2021\/08\/portstyrning-med-sesam-120x68.jpg 120w, https:\/\/akerstroms.se\/app\/uploads\/2021\/08\/portstyrning-med-sesam-540x304.jpg 540w, https:\/\/akerstroms.se\/app\/uploads\/2021\/08\/portstyrning-med-sesam.jpg 1200w\" sizes=\"auto, (max-width: 700px) 100vw, 700px\" \/><figcaption>Torsteuerung per Funk gibt h\u00f6here Flexibilit\u00e4t<\/figcaption><\/figure><\/div>\n\n\n\n<p>Das Familienunternehmen aus \u00d6sterg\u00f6tland ist einer der weltweit f\u00fchrenden Akteure im Bereich Bodenbearbeitung und Aussaat mit \u00fcber 1.500 Mitarbeitern weltweit.<br><br>Ein zufriedener Kunde, mit dem wir schon \u00fcber 20 Jahre zusammenarbeiten.<\/p>\n\n\n\n<div style=\"height:100px\" aria-hidden=\"true\" class=\"wp-block-spacer\"><\/div>\n","protected":false},"excerpt":{"rendered":"<p>Wir statteten V\u00e4derstad, dem im gleichnamigen Ort ans\u00e4ssigen Familienunternehmen, das Landmaschinen f\u00fcr Aussaat und Bodenbearbeitung herstellt, einen Besuch ab. Dort trafen wir Magnus Karlsson von&#8230;<\/p>\n","protected":false},"author":1,"featured_media":0,"parent":0,"menu_order":0,"comment_status":"closed","ping_status":"closed","template":"","meta":{"_acf_changed":false,"footnotes":""},"class_list":["post-11815","page","type-page","status-publish","hentry"],"acf":[],"yoast_head":"<!-- This site is optimized with the Yoast SEO plugin v27.4 - https:\/\/yoast.com\/product\/yoast-seo-wordpress\/ -->\n<title>Maschinenfabrik mit Funksteuerung von \u00c5kerstr\u00f6ms - \u00c5kerstr\u00f6ms Bj\u00f6rbo<\/title>\n<meta name=\"robots\" content=\"index, follow, max-snippet:-1, max-image-preview:large, max-video-preview:-1\" \/>\n<link rel=\"canonical\" href=\"https:\/\/akerstroms.se\/de\/maschinenfabrik-mit-funksteuerung-von-akerstroms\/\" \/>\n<meta property=\"og:locale\" content=\"de_DE\" \/>\n<meta property=\"og:type\" content=\"article\" \/>\n<meta property=\"og:title\" content=\"Maschinenfabrik mit Funksteuerung von \u00c5kerstr\u00f6ms - \u00c5kerstr\u00f6ms Bj\u00f6rbo\" \/>\n<meta property=\"og:description\" content=\"Wir statteten V\u00e4derstad, dem im gleichnamigen Ort ans\u00e4ssigen Familienunternehmen, das Landmaschinen f\u00fcr Aussaat und Bodenbearbeitung herstellt, einen Besuch ab. Dort trafen wir Magnus Karlsson von...\" \/>\n<meta property=\"og:url\" content=\"https:\/\/akerstroms.se\/de\/maschinenfabrik-mit-funksteuerung-von-akerstroms\/\" \/>\n<meta property=\"og:site_name\" content=\"\u00c5kerstr\u00f6ms Bj\u00f6rbo\" \/>\n<meta property=\"article:publisher\" content=\"https:\/\/www.facebook.com\/akerstroms.se\" \/>\n<meta property=\"article:modified_time\" content=\"2021-10-22T13:08:02+00:00\" \/>\n<meta property=\"og:image\" content=\"https:\/\/akerstroms.se\/app\/uploads\/2021\/08\/portstyrning-med-sesam-700x394.jpg\" \/>\n<meta name=\"twitter:card\" content=\"summary_large_image\" \/>\n<meta name=\"twitter:label1\" content=\"Gesch\u00e4tzte Lesezeit\" \/>\n\t<meta name=\"twitter:data1\" content=\"1\u00a0Minute\" \/>\n<script type=\"application\/ld+json\" class=\"yoast-schema-graph\">{\"@context\":\"https:\\\/\\\/schema.org\",\"@graph\":[{\"@type\":\"WebPage\",\"@id\":\"https:\\\/\\\/akerstroms.se\\\/de\\\/maschinenfabrik-mit-funksteuerung-von-akerstroms\\\/\",\"url\":\"https:\\\/\\\/akerstroms.se\\\/de\\\/maschinenfabrik-mit-funksteuerung-von-akerstroms\\\/\",\"name\":\"Maschinenfabrik mit Funksteuerung von \u00c5kerstr\u00f6ms - \u00c5kerstr\u00f6ms Bj\u00f6rbo\",\"isPartOf\":{\"@id\":\"https:\\\/\\\/akerstroms.se\\\/#website\"},\"primaryImageOfPage\":{\"@id\":\"https:\\\/\\\/akerstroms.se\\\/de\\\/maschinenfabrik-mit-funksteuerung-von-akerstroms\\\/#primaryimage\"},\"image\":{\"@id\":\"https:\\\/\\\/akerstroms.se\\\/de\\\/maschinenfabrik-mit-funksteuerung-von-akerstroms\\\/#primaryimage\"},\"thumbnailUrl\":\"https:\\\/\\\/akerstroms.se\\\/app\\\/uploads\\\/2021\\\/08\\\/portstyrning-med-sesam-700x394.jpg\",\"datePublished\":\"2021-10-12T12:04:00+00:00\",\"dateModified\":\"2021-10-22T13:08:02+00:00\",\"breadcrumb\":{\"@id\":\"https:\\\/\\\/akerstroms.se\\\/de\\\/maschinenfabrik-mit-funksteuerung-von-akerstroms\\\/#breadcrumb\"},\"inLanguage\":\"de\",\"potentialAction\":[{\"@type\":\"ReadAction\",\"target\":[\"https:\\\/\\\/akerstroms.se\\\/de\\\/maschinenfabrik-mit-funksteuerung-von-akerstroms\\\/\"]}]},{\"@type\":\"ImageObject\",\"inLanguage\":\"de\",\"@id\":\"https:\\\/\\\/akerstroms.se\\\/de\\\/maschinenfabrik-mit-funksteuerung-von-akerstroms\\\/#primaryimage\",\"url\":\"https:\\\/\\\/akerstroms.se\\\/app\\\/uploads\\\/2021\\\/08\\\/portstyrning-med-sesam-700x394.jpg\",\"contentUrl\":\"https:\\\/\\\/akerstroms.se\\\/app\\\/uploads\\\/2021\\\/08\\\/portstyrning-med-sesam-700x394.jpg\"},{\"@type\":\"BreadcrumbList\",\"@id\":\"https:\\\/\\\/akerstroms.se\\\/de\\\/maschinenfabrik-mit-funksteuerung-von-akerstroms\\\/#breadcrumb\",\"itemListElement\":[{\"@type\":\"ListItem\",\"position\":1,\"name\":\"Home\",\"item\":\"https:\\\/\\\/akerstroms.se\\\/de\\\/\"},{\"@type\":\"ListItem\",\"position\":2,\"name\":\"Maschinenfabrik mit Funksteuerung von \u00c5kerstr\u00f6ms\"}]},{\"@type\":\"WebSite\",\"@id\":\"https:\\\/\\\/akerstroms.se\\\/#website\",\"url\":\"https:\\\/\\\/akerstroms.se\\\/\",\"name\":\"\u00c5kerstr\u00f6ms Bj\u00f6rbo\",\"description\":\"Radiostyrning f\u00f6r industriella och mobila applikationer\",\"publisher\":{\"@id\":\"https:\\\/\\\/akerstroms.se\\\/#organization\"},\"potentialAction\":[{\"@type\":\"SearchAction\",\"target\":{\"@type\":\"EntryPoint\",\"urlTemplate\":\"https:\\\/\\\/akerstroms.se\\\/?s={search_term_string}\"},\"query-input\":{\"@type\":\"PropertyValueSpecification\",\"valueRequired\":true,\"valueName\":\"search_term_string\"}}],\"inLanguage\":\"de\"},{\"@type\":\"Organization\",\"@id\":\"https:\\\/\\\/akerstroms.se\\\/#organization\",\"name\":\"\u00c5kerstr\u00f6ms AB\",\"url\":\"https:\\\/\\\/akerstroms.se\\\/\",\"logo\":{\"@type\":\"ImageObject\",\"inLanguage\":\"de\",\"@id\":\"https:\\\/\\\/akerstroms.se\\\/#\\\/schema\\\/logo\\\/image\\\/\",\"url\":\"https:\\\/\\\/akerstroms.se\\\/app\\\/uploads\\\/2021\\\/10\\\/akerstroms-logo.png\",\"contentUrl\":\"https:\\\/\\\/akerstroms.se\\\/app\\\/uploads\\\/2021\\\/10\\\/akerstroms-logo.png\",\"width\":400,\"height\":86,\"caption\":\"\u00c5kerstr\u00f6ms AB\"},\"image\":{\"@id\":\"https:\\\/\\\/akerstroms.se\\\/#\\\/schema\\\/logo\\\/image\\\/\"},\"sameAs\":[\"https:\\\/\\\/www.facebook.com\\\/akerstroms.se\",\"https:\\\/\\\/www.linkedin.com\\\/company\\\/akerstroms\\\/\",\"https:\\\/\\\/www.youtube.com\\\/channel\\\/UC8S-jX9nA8c9qBaTlgqg1CQ\"]}]}<\/script>\n<!-- \/ Yoast SEO plugin. -->","yoast_head_json":{"title":"Maschinenfabrik mit Funksteuerung von \u00c5kerstr\u00f6ms - \u00c5kerstr\u00f6ms Bj\u00f6rbo","robots":{"index":"index","follow":"follow","max-snippet":"max-snippet:-1","max-image-preview":"max-image-preview:large","max-video-preview":"max-video-preview:-1"},"canonical":"https:\/\/akerstroms.se\/de\/maschinenfabrik-mit-funksteuerung-von-akerstroms\/","og_locale":"de_DE","og_type":"article","og_title":"Maschinenfabrik mit Funksteuerung von \u00c5kerstr\u00f6ms - \u00c5kerstr\u00f6ms Bj\u00f6rbo","og_description":"Wir statteten V\u00e4derstad, dem im gleichnamigen Ort ans\u00e4ssigen Familienunternehmen, das Landmaschinen f\u00fcr Aussaat und Bodenbearbeitung herstellt, einen Besuch ab. Dort trafen wir Magnus Karlsson von...","og_url":"https:\/\/akerstroms.se\/de\/maschinenfabrik-mit-funksteuerung-von-akerstroms\/","og_site_name":"\u00c5kerstr\u00f6ms Bj\u00f6rbo","article_publisher":"https:\/\/www.facebook.com\/akerstroms.se","article_modified_time":"2021-10-22T13:08:02+00:00","og_image":[{"url":"https:\/\/akerstroms.se\/app\/uploads\/2021\/08\/portstyrning-med-sesam-700x394.jpg","type":"","width":"","height":""}],"twitter_card":"summary_large_image","twitter_misc":{"Gesch\u00e4tzte Lesezeit":"1\u00a0Minute"},"schema":{"@context":"https:\/\/schema.org","@graph":[{"@type":"WebPage","@id":"https:\/\/akerstroms.se\/de\/maschinenfabrik-mit-funksteuerung-von-akerstroms\/","url":"https:\/\/akerstroms.se\/de\/maschinenfabrik-mit-funksteuerung-von-akerstroms\/","name":"Maschinenfabrik mit Funksteuerung von \u00c5kerstr\u00f6ms - \u00c5kerstr\u00f6ms Bj\u00f6rbo","isPartOf":{"@id":"https:\/\/akerstroms.se\/#website"},"primaryImageOfPage":{"@id":"https:\/\/akerstroms.se\/de\/maschinenfabrik-mit-funksteuerung-von-akerstroms\/#primaryimage"},"image":{"@id":"https:\/\/akerstroms.se\/de\/maschinenfabrik-mit-funksteuerung-von-akerstroms\/#primaryimage"},"thumbnailUrl":"https:\/\/akerstroms.se\/app\/uploads\/2021\/08\/portstyrning-med-sesam-700x394.jpg","datePublished":"2021-10-12T12:04:00+00:00","dateModified":"2021-10-22T13:08:02+00:00","breadcrumb":{"@id":"https:\/\/akerstroms.se\/de\/maschinenfabrik-mit-funksteuerung-von-akerstroms\/#breadcrumb"},"inLanguage":"de","potentialAction":[{"@type":"ReadAction","target":["https:\/\/akerstroms.se\/de\/maschinenfabrik-mit-funksteuerung-von-akerstroms\/"]}]},{"@type":"ImageObject","inLanguage":"de","@id":"https:\/\/akerstroms.se\/de\/maschinenfabrik-mit-funksteuerung-von-akerstroms\/#primaryimage","url":"https:\/\/akerstroms.se\/app\/uploads\/2021\/08\/portstyrning-med-sesam-700x394.jpg","contentUrl":"https:\/\/akerstroms.se\/app\/uploads\/2021\/08\/portstyrning-med-sesam-700x394.jpg"},{"@type":"BreadcrumbList","@id":"https:\/\/akerstroms.se\/de\/maschinenfabrik-mit-funksteuerung-von-akerstroms\/#breadcrumb","itemListElement":[{"@type":"ListItem","position":1,"name":"Home","item":"https:\/\/akerstroms.se\/de\/"},{"@type":"ListItem","position":2,"name":"Maschinenfabrik mit Funksteuerung von \u00c5kerstr\u00f6ms"}]},{"@type":"WebSite","@id":"https:\/\/akerstroms.se\/#website","url":"https:\/\/akerstroms.se\/","name":"\u00c5kerstr\u00f6ms Bj\u00f6rbo","description":"Radiostyrning f\u00f6r industriella och mobila applikationer","publisher":{"@id":"https:\/\/akerstroms.se\/#organization"},"potentialAction":[{"@type":"SearchAction","target":{"@type":"EntryPoint","urlTemplate":"https:\/\/akerstroms.se\/?s={search_term_string}"},"query-input":{"@type":"PropertyValueSpecification","valueRequired":true,"valueName":"search_term_string"}}],"inLanguage":"de"},{"@type":"Organization","@id":"https:\/\/akerstroms.se\/#organization","name":"\u00c5kerstr\u00f6ms AB","url":"https:\/\/akerstroms.se\/","logo":{"@type":"ImageObject","inLanguage":"de","@id":"https:\/\/akerstroms.se\/#\/schema\/logo\/image\/","url":"https:\/\/akerstroms.se\/app\/uploads\/2021\/10\/akerstroms-logo.png","contentUrl":"https:\/\/akerstroms.se\/app\/uploads\/2021\/10\/akerstroms-logo.png","width":400,"height":86,"caption":"\u00c5kerstr\u00f6ms AB"},"image":{"@id":"https:\/\/akerstroms.se\/#\/schema\/logo\/image\/"},"sameAs":["https:\/\/www.facebook.com\/akerstroms.se","https:\/\/www.linkedin.com\/company\/akerstroms\/","https:\/\/www.youtube.com\/channel\/UC8S-jX9nA8c9qBaTlgqg1CQ"]}]}},"_links":{"self":[{"href":"https:\/\/akerstroms.se\/de\/wp-json\/wp\/v2\/pages\/11815","targetHints":{"allow":["GET"]}}],"collection":[{"href":"https:\/\/akerstroms.se\/de\/wp-json\/wp\/v2\/pages"}],"about":[{"href":"https:\/\/akerstroms.se\/de\/wp-json\/wp\/v2\/types\/page"}],"author":[{"embeddable":true,"href":"https:\/\/akerstroms.se\/de\/wp-json\/wp\/v2\/users\/1"}],"replies":[{"embeddable":true,"href":"https:\/\/akerstroms.se\/de\/wp-json\/wp\/v2\/comments?post=11815"}],"version-history":[{"count":7,"href":"https:\/\/akerstroms.se\/de\/wp-json\/wp\/v2\/pages\/11815\/revisions"}],"predecessor-version":[{"id":13345,"href":"https:\/\/akerstroms.se\/de\/wp-json\/wp\/v2\/pages\/11815\/revisions\/13345"}],"wp:attachment":[{"href":"https:\/\/akerstroms.se\/de\/wp-json\/wp\/v2\/media?parent=11815"}],"curies":[{"name":"wp","href":"https:\/\/api.w.org\/{rel}","templated":true}]}}