{"id":11793,"date":"2021-10-12T14:00:12","date_gmt":"2021-10-12T12:00:12","guid":{"rendered":"https:\/\/akerstroms.se\/kvalitet\/"},"modified":"2023-08-15T08:18:41","modified_gmt":"2023-08-15T06:18:41","slug":"qualitaet","status":"publish","type":"page","link":"https:\/\/akerstroms.se\/de\/qualitaet\/","title":{"rendered":"Qualit\u00e4t"},"content":{"rendered":"<section class=\"hero alignfull tone \" style=\"background-image: url(https:\/\/akerstroms.se\/app\/uploads\/2021\/03\/tillbehorimg.png);\">\r\n        <div class=\"hero__text container\">\r\n        <h1 class=\"hero__title\">Qualit\u00e4t ist ein <strong>zentraler Begriff<\/strong> f\u00fcr \u00c5kerstr\u00f6ms<\/h1>\r\n                    <p class=\"hero__excerpt\">Mit einem Sender von \u00c5kerstr\u00f6ms halten Sie gleichzeitig ein St\u00fcck Industriegeschichte in der Hand. Ein Jahrhundert Erfahrung mit der Bereitstellung hochqualitativer Produkte hat uns einiges gelehrt. Ein Produkt von \u00c5kerstr\u00f6ms ist darauf ausgelegt, auf Dauer zu halten und Belastungen zu widerstehen, so dass unsere Kunden ihre Arbeit ohne Unterbrechungen erledigen k\u00f6nnen. Das ist etwas, worauf wir stolz sind.<\/p>\r\n            <\/div>\r\n<\/section>\r\n\n\n\n<div style=\"height:50px\" aria-hidden=\"true\" class=\"wp-block-spacer\"><\/div>\n\n\n\n<h2 class=\"wp-block-heading has-text-align-left\" id=\"h-qualitatspolitik\">Qualit\u00e4tspolitik<\/h2>\n\n\n\n<div style=\"height:25px\" aria-hidden=\"true\" class=\"wp-block-spacer\"><\/div>\n\n\n\n<p class=\"has-text-align-left\">\u00c5kerstr\u00f6ms soll <a href=\"https:\/\/akerstroms.se\/de\/nachhaltigkeit\/\">nachhaltige<\/a> und robuste drahtlose Produkte und Dienste f\u00fcr anspruchsvolle Industrieumgebungen und mobile Anwendungen bereitstellen.<\/p>\n\n\n\n<p class=\"has-text-align-left\">Das tun wir, indem wir&nbsp;\u2026<\/p>\n\n\n\n<ul class=\"wp-block-list\">\n<li>\u2026 uns um eine st\u00e4ndige Verbesserung der gesamten Gesch\u00e4ftst\u00e4tigkeit von \u00c5kerstr\u00f6ms bem\u00fchen.<\/li>\n\n\n\n<li>\u2026 Produkte auf der Basis aktueller und zuk\u00fcnftiger Marktanforderungen entwickeln.<\/li>\n\n\n\n<li>\u2026 Produkte und Dienste rechtzeitig liefern.<\/li>\n\n\n\n<li>\u2026 Kunden eine effiziente Serviceorganisation bieten.<\/li>\n\n\n\n<li>\u2026 geltende amtliche Vorschriften, Gesetze und Normen erf\u00fcllen.&nbsp;<\/li>\n<\/ul>\n\n\n\n<p><br>Damit wollen wir unser Ziel erreichen: zufriedene, wiederkehrende Kunden.<\/p>\n\n\n\n<div style=\"height:50px\" aria-hidden=\"true\" class=\"wp-block-spacer\"><\/div>\n\n\n\n<div style=\"height:30px\" aria-hidden=\"true\" class=\"wp-block-spacer\"><\/div>\n\n\n\n\n\n<div style=\"height:50px\" aria-hidden=\"true\" class=\"wp-block-spacer\"><\/div>\n","protected":false},"excerpt":{"rendered":"<p>Qualit\u00e4tspolitik \u00c5kerstr\u00f6ms soll nachhaltige und robuste drahtlose Produkte und Dienste f\u00fcr anspruchsvolle Industrieumgebungen und mobile Anwendungen bereitstellen. Das tun wir, indem wir&nbsp;\u2026 Damit wollen wir&#8230;<\/p>\n","protected":false},"author":1,"featured_media":0,"parent":0,"menu_order":0,"comment_status":"closed","ping_status":"closed","template":"templates\/page-text-page.php","meta":{"_acf_changed":false,"footnotes":""},"class_list":["post-11793","page","type-page","status-publish","hentry"],"acf":[],"yoast_head":"<!-- This site is optimized with the Yoast SEO plugin v27.4 - https:\/\/yoast.com\/product\/yoast-seo-wordpress\/ -->\n<title>Qualit\u00e4t - \u00c5kerstr\u00f6ms Bj\u00f6rbo<\/title>\n<meta name=\"robots\" content=\"index, follow, max-snippet:-1, max-image-preview:large, max-video-preview:-1\" \/>\n<link rel=\"canonical\" href=\"https:\/\/akerstroms.se\/de\/qualitaet\/\" \/>\n<meta property=\"og:locale\" content=\"de_DE\" \/>\n<meta property=\"og:type\" content=\"article\" \/>\n<meta property=\"og:title\" content=\"Qualit\u00e4t - \u00c5kerstr\u00f6ms Bj\u00f6rbo\" \/>\n<meta property=\"og:description\" content=\"Qualit\u00e4tspolitik \u00c5kerstr\u00f6ms soll nachhaltige und robuste drahtlose Produkte und Dienste f\u00fcr anspruchsvolle Industrieumgebungen und mobile Anwendungen bereitstellen. Das tun wir, indem wir&nbsp;\u2026 Damit wollen wir...\" \/>\n<meta property=\"og:url\" content=\"https:\/\/akerstroms.se\/de\/qualitaet\/\" \/>\n<meta property=\"og:site_name\" content=\"\u00c5kerstr\u00f6ms Bj\u00f6rbo\" \/>\n<meta property=\"article:publisher\" content=\"https:\/\/www.facebook.com\/akerstroms.se\" \/>\n<meta property=\"article:modified_time\" content=\"2023-08-15T06:18:41+00:00\" \/>\n<meta property=\"og:image\" content=\"https:\/\/akerstroms.se\/app\/uploads\/2021\/09\/Akerstroms-remote-controls.jpg\" \/>\n\t<meta property=\"og:image:width\" content=\"1200\" \/>\n\t<meta property=\"og:image:height\" content=\"675\" \/>\n\t<meta property=\"og:image:type\" content=\"image\/jpeg\" \/>\n<meta name=\"twitter:card\" content=\"summary_large_image\" \/>\n<meta name=\"twitter:label1\" content=\"Gesch\u00e4tzte Lesezeit\" \/>\n\t<meta name=\"twitter:data1\" content=\"1\u00a0Minute\" \/>\n<script type=\"application\/ld+json\" class=\"yoast-schema-graph\">{\"@context\":\"https:\\\/\\\/schema.org\",\"@graph\":[{\"@type\":\"WebPage\",\"@id\":\"https:\\\/\\\/akerstroms.se\\\/de\\\/qualitaet\\\/\",\"url\":\"https:\\\/\\\/akerstroms.se\\\/de\\\/qualitaet\\\/\",\"name\":\"Qualit\u00e4t - \u00c5kerstr\u00f6ms Bj\u00f6rbo\",\"isPartOf\":{\"@id\":\"https:\\\/\\\/akerstroms.se\\\/#website\"},\"datePublished\":\"2021-10-12T12:00:12+00:00\",\"dateModified\":\"2023-08-15T06:18:41+00:00\",\"breadcrumb\":{\"@id\":\"https:\\\/\\\/akerstroms.se\\\/de\\\/qualitaet\\\/#breadcrumb\"},\"inLanguage\":\"de\",\"potentialAction\":[{\"@type\":\"ReadAction\",\"target\":[\"https:\\\/\\\/akerstroms.se\\\/de\\\/qualitaet\\\/\"]}]},{\"@type\":\"BreadcrumbList\",\"@id\":\"https:\\\/\\\/akerstroms.se\\\/de\\\/qualitaet\\\/#breadcrumb\",\"itemListElement\":[{\"@type\":\"ListItem\",\"position\":1,\"name\":\"Home\",\"item\":\"https:\\\/\\\/akerstroms.se\\\/de\\\/\"},{\"@type\":\"ListItem\",\"position\":2,\"name\":\"Qualit\u00e4t\"}]},{\"@type\":\"WebSite\",\"@id\":\"https:\\\/\\\/akerstroms.se\\\/#website\",\"url\":\"https:\\\/\\\/akerstroms.se\\\/\",\"name\":\"\u00c5kerstr\u00f6ms Bj\u00f6rbo\",\"description\":\"Radiostyrning f\u00f6r industriella och mobila applikationer\",\"publisher\":{\"@id\":\"https:\\\/\\\/akerstroms.se\\\/#organization\"},\"potentialAction\":[{\"@type\":\"SearchAction\",\"target\":{\"@type\":\"EntryPoint\",\"urlTemplate\":\"https:\\\/\\\/akerstroms.se\\\/?s={search_term_string}\"},\"query-input\":{\"@type\":\"PropertyValueSpecification\",\"valueRequired\":true,\"valueName\":\"search_term_string\"}}],\"inLanguage\":\"de\"},{\"@type\":\"Organization\",\"@id\":\"https:\\\/\\\/akerstroms.se\\\/#organization\",\"name\":\"\u00c5kerstr\u00f6ms AB\",\"url\":\"https:\\\/\\\/akerstroms.se\\\/\",\"logo\":{\"@type\":\"ImageObject\",\"inLanguage\":\"de\",\"@id\":\"https:\\\/\\\/akerstroms.se\\\/#\\\/schema\\\/logo\\\/image\\\/\",\"url\":\"https:\\\/\\\/akerstroms.se\\\/app\\\/uploads\\\/2021\\\/10\\\/akerstroms-logo.png\",\"contentUrl\":\"https:\\\/\\\/akerstroms.se\\\/app\\\/uploads\\\/2021\\\/10\\\/akerstroms-logo.png\",\"width\":400,\"height\":86,\"caption\":\"\u00c5kerstr\u00f6ms AB\"},\"image\":{\"@id\":\"https:\\\/\\\/akerstroms.se\\\/#\\\/schema\\\/logo\\\/image\\\/\"},\"sameAs\":[\"https:\\\/\\\/www.facebook.com\\\/akerstroms.se\",\"https:\\\/\\\/www.linkedin.com\\\/company\\\/akerstroms\\\/\",\"https:\\\/\\\/www.youtube.com\\\/channel\\\/UC8S-jX9nA8c9qBaTlgqg1CQ\"]}]}<\/script>\n<!-- \/ Yoast SEO plugin. -->","yoast_head_json":{"title":"Qualit\u00e4t - \u00c5kerstr\u00f6ms Bj\u00f6rbo","robots":{"index":"index","follow":"follow","max-snippet":"max-snippet:-1","max-image-preview":"max-image-preview:large","max-video-preview":"max-video-preview:-1"},"canonical":"https:\/\/akerstroms.se\/de\/qualitaet\/","og_locale":"de_DE","og_type":"article","og_title":"Qualit\u00e4t - \u00c5kerstr\u00f6ms Bj\u00f6rbo","og_description":"Qualit\u00e4tspolitik \u00c5kerstr\u00f6ms soll nachhaltige und robuste drahtlose Produkte und Dienste f\u00fcr anspruchsvolle Industrieumgebungen und mobile Anwendungen bereitstellen. Das tun wir, indem wir&nbsp;\u2026 Damit wollen wir...","og_url":"https:\/\/akerstroms.se\/de\/qualitaet\/","og_site_name":"\u00c5kerstr\u00f6ms Bj\u00f6rbo","article_publisher":"https:\/\/www.facebook.com\/akerstroms.se","article_modified_time":"2023-08-15T06:18:41+00:00","og_image":[{"width":1200,"height":675,"url":"https:\/\/akerstroms.se\/app\/uploads\/2021\/09\/Akerstroms-remote-controls.jpg","type":"image\/jpeg"}],"twitter_card":"summary_large_image","twitter_misc":{"Gesch\u00e4tzte Lesezeit":"1\u00a0Minute"},"schema":{"@context":"https:\/\/schema.org","@graph":[{"@type":"WebPage","@id":"https:\/\/akerstroms.se\/de\/qualitaet\/","url":"https:\/\/akerstroms.se\/de\/qualitaet\/","name":"Qualit\u00e4t - \u00c5kerstr\u00f6ms Bj\u00f6rbo","isPartOf":{"@id":"https:\/\/akerstroms.se\/#website"},"datePublished":"2021-10-12T12:00:12+00:00","dateModified":"2023-08-15T06:18:41+00:00","breadcrumb":{"@id":"https:\/\/akerstroms.se\/de\/qualitaet\/#breadcrumb"},"inLanguage":"de","potentialAction":[{"@type":"ReadAction","target":["https:\/\/akerstroms.se\/de\/qualitaet\/"]}]},{"@type":"BreadcrumbList","@id":"https:\/\/akerstroms.se\/de\/qualitaet\/#breadcrumb","itemListElement":[{"@type":"ListItem","position":1,"name":"Home","item":"https:\/\/akerstroms.se\/de\/"},{"@type":"ListItem","position":2,"name":"Qualit\u00e4t"}]},{"@type":"WebSite","@id":"https:\/\/akerstroms.se\/#website","url":"https:\/\/akerstroms.se\/","name":"\u00c5kerstr\u00f6ms Bj\u00f6rbo","description":"Radiostyrning f\u00f6r industriella och mobila applikationer","publisher":{"@id":"https:\/\/akerstroms.se\/#organization"},"potentialAction":[{"@type":"SearchAction","target":{"@type":"EntryPoint","urlTemplate":"https:\/\/akerstroms.se\/?s={search_term_string}"},"query-input":{"@type":"PropertyValueSpecification","valueRequired":true,"valueName":"search_term_string"}}],"inLanguage":"de"},{"@type":"Organization","@id":"https:\/\/akerstroms.se\/#organization","name":"\u00c5kerstr\u00f6ms AB","url":"https:\/\/akerstroms.se\/","logo":{"@type":"ImageObject","inLanguage":"de","@id":"https:\/\/akerstroms.se\/#\/schema\/logo\/image\/","url":"https:\/\/akerstroms.se\/app\/uploads\/2021\/10\/akerstroms-logo.png","contentUrl":"https:\/\/akerstroms.se\/app\/uploads\/2021\/10\/akerstroms-logo.png","width":400,"height":86,"caption":"\u00c5kerstr\u00f6ms AB"},"image":{"@id":"https:\/\/akerstroms.se\/#\/schema\/logo\/image\/"},"sameAs":["https:\/\/www.facebook.com\/akerstroms.se","https:\/\/www.linkedin.com\/company\/akerstroms\/","https:\/\/www.youtube.com\/channel\/UC8S-jX9nA8c9qBaTlgqg1CQ"]}]}},"_links":{"self":[{"href":"https:\/\/akerstroms.se\/de\/wp-json\/wp\/v2\/pages\/11793","targetHints":{"allow":["GET"]}}],"collection":[{"href":"https:\/\/akerstroms.se\/de\/wp-json\/wp\/v2\/pages"}],"about":[{"href":"https:\/\/akerstroms.se\/de\/wp-json\/wp\/v2\/types\/page"}],"author":[{"embeddable":true,"href":"https:\/\/akerstroms.se\/de\/wp-json\/wp\/v2\/users\/1"}],"replies":[{"embeddable":true,"href":"https:\/\/akerstroms.se\/de\/wp-json\/wp\/v2\/comments?post=11793"}],"version-history":[{"count":11,"href":"https:\/\/akerstroms.se\/de\/wp-json\/wp\/v2\/pages\/11793\/revisions"}],"predecessor-version":[{"id":18950,"href":"https:\/\/akerstroms.se\/de\/wp-json\/wp\/v2\/pages\/11793\/revisions\/18950"}],"wp:attachment":[{"href":"https:\/\/akerstroms.se\/de\/wp-json\/wp\/v2\/media?parent=11793"}],"curies":[{"name":"wp","href":"https:\/\/api.w.org\/{rel}","templated":true}]}}