{"id":11777,"date":"2021-10-12T13:55:47","date_gmt":"2021-10-12T11:55:47","guid":{"rendered":"https:\/\/akerstroms.se\/husqvarna-radiostyrd-tungviktare\/"},"modified":"2021-10-21T15:27:30","modified_gmt":"2021-10-21T13:27:30","slug":"husqvarna-funkgesteuerte-schwergewichtler","status":"publish","type":"page","link":"https:\/\/akerstroms.se\/de\/husqvarna-funkgesteuerte-schwergewichtler\/","title":{"rendered":"Husqvarna \u2013 funkgesteuerte Schwergewichtler"},"content":{"rendered":"<section class=\"hero alignfull tone \" style=\"background-image: url(https:\/\/akerstroms.se\/app\/uploads\/2021\/04\/Remotus-radio-remote-control-mobile-1140x400x150-e1776147537522.jpg);\">\r\n        <div class=\"hero__text container\">\r\n        <h1 class=\"hero__title\">Husqvarna &#8211; <strong>funkgesteuerte Schwergewichtler<\/strong><\/h1>\r\n                    <p class=\"hero__excerpt\">Husqvarnas LP 9505 ist eine Duplexwalze von relativ hohem Betriebsgewicht, die f\u00fcr Arbeiten ausgelegt ist, bei denen personengef\u00fchrte Walzen aufgrund riskanter Arbeitsverh\u00e4ltnisse nicht anwendbar sind. Gesteuert durch eine einzigartige L\u00f6sung von \u00c5kerstr\u00f6ms.<\/p>\r\n            <\/div>\r\n<\/section>\r\n\n\n\n<div style=\"height:71px\" aria-hidden=\"true\" class=\"wp-block-spacer\"><\/div>\n\n\n\n<p>Als Husqvarna seinen neuen <a href=\"https:\/\/www.husqvarnacp.com\/int\/machines\/compaction-equipment\/lp-9505\/967950801\/\">Grabenverdichter LP 9505<\/a> entwickelte, entschied man schon bald, dass dieser auch funkgesteuert sein sollte. LP 9505 ist eine Duplexwalze von relativ hohem Betriebsgewicht, die f\u00fcr Arbeiten ausgelegt ist, bei denen personengef\u00fchrte Walzen aufgrund riskanter Arbeitsverh\u00e4ltnisse nicht anwendbar sind. Die Funksteuerung des neuen Bodenverdichtungsger\u00e4ts sorgt daf\u00fcr, dass die Bedienperson deutlich h\u00f6here Sicherheit genie\u00dft, da sie durch die Pr\u00e4zisionssteuerung aus angemessener Entfernung weder Vibrationen noch unergonomischen Arbeitshaltungen ausgesetzt ist. \u00c5kerstr\u00f6ms hat gemeinsam mit Husqvarna in Bulgarien im Laufe eines l\u00e4ngeren Entwicklungsprozesses eine ma\u00dfgeschneiderte L\u00f6sung erstellt, die auf dem Funksteuerungssystem <a href=\"https:\/\/akerstroms.se\/de\/produkter-tjaenster\/remotus\/\">Remotus<\/a> von \u00c5kerstr\u00f6ms basiert.<\/p>\n\n\n\n<p>Das neue Bodenverdichtungsger\u00e4t besitzt eine Reihe technischer Finessen wie beispielsweise ein radar\u00e4hnliches System zur Vermeidung von Kollisionen mit Objekten oder Menschen sowie ein Triangulationssystem, das verhindert, dass die Bedienperson die Maschine aus zu gro\u00dfem Abstand steuert. Aufgrund seines hohen Betriebsgewichts und der erstklassigen Traktion der Walzen eignet sich der Grabenverdichter f\u00fcr die Arbeit in gef\u00e4hrlichen Umgebungen wie Seitenstreifen und Stra\u00dfengr\u00e4ben.<\/p>\n\n\n\n<p>Die Maschine wurde speziell an die Funksteuerung von \u00c5kerstr\u00f6ms angepasst und besitzt ein integriertes Fach f\u00fcr die Funksteuerung, in der die Batterie des Senders sogar von der Maschine geladen werden kann.<\/p>\n\n\n\n<div class=\"wp-block-image\"><figure class=\"aligncenter size-large\"><img loading=\"lazy\" decoding=\"async\" width=\"700\" height=\"493\" src=\"https:\/\/akerstroms.se\/app\/uploads\/2021\/09\/LP-9505-700x493.jpg\" alt=\"\" class=\"wp-image-8954\" srcset=\"https:\/\/akerstroms.se\/app\/uploads\/2021\/09\/LP-9505-700x493.jpg 700w, https:\/\/akerstroms.se\/app\/uploads\/2021\/09\/LP-9505-300x211.jpg 300w, https:\/\/akerstroms.se\/app\/uploads\/2021\/09\/LP-9505-600x423.jpg 600w, https:\/\/akerstroms.se\/app\/uploads\/2021\/09\/LP-9505-250x176.jpg 250w, https:\/\/akerstroms.se\/app\/uploads\/2021\/09\/LP-9505-768x541.jpg 768w, https:\/\/akerstroms.se\/app\/uploads\/2021\/09\/LP-9505-120x85.jpg 120w, https:\/\/akerstroms.se\/app\/uploads\/2021\/09\/LP-9505-540x381.jpg 540w, https:\/\/akerstroms.se\/app\/uploads\/2021\/09\/LP-9505.jpg 992w\" sizes=\"auto, (max-width: 700px) 100vw, 700px\" \/><figcaption>Dank eines praktisch gestalteten Fachs kann die Funksteuerung innerhalb der Walze gelagert werden, wenn sie nicht verwendet wird.<\/figcaption><\/figure><\/div>\n\n\n\n<p>Husqvarna Construction Products ist ein weltweit f\u00fchrender Anbieter im Bausektor, der mit seiner umfangreichen Produktpalette an Maschinen und Werkzeug f\u00fcr den Tiefbau einen globalen Markt bedient.<\/p>\n\n\n\n<div style=\"height:30px\" aria-hidden=\"true\" class=\"wp-block-spacer\"><\/div>\n","protected":false},"excerpt":{"rendered":"<p>Als Husqvarna seinen neuen Grabenverdichter LP 9505 entwickelte, entschied man schon bald, dass dieser auch funkgesteuert sein sollte. LP 9505 ist eine Duplexwalze von relativ&#8230;<\/p>\n","protected":false},"author":1,"featured_media":6541,"parent":0,"menu_order":0,"comment_status":"closed","ping_status":"closed","template":"","meta":{"_acf_changed":false,"footnotes":""},"class_list":["post-11777","page","type-page","status-publish","has-post-thumbnail","hentry"],"acf":[],"yoast_head":"<!-- This site is optimized with the Yoast SEO plugin v27.4 - https:\/\/yoast.com\/product\/yoast-seo-wordpress\/ -->\n<title>Husqvarna \u2013 funkgesteuerte Schwergewichtler - \u00c5kerstr\u00f6ms Bj\u00f6rbo<\/title>\n<meta name=\"robots\" content=\"index, follow, max-snippet:-1, max-image-preview:large, max-video-preview:-1\" \/>\n<link rel=\"canonical\" href=\"https:\/\/akerstroms.se\/de\/husqvarna-funkgesteuerte-schwergewichtler\/\" \/>\n<meta property=\"og:locale\" content=\"de_DE\" \/>\n<meta property=\"og:type\" content=\"article\" \/>\n<meta property=\"og:title\" content=\"Husqvarna \u2013 funkgesteuerte Schwergewichtler - \u00c5kerstr\u00f6ms Bj\u00f6rbo\" \/>\n<meta property=\"og:description\" content=\"Als Husqvarna seinen neuen Grabenverdichter LP 9505 entwickelte, entschied man schon bald, dass dieser auch funkgesteuert sein sollte. LP 9505 ist eine Duplexwalze von relativ...\" \/>\n<meta property=\"og:url\" content=\"https:\/\/akerstroms.se\/de\/husqvarna-funkgesteuerte-schwergewichtler\/\" \/>\n<meta property=\"og:site_name\" content=\"\u00c5kerstr\u00f6ms Bj\u00f6rbo\" \/>\n<meta property=\"article:publisher\" content=\"https:\/\/www.facebook.com\/akerstroms.se\" \/>\n<meta property=\"article:modified_time\" content=\"2021-10-21T13:27:30+00:00\" \/>\n<meta property=\"og:image\" content=\"https:\/\/akerstroms.se\/app\/uploads\/2021\/04\/Remotus-radio-remote-control-mobile-1140x400x150.jpg\" \/>\n\t<meta property=\"og:image:width\" content=\"1140\" \/>\n\t<meta property=\"og:image:height\" content=\"400\" \/>\n\t<meta property=\"og:image:type\" content=\"image\/jpeg\" \/>\n<meta name=\"twitter:card\" content=\"summary_large_image\" \/>\n<meta name=\"twitter:label1\" content=\"Gesch\u00e4tzte Lesezeit\" \/>\n\t<meta name=\"twitter:data1\" content=\"2\u00a0Minuten\" \/>\n<script type=\"application\/ld+json\" class=\"yoast-schema-graph\">{\"@context\":\"https:\\\/\\\/schema.org\",\"@graph\":[{\"@type\":\"WebPage\",\"@id\":\"https:\\\/\\\/akerstroms.se\\\/de\\\/husqvarna-funkgesteuerte-schwergewichtler\\\/\",\"url\":\"https:\\\/\\\/akerstroms.se\\\/de\\\/husqvarna-funkgesteuerte-schwergewichtler\\\/\",\"name\":\"Husqvarna \u2013 funkgesteuerte Schwergewichtler - \u00c5kerstr\u00f6ms Bj\u00f6rbo\",\"isPartOf\":{\"@id\":\"https:\\\/\\\/akerstroms.se\\\/#website\"},\"primaryImageOfPage\":{\"@id\":\"https:\\\/\\\/akerstroms.se\\\/de\\\/husqvarna-funkgesteuerte-schwergewichtler\\\/#primaryimage\"},\"image\":{\"@id\":\"https:\\\/\\\/akerstroms.se\\\/de\\\/husqvarna-funkgesteuerte-schwergewichtler\\\/#primaryimage\"},\"thumbnailUrl\":\"https:\\\/\\\/akerstroms.se\\\/app\\\/uploads\\\/2021\\\/04\\\/Remotus-radio-remote-control-mobile-1140x400x150-e1776147537522.jpg\",\"datePublished\":\"2021-10-12T11:55:47+00:00\",\"dateModified\":\"2021-10-21T13:27:30+00:00\",\"breadcrumb\":{\"@id\":\"https:\\\/\\\/akerstroms.se\\\/de\\\/husqvarna-funkgesteuerte-schwergewichtler\\\/#breadcrumb\"},\"inLanguage\":\"de\",\"potentialAction\":[{\"@type\":\"ReadAction\",\"target\":[\"https:\\\/\\\/akerstroms.se\\\/de\\\/husqvarna-funkgesteuerte-schwergewichtler\\\/\"]}]},{\"@type\":\"ImageObject\",\"inLanguage\":\"de\",\"@id\":\"https:\\\/\\\/akerstroms.se\\\/de\\\/husqvarna-funkgesteuerte-schwergewichtler\\\/#primaryimage\",\"url\":\"https:\\\/\\\/akerstroms.se\\\/app\\\/uploads\\\/2021\\\/04\\\/Remotus-radio-remote-control-mobile-1140x400x150-e1776147537522.jpg\",\"contentUrl\":\"https:\\\/\\\/akerstroms.se\\\/app\\\/uploads\\\/2021\\\/04\\\/Remotus-radio-remote-control-mobile-1140x400x150-e1776147537522.jpg\",\"width\":635,\"height\":400},{\"@type\":\"BreadcrumbList\",\"@id\":\"https:\\\/\\\/akerstroms.se\\\/de\\\/husqvarna-funkgesteuerte-schwergewichtler\\\/#breadcrumb\",\"itemListElement\":[{\"@type\":\"ListItem\",\"position\":1,\"name\":\"Home\",\"item\":\"https:\\\/\\\/akerstroms.se\\\/de\\\/\"},{\"@type\":\"ListItem\",\"position\":2,\"name\":\"Husqvarna \u2013 funkgesteuerte Schwergewichtler\"}]},{\"@type\":\"WebSite\",\"@id\":\"https:\\\/\\\/akerstroms.se\\\/#website\",\"url\":\"https:\\\/\\\/akerstroms.se\\\/\",\"name\":\"\u00c5kerstr\u00f6ms Bj\u00f6rbo\",\"description\":\"Radiostyrning f\u00f6r industriella och mobila applikationer\",\"publisher\":{\"@id\":\"https:\\\/\\\/akerstroms.se\\\/#organization\"},\"potentialAction\":[{\"@type\":\"SearchAction\",\"target\":{\"@type\":\"EntryPoint\",\"urlTemplate\":\"https:\\\/\\\/akerstroms.se\\\/?s={search_term_string}\"},\"query-input\":{\"@type\":\"PropertyValueSpecification\",\"valueRequired\":true,\"valueName\":\"search_term_string\"}}],\"inLanguage\":\"de\"},{\"@type\":\"Organization\",\"@id\":\"https:\\\/\\\/akerstroms.se\\\/#organization\",\"name\":\"\u00c5kerstr\u00f6ms AB\",\"url\":\"https:\\\/\\\/akerstroms.se\\\/\",\"logo\":{\"@type\":\"ImageObject\",\"inLanguage\":\"de\",\"@id\":\"https:\\\/\\\/akerstroms.se\\\/#\\\/schema\\\/logo\\\/image\\\/\",\"url\":\"https:\\\/\\\/akerstroms.se\\\/app\\\/uploads\\\/2021\\\/10\\\/akerstroms-logo.png\",\"contentUrl\":\"https:\\\/\\\/akerstroms.se\\\/app\\\/uploads\\\/2021\\\/10\\\/akerstroms-logo.png\",\"width\":400,\"height\":86,\"caption\":\"\u00c5kerstr\u00f6ms AB\"},\"image\":{\"@id\":\"https:\\\/\\\/akerstroms.se\\\/#\\\/schema\\\/logo\\\/image\\\/\"},\"sameAs\":[\"https:\\\/\\\/www.facebook.com\\\/akerstroms.se\",\"https:\\\/\\\/www.linkedin.com\\\/company\\\/akerstroms\\\/\",\"https:\\\/\\\/www.youtube.com\\\/channel\\\/UC8S-jX9nA8c9qBaTlgqg1CQ\"]}]}<\/script>\n<!-- \/ Yoast SEO plugin. -->","yoast_head_json":{"title":"Husqvarna \u2013 funkgesteuerte Schwergewichtler - \u00c5kerstr\u00f6ms Bj\u00f6rbo","robots":{"index":"index","follow":"follow","max-snippet":"max-snippet:-1","max-image-preview":"max-image-preview:large","max-video-preview":"max-video-preview:-1"},"canonical":"https:\/\/akerstroms.se\/de\/husqvarna-funkgesteuerte-schwergewichtler\/","og_locale":"de_DE","og_type":"article","og_title":"Husqvarna \u2013 funkgesteuerte Schwergewichtler - \u00c5kerstr\u00f6ms Bj\u00f6rbo","og_description":"Als Husqvarna seinen neuen Grabenverdichter LP 9505 entwickelte, entschied man schon bald, dass dieser auch funkgesteuert sein sollte. LP 9505 ist eine Duplexwalze von relativ...","og_url":"https:\/\/akerstroms.se\/de\/husqvarna-funkgesteuerte-schwergewichtler\/","og_site_name":"\u00c5kerstr\u00f6ms Bj\u00f6rbo","article_publisher":"https:\/\/www.facebook.com\/akerstroms.se","article_modified_time":"2021-10-21T13:27:30+00:00","og_image":[{"width":1140,"height":400,"url":"https:\/\/akerstroms.se\/app\/uploads\/2021\/04\/Remotus-radio-remote-control-mobile-1140x400x150.jpg","type":"image\/jpeg"}],"twitter_card":"summary_large_image","twitter_misc":{"Gesch\u00e4tzte Lesezeit":"2\u00a0Minuten"},"schema":{"@context":"https:\/\/schema.org","@graph":[{"@type":"WebPage","@id":"https:\/\/akerstroms.se\/de\/husqvarna-funkgesteuerte-schwergewichtler\/","url":"https:\/\/akerstroms.se\/de\/husqvarna-funkgesteuerte-schwergewichtler\/","name":"Husqvarna \u2013 funkgesteuerte Schwergewichtler - \u00c5kerstr\u00f6ms Bj\u00f6rbo","isPartOf":{"@id":"https:\/\/akerstroms.se\/#website"},"primaryImageOfPage":{"@id":"https:\/\/akerstroms.se\/de\/husqvarna-funkgesteuerte-schwergewichtler\/#primaryimage"},"image":{"@id":"https:\/\/akerstroms.se\/de\/husqvarna-funkgesteuerte-schwergewichtler\/#primaryimage"},"thumbnailUrl":"https:\/\/akerstroms.se\/app\/uploads\/2021\/04\/Remotus-radio-remote-control-mobile-1140x400x150-e1776147537522.jpg","datePublished":"2021-10-12T11:55:47+00:00","dateModified":"2021-10-21T13:27:30+00:00","breadcrumb":{"@id":"https:\/\/akerstroms.se\/de\/husqvarna-funkgesteuerte-schwergewichtler\/#breadcrumb"},"inLanguage":"de","potentialAction":[{"@type":"ReadAction","target":["https:\/\/akerstroms.se\/de\/husqvarna-funkgesteuerte-schwergewichtler\/"]}]},{"@type":"ImageObject","inLanguage":"de","@id":"https:\/\/akerstroms.se\/de\/husqvarna-funkgesteuerte-schwergewichtler\/#primaryimage","url":"https:\/\/akerstroms.se\/app\/uploads\/2021\/04\/Remotus-radio-remote-control-mobile-1140x400x150-e1776147537522.jpg","contentUrl":"https:\/\/akerstroms.se\/app\/uploads\/2021\/04\/Remotus-radio-remote-control-mobile-1140x400x150-e1776147537522.jpg","width":635,"height":400},{"@type":"BreadcrumbList","@id":"https:\/\/akerstroms.se\/de\/husqvarna-funkgesteuerte-schwergewichtler\/#breadcrumb","itemListElement":[{"@type":"ListItem","position":1,"name":"Home","item":"https:\/\/akerstroms.se\/de\/"},{"@type":"ListItem","position":2,"name":"Husqvarna \u2013 funkgesteuerte Schwergewichtler"}]},{"@type":"WebSite","@id":"https:\/\/akerstroms.se\/#website","url":"https:\/\/akerstroms.se\/","name":"\u00c5kerstr\u00f6ms Bj\u00f6rbo","description":"Radiostyrning f\u00f6r industriella och mobila applikationer","publisher":{"@id":"https:\/\/akerstroms.se\/#organization"},"potentialAction":[{"@type":"SearchAction","target":{"@type":"EntryPoint","urlTemplate":"https:\/\/akerstroms.se\/?s={search_term_string}"},"query-input":{"@type":"PropertyValueSpecification","valueRequired":true,"valueName":"search_term_string"}}],"inLanguage":"de"},{"@type":"Organization","@id":"https:\/\/akerstroms.se\/#organization","name":"\u00c5kerstr\u00f6ms AB","url":"https:\/\/akerstroms.se\/","logo":{"@type":"ImageObject","inLanguage":"de","@id":"https:\/\/akerstroms.se\/#\/schema\/logo\/image\/","url":"https:\/\/akerstroms.se\/app\/uploads\/2021\/10\/akerstroms-logo.png","contentUrl":"https:\/\/akerstroms.se\/app\/uploads\/2021\/10\/akerstroms-logo.png","width":400,"height":86,"caption":"\u00c5kerstr\u00f6ms AB"},"image":{"@id":"https:\/\/akerstroms.se\/#\/schema\/logo\/image\/"},"sameAs":["https:\/\/www.facebook.com\/akerstroms.se","https:\/\/www.linkedin.com\/company\/akerstroms\/","https:\/\/www.youtube.com\/channel\/UC8S-jX9nA8c9qBaTlgqg1CQ"]}]}},"_links":{"self":[{"href":"https:\/\/akerstroms.se\/de\/wp-json\/wp\/v2\/pages\/11777","targetHints":{"allow":["GET"]}}],"collection":[{"href":"https:\/\/akerstroms.se\/de\/wp-json\/wp\/v2\/pages"}],"about":[{"href":"https:\/\/akerstroms.se\/de\/wp-json\/wp\/v2\/types\/page"}],"author":[{"embeddable":true,"href":"https:\/\/akerstroms.se\/de\/wp-json\/wp\/v2\/users\/1"}],"replies":[{"embeddable":true,"href":"https:\/\/akerstroms.se\/de\/wp-json\/wp\/v2\/comments?post=11777"}],"version-history":[{"count":10,"href":"https:\/\/akerstroms.se\/de\/wp-json\/wp\/v2\/pages\/11777\/revisions"}],"predecessor-version":[{"id":13326,"href":"https:\/\/akerstroms.se\/de\/wp-json\/wp\/v2\/pages\/11777\/revisions\/13326"}],"wp:featuredmedia":[{"embeddable":true,"href":"https:\/\/akerstroms.se\/de\/wp-json\/wp\/v2\/media\/6541"}],"wp:attachment":[{"href":"https:\/\/akerstroms.se\/de\/wp-json\/wp\/v2\/media?parent=11777"}],"curies":[{"name":"wp","href":"https:\/\/api.w.org\/{rel}","templated":true}]}}