{"id":11769,"date":"2021-10-12T13:52:34","date_gmt":"2021-10-12T11:52:34","guid":{"rendered":"https:\/\/akerstroms.se\/hallbarhet\/"},"modified":"2024-06-11T11:02:32","modified_gmt":"2024-06-11T09:02:32","slug":"nachhaltigkeit","status":"publish","type":"page","link":"https:\/\/akerstroms.se\/de\/nachhaltigkeit\/","title":{"rendered":"Nachhaltigkeit"},"content":{"rendered":"<section class=\"hero alignfull  \" style=\"background-image: url(https:\/\/akerstroms.se\/app\/uploads\/2021\/05\/Planet-earth-elements-scaled.jpg);\">\r\n        <div class=\"hero__text container\">\r\n        <h1 class=\"hero__title\">Die Zukunft beginnt <strong>heute<\/strong><\/h1>\r\n                    <p class=\"hero__excerpt\">Die Ressourcennutzung auf unserer Erde zu beschr\u00e4nken, ist jetzt die gr\u00f6\u00dfte Herausforderung f\u00fcr die Weltgemeinschaft. Auch wir bei \u00c5kerstr\u00f6ms m\u00f6chten unseren bestm\u00f6glichen Beitrag zu unserer gemeinsamen Zukunft leisten. Wenn wir die 17 Ziele f\u00fcr nachhaltige Entwicklung der UN ber\u00fccksichtigen, k\u00f6nnen wir aus einer wirtschaftlichen, sozialen und Umweltperspektive heraus handeln. Die Zukunft beginnt mit den Entscheidungen, die wir heute treffen. Bereits seit 1918 setzt \u00c5kerstr\u00f6ms in seinem Unternehmertum auf nachhaltige Entscheidungen. Diesen Weg m\u00f6chten wir mit Innovation als treibender Kraft und der Nachhaltigkeit als Ziel auch weiterhin beschreiten.<\/p>\r\n            <\/div>\r\n<\/section>\r\n\n\n\n<div style=\"height:20px\" aria-hidden=\"true\" class=\"wp-block-spacer\"><\/div>\n\n\n\n<div style=\"height:10px\" aria-hidden=\"true\" class=\"wp-block-spacer\"><\/div>\n\n\n\n<h2 class=\"wp-block-heading has-text-align-center\" id=\"h-gemeinsam-werden-wir-nachhaltig\">Gemeinsam werden wir nachhaltig<\/h2>\n\n\n\n<div style=\"height:20px\" aria-hidden=\"true\" class=\"wp-block-spacer\"><\/div>\n\n\n\n<p class=\"has-text-align-center\">Alle Unternehmen haben Auswirkungen auf die Gesellschaft \u2013 durch ihr Gesch\u00e4ftsmodell, ihre Produkte und Dienste sowie nicht zuletzt dadurch, wie das Unternehmen gegen\u00fcber seinen Mitarbeitern handelt. Heute ist das Wort Nachhaltigkeit in den CSR-Vorgaben jedes Unternehmens enthalten. Mit Nachhaltigkeit als Richtschnur zu arbeiten, bedeutet aber deutlich mehr als nur einen Haken im Protokoll. Es geht darum, bei all unseren T\u00e4tigkeiten den Schutz der Umwelt zu ber\u00fccksichtigen, Voraussetzungen f\u00fcr gute Arbeitsbedingungen zu schaffen, innovativ zu denken und nachhaltige Produkte zu entwickeln. Au\u00dferdem gibt es globale Richtlinien, die akzeptiert und eingehalten werden m\u00fcssen. <\/p>\n\n\n\n<p class=\"has-text-align-center\">In unserer Branche gibt es viel zu tun, um die Voraussetzungen f\u00fcr nachhaltige Unternehmensmodelle zu verbessern. \u00c5kerstr\u00f6ms hat immer alles darangesetzt, eine Vorbildrolle in der Industrie einzunehmen. Wir wollen gemeinsam den Nutzen, die M\u00f6glichkeiten und die Notwendigkeit ins Auge fassen, Arbeitsmodelle, Prozesse und Strategien umzuformulieren, um so nachhaltig wie m\u00f6glich zu werden. Zusammen machen wir den Unterschied. Die gesamte Industrie muss Verantwortung f\u00fcr eine nachhaltige Entwicklung \u00fcbernehmen.<\/p>\n\n\n\n<div style=\"height:50px\" aria-hidden=\"true\" class=\"wp-block-spacer\"><\/div>\n\n\n\n<div class=\"wp-block-columns is-layout-flex wp-container-core-columns-is-layout-9d6595d7 wp-block-columns-is-layout-flex\">\n<div class=\"wp-block-column is-layout-flow wp-block-column-is-layout-flow\"><a class=\"imagelink\" href=\"https:\/\/akerstroms.se\/de\/kooperationen\/\" title=\"Kooperationen\" target=\"\">\r\n            <img decoding=\"async\" class=\"imagelink__image\" src=\"https:\/\/akerstroms.se\/app\/uploads\/2021\/06\/handshake-of-people-with-different-ethnicity-540x437.jpg\" alt=\"\">\r\n            <h2 class=\"imagelink__title\">Kooperationen<\/h2>\r\n    <\/a>\r\n<\/div>\n\n\n\n<div class=\"wp-block-column is-layout-flow wp-block-column-is-layout-flow\"><a class=\"imagelink\" href=\"https:\/\/akerstroms.se\/de\/support\/reparationer\/\" title=\"Reparieren mehr\" target=\"\">\r\n            <img decoding=\"async\" class=\"imagelink__image\" src=\"https:\/\/akerstroms.se\/app\/uploads\/2021\/05\/IMG_3436-scaled-e1625647214148-540x554.jpg\" alt=\"\">\r\n            <h2 class=\"imagelink__title\">Reparieren mehr<\/h2>\r\n    <\/a>\r\n<\/div>\n<\/div>\n\n\n\n<div style=\"height:20px\" aria-hidden=\"true\" class=\"wp-block-spacer\"><\/div>\n\n\n\n<h2 class=\"wp-block-heading has-text-align-center\" id=\"h-nachhaltigkeit-liegt-uns-im-blut\">Nachhaltigkeit liegt uns im Blut<\/h2>\n\n\n\n<div style=\"height:20px\" aria-hidden=\"true\" class=\"wp-block-spacer\"><\/div>\n\n\n\n<p class=\"has-text-align-center\">Seit \u00fcber 100 Jahren setzt sich \u00c5kerstr\u00f6ms f\u00fcr eine sicherere Arbeitsumgebung ein und tr\u00e4gt mit seinen sicheren und robusten L\u00f6sungen zur Kommunikation und Funksteuerung dazu bei.<br><br>Alle haben das Recht dazu, genauso wohlbehalten nach Hause zu kommen, wie man zur Arbeit gegangen ist. Das gleiche Recht hat man unserer Meinung nach, was die <a href=\"https:\/\/akerstroms.se\/de\/kvalitet\/\">Qualit\u00e4t<\/a> der benutzten Funksteuerung angeht. \u00c5kerstr\u00f6ms kann auf eine lange Geschichte mit Service und Reparaturen zur\u00fcckblicken, was Ressourcen spart und unseren Produkten l\u00e4ngere Lebensdauer verschafft. Das ist ein \u00f6kologischer Gewinn f\u00fcr die Umwelt und ein wirtschaftlicher Gewinn f\u00fcr den Kunden.<\/p>\n\n\n\n<div style=\"height:50px\" aria-hidden=\"true\" class=\"wp-block-spacer\"><\/div>\n\n\n    <section class=\"linkables container\" data-color=\"gray\">\r\n                    <div class=\"linkables__block flex-row-wrapper\" id=\"\">\r\n                <div class=\"linkables__block__img\">\r\n                                        <img decoding=\"async\" src=\"https:\/\/akerstroms.se\/app\/uploads\/2021\/06\/150dpi-heavy-construction-concept-mixed-media.jpg\" alt=\"\">\r\n                <\/div>\r\n                <div class=\"linkables__block__text\">\r\n                    <h3 class=\"linkables__block__title\">Unser Nachhaltigkeitsbericht<\/h3>\r\n                    <p class=\"linkables__block__excerpt\">Wir wollen stets nachhaltige Entscheidungen f\u00fcr unser Unternehmen treffen. Als Teil des Allgon-Konzerns arbeiten wir alle gemeinsam daran, unser Unternehmen f\u00fcr unsere Kunden, Lieferanten und Mitarbeitenden umweltbewusst, gleichberechtigt und fair zu gestalten. Mehr \u00fcber unsere Arbeit k\u00f6nnen Sie im Nachhaltigkeitsbericht von Allgon nachlesen.<\/p>\r\n                                            <a class=\"linkables__block__button button button--primary\" href=\"https:\/\/allgon.com\/app\/uploads\/2024\/06\/AR_Allgon_2023_SE.pdf\" title=\"Lesen Sie unseren Nachhaltigkeitsbericht\" target=\"_blank\">\r\n                            Lesen Sie unseren Nachhaltigkeitsbericht                        <\/a>\r\n                                    <\/div>\r\n            <\/div>\r\n                    <div class=\"linkables__block flex-row-wrapper\" id=\"\">\r\n                <div class=\"linkables__block__img\">\r\n                                        <img decoding=\"async\" src=\"https:\/\/akerstroms.se\/app\/uploads\/2021\/07\/miljo-ute-kanalen_mattad.jpg\" alt=\"\">\r\n                <\/div>\r\n                <div class=\"linkables__block__text\">\r\n                    <h3 class=\"linkables__block__title\">Umweltpolitik<\/h3>\r\n                    <p class=\"linkables__block__excerpt\">\u00c5kerstr\u00f6ms ist Teil der Multisite-Zertifizierung von Allgon, wodurch wir der Umweltpolitik von Allgon unterliegen.<\/p>\r\n                                            <a class=\"linkables__block__button button button--primary\" href=\"https:\/\/akerstroms.se\/app\/uploads\/2024\/06\/Environmental-policy-Allgon_v5_240513.pdf\" title=\"Unser Umweltpolitik\" target=\"_blank\">\r\n                            Unser Umweltpolitik                        <\/a>\r\n                                    <\/div>\r\n            <\/div>\r\n            <\/section>\r\n\n\n\n<div style=\"height:30px\" aria-hidden=\"true\" class=\"wp-block-spacer\"><\/div>\n\n\n\n<div style=\"height:30px\" aria-hidden=\"true\" class=\"wp-block-spacer\"><\/div>\n\n\n\n<div style=\"height:50px\" aria-hidden=\"true\" class=\"wp-block-spacer\"><\/div>\n","protected":false},"excerpt":{"rendered":"<p>Gemeinsam werden wir nachhaltig Alle Unternehmen haben Auswirkungen auf die Gesellschaft \u2013 durch ihr Gesch\u00e4ftsmodell, ihre Produkte und Dienste sowie nicht zuletzt dadurch, wie das&#8230;<\/p>\n","protected":false},"author":1,"featured_media":0,"parent":0,"menu_order":0,"comment_status":"closed","ping_status":"closed","template":"","meta":{"_acf_changed":false,"footnotes":""},"class_list":["post-11769","page","type-page","status-publish","hentry"],"acf":[],"yoast_head":"<!-- This site is optimized with the Yoast SEO plugin v27.4 - https:\/\/yoast.com\/product\/yoast-seo-wordpress\/ -->\n<title>Nachhaltigkeit - \u00c5kerstr\u00f6ms Bj\u00f6rbo<\/title>\n<meta name=\"robots\" content=\"index, follow, max-snippet:-1, max-image-preview:large, max-video-preview:-1\" \/>\n<link rel=\"canonical\" href=\"https:\/\/akerstroms.se\/de\/nachhaltigkeit\/\" \/>\n<meta property=\"og:locale\" content=\"de_DE\" \/>\n<meta property=\"og:type\" content=\"article\" \/>\n<meta property=\"og:title\" content=\"Nachhaltigkeit - \u00c5kerstr\u00f6ms Bj\u00f6rbo\" \/>\n<meta property=\"og:description\" content=\"Gemeinsam werden wir nachhaltig Alle Unternehmen haben Auswirkungen auf die Gesellschaft \u2013 durch ihr Gesch\u00e4ftsmodell, ihre Produkte und Dienste sowie nicht zuletzt dadurch, wie das...\" \/>\n<meta property=\"og:url\" content=\"https:\/\/akerstroms.se\/de\/nachhaltigkeit\/\" \/>\n<meta property=\"og:site_name\" content=\"\u00c5kerstr\u00f6ms Bj\u00f6rbo\" \/>\n<meta property=\"article:publisher\" content=\"https:\/\/www.facebook.com\/akerstroms.se\" \/>\n<meta property=\"article:modified_time\" content=\"2024-06-11T09:02:32+00:00\" \/>\n<meta property=\"og:image\" content=\"https:\/\/akerstroms.se\/app\/uploads\/2021\/09\/Akerstroms-remote-controls.jpg\" \/>\n\t<meta property=\"og:image:width\" content=\"1200\" \/>\n\t<meta property=\"og:image:height\" content=\"675\" \/>\n\t<meta property=\"og:image:type\" content=\"image\/jpeg\" \/>\n<meta name=\"twitter:card\" content=\"summary_large_image\" \/>\n<meta name=\"twitter:label1\" content=\"Gesch\u00e4tzte Lesezeit\" \/>\n\t<meta name=\"twitter:data1\" content=\"2\u00a0Minuten\" \/>\n<script type=\"application\/ld+json\" class=\"yoast-schema-graph\">{\"@context\":\"https:\\\/\\\/schema.org\",\"@graph\":[{\"@type\":\"WebPage\",\"@id\":\"https:\\\/\\\/akerstroms.se\\\/de\\\/nachhaltigkeit\\\/\",\"url\":\"https:\\\/\\\/akerstroms.se\\\/de\\\/nachhaltigkeit\\\/\",\"name\":\"Nachhaltigkeit - \u00c5kerstr\u00f6ms Bj\u00f6rbo\",\"isPartOf\":{\"@id\":\"https:\\\/\\\/akerstroms.se\\\/#website\"},\"datePublished\":\"2021-10-12T11:52:34+00:00\",\"dateModified\":\"2024-06-11T09:02:32+00:00\",\"breadcrumb\":{\"@id\":\"https:\\\/\\\/akerstroms.se\\\/de\\\/nachhaltigkeit\\\/#breadcrumb\"},\"inLanguage\":\"de\",\"potentialAction\":[{\"@type\":\"ReadAction\",\"target\":[\"https:\\\/\\\/akerstroms.se\\\/de\\\/nachhaltigkeit\\\/\"]}]},{\"@type\":\"BreadcrumbList\",\"@id\":\"https:\\\/\\\/akerstroms.se\\\/de\\\/nachhaltigkeit\\\/#breadcrumb\",\"itemListElement\":[{\"@type\":\"ListItem\",\"position\":1,\"name\":\"Home\",\"item\":\"https:\\\/\\\/akerstroms.se\\\/de\\\/\"},{\"@type\":\"ListItem\",\"position\":2,\"name\":\"Nachhaltigkeit\"}]},{\"@type\":\"WebSite\",\"@id\":\"https:\\\/\\\/akerstroms.se\\\/#website\",\"url\":\"https:\\\/\\\/akerstroms.se\\\/\",\"name\":\"\u00c5kerstr\u00f6ms Bj\u00f6rbo\",\"description\":\"Radiostyrning f\u00f6r industriella och mobila applikationer\",\"publisher\":{\"@id\":\"https:\\\/\\\/akerstroms.se\\\/#organization\"},\"potentialAction\":[{\"@type\":\"SearchAction\",\"target\":{\"@type\":\"EntryPoint\",\"urlTemplate\":\"https:\\\/\\\/akerstroms.se\\\/?s={search_term_string}\"},\"query-input\":{\"@type\":\"PropertyValueSpecification\",\"valueRequired\":true,\"valueName\":\"search_term_string\"}}],\"inLanguage\":\"de\"},{\"@type\":\"Organization\",\"@id\":\"https:\\\/\\\/akerstroms.se\\\/#organization\",\"name\":\"\u00c5kerstr\u00f6ms AB\",\"url\":\"https:\\\/\\\/akerstroms.se\\\/\",\"logo\":{\"@type\":\"ImageObject\",\"inLanguage\":\"de\",\"@id\":\"https:\\\/\\\/akerstroms.se\\\/#\\\/schema\\\/logo\\\/image\\\/\",\"url\":\"https:\\\/\\\/akerstroms.se\\\/app\\\/uploads\\\/2021\\\/10\\\/akerstroms-logo.png\",\"contentUrl\":\"https:\\\/\\\/akerstroms.se\\\/app\\\/uploads\\\/2021\\\/10\\\/akerstroms-logo.png\",\"width\":400,\"height\":86,\"caption\":\"\u00c5kerstr\u00f6ms AB\"},\"image\":{\"@id\":\"https:\\\/\\\/akerstroms.se\\\/#\\\/schema\\\/logo\\\/image\\\/\"},\"sameAs\":[\"https:\\\/\\\/www.facebook.com\\\/akerstroms.se\",\"https:\\\/\\\/www.linkedin.com\\\/company\\\/akerstroms\\\/\",\"https:\\\/\\\/www.youtube.com\\\/channel\\\/UC8S-jX9nA8c9qBaTlgqg1CQ\"]}]}<\/script>\n<!-- \/ Yoast SEO plugin. -->","yoast_head_json":{"title":"Nachhaltigkeit - \u00c5kerstr\u00f6ms Bj\u00f6rbo","robots":{"index":"index","follow":"follow","max-snippet":"max-snippet:-1","max-image-preview":"max-image-preview:large","max-video-preview":"max-video-preview:-1"},"canonical":"https:\/\/akerstroms.se\/de\/nachhaltigkeit\/","og_locale":"de_DE","og_type":"article","og_title":"Nachhaltigkeit - \u00c5kerstr\u00f6ms Bj\u00f6rbo","og_description":"Gemeinsam werden wir nachhaltig Alle Unternehmen haben Auswirkungen auf die Gesellschaft \u2013 durch ihr Gesch\u00e4ftsmodell, ihre Produkte und Dienste sowie nicht zuletzt dadurch, wie das...","og_url":"https:\/\/akerstroms.se\/de\/nachhaltigkeit\/","og_site_name":"\u00c5kerstr\u00f6ms Bj\u00f6rbo","article_publisher":"https:\/\/www.facebook.com\/akerstroms.se","article_modified_time":"2024-06-11T09:02:32+00:00","og_image":[{"width":1200,"height":675,"url":"https:\/\/akerstroms.se\/app\/uploads\/2021\/09\/Akerstroms-remote-controls.jpg","type":"image\/jpeg"}],"twitter_card":"summary_large_image","twitter_misc":{"Gesch\u00e4tzte Lesezeit":"2\u00a0Minuten"},"schema":{"@context":"https:\/\/schema.org","@graph":[{"@type":"WebPage","@id":"https:\/\/akerstroms.se\/de\/nachhaltigkeit\/","url":"https:\/\/akerstroms.se\/de\/nachhaltigkeit\/","name":"Nachhaltigkeit - \u00c5kerstr\u00f6ms Bj\u00f6rbo","isPartOf":{"@id":"https:\/\/akerstroms.se\/#website"},"datePublished":"2021-10-12T11:52:34+00:00","dateModified":"2024-06-11T09:02:32+00:00","breadcrumb":{"@id":"https:\/\/akerstroms.se\/de\/nachhaltigkeit\/#breadcrumb"},"inLanguage":"de","potentialAction":[{"@type":"ReadAction","target":["https:\/\/akerstroms.se\/de\/nachhaltigkeit\/"]}]},{"@type":"BreadcrumbList","@id":"https:\/\/akerstroms.se\/de\/nachhaltigkeit\/#breadcrumb","itemListElement":[{"@type":"ListItem","position":1,"name":"Home","item":"https:\/\/akerstroms.se\/de\/"},{"@type":"ListItem","position":2,"name":"Nachhaltigkeit"}]},{"@type":"WebSite","@id":"https:\/\/akerstroms.se\/#website","url":"https:\/\/akerstroms.se\/","name":"\u00c5kerstr\u00f6ms Bj\u00f6rbo","description":"Radiostyrning f\u00f6r industriella och mobila applikationer","publisher":{"@id":"https:\/\/akerstroms.se\/#organization"},"potentialAction":[{"@type":"SearchAction","target":{"@type":"EntryPoint","urlTemplate":"https:\/\/akerstroms.se\/?s={search_term_string}"},"query-input":{"@type":"PropertyValueSpecification","valueRequired":true,"valueName":"search_term_string"}}],"inLanguage":"de"},{"@type":"Organization","@id":"https:\/\/akerstroms.se\/#organization","name":"\u00c5kerstr\u00f6ms AB","url":"https:\/\/akerstroms.se\/","logo":{"@type":"ImageObject","inLanguage":"de","@id":"https:\/\/akerstroms.se\/#\/schema\/logo\/image\/","url":"https:\/\/akerstroms.se\/app\/uploads\/2021\/10\/akerstroms-logo.png","contentUrl":"https:\/\/akerstroms.se\/app\/uploads\/2021\/10\/akerstroms-logo.png","width":400,"height":86,"caption":"\u00c5kerstr\u00f6ms AB"},"image":{"@id":"https:\/\/akerstroms.se\/#\/schema\/logo\/image\/"},"sameAs":["https:\/\/www.facebook.com\/akerstroms.se","https:\/\/www.linkedin.com\/company\/akerstroms\/","https:\/\/www.youtube.com\/channel\/UC8S-jX9nA8c9qBaTlgqg1CQ"]}]}},"_links":{"self":[{"href":"https:\/\/akerstroms.se\/de\/wp-json\/wp\/v2\/pages\/11769","targetHints":{"allow":["GET"]}}],"collection":[{"href":"https:\/\/akerstroms.se\/de\/wp-json\/wp\/v2\/pages"}],"about":[{"href":"https:\/\/akerstroms.se\/de\/wp-json\/wp\/v2\/types\/page"}],"author":[{"embeddable":true,"href":"https:\/\/akerstroms.se\/de\/wp-json\/wp\/v2\/users\/1"}],"replies":[{"embeddable":true,"href":"https:\/\/akerstroms.se\/de\/wp-json\/wp\/v2\/comments?post=11769"}],"version-history":[{"count":27,"href":"https:\/\/akerstroms.se\/de\/wp-json\/wp\/v2\/pages\/11769\/revisions"}],"predecessor-version":[{"id":20572,"href":"https:\/\/akerstroms.se\/de\/wp-json\/wp\/v2\/pages\/11769\/revisions\/20572"}],"wp:attachment":[{"href":"https:\/\/akerstroms.se\/de\/wp-json\/wp\/v2\/media?parent=11769"}],"curies":[{"name":"wp","href":"https:\/\/api.w.org\/{rel}","templated":true}]}}