{"id":11745,"date":"2021-10-12T13:48:40","date_gmt":"2021-10-12T11:48:40","guid":{"rendered":"https:\/\/akerstroms.se\/effektiv-och-palitlig-radiostyrning-foer-pallhantering\/"},"modified":"2021-10-20T19:50:34","modified_gmt":"2021-10-20T17:50:34","slug":"effiziente-und-zuverlassige-funksteuerung-fur-das-palettenhandling","status":"publish","type":"page","link":"https:\/\/akerstroms.se\/de\/effiziente-und-zuverlassige-funksteuerung-fur-das-palettenhandling\/","title":{"rendered":"Effiziente und zuverl\u00e4ssige Funksteuerung f\u00fcr das Palettenhandling"},"content":{"rendered":"<section class=\"hero alignfull tone \" style=\"background-image: url(https:\/\/akerstroms.se\/app\/uploads\/2021\/08\/eab-kundcase_sesam.jpg);\">\r\n        <div class=\"hero__text container\">\r\n        <h1 class=\"hero__title\"><strong>Effiziente<\/strong> und zuverl\u00e4ssige Funksteuerung f\u00fcr das <strong>Palettenhandling<\/strong><\/h1>\r\n            <\/div>\r\n<\/section>\r\n\n\n\n<div style=\"height:60px\" aria-hidden=\"true\" class=\"wp-block-spacer\"><\/div>\n\n\n\n<p>Das 1957 gegr\u00fcndete schwedische Familienunternehmen <a href=\"http:\/\/www.eab.se\" target=\"_blank\" rel=\"noreferrer noopener\">EAB<\/a> konstruiert, produziert und montiert Lagereinrichtungen, Tore und Stahlbauten, die speziell an den Kundenbedarf angepasst sind. Es hat seinen Sitz in Sm\u00e5landsstenar, wo auch die gesamte Konstruktion, Produktion und Entwicklung stattfindet. EAB ist heute auf dem gesamten Weltmarkt aktiv. \u00c5kerstr\u00f6ms arbeitet seit 1989 mit EAB zusammen \u2013 inzwischen also schon \u00fcber 30 Jahre.<\/p>\n\n\n\n<blockquote class=\"wp-block-quote is-layout-flow wp-block-quote-is-layout-flow\"><p>\u201eWir pflegen seit \u00fcber 30 Jahren eine solide und enge Zusammenarbeit \u2013 und diese dauert weiter an\u201c, sagt Andreas Hedstr\u00f6m, der f\u00fcr die Betreuung von EAB verantwortlich ist. \u201eJetzt blicken wir in die Zukunft und pr\u00fcfen den kommenden Bedarf hinsichtlich einer Steuerung der n\u00e4chsten Generation \u2013 nat\u00fcrlich gemeinsam mit EAB\u201c, berichtet Andreas. Er f\u00fcgt hinzu, dass es eine der St\u00e4rken von \u00c5kerstr\u00f6ms ist, eng mit Kunden zusammenzuarbeiten und auf Bed\u00fcrfnisse und W\u00fcnsche einzugehen.<\/p><cite>Andreas Hedstr\u00f6m, Kundenbetreuer bei \u00c5kerstr\u00f6ms<\/cite><\/blockquote>\n\n\n\n<p><a href=\"https:\/\/www.eab.se\/produkt\/radioshuttle\/\" target=\"_blank\" rel=\"noreferrer noopener\">Radioshuttle<\/a>\u2122 ist das patentierte System von EAB f\u00fcr effizientes Volumenmanagement von Paletten in Einfahr-\/Durchfahrregalen. Im Gegensatz zu anderen Einfahr-\/Durchfahrregalen, bei denen man mit dem Stapler in die Regale hineinfahren muss, l\u00e4sst man hier den Radioshuttle\u2122 von EAB die gew\u00fcnschte Palette herausholen oder abstellen. Das System erlaubt es, das Lagervolumen maximal auszunutzen, in allen Temperaturzonen von -30&nbsp;\u00b0C bis +40&nbsp;\u00b0C. 2017 brachte EAB die sechste Generation von Radioshuttle\u2122 auf den Markt \u2013 ein Erfolg, der auf der gesammelten Erfahrung aus weltweit \u00fcber 1.200 Installationen aufbaut.<\/p>\n\n\n\n<p>Radioshuttle\u2122 von EAB arbeitet drahtlos und wird mithilfe eines Funksenders von \u00c5kerstr\u00f6ms gesteuert, der sich im Stapler befindet. Es handelt sich dabei um eine angepasste Variante des Systems Sesam 6000 von \u00c5kerstr\u00f6ms. Ein und derselbe Funksender kann dabei mehrere Maschinen steuern. Der Stapler muss daher nicht bereitstehen und auf die Maschine warten, sondern kann nach Belieben an anderer Stelle eingesetzt werden, was eine gute Staplerauslastung erm\u00f6glicht.<\/p>\n\n\n\n<blockquote class=\"wp-block-quote is-layout-flow wp-block-quote-is-layout-flow\"><p>\u201e1990 brachte EAB seinen ersten Radioshuttle\u2122 heraus, damals unter dem Namen Maxipacker. Die Maschine erwies sich als Erfolg beim Lagermanagement\u201c, berichtet Christer Larsson, Techniker bei EAB, der seit 40 Jahren bei dem Unternehmen arbeitet. Christer war von Beginn an der Entwicklung des Radioshuttle\u2122 von EAB und der Anpassung der Funksteuerung von \u00c5kerstr\u00f6ms beteiligt.<br>Aus seiner langj\u00e4hrigen Erfahrung heraus konstatiert Christer, dass sich die Funksteuerung von \u00c5kerstr\u00f6ms mit einer Brechstange vergleichen l\u00e4sst: Sie ist verl\u00e4sslich, einfach anzuwenden und funktioniert immer.<\/p><cite>Christer Larsson, Techniker bei EAB<\/cite><\/blockquote>\n\n\n\n<p>In der Niederlassung von EAB in Sm\u00e5landsstenar finden sich auch weitere Funksteuerungsl\u00f6sungen von \u00c5kerstr\u00f6ms. Zum \u00d6ffnen und Schlie\u00dfen der Tore wird das praktische System <a href=\"https:\/\/akerstroms.se\/de\/produkter-tjaenster\/sesam\/\">Sesam 800<\/a> eingesetzt und bei mehreren der Traversen nutzt man das robuste System <a href=\"https:\/\/akerstroms.se\/de\/produkter-tjaenster\/remotus\/\">Remotus<\/a>.<\/p>\n\n\n\n<div style=\"height:30px\" aria-hidden=\"true\" class=\"wp-block-spacer\"><\/div>\n\n\n<section class=\"slider\">\r\n    <div class=\"glide\">\r\n        <div class=\"glide__track\" data-glide-el=\"track\">\r\n            <div class=\"glide__slides\">\r\n                                    <div class=\"glide__slide\">\r\n                        <img decoding=\"async\" src=\"https:\/\/akerstroms.se\/app\/uploads\/2021\/08\/eab-kundcase.jpg\" alt=\"\">\r\n                    <\/div>\r\n                                    <div class=\"glide__slide\">\r\n                        <img decoding=\"async\" src=\"https:\/\/akerstroms.se\/app\/uploads\/2021\/08\/IMG_2741_LO.jpg\" alt=\"\">\r\n                    <\/div>\r\n                                    <div class=\"glide__slide\">\r\n                        <img decoding=\"async\" src=\"https:\/\/akerstroms.se\/app\/uploads\/2021\/08\/IMG_2745_LO.jpg\" alt=\"\">\r\n                    <\/div>\r\n                                    <div class=\"glide__slide\">\r\n                        <img decoding=\"async\" src=\"https:\/\/akerstroms.se\/app\/uploads\/2021\/08\/IMG_2734_LO.jpg\" alt=\"\">\r\n                    <\/div>\r\n                            <\/div>\r\n        <\/div>\r\n        <div class=\"controls flex-row-wrapper\" data-glide-el=\"controls\">\r\n            <button class=\"btn prev\" data-glide-dir=\"&lt;\"><i class=\"far fa-angle-left\"><\/i><\/button>\r\n            <button class=\"btn next\" data-glide-dir=\"&gt;\"><i class=\"far fa-angle-right\"><\/i><\/button>\r\n        <\/div>\r\n    <\/div>\r\n<\/section>\r\n\n\n\n<div style=\"height:75px\" aria-hidden=\"true\" class=\"wp-block-spacer\"><\/div>\n","protected":false},"excerpt":{"rendered":"<p>Das 1957 gegr\u00fcndete schwedische Familienunternehmen EAB konstruiert, produziert und montiert Lagereinrichtungen, Tore und Stahlbauten, die speziell an den Kundenbedarf angepasst sind. Es hat seinen Sitz&#8230;<\/p>\n","protected":false},"author":7,"featured_media":0,"parent":0,"menu_order":0,"comment_status":"closed","ping_status":"closed","template":"","meta":{"_acf_changed":false,"footnotes":""},"class_list":["post-11745","page","type-page","status-publish","hentry"],"acf":[],"yoast_head":"<!-- This site is optimized with the Yoast SEO plugin v27.4 - https:\/\/yoast.com\/product\/yoast-seo-wordpress\/ -->\n<title>Effiziente und zuverl\u00e4ssige Funksteuerung f\u00fcr das Palettenhandling - \u00c5kerstr\u00f6ms Bj\u00f6rbo<\/title>\n<meta name=\"robots\" content=\"index, follow, max-snippet:-1, max-image-preview:large, max-video-preview:-1\" \/>\n<link rel=\"canonical\" href=\"https:\/\/akerstroms.se\/de\/effiziente-und-zuverlassige-funksteuerung-fur-das-palettenhandling\/\" \/>\n<meta property=\"og:locale\" content=\"de_DE\" \/>\n<meta property=\"og:type\" content=\"article\" \/>\n<meta property=\"og:title\" content=\"Effiziente und zuverl\u00e4ssige Funksteuerung f\u00fcr das Palettenhandling - \u00c5kerstr\u00f6ms Bj\u00f6rbo\" \/>\n<meta property=\"og:description\" content=\"Das 1957 gegr\u00fcndete schwedische Familienunternehmen EAB konstruiert, produziert und montiert Lagereinrichtungen, Tore und Stahlbauten, die speziell an den Kundenbedarf angepasst sind. Es hat seinen Sitz...\" \/>\n<meta property=\"og:url\" content=\"https:\/\/akerstroms.se\/de\/effiziente-und-zuverlassige-funksteuerung-fur-das-palettenhandling\/\" \/>\n<meta property=\"og:site_name\" content=\"\u00c5kerstr\u00f6ms Bj\u00f6rbo\" \/>\n<meta property=\"article:publisher\" content=\"https:\/\/www.facebook.com\/akerstroms.se\" \/>\n<meta property=\"article:modified_time\" content=\"2021-10-20T17:50:34+00:00\" \/>\n<meta property=\"og:image\" content=\"https:\/\/akerstroms.se\/app\/uploads\/2021\/09\/Akerstroms-remote-controls.jpg\" \/>\n\t<meta property=\"og:image:width\" content=\"1200\" \/>\n\t<meta property=\"og:image:height\" content=\"675\" \/>\n\t<meta property=\"og:image:type\" content=\"image\/jpeg\" \/>\n<meta name=\"twitter:card\" content=\"summary_large_image\" \/>\n<meta name=\"twitter:label1\" content=\"Gesch\u00e4tzte Lesezeit\" \/>\n\t<meta name=\"twitter:data1\" content=\"2\u00a0Minuten\" \/>\n<script type=\"application\/ld+json\" class=\"yoast-schema-graph\">{\"@context\":\"https:\\\/\\\/schema.org\",\"@graph\":[{\"@type\":\"WebPage\",\"@id\":\"https:\\\/\\\/akerstroms.se\\\/de\\\/effiziente-und-zuverlassige-funksteuerung-fur-das-palettenhandling\\\/\",\"url\":\"https:\\\/\\\/akerstroms.se\\\/de\\\/effiziente-und-zuverlassige-funksteuerung-fur-das-palettenhandling\\\/\",\"name\":\"Effiziente und zuverl\u00e4ssige Funksteuerung f\u00fcr das Palettenhandling - \u00c5kerstr\u00f6ms Bj\u00f6rbo\",\"isPartOf\":{\"@id\":\"https:\\\/\\\/akerstroms.se\\\/#website\"},\"datePublished\":\"2021-10-12T11:48:40+00:00\",\"dateModified\":\"2021-10-20T17:50:34+00:00\",\"breadcrumb\":{\"@id\":\"https:\\\/\\\/akerstroms.se\\\/de\\\/effiziente-und-zuverlassige-funksteuerung-fur-das-palettenhandling\\\/#breadcrumb\"},\"inLanguage\":\"de\",\"potentialAction\":[{\"@type\":\"ReadAction\",\"target\":[\"https:\\\/\\\/akerstroms.se\\\/de\\\/effiziente-und-zuverlassige-funksteuerung-fur-das-palettenhandling\\\/\"]}]},{\"@type\":\"BreadcrumbList\",\"@id\":\"https:\\\/\\\/akerstroms.se\\\/de\\\/effiziente-und-zuverlassige-funksteuerung-fur-das-palettenhandling\\\/#breadcrumb\",\"itemListElement\":[{\"@type\":\"ListItem\",\"position\":1,\"name\":\"Home\",\"item\":\"https:\\\/\\\/akerstroms.se\\\/de\\\/\"},{\"@type\":\"ListItem\",\"position\":2,\"name\":\"Effiziente und zuverl\u00e4ssige Funksteuerung f\u00fcr das Palettenhandling\"}]},{\"@type\":\"WebSite\",\"@id\":\"https:\\\/\\\/akerstroms.se\\\/#website\",\"url\":\"https:\\\/\\\/akerstroms.se\\\/\",\"name\":\"\u00c5kerstr\u00f6ms Bj\u00f6rbo\",\"description\":\"Radiostyrning f\u00f6r industriella och mobila applikationer\",\"publisher\":{\"@id\":\"https:\\\/\\\/akerstroms.se\\\/#organization\"},\"potentialAction\":[{\"@type\":\"SearchAction\",\"target\":{\"@type\":\"EntryPoint\",\"urlTemplate\":\"https:\\\/\\\/akerstroms.se\\\/?s={search_term_string}\"},\"query-input\":{\"@type\":\"PropertyValueSpecification\",\"valueRequired\":true,\"valueName\":\"search_term_string\"}}],\"inLanguage\":\"de\"},{\"@type\":\"Organization\",\"@id\":\"https:\\\/\\\/akerstroms.se\\\/#organization\",\"name\":\"\u00c5kerstr\u00f6ms AB\",\"url\":\"https:\\\/\\\/akerstroms.se\\\/\",\"logo\":{\"@type\":\"ImageObject\",\"inLanguage\":\"de\",\"@id\":\"https:\\\/\\\/akerstroms.se\\\/#\\\/schema\\\/logo\\\/image\\\/\",\"url\":\"https:\\\/\\\/akerstroms.se\\\/app\\\/uploads\\\/2021\\\/10\\\/akerstroms-logo.png\",\"contentUrl\":\"https:\\\/\\\/akerstroms.se\\\/app\\\/uploads\\\/2021\\\/10\\\/akerstroms-logo.png\",\"width\":400,\"height\":86,\"caption\":\"\u00c5kerstr\u00f6ms AB\"},\"image\":{\"@id\":\"https:\\\/\\\/akerstroms.se\\\/#\\\/schema\\\/logo\\\/image\\\/\"},\"sameAs\":[\"https:\\\/\\\/www.facebook.com\\\/akerstroms.se\",\"https:\\\/\\\/www.linkedin.com\\\/company\\\/akerstroms\\\/\",\"https:\\\/\\\/www.youtube.com\\\/channel\\\/UC8S-jX9nA8c9qBaTlgqg1CQ\"]}]}<\/script>\n<!-- \/ Yoast SEO plugin. -->","yoast_head_json":{"title":"Effiziente und zuverl\u00e4ssige Funksteuerung f\u00fcr das Palettenhandling - \u00c5kerstr\u00f6ms Bj\u00f6rbo","robots":{"index":"index","follow":"follow","max-snippet":"max-snippet:-1","max-image-preview":"max-image-preview:large","max-video-preview":"max-video-preview:-1"},"canonical":"https:\/\/akerstroms.se\/de\/effiziente-und-zuverlassige-funksteuerung-fur-das-palettenhandling\/","og_locale":"de_DE","og_type":"article","og_title":"Effiziente und zuverl\u00e4ssige Funksteuerung f\u00fcr das Palettenhandling - \u00c5kerstr\u00f6ms Bj\u00f6rbo","og_description":"Das 1957 gegr\u00fcndete schwedische Familienunternehmen EAB konstruiert, produziert und montiert Lagereinrichtungen, Tore und Stahlbauten, die speziell an den Kundenbedarf angepasst sind. Es hat seinen Sitz...","og_url":"https:\/\/akerstroms.se\/de\/effiziente-und-zuverlassige-funksteuerung-fur-das-palettenhandling\/","og_site_name":"\u00c5kerstr\u00f6ms Bj\u00f6rbo","article_publisher":"https:\/\/www.facebook.com\/akerstroms.se","article_modified_time":"2021-10-20T17:50:34+00:00","og_image":[{"width":1200,"height":675,"url":"https:\/\/akerstroms.se\/app\/uploads\/2021\/09\/Akerstroms-remote-controls.jpg","type":"image\/jpeg"}],"twitter_card":"summary_large_image","twitter_misc":{"Gesch\u00e4tzte Lesezeit":"2\u00a0Minuten"},"schema":{"@context":"https:\/\/schema.org","@graph":[{"@type":"WebPage","@id":"https:\/\/akerstroms.se\/de\/effiziente-und-zuverlassige-funksteuerung-fur-das-palettenhandling\/","url":"https:\/\/akerstroms.se\/de\/effiziente-und-zuverlassige-funksteuerung-fur-das-palettenhandling\/","name":"Effiziente und zuverl\u00e4ssige Funksteuerung f\u00fcr das Palettenhandling - \u00c5kerstr\u00f6ms Bj\u00f6rbo","isPartOf":{"@id":"https:\/\/akerstroms.se\/#website"},"datePublished":"2021-10-12T11:48:40+00:00","dateModified":"2021-10-20T17:50:34+00:00","breadcrumb":{"@id":"https:\/\/akerstroms.se\/de\/effiziente-und-zuverlassige-funksteuerung-fur-das-palettenhandling\/#breadcrumb"},"inLanguage":"de","potentialAction":[{"@type":"ReadAction","target":["https:\/\/akerstroms.se\/de\/effiziente-und-zuverlassige-funksteuerung-fur-das-palettenhandling\/"]}]},{"@type":"BreadcrumbList","@id":"https:\/\/akerstroms.se\/de\/effiziente-und-zuverlassige-funksteuerung-fur-das-palettenhandling\/#breadcrumb","itemListElement":[{"@type":"ListItem","position":1,"name":"Home","item":"https:\/\/akerstroms.se\/de\/"},{"@type":"ListItem","position":2,"name":"Effiziente und zuverl\u00e4ssige Funksteuerung f\u00fcr das Palettenhandling"}]},{"@type":"WebSite","@id":"https:\/\/akerstroms.se\/#website","url":"https:\/\/akerstroms.se\/","name":"\u00c5kerstr\u00f6ms Bj\u00f6rbo","description":"Radiostyrning f\u00f6r industriella och mobila applikationer","publisher":{"@id":"https:\/\/akerstroms.se\/#organization"},"potentialAction":[{"@type":"SearchAction","target":{"@type":"EntryPoint","urlTemplate":"https:\/\/akerstroms.se\/?s={search_term_string}"},"query-input":{"@type":"PropertyValueSpecification","valueRequired":true,"valueName":"search_term_string"}}],"inLanguage":"de"},{"@type":"Organization","@id":"https:\/\/akerstroms.se\/#organization","name":"\u00c5kerstr\u00f6ms AB","url":"https:\/\/akerstroms.se\/","logo":{"@type":"ImageObject","inLanguage":"de","@id":"https:\/\/akerstroms.se\/#\/schema\/logo\/image\/","url":"https:\/\/akerstroms.se\/app\/uploads\/2021\/10\/akerstroms-logo.png","contentUrl":"https:\/\/akerstroms.se\/app\/uploads\/2021\/10\/akerstroms-logo.png","width":400,"height":86,"caption":"\u00c5kerstr\u00f6ms AB"},"image":{"@id":"https:\/\/akerstroms.se\/#\/schema\/logo\/image\/"},"sameAs":["https:\/\/www.facebook.com\/akerstroms.se","https:\/\/www.linkedin.com\/company\/akerstroms\/","https:\/\/www.youtube.com\/channel\/UC8S-jX9nA8c9qBaTlgqg1CQ"]}]}},"_links":{"self":[{"href":"https:\/\/akerstroms.se\/de\/wp-json\/wp\/v2\/pages\/11745","targetHints":{"allow":["GET"]}}],"collection":[{"href":"https:\/\/akerstroms.se\/de\/wp-json\/wp\/v2\/pages"}],"about":[{"href":"https:\/\/akerstroms.se\/de\/wp-json\/wp\/v2\/types\/page"}],"author":[{"embeddable":true,"href":"https:\/\/akerstroms.se\/de\/wp-json\/wp\/v2\/users\/7"}],"replies":[{"embeddable":true,"href":"https:\/\/akerstroms.se\/de\/wp-json\/wp\/v2\/comments?post=11745"}],"version-history":[{"count":8,"href":"https:\/\/akerstroms.se\/de\/wp-json\/wp\/v2\/pages\/11745\/revisions"}],"predecessor-version":[{"id":13207,"href":"https:\/\/akerstroms.se\/de\/wp-json\/wp\/v2\/pages\/11745\/revisions\/13207"}],"wp:attachment":[{"href":"https:\/\/akerstroms.se\/de\/wp-json\/wp\/v2\/media?parent=11745"}],"curies":[{"name":"wp","href":"https:\/\/api.w.org\/{rel}","templated":true}]}}