{"id":11741,"date":"2021-10-12T13:47:44","date_gmt":"2021-10-12T11:47:44","guid":{"rendered":"https:\/\/akerstroms.se\/certifieringar\/"},"modified":"2024-06-11T11:09:51","modified_gmt":"2024-06-11T09:09:51","slug":"zertifizierungen","status":"publish","type":"page","link":"https:\/\/akerstroms.se\/de\/zertifizierungen\/","title":{"rendered":"Zertifizierungen"},"content":{"rendered":"<section class=\"hero alignfull tone \" style=\"background-image: url(https:\/\/akerstroms.se\/app\/uploads\/2021\/09\/riktning.jpg);\">\r\n        <div class=\"hero__text container\">\r\n        <h1 class=\"hero__title\">Wir sind ein <strong>zertifiziertes<\/strong> Unternehmen<\/h1>\r\n                    <p class=\"hero__excerpt\">Um den Erwartungen unserer Kunden, Lieferanten und Mitarbeiter gerecht zu werden, arbeiten wir systematisch an Qualit\u00e4t, Umwelt und kontinuierlichen Verbesserungen. Als Beweis f\u00fcr unser Engagement sind wir durch die Multisite-Zertifizierung von Allgon AB, zu der auch \u00c5kerstr\u00f6ms Bj\u00f6rbo AB geh\u00f6rt, nach ISO 9001:2015 und ISO 14001:2015 ISO-zertifiziert.<\/p>\r\n            <\/div>\r\n<\/section>\r\n\n\n\n<div style=\"height:60px\" aria-hidden=\"true\" class=\"wp-block-spacer\"><\/div>\n\n\n\n<h1 class=\"wp-block-heading\" id=\"h-zertifizierungen\">Zertifizierungen<\/h1>\n\n\n\n<p>Um den Erwartungen unserer Kunden, Lieferanten und Mitarbeiter gerecht zu werden, arbeiten wir systematisch an Qualit\u00e4t, Umwelt und kontinuierlichen Verbesserungen. Als Beweis f\u00fcr unser Engagement sind wir durch die Multisite-Zertifizierung von Allgon AB, zu der auch \u00c5kerstr\u00f6ms Bj\u00f6rbo AB geh\u00f6rt, nach ISO 9001:2015 und ISO 14001:2015 ISO-zertifiziert.<\/p>\n\n\n\n<p>Die Zertifizierung bedeutet, dass unser Managementsystem, einschlie\u00dflich unserer Prozesse und Arbeitsmethoden, nach dem ISO-Standard zugelassen ist. Um den Erwartungen und Anforderungen der Au\u00dfenwelt gerecht zu werden, wird das Managementsystem kontinuierlich verbessert und durch regelm\u00e4\u00dfige interne und externe Audits \u00fcberpr\u00fcft, um die Qualit\u00e4t sicherzustellen und die Umweltauswirkungen unserer Dienstleistungen zu minimieren.<\/p>\n\n\n\n<div class=\"wp-block-file\"><a id=\"wp-block-file--media-c2e71db3-3893-4f7b-86e8-d2081b4f9efc\" href=\"https:\/\/akerstroms.se\/app\/uploads\/2024\/06\/Allgon-AB-Certificate-SE009776-2-9k-2024.pdf\" target=\"_blank\" rel=\"noreferrer noopener\">Zertifikat ISO 9001:2015<\/a><\/div>\n\n\n\n<div class=\"wp-block-file\"><a id=\"wp-block-file--media-5c387ec3-e7d7-4b1f-99cf-6d92b344041e\" href=\"https:\/\/akerstroms.se\/app\/uploads\/2024\/06\/Allgon-AB-Certificate-SE009777-2-14k-2024.pdf\" target=\"_blank\" rel=\"noreferrer noopener\">Zertifikat ISO 14001:2015<\/a><\/div>\n\n\n\n<div style=\"height:30px\" aria-hidden=\"true\" class=\"wp-block-spacer\"><\/div>\n\n\n\n<p><\/p>\n","protected":false},"excerpt":{"rendered":"<p>Zertifizierungen Um den Erwartungen unserer Kunden, Lieferanten und Mitarbeiter gerecht zu werden, arbeiten wir systematisch an Qualit\u00e4t, Umwelt und kontinuierlichen Verbesserungen. Als Beweis f\u00fcr unser&#8230;<\/p>\n","protected":false},"author":1,"featured_media":0,"parent":0,"menu_order":0,"comment_status":"closed","ping_status":"closed","template":"templates\/page-text-page.php","meta":{"_acf_changed":false,"footnotes":""},"class_list":["post-11741","page","type-page","status-publish","hentry"],"acf":[],"yoast_head":"<!-- This site is optimized with the Yoast SEO plugin v27.4 - https:\/\/yoast.com\/product\/yoast-seo-wordpress\/ -->\n<title>Zertifizierungen - \u00c5kerstr\u00f6ms Bj\u00f6rbo<\/title>\n<meta name=\"robots\" content=\"index, follow, max-snippet:-1, max-image-preview:large, max-video-preview:-1\" \/>\n<link rel=\"canonical\" href=\"https:\/\/akerstroms.se\/de\/zertifizierungen\/\" \/>\n<meta property=\"og:locale\" content=\"de_DE\" \/>\n<meta property=\"og:type\" content=\"article\" \/>\n<meta property=\"og:title\" content=\"Zertifizierungen - \u00c5kerstr\u00f6ms Bj\u00f6rbo\" \/>\n<meta property=\"og:description\" content=\"Zertifizierungen Um den Erwartungen unserer Kunden, Lieferanten und Mitarbeiter gerecht zu werden, arbeiten wir systematisch an Qualit\u00e4t, Umwelt und kontinuierlichen Verbesserungen. Als Beweis f\u00fcr unser...\" \/>\n<meta property=\"og:url\" content=\"https:\/\/akerstroms.se\/de\/zertifizierungen\/\" \/>\n<meta property=\"og:site_name\" content=\"\u00c5kerstr\u00f6ms Bj\u00f6rbo\" \/>\n<meta property=\"article:publisher\" content=\"https:\/\/www.facebook.com\/akerstroms.se\" \/>\n<meta property=\"article:modified_time\" content=\"2024-06-11T09:09:51+00:00\" \/>\n<meta property=\"og:image\" content=\"https:\/\/akerstroms.se\/app\/uploads\/2021\/09\/Akerstroms-remote-controls.jpg\" \/>\n\t<meta property=\"og:image:width\" content=\"1200\" \/>\n\t<meta property=\"og:image:height\" content=\"675\" \/>\n\t<meta property=\"og:image:type\" content=\"image\/jpeg\" \/>\n<meta name=\"twitter:card\" content=\"summary_large_image\" \/>\n<meta name=\"twitter:label1\" content=\"Gesch\u00e4tzte Lesezeit\" \/>\n\t<meta name=\"twitter:data1\" content=\"1\u00a0Minute\" \/>\n<script type=\"application\/ld+json\" class=\"yoast-schema-graph\">{\"@context\":\"https:\\\/\\\/schema.org\",\"@graph\":[{\"@type\":\"WebPage\",\"@id\":\"https:\\\/\\\/akerstroms.se\\\/de\\\/zertifizierungen\\\/\",\"url\":\"https:\\\/\\\/akerstroms.se\\\/de\\\/zertifizierungen\\\/\",\"name\":\"Zertifizierungen - \u00c5kerstr\u00f6ms Bj\u00f6rbo\",\"isPartOf\":{\"@id\":\"https:\\\/\\\/akerstroms.se\\\/#website\"},\"datePublished\":\"2021-10-12T11:47:44+00:00\",\"dateModified\":\"2024-06-11T09:09:51+00:00\",\"breadcrumb\":{\"@id\":\"https:\\\/\\\/akerstroms.se\\\/de\\\/zertifizierungen\\\/#breadcrumb\"},\"inLanguage\":\"de\",\"potentialAction\":[{\"@type\":\"ReadAction\",\"target\":[\"https:\\\/\\\/akerstroms.se\\\/de\\\/zertifizierungen\\\/\"]}]},{\"@type\":\"BreadcrumbList\",\"@id\":\"https:\\\/\\\/akerstroms.se\\\/de\\\/zertifizierungen\\\/#breadcrumb\",\"itemListElement\":[{\"@type\":\"ListItem\",\"position\":1,\"name\":\"Home\",\"item\":\"https:\\\/\\\/akerstroms.se\\\/de\\\/\"},{\"@type\":\"ListItem\",\"position\":2,\"name\":\"Zertifizierungen\"}]},{\"@type\":\"WebSite\",\"@id\":\"https:\\\/\\\/akerstroms.se\\\/#website\",\"url\":\"https:\\\/\\\/akerstroms.se\\\/\",\"name\":\"\u00c5kerstr\u00f6ms Bj\u00f6rbo\",\"description\":\"Radiostyrning f\u00f6r industriella och mobila applikationer\",\"publisher\":{\"@id\":\"https:\\\/\\\/akerstroms.se\\\/#organization\"},\"potentialAction\":[{\"@type\":\"SearchAction\",\"target\":{\"@type\":\"EntryPoint\",\"urlTemplate\":\"https:\\\/\\\/akerstroms.se\\\/?s={search_term_string}\"},\"query-input\":{\"@type\":\"PropertyValueSpecification\",\"valueRequired\":true,\"valueName\":\"search_term_string\"}}],\"inLanguage\":\"de\"},{\"@type\":\"Organization\",\"@id\":\"https:\\\/\\\/akerstroms.se\\\/#organization\",\"name\":\"\u00c5kerstr\u00f6ms AB\",\"url\":\"https:\\\/\\\/akerstroms.se\\\/\",\"logo\":{\"@type\":\"ImageObject\",\"inLanguage\":\"de\",\"@id\":\"https:\\\/\\\/akerstroms.se\\\/#\\\/schema\\\/logo\\\/image\\\/\",\"url\":\"https:\\\/\\\/akerstroms.se\\\/app\\\/uploads\\\/2021\\\/10\\\/akerstroms-logo.png\",\"contentUrl\":\"https:\\\/\\\/akerstroms.se\\\/app\\\/uploads\\\/2021\\\/10\\\/akerstroms-logo.png\",\"width\":400,\"height\":86,\"caption\":\"\u00c5kerstr\u00f6ms AB\"},\"image\":{\"@id\":\"https:\\\/\\\/akerstroms.se\\\/#\\\/schema\\\/logo\\\/image\\\/\"},\"sameAs\":[\"https:\\\/\\\/www.facebook.com\\\/akerstroms.se\",\"https:\\\/\\\/www.linkedin.com\\\/company\\\/akerstroms\\\/\",\"https:\\\/\\\/www.youtube.com\\\/channel\\\/UC8S-jX9nA8c9qBaTlgqg1CQ\"]}]}<\/script>\n<!-- \/ Yoast SEO plugin. -->","yoast_head_json":{"title":"Zertifizierungen - \u00c5kerstr\u00f6ms Bj\u00f6rbo","robots":{"index":"index","follow":"follow","max-snippet":"max-snippet:-1","max-image-preview":"max-image-preview:large","max-video-preview":"max-video-preview:-1"},"canonical":"https:\/\/akerstroms.se\/de\/zertifizierungen\/","og_locale":"de_DE","og_type":"article","og_title":"Zertifizierungen - \u00c5kerstr\u00f6ms Bj\u00f6rbo","og_description":"Zertifizierungen Um den Erwartungen unserer Kunden, Lieferanten und Mitarbeiter gerecht zu werden, arbeiten wir systematisch an Qualit\u00e4t, Umwelt und kontinuierlichen Verbesserungen. Als Beweis f\u00fcr unser...","og_url":"https:\/\/akerstroms.se\/de\/zertifizierungen\/","og_site_name":"\u00c5kerstr\u00f6ms Bj\u00f6rbo","article_publisher":"https:\/\/www.facebook.com\/akerstroms.se","article_modified_time":"2024-06-11T09:09:51+00:00","og_image":[{"width":1200,"height":675,"url":"https:\/\/akerstroms.se\/app\/uploads\/2021\/09\/Akerstroms-remote-controls.jpg","type":"image\/jpeg"}],"twitter_card":"summary_large_image","twitter_misc":{"Gesch\u00e4tzte Lesezeit":"1\u00a0Minute"},"schema":{"@context":"https:\/\/schema.org","@graph":[{"@type":"WebPage","@id":"https:\/\/akerstroms.se\/de\/zertifizierungen\/","url":"https:\/\/akerstroms.se\/de\/zertifizierungen\/","name":"Zertifizierungen - \u00c5kerstr\u00f6ms Bj\u00f6rbo","isPartOf":{"@id":"https:\/\/akerstroms.se\/#website"},"datePublished":"2021-10-12T11:47:44+00:00","dateModified":"2024-06-11T09:09:51+00:00","breadcrumb":{"@id":"https:\/\/akerstroms.se\/de\/zertifizierungen\/#breadcrumb"},"inLanguage":"de","potentialAction":[{"@type":"ReadAction","target":["https:\/\/akerstroms.se\/de\/zertifizierungen\/"]}]},{"@type":"BreadcrumbList","@id":"https:\/\/akerstroms.se\/de\/zertifizierungen\/#breadcrumb","itemListElement":[{"@type":"ListItem","position":1,"name":"Home","item":"https:\/\/akerstroms.se\/de\/"},{"@type":"ListItem","position":2,"name":"Zertifizierungen"}]},{"@type":"WebSite","@id":"https:\/\/akerstroms.se\/#website","url":"https:\/\/akerstroms.se\/","name":"\u00c5kerstr\u00f6ms Bj\u00f6rbo","description":"Radiostyrning f\u00f6r industriella och mobila applikationer","publisher":{"@id":"https:\/\/akerstroms.se\/#organization"},"potentialAction":[{"@type":"SearchAction","target":{"@type":"EntryPoint","urlTemplate":"https:\/\/akerstroms.se\/?s={search_term_string}"},"query-input":{"@type":"PropertyValueSpecification","valueRequired":true,"valueName":"search_term_string"}}],"inLanguage":"de"},{"@type":"Organization","@id":"https:\/\/akerstroms.se\/#organization","name":"\u00c5kerstr\u00f6ms AB","url":"https:\/\/akerstroms.se\/","logo":{"@type":"ImageObject","inLanguage":"de","@id":"https:\/\/akerstroms.se\/#\/schema\/logo\/image\/","url":"https:\/\/akerstroms.se\/app\/uploads\/2021\/10\/akerstroms-logo.png","contentUrl":"https:\/\/akerstroms.se\/app\/uploads\/2021\/10\/akerstroms-logo.png","width":400,"height":86,"caption":"\u00c5kerstr\u00f6ms AB"},"image":{"@id":"https:\/\/akerstroms.se\/#\/schema\/logo\/image\/"},"sameAs":["https:\/\/www.facebook.com\/akerstroms.se","https:\/\/www.linkedin.com\/company\/akerstroms\/","https:\/\/www.youtube.com\/channel\/UC8S-jX9nA8c9qBaTlgqg1CQ"]}]}},"_links":{"self":[{"href":"https:\/\/akerstroms.se\/de\/wp-json\/wp\/v2\/pages\/11741","targetHints":{"allow":["GET"]}}],"collection":[{"href":"https:\/\/akerstroms.se\/de\/wp-json\/wp\/v2\/pages"}],"about":[{"href":"https:\/\/akerstroms.se\/de\/wp-json\/wp\/v2\/types\/page"}],"author":[{"embeddable":true,"href":"https:\/\/akerstroms.se\/de\/wp-json\/wp\/v2\/users\/1"}],"replies":[{"embeddable":true,"href":"https:\/\/akerstroms.se\/de\/wp-json\/wp\/v2\/comments?post=11741"}],"version-history":[{"count":15,"href":"https:\/\/akerstroms.se\/de\/wp-json\/wp\/v2\/pages\/11741\/revisions"}],"predecessor-version":[{"id":20577,"href":"https:\/\/akerstroms.se\/de\/wp-json\/wp\/v2\/pages\/11741\/revisions\/20577"}],"wp:attachment":[{"href":"https:\/\/akerstroms.se\/de\/wp-json\/wp\/v2\/media?parent=11741"}],"curies":[{"name":"wp","href":"https:\/\/api.w.org\/{rel}","templated":true}]}}