{"id":11720,"date":"2021-10-12T13:45:13","date_gmt":"2021-10-12T11:45:13","guid":{"rendered":"https:\/\/akerstroms.se\/akerstroems\/"},"modified":"2024-01-04T15:39:26","modified_gmt":"2024-01-04T14:39:26","slug":"akerstroems","status":"publish","type":"page","link":"https:\/\/akerstroms.se\/de\/akerstroems\/","title":{"rendered":"\u00c5kerstr\u00f6ms"},"content":{"rendered":"<section class=\"hero alignfull tone \" style=\"background-image: url(https:\/\/akerstroms.se\/app\/uploads\/2021\/06\/flygfoto-bjorbo-1600-px-150-dpi.jpg);\">\r\n        <div class=\"hero__text container\">\r\n        <h1 class=\"hero__title\">Ein <strong>kleines<\/strong> Unternehmen mit <strong>gro\u00dfer<\/strong> Mission<\/h1>\r\n                    <p class=\"hero__excerpt\">Seit \u00fcber 100 Jahren steht \u00c5kerstr\u00f6ms f\u00fcr einen Service, der weit \u00fcber das \u00dcbliche hinausgeht. Wir entwickeln Produkte und Dienste, die auf die Anforderungen des Umfelds und zuk\u00fcnftige M\u00f6glichkeiten zugeschnitten sind. Mit unseren sicheren und robusten Funksteuerungssystemen geben wir unseren Kunden Kontrolle und Sicherheit rund um ihre Arbeit. Man bringt uns gro\u00dfes Vertrauen entgegen, das wir zu verwalten und weiter auszubauen haben.<\/p>\r\n            <\/div>\r\n<\/section>\r\n\n\n\n<div style=\"height:30px\" aria-hidden=\"true\" class=\"wp-block-spacer\"><\/div>\n\n\n\n<h2 class=\"wp-block-heading has-text-align-center\" id=\"h-uber-akerstroms\">\u00dcber \u00c5kerstr\u00f6ms<\/h2>\n\n\n\n<p class=\"has-text-align-center\">\u00c5kerstr\u00f6ms ist davon \u00fcberzeugt, dass Kreativit\u00e4t der Ausgangspunkt f\u00fcr bahnbrechende Innovationen ist. In \u00fcber 100 Jahren hat es sich gezeigt, dass dies einen wichtigen Teil unseres Angebots darstellt. Das gilt f\u00fcr jedes Produkt und jeden Dienst, bei dem Nachhaltigkeit, Zuverl\u00e4ssigkeit und Sicherheit entscheidend f\u00fcr sowohl Produktivit\u00e4t als auch Menschenleben sind.<\/p>\n\n\n\n<p class=\"has-text-align-center\">Wir sind \u00fcberzeugt davon, dass unsere Kompetenz im Bereich <a href=\"https:\/\/akerstroms.se\/de\/produktubersicht\/\">Funksteuerung<\/a> und <a href=\"https:\/\/akerstroms.se\/de\/produkte-dienste\/vernetzte-dienste\/\">digitaler Dienste<\/a> f\u00fcr industrielle Prozesse letztlich den Unterschied zwischen Betriebszeit und Stillstandszeiten sowie zwischen leichteren Zwischenf\u00e4llen und Unf\u00e4llen ausmacht. Das ist etwas, das wir jedem Kunden bieten, unabh\u00e4ngig von Gr\u00f6\u00dfe, Branche oder Einsatzbereich.<\/p>\n\n\n\n<p class=\"has-text-align-center\">Dies ist die Basis unserer Marktposition und damit unser Versprechen an Sie.<\/p>\n\n\n\n<p class=\"has-text-align-center\"><\/p>\n\n\n\n<div style=\"height:30px\" aria-hidden=\"true\" class=\"wp-block-spacer\"><\/div>\n\n\n\n<div style=\"height:40px\" aria-hidden=\"true\" class=\"wp-block-spacer\"><\/div>\n\n\n    <section class=\"linkables container\" data-color=\"gray\">\r\n                    <div class=\"linkables__block flex-row-wrapper\" id=\"\">\r\n                <div class=\"linkables__block__img\">\r\n                                        <img decoding=\"async\" src=\"https:\/\/akerstroms.se\/app\/uploads\/2023\/08\/Bakground_3406_web-1.jpg\" alt=\"\">\r\n                <\/div>\r\n                <div class=\"linkables__block__text\">\r\n                    <h3 class=\"linkables__block__title\">Unsere Werte<\/h3>\r\n                    <p class=\"linkables__block__excerpt\">Unsere Werte leiten uns in unserer t\u00e4glichen Arbeit, pr\u00e4gen unsere Unternehmenskultur und verdeutlichen alle unsere Aufgaben.<\/p>\r\n                                            <a class=\"linkables__block__button button button--primary\" href=\"https:\/\/akerstroms.se\/de\/werte\/\" title=\"Unsere Werte\" target=\"\">\r\n                            Unsere Werte                        <\/a>\r\n                                    <\/div>\r\n            <\/div>\r\n                    <div class=\"linkables__block flex-row-wrapper\" id=\"\">\r\n                <div class=\"linkables__block__img\">\r\n                                        <img decoding=\"async\" src=\"https:\/\/akerstroms.se\/app\/uploads\/2021\/05\/IMG_2763-scaled.jpg\" alt=\"\">\r\n                <\/div>\r\n                <div class=\"linkables__block__text\">\r\n                    <h3 class=\"linkables__block__title\">Geschichte<\/h3>\r\n                    <p class=\"linkables__block__excerpt\">Unser Unternehmen gibt es bereits seit 1918.<\/p>\r\n                                            <a class=\"linkables__block__button button button--primary\" href=\"https:\/\/akerstroms.se\/de\/Geschichte\/\" title=\"Geschichte\" target=\"\">\r\n                            Geschichte                        <\/a>\r\n                                    <\/div>\r\n            <\/div>\r\n                    <div class=\"linkables__block flex-row-wrapper\" id=\"\">\r\n                <div class=\"linkables__block__img\">\r\n                                        <img decoding=\"async\" src=\"https:\/\/akerstroms.se\/app\/uploads\/2024\/01\/Allgon-web-eng.png\" alt=\"Allgon\">\r\n                <\/div>\r\n                <div class=\"linkables__block__text\">\r\n                    <h3 class=\"linkables__block__title\">Ein Allgon Unternehmen<\/h3>\r\n                    <p class=\"linkables__block__excerpt\">Seit 2016 sind wir Teil der Allgon Gruppe.<\/p>\r\n                                            <a class=\"linkables__block__button button button--primary\" href=\"https:\/\/allgon.com\/\" title=\"Allgon\" target=\"_blank\">\r\n                            Allgon                        <\/a>\r\n                                    <\/div>\r\n            <\/div>\r\n            <\/section>\r\n\n\n\n<div class=\"wp-block-columns is-layout-flex wp-container-core-columns-is-layout-9d6595d7 wp-block-columns-is-layout-flex\">\n<div class=\"wp-block-column is-layout-flow wp-block-column-is-layout-flow\"><\/div>\n\n\n\n<div class=\"wp-block-column is-layout-flow wp-block-column-is-layout-flow\"><\/div>\n<\/div>\n\n\n\n<div class=\"wp-block-cover alignfull is-light\"><span aria-hidden=\"true\" class=\"wp-block-cover__background has-gray-background-color has-background-dim-100 has-background-dim\"><\/span><div class=\"wp-block-cover__inner-container is-layout-flow wp-block-cover-is-layout-flow\">\n<div style=\"height:50px\" aria-hidden=\"true\" class=\"wp-block-spacer\"><\/div>\n\n\n\n<h2 class=\"wp-block-heading has-text-align-center has-orange-color has-text-color\" id=\"h-mochten-sie-bei-uns-arbeiten\">M\u00f6chten Sie bei uns arbeiten?<\/h2>\n\n\n\n<p class=\"has-text-align-center has-black-color has-text-color\"><strong>M\u00f6chten Sie in einem authentischen und entwicklungsf\u00f6rdernden Umfeld arbeiten?<br>M\u00f6chten Sie Ihren Beitrag dazu leisten, unsere Kunden auf einem zukunftstr\u00e4chtigen Weg zu unterst\u00fctzen? Werden Sie Teil unseres Teams.<br>Erfahren Sie mehr \u00fcber unseren aktuellen Stellenbedarf und laden Sie Ihren Lebenslauf hoch, dann melden wir uns!<\/strong><\/p>\n\n\n\n<div style=\"height:30px\" aria-hidden=\"true\" class=\"wp-block-spacer\"><\/div>\n\n\n\n<div class=\"wp-block-columns is-layout-flex wp-container-core-columns-is-layout-9d6595d7 wp-block-columns-is-layout-flex\">\n<div class=\"wp-block-column is-layout-flow wp-block-column-is-layout-flow\"><a class=\"imagelink\" href=\"https:\/\/socialrecruiting.jobtip.se\/mjukvaruutvecklare%20inom%20molntj%C3%A4nster%20till%20%C3%85kerstr%C3%B6ms\" title=\"Verf\u00fcgbare Positionen\" target=\"\">\r\n            <img decoding=\"async\" class=\"imagelink__image\" src=\"https:\/\/akerstroms.se\/app\/uploads\/2023\/06\/Madde-and-Daniel-assemblers-540x360.jpg\" alt=\"\">\r\n            <h2 class=\"imagelink__title\">Verf\u00fcgbare Positionen<\/h2>\r\n    <\/a>\r\n<\/div>\n\n\n\n<div class=\"wp-block-column is-layout-flow wp-block-column-is-layout-flow\"><a class=\"imagelink\" href=\"https:\/\/akerstroms.se\/de\/kontakt\/lebenslauf-einreichen\/\" title=\"Lebenslauf einreichen\" target=\"\">\r\n            <img decoding=\"async\" class=\"imagelink__image\" src=\"https:\/\/akerstroms.se\/app\/uploads\/2023\/06\/Bakground_3380-540x810.jpg\" alt=\"\">\r\n            <h2 class=\"imagelink__title\">Lebenslauf einreichen<\/h2>\r\n    <\/a>\r\n<\/div>\n<\/div>\n\n\n\n<div style=\"height:50px\" aria-hidden=\"true\" class=\"wp-block-spacer\"><\/div>\n<\/div><\/div>\n\n\n\n<div class=\"wp-block-cover alignfull is-light\"><span aria-hidden=\"true\" class=\"wp-block-cover__background has-background-dim-100 has-background-dim\" style=\"background-color:#ef7f00\"><\/span><div class=\"wp-block-cover__inner-container is-layout-flow wp-block-cover-is-layout-flow\">\n<h2 class=\"wp-block-heading has-text-align-center has-black-color has-text-color\" id=\"h-haben-sie-fragen-schreiben-sie-uns\">Haben Sie <strong>Fragen?<\/strong><br>Schreiben Sie uns<\/h2>\n\n\n\n<div style=\"height:20px\" aria-hidden=\"true\" class=\"wp-block-spacer\"><\/div>\n\n\n\n<div class=\"wp-block-buttons is-horizontal is-content-justification-center is-layout-flex wp-container-core-buttons-is-layout-499968f5 wp-block-buttons-is-layout-flex\">\n<div class=\"wp-block-button is-style-fill\"><a class=\"wp-block-button__link has-white-color has-black-background-color has-text-color has-background wp-element-button\" href=\"https:\/\/akerstroms.se\/de\/kontakt-2\/\" style=\"border-radius:3px\">KONTAKTIEREN SIE UNS<\/a><\/div>\n<\/div>\n<\/div><\/div>\n","protected":false},"excerpt":{"rendered":"<p>\u00dcber \u00c5kerstr\u00f6ms \u00c5kerstr\u00f6ms ist davon \u00fcberzeugt, dass Kreativit\u00e4t der Ausgangspunkt f\u00fcr bahnbrechende Innovationen ist. In \u00fcber 100 Jahren hat es sich gezeigt, dass dies einen&#8230;<\/p>\n","protected":false},"author":1,"featured_media":0,"parent":0,"menu_order":0,"comment_status":"closed","ping_status":"closed","template":"","meta":{"_acf_changed":false,"footnotes":""},"class_list":["post-11720","page","type-page","status-publish","hentry"],"acf":[],"yoast_head":"<!-- This site is optimized with the Yoast SEO plugin v27.4 - https:\/\/yoast.com\/product\/yoast-seo-wordpress\/ -->\n<title>\u00c5kerstr\u00f6ms - \u00c5kerstr\u00f6ms Bj\u00f6rbo<\/title>\n<meta name=\"description\" content=\"Wir entwickeln Funksteuerungen f\u00fcr die Industrie sowie Dienste, die an den Bedarf unserer Kunden angepasst sind. Die Branche vertraut uns seit \u00fcber 100 Jahren.\" \/>\n<meta name=\"robots\" content=\"index, follow, max-snippet:-1, max-image-preview:large, max-video-preview:-1\" \/>\n<link rel=\"canonical\" href=\"https:\/\/akerstroms.se\/de\/akerstroems\/\" \/>\n<meta property=\"og:locale\" content=\"de_DE\" \/>\n<meta property=\"og:type\" content=\"article\" \/>\n<meta property=\"og:title\" content=\"\u00c5kerstr\u00f6ms - \u00c5kerstr\u00f6ms Bj\u00f6rbo\" \/>\n<meta property=\"og:description\" content=\"Wir entwickeln Funksteuerungen f\u00fcr die Industrie sowie Dienste, die an den Bedarf unserer Kunden angepasst sind. Die Branche vertraut uns seit \u00fcber 100 Jahren.\" \/>\n<meta property=\"og:url\" content=\"https:\/\/akerstroms.se\/de\/akerstroems\/\" \/>\n<meta property=\"og:site_name\" content=\"\u00c5kerstr\u00f6ms Bj\u00f6rbo\" \/>\n<meta property=\"article:publisher\" content=\"https:\/\/www.facebook.com\/akerstroms.se\" \/>\n<meta property=\"article:modified_time\" content=\"2024-01-04T14:39:26+00:00\" \/>\n<meta property=\"og:image\" content=\"https:\/\/akerstroms.se\/app\/uploads\/2021\/03\/flygfoto-bjorbo-1600-px-e1624975715703.jpg\" \/>\n<meta name=\"twitter:card\" content=\"summary_large_image\" \/>\n<meta name=\"twitter:label1\" content=\"Gesch\u00e4tzte Lesezeit\" \/>\n\t<meta name=\"twitter:data1\" content=\"1\u00a0Minute\" \/>\n<script type=\"application\/ld+json\" class=\"yoast-schema-graph\">{\"@context\":\"https:\\\/\\\/schema.org\",\"@graph\":[{\"@type\":\"WebPage\",\"@id\":\"https:\\\/\\\/akerstroms.se\\\/de\\\/akerstroems\\\/\",\"url\":\"https:\\\/\\\/akerstroms.se\\\/de\\\/akerstroems\\\/\",\"name\":\"\u00c5kerstr\u00f6ms - \u00c5kerstr\u00f6ms Bj\u00f6rbo\",\"isPartOf\":{\"@id\":\"https:\\\/\\\/akerstroms.se\\\/#website\"},\"datePublished\":\"2021-10-12T11:45:13+00:00\",\"dateModified\":\"2024-01-04T14:39:26+00:00\",\"description\":\"Wir entwickeln Funksteuerungen f\u00fcr die Industrie sowie Dienste, die an den Bedarf unserer Kunden angepasst sind. Die Branche vertraut uns seit \u00fcber 100 Jahren.\",\"breadcrumb\":{\"@id\":\"https:\\\/\\\/akerstroms.se\\\/de\\\/akerstroems\\\/#breadcrumb\"},\"inLanguage\":\"de\",\"potentialAction\":[{\"@type\":\"ReadAction\",\"target\":[\"https:\\\/\\\/akerstroms.se\\\/de\\\/akerstroems\\\/\"]}]},{\"@type\":\"BreadcrumbList\",\"@id\":\"https:\\\/\\\/akerstroms.se\\\/de\\\/akerstroems\\\/#breadcrumb\",\"itemListElement\":[{\"@type\":\"ListItem\",\"position\":1,\"name\":\"Home\",\"item\":\"https:\\\/\\\/akerstroms.se\\\/de\\\/\"},{\"@type\":\"ListItem\",\"position\":2,\"name\":\"\u00c5kerstr\u00f6ms\"}]},{\"@type\":\"WebSite\",\"@id\":\"https:\\\/\\\/akerstroms.se\\\/#website\",\"url\":\"https:\\\/\\\/akerstroms.se\\\/\",\"name\":\"\u00c5kerstr\u00f6ms Bj\u00f6rbo\",\"description\":\"Radiostyrning f\u00f6r industriella och mobila applikationer\",\"publisher\":{\"@id\":\"https:\\\/\\\/akerstroms.se\\\/#organization\"},\"potentialAction\":[{\"@type\":\"SearchAction\",\"target\":{\"@type\":\"EntryPoint\",\"urlTemplate\":\"https:\\\/\\\/akerstroms.se\\\/?s={search_term_string}\"},\"query-input\":{\"@type\":\"PropertyValueSpecification\",\"valueRequired\":true,\"valueName\":\"search_term_string\"}}],\"inLanguage\":\"de\"},{\"@type\":\"Organization\",\"@id\":\"https:\\\/\\\/akerstroms.se\\\/#organization\",\"name\":\"\u00c5kerstr\u00f6ms AB\",\"url\":\"https:\\\/\\\/akerstroms.se\\\/\",\"logo\":{\"@type\":\"ImageObject\",\"inLanguage\":\"de\",\"@id\":\"https:\\\/\\\/akerstroms.se\\\/#\\\/schema\\\/logo\\\/image\\\/\",\"url\":\"https:\\\/\\\/akerstroms.se\\\/app\\\/uploads\\\/2021\\\/10\\\/akerstroms-logo.png\",\"contentUrl\":\"https:\\\/\\\/akerstroms.se\\\/app\\\/uploads\\\/2021\\\/10\\\/akerstroms-logo.png\",\"width\":400,\"height\":86,\"caption\":\"\u00c5kerstr\u00f6ms AB\"},\"image\":{\"@id\":\"https:\\\/\\\/akerstroms.se\\\/#\\\/schema\\\/logo\\\/image\\\/\"},\"sameAs\":[\"https:\\\/\\\/www.facebook.com\\\/akerstroms.se\",\"https:\\\/\\\/www.linkedin.com\\\/company\\\/akerstroms\\\/\",\"https:\\\/\\\/www.youtube.com\\\/channel\\\/UC8S-jX9nA8c9qBaTlgqg1CQ\"]}]}<\/script>\n<!-- \/ Yoast SEO plugin. -->","yoast_head_json":{"title":"\u00c5kerstr\u00f6ms - \u00c5kerstr\u00f6ms Bj\u00f6rbo","description":"Wir entwickeln Funksteuerungen f\u00fcr die Industrie sowie Dienste, die an den Bedarf unserer Kunden angepasst sind. Die Branche vertraut uns seit \u00fcber 100 Jahren.","robots":{"index":"index","follow":"follow","max-snippet":"max-snippet:-1","max-image-preview":"max-image-preview:large","max-video-preview":"max-video-preview:-1"},"canonical":"https:\/\/akerstroms.se\/de\/akerstroems\/","og_locale":"de_DE","og_type":"article","og_title":"\u00c5kerstr\u00f6ms - \u00c5kerstr\u00f6ms Bj\u00f6rbo","og_description":"Wir entwickeln Funksteuerungen f\u00fcr die Industrie sowie Dienste, die an den Bedarf unserer Kunden angepasst sind. Die Branche vertraut uns seit \u00fcber 100 Jahren.","og_url":"https:\/\/akerstroms.se\/de\/akerstroems\/","og_site_name":"\u00c5kerstr\u00f6ms Bj\u00f6rbo","article_publisher":"https:\/\/www.facebook.com\/akerstroms.se","article_modified_time":"2024-01-04T14:39:26+00:00","og_image":[{"url":"https:\/\/akerstroms.se\/app\/uploads\/2021\/03\/flygfoto-bjorbo-1600-px-e1624975715703.jpg","type":"","width":"","height":""}],"twitter_card":"summary_large_image","twitter_misc":{"Gesch\u00e4tzte Lesezeit":"1\u00a0Minute"},"schema":{"@context":"https:\/\/schema.org","@graph":[{"@type":"WebPage","@id":"https:\/\/akerstroms.se\/de\/akerstroems\/","url":"https:\/\/akerstroms.se\/de\/akerstroems\/","name":"\u00c5kerstr\u00f6ms - \u00c5kerstr\u00f6ms Bj\u00f6rbo","isPartOf":{"@id":"https:\/\/akerstroms.se\/#website"},"datePublished":"2021-10-12T11:45:13+00:00","dateModified":"2024-01-04T14:39:26+00:00","description":"Wir entwickeln Funksteuerungen f\u00fcr die Industrie sowie Dienste, die an den Bedarf unserer Kunden angepasst sind. Die Branche vertraut uns seit \u00fcber 100 Jahren.","breadcrumb":{"@id":"https:\/\/akerstroms.se\/de\/akerstroems\/#breadcrumb"},"inLanguage":"de","potentialAction":[{"@type":"ReadAction","target":["https:\/\/akerstroms.se\/de\/akerstroems\/"]}]},{"@type":"BreadcrumbList","@id":"https:\/\/akerstroms.se\/de\/akerstroems\/#breadcrumb","itemListElement":[{"@type":"ListItem","position":1,"name":"Home","item":"https:\/\/akerstroms.se\/de\/"},{"@type":"ListItem","position":2,"name":"\u00c5kerstr\u00f6ms"}]},{"@type":"WebSite","@id":"https:\/\/akerstroms.se\/#website","url":"https:\/\/akerstroms.se\/","name":"\u00c5kerstr\u00f6ms Bj\u00f6rbo","description":"Radiostyrning f\u00f6r industriella och mobila applikationer","publisher":{"@id":"https:\/\/akerstroms.se\/#organization"},"potentialAction":[{"@type":"SearchAction","target":{"@type":"EntryPoint","urlTemplate":"https:\/\/akerstroms.se\/?s={search_term_string}"},"query-input":{"@type":"PropertyValueSpecification","valueRequired":true,"valueName":"search_term_string"}}],"inLanguage":"de"},{"@type":"Organization","@id":"https:\/\/akerstroms.se\/#organization","name":"\u00c5kerstr\u00f6ms AB","url":"https:\/\/akerstroms.se\/","logo":{"@type":"ImageObject","inLanguage":"de","@id":"https:\/\/akerstroms.se\/#\/schema\/logo\/image\/","url":"https:\/\/akerstroms.se\/app\/uploads\/2021\/10\/akerstroms-logo.png","contentUrl":"https:\/\/akerstroms.se\/app\/uploads\/2021\/10\/akerstroms-logo.png","width":400,"height":86,"caption":"\u00c5kerstr\u00f6ms AB"},"image":{"@id":"https:\/\/akerstroms.se\/#\/schema\/logo\/image\/"},"sameAs":["https:\/\/www.facebook.com\/akerstroms.se","https:\/\/www.linkedin.com\/company\/akerstroms\/","https:\/\/www.youtube.com\/channel\/UC8S-jX9nA8c9qBaTlgqg1CQ"]}]}},"_links":{"self":[{"href":"https:\/\/akerstroms.se\/de\/wp-json\/wp\/v2\/pages\/11720","targetHints":{"allow":["GET"]}}],"collection":[{"href":"https:\/\/akerstroms.se\/de\/wp-json\/wp\/v2\/pages"}],"about":[{"href":"https:\/\/akerstroms.se\/de\/wp-json\/wp\/v2\/types\/page"}],"author":[{"embeddable":true,"href":"https:\/\/akerstroms.se\/de\/wp-json\/wp\/v2\/users\/1"}],"replies":[{"embeddable":true,"href":"https:\/\/akerstroms.se\/de\/wp-json\/wp\/v2\/comments?post=11720"}],"version-history":[{"count":34,"href":"https:\/\/akerstroms.se\/de\/wp-json\/wp\/v2\/pages\/11720\/revisions"}],"predecessor-version":[{"id":19572,"href":"https:\/\/akerstroms.se\/de\/wp-json\/wp\/v2\/pages\/11720\/revisions\/19572"}],"wp:attachment":[{"href":"https:\/\/akerstroms.se\/de\/wp-json\/wp\/v2\/media?parent=11720"}],"curies":[{"name":"wp","href":"https:\/\/api.w.org\/{rel}","templated":true}]}}