{"id":11229,"date":"2021-10-05T15:29:40","date_gmt":"2021-10-05T13:29:40","guid":{"rendered":"https:\/\/akerstroms.se\/ovako-rustet-alle-tore-mit-sesam-aus\/"},"modified":"2025-11-06T13:22:24","modified_gmt":"2025-11-06T12:22:24","slug":"ovako-rustet-alle-tore-mit-sesam-aus","status":"publish","type":"page","link":"https:\/\/akerstroms.se\/de\/ovako-rustet-alle-tore-mit-sesam-aus\/","title":{"rendered":"Ovako r\u00fcstet alle Tore mit Sesam aus"},"content":{"rendered":"<section class=\"hero alignfull  \" style=\"background-image: url(https:\/\/akerstroms.se\/app\/uploads\/2021\/08\/ovako-hofors-web-e1630420932611.jpg);\">\r\n        <div class=\"hero__text container\">\r\n        <h1 class=\"hero__title\"><strong>Zuverl\u00e4ssiges<\/strong> Sesam-System \u00f6ffnet die Tore f\u00fcr Ovako in Hofors<\/h1>\r\n                    <a class=\"hero__btn button button--tertiary button--large\" href=\"https:\/\/akerstroms.se\/de\/turen-tore-und-schranken\/\" target=\"_blank\">Erfahren Sie hier mehr \u00fcber unser Sesam-System<\/a>\r\n            <\/div>\r\n<\/section>\r\n\n\n\n<div style=\"height:60px\" aria-hidden=\"true\" class=\"wp-block-spacer\"><\/div>\n\n\n\n<p>Ovako gr\u00fcndet sich auf 300 Jahre solide skandinavische Expertise im Bereich der Stahlproduktion. Schon im 17. Jahrhundert entstand die Tradition des Eisenschmiedens, die in Hofors ihren Anfang nahm, gefolgt von Boxholm und H\u00e4llefors im 18. Jahrhundert und Smedjebacken im Jahr 1856. Im Laufe der Jahrhunderte wuchsen die Schmieden zu gro\u00dfen Industriest\u00e4tten und wurden schlie\u00dflich Teil der Unternehmen, aus denen sp\u00e4ter das heutige Ovako entstand.<\/p>\n\n\n\n<p>Ovako ist heute ein f\u00fchrender europ\u00e4ischer Hersteller von Baustahl f\u00fcr Kunden in der Kugellager- und Transportindustrie sowie in der verarbeitenden Industrie. Die Produktion basiert auf r\u00fcckgewonnenem Altmetall und umfasst Stangen, Rohre und Vorkomponenten. Ovako ist in \u00fcber 30 L\u00e4ndern vertreten und besitzt Vertriebsniederlassungen in Europa, Nordamerika und Asien. Im gesamten Ovako-Konzern sind ca. 3.000 Personen besch\u00e4ftigt, 1.000 davon in Hofors.<br><\/p>\n\n\n\n<h3 class=\"wp-block-heading\" id=\"h-bevorzugter-lieferant\">Bevorzugter Lieferant<\/h3>\n\n\n\n<p>Schon 1958 wurde \u00c5kerstr\u00f6ms bevorzugter Lieferant f\u00fcr die Schwerindustrie, darunter auch Ovako in Hofors. \u00c5kerstr\u00f6ms besitzt damit seit vielen Jahren das Privileg, Ovako in Hofors Funksteuerungen f\u00fcr Traversen und Kr\u00e4ne sowie verschiedene Steuerungen f\u00fcr Schranken und Maschinen liefern zu d\u00fcrfen. Seit letztem Jahr sind nun auch die Torsteuerungen hinzugekommen.<\/p>\n\n\n\n<h3 class=\"wp-block-heading\" id=\"h-80-industrietore-werden-mit-sesam-gesteuert\">80 Industrietore werden mit Sesam gesteuert<\/h3>\n\n\n\n<p>Vor gut 20 Jahren wurden die ersten Sesam-Systeme bei Ovako in Hofors installiert. Die Systeme wurden zur Steuerung von Zugschranken und verschiedenen Maschinen verwendet. Als sp\u00e4ter das System Sesam 800 auf den Markt kam, wurden die \u00e4lteren Einheiten nach und nach ausgetauscht. F\u00fcr die Tore von Ovako wurde bis zum letzten Jahr die Fernsteuerung eines anderen Herstellers genutzt, bis das Umstellungsprojekt begann, bei dem s\u00e4mtliche Steuerungen durch Sesam 800 ersetzt wurden. Heute werden ca. 80 Industrietore in der Niederlassung mithilfe des Systems Sesam 800 gesteuert, bestehend aus dem Sender Large 99 und einem wandinstallierten Empf\u00e4nger.<\/p>\n\n\n\n<h3 class=\"wp-block-heading\" id=\"h-zahlreiche-anwendungsbereiche\">Zahlreiche Anwendungsbereiche<\/h3>\n\n\n\n<p>Der Einsatzbereich f\u00fcr Sesam hat sich seitdem noch erweitert: Das \u00d6ffnen und Schlie\u00dfen von Ofenklappen ist hinzugekommen und es wird ein sogenanntes Schrottkarussell gesteuert, bei dem abgeschnittene Altmetallteile in unterschiedlichen Kisten landen, die anschlie\u00dfend von Ladern abgeholt werden. F\u00fcr eine flexible und sichere Kontrolle \u00fcber die umfassende Installation und alle Benutzer hat Ovako die Einsatzbereiche eingegrenzt und seine Sender in Gruppen organisiert, wobei eine sogenannte Gruppen-ID* verwendet wird. So ist es einfach m\u00f6glich, einem oder mehreren Benutzern die gezielte Berechtigung zu erteilen, nur ausgew\u00e4hlte Tore oder Maschinen innerhalb eines gewissen Bereichs steuern zu d\u00fcrfen.<\/p>\n\n\n\n<p>An einem Tag Anfang Mai besuchen wir Robin Pussinen, der seit einigen Monaten als Wartungsentwickler bei Ovako in Hofors t\u00e4tig ist, und Lars Jansson, seit 2017 verantwortlich f\u00fcr die Prozesssteuerung. Robin hat zuvor 10 Jahre als Elektrotechniker bei Ovako gearbeitet und Lars begann seine Karriere schon 1988 als Chefelektriker im Walzwerk.<\/p>\n\n\n\n<h3 class=\"wp-block-heading\" id=\"h-eine-spannende-umgebung-mit-actionfilm-touch\">Eine spannende Umgebung mit Actionfilm-Touch<\/h3>\n\n\n\n<p>Wir erhalten eine F\u00fchrung durch die beeindruckende gro\u00dfe Industrieanlage, bei der die Tour in einem v\u00f6llig neu eingerichteten Science Centre beginnt, das f\u00fcr Meetings und Besuche von Kunden, Lieferanten und Externen vorgesehen ist. Dort erleben wir eine moderne Pr\u00e4sentation von Ovako, der Produktion und der Produkte per Film und VR-Technik.<\/p>\n\n\n\n<p>Anschlie\u00dfend wechseln wir dann in die Realit\u00e4t, verk\u00f6rpert durch Stahl- und Walzwerke. Dort schl\u00e4gt uns die W\u00e4rme von geschmolzenem Altmetall entgegen, das gerade verarbeitet wird, um zu Stahl von h\u00f6chster Qualit\u00e4t veredelt zu werden. Die dumpfen Ger\u00e4usche und die Dunkelheit, die von Feuer und Funken des schweren Prozesses erhellt wird, lassen bei uns das spannende Gef\u00fchl aufkommen, in die Welt des Actionfilms Terminator einzutauchen.<br>Oben an der Decke befinden sich massive Traversen und Kr\u00e4ne zum Heben schwerer, hei\u00dfer Beh\u00e4lter und beginnender Stahlkonstruktionen, wobei aber die Bedienperson die schweren Teile leicht und m\u00fchelos mittels unserer Funksteuerung am Boden anhebt, entweder \u00fcber einen Beckengurtsender oder von einem h\u00f6hergelegenen Kontrollraum aus. Beeindruckend!<\/p>\n\n\n\n<h3 class=\"wp-block-heading\" id=\"h-kerstr-ms-ein-sicherer-lieferant\">\u00c5kerstr\u00f6ms, ein sicherer Lieferant<\/h3>\n\n\n\n<p>Danach gehen wir hinaus und Robin zeigt uns eines der Tore, die sich bequem \u00fcber unser System Sesam 800 \u00f6ffnen und schlie\u00dfen lassen. Wir sind nat\u00fcrlich neugierig darauf, warum sich Ovako in Hofors ausgerechnet f\u00fcr \u00c5kerstr\u00f6ms als Lieferanten f\u00fcr seine Torsteuerung entschieden hat.<\/p>\n\n\n\n<blockquote class=\"wp-block-quote is-layout-flow wp-block-quote-is-layout-flow\">\n<p>\u201eWir betrachten Sesam 800 als eine robuste, benutzerfreundliche, sichere und zuverl\u00e4ssige Funksteuerung f\u00fcr unsere Tore und andere Anwendungen in unserem Prozess. Bei der Entscheidung f\u00fcr den Lieferanten der Torsteuerungen fiel die Wahl wie selbstverst\u00e4ndlich auf \u00c5kerstr\u00f6ms, da wir mit ihnen seit Jahren eine gute Zusammenarbeit hinsichtlich der Funksteuerungen f\u00fcr unsere Traversen haben\u201c, sagt Robin.<\/p>\n\n\n\n<p>\u201eDa wir mit Wartung arbeiten, ist der Aftermarket sehr wichtig, und da verschafft uns \u00c5kerstr\u00f6ms eine Sicherheit, die ihrerseits unseren Bedienpersonen Sicherheit verleiht. Wir hoffen, dass unsere Zusammenarbeit noch viele Jahre andauert\u201c, schlie\u00dft Robin.<\/p>\n<cite>Robin Pussinen, Wartungsentwickler, Ovako<\/cite><\/blockquote>\n\n\n\n<div style=\"height:40px\" aria-hidden=\"true\" class=\"wp-block-spacer\"><\/div>\n","protected":false},"excerpt":{"rendered":"<p>Ovako gr\u00fcndet sich auf 300 Jahre solide skandinavische Expertise im Bereich der Stahlproduktion. Schon im 17. Jahrhundert entstand die Tradition des Eisenschmiedens, die in Hofors&#8230;<\/p>\n","protected":false},"author":7,"featured_media":0,"parent":0,"menu_order":0,"comment_status":"closed","ping_status":"closed","template":"","meta":{"_acf_changed":false,"footnotes":""},"class_list":["post-11229","page","type-page","status-publish","hentry"],"acf":[],"yoast_head":"<!-- This site is optimized with the Yoast SEO plugin v27.4 - https:\/\/yoast.com\/product\/yoast-seo-wordpress\/ -->\n<title>Ovako r\u00fcstet alle Tore mit Sesam aus - \u00c5kerstr\u00f6ms Bj\u00f6rbo<\/title>\n<meta name=\"robots\" content=\"index, follow, max-snippet:-1, max-image-preview:large, max-video-preview:-1\" \/>\n<link rel=\"canonical\" href=\"https:\/\/akerstroms.se\/de\/ovako-rustet-alle-tore-mit-sesam-aus\/\" \/>\n<meta property=\"og:locale\" content=\"de_DE\" \/>\n<meta property=\"og:type\" content=\"article\" \/>\n<meta property=\"og:title\" content=\"Ovako r\u00fcstet alle Tore mit Sesam aus - \u00c5kerstr\u00f6ms Bj\u00f6rbo\" \/>\n<meta property=\"og:description\" content=\"Ovako gr\u00fcndet sich auf 300 Jahre solide skandinavische Expertise im Bereich der Stahlproduktion. Schon im 17. Jahrhundert entstand die Tradition des Eisenschmiedens, die in Hofors...\" \/>\n<meta property=\"og:url\" content=\"https:\/\/akerstroms.se\/de\/ovako-rustet-alle-tore-mit-sesam-aus\/\" \/>\n<meta property=\"og:site_name\" content=\"\u00c5kerstr\u00f6ms Bj\u00f6rbo\" \/>\n<meta property=\"article:publisher\" content=\"https:\/\/www.facebook.com\/akerstroms.se\" \/>\n<meta property=\"article:modified_time\" content=\"2025-11-06T12:22:24+00:00\" \/>\n<meta property=\"og:image\" content=\"https:\/\/akerstroms.se\/app\/uploads\/2021\/09\/Akerstroms-remote-controls.jpg\" \/>\n\t<meta property=\"og:image:width\" content=\"1200\" \/>\n\t<meta property=\"og:image:height\" content=\"675\" \/>\n\t<meta property=\"og:image:type\" content=\"image\/jpeg\" \/>\n<meta name=\"twitter:card\" content=\"summary_large_image\" \/>\n<meta name=\"twitter:label1\" content=\"Gesch\u00e4tzte Lesezeit\" \/>\n\t<meta name=\"twitter:data1\" content=\"4\u00a0Minuten\" \/>\n<script type=\"application\/ld+json\" class=\"yoast-schema-graph\">{\"@context\":\"https:\\\/\\\/schema.org\",\"@graph\":[{\"@type\":\"WebPage\",\"@id\":\"https:\\\/\\\/akerstroms.se\\\/de\\\/ovako-rustet-alle-tore-mit-sesam-aus\\\/\",\"url\":\"https:\\\/\\\/akerstroms.se\\\/de\\\/ovako-rustet-alle-tore-mit-sesam-aus\\\/\",\"name\":\"Ovako r\u00fcstet alle Tore mit Sesam aus - \u00c5kerstr\u00f6ms Bj\u00f6rbo\",\"isPartOf\":{\"@id\":\"https:\\\/\\\/akerstroms.se\\\/#website\"},\"datePublished\":\"2021-10-05T13:29:40+00:00\",\"dateModified\":\"2025-11-06T12:22:24+00:00\",\"breadcrumb\":{\"@id\":\"https:\\\/\\\/akerstroms.se\\\/de\\\/ovako-rustet-alle-tore-mit-sesam-aus\\\/#breadcrumb\"},\"inLanguage\":\"de\",\"potentialAction\":[{\"@type\":\"ReadAction\",\"target\":[\"https:\\\/\\\/akerstroms.se\\\/de\\\/ovako-rustet-alle-tore-mit-sesam-aus\\\/\"]}]},{\"@type\":\"BreadcrumbList\",\"@id\":\"https:\\\/\\\/akerstroms.se\\\/de\\\/ovako-rustet-alle-tore-mit-sesam-aus\\\/#breadcrumb\",\"itemListElement\":[{\"@type\":\"ListItem\",\"position\":1,\"name\":\"Home\",\"item\":\"https:\\\/\\\/akerstroms.se\\\/de\\\/\"},{\"@type\":\"ListItem\",\"position\":2,\"name\":\"Ovako r\u00fcstet alle Tore mit Sesam aus\"}]},{\"@type\":\"WebSite\",\"@id\":\"https:\\\/\\\/akerstroms.se\\\/#website\",\"url\":\"https:\\\/\\\/akerstroms.se\\\/\",\"name\":\"\u00c5kerstr\u00f6ms Bj\u00f6rbo\",\"description\":\"Radiostyrning f\u00f6r industriella och mobila applikationer\",\"publisher\":{\"@id\":\"https:\\\/\\\/akerstroms.se\\\/#organization\"},\"potentialAction\":[{\"@type\":\"SearchAction\",\"target\":{\"@type\":\"EntryPoint\",\"urlTemplate\":\"https:\\\/\\\/akerstroms.se\\\/?s={search_term_string}\"},\"query-input\":{\"@type\":\"PropertyValueSpecification\",\"valueRequired\":true,\"valueName\":\"search_term_string\"}}],\"inLanguage\":\"de\"},{\"@type\":\"Organization\",\"@id\":\"https:\\\/\\\/akerstroms.se\\\/#organization\",\"name\":\"\u00c5kerstr\u00f6ms AB\",\"url\":\"https:\\\/\\\/akerstroms.se\\\/\",\"logo\":{\"@type\":\"ImageObject\",\"inLanguage\":\"de\",\"@id\":\"https:\\\/\\\/akerstroms.se\\\/#\\\/schema\\\/logo\\\/image\\\/\",\"url\":\"https:\\\/\\\/akerstroms.se\\\/app\\\/uploads\\\/2021\\\/10\\\/akerstroms-logo.png\",\"contentUrl\":\"https:\\\/\\\/akerstroms.se\\\/app\\\/uploads\\\/2021\\\/10\\\/akerstroms-logo.png\",\"width\":400,\"height\":86,\"caption\":\"\u00c5kerstr\u00f6ms AB\"},\"image\":{\"@id\":\"https:\\\/\\\/akerstroms.se\\\/#\\\/schema\\\/logo\\\/image\\\/\"},\"sameAs\":[\"https:\\\/\\\/www.facebook.com\\\/akerstroms.se\",\"https:\\\/\\\/www.linkedin.com\\\/company\\\/akerstroms\\\/\",\"https:\\\/\\\/www.youtube.com\\\/channel\\\/UC8S-jX9nA8c9qBaTlgqg1CQ\"]}]}<\/script>\n<!-- \/ Yoast SEO plugin. -->","yoast_head_json":{"title":"Ovako r\u00fcstet alle Tore mit Sesam aus - \u00c5kerstr\u00f6ms Bj\u00f6rbo","robots":{"index":"index","follow":"follow","max-snippet":"max-snippet:-1","max-image-preview":"max-image-preview:large","max-video-preview":"max-video-preview:-1"},"canonical":"https:\/\/akerstroms.se\/de\/ovako-rustet-alle-tore-mit-sesam-aus\/","og_locale":"de_DE","og_type":"article","og_title":"Ovako r\u00fcstet alle Tore mit Sesam aus - \u00c5kerstr\u00f6ms Bj\u00f6rbo","og_description":"Ovako gr\u00fcndet sich auf 300 Jahre solide skandinavische Expertise im Bereich der Stahlproduktion. Schon im 17. Jahrhundert entstand die Tradition des Eisenschmiedens, die in Hofors...","og_url":"https:\/\/akerstroms.se\/de\/ovako-rustet-alle-tore-mit-sesam-aus\/","og_site_name":"\u00c5kerstr\u00f6ms Bj\u00f6rbo","article_publisher":"https:\/\/www.facebook.com\/akerstroms.se","article_modified_time":"2025-11-06T12:22:24+00:00","og_image":[{"width":1200,"height":675,"url":"https:\/\/akerstroms.se\/app\/uploads\/2021\/09\/Akerstroms-remote-controls.jpg","type":"image\/jpeg"}],"twitter_card":"summary_large_image","twitter_misc":{"Gesch\u00e4tzte Lesezeit":"4\u00a0Minuten"},"schema":{"@context":"https:\/\/schema.org","@graph":[{"@type":"WebPage","@id":"https:\/\/akerstroms.se\/de\/ovako-rustet-alle-tore-mit-sesam-aus\/","url":"https:\/\/akerstroms.se\/de\/ovako-rustet-alle-tore-mit-sesam-aus\/","name":"Ovako r\u00fcstet alle Tore mit Sesam aus - \u00c5kerstr\u00f6ms Bj\u00f6rbo","isPartOf":{"@id":"https:\/\/akerstroms.se\/#website"},"datePublished":"2021-10-05T13:29:40+00:00","dateModified":"2025-11-06T12:22:24+00:00","breadcrumb":{"@id":"https:\/\/akerstroms.se\/de\/ovako-rustet-alle-tore-mit-sesam-aus\/#breadcrumb"},"inLanguage":"de","potentialAction":[{"@type":"ReadAction","target":["https:\/\/akerstroms.se\/de\/ovako-rustet-alle-tore-mit-sesam-aus\/"]}]},{"@type":"BreadcrumbList","@id":"https:\/\/akerstroms.se\/de\/ovako-rustet-alle-tore-mit-sesam-aus\/#breadcrumb","itemListElement":[{"@type":"ListItem","position":1,"name":"Home","item":"https:\/\/akerstroms.se\/de\/"},{"@type":"ListItem","position":2,"name":"Ovako r\u00fcstet alle Tore mit Sesam aus"}]},{"@type":"WebSite","@id":"https:\/\/akerstroms.se\/#website","url":"https:\/\/akerstroms.se\/","name":"\u00c5kerstr\u00f6ms Bj\u00f6rbo","description":"Radiostyrning f\u00f6r industriella och mobila applikationer","publisher":{"@id":"https:\/\/akerstroms.se\/#organization"},"potentialAction":[{"@type":"SearchAction","target":{"@type":"EntryPoint","urlTemplate":"https:\/\/akerstroms.se\/?s={search_term_string}"},"query-input":{"@type":"PropertyValueSpecification","valueRequired":true,"valueName":"search_term_string"}}],"inLanguage":"de"},{"@type":"Organization","@id":"https:\/\/akerstroms.se\/#organization","name":"\u00c5kerstr\u00f6ms AB","url":"https:\/\/akerstroms.se\/","logo":{"@type":"ImageObject","inLanguage":"de","@id":"https:\/\/akerstroms.se\/#\/schema\/logo\/image\/","url":"https:\/\/akerstroms.se\/app\/uploads\/2021\/10\/akerstroms-logo.png","contentUrl":"https:\/\/akerstroms.se\/app\/uploads\/2021\/10\/akerstroms-logo.png","width":400,"height":86,"caption":"\u00c5kerstr\u00f6ms AB"},"image":{"@id":"https:\/\/akerstroms.se\/#\/schema\/logo\/image\/"},"sameAs":["https:\/\/www.facebook.com\/akerstroms.se","https:\/\/www.linkedin.com\/company\/akerstroms\/","https:\/\/www.youtube.com\/channel\/UC8S-jX9nA8c9qBaTlgqg1CQ"]}]}},"_links":{"self":[{"href":"https:\/\/akerstroms.se\/de\/wp-json\/wp\/v2\/pages\/11229","targetHints":{"allow":["GET"]}}],"collection":[{"href":"https:\/\/akerstroms.se\/de\/wp-json\/wp\/v2\/pages"}],"about":[{"href":"https:\/\/akerstroms.se\/de\/wp-json\/wp\/v2\/types\/page"}],"author":[{"embeddable":true,"href":"https:\/\/akerstroms.se\/de\/wp-json\/wp\/v2\/users\/7"}],"replies":[{"embeddable":true,"href":"https:\/\/akerstroms.se\/de\/wp-json\/wp\/v2\/comments?post=11229"}],"version-history":[{"count":11,"href":"https:\/\/akerstroms.se\/de\/wp-json\/wp\/v2\/pages\/11229\/revisions"}],"predecessor-version":[{"id":23151,"href":"https:\/\/akerstroms.se\/de\/wp-json\/wp\/v2\/pages\/11229\/revisions\/23151"}],"wp:attachment":[{"href":"https:\/\/akerstroms.se\/de\/wp-json\/wp\/v2\/media?parent=11229"}],"curies":[{"name":"wp","href":"https:\/\/api.w.org\/{rel}","templated":true}]}}