{"id":11227,"date":"2021-10-05T15:29:30","date_gmt":"2021-10-05T13:29:30","guid":{"rendered":"https:\/\/akerstroms.se\/produktubersicht\/"},"modified":"2024-02-21T13:26:10","modified_gmt":"2024-02-21T12:26:10","slug":"produktubersicht","status":"publish","type":"page","link":"https:\/\/akerstroms.se\/de\/produktubersicht\/","title":{"rendered":"Produkt\u00fcbersicht"},"content":{"rendered":"<section class=\"hero alignfull tone \" style=\"background-image: url(https:\/\/akerstroms.se\/app\/uploads\/2024\/02\/LKAB_MK3_MG_1305.jpg);\">\r\n        <div class=\"hero__text container\">\r\n        <h1 class=\"hero__title\">Zuverl\u00e4ssige <strong>Funkfernsteuerung<\/strong> f\u00fcr erh\u00f6hte Kontrolle und Sicherheit<\/h1>\r\n                    <p class=\"hero__excerpt\">Schon seit mehr als 100 Jahren entwickeln wir nachhaltige Produkte und Dienste, die auf die Anforderungen unserer potenziellen Kunden und zuk\u00fcnftige M\u00f6glichkeiten zugeschnitten sind. Wir verschaffen unseren Kunden Kontrolle und Sicherheit rund um ihre Arbeit dank unserer sicheren und robusten Funksteuerungssysteme und zugeh\u00f6riger Dienste. Wir bieten eine breite Palette an Produkten und Diensten mit unterschiedlichen Arten an Sendern, Empf\u00e4ngern und anderer Ausr\u00fcstung zur Erstellung kompletter Systeme.<\/p>\r\n            <\/div>\r\n<\/section>\r\n\n\n\n<div class=\"wp-block-cover alignfull is-light\"><span aria-hidden=\"true\" class=\"wp-block-cover__background has-white-background-color has-background-dim-100 has-background-dim\"><\/span><div class=\"wp-block-cover__inner-container is-layout-flow wp-block-cover-is-layout-flow\">\n<div style=\"height:75px\" aria-hidden=\"true\" class=\"wp-block-spacer\"><\/div>\n\n\n\n<h2 class=\"wp-block-heading has-text-align-center has-black-color has-text-color\" id=\"h-produktubersicht-was-wir-machen\"><strong>Produkt\u00fcbersicht \u2013 <\/strong>was wir machen<\/h2>\n\n\n\n<p class=\"has-black-color has-text-color\">\u00c5kerstr\u00f6ms bietet sichere L\u00f6sungen im Bereich Funksteuerung und digitale Dienste f\u00fcr industrielle Prozesse. <strong>Eine qualitativ hochwertige Funksteuerung<\/strong> und speziell angepasste L\u00f6sungen machen den Unterschied zwischen einem problemfreien Arbeitstag und langen Stillstandszeiten und Unf\u00e4llen am Arbeitsplatz. In unserem Sortiment finden sich L\u00f6sungen f\u00fcr jeden Kunden, unabh\u00e4ngig von Gr\u00f6\u00dfe, Branche oder Anwendungsgebiet.<\/p>\n\n\n\n<div style=\"height:30px\" aria-hidden=\"true\" class=\"wp-block-spacer\"><\/div>\n\n\n\n<div class=\"wp-block-columns is-layout-flex wp-container-core-columns-is-layout-9d6595d7 wp-block-columns-is-layout-flex\">\n<div class=\"wp-block-column is-layout-flow wp-block-column-is-layout-flow\">\n<figure class=\"wp-block-image size-large\"><img loading=\"lazy\" decoding=\"async\" width=\"700\" height=\"700\" src=\"https:\/\/akerstroms.se\/app\/uploads\/2024\/02\/remotus-grupp-web-700x700.png\" alt=\"\" class=\"wp-image-19892\" srcset=\"https:\/\/akerstroms.se\/app\/uploads\/2024\/02\/remotus-grupp-web-700x700.png 700w, https:\/\/akerstroms.se\/app\/uploads\/2024\/02\/remotus-grupp-web-250x250.png 250w, https:\/\/akerstroms.se\/app\/uploads\/2024\/02\/remotus-grupp-web-150x150.png 150w, https:\/\/akerstroms.se\/app\/uploads\/2024\/02\/remotus-grupp-web-768x768.png 768w, https:\/\/akerstroms.se\/app\/uploads\/2024\/02\/remotus-grupp-web-120x120.png 120w, https:\/\/akerstroms.se\/app\/uploads\/2024\/02\/remotus-grupp-web-540x540.png 540w, https:\/\/akerstroms.se\/app\/uploads\/2024\/02\/remotus-grupp-web-300x300.png 300w, https:\/\/akerstroms.se\/app\/uploads\/2024\/02\/remotus-grupp-web-600x600.png 600w, https:\/\/akerstroms.se\/app\/uploads\/2024\/02\/remotus-grupp-web-100x100.png 100w, https:\/\/akerstroms.se\/app\/uploads\/2024\/02\/remotus-grupp-web.png 1181w\" sizes=\"auto, (max-width: 700px) 100vw, 700px\" \/><\/figure>\n\n\n\n<h3 class=\"wp-block-heading has-black-color has-text-color\" id=\"h-remotus\"><strong>Remotus<\/strong><\/h3>\n\n\n\n<p class=\"has-black-color has-text-color\">Remotus ist der Name unserer robusten Produkte und L\u00f6sungen zur Funksteuerung von <strong>sicherheitskritischen<\/strong> Anwendungen.<\/p>\n\n\n\n<div class=\"wp-block-buttons is-layout-flex wp-block-buttons-is-layout-flex\">\n<div class=\"wp-block-button is-style-fill\"><a class=\"wp-block-button__link has-orange-background-color has-background wp-element-button\" href=\"https:\/\/akerstroms.se\/de\/produktubersicht\/#remotus\" style=\"border-radius:6px\">Erfahren Sie mehr \u00fcber Remotus<\/a><\/div>\n<\/div>\n<\/div>\n\n\n\n<div class=\"wp-block-column is-layout-flow wp-block-column-is-layout-flow\">\n<figure class=\"wp-block-image size-large\"><img loading=\"lazy\" decoding=\"async\" width=\"700\" height=\"700\" src=\"https:\/\/akerstroms.se\/app\/uploads\/2024\/02\/sesam-geupp-web-700x700.png\" alt=\"\" class=\"wp-image-19889\" srcset=\"https:\/\/akerstroms.se\/app\/uploads\/2024\/02\/sesam-geupp-web-700x700.png 700w, https:\/\/akerstroms.se\/app\/uploads\/2024\/02\/sesam-geupp-web-250x250.png 250w, https:\/\/akerstroms.se\/app\/uploads\/2024\/02\/sesam-geupp-web-150x150.png 150w, https:\/\/akerstroms.se\/app\/uploads\/2024\/02\/sesam-geupp-web-768x768.png 768w, https:\/\/akerstroms.se\/app\/uploads\/2024\/02\/sesam-geupp-web-120x120.png 120w, https:\/\/akerstroms.se\/app\/uploads\/2024\/02\/sesam-geupp-web-540x540.png 540w, https:\/\/akerstroms.se\/app\/uploads\/2024\/02\/sesam-geupp-web-300x300.png 300w, https:\/\/akerstroms.se\/app\/uploads\/2024\/02\/sesam-geupp-web-600x600.png 600w, https:\/\/akerstroms.se\/app\/uploads\/2024\/02\/sesam-geupp-web-100x100.png 100w, https:\/\/akerstroms.se\/app\/uploads\/2024\/02\/sesam-geupp-web.png 1181w\" sizes=\"auto, (max-width: 700px) 100vw, 700px\" \/><\/figure>\n\n\n\n<h3 class=\"wp-block-heading has-black-color has-text-color\" id=\"h-sesam\"><strong>Sesam<\/strong><\/h3>\n\n\n\n<p class=\"has-black-color has-text-color\">Sesam ist unsere robuste Produktfamilie zur Funksteuerung <strong>nicht sicherheitskritischer<\/strong> Anwendungen.<\/p>\n\n\n\n<div class=\"wp-block-buttons is-layout-flex wp-block-buttons-is-layout-flex\">\n<div class=\"wp-block-button\"><a class=\"wp-block-button__link has-orange-background-color has-background wp-element-button\" href=\"https:\/\/akerstroms.se\/de\/produktubersicht\/#sesam\" style=\"border-radius:6px\">Erfahren Sie mehr \u00fcber Sesam<\/a><\/div>\n<\/div>\n<\/div>\n\n\n\n<div class=\"wp-block-column is-layout-flow wp-block-column-is-layout-flow\">\n<figure class=\"wp-block-image size-large\"><img loading=\"lazy\" decoding=\"async\" width=\"700\" height=\"700\" src=\"https:\/\/akerstroms.se\/app\/uploads\/2024\/02\/webshop-acess-700x700.png\" alt=\"\" class=\"wp-image-19886\" srcset=\"https:\/\/akerstroms.se\/app\/uploads\/2024\/02\/webshop-acess-700x700.png 700w, https:\/\/akerstroms.se\/app\/uploads\/2024\/02\/webshop-acess-250x250.png 250w, https:\/\/akerstroms.se\/app\/uploads\/2024\/02\/webshop-acess-150x150.png 150w, https:\/\/akerstroms.se\/app\/uploads\/2024\/02\/webshop-acess-768x768.png 768w, https:\/\/akerstroms.se\/app\/uploads\/2024\/02\/webshop-acess-120x120.png 120w, https:\/\/akerstroms.se\/app\/uploads\/2024\/02\/webshop-acess-540x540.png 540w, https:\/\/akerstroms.se\/app\/uploads\/2024\/02\/webshop-acess-300x300.png 300w, https:\/\/akerstroms.se\/app\/uploads\/2024\/02\/webshop-acess-600x600.png 600w, https:\/\/akerstroms.se\/app\/uploads\/2024\/02\/webshop-acess-100x100.png 100w, https:\/\/akerstroms.se\/app\/uploads\/2024\/02\/webshop-acess.png 1181w\" sizes=\"auto, (max-width: 700px) 100vw, 700px\" \/><\/figure>\n\n\n\n<h3 class=\"wp-block-heading has-black-color has-text-color\" id=\"h-access-ctrl\"><strong>Access_Ctrl<\/strong><\/h3>\n\n\n\n<p class=\"has-black-color has-text-color\">Access_Ctrl ist der Name unseres Gesch\u00e4ftsbereichs f\u00fcr <strong>vernetzte Dienste<\/strong> zur Benutzerrechteverwaltung und Protokollierung.<\/p>\n\n\n\n<div class=\"wp-block-buttons is-layout-flex wp-block-buttons-is-layout-flex\">\n<div class=\"wp-block-button\"><a class=\"wp-block-button__link has-orange-background-color has-background wp-element-button\" style=\"border-radius:6px\">Erfahren Sie mehr \u00fcber Access_Ctrl<\/a><\/div>\n<\/div>\n<\/div>\n<\/div>\n\n\n\n<div style=\"height:75px\" aria-hidden=\"true\" class=\"wp-block-spacer\"><\/div>\n\n\n    <section class=\"linkables container\" data-color=\"black\">\r\n                    <div class=\"linkables__block flex-row-wrapper\" id=\"remotus\">\r\n                <div class=\"linkables__block__img\">\r\n                                        <img decoding=\"async\" src=\"https:\/\/akerstroms.se\/app\/uploads\/2024\/02\/Spolbil-BKGR-Gabriel-Alenius-2354-scaled.jpg\" alt=\"\">\r\n                <\/div>\r\n                <div class=\"linkables__block__text\">\r\n                    <h3 class=\"linkables__block__title\">Remotus \u2013 Sicherheitskritische Anwendungen<\/h3>\r\n                    <p class=\"linkables__block__excerpt\">Remotus hei\u00dfen unsere robusten Funksteuerungssysteme f\u00fcr den Bereich der Industrie, der als sicherheitskritisch gilt. Deshalb haben mehrere Produkte in dieser Reihe Sicherheitsklassifizierungen wie PLd, Cat 3, EN ISO 13849-1. Der Beckengurtsender verf\u00fcgt \u00fcber eine doppelte CPU, was die Sicherheit weiter erh\u00f6ht, auch f\u00fcr Bewegungen\/Funktionen. Au\u00dferdem verf\u00fcgt er \u00fcber einen aktiven Stopp, sodass der Empf\u00e4nger in unter 100\u00a0ms anh\u00e4lt. Der Sender mit Display kann Funktionsdaten und einen eventuellen Systemalarm anzeigen. Remotus wird meist bei Kr\u00e4nen, Fahrzeugen, Maschinen, in Hafenanlagen und bei anderer Ausr\u00fcstung mit hohen Sicherheitsanforderungen eingesetzt. Das System kann mehrere Kr\u00e4ne mit einem Sender steuern oder mit mehreren Sendern einen Kran, was man als Tandemmodus bezeichnet. Remotus kann auch an die individuellen Kundenanforderungen angepasst werden.<\/p>\r\n                                            <a class=\"linkables__block__button button button--primary\" href=\"https:\/\/akerstroms.se\/de\/produkte-dienste\/remotus\/\" title=\"Zur Remotus-Serie\" target=\"\">\r\n                            Zur Remotus-Serie                        <\/a>\r\n                                    <\/div>\r\n            <\/div>\r\n                    <div class=\"linkables__block flex-row-wrapper\" id=\"sesam\">\r\n                <div class=\"linkables__block__img\">\r\n                                        <img decoding=\"async\" src=\"https:\/\/akerstroms.se\/app\/uploads\/2024\/02\/sesam-miljobild-2.png\" alt=\"\">\r\n                <\/div>\r\n                <div class=\"linkables__block__text\">\r\n                    <h3 class=\"linkables__block__title\">Sesam \u2013 F\u00fcr nicht sicherheitskritische Anwendungen<\/h3>\r\n                    <p class=\"linkables__block__excerpt\">Sesam bezeichnet unser Angebot f\u00fcr die Steuerung von Anwendungen, die als nicht sicherheitskritisch gelten, wie z.\u00a0B. Tore und Schranken, Ventilatoren, Beleuchtung uvm. Hier gibt es Tastensender in unterschiedlichen Gr\u00f6\u00dfen, von kleinen Ein-\/Ausvarianten bis zu gro\u00dfen Sendern, die bis zu 1.000 unterschiedliche Empf\u00e4nger kontrollieren kann, was z.\u00a0B. in Anlagen mit vielen Toren praktisch ist. Bei den Empf\u00e4ngern gibt es Modelle f\u00fcr die Montage an der Wand oder auf einer DIN-Schiene und wir bieten sogar ein Modell an, das auf Maschinen oder Wagen befestigt werden kann, die unter rauen Bedingungen arbeiten. Au\u00dferdem gibt es eine Softwarel\u00f6sung, mit der man die Konfiguration gro\u00dfer Anlagen einfach vornehmen kann. Diese eignet sich besonders f\u00fcr die Installation vieler Sender und Empf\u00e4nger, die h\u00e4ufig verwaltet werden m\u00fcssen.<\/p>\r\n                                            <a class=\"linkables__block__button button button--primary\" href=\"https:\/\/akerstroms.se\/de\/produkte-dienste\/sesam\/\" title=\"Zur Sesam-Serie\" target=\"\">\r\n                            Zur Sesam-Serie                        <\/a>\r\n                                    <\/div>\r\n            <\/div>\r\n                    <div class=\"linkables__block flex-row-wrapper\" id=\"accessctrl\">\r\n                <div class=\"linkables__block__img\">\r\n                                        <img decoding=\"async\" src=\"https:\/\/akerstroms.se\/app\/uploads\/2024\/02\/Bakground_6128-2-scaled.jpg\" alt=\"\">\r\n                <\/div>\r\n                <div class=\"linkables__block__text\">\r\n                    <h3 class=\"linkables__block__title\">Access_Ctrl \u2013 Benutzerrechteverwaltung und Protokoll der Produktionsdaten<\/h3>\r\n                    <p class=\"linkables__block__excerpt\">Um die Anzahl von Unf\u00e4llen und Verletzungen am Arbeitsplatz so gering wie m\u00f6glich zu halten, ist es extrem wichtig, dass der Arbeitgeber steuern kann, wer wie welche Ausr\u00fcstung anwenden kann. Am h\u00e4ufigsten entstehen Unf\u00e4lle durch eine falsche Verwendung von Ausr\u00fcstung und durch nicht ausgebildetes Personal mit Zugang zur Anwendung. Access_Ctrl kann dabei helfen, diese Probleme zu mindern, da Sie so die Benutzerrechte f\u00fcr die Funksteuerung \u00fcber ein beliebiges RFID-Tag kontrollieren k\u00f6nnen. Als Administrator k\u00f6nnen Sie mit unserem System einfach steuern, wann und wie die Ausr\u00fcstung verwendet werden kann. Sie erhalten Zugang zu Protokollen dar\u00fcber, wie die Ausr\u00fcstung verwendet wurde und von wem sowie \u00fcber eventuelle unberechtigte Anmeldeversuche. Alles einfach \u00fcber eine Webschnittstelle.<\/p>\r\n                                            <a class=\"linkables__block__button button button--primary\" href=\"https:\/\/akerstroms.se\/de\/produkte-dienste\/access_ctrl\/\" title=\"Zu Access_Ctrl\" target=\"\">\r\n                            Zu Access_Ctrl                        <\/a>\r\n                                    <\/div>\r\n            <\/div>\r\n            <\/section>\r\n\n\n\n<div style=\"height:100px\" aria-hidden=\"true\" class=\"wp-block-spacer\"><\/div>\n\n\n\n<div class=\"wp-block-cover alignfull has-background-dim\" style=\"background-color:#ef7f00\"><div class=\"wp-block-cover__inner-container is-layout-flow wp-block-cover-is-layout-flow\">\n<h2 class=\"has-text-align-center has-black-color has-text-color wp-block-heading\" id=\"h-haben-sie-fragen-kontaktieren-sie-uns\">Haben Sie <strong>Fragen?<\/strong><br>Kontaktieren Sie uns <\/h2>\n\n\n\n<div style=\"height:20px\" aria-hidden=\"true\" class=\"wp-block-spacer\"><\/div>\n\n\n\n<div class=\"wp-block-buttons is-content-justification-center is-layout-flex wp-block-buttons-is-layout-flex\">\n<div class=\"wp-block-button is-style-fill\"><a class=\"wp-block-button__link has-white-color has-black-background-color has-text-color has-background\" href=\"https:\/\/akerstroms.se\/de\/kontakt\/\" style=\"border-radius:3px\">KONTAKTIEREN SIE UNS<\/a><\/div>\n<\/div>\n<\/div><\/div>\n<\/div><\/div>\n","protected":false},"excerpt":{"rendered":"","protected":false},"author":1,"featured_media":0,"parent":0,"menu_order":0,"comment_status":"closed","ping_status":"closed","template":"","meta":{"_acf_changed":false,"footnotes":""},"class_list":["post-11227","page","type-page","status-publish","hentry"],"acf":[],"yoast_head":"<!-- This site is optimized with the Yoast SEO plugin v27.4 - https:\/\/yoast.com\/product\/yoast-seo-wordpress\/ -->\n<title>Produkt\u00fcbersicht - \u00c5kerstr\u00f6ms Bj\u00f6rbo<\/title>\n<meta name=\"robots\" content=\"index, follow, max-snippet:-1, max-image-preview:large, max-video-preview:-1\" \/>\n<link rel=\"canonical\" href=\"https:\/\/akerstroms.se\/de\/produktubersicht\/\" \/>\n<meta property=\"og:locale\" content=\"de_DE\" \/>\n<meta property=\"og:type\" content=\"article\" \/>\n<meta property=\"og:title\" content=\"Produkt\u00fcbersicht - \u00c5kerstr\u00f6ms Bj\u00f6rbo\" \/>\n<meta property=\"og:url\" content=\"https:\/\/akerstroms.se\/de\/produktubersicht\/\" \/>\n<meta property=\"og:site_name\" content=\"\u00c5kerstr\u00f6ms Bj\u00f6rbo\" \/>\n<meta property=\"article:publisher\" content=\"https:\/\/www.facebook.com\/akerstroms.se\" \/>\n<meta property=\"article:modified_time\" content=\"2024-02-21T12:26:10+00:00\" \/>\n<meta property=\"og:image\" content=\"https:\/\/akerstroms.se\/app\/uploads\/2024\/02\/remotus-grupp-web-700x700.png\" \/>\n<meta name=\"twitter:card\" content=\"summary_large_image\" \/>\n<meta name=\"twitter:label1\" content=\"Gesch\u00e4tzte Lesezeit\" \/>\n\t<meta name=\"twitter:data1\" content=\"3\u00a0Minuten\" \/>\n<script type=\"application\/ld+json\" class=\"yoast-schema-graph\">{\"@context\":\"https:\\\/\\\/schema.org\",\"@graph\":[{\"@type\":\"WebPage\",\"@id\":\"https:\\\/\\\/akerstroms.se\\\/de\\\/produktubersicht\\\/\",\"url\":\"https:\\\/\\\/akerstroms.se\\\/de\\\/produktubersicht\\\/\",\"name\":\"Produkt\u00fcbersicht - \u00c5kerstr\u00f6ms Bj\u00f6rbo\",\"isPartOf\":{\"@id\":\"https:\\\/\\\/akerstroms.se\\\/#website\"},\"primaryImageOfPage\":{\"@id\":\"https:\\\/\\\/akerstroms.se\\\/de\\\/produktubersicht\\\/#primaryimage\"},\"image\":{\"@id\":\"https:\\\/\\\/akerstroms.se\\\/de\\\/produktubersicht\\\/#primaryimage\"},\"thumbnailUrl\":\"https:\\\/\\\/akerstroms.se\\\/app\\\/uploads\\\/2024\\\/02\\\/remotus-grupp-web-700x700.png\",\"datePublished\":\"2021-10-05T13:29:30+00:00\",\"dateModified\":\"2024-02-21T12:26:10+00:00\",\"breadcrumb\":{\"@id\":\"https:\\\/\\\/akerstroms.se\\\/de\\\/produktubersicht\\\/#breadcrumb\"},\"inLanguage\":\"de\",\"potentialAction\":[{\"@type\":\"ReadAction\",\"target\":[\"https:\\\/\\\/akerstroms.se\\\/de\\\/produktubersicht\\\/\"]}]},{\"@type\":\"ImageObject\",\"inLanguage\":\"de\",\"@id\":\"https:\\\/\\\/akerstroms.se\\\/de\\\/produktubersicht\\\/#primaryimage\",\"url\":\"https:\\\/\\\/akerstroms.se\\\/app\\\/uploads\\\/2024\\\/02\\\/remotus-grupp-web-700x700.png\",\"contentUrl\":\"https:\\\/\\\/akerstroms.se\\\/app\\\/uploads\\\/2024\\\/02\\\/remotus-grupp-web-700x700.png\"},{\"@type\":\"BreadcrumbList\",\"@id\":\"https:\\\/\\\/akerstroms.se\\\/de\\\/produktubersicht\\\/#breadcrumb\",\"itemListElement\":[{\"@type\":\"ListItem\",\"position\":1,\"name\":\"Home\",\"item\":\"https:\\\/\\\/akerstroms.se\\\/de\\\/\"},{\"@type\":\"ListItem\",\"position\":2,\"name\":\"Produkt\u00fcbersicht\"}]},{\"@type\":\"WebSite\",\"@id\":\"https:\\\/\\\/akerstroms.se\\\/#website\",\"url\":\"https:\\\/\\\/akerstroms.se\\\/\",\"name\":\"\u00c5kerstr\u00f6ms Bj\u00f6rbo\",\"description\":\"Radiostyrning f\u00f6r industriella och mobila applikationer\",\"publisher\":{\"@id\":\"https:\\\/\\\/akerstroms.se\\\/#organization\"},\"potentialAction\":[{\"@type\":\"SearchAction\",\"target\":{\"@type\":\"EntryPoint\",\"urlTemplate\":\"https:\\\/\\\/akerstroms.se\\\/?s={search_term_string}\"},\"query-input\":{\"@type\":\"PropertyValueSpecification\",\"valueRequired\":true,\"valueName\":\"search_term_string\"}}],\"inLanguage\":\"de\"},{\"@type\":\"Organization\",\"@id\":\"https:\\\/\\\/akerstroms.se\\\/#organization\",\"name\":\"\u00c5kerstr\u00f6ms AB\",\"url\":\"https:\\\/\\\/akerstroms.se\\\/\",\"logo\":{\"@type\":\"ImageObject\",\"inLanguage\":\"de\",\"@id\":\"https:\\\/\\\/akerstroms.se\\\/#\\\/schema\\\/logo\\\/image\\\/\",\"url\":\"https:\\\/\\\/akerstroms.se\\\/app\\\/uploads\\\/2021\\\/10\\\/akerstroms-logo.png\",\"contentUrl\":\"https:\\\/\\\/akerstroms.se\\\/app\\\/uploads\\\/2021\\\/10\\\/akerstroms-logo.png\",\"width\":400,\"height\":86,\"caption\":\"\u00c5kerstr\u00f6ms AB\"},\"image\":{\"@id\":\"https:\\\/\\\/akerstroms.se\\\/#\\\/schema\\\/logo\\\/image\\\/\"},\"sameAs\":[\"https:\\\/\\\/www.facebook.com\\\/akerstroms.se\",\"https:\\\/\\\/www.linkedin.com\\\/company\\\/akerstroms\\\/\",\"https:\\\/\\\/www.youtube.com\\\/channel\\\/UC8S-jX9nA8c9qBaTlgqg1CQ\"]}]}<\/script>\n<!-- \/ Yoast SEO plugin. -->","yoast_head_json":{"title":"Produkt\u00fcbersicht - \u00c5kerstr\u00f6ms Bj\u00f6rbo","robots":{"index":"index","follow":"follow","max-snippet":"max-snippet:-1","max-image-preview":"max-image-preview:large","max-video-preview":"max-video-preview:-1"},"canonical":"https:\/\/akerstroms.se\/de\/produktubersicht\/","og_locale":"de_DE","og_type":"article","og_title":"Produkt\u00fcbersicht - \u00c5kerstr\u00f6ms Bj\u00f6rbo","og_url":"https:\/\/akerstroms.se\/de\/produktubersicht\/","og_site_name":"\u00c5kerstr\u00f6ms Bj\u00f6rbo","article_publisher":"https:\/\/www.facebook.com\/akerstroms.se","article_modified_time":"2024-02-21T12:26:10+00:00","og_image":[{"url":"https:\/\/akerstroms.se\/app\/uploads\/2024\/02\/remotus-grupp-web-700x700.png","type":"","width":"","height":""}],"twitter_card":"summary_large_image","twitter_misc":{"Gesch\u00e4tzte Lesezeit":"3\u00a0Minuten"},"schema":{"@context":"https:\/\/schema.org","@graph":[{"@type":"WebPage","@id":"https:\/\/akerstroms.se\/de\/produktubersicht\/","url":"https:\/\/akerstroms.se\/de\/produktubersicht\/","name":"Produkt\u00fcbersicht - \u00c5kerstr\u00f6ms Bj\u00f6rbo","isPartOf":{"@id":"https:\/\/akerstroms.se\/#website"},"primaryImageOfPage":{"@id":"https:\/\/akerstroms.se\/de\/produktubersicht\/#primaryimage"},"image":{"@id":"https:\/\/akerstroms.se\/de\/produktubersicht\/#primaryimage"},"thumbnailUrl":"https:\/\/akerstroms.se\/app\/uploads\/2024\/02\/remotus-grupp-web-700x700.png","datePublished":"2021-10-05T13:29:30+00:00","dateModified":"2024-02-21T12:26:10+00:00","breadcrumb":{"@id":"https:\/\/akerstroms.se\/de\/produktubersicht\/#breadcrumb"},"inLanguage":"de","potentialAction":[{"@type":"ReadAction","target":["https:\/\/akerstroms.se\/de\/produktubersicht\/"]}]},{"@type":"ImageObject","inLanguage":"de","@id":"https:\/\/akerstroms.se\/de\/produktubersicht\/#primaryimage","url":"https:\/\/akerstroms.se\/app\/uploads\/2024\/02\/remotus-grupp-web-700x700.png","contentUrl":"https:\/\/akerstroms.se\/app\/uploads\/2024\/02\/remotus-grupp-web-700x700.png"},{"@type":"BreadcrumbList","@id":"https:\/\/akerstroms.se\/de\/produktubersicht\/#breadcrumb","itemListElement":[{"@type":"ListItem","position":1,"name":"Home","item":"https:\/\/akerstroms.se\/de\/"},{"@type":"ListItem","position":2,"name":"Produkt\u00fcbersicht"}]},{"@type":"WebSite","@id":"https:\/\/akerstroms.se\/#website","url":"https:\/\/akerstroms.se\/","name":"\u00c5kerstr\u00f6ms Bj\u00f6rbo","description":"Radiostyrning f\u00f6r industriella och mobila applikationer","publisher":{"@id":"https:\/\/akerstroms.se\/#organization"},"potentialAction":[{"@type":"SearchAction","target":{"@type":"EntryPoint","urlTemplate":"https:\/\/akerstroms.se\/?s={search_term_string}"},"query-input":{"@type":"PropertyValueSpecification","valueRequired":true,"valueName":"search_term_string"}}],"inLanguage":"de"},{"@type":"Organization","@id":"https:\/\/akerstroms.se\/#organization","name":"\u00c5kerstr\u00f6ms AB","url":"https:\/\/akerstroms.se\/","logo":{"@type":"ImageObject","inLanguage":"de","@id":"https:\/\/akerstroms.se\/#\/schema\/logo\/image\/","url":"https:\/\/akerstroms.se\/app\/uploads\/2021\/10\/akerstroms-logo.png","contentUrl":"https:\/\/akerstroms.se\/app\/uploads\/2021\/10\/akerstroms-logo.png","width":400,"height":86,"caption":"\u00c5kerstr\u00f6ms AB"},"image":{"@id":"https:\/\/akerstroms.se\/#\/schema\/logo\/image\/"},"sameAs":["https:\/\/www.facebook.com\/akerstroms.se","https:\/\/www.linkedin.com\/company\/akerstroms\/","https:\/\/www.youtube.com\/channel\/UC8S-jX9nA8c9qBaTlgqg1CQ"]}]}},"_links":{"self":[{"href":"https:\/\/akerstroms.se\/de\/wp-json\/wp\/v2\/pages\/11227","targetHints":{"allow":["GET"]}}],"collection":[{"href":"https:\/\/akerstroms.se\/de\/wp-json\/wp\/v2\/pages"}],"about":[{"href":"https:\/\/akerstroms.se\/de\/wp-json\/wp\/v2\/types\/page"}],"author":[{"embeddable":true,"href":"https:\/\/akerstroms.se\/de\/wp-json\/wp\/v2\/users\/1"}],"replies":[{"embeddable":true,"href":"https:\/\/akerstroms.se\/de\/wp-json\/wp\/v2\/comments?post=11227"}],"version-history":[{"count":11,"href":"https:\/\/akerstroms.se\/de\/wp-json\/wp\/v2\/pages\/11227\/revisions"}],"predecessor-version":[{"id":19961,"href":"https:\/\/akerstroms.se\/de\/wp-json\/wp\/v2\/pages\/11227\/revisions\/19961"}],"wp:attachment":[{"href":"https:\/\/akerstroms.se\/de\/wp-json\/wp\/v2\/media?parent=11227"}],"curies":[{"name":"wp","href":"https:\/\/api.w.org\/{rel}","templated":true}]}}