{"id":11223,"date":"2021-10-05T15:29:12","date_gmt":"2021-10-05T13:29:12","guid":{"rendered":"https:\/\/akerstroms.se\/sicherheit-und-richtlinien\/"},"modified":"2021-10-19T12:07:20","modified_gmt":"2021-10-19T10:07:20","slug":"sicherheit-und-richtlinien","status":"publish","type":"page","link":"https:\/\/akerstroms.se\/de\/sicherheit-und-richtlinien\/","title":{"rendered":"Sicherheit und Richtlinien"},"content":{"rendered":"<section class=\"hero alignfull  \" style=\"background-image: url(https:\/\/akerstroms.se\/app\/uploads\/2021\/05\/Citat_okand_1.jpg);\">\r\n        <div class=\"hero__text container\">\r\n        <h1 class=\"hero__title\">Entwickelt f\u00fcr extreme <strong>Anforderungen<\/strong><\/h1>\r\n            <\/div>\r\n<\/section>\r\n\n<div style=\"height:50px\" aria-hidden=\"true\" class=\"wp-block-spacer\"><\/div>\n\n<h2 class=\"has-text-align-center wp-block-heading\" id=\"h-s-kerhet-och-direktiv\">Sicherheit und Richtlinien<\/h2>\n\n<div style=\"height:30px\" aria-hidden=\"true\" class=\"wp-block-spacer\"><\/div>\n\n<p class=\"has-text-align-center\">Die Produkte von \u00c5kerstr\u00f6ms sind \u00e4u\u00dferst robust und f\u00fcr extreme Umgebungsbedingungen ausgelegt. Die Produkte durchlaufen unter anderem Schwingungs-, K\u00e4lte- und W\u00e4rmetests und werden zus\u00e4tzlich auch umfassend hinsichtlich der EMV- und Niederspannungsrichtlinie getestet.<\/p>\n\n<p class=\"has-text-align-center\">Die Produkte besitzen Schutzart IP65-67, was bedeutet, dass sie sehr widerstandsf\u00e4hig gegen\u00fcber Wasser und Staub sind. Alle unsere Komponenten werden sehr sorgf\u00e4ltig ausgew\u00e4hlt und getestet, bevor sie zum Kunden geschickt werden. S\u00e4mtliche Produkte tragen die CE-Kennzeichnung.<br\/>Unsere f\u00fcr mobile Anwendungen angepassten Produkte sind auch f\u00fcr die Fahrzeugnutzung zugelassen, sowohl im Rahmen der EU- als auch der UN-Vorschriften. Wir besitzen zudem die FCC-Zulassung f\u00fcr Produkte, die wir auf M\u00e4rkten vertreiben, auf denen dies verlangt wird.<br\/><br\/>Die Schnellstoppfunktion unseres Funksteuerungssystem f\u00fcr sicherheitskritische Anwendungen entspricht dem Performance Level D (Pl d), Cat 3, EN ISO 13849-1. Auf Anfrage k\u00f6nnen auch Bewegungen klassifiziert werden.<br\/><br\/><strong>F\u00fcr Lieferungen innerhalb Skandinaviens legen wir Folgendes zugrunde<\/strong>:<br\/>Allgemeine Lieferbedingungen <strong>NL09<\/strong> sowie<br\/>Allgemeine Lieferbedingungen hinsichtlich Software <strong>NPV09<\/strong>,<br\/>sofern nicht anderes vereinbart wurde.<\/p>\n\n<div style=\"height:30px\" aria-hidden=\"true\" class=\"wp-block-spacer\"><\/div>\n","protected":false},"excerpt":{"rendered":"<p>Sicherheit und Richtlinien Die Produkte von \u00c5kerstr\u00f6ms sind \u00e4u\u00dferst robust und f\u00fcr extreme Umgebungsbedingungen ausgelegt. Die Produkte durchlaufen unter anderem Schwingungs-, K\u00e4lte- und W\u00e4rmetests und&#8230;<\/p>\n","protected":false},"author":1,"featured_media":0,"parent":0,"menu_order":0,"comment_status":"closed","ping_status":"closed","template":"","meta":{"_acf_changed":false,"footnotes":""},"class_list":["post-11223","page","type-page","status-publish","hentry"],"acf":[],"yoast_head":"<!-- This site is optimized with the Yoast SEO plugin v27.4 - https:\/\/yoast.com\/product\/yoast-seo-wordpress\/ -->\n<title>Sicherheit und Richtlinien - \u00c5kerstr\u00f6ms Bj\u00f6rbo<\/title>\n<meta name=\"robots\" content=\"index, follow, max-snippet:-1, max-image-preview:large, max-video-preview:-1\" \/>\n<link rel=\"canonical\" href=\"https:\/\/akerstroms.se\/de\/sicherheit-und-richtlinien\/\" \/>\n<meta property=\"og:locale\" content=\"de_DE\" \/>\n<meta property=\"og:type\" content=\"article\" \/>\n<meta property=\"og:title\" content=\"Sicherheit und Richtlinien - \u00c5kerstr\u00f6ms Bj\u00f6rbo\" \/>\n<meta property=\"og:description\" content=\"Sicherheit und Richtlinien Die Produkte von \u00c5kerstr\u00f6ms sind \u00e4u\u00dferst robust und f\u00fcr extreme Umgebungsbedingungen ausgelegt. Die Produkte durchlaufen unter anderem Schwingungs-, K\u00e4lte- und W\u00e4rmetests und...\" \/>\n<meta property=\"og:url\" content=\"https:\/\/akerstroms.se\/de\/sicherheit-und-richtlinien\/\" \/>\n<meta property=\"og:site_name\" content=\"\u00c5kerstr\u00f6ms Bj\u00f6rbo\" \/>\n<meta property=\"article:publisher\" content=\"https:\/\/www.facebook.com\/akerstroms.se\" \/>\n<meta property=\"article:modified_time\" content=\"2021-10-19T10:07:20+00:00\" \/>\n<meta property=\"og:image\" content=\"https:\/\/akerstroms.se\/app\/uploads\/2021\/09\/Akerstroms-remote-controls.jpg\" \/>\n\t<meta property=\"og:image:width\" content=\"1200\" \/>\n\t<meta property=\"og:image:height\" content=\"675\" \/>\n\t<meta property=\"og:image:type\" content=\"image\/jpeg\" \/>\n<meta name=\"twitter:card\" content=\"summary_large_image\" \/>\n<meta name=\"twitter:label1\" content=\"Gesch\u00e4tzte Lesezeit\" \/>\n\t<meta name=\"twitter:data1\" content=\"1\u00a0Minute\" \/>\n<script type=\"application\/ld+json\" class=\"yoast-schema-graph\">{\"@context\":\"https:\\\/\\\/schema.org\",\"@graph\":[{\"@type\":\"WebPage\",\"@id\":\"https:\\\/\\\/akerstroms.se\\\/de\\\/sicherheit-und-richtlinien\\\/\",\"url\":\"https:\\\/\\\/akerstroms.se\\\/de\\\/sicherheit-und-richtlinien\\\/\",\"name\":\"Sicherheit und Richtlinien - \u00c5kerstr\u00f6ms Bj\u00f6rbo\",\"isPartOf\":{\"@id\":\"https:\\\/\\\/akerstroms.se\\\/#website\"},\"datePublished\":\"2021-10-05T13:29:12+00:00\",\"dateModified\":\"2021-10-19T10:07:20+00:00\",\"breadcrumb\":{\"@id\":\"https:\\\/\\\/akerstroms.se\\\/de\\\/sicherheit-und-richtlinien\\\/#breadcrumb\"},\"inLanguage\":\"de\",\"potentialAction\":[{\"@type\":\"ReadAction\",\"target\":[\"https:\\\/\\\/akerstroms.se\\\/de\\\/sicherheit-und-richtlinien\\\/\"]}]},{\"@type\":\"BreadcrumbList\",\"@id\":\"https:\\\/\\\/akerstroms.se\\\/de\\\/sicherheit-und-richtlinien\\\/#breadcrumb\",\"itemListElement\":[{\"@type\":\"ListItem\",\"position\":1,\"name\":\"Home\",\"item\":\"https:\\\/\\\/akerstroms.se\\\/de\\\/\"},{\"@type\":\"ListItem\",\"position\":2,\"name\":\"Sicherheit und Richtlinien\"}]},{\"@type\":\"WebSite\",\"@id\":\"https:\\\/\\\/akerstroms.se\\\/#website\",\"url\":\"https:\\\/\\\/akerstroms.se\\\/\",\"name\":\"\u00c5kerstr\u00f6ms Bj\u00f6rbo\",\"description\":\"Radiostyrning f\u00f6r industriella och mobila applikationer\",\"publisher\":{\"@id\":\"https:\\\/\\\/akerstroms.se\\\/#organization\"},\"potentialAction\":[{\"@type\":\"SearchAction\",\"target\":{\"@type\":\"EntryPoint\",\"urlTemplate\":\"https:\\\/\\\/akerstroms.se\\\/?s={search_term_string}\"},\"query-input\":{\"@type\":\"PropertyValueSpecification\",\"valueRequired\":true,\"valueName\":\"search_term_string\"}}],\"inLanguage\":\"de\"},{\"@type\":\"Organization\",\"@id\":\"https:\\\/\\\/akerstroms.se\\\/#organization\",\"name\":\"\u00c5kerstr\u00f6ms AB\",\"url\":\"https:\\\/\\\/akerstroms.se\\\/\",\"logo\":{\"@type\":\"ImageObject\",\"inLanguage\":\"de\",\"@id\":\"https:\\\/\\\/akerstroms.se\\\/#\\\/schema\\\/logo\\\/image\\\/\",\"url\":\"https:\\\/\\\/akerstroms.se\\\/app\\\/uploads\\\/2021\\\/10\\\/akerstroms-logo.png\",\"contentUrl\":\"https:\\\/\\\/akerstroms.se\\\/app\\\/uploads\\\/2021\\\/10\\\/akerstroms-logo.png\",\"width\":400,\"height\":86,\"caption\":\"\u00c5kerstr\u00f6ms AB\"},\"image\":{\"@id\":\"https:\\\/\\\/akerstroms.se\\\/#\\\/schema\\\/logo\\\/image\\\/\"},\"sameAs\":[\"https:\\\/\\\/www.facebook.com\\\/akerstroms.se\",\"https:\\\/\\\/www.linkedin.com\\\/company\\\/akerstroms\\\/\",\"https:\\\/\\\/www.youtube.com\\\/channel\\\/UC8S-jX9nA8c9qBaTlgqg1CQ\"]}]}<\/script>\n<!-- \/ Yoast SEO plugin. -->","yoast_head_json":{"title":"Sicherheit und Richtlinien - \u00c5kerstr\u00f6ms Bj\u00f6rbo","robots":{"index":"index","follow":"follow","max-snippet":"max-snippet:-1","max-image-preview":"max-image-preview:large","max-video-preview":"max-video-preview:-1"},"canonical":"https:\/\/akerstroms.se\/de\/sicherheit-und-richtlinien\/","og_locale":"de_DE","og_type":"article","og_title":"Sicherheit und Richtlinien - \u00c5kerstr\u00f6ms Bj\u00f6rbo","og_description":"Sicherheit und Richtlinien Die Produkte von \u00c5kerstr\u00f6ms sind \u00e4u\u00dferst robust und f\u00fcr extreme Umgebungsbedingungen ausgelegt. Die Produkte durchlaufen unter anderem Schwingungs-, K\u00e4lte- und W\u00e4rmetests und...","og_url":"https:\/\/akerstroms.se\/de\/sicherheit-und-richtlinien\/","og_site_name":"\u00c5kerstr\u00f6ms Bj\u00f6rbo","article_publisher":"https:\/\/www.facebook.com\/akerstroms.se","article_modified_time":"2021-10-19T10:07:20+00:00","og_image":[{"width":1200,"height":675,"url":"https:\/\/akerstroms.se\/app\/uploads\/2021\/09\/Akerstroms-remote-controls.jpg","type":"image\/jpeg"}],"twitter_card":"summary_large_image","twitter_misc":{"Gesch\u00e4tzte Lesezeit":"1\u00a0Minute"},"schema":{"@context":"https:\/\/schema.org","@graph":[{"@type":"WebPage","@id":"https:\/\/akerstroms.se\/de\/sicherheit-und-richtlinien\/","url":"https:\/\/akerstroms.se\/de\/sicherheit-und-richtlinien\/","name":"Sicherheit und Richtlinien - \u00c5kerstr\u00f6ms Bj\u00f6rbo","isPartOf":{"@id":"https:\/\/akerstroms.se\/#website"},"datePublished":"2021-10-05T13:29:12+00:00","dateModified":"2021-10-19T10:07:20+00:00","breadcrumb":{"@id":"https:\/\/akerstroms.se\/de\/sicherheit-und-richtlinien\/#breadcrumb"},"inLanguage":"de","potentialAction":[{"@type":"ReadAction","target":["https:\/\/akerstroms.se\/de\/sicherheit-und-richtlinien\/"]}]},{"@type":"BreadcrumbList","@id":"https:\/\/akerstroms.se\/de\/sicherheit-und-richtlinien\/#breadcrumb","itemListElement":[{"@type":"ListItem","position":1,"name":"Home","item":"https:\/\/akerstroms.se\/de\/"},{"@type":"ListItem","position":2,"name":"Sicherheit und Richtlinien"}]},{"@type":"WebSite","@id":"https:\/\/akerstroms.se\/#website","url":"https:\/\/akerstroms.se\/","name":"\u00c5kerstr\u00f6ms Bj\u00f6rbo","description":"Radiostyrning f\u00f6r industriella och mobila applikationer","publisher":{"@id":"https:\/\/akerstroms.se\/#organization"},"potentialAction":[{"@type":"SearchAction","target":{"@type":"EntryPoint","urlTemplate":"https:\/\/akerstroms.se\/?s={search_term_string}"},"query-input":{"@type":"PropertyValueSpecification","valueRequired":true,"valueName":"search_term_string"}}],"inLanguage":"de"},{"@type":"Organization","@id":"https:\/\/akerstroms.se\/#organization","name":"\u00c5kerstr\u00f6ms AB","url":"https:\/\/akerstroms.se\/","logo":{"@type":"ImageObject","inLanguage":"de","@id":"https:\/\/akerstroms.se\/#\/schema\/logo\/image\/","url":"https:\/\/akerstroms.se\/app\/uploads\/2021\/10\/akerstroms-logo.png","contentUrl":"https:\/\/akerstroms.se\/app\/uploads\/2021\/10\/akerstroms-logo.png","width":400,"height":86,"caption":"\u00c5kerstr\u00f6ms AB"},"image":{"@id":"https:\/\/akerstroms.se\/#\/schema\/logo\/image\/"},"sameAs":["https:\/\/www.facebook.com\/akerstroms.se","https:\/\/www.linkedin.com\/company\/akerstroms\/","https:\/\/www.youtube.com\/channel\/UC8S-jX9nA8c9qBaTlgqg1CQ"]}]}},"_links":{"self":[{"href":"https:\/\/akerstroms.se\/de\/wp-json\/wp\/v2\/pages\/11223","targetHints":{"allow":["GET"]}}],"collection":[{"href":"https:\/\/akerstroms.se\/de\/wp-json\/wp\/v2\/pages"}],"about":[{"href":"https:\/\/akerstroms.se\/de\/wp-json\/wp\/v2\/types\/page"}],"author":[{"embeddable":true,"href":"https:\/\/akerstroms.se\/de\/wp-json\/wp\/v2\/users\/1"}],"replies":[{"embeddable":true,"href":"https:\/\/akerstroms.se\/de\/wp-json\/wp\/v2\/comments?post=11223"}],"version-history":[{"count":4,"href":"https:\/\/akerstroms.se\/de\/wp-json\/wp\/v2\/pages\/11223\/revisions"}],"predecessor-version":[{"id":12769,"href":"https:\/\/akerstroms.se\/de\/wp-json\/wp\/v2\/pages\/11223\/revisions\/12769"}],"wp:attachment":[{"href":"https:\/\/akerstroms.se\/de\/wp-json\/wp\/v2\/media?parent=11223"}],"curies":[{"name":"wp","href":"https:\/\/api.w.org\/{rel}","templated":true}]}}