{"id":10482,"date":"2021-09-30T09:13:57","date_gmt":"2021-09-30T07:13:57","guid":{"rendered":"https:\/\/akerstroms.se\/hafen-und-fahren\/"},"modified":"2021-10-19T13:34:48","modified_gmt":"2021-10-19T11:34:48","slug":"hafen-und-fahren","status":"publish","type":"page","link":"https:\/\/akerstroms.se\/de\/hafen-und-fahren\/","title":{"rendered":"Hafen und F\u00e4hren"},"content":{"rendered":"<section class=\"hero alignfull tone \" style=\"background-image: url(https:\/\/akerstroms.se\/app\/uploads\/2021\/09\/farja-industriell-radiostyrning-akerstroms.jpg);\">\r\n        <div class=\"hero__text container\">\r\n        <h1 class=\"hero__title\">Hafen und F\u00e4hren<\/h1>\r\n                    <p class=\"hero__excerpt\">Schranken, Tore, Rampen auf F\u00e4hren und Speziall\u00f6sungen f\u00fcr komplette F\u00e4hranlegestellen<\/p>\r\n            <\/div>\r\n<\/section>\r\n\n<div style=\"height:50px\" aria-hidden=\"true\" class=\"wp-block-spacer\"><\/div>\n\n<h2 class=\"has-text-align-center wp-block-heading\" id=\"h-kontroll-och-s-kerhet-i-maritima-milj-er\">Kontrolle und Sicherheit in maritimen Umgebungen<\/h2>\n\n<p class=\"has-text-align-center\">Profitieren Sie von unserer Fachkenntnis und Erfahrung rund um bessere Kontrolle und Sicherheit bei vielen maritimen Anwendungsbereichen, beispielsweise F\u00e4hranlegestellen, H\u00e4fen oder Vorrichtungen an Bord. Dabei kann es sich um die Steuerung von Kr\u00e4nen, Schranken, Plattformen und Rampen f\u00fcr die Zufahrt und die Organisation auf F\u00e4hren handeln sowie um die Steuerung von Winden, Hafenkr\u00e4nen und Signalen f\u00fcr den F\u00e4hrverkehr. Wir haben langj\u00e4hrige Erfahrung und fundiertes Fachwissen, angefangen von einfachen L\u00f6sungen wie dem \u00d6ffnen und Schlie\u00dfen einer Schranke oder eines Tors bis zu vollst\u00e4ndigen Systeml\u00f6sungen, bei denen mehrere Funksysteme und Datenverbindungen zu einer sicheren Komplettl\u00f6sung kombiniert werden. Unsere L\u00f6sungen kommen an vielen F\u00e4hranlegestellen in Schweden zum Einsatz. Mit unserer Expertise und unserem umfangreichen Sortiment liegt uns viel daran, Sie von unserem Know-how profitieren zu lassen und Ihre Prozesse weiter zu optimieren, damit Sie an Ihrem Arbeitsplatz maximale Sicherheit und Kontrolle haben. Ihre Herausforderungen sind unsere Leidenschaft!<\/p>\n\n<div style=\"height:59px\" aria-hidden=\"true\" class=\"wp-block-spacer\"><\/div>\n\n<h3 class=\"wp-block-heading\" id=\"h-matchande-produkter\">Passende Produkte<\/h3>\n<section class=\"products_module woocommerce slide\" data-post-type=\"product\">\r\n                                                            <div class=\"products flex-row-wrapper glide-products\">\r\n                        <div class=\"glide__track\" data-glide-el=\"track\">\r\n                        <div class=\"glide__slides\" id=\"product_container\">\r\n                                            <div class=\"glide__slide\">\r\n                            <li class=\"product type-product post-9854 status-publish first instock product_cat-empfanger-de product_cat-remotus-de product_tag-fahrzeuge-und-aufbauten-de product_tag-hafen-und-fahren-de product_tag-maschinen-de product_tag-winden-de has-post-thumbnail product-type-simple\">\n\t<a href=\"https:\/\/akerstroms.se\/de\/produkt\/remotus-t-rx-1500\/\" class=\"woocommerce-LoopProduct-link woocommerce-loop-product__link\"><div class='img-container'><img loading=\"lazy\" decoding=\"async\" width=\"300\" height=\"400\" src=\"https:\/\/akerstroms.se\/app\/uploads\/2021\/05\/T-RX1500-2-300x400.jpg\" class=\"attachment-woocommerce_thumbnail size-woocommerce_thumbnail\" alt=\"Remotus T-RX1500\" srcset=\"https:\/\/akerstroms.se\/app\/uploads\/2021\/05\/T-RX1500-2-300x400.jpg 300w, https:\/\/akerstroms.se\/app\/uploads\/2021\/05\/T-RX1500-2-600x800.jpg 600w, https:\/\/akerstroms.se\/app\/uploads\/2021\/05\/T-RX1500-2-250x333.jpg 250w, https:\/\/akerstroms.se\/app\/uploads\/2021\/05\/T-RX1500-2-700x933.jpg 700w, https:\/\/akerstroms.se\/app\/uploads\/2021\/05\/T-RX1500-2-768x1024.jpg 768w, https:\/\/akerstroms.se\/app\/uploads\/2021\/05\/T-RX1500-2-120x160.jpg 120w, https:\/\/akerstroms.se\/app\/uploads\/2021\/05\/T-RX1500-2-540x720.jpg 540w, https:\/\/akerstroms.se\/app\/uploads\/2021\/05\/T-RX1500-2.jpg 930w\" sizes=\"auto, (max-width: 300px) 100vw, 300px\" \/><\/div><h2 class=\"woocommerce-loop-product__title\">Remotus T-RX 1500<\/h2><\/a><div class=\"product-loop-item-info\"><\/div><\/li>\n<\/div>                        <div class=\"glide__slide\">\r\n                            <li class=\"product type-product post-9708 status-publish instock product_cat-beckengurtsender-de product_cat-remotus-de product_tag-fahrzeuge-und-aufbauten-de product_tag-hafen-und-fahren-de product_tag-krane-und-hebebuhnen-de product_tag-maschinen-de product_tag-pumpen-de product_tag-winden-de has-post-thumbnail product-type-simple\">\n\t<a href=\"https:\/\/akerstroms.se\/de\/produkt\/remotus-500jd\/\" class=\"woocommerce-LoopProduct-link woocommerce-loop-product__link\"><div class='img-container'><img loading=\"lazy\" decoding=\"async\" width=\"300\" height=\"400\" src=\"https:\/\/akerstroms.se\/app\/uploads\/2021\/04\/Remotus-500-1-300x400.jpg\" class=\"attachment-woocommerce_thumbnail size-woocommerce_thumbnail\" alt=\"Remotus 500 Beckengurtsender\" srcset=\"https:\/\/akerstroms.se\/app\/uploads\/2021\/04\/Remotus-500-1-300x400.jpg 300w, https:\/\/akerstroms.se\/app\/uploads\/2021\/04\/Remotus-500-1-600x800.jpg 600w, https:\/\/akerstroms.se\/app\/uploads\/2021\/04\/Remotus-500-1-250x333.jpg 250w, https:\/\/akerstroms.se\/app\/uploads\/2021\/04\/Remotus-500-1-700x933.jpg 700w, https:\/\/akerstroms.se\/app\/uploads\/2021\/04\/Remotus-500-1-768x1024.jpg 768w, https:\/\/akerstroms.se\/app\/uploads\/2021\/04\/Remotus-500-1-120x160.jpg 120w, https:\/\/akerstroms.se\/app\/uploads\/2021\/04\/Remotus-500-1-540x720.jpg 540w, https:\/\/akerstroms.se\/app\/uploads\/2021\/04\/Remotus-500-1.jpg 930w\" sizes=\"auto, (max-width: 300px) 100vw, 300px\" \/><\/div><h2 class=\"woocommerce-loop-product__title\">Remotus 500JD<\/h2><\/a><div class=\"product-loop-item-info\"><\/div><\/li>\n<\/div>                        <div class=\"glide__slide\">\r\n                            <li class=\"product type-product post-9705 status-publish instock product_cat-beckengurtsender-de product_cat-remotus-de product_tag-fahrzeuge-und-aufbauten-de product_tag-hafen-und-fahren-de product_tag-krane-und-hebebuhnen-de product_tag-maschinen-de product_tag-pumpen-de product_tag-winden-de has-post-thumbnail product-type-simple\">\n\t<a href=\"https:\/\/akerstroms.se\/de\/produkt\/remotus-300jd\/\" class=\"woocommerce-LoopProduct-link woocommerce-loop-product__link\"><div class='img-container'><img loading=\"lazy\" decoding=\"async\" width=\"300\" height=\"400\" src=\"https:\/\/akerstroms.se\/app\/uploads\/2021\/04\/Remotus-300JD-1-300x400.jpg\" class=\"attachment-woocommerce_thumbnail size-woocommerce_thumbnail\" alt=\"Remotus 300JD\" srcset=\"https:\/\/akerstroms.se\/app\/uploads\/2021\/04\/Remotus-300JD-1-300x400.jpg 300w, https:\/\/akerstroms.se\/app\/uploads\/2021\/04\/Remotus-300JD-1-600x800.jpg 600w, https:\/\/akerstroms.se\/app\/uploads\/2021\/04\/Remotus-300JD-1-250x333.jpg 250w, https:\/\/akerstroms.se\/app\/uploads\/2021\/04\/Remotus-300JD-1-700x933.jpg 700w, https:\/\/akerstroms.se\/app\/uploads\/2021\/04\/Remotus-300JD-1-768x1024.jpg 768w, https:\/\/akerstroms.se\/app\/uploads\/2021\/04\/Remotus-300JD-1-120x160.jpg 120w, https:\/\/akerstroms.se\/app\/uploads\/2021\/04\/Remotus-300JD-1-540x720.jpg 540w, https:\/\/akerstroms.se\/app\/uploads\/2021\/04\/Remotus-300JD-1.jpg 930w\" sizes=\"auto, (max-width: 300px) 100vw, 300px\" \/><\/div><h2 class=\"woocommerce-loop-product__title\">Remotus 300JD<\/h2><\/a><div class=\"product-loop-item-info\"><\/div><\/li>\n<\/div>                        <div class=\"glide__slide\">\r\n                            <li class=\"product type-product post-9861 status-publish last instock product_cat-handsender-de product_cat-remotus-de product_tag-fahrzeuge-und-aufbauten-de product_tag-hafen-und-fahren-de product_tag-maschinen-de product_tag-winden-de has-post-thumbnail product-type-simple\">\n\t<a href=\"https:\/\/akerstroms.se\/de\/produkt\/remotus-28jbd\/\" class=\"woocommerce-LoopProduct-link woocommerce-loop-product__link\"><div class='img-container'><img loading=\"lazy\" decoding=\"async\" width=\"300\" height=\"410\" src=\"https:\/\/akerstroms.se\/app\/uploads\/2021\/04\/Remotus-28JBD-300x410.jpg\" class=\"attachment-woocommerce_thumbnail size-woocommerce_thumbnail\" alt=\"Remotus 28JBD\" srcset=\"https:\/\/akerstroms.se\/app\/uploads\/2021\/04\/Remotus-28JBD-300x410.jpg 300w, https:\/\/akerstroms.se\/app\/uploads\/2021\/04\/Remotus-28JBD-600x820.jpg 600w, https:\/\/akerstroms.se\/app\/uploads\/2021\/04\/Remotus-28JBD-250x342.jpg 250w, https:\/\/akerstroms.se\/app\/uploads\/2021\/04\/Remotus-28JBD-700x957.jpg 700w, https:\/\/akerstroms.se\/app\/uploads\/2021\/04\/Remotus-28JBD-768x1050.jpg 768w, https:\/\/akerstroms.se\/app\/uploads\/2021\/04\/Remotus-28JBD-120x164.jpg 120w, https:\/\/akerstroms.se\/app\/uploads\/2021\/04\/Remotus-28JBD-540x738.jpg 540w, https:\/\/akerstroms.se\/app\/uploads\/2021\/04\/Remotus-28JBD.jpg 930w\" sizes=\"auto, (max-width: 300px) 100vw, 300px\" \/><\/div><h2 class=\"woocommerce-loop-product__title\">Remotus 28JBD<\/h2><\/a><div class=\"product-loop-item-info\"><\/div><\/li>\n<\/div>                        <div class=\"glide__slide\">\r\n                            <li class=\"product type-product post-9852 status-publish first instock product_cat-empfanger-de product_cat-remotus-de product_tag-fahrzeuge-und-aufbauten-de product_tag-hafen-und-fahren-de product_tag-maschinen-de product_tag-winden-de has-post-thumbnail product-type-simple\">\n\t<a href=\"https:\/\/akerstroms.se\/de\/produkt\/remotus-t-rx-500\/\" class=\"woocommerce-LoopProduct-link woocommerce-loop-product__link\"><div class='img-container'><img loading=\"lazy\" decoding=\"async\" width=\"300\" height=\"386\" src=\"https:\/\/akerstroms.se\/app\/uploads\/2021\/04\/T-RX500-1-300x386.jpg\" class=\"attachment-woocommerce_thumbnail size-woocommerce_thumbnail\" alt=\"Remotus T-RX500\" srcset=\"https:\/\/akerstroms.se\/app\/uploads\/2021\/04\/T-RX500-1-300x386.jpg 300w, https:\/\/akerstroms.se\/app\/uploads\/2021\/04\/T-RX500-1-600x772.jpg 600w, https:\/\/akerstroms.se\/app\/uploads\/2021\/04\/T-RX500-1-250x322.jpg 250w, https:\/\/akerstroms.se\/app\/uploads\/2021\/04\/T-RX500-1-700x900.jpg 700w, https:\/\/akerstroms.se\/app\/uploads\/2021\/04\/T-RX500-1-768x988.jpg 768w, https:\/\/akerstroms.se\/app\/uploads\/2021\/04\/T-RX500-1-120x154.jpg 120w, https:\/\/akerstroms.se\/app\/uploads\/2021\/04\/T-RX500-1-540x694.jpg 540w, https:\/\/akerstroms.se\/app\/uploads\/2021\/04\/T-RX500-1.jpg 930w\" sizes=\"auto, (max-width: 300px) 100vw, 300px\" \/><\/div><h2 class=\"woocommerce-loop-product__title\">Remotus T-RX 500<\/h2><\/a><div class=\"product-loop-item-info\"><\/div><\/li>\n<\/div>                        <div class=\"glide__slide\">\r\n                            <li class=\"product type-product post-9856 status-publish instock product_cat-empfanger-de product_cat-remotus-de product_tag-fahrzeuge-und-aufbauten-de product_tag-hafen-und-fahren-de product_tag-maschinen-de product_tag-winden-de has-post-thumbnail product-type-simple\">\n\t<a href=\"https:\/\/akerstroms.se\/de\/produkt\/remotus-t-rx100\/\" class=\"woocommerce-LoopProduct-link woocommerce-loop-product__link\"><div class='img-container'><img loading=\"lazy\" decoding=\"async\" width=\"300\" height=\"400\" src=\"https:\/\/akerstroms.se\/app\/uploads\/2021\/04\/T-RX100-300x400.jpg\" class=\"attachment-woocommerce_thumbnail size-woocommerce_thumbnail\" alt=\"T-RX 100\" srcset=\"https:\/\/akerstroms.se\/app\/uploads\/2021\/04\/T-RX100-300x400.jpg 300w, https:\/\/akerstroms.se\/app\/uploads\/2021\/04\/T-RX100-600x800.jpg 600w, https:\/\/akerstroms.se\/app\/uploads\/2021\/04\/T-RX100-250x333.jpg 250w, https:\/\/akerstroms.se\/app\/uploads\/2021\/04\/T-RX100-700x933.jpg 700w, https:\/\/akerstroms.se\/app\/uploads\/2021\/04\/T-RX100-768x1024.jpg 768w, https:\/\/akerstroms.se\/app\/uploads\/2021\/04\/T-RX100-120x160.jpg 120w, https:\/\/akerstroms.se\/app\/uploads\/2021\/04\/T-RX100-540x720.jpg 540w, https:\/\/akerstroms.se\/app\/uploads\/2021\/04\/T-RX100.jpg 930w\" sizes=\"auto, (max-width: 300px) 100vw, 300px\" \/><\/div><h2 class=\"woocommerce-loop-product__title\">Remotus T-RX 100<\/h2><\/a><div class=\"product-loop-item-info\"><\/div><\/li>\n<\/div>                        <div class=\"glide__slide\">\r\n                            <li class=\"product type-product post-9889 status-publish instock product_cat-handsender-de product_cat-remotus-de product_tag-fahrzeuge-und-aufbauten-de product_tag-hafen-und-fahren-de product_tag-krane-und-hebebuhnen-de product_tag-maschinen-de product_tag-pumpen-de product_tag-sonstige-steuerungen-de product_tag-winden-de has-post-thumbnail product-type-simple\">\n\t<a href=\"https:\/\/akerstroms.se\/de\/produkt\/remotus-12bd\/\" class=\"woocommerce-LoopProduct-link woocommerce-loop-product__link\"><div class='img-container'><img loading=\"lazy\" decoding=\"async\" width=\"300\" height=\"410\" src=\"https:\/\/akerstroms.se\/app\/uploads\/2021\/04\/Remotus-12BD-300x410.jpg\" class=\"attachment-woocommerce_thumbnail size-woocommerce_thumbnail\" alt=\"Remotus 12BD\" srcset=\"https:\/\/akerstroms.se\/app\/uploads\/2021\/04\/Remotus-12BD-300x410.jpg 300w, https:\/\/akerstroms.se\/app\/uploads\/2021\/04\/Remotus-12BD-600x820.jpg 600w, https:\/\/akerstroms.se\/app\/uploads\/2021\/04\/Remotus-12BD-250x342.jpg 250w, https:\/\/akerstroms.se\/app\/uploads\/2021\/04\/Remotus-12BD-700x957.jpg 700w, https:\/\/akerstroms.se\/app\/uploads\/2021\/04\/Remotus-12BD-768x1050.jpg 768w, https:\/\/akerstroms.se\/app\/uploads\/2021\/04\/Remotus-12BD-120x164.jpg 120w, https:\/\/akerstroms.se\/app\/uploads\/2021\/04\/Remotus-12BD-540x738.jpg 540w, https:\/\/akerstroms.se\/app\/uploads\/2021\/04\/Remotus-12BD.jpg 930w\" sizes=\"auto, (max-width: 300px) 100vw, 300px\" \/><\/div><h2 class=\"woocommerce-loop-product__title\">Remotus 12BD<\/h2><\/a><div class=\"product-loop-item-info\"><\/div><\/li>\n<\/div><\/div><\/div>\r\n                        <div class=\"controls flex-row-wrapper\" data-glide-el=\"controls\">\r\n                            <button class=\"controls--btn prev\" data-glide-dir=\"&lt;\"><i class=\"far fa-angle-left\"><\/i><\/button>\r\n                            <button class=\"controls--btn next\" data-glide-dir=\"&gt;\"><i class=\"far fa-angle-right\"><\/i><\/button>\r\n                        <\/div>\r\n                                        <\/div>\r\n                            <\/div>\r\n        <\/div>\r\n    <\/section>\r\n\n<div style=\"height:100px\" aria-hidden=\"true\" class=\"wp-block-spacer\"><\/div>\n","protected":false},"excerpt":{"rendered":"<p>Kontrolle und Sicherheit in maritimen Umgebungen Profitieren Sie von unserer Fachkenntnis und Erfahrung rund um bessere Kontrolle und Sicherheit bei vielen maritimen Anwendungsbereichen, beispielsweise F\u00e4hranlegestellen,&#8230;<\/p>\n","protected":false},"author":1,"featured_media":0,"parent":0,"menu_order":0,"comment_status":"closed","ping_status":"closed","template":"","meta":{"_acf_changed":false,"footnotes":""},"class_list":["post-10482","page","type-page","status-publish","hentry"],"acf":[],"yoast_head":"<!-- This site is optimized with the Yoast SEO plugin v27.4 - https:\/\/yoast.com\/product\/yoast-seo-wordpress\/ -->\n<title>Hafen und F\u00e4hren - \u00c5kerstr\u00f6ms Bj\u00f6rbo<\/title>\n<meta name=\"robots\" content=\"index, follow, max-snippet:-1, max-image-preview:large, max-video-preview:-1\" \/>\n<link rel=\"canonical\" href=\"https:\/\/akerstroms.se\/de\/hafen-und-fahren\/\" \/>\n<meta property=\"og:locale\" content=\"de_DE\" \/>\n<meta property=\"og:type\" content=\"article\" \/>\n<meta property=\"og:title\" content=\"Hafen und F\u00e4hren - \u00c5kerstr\u00f6ms Bj\u00f6rbo\" \/>\n<meta property=\"og:description\" content=\"Kontrolle und Sicherheit in maritimen Umgebungen Profitieren Sie von unserer Fachkenntnis und Erfahrung rund um bessere Kontrolle und Sicherheit bei vielen maritimen Anwendungsbereichen, beispielsweise F\u00e4hranlegestellen,...\" \/>\n<meta property=\"og:url\" content=\"https:\/\/akerstroms.se\/de\/hafen-und-fahren\/\" \/>\n<meta property=\"og:site_name\" content=\"\u00c5kerstr\u00f6ms Bj\u00f6rbo\" \/>\n<meta property=\"article:publisher\" content=\"https:\/\/www.facebook.com\/akerstroms.se\" \/>\n<meta property=\"article:modified_time\" content=\"2021-10-19T11:34:48+00:00\" \/>\n<meta property=\"og:image\" content=\"https:\/\/akerstroms.se\/app\/uploads\/2021\/09\/Akerstroms-remote-controls.jpg\" \/>\n\t<meta property=\"og:image:width\" content=\"1200\" \/>\n\t<meta property=\"og:image:height\" content=\"675\" \/>\n\t<meta property=\"og:image:type\" content=\"image\/jpeg\" \/>\n<meta name=\"twitter:card\" content=\"summary_large_image\" \/>\n<meta name=\"twitter:label1\" content=\"Gesch\u00e4tzte Lesezeit\" \/>\n\t<meta name=\"twitter:data1\" content=\"1\u00a0Minute\" \/>\n<script type=\"application\/ld+json\" class=\"yoast-schema-graph\">{\"@context\":\"https:\\\/\\\/schema.org\",\"@graph\":[{\"@type\":\"WebPage\",\"@id\":\"https:\\\/\\\/akerstroms.se\\\/de\\\/hafen-und-fahren\\\/\",\"url\":\"https:\\\/\\\/akerstroms.se\\\/de\\\/hafen-und-fahren\\\/\",\"name\":\"Hafen und F\u00e4hren - \u00c5kerstr\u00f6ms Bj\u00f6rbo\",\"isPartOf\":{\"@id\":\"https:\\\/\\\/akerstroms.se\\\/#website\"},\"datePublished\":\"2021-09-30T07:13:57+00:00\",\"dateModified\":\"2021-10-19T11:34:48+00:00\",\"breadcrumb\":{\"@id\":\"https:\\\/\\\/akerstroms.se\\\/de\\\/hafen-und-fahren\\\/#breadcrumb\"},\"inLanguage\":\"de\",\"potentialAction\":[{\"@type\":\"ReadAction\",\"target\":[\"https:\\\/\\\/akerstroms.se\\\/de\\\/hafen-und-fahren\\\/\"]}]},{\"@type\":\"BreadcrumbList\",\"@id\":\"https:\\\/\\\/akerstroms.se\\\/de\\\/hafen-und-fahren\\\/#breadcrumb\",\"itemListElement\":[{\"@type\":\"ListItem\",\"position\":1,\"name\":\"Home\",\"item\":\"https:\\\/\\\/akerstroms.se\\\/de\\\/\"},{\"@type\":\"ListItem\",\"position\":2,\"name\":\"Hafen und F\u00e4hren\"}]},{\"@type\":\"WebSite\",\"@id\":\"https:\\\/\\\/akerstroms.se\\\/#website\",\"url\":\"https:\\\/\\\/akerstroms.se\\\/\",\"name\":\"\u00c5kerstr\u00f6ms Bj\u00f6rbo\",\"description\":\"Radiostyrning f\u00f6r industriella och mobila applikationer\",\"publisher\":{\"@id\":\"https:\\\/\\\/akerstroms.se\\\/#organization\"},\"potentialAction\":[{\"@type\":\"SearchAction\",\"target\":{\"@type\":\"EntryPoint\",\"urlTemplate\":\"https:\\\/\\\/akerstroms.se\\\/?s={search_term_string}\"},\"query-input\":{\"@type\":\"PropertyValueSpecification\",\"valueRequired\":true,\"valueName\":\"search_term_string\"}}],\"inLanguage\":\"de\"},{\"@type\":\"Organization\",\"@id\":\"https:\\\/\\\/akerstroms.se\\\/#organization\",\"name\":\"\u00c5kerstr\u00f6ms AB\",\"url\":\"https:\\\/\\\/akerstroms.se\\\/\",\"logo\":{\"@type\":\"ImageObject\",\"inLanguage\":\"de\",\"@id\":\"https:\\\/\\\/akerstroms.se\\\/#\\\/schema\\\/logo\\\/image\\\/\",\"url\":\"https:\\\/\\\/akerstroms.se\\\/app\\\/uploads\\\/2021\\\/10\\\/akerstroms-logo.png\",\"contentUrl\":\"https:\\\/\\\/akerstroms.se\\\/app\\\/uploads\\\/2021\\\/10\\\/akerstroms-logo.png\",\"width\":400,\"height\":86,\"caption\":\"\u00c5kerstr\u00f6ms AB\"},\"image\":{\"@id\":\"https:\\\/\\\/akerstroms.se\\\/#\\\/schema\\\/logo\\\/image\\\/\"},\"sameAs\":[\"https:\\\/\\\/www.facebook.com\\\/akerstroms.se\",\"https:\\\/\\\/www.linkedin.com\\\/company\\\/akerstroms\\\/\",\"https:\\\/\\\/www.youtube.com\\\/channel\\\/UC8S-jX9nA8c9qBaTlgqg1CQ\"]}]}<\/script>\n<!-- \/ Yoast SEO plugin. -->","yoast_head_json":{"title":"Hafen und F\u00e4hren - \u00c5kerstr\u00f6ms Bj\u00f6rbo","robots":{"index":"index","follow":"follow","max-snippet":"max-snippet:-1","max-image-preview":"max-image-preview:large","max-video-preview":"max-video-preview:-1"},"canonical":"https:\/\/akerstroms.se\/de\/hafen-und-fahren\/","og_locale":"de_DE","og_type":"article","og_title":"Hafen und F\u00e4hren - \u00c5kerstr\u00f6ms Bj\u00f6rbo","og_description":"Kontrolle und Sicherheit in maritimen Umgebungen Profitieren Sie von unserer Fachkenntnis und Erfahrung rund um bessere Kontrolle und Sicherheit bei vielen maritimen Anwendungsbereichen, beispielsweise F\u00e4hranlegestellen,...","og_url":"https:\/\/akerstroms.se\/de\/hafen-und-fahren\/","og_site_name":"\u00c5kerstr\u00f6ms Bj\u00f6rbo","article_publisher":"https:\/\/www.facebook.com\/akerstroms.se","article_modified_time":"2021-10-19T11:34:48+00:00","og_image":[{"width":1200,"height":675,"url":"https:\/\/akerstroms.se\/app\/uploads\/2021\/09\/Akerstroms-remote-controls.jpg","type":"image\/jpeg"}],"twitter_card":"summary_large_image","twitter_misc":{"Gesch\u00e4tzte Lesezeit":"1\u00a0Minute"},"schema":{"@context":"https:\/\/schema.org","@graph":[{"@type":"WebPage","@id":"https:\/\/akerstroms.se\/de\/hafen-und-fahren\/","url":"https:\/\/akerstroms.se\/de\/hafen-und-fahren\/","name":"Hafen und F\u00e4hren - \u00c5kerstr\u00f6ms Bj\u00f6rbo","isPartOf":{"@id":"https:\/\/akerstroms.se\/#website"},"datePublished":"2021-09-30T07:13:57+00:00","dateModified":"2021-10-19T11:34:48+00:00","breadcrumb":{"@id":"https:\/\/akerstroms.se\/de\/hafen-und-fahren\/#breadcrumb"},"inLanguage":"de","potentialAction":[{"@type":"ReadAction","target":["https:\/\/akerstroms.se\/de\/hafen-und-fahren\/"]}]},{"@type":"BreadcrumbList","@id":"https:\/\/akerstroms.se\/de\/hafen-und-fahren\/#breadcrumb","itemListElement":[{"@type":"ListItem","position":1,"name":"Home","item":"https:\/\/akerstroms.se\/de\/"},{"@type":"ListItem","position":2,"name":"Hafen und F\u00e4hren"}]},{"@type":"WebSite","@id":"https:\/\/akerstroms.se\/#website","url":"https:\/\/akerstroms.se\/","name":"\u00c5kerstr\u00f6ms Bj\u00f6rbo","description":"Radiostyrning f\u00f6r industriella och mobila applikationer","publisher":{"@id":"https:\/\/akerstroms.se\/#organization"},"potentialAction":[{"@type":"SearchAction","target":{"@type":"EntryPoint","urlTemplate":"https:\/\/akerstroms.se\/?s={search_term_string}"},"query-input":{"@type":"PropertyValueSpecification","valueRequired":true,"valueName":"search_term_string"}}],"inLanguage":"de"},{"@type":"Organization","@id":"https:\/\/akerstroms.se\/#organization","name":"\u00c5kerstr\u00f6ms AB","url":"https:\/\/akerstroms.se\/","logo":{"@type":"ImageObject","inLanguage":"de","@id":"https:\/\/akerstroms.se\/#\/schema\/logo\/image\/","url":"https:\/\/akerstroms.se\/app\/uploads\/2021\/10\/akerstroms-logo.png","contentUrl":"https:\/\/akerstroms.se\/app\/uploads\/2021\/10\/akerstroms-logo.png","width":400,"height":86,"caption":"\u00c5kerstr\u00f6ms AB"},"image":{"@id":"https:\/\/akerstroms.se\/#\/schema\/logo\/image\/"},"sameAs":["https:\/\/www.facebook.com\/akerstroms.se","https:\/\/www.linkedin.com\/company\/akerstroms\/","https:\/\/www.youtube.com\/channel\/UC8S-jX9nA8c9qBaTlgqg1CQ"]}]}},"_links":{"self":[{"href":"https:\/\/akerstroms.se\/de\/wp-json\/wp\/v2\/pages\/10482","targetHints":{"allow":["GET"]}}],"collection":[{"href":"https:\/\/akerstroms.se\/de\/wp-json\/wp\/v2\/pages"}],"about":[{"href":"https:\/\/akerstroms.se\/de\/wp-json\/wp\/v2\/types\/page"}],"author":[{"embeddable":true,"href":"https:\/\/akerstroms.se\/de\/wp-json\/wp\/v2\/users\/1"}],"replies":[{"embeddable":true,"href":"https:\/\/akerstroms.se\/de\/wp-json\/wp\/v2\/comments?post=10482"}],"version-history":[{"count":5,"href":"https:\/\/akerstroms.se\/de\/wp-json\/wp\/v2\/pages\/10482\/revisions"}],"predecessor-version":[{"id":12848,"href":"https:\/\/akerstroms.se\/de\/wp-json\/wp\/v2\/pages\/10482\/revisions\/12848"}],"wp:attachment":[{"href":"https:\/\/akerstroms.se\/de\/wp-json\/wp\/v2\/media?parent=10482"}],"curies":[{"name":"wp","href":"https:\/\/api.w.org\/{rel}","templated":true}]}}