{"id":10481,"date":"2021-09-30T09:13:53","date_gmt":"2021-09-30T07:13:53","guid":{"rendered":"https:\/\/akerstroms.se\/anwendungen-in-der-industrie\/"},"modified":"2022-01-04T11:41:27","modified_gmt":"2022-01-04T10:41:27","slug":"anwendungen-in-der-industrie","status":"publish","type":"page","link":"https:\/\/akerstroms.se\/de\/anwendungen-in-der-industrie\/","title":{"rendered":"Anwendungen in der Industrie"},"content":{"rendered":"<section class=\"hero alignfull tone \" style=\"background-image: url(https:\/\/akerstroms.se\/app\/uploads\/2021\/02\/claudio-hirschberger-576973-unsplash-scaled.jpg);\">\r\n        <div class=\"hero__text container\">\r\n        <h1 class=\"hero__title\">Anwendungen in der Industrie<\/h1>\r\n                    <p class=\"hero__excerpt\">Wir bieten sichere und robuste Produkte und L\u00f6sungen f\u00fcr alle Arten von Industriekr\u00e4nen \u2013 f\u00fcr leichte und einfache Hebevorg\u00e4nge ebenso wie f\u00fcr schwere und komplizierte \u2013 sowie zum \u00d6ffnen und Schlie\u00dfen von T\u00fcren, Toren und Schranken. Unser Angebot umfasst alles von einfachen Standardl\u00f6sungen bis zu anspruchsvollen Komplettl\u00f6sungen. Wir verf\u00fcgen \u00fcber fundierte Fachkenntnisse und Expertise im Bereich komplexer Spezialanpassungen, bei denen sich durch die Kombination mehrerer Systeme Ihre s\u00e4mtlichen Prozesse, einschlie\u00dflich der anspruchsvollsten, effizient steuern lassen. Mehrere unserer Systeme lassen sich um Benutzerrechteverwaltung und vernetzte Dienste erg\u00e4nzen.<\/p>\r\n            <\/div>\r\n<\/section>\r\n\n\n\n<div class=\"wp-block-cover alignfull has-background-dim\" style=\"background-color:#ef7f00\"><div class=\"wp-block-cover__inner-container is-layout-flow wp-block-cover-is-layout-flow\">    <section class=\"linkables container bleed\" data-color=\"black\">\r\n                    <div class=\"linkables__block flex-row-wrapper\" id=\"kraene\">\r\n                <div class=\"linkables__block__img\">\r\n                                        <img decoding=\"async\" src=\"https:\/\/akerstroms.se\/app\/uploads\/2021\/05\/kranar_lyft.jpg\" alt=\"Kranar &#038; lyft\">\r\n                <\/div>\r\n                <div class=\"linkables__block__text\">\r\n                    <h3 class=\"linkables__block__title\">Kr\u00e4ne und Hebeb\u00fchnen<\/h3>\r\n                    <p class=\"linkables__block__excerpt\">Industriekr\u00e4ne, Hebezeug, Schwenk- und Baukr\u00e4ne f\u00fcr leichte, schwere und komplizierte Hebevorg\u00e4nge<\/p>\r\n                                            <a class=\"linkables__block__button button button--primary\" href=\"https:\/\/akerstroms.se\/de\/krane-und-hebebuhnen\/\" title=\"Kr\u00e4ne und Hebeb\u00fchnen\" target=\"\">\r\n                            Kr\u00e4ne und Hebeb\u00fchnen                        <\/a>\r\n                                    <\/div>\r\n            <\/div>\r\n                    <div class=\"linkables__block flex-row-wrapper\" id=\"tore\">\r\n                <div class=\"linkables__block__img\">\r\n                                        <img decoding=\"async\" src=\"https:\/\/akerstroms.se\/app\/uploads\/2021\/05\/portar.jpg\" alt=\"Portar, grindar &#038; bommar\">\r\n                <\/div>\r\n                <div class=\"linkables__block__text\">\r\n                    <h3 class=\"linkables__block__title\">T\u00fcren, Tore und Schranken<\/h3>\r\n                    <p class=\"linkables__block__excerpt\">\u00d6ffnen\/Schlie\u00dfen von Industrie- und Garagentoren, Schranken uvm.<\/p>\r\n                                            <a class=\"linkables__block__button button button--primary\" href=\"https:\/\/akerstroms.se\/de\/turen-tore-und-schranken\/\" title=\"T\u00fcren, Tore und Schranken\" target=\"\">\r\n                            T\u00fcren, Tore und Schranken                        <\/a>\r\n                                    <\/div>\r\n            <\/div>\r\n                    <div class=\"linkables__block flex-row-wrapper\" id=\"pumpen\">\r\n                <div class=\"linkables__block__img\">\r\n                                        <img decoding=\"async\" src=\"https:\/\/akerstroms.se\/app\/uploads\/2021\/05\/pumpar.jpg\" alt=\"radiostyrning till pumpar\">\r\n                <\/div>\r\n                <div class=\"linkables__block__text\">\r\n                    <h3 class=\"linkables__block__title\">Pumpen<\/h3>\r\n                    <p class=\"linkables__block__excerpt\">Luft-, Vakuum-, Spezialpumpen <\/p>\r\n                                            <a class=\"linkables__block__button button button--primary\" href=\"https:\/\/akerstroms.se\/de\/pumpen\/\" title=\"Pumpen\" target=\"\">\r\n                            Pumpen                        <\/a>\r\n                                    <\/div>\r\n            <\/div>\r\n                    <div class=\"linkables__block flex-row-wrapper\" id=\"hafen\">\r\n                <div class=\"linkables__block__img\">\r\n                                        <img decoding=\"async\" src=\"https:\/\/akerstroms.se\/app\/uploads\/2021\/05\/hamn.jpg\" alt=\"Hamn och f\u00e4rjor\">\r\n                <\/div>\r\n                <div class=\"linkables__block__text\">\r\n                    <h3 class=\"linkables__block__title\">Hafen und F\u00e4hren<\/h3>\r\n                    <p class=\"linkables__block__excerpt\">Schranken, Tore, Rampen auf F\u00e4hren und Speziall\u00f6sungen f\u00fcr komplette F\u00e4hranlegestellen<\/p>\r\n                                            <a class=\"linkables__block__button button button--primary\" href=\"https:\/\/akerstroms.se\/de\/hafen-und-fahren\/\" title=\"Hafen und F\u00e4hren\" target=\"\">\r\n                            Hafen und F\u00e4hren                        <\/a>\r\n                                    <\/div>\r\n            <\/div>\r\n                    <div class=\"linkables__block flex-row-wrapper\" id=\"lagerverwaltung\">\r\n                <div class=\"linkables__block__img\">\r\n                                        <img decoding=\"async\" src=\"https:\/\/akerstroms.se\/app\/uploads\/2021\/05\/lager.jpg\" alt=\"Lager\">\r\n                <\/div>\r\n                <div class=\"linkables__block__text\">\r\n                    <h3 class=\"linkables__block__title\">Lagerverwaltung<\/h3>\r\n                    <p class=\"linkables__block__excerpt\">Lagerregale und Palettensysteme<\/p>\r\n                                            <a class=\"linkables__block__button button button--primary\" href=\"https:\/\/akerstroms.se\/de\/lagerverwaltung\/\" title=\"Lagerverwaltung\" target=\"\">\r\n                            Lagerverwaltung                        <\/a>\r\n                                    <\/div>\r\n            <\/div>\r\n                    <div class=\"linkables__block flex-row-wrapper\" id=\"sonstiges\">\r\n                <div class=\"linkables__block__img\">\r\n                                        <img decoding=\"async\" src=\"https:\/\/akerstroms.se\/app\/uploads\/2021\/03\/remotes_view_1600.jpg\" alt=\"\">\r\n                <\/div>\r\n                <div class=\"linkables__block__text\">\r\n                    <h3 class=\"linkables__block__title\">Sonstige Steuerungen<\/h3>\r\n                    <p class=\"linkables__block__excerpt\">Wir passen unsere L\u00f6sungen an Ihre Anwendungen an. Melden Sie sich bei uns und wir beraten Sie dazu, was f\u00fcr Sie geeignet ist! <\/p>\r\n                                            <a class=\"linkables__block__button button button--primary\" href=\"https:\/\/akerstroms.se\/de\/sonstige-steuerungen\/\" title=\"Sonstige Steuerungen\" target=\"\">\r\n                            Sonstige Steuerungen                        <\/a>\r\n                                    <\/div>\r\n            <\/div>\r\n            <\/section>\r\n<\/div><\/div>\n\n\n\n<div style=\"height:120px\" aria-hidden=\"true\" class=\"wp-block-spacer\"><\/div>\n\n\n\n<h2 class=\"has-text-align-center wp-block-heading\" id=\"h-wir-sind-die-experten-fur-ihren-auftrag\">Wir sind die Experten f\u00fcr Ihren Auftrag<\/h2>\n\n\n\n<p class=\"has-text-align-center\"><strong>Wir haben langj\u00e4hrige Erfahrung sowohl mit Standardl\u00f6sungen als auch mit komplexen Anwendungen. Wollen Sie mehrere unterschiedliche Prozesse effizienter gestalten oder f\u00fcr h\u00f6here Sicherheit an Ihrem Arbeitsplatz sorgen? Wir sind die Experten f\u00fcr Ihren Auftrag. Wenden Sie sich an uns!<\/strong><\/p>\n\n\n\n<div style=\"height:40px\" aria-hidden=\"true\" class=\"wp-block-spacer\"><\/div>\n\n\n\n<div class=\"wp-block-columns is-layout-flex wp-container-core-columns-is-layout-9d6595d7 wp-block-columns-is-layout-flex\">\n<div class=\"wp-block-column is-layout-flow wp-block-column-is-layout-flow\"><a class=\"imagelink\" href=\"http:\/\/akerstroms.se\/kontakt\/\" title=\"Kontakta en expert\" target=\"\">\r\n            <img decoding=\"async\" class=\"imagelink__image\" src=\"https:\/\/akerstroms.se\/app\/uploads\/2021\/02\/leb-800x600x150-dpi-540x405.jpg\" alt=\"Lars-Erik Bergman\">\r\n            <h2 class=\"imagelink__title\">Kontakta en expert<\/h2>\r\n    <\/a>\r\n<\/div>\n\n\n\n<div class=\"wp-block-column is-layout-flow wp-block-column-is-layout-flow\"><a class=\"imagelink\" href=\"https:\/\/akerstroms.se\/kundreferenser\/\" title=\"Kundreferenser\" target=\"\">\r\n            <img decoding=\"async\" class=\"imagelink__image\" src=\"https:\/\/akerstroms.se\/app\/uploads\/2021\/04\/LKAB_MK3_MG_1305-540x360.jpg\" alt=\"\">\r\n            <h2 class=\"imagelink__title\">Kundreferenser<\/h2>\r\n    <\/a>\r\n<\/div>\n<\/div>\n\n\n\n<div style=\"height:50px\" aria-hidden=\"true\" class=\"wp-block-spacer\"><\/div>\n\n\n\n<h2 class=\"has-text-align-center wp-block-heading\" id=\"h-spezial-und-systemlosungen\">Spezial- und Systeml\u00f6sungen<\/h2>\n\n\n\n<p class=\"has-text-align-center\"><strong>Wir verf\u00fcgen \u00fcber fundierte Fachkenntnisse zu komplexen Spezialanpassungen, bei denen mehrere Systeme kombiniert werden, damit Sie Ihre s\u00e4mtlichen Prozesse effizient zu steuern, wie anspruchsvoll die Aufgabenstellung auch ist. Dazu bieten wir verschiedene Dienste f\u00fcr maximale Kontrolle \u00fcber die Arbeit, effizientere Prozesse und Sicherheit des Personals. <\/strong> <\/p>\n\n\n\n<div style=\"height:30px\" aria-hidden=\"true\" class=\"wp-block-spacer\"><\/div>\n\n\n    <section class=\"linkables container\" data-color=\"black\">\r\n                    <div class=\"linkables__block flex-row-wrapper\" id=\"kundenspezifische-loesungen\">\r\n                <div class=\"linkables__block__img\">\r\n                                        <img decoding=\"async\" src=\"https:\/\/akerstroms.se\/app\/uploads\/2021\/06\/IMG_6493-scaled.jpg\" alt=\"\">\r\n                <\/div>\r\n                <div class=\"linkables__block__text\">\r\n                    <h3 class=\"linkables__block__title\">Kundenspezifische L\u00f6sungen<\/h3>\r\n                    <p class=\"linkables__block__excerpt\">L\u00f6sungen zu erstellen, die f\u00fcr unsere Kunden Mehrwert schaffen, liegt uns im Blut.<\/p>\r\n                                            <a class=\"linkables__block__button button button--primary\" href=\"https:\/\/akerstroms.se\/de\/kundenspezifische-produkte\/\" title=\"Mehr erfahren\" target=\"\">\r\n                            Mehr erfahren                        <\/a>\r\n                                    <\/div>\r\n            <\/div>\r\n                    <div class=\"linkables__block flex-row-wrapper\" id=\"dienste\">\r\n                <div class=\"linkables__block__img\">\r\n                                        <img decoding=\"async\" src=\"https:\/\/akerstroms.se\/app\/uploads\/2021\/05\/access-ctrl-industri.png\" alt=\"\">\r\n                <\/div>\r\n                <div class=\"linkables__block__text\">\r\n                    <h3 class=\"linkables__block__title\">Dienste<\/h3>\r\n                    <p class=\"linkables__block__excerpt\">Zus\u00e4tzliche Dienste f\u00fcr maximale Kontrolle und Sicherheit.<\/p>\r\n                                            <a class=\"linkables__block__button button button--primary\" href=\"https:\/\/akerstroms.se\/de\/produkte-dienste\/vernetzte-dienste\/\" title=\"Mehr erfahren\" target=\"\">\r\n                            Mehr erfahren                        <\/a>\r\n                                    <\/div>\r\n            <\/div>\r\n            <\/section>\r\n\n\n\n<div style=\"height:70px\" aria-hidden=\"true\" class=\"wp-block-spacer\"><\/div>\n\n\n\n<div class=\"wp-block-cover alignfull has-background-dim\" style=\"background-color:#ef7f00\"><div class=\"wp-block-cover__inner-container is-layout-flow wp-block-cover-is-layout-flow\">\n<h2 class=\"has-text-align-center has-black-color has-text-color wp-block-heading\" id=\"h-lesen-sie-mehr-uber-unsereprodukte-und-dienste\"><strong>Lesen Sie mehr<\/strong> \u00fcber unsere<br>Produkte und Dienste<\/h2>\n\n\n\n<div class=\"wp-block-buttons is-content-justification-center is-layout-flex wp-block-buttons-is-layout-flex\">\n<div class=\"wp-block-button\"><a class=\"wp-block-button__link has-white-color has-black-background-color has-text-color has-background\" href=\"https:\/\/akerstroms.se\/de\/produktubersicht\/\" style=\"border-radius:3px\">Unser Angebot<\/a><\/div>\n<\/div>\n<\/div><\/div>\n","protected":false},"excerpt":{"rendered":"<p>Wir sind die Experten f\u00fcr Ihren Auftrag Wir haben langj\u00e4hrige Erfahrung sowohl mit Standardl\u00f6sungen als auch mit komplexen Anwendungen. Wollen Sie mehrere unterschiedliche Prozesse effizienter&#8230;<\/p>\n","protected":false},"author":1,"featured_media":0,"parent":0,"menu_order":0,"comment_status":"closed","ping_status":"closed","template":"","meta":{"_acf_changed":false,"footnotes":""},"class_list":["post-10481","page","type-page","status-publish","hentry"],"acf":[],"yoast_head":"<!-- This site is optimized with the Yoast SEO plugin v27.4 - https:\/\/yoast.com\/product\/yoast-seo-wordpress\/ -->\n<title>Anwendungen in der Industrie - \u00c5kerstr\u00f6ms Bj\u00f6rbo<\/title>\n<meta name=\"robots\" content=\"index, follow, max-snippet:-1, max-image-preview:large, max-video-preview:-1\" \/>\n<link rel=\"canonical\" href=\"https:\/\/akerstroms.se\/de\/anwendungen-in-der-industrie\/\" \/>\n<meta property=\"og:locale\" content=\"de_DE\" \/>\n<meta property=\"og:type\" content=\"article\" \/>\n<meta property=\"og:title\" content=\"Anwendungen in der Industrie - \u00c5kerstr\u00f6ms Bj\u00f6rbo\" \/>\n<meta property=\"og:description\" content=\"Wir sind die Experten f\u00fcr Ihren Auftrag Wir haben langj\u00e4hrige Erfahrung sowohl mit Standardl\u00f6sungen als auch mit komplexen Anwendungen. Wollen Sie mehrere unterschiedliche Prozesse effizienter...\" \/>\n<meta property=\"og:url\" content=\"https:\/\/akerstroms.se\/de\/anwendungen-in-der-industrie\/\" \/>\n<meta property=\"og:site_name\" content=\"\u00c5kerstr\u00f6ms Bj\u00f6rbo\" \/>\n<meta property=\"article:publisher\" content=\"https:\/\/www.facebook.com\/akerstroms.se\" \/>\n<meta property=\"article:modified_time\" content=\"2022-01-04T10:41:27+00:00\" \/>\n<meta property=\"og:image\" content=\"https:\/\/akerstroms.se\/app\/uploads\/2021\/09\/Akerstroms-remote-controls.jpg\" \/>\n\t<meta property=\"og:image:width\" content=\"1200\" \/>\n\t<meta property=\"og:image:height\" content=\"675\" \/>\n\t<meta property=\"og:image:type\" content=\"image\/jpeg\" \/>\n<meta name=\"twitter:card\" content=\"summary_large_image\" \/>\n<meta name=\"twitter:label1\" content=\"Gesch\u00e4tzte Lesezeit\" \/>\n\t<meta name=\"twitter:data1\" content=\"1\u00a0Minute\" \/>\n<script type=\"application\/ld+json\" class=\"yoast-schema-graph\">{\"@context\":\"https:\\\/\\\/schema.org\",\"@graph\":[{\"@type\":\"WebPage\",\"@id\":\"https:\\\/\\\/akerstroms.se\\\/de\\\/anwendungen-in-der-industrie\\\/\",\"url\":\"https:\\\/\\\/akerstroms.se\\\/de\\\/anwendungen-in-der-industrie\\\/\",\"name\":\"Anwendungen in der Industrie - \u00c5kerstr\u00f6ms Bj\u00f6rbo\",\"isPartOf\":{\"@id\":\"https:\\\/\\\/akerstroms.se\\\/#website\"},\"datePublished\":\"2021-09-30T07:13:53+00:00\",\"dateModified\":\"2022-01-04T10:41:27+00:00\",\"breadcrumb\":{\"@id\":\"https:\\\/\\\/akerstroms.se\\\/de\\\/anwendungen-in-der-industrie\\\/#breadcrumb\"},\"inLanguage\":\"de\",\"potentialAction\":[{\"@type\":\"ReadAction\",\"target\":[\"https:\\\/\\\/akerstroms.se\\\/de\\\/anwendungen-in-der-industrie\\\/\"]}]},{\"@type\":\"BreadcrumbList\",\"@id\":\"https:\\\/\\\/akerstroms.se\\\/de\\\/anwendungen-in-der-industrie\\\/#breadcrumb\",\"itemListElement\":[{\"@type\":\"ListItem\",\"position\":1,\"name\":\"Home\",\"item\":\"https:\\\/\\\/akerstroms.se\\\/de\\\/\"},{\"@type\":\"ListItem\",\"position\":2,\"name\":\"Anwendungen in der Industrie\"}]},{\"@type\":\"WebSite\",\"@id\":\"https:\\\/\\\/akerstroms.se\\\/#website\",\"url\":\"https:\\\/\\\/akerstroms.se\\\/\",\"name\":\"\u00c5kerstr\u00f6ms Bj\u00f6rbo\",\"description\":\"Radiostyrning f\u00f6r industriella och mobila applikationer\",\"publisher\":{\"@id\":\"https:\\\/\\\/akerstroms.se\\\/#organization\"},\"potentialAction\":[{\"@type\":\"SearchAction\",\"target\":{\"@type\":\"EntryPoint\",\"urlTemplate\":\"https:\\\/\\\/akerstroms.se\\\/?s={search_term_string}\"},\"query-input\":{\"@type\":\"PropertyValueSpecification\",\"valueRequired\":true,\"valueName\":\"search_term_string\"}}],\"inLanguage\":\"de\"},{\"@type\":\"Organization\",\"@id\":\"https:\\\/\\\/akerstroms.se\\\/#organization\",\"name\":\"\u00c5kerstr\u00f6ms AB\",\"url\":\"https:\\\/\\\/akerstroms.se\\\/\",\"logo\":{\"@type\":\"ImageObject\",\"inLanguage\":\"de\",\"@id\":\"https:\\\/\\\/akerstroms.se\\\/#\\\/schema\\\/logo\\\/image\\\/\",\"url\":\"https:\\\/\\\/akerstroms.se\\\/app\\\/uploads\\\/2021\\\/10\\\/akerstroms-logo.png\",\"contentUrl\":\"https:\\\/\\\/akerstroms.se\\\/app\\\/uploads\\\/2021\\\/10\\\/akerstroms-logo.png\",\"width\":400,\"height\":86,\"caption\":\"\u00c5kerstr\u00f6ms AB\"},\"image\":{\"@id\":\"https:\\\/\\\/akerstroms.se\\\/#\\\/schema\\\/logo\\\/image\\\/\"},\"sameAs\":[\"https:\\\/\\\/www.facebook.com\\\/akerstroms.se\",\"https:\\\/\\\/www.linkedin.com\\\/company\\\/akerstroms\\\/\",\"https:\\\/\\\/www.youtube.com\\\/channel\\\/UC8S-jX9nA8c9qBaTlgqg1CQ\"]}]}<\/script>\n<!-- \/ Yoast SEO plugin. -->","yoast_head_json":{"title":"Anwendungen in der Industrie - \u00c5kerstr\u00f6ms Bj\u00f6rbo","robots":{"index":"index","follow":"follow","max-snippet":"max-snippet:-1","max-image-preview":"max-image-preview:large","max-video-preview":"max-video-preview:-1"},"canonical":"https:\/\/akerstroms.se\/de\/anwendungen-in-der-industrie\/","og_locale":"de_DE","og_type":"article","og_title":"Anwendungen in der Industrie - \u00c5kerstr\u00f6ms Bj\u00f6rbo","og_description":"Wir sind die Experten f\u00fcr Ihren Auftrag Wir haben langj\u00e4hrige Erfahrung sowohl mit Standardl\u00f6sungen als auch mit komplexen Anwendungen. Wollen Sie mehrere unterschiedliche Prozesse effizienter...","og_url":"https:\/\/akerstroms.se\/de\/anwendungen-in-der-industrie\/","og_site_name":"\u00c5kerstr\u00f6ms Bj\u00f6rbo","article_publisher":"https:\/\/www.facebook.com\/akerstroms.se","article_modified_time":"2022-01-04T10:41:27+00:00","og_image":[{"width":1200,"height":675,"url":"https:\/\/akerstroms.se\/app\/uploads\/2021\/09\/Akerstroms-remote-controls.jpg","type":"image\/jpeg"}],"twitter_card":"summary_large_image","twitter_misc":{"Gesch\u00e4tzte Lesezeit":"1\u00a0Minute"},"schema":{"@context":"https:\/\/schema.org","@graph":[{"@type":"WebPage","@id":"https:\/\/akerstroms.se\/de\/anwendungen-in-der-industrie\/","url":"https:\/\/akerstroms.se\/de\/anwendungen-in-der-industrie\/","name":"Anwendungen in der Industrie - \u00c5kerstr\u00f6ms Bj\u00f6rbo","isPartOf":{"@id":"https:\/\/akerstroms.se\/#website"},"datePublished":"2021-09-30T07:13:53+00:00","dateModified":"2022-01-04T10:41:27+00:00","breadcrumb":{"@id":"https:\/\/akerstroms.se\/de\/anwendungen-in-der-industrie\/#breadcrumb"},"inLanguage":"de","potentialAction":[{"@type":"ReadAction","target":["https:\/\/akerstroms.se\/de\/anwendungen-in-der-industrie\/"]}]},{"@type":"BreadcrumbList","@id":"https:\/\/akerstroms.se\/de\/anwendungen-in-der-industrie\/#breadcrumb","itemListElement":[{"@type":"ListItem","position":1,"name":"Home","item":"https:\/\/akerstroms.se\/de\/"},{"@type":"ListItem","position":2,"name":"Anwendungen in der Industrie"}]},{"@type":"WebSite","@id":"https:\/\/akerstroms.se\/#website","url":"https:\/\/akerstroms.se\/","name":"\u00c5kerstr\u00f6ms Bj\u00f6rbo","description":"Radiostyrning f\u00f6r industriella och mobila applikationer","publisher":{"@id":"https:\/\/akerstroms.se\/#organization"},"potentialAction":[{"@type":"SearchAction","target":{"@type":"EntryPoint","urlTemplate":"https:\/\/akerstroms.se\/?s={search_term_string}"},"query-input":{"@type":"PropertyValueSpecification","valueRequired":true,"valueName":"search_term_string"}}],"inLanguage":"de"},{"@type":"Organization","@id":"https:\/\/akerstroms.se\/#organization","name":"\u00c5kerstr\u00f6ms AB","url":"https:\/\/akerstroms.se\/","logo":{"@type":"ImageObject","inLanguage":"de","@id":"https:\/\/akerstroms.se\/#\/schema\/logo\/image\/","url":"https:\/\/akerstroms.se\/app\/uploads\/2021\/10\/akerstroms-logo.png","contentUrl":"https:\/\/akerstroms.se\/app\/uploads\/2021\/10\/akerstroms-logo.png","width":400,"height":86,"caption":"\u00c5kerstr\u00f6ms AB"},"image":{"@id":"https:\/\/akerstroms.se\/#\/schema\/logo\/image\/"},"sameAs":["https:\/\/www.facebook.com\/akerstroms.se","https:\/\/www.linkedin.com\/company\/akerstroms\/","https:\/\/www.youtube.com\/channel\/UC8S-jX9nA8c9qBaTlgqg1CQ"]}]}},"_links":{"self":[{"href":"https:\/\/akerstroms.se\/de\/wp-json\/wp\/v2\/pages\/10481","targetHints":{"allow":["GET"]}}],"collection":[{"href":"https:\/\/akerstroms.se\/de\/wp-json\/wp\/v2\/pages"}],"about":[{"href":"https:\/\/akerstroms.se\/de\/wp-json\/wp\/v2\/types\/page"}],"author":[{"embeddable":true,"href":"https:\/\/akerstroms.se\/de\/wp-json\/wp\/v2\/users\/1"}],"replies":[{"embeddable":true,"href":"https:\/\/akerstroms.se\/de\/wp-json\/wp\/v2\/comments?post=10481"}],"version-history":[{"count":30,"href":"https:\/\/akerstroms.se\/de\/wp-json\/wp\/v2\/pages\/10481\/revisions"}],"predecessor-version":[{"id":14540,"href":"https:\/\/akerstroms.se\/de\/wp-json\/wp\/v2\/pages\/10481\/revisions\/14540"}],"wp:attachment":[{"href":"https:\/\/akerstroms.se\/de\/wp-json\/wp\/v2\/media?parent=10481"}],"curies":[{"name":"wp","href":"https:\/\/api.w.org\/{rel}","templated":true}]}}