{"id":10479,"date":"2021-09-30T09:13:45","date_gmt":"2021-09-30T07:13:45","guid":{"rendered":"https:\/\/akerstroms.se\/datenschutzerklarung\/"},"modified":"2021-10-26T07:55:05","modified_gmt":"2021-10-26T05:55:05","slug":"datenschutzerklarung","status":"publish","type":"page","link":"https:\/\/akerstroms.se\/de\/datenschutzerklarung\/","title":{"rendered":"Datenschutzerkl\u00e4rung"},"content":{"rendered":"\n<h1 class=\"wp-block-heading\" id=\"h-datenschutzerkl-rung\">Datenschutzerkl\u00e4rung<\/h1>\n\n\n\n<h4 class=\"wp-block-heading\" id=\"h-verarbeitung-personenbezogener-datengrundlegende-prinzipien\"><strong>Verarbeitung personenbezogener Daten<br>Grundlegende Prinzipien<\/strong> <\/h4>\n\n\n\n<p>Die <strong>\u00c5KERSTR\u00d6MS BJ\u00d6RBO AB<\/strong> und ihre Konzerngesellschaften verpflichten sich, Ihre personenbezogenen Daten und Ihre Privatsph\u00e4re im Einklang mit geltendem Recht, <\/p>\n\n\n\n<p>Verhaltensregeln und anderen einschl\u00e4gigen Normen zu respektieren und zu sch\u00fctzen. Wir erl\u00e4utern f\u00fcr ein besseres Verst\u00e4ndnis im Folgenden unsere grundlegenden Prinzipien bei der Verarbeitung personenbezogener Daten.<br><\/p>\n\n\n\n<p><strong>Erfassen von Daten<\/strong><br>Unser Unternehmen, die \u00c5KERSTR\u00d6MS BJ\u00d6RBO AB, und seine Konzerngesellschaften bieten Ihnen die M\u00f6glichkeit, \u00fcber unsere Websites, per Telefon oder per Mail Produkte und Dienstleistungen zu bestellen, Anfragen zu stellen oder sich zu registrieren, um verschiedenste Materialien zu erhalten. Auf diese Weise erhalten wir personenbezogene Daten, wie Ihren Namen, Angaben dar\u00fcber, wie Sie kontaktiert werden k\u00f6nnen, sowie Angaben f\u00fcr Rechnungsstellung und Lieferung. Wir erhalten au\u00dferdem Informationen \u00fcber den Gesch\u00e4ftsvorgang. Damit wir unsere Dienste und unsere Produkte verbessern und unsere Kommunikation mit Ihnen auf Sie pers\u00f6nlich abstimmen k\u00f6nnen, bitten wir Sie au\u00dferdem \u2013 neben den oben genannten Angaben \u2013 auch um weitere Angaben, die Ihre beruflichen Interessen betreffen k\u00f6nnen.<br><\/p>\n\n\n\n<p><strong>Cookies<br><\/strong>Eine Cookie-Datei ist ein kurzer Text, der mit Ihrer Einwilligung auf Ihrem Computer abgespeichert werden kann. Falls Sie dies akzeptieren, speichert Ihr Webbrowser den Text in einer separaten Datei.<\/p>\n\n\n\n<p>Die Websites der \u00c5KERSTR\u00d6MS BJ\u00d6RBO AB und ihrer Konzerngesellschaften nutzen Cookies dazu, die Analyse des Website-Besucherverkehrs zu erleichtern, indem wir erfahren, wer eine bestimmte Website zu einem bestimmten Zeitpunkt besucht hat. Sie k\u00f6nnen in den Einstellungen Ihres Webbrowsers selbst festlegen, ob Sie das Speichern von Cookie-Dateien auf Ihrem Computer zulassen oder nicht. Sie haben au\u00dferdem jederzeit die M\u00f6glichkeit, diese bei Ihnen gespeicherten Cookie-Dateien zu l\u00f6schen.<\/p>\n\n\n\n<p>Wenn Sie auf den Websites der \u00c5KERSTR\u00d6MS BJ\u00d6RBO AB und ihrer Konzerngesellschaften solche Bereiche besuchen, die an Ihr Benutzerprofil angepasst werden k\u00f6nnen oder eine Anmeldung verlangen, muss in Ihrem Webbrowser das Akzeptieren von Cookies eingestellt sein. Die \u00fcbrigen Bereiche unserer Website k\u00f6nnen Sie besuchen, ohne Cookie-Dateien abspeichern zu m\u00fcssen oder Ihre Identit\u00e4t preiszugeben.<\/p>\n\n\n\n<p>Wir nutzen Google Analytics sowie LinkedIn Insight, YouTube und Spracheinstellungen.<br><\/p>\n\n\n\n<p><strong>Sicherheit<\/strong><br>Die \u00c5KERSTR\u00d6MS BJ\u00d6RBO AB und ihre Konzerngesellschaften sch\u00fctzen Ihre personenbezogenen Daten durch technische und organisatorische Sicherheitsma\u00dfnahmen und verhindern so einen unbefugten Zugriff.<\/p>\n\n\n\n<p><br><strong>Nutzung der Informationen<br><\/strong>Die \u00c5KERSTR\u00d6MS BJ\u00d6RBO AB und ihre Konzerngesellschaften verwalten und nutzen die von Ihnen angegebenen Daten dazu, Ihren Bed\u00fcrfnissen besser gerecht zu werden und Ihnen besseren Service bieten zu k\u00f6nnen, unter anderem durch eine m\u00f6glichst weitreichende Personalisierung der Website. Die Verarbeitung Ihrer personenbezogenen Daten in der Kundendatenbank der \u00c5kerstr\u00f6ms Bj\u00f6rbo AB geschieht auf Grundlage der Auftragsvereinbarung, rechtlicher Verpflichtungen und berechtigten Interesses. Berechtigtes Interesse liegt beispielsweise vor, wenn wir Ihre Daten dazu verwenden, unsere Kommunikationen mit Ihnen basierend auf Ihren Eink\u00e4ufen individuell anzupassen. Wir k\u00f6nnen Sie auch eventuell zu Marktforschungszwecken oder per Direktmarketing mit diversen Angeboten kontaktieren. Falls Sie nicht damit einverstanden sind, dass Ihre Daten f\u00fcr Werbung und zur Profilerstellung f\u00fcr Marketingzwecke genutzt oder mit unseren Partnern geteilt werden, kontaktieren Sie bitte unseren Kundendienst per Mail unter <a href=\"mailto:privacy@akerstroms.se\">privacy@akerstroms.se<\/a>.<br><\/p>\n\n\n\n<p>Die \u00c5KERSTR\u00d6MS BJ\u00d6RBO AB und ihre Konzerngesellschaften werden ohne Ihre Zustimmung keine Daten \u00fcber Sie weitergeben, au\u00dfer wenn dies gesetzlich vorgeschrieben oder im Zusammenhang mit der Bestellung eines Produkts oder Dienstes erforderlich ist. Ein Beispiel daf\u00fcr w\u00e4re die \u00dcbermittlung der f\u00fcr eine Lieferung notwendigen Angaben an den Frachtf\u00fchrer. Ihre personenbezogenen Daten k\u00f6nnen eventuell von einem sogenannten Auftragsverarbeiter verwaltet werden, der uns bei unserer Kommunikation mit Ihnen oder beim Betrieb unserer Systeme unterst\u00fctzt. Dieser Auftragsverarbeiter wird die Daten in diesem Fall lediglich entsprechend den Zwecken verarbeiten, f\u00fcr die Ihre personenbezogenen Daten erfasst worden sind. Die \u00c5KERSTR\u00d6MS BJ\u00d6RBO AB und ihre Konzerngesellschaften nutzen nicht absichtlich Daten von Kindern oder Minderj\u00e4hrigen und betreiben kein auf Kinder oder Minderj\u00e4hrige ausgerichtetes Marketing.<br><\/p>\n\n\n\n<p><strong>Berichtigung und Einblick<\/strong><br>Die \u00c5KERSTR\u00d6MS BJ\u00d6RBO AB und ihre Konzerngesellschaften sind darum bem\u00fcht, dass alle verarbeiteten Daten korrekt sind. Das gilt nat\u00fcrlich auch f\u00fcr die von uns erfassten personenbezogenen Daten. Falls sich irgendeine Angabe als falsch erweisen sollte, wird sie ohne Verz\u00f6gerung korrigiert. Sie haben selbstverst\u00e4ndlich das Recht, Einblick in die Daten zu nehmen, die wir \u00fcber Sie gespeichert haben. Falls Sie diese Daten einsehen m\u00f6chten oder andere Fragen zu unserer Verarbeitung personenbezogener Daten haben, kontaktieren Sie uns bitte unter einer der folgenden Adressen:<\/p>\n\n\n\n<p>Postanschrift: Box 7, 785 21 Gagnef, SWEDEN<\/p>\n\n\n\n<p>Liefer- und Besuchsadresse: Bj\u00f6rbov\u00e4gen 143, 785 45 Bj\u00f6rbo, SWEDEN<br>Tel.: +46&nbsp;241&nbsp;250-00<\/p>\n\n\n\n<p>Mail: <a href=\"mailto:privacy@akerstroms.se\">privacy@akerstroms.se<\/a><\/p>\n\n\n\n<p><strong><br>Links zu anderen Websites<br><\/strong>Beachten Sie bitte, dass Sie \u00fcber Links auf dieser Website auf andere Websites gelangen k\u00f6nnen, f\u00fcr die andere Datenschutzregeln als die hier aufgef\u00fchrten gelten.<\/p>\n","protected":false},"excerpt":{"rendered":"<p>Datenschutzerkl\u00e4rung Verarbeitung personenbezogener DatenGrundlegende Prinzipien Die \u00c5KERSTR\u00d6MS BJ\u00d6RBO AB und ihre Konzerngesellschaften verpflichten sich, Ihre personenbezogenen Daten und Ihre Privatsph\u00e4re im Einklang mit geltendem Recht,&#8230;<\/p>\n","protected":false},"author":1,"featured_media":0,"parent":0,"menu_order":0,"comment_status":"closed","ping_status":"open","template":"templates\/page-text-page.php","meta":{"_acf_changed":false,"footnotes":""},"class_list":["post-10479","page","type-page","status-publish","hentry"],"acf":[],"yoast_head":"<!-- This site is optimized with the Yoast SEO plugin v27.4 - https:\/\/yoast.com\/product\/yoast-seo-wordpress\/ -->\n<title>Datenschutzerkl\u00e4rung - \u00c5kerstr\u00f6ms Bj\u00f6rbo<\/title>\n<meta name=\"robots\" content=\"index, follow, max-snippet:-1, max-image-preview:large, max-video-preview:-1\" \/>\n<link rel=\"canonical\" href=\"https:\/\/akerstroms.se\/de\/datenschutzerklarung\/\" \/>\n<meta property=\"og:locale\" content=\"de_DE\" \/>\n<meta property=\"og:type\" content=\"article\" \/>\n<meta property=\"og:title\" content=\"Datenschutzerkl\u00e4rung - \u00c5kerstr\u00f6ms Bj\u00f6rbo\" \/>\n<meta property=\"og:description\" content=\"Datenschutzerkl\u00e4rung Verarbeitung personenbezogener DatenGrundlegende Prinzipien Die \u00c5KERSTR\u00d6MS BJ\u00d6RBO AB und ihre Konzerngesellschaften verpflichten sich, Ihre personenbezogenen Daten und Ihre Privatsph\u00e4re im Einklang mit geltendem Recht,...\" \/>\n<meta property=\"og:url\" content=\"https:\/\/akerstroms.se\/de\/datenschutzerklarung\/\" \/>\n<meta property=\"og:site_name\" content=\"\u00c5kerstr\u00f6ms Bj\u00f6rbo\" \/>\n<meta property=\"article:publisher\" content=\"https:\/\/www.facebook.com\/akerstroms.se\" \/>\n<meta property=\"article:modified_time\" content=\"2021-10-26T05:55:05+00:00\" \/>\n<meta property=\"og:image\" content=\"https:\/\/akerstroms.se\/app\/uploads\/2021\/09\/Akerstroms-remote-controls.jpg\" \/>\n\t<meta property=\"og:image:width\" content=\"1200\" \/>\n\t<meta property=\"og:image:height\" content=\"675\" \/>\n\t<meta property=\"og:image:type\" content=\"image\/jpeg\" \/>\n<meta name=\"twitter:card\" content=\"summary_large_image\" \/>\n<meta name=\"twitter:label1\" content=\"Gesch\u00e4tzte Lesezeit\" \/>\n\t<meta name=\"twitter:data1\" content=\"4\u00a0Minuten\" \/>\n<script type=\"application\/ld+json\" class=\"yoast-schema-graph\">{\"@context\":\"https:\\\/\\\/schema.org\",\"@graph\":[{\"@type\":\"WebPage\",\"@id\":\"https:\\\/\\\/akerstroms.se\\\/de\\\/datenschutzerklarung\\\/\",\"url\":\"https:\\\/\\\/akerstroms.se\\\/de\\\/datenschutzerklarung\\\/\",\"name\":\"Datenschutzerkl\u00e4rung - \u00c5kerstr\u00f6ms Bj\u00f6rbo\",\"isPartOf\":{\"@id\":\"https:\\\/\\\/akerstroms.se\\\/#website\"},\"datePublished\":\"2021-09-30T07:13:45+00:00\",\"dateModified\":\"2021-10-26T05:55:05+00:00\",\"breadcrumb\":{\"@id\":\"https:\\\/\\\/akerstroms.se\\\/de\\\/datenschutzerklarung\\\/#breadcrumb\"},\"inLanguage\":\"de\",\"potentialAction\":[{\"@type\":\"ReadAction\",\"target\":[\"https:\\\/\\\/akerstroms.se\\\/de\\\/datenschutzerklarung\\\/\"]}]},{\"@type\":\"BreadcrumbList\",\"@id\":\"https:\\\/\\\/akerstroms.se\\\/de\\\/datenschutzerklarung\\\/#breadcrumb\",\"itemListElement\":[{\"@type\":\"ListItem\",\"position\":1,\"name\":\"Home\",\"item\":\"https:\\\/\\\/akerstroms.se\\\/de\\\/\"},{\"@type\":\"ListItem\",\"position\":2,\"name\":\"Datenschutzerkl\u00e4rung\"}]},{\"@type\":\"WebSite\",\"@id\":\"https:\\\/\\\/akerstroms.se\\\/#website\",\"url\":\"https:\\\/\\\/akerstroms.se\\\/\",\"name\":\"\u00c5kerstr\u00f6ms Bj\u00f6rbo\",\"description\":\"Radiostyrning f\u00f6r industriella och mobila applikationer\",\"publisher\":{\"@id\":\"https:\\\/\\\/akerstroms.se\\\/#organization\"},\"potentialAction\":[{\"@type\":\"SearchAction\",\"target\":{\"@type\":\"EntryPoint\",\"urlTemplate\":\"https:\\\/\\\/akerstroms.se\\\/?s={search_term_string}\"},\"query-input\":{\"@type\":\"PropertyValueSpecification\",\"valueRequired\":true,\"valueName\":\"search_term_string\"}}],\"inLanguage\":\"de\"},{\"@type\":\"Organization\",\"@id\":\"https:\\\/\\\/akerstroms.se\\\/#organization\",\"name\":\"\u00c5kerstr\u00f6ms AB\",\"url\":\"https:\\\/\\\/akerstroms.se\\\/\",\"logo\":{\"@type\":\"ImageObject\",\"inLanguage\":\"de\",\"@id\":\"https:\\\/\\\/akerstroms.se\\\/#\\\/schema\\\/logo\\\/image\\\/\",\"url\":\"https:\\\/\\\/akerstroms.se\\\/app\\\/uploads\\\/2021\\\/10\\\/akerstroms-logo.png\",\"contentUrl\":\"https:\\\/\\\/akerstroms.se\\\/app\\\/uploads\\\/2021\\\/10\\\/akerstroms-logo.png\",\"width\":400,\"height\":86,\"caption\":\"\u00c5kerstr\u00f6ms AB\"},\"image\":{\"@id\":\"https:\\\/\\\/akerstroms.se\\\/#\\\/schema\\\/logo\\\/image\\\/\"},\"sameAs\":[\"https:\\\/\\\/www.facebook.com\\\/akerstroms.se\",\"https:\\\/\\\/www.linkedin.com\\\/company\\\/akerstroms\\\/\",\"https:\\\/\\\/www.youtube.com\\\/channel\\\/UC8S-jX9nA8c9qBaTlgqg1CQ\"]}]}<\/script>\n<!-- \/ Yoast SEO plugin. -->","yoast_head_json":{"title":"Datenschutzerkl\u00e4rung - \u00c5kerstr\u00f6ms Bj\u00f6rbo","robots":{"index":"index","follow":"follow","max-snippet":"max-snippet:-1","max-image-preview":"max-image-preview:large","max-video-preview":"max-video-preview:-1"},"canonical":"https:\/\/akerstroms.se\/de\/datenschutzerklarung\/","og_locale":"de_DE","og_type":"article","og_title":"Datenschutzerkl\u00e4rung - \u00c5kerstr\u00f6ms Bj\u00f6rbo","og_description":"Datenschutzerkl\u00e4rung Verarbeitung personenbezogener DatenGrundlegende Prinzipien Die \u00c5KERSTR\u00d6MS BJ\u00d6RBO AB und ihre Konzerngesellschaften verpflichten sich, Ihre personenbezogenen Daten und Ihre Privatsph\u00e4re im Einklang mit geltendem Recht,...","og_url":"https:\/\/akerstroms.se\/de\/datenschutzerklarung\/","og_site_name":"\u00c5kerstr\u00f6ms Bj\u00f6rbo","article_publisher":"https:\/\/www.facebook.com\/akerstroms.se","article_modified_time":"2021-10-26T05:55:05+00:00","og_image":[{"width":1200,"height":675,"url":"https:\/\/akerstroms.se\/app\/uploads\/2021\/09\/Akerstroms-remote-controls.jpg","type":"image\/jpeg"}],"twitter_card":"summary_large_image","twitter_misc":{"Gesch\u00e4tzte Lesezeit":"4\u00a0Minuten"},"schema":{"@context":"https:\/\/schema.org","@graph":[{"@type":"WebPage","@id":"https:\/\/akerstroms.se\/de\/datenschutzerklarung\/","url":"https:\/\/akerstroms.se\/de\/datenschutzerklarung\/","name":"Datenschutzerkl\u00e4rung - \u00c5kerstr\u00f6ms Bj\u00f6rbo","isPartOf":{"@id":"https:\/\/akerstroms.se\/#website"},"datePublished":"2021-09-30T07:13:45+00:00","dateModified":"2021-10-26T05:55:05+00:00","breadcrumb":{"@id":"https:\/\/akerstroms.se\/de\/datenschutzerklarung\/#breadcrumb"},"inLanguage":"de","potentialAction":[{"@type":"ReadAction","target":["https:\/\/akerstroms.se\/de\/datenschutzerklarung\/"]}]},{"@type":"BreadcrumbList","@id":"https:\/\/akerstroms.se\/de\/datenschutzerklarung\/#breadcrumb","itemListElement":[{"@type":"ListItem","position":1,"name":"Home","item":"https:\/\/akerstroms.se\/de\/"},{"@type":"ListItem","position":2,"name":"Datenschutzerkl\u00e4rung"}]},{"@type":"WebSite","@id":"https:\/\/akerstroms.se\/#website","url":"https:\/\/akerstroms.se\/","name":"\u00c5kerstr\u00f6ms Bj\u00f6rbo","description":"Radiostyrning f\u00f6r industriella och mobila applikationer","publisher":{"@id":"https:\/\/akerstroms.se\/#organization"},"potentialAction":[{"@type":"SearchAction","target":{"@type":"EntryPoint","urlTemplate":"https:\/\/akerstroms.se\/?s={search_term_string}"},"query-input":{"@type":"PropertyValueSpecification","valueRequired":true,"valueName":"search_term_string"}}],"inLanguage":"de"},{"@type":"Organization","@id":"https:\/\/akerstroms.se\/#organization","name":"\u00c5kerstr\u00f6ms AB","url":"https:\/\/akerstroms.se\/","logo":{"@type":"ImageObject","inLanguage":"de","@id":"https:\/\/akerstroms.se\/#\/schema\/logo\/image\/","url":"https:\/\/akerstroms.se\/app\/uploads\/2021\/10\/akerstroms-logo.png","contentUrl":"https:\/\/akerstroms.se\/app\/uploads\/2021\/10\/akerstroms-logo.png","width":400,"height":86,"caption":"\u00c5kerstr\u00f6ms AB"},"image":{"@id":"https:\/\/akerstroms.se\/#\/schema\/logo\/image\/"},"sameAs":["https:\/\/www.facebook.com\/akerstroms.se","https:\/\/www.linkedin.com\/company\/akerstroms\/","https:\/\/www.youtube.com\/channel\/UC8S-jX9nA8c9qBaTlgqg1CQ"]}]}},"_links":{"self":[{"href":"https:\/\/akerstroms.se\/de\/wp-json\/wp\/v2\/pages\/10479","targetHints":{"allow":["GET"]}}],"collection":[{"href":"https:\/\/akerstroms.se\/de\/wp-json\/wp\/v2\/pages"}],"about":[{"href":"https:\/\/akerstroms.se\/de\/wp-json\/wp\/v2\/types\/page"}],"author":[{"embeddable":true,"href":"https:\/\/akerstroms.se\/de\/wp-json\/wp\/v2\/users\/1"}],"replies":[{"embeddable":true,"href":"https:\/\/akerstroms.se\/de\/wp-json\/wp\/v2\/comments?post=10479"}],"version-history":[{"count":7,"href":"https:\/\/akerstroms.se\/de\/wp-json\/wp\/v2\/pages\/10479\/revisions"}],"predecessor-version":[{"id":13490,"href":"https:\/\/akerstroms.se\/de\/wp-json\/wp\/v2\/pages\/10479\/revisions\/13490"}],"wp:attachment":[{"href":"https:\/\/akerstroms.se\/de\/wp-json\/wp\/v2\/media?parent=10479"}],"curies":[{"name":"wp","href":"https:\/\/api.w.org\/{rel}","templated":true}]}}