{"id":10477,"date":"2021-09-30T09:13:35","date_gmt":"2021-09-30T07:13:35","guid":{"rendered":"https:\/\/akerstroms.se\/kundenreferenzen\/"},"modified":"2026-04-15T09:55:32","modified_gmt":"2026-04-15T07:55:32","slug":"kundenreferenzen","status":"publish","type":"page","link":"https:\/\/akerstroms.se\/de\/kundenreferenzen\/","title":{"rendered":"Kundenreferenzen"},"content":{"rendered":"\n<div class=\"wp-block-cover alignfull\" style=\"min-height:903px;aspect-ratio:unset;\"><img loading=\"lazy\" decoding=\"async\" width=\"2560\" height=\"1707\" class=\"wp-block-cover__image-background wp-image-24555 size-full\" alt=\"\" src=\"https:\/\/akerstroms.se\/app\/uploads\/2026\/04\/IMG_0272-WEB-1-scaled.jpg\" data-object-fit=\"cover\" srcset=\"https:\/\/akerstroms.se\/app\/uploads\/2026\/04\/IMG_0272-WEB-1-scaled.jpg 2560w, https:\/\/akerstroms.se\/app\/uploads\/2026\/04\/IMG_0272-WEB-1-250x167.jpg 250w, https:\/\/akerstroms.se\/app\/uploads\/2026\/04\/IMG_0272-WEB-1-700x467.jpg 700w, https:\/\/akerstroms.se\/app\/uploads\/2026\/04\/IMG_0272-WEB-1-768x512.jpg 768w, https:\/\/akerstroms.se\/app\/uploads\/2026\/04\/IMG_0272-WEB-1-1536x1024.jpg 1536w, https:\/\/akerstroms.se\/app\/uploads\/2026\/04\/IMG_0272-WEB-1-2048x1365.jpg 2048w, https:\/\/akerstroms.se\/app\/uploads\/2026\/04\/IMG_0272-WEB-1-120x80.jpg 120w, https:\/\/akerstroms.se\/app\/uploads\/2026\/04\/IMG_0272-WEB-1-540x360.jpg 540w, https:\/\/akerstroms.se\/app\/uploads\/2026\/04\/IMG_0272-WEB-1-300x200.jpg 300w, https:\/\/akerstroms.se\/app\/uploads\/2026\/04\/IMG_0272-WEB-1-600x400.jpg 600w\" sizes=\"auto, (max-width: 2560px) 100vw, 2560px\" \/><span aria-hidden=\"true\" class=\"wp-block-cover__background has-black-background-color has-background-dim\"><\/span><div class=\"wp-block-cover__inner-container is-layout-constrained wp-block-cover-is-layout-constrained\">\n<h1 class=\"wp-block-heading has-text-align-center\">Lernen Sie unsere Kunden kennen<\/h1>\n\n\n\n<p class=\"has-text-align-center\">F\u00fcr uns ist es wichtig, unseren Kunden bei all unseren T\u00e4tigkeiten einen Mehrwert zu liefern und ihnen Vertrauen zu vermitteln. Dies gilt nicht nur bei unseren Kernbereichen Funksteuerung und vernetzte Dienste, sondern bei s\u00e4mtlicher Kommunikation. Unsere Kunden finden sich in den unterschiedlichsten Branchen in Schweden und in einer Vielzahl von L\u00e4ndern in Europa und der Welt. Hier stellen wir einige Beispiele vor.<\/p>\n<\/div><\/div>\n\n\n\n<div style=\"height:24px\" aria-hidden=\"true\" class=\"wp-block-spacer\"><\/div>\n\n\n\n<div class=\"wp-block-cover alignfull is-light\" style=\"min-height:57px;aspect-ratio:unset;\"><span aria-hidden=\"true\" class=\"wp-block-cover__background has-white-background-color has-background-dim-100 has-background-dim\"><\/span><div class=\"wp-block-cover__inner-container is-layout-flow wp-block-cover-is-layout-flow\">    <section class=\"linkables container\" data-color=\"black\">\r\n                    <div class=\"linkables__block flex-row-wrapper\" id=\"husqvarna\">\r\n                <div class=\"linkables__block__img\">\r\n                                        <img decoding=\"async\" src=\"https:\/\/akerstroms.se\/app\/uploads\/2021\/04\/Remotus-radio-remote-control-mobile-1140x400x150-e1776147537522.jpg\" alt=\"\">\r\n                <\/div>\r\n                <div class=\"linkables__block__text\">\r\n                    <h3 class=\"linkables__block__title\">Husqvarna \u2013 funkgesteuerte Schwergewichtler<\/h3>\r\n                    <p class=\"linkables__block__excerpt\">Eine pr\u00e4zisionsgesteuerte Duplexwalze mit Funksteuerung von \u00c5kerstr\u00f6ms f\u00fcr eine sicherere Arbeitsumgebung<\/p>\r\n                                            <a class=\"linkables__block__button button button--primary\" href=\"https:\/\/akerstroms.se\/de\/husqvarna-funkgesteuerte-schwergewichtler\/\" title=\"Mehr erfahren\" target=\"_blank\">\r\n                            Mehr erfahren                        <\/a>\r\n                                    <\/div>\r\n            <\/div>\r\n                    <div class=\"linkables__block flex-row-wrapper\" id=\"\">\r\n                <div class=\"linkables__block__img\">\r\n                                        <img decoding=\"async\" src=\"https:\/\/akerstroms.se\/app\/uploads\/2026\/04\/sandare-bangardsutsikt-scaled.jpg\" alt=\"\">\r\n                <\/div>\r\n                <div class=\"linkables__block__text\">\r\n                    <h3 class=\"linkables__block__title\">Green Cargo Der Aftermarket, der den Betrieb am Laufen h\u00e4lt<\/h3>\r\n                    <p class=\"linkables__block__excerpt\">Heute ist das Lokomotivgesch\u00e4ft vollst\u00e4ndig auf den Aftermarket ausgerichtet, in dem wir sicherstellen, dass die funkferngesteuerten Lokomotiven von Green Cargo weiterhin zuverl\u00e4ssig betrieben werden.<\/p>\r\n                                            <a class=\"linkables__block__button button button--primary\" href=\"https:\/\/akerstroms.se\/de\/green-cargo-der-aftermarket\/\" title=\"Mehr erfahren\" target=\"_blank\">\r\n                            Mehr erfahren                        <\/a>\r\n                                    <\/div>\r\n            <\/div>\r\n                    <div class=\"linkables__block flex-row-wrapper\" id=\"rolba\">\r\n                <div class=\"linkables__block__img\">\r\n                                        <img decoding=\"async\" src=\"https:\/\/akerstroms.se\/app\/uploads\/2022\/09\/ROLBA.jpg\" alt=\"\">\r\n                <\/div>\r\n                <div class=\"linkables__block__text\">\r\n                    <h3 class=\"linkables__block__title\">Rolba \u2013 N\u00e4he und Service sind f\u00fcr uns das A und O<\/h3>\r\n                    <p class=\"linkables__block__excerpt\">Remotus ist robust und betriebssicher, was zu weniger Ausfallzeiten im t\u00e4glichen Arbeitsablauf der Kunden von Rolba f\u00fchrt.<\/p>\r\n                                            <a class=\"linkables__block__button button button--primary\" href=\"https:\/\/akerstroms.se\/de\/rolba\/\" title=\"Mehr erfahren\" target=\"\">\r\n                            Mehr erfahren                        <\/a>\r\n                                    <\/div>\r\n            <\/div>\r\n                    <div class=\"linkables__block flex-row-wrapper\" id=\"eab\">\r\n                <div class=\"linkables__block__img\">\r\n                                        <img decoding=\"async\" src=\"https:\/\/akerstroms.se\/app\/uploads\/2021\/09\/eab-kundcase-lagerhantering-e1630589559344.jpg\" alt=\"\">\r\n                <\/div>\r\n                <div class=\"linkables__block__text\">\r\n                    <h3 class=\"linkables__block__title\">EAB \u2013 optimiertes Palettenhandling<\/h3>\r\n                    <p class=\"linkables__block__excerpt\">\u00c5kerstr\u00f6ms und EAB kooperieren seit 1989.<\/p>\r\n                                            <a class=\"linkables__block__button button button--primary\" href=\"https:\/\/akerstroms.se\/de\/effiziente-und-zuverlassige-funksteuerung-fur--das-palettenhandling\/\" title=\"Mehr erfahren\" target=\"\">\r\n                            Mehr erfahren                        <\/a>\r\n                                    <\/div>\r\n            <\/div>\r\n                    <div class=\"linkables__block flex-row-wrapper\" id=\"itab\">\r\n                <div class=\"linkables__block__img\">\r\n                                        <img decoding=\"async\" src=\"https:\/\/akerstroms.se\/app\/uploads\/2021\/08\/Sesam-open-gate-ITAB-scaled.jpg\" alt=\"\">\r\n                <\/div>\r\n                <div class=\"linkables__block__text\">\r\n                    <h3 class=\"linkables__block__title\">ITAB \u2013 Arbeitserleichterung f\u00fcr das Wartungspersonal<\/h3>\r\n                    <p class=\"linkables__block__excerpt\">\u00c5kerstr\u00f6ms liefert seit vielen Jahren die Funksteuerung Sesam f\u00fcr die Zugangsschranken von ITAB.<\/p>\r\n                                            <a class=\"linkables__block__button button button--primary\" href=\"https:\/\/akerstroms.se\/de\/praktische-offnung-von-zugangsschranken-in-geschaften\/\" title=\"Mehr erfahren\" target=\"\">\r\n                            Mehr erfahren                        <\/a>\r\n                                    <\/div>\r\n            <\/div>\r\n                    <div class=\"linkables__block flex-row-wrapper\" id=\"vaderstad\">\r\n                <div class=\"linkables__block__img\">\r\n                                        <img decoding=\"async\" src=\"https:\/\/akerstroms.se\/app\/uploads\/2021\/08\/radiostyrning-vaderstad-sesam-remotus.jpg\" alt=\"\">\r\n                <\/div>\r\n                <div class=\"linkables__block__text\">\r\n                    <h3 class=\"linkables__block__title\">V\u00e4derstad \u2013 Kontrolle und Sicherheit in der Maschinenfabrik<\/h3>\r\n                    <p class=\"linkables__block__excerpt\">Bei V\u00e4derstad werden rund 60 Traversen mit der sicheren und robusten Funksteuerung von \u00c5kerstr\u00f6ms gesteuert.<\/p>\r\n                                            <a class=\"linkables__block__button button button--primary\" href=\"https:\/\/akerstroms.se\/de\/maschinenfabrik-mit-funksteuerung-von-akerstroms\/\" title=\"Mehr erfahren\" target=\"\">\r\n                            Mehr erfahren                        <\/a>\r\n                                    <\/div>\r\n            <\/div>\r\n                    <div class=\"linkables__block flex-row-wrapper\" id=\"renzorato\">\r\n                <div class=\"linkables__block__img\">\r\n                                        <img decoding=\"async\" src=\"https:\/\/akerstroms.se\/app\/uploads\/2021\/08\/rensning-snabbt-och-effektivt-med-radiostyrning-fran-Akerstroms_1.jpg\" alt=\"\">\r\n                <\/div>\r\n                <div class=\"linkables__block__text\">\r\n                    <h3 class=\"linkables__block__title\">Renzorato \u2013 professionelle Rohrreinigung<\/h3>\r\n                    <p class=\"linkables__block__excerpt\">Renzorato verl\u00e4sst sich auf \u00c5kerstr\u00f6ms als Lieferanten f\u00fcr die Maschinen zur professionellen Rohrreinigung.<\/p>\r\n                                            <a class=\"linkables__block__button button button--primary\" href=\"https:\/\/akerstroms.se\/de\/kanalreinigung-mit-funksteuerung-von-akerstroms\/\" title=\"Mehr erfahren\" target=\"\">\r\n                            Mehr erfahren                        <\/a>\r\n                                    <\/div>\r\n            <\/div>\r\n                    <div class=\"linkables__block flex-row-wrapper\" id=\"scanmaskin\">\r\n                <div class=\"linkables__block__img\">\r\n                                        <img decoding=\"async\" src=\"https:\/\/akerstroms.se\/app\/uploads\/2021\/08\/radiostyrning-scanmaskin-remotus.jpg\" alt=\"\">\r\n                <\/div>\r\n                <div class=\"linkables__block__text\">\r\n                    <h3 class=\"linkables__block__title\">Scanmaskin \u2013 Polieren mit Pr\u00e4zision<\/h3>\r\n                    <p class=\"linkables__block__excerpt\">\u00c5kerstr\u00f6ms kooperiert seit \u00fcber 10 Jahren mit Scanmaskin, dem Hersteller von Bodenbearbeitungsmaschinen.<\/p>\r\n                                            <a class=\"linkables__block__button button button--primary\" href=\"https:\/\/akerstroms.se\/de\/polierte-boden-mit-funksteuerung-von-akerstroms\/\" title=\"Mehr erfahren\" target=\"\">\r\n                            Mehr erfahren                        <\/a>\r\n                                    <\/div>\r\n            <\/div>\r\n                    <div class=\"linkables__block flex-row-wrapper\" id=\"ovako\">\r\n                <div class=\"linkables__block__img\">\r\n                                        <img decoding=\"async\" src=\"https:\/\/akerstroms.se\/app\/uploads\/2021\/05\/IMG_3454-web.jpg\" alt=\"\">\r\n                <\/div>\r\n                <div class=\"linkables__block__text\">\r\n                    <h3 class=\"linkables__block__title\">Ovako Sweden \u2013 Sesam \u00f6ffnet mehr als 80 Tore<\/h3>\r\n                    <p class=\"linkables__block__excerpt\">Schon 1958 wurde \u00c5kerstr\u00f6ms bevorzugter Lieferant f\u00fcr die Schwerindustrie, darunter auch Ovako in Hofors.<\/p>\r\n                                            <a class=\"linkables__block__button button button--primary\" href=\"https:\/\/akerstroms.se\/de\/ovako-rustet-alle-tore-mit-sesam-aus\/\" title=\"Mehr erfahren\" target=\"\">\r\n                            Mehr erfahren                        <\/a>\r\n                                    <\/div>\r\n            <\/div>\r\n            <\/section>\r\n\n\n\n<p class=\"has-text-align-center has-large-font-size\"><\/p>\n<\/div><\/div>\n\n\n\n<div style=\"height:60px\" aria-hidden=\"true\" class=\"wp-block-spacer\"><\/div>\n\n\n\n<p><\/p>\n","protected":false},"excerpt":{"rendered":"","protected":false},"author":7,"featured_media":0,"parent":0,"menu_order":0,"comment_status":"closed","ping_status":"closed","template":"","meta":{"_acf_changed":false,"footnotes":""},"class_list":["post-10477","page","type-page","status-publish","hentry"],"acf":[],"yoast_head":"<!-- This site is optimized with the Yoast SEO plugin v27.4 - https:\/\/yoast.com\/product\/yoast-seo-wordpress\/ -->\n<title>Kundenreferenzen - \u00c5kerstr\u00f6ms Bj\u00f6rbo<\/title>\n<meta name=\"robots\" content=\"index, follow, max-snippet:-1, max-image-preview:large, max-video-preview:-1\" \/>\n<link rel=\"canonical\" href=\"https:\/\/akerstroms.se\/de\/kundenreferenzen\/\" \/>\n<meta property=\"og:locale\" content=\"de_DE\" \/>\n<meta property=\"og:type\" content=\"article\" \/>\n<meta property=\"og:title\" content=\"Kundenreferenzen - \u00c5kerstr\u00f6ms Bj\u00f6rbo\" \/>\n<meta property=\"og:url\" content=\"https:\/\/akerstroms.se\/de\/kundenreferenzen\/\" \/>\n<meta property=\"og:site_name\" content=\"\u00c5kerstr\u00f6ms Bj\u00f6rbo\" \/>\n<meta property=\"article:publisher\" content=\"https:\/\/www.facebook.com\/akerstroms.se\" \/>\n<meta property=\"article:modified_time\" content=\"2026-04-15T07:55:32+00:00\" \/>\n<meta property=\"og:image\" content=\"https:\/\/akerstroms.se\/app\/uploads\/2026\/04\/IMG_0272-WEB-1-scaled.jpg\" \/>\n\t<meta property=\"og:image:width\" content=\"2560\" \/>\n\t<meta property=\"og:image:height\" content=\"1707\" \/>\n\t<meta property=\"og:image:type\" content=\"image\/jpeg\" \/>\n<meta name=\"twitter:card\" content=\"summary_large_image\" \/>\n<meta name=\"twitter:label1\" content=\"Gesch\u00e4tzte Lesezeit\" \/>\n\t<meta name=\"twitter:data1\" content=\"1\u00a0Minute\" \/>\n<script type=\"application\/ld+json\" class=\"yoast-schema-graph\">{\"@context\":\"https:\\\/\\\/schema.org\",\"@graph\":[{\"@type\":\"WebPage\",\"@id\":\"https:\\\/\\\/akerstroms.se\\\/de\\\/kundenreferenzen\\\/\",\"url\":\"https:\\\/\\\/akerstroms.se\\\/de\\\/kundenreferenzen\\\/\",\"name\":\"Kundenreferenzen - \u00c5kerstr\u00f6ms Bj\u00f6rbo\",\"isPartOf\":{\"@id\":\"https:\\\/\\\/akerstroms.se\\\/#website\"},\"primaryImageOfPage\":{\"@id\":\"https:\\\/\\\/akerstroms.se\\\/de\\\/kundenreferenzen\\\/#primaryimage\"},\"image\":{\"@id\":\"https:\\\/\\\/akerstroms.se\\\/de\\\/kundenreferenzen\\\/#primaryimage\"},\"thumbnailUrl\":\"https:\\\/\\\/akerstroms.se\\\/app\\\/uploads\\\/2026\\\/04\\\/IMG_0272-WEB-1-scaled.jpg\",\"datePublished\":\"2021-09-30T07:13:35+00:00\",\"dateModified\":\"2026-04-15T07:55:32+00:00\",\"breadcrumb\":{\"@id\":\"https:\\\/\\\/akerstroms.se\\\/de\\\/kundenreferenzen\\\/#breadcrumb\"},\"inLanguage\":\"de\",\"potentialAction\":[{\"@type\":\"ReadAction\",\"target\":[\"https:\\\/\\\/akerstroms.se\\\/de\\\/kundenreferenzen\\\/\"]}]},{\"@type\":\"ImageObject\",\"inLanguage\":\"de\",\"@id\":\"https:\\\/\\\/akerstroms.se\\\/de\\\/kundenreferenzen\\\/#primaryimage\",\"url\":\"https:\\\/\\\/akerstroms.se\\\/app\\\/uploads\\\/2026\\\/04\\\/IMG_0272-WEB-1-scaled.jpg\",\"contentUrl\":\"https:\\\/\\\/akerstroms.se\\\/app\\\/uploads\\\/2026\\\/04\\\/IMG_0272-WEB-1-scaled.jpg\"},{\"@type\":\"BreadcrumbList\",\"@id\":\"https:\\\/\\\/akerstroms.se\\\/de\\\/kundenreferenzen\\\/#breadcrumb\",\"itemListElement\":[{\"@type\":\"ListItem\",\"position\":1,\"name\":\"Home\",\"item\":\"https:\\\/\\\/akerstroms.se\\\/de\\\/\"},{\"@type\":\"ListItem\",\"position\":2,\"name\":\"Kundenreferenzen\"}]},{\"@type\":\"WebSite\",\"@id\":\"https:\\\/\\\/akerstroms.se\\\/#website\",\"url\":\"https:\\\/\\\/akerstroms.se\\\/\",\"name\":\"\u00c5kerstr\u00f6ms Bj\u00f6rbo\",\"description\":\"Radiostyrning f\u00f6r industriella och mobila applikationer\",\"publisher\":{\"@id\":\"https:\\\/\\\/akerstroms.se\\\/#organization\"},\"potentialAction\":[{\"@type\":\"SearchAction\",\"target\":{\"@type\":\"EntryPoint\",\"urlTemplate\":\"https:\\\/\\\/akerstroms.se\\\/?s={search_term_string}\"},\"query-input\":{\"@type\":\"PropertyValueSpecification\",\"valueRequired\":true,\"valueName\":\"search_term_string\"}}],\"inLanguage\":\"de\"},{\"@type\":\"Organization\",\"@id\":\"https:\\\/\\\/akerstroms.se\\\/#organization\",\"name\":\"\u00c5kerstr\u00f6ms AB\",\"url\":\"https:\\\/\\\/akerstroms.se\\\/\",\"logo\":{\"@type\":\"ImageObject\",\"inLanguage\":\"de\",\"@id\":\"https:\\\/\\\/akerstroms.se\\\/#\\\/schema\\\/logo\\\/image\\\/\",\"url\":\"https:\\\/\\\/akerstroms.se\\\/app\\\/uploads\\\/2021\\\/10\\\/akerstroms-logo.png\",\"contentUrl\":\"https:\\\/\\\/akerstroms.se\\\/app\\\/uploads\\\/2021\\\/10\\\/akerstroms-logo.png\",\"width\":400,\"height\":86,\"caption\":\"\u00c5kerstr\u00f6ms AB\"},\"image\":{\"@id\":\"https:\\\/\\\/akerstroms.se\\\/#\\\/schema\\\/logo\\\/image\\\/\"},\"sameAs\":[\"https:\\\/\\\/www.facebook.com\\\/akerstroms.se\",\"https:\\\/\\\/www.linkedin.com\\\/company\\\/akerstroms\\\/\",\"https:\\\/\\\/www.youtube.com\\\/channel\\\/UC8S-jX9nA8c9qBaTlgqg1CQ\"]}]}<\/script>\n<!-- \/ Yoast SEO plugin. -->","yoast_head_json":{"title":"Kundenreferenzen - \u00c5kerstr\u00f6ms Bj\u00f6rbo","robots":{"index":"index","follow":"follow","max-snippet":"max-snippet:-1","max-image-preview":"max-image-preview:large","max-video-preview":"max-video-preview:-1"},"canonical":"https:\/\/akerstroms.se\/de\/kundenreferenzen\/","og_locale":"de_DE","og_type":"article","og_title":"Kundenreferenzen - \u00c5kerstr\u00f6ms Bj\u00f6rbo","og_url":"https:\/\/akerstroms.se\/de\/kundenreferenzen\/","og_site_name":"\u00c5kerstr\u00f6ms Bj\u00f6rbo","article_publisher":"https:\/\/www.facebook.com\/akerstroms.se","article_modified_time":"2026-04-15T07:55:32+00:00","og_image":[{"width":2560,"height":1707,"url":"https:\/\/akerstroms.se\/app\/uploads\/2026\/04\/IMG_0272-WEB-1-scaled.jpg","type":"image\/jpeg"}],"twitter_card":"summary_large_image","twitter_misc":{"Gesch\u00e4tzte Lesezeit":"1\u00a0Minute"},"schema":{"@context":"https:\/\/schema.org","@graph":[{"@type":"WebPage","@id":"https:\/\/akerstroms.se\/de\/kundenreferenzen\/","url":"https:\/\/akerstroms.se\/de\/kundenreferenzen\/","name":"Kundenreferenzen - \u00c5kerstr\u00f6ms Bj\u00f6rbo","isPartOf":{"@id":"https:\/\/akerstroms.se\/#website"},"primaryImageOfPage":{"@id":"https:\/\/akerstroms.se\/de\/kundenreferenzen\/#primaryimage"},"image":{"@id":"https:\/\/akerstroms.se\/de\/kundenreferenzen\/#primaryimage"},"thumbnailUrl":"https:\/\/akerstroms.se\/app\/uploads\/2026\/04\/IMG_0272-WEB-1-scaled.jpg","datePublished":"2021-09-30T07:13:35+00:00","dateModified":"2026-04-15T07:55:32+00:00","breadcrumb":{"@id":"https:\/\/akerstroms.se\/de\/kundenreferenzen\/#breadcrumb"},"inLanguage":"de","potentialAction":[{"@type":"ReadAction","target":["https:\/\/akerstroms.se\/de\/kundenreferenzen\/"]}]},{"@type":"ImageObject","inLanguage":"de","@id":"https:\/\/akerstroms.se\/de\/kundenreferenzen\/#primaryimage","url":"https:\/\/akerstroms.se\/app\/uploads\/2026\/04\/IMG_0272-WEB-1-scaled.jpg","contentUrl":"https:\/\/akerstroms.se\/app\/uploads\/2026\/04\/IMG_0272-WEB-1-scaled.jpg"},{"@type":"BreadcrumbList","@id":"https:\/\/akerstroms.se\/de\/kundenreferenzen\/#breadcrumb","itemListElement":[{"@type":"ListItem","position":1,"name":"Home","item":"https:\/\/akerstroms.se\/de\/"},{"@type":"ListItem","position":2,"name":"Kundenreferenzen"}]},{"@type":"WebSite","@id":"https:\/\/akerstroms.se\/#website","url":"https:\/\/akerstroms.se\/","name":"\u00c5kerstr\u00f6ms Bj\u00f6rbo","description":"Radiostyrning f\u00f6r industriella och mobila applikationer","publisher":{"@id":"https:\/\/akerstroms.se\/#organization"},"potentialAction":[{"@type":"SearchAction","target":{"@type":"EntryPoint","urlTemplate":"https:\/\/akerstroms.se\/?s={search_term_string}"},"query-input":{"@type":"PropertyValueSpecification","valueRequired":true,"valueName":"search_term_string"}}],"inLanguage":"de"},{"@type":"Organization","@id":"https:\/\/akerstroms.se\/#organization","name":"\u00c5kerstr\u00f6ms AB","url":"https:\/\/akerstroms.se\/","logo":{"@type":"ImageObject","inLanguage":"de","@id":"https:\/\/akerstroms.se\/#\/schema\/logo\/image\/","url":"https:\/\/akerstroms.se\/app\/uploads\/2021\/10\/akerstroms-logo.png","contentUrl":"https:\/\/akerstroms.se\/app\/uploads\/2021\/10\/akerstroms-logo.png","width":400,"height":86,"caption":"\u00c5kerstr\u00f6ms AB"},"image":{"@id":"https:\/\/akerstroms.se\/#\/schema\/logo\/image\/"},"sameAs":["https:\/\/www.facebook.com\/akerstroms.se","https:\/\/www.linkedin.com\/company\/akerstroms\/","https:\/\/www.youtube.com\/channel\/UC8S-jX9nA8c9qBaTlgqg1CQ"]}]}},"_links":{"self":[{"href":"https:\/\/akerstroms.se\/de\/wp-json\/wp\/v2\/pages\/10477","targetHints":{"allow":["GET"]}}],"collection":[{"href":"https:\/\/akerstroms.se\/de\/wp-json\/wp\/v2\/pages"}],"about":[{"href":"https:\/\/akerstroms.se\/de\/wp-json\/wp\/v2\/types\/page"}],"author":[{"embeddable":true,"href":"https:\/\/akerstroms.se\/de\/wp-json\/wp\/v2\/users\/7"}],"replies":[{"embeddable":true,"href":"https:\/\/akerstroms.se\/de\/wp-json\/wp\/v2\/comments?post=10477"}],"version-history":[{"count":22,"href":"https:\/\/akerstroms.se\/de\/wp-json\/wp\/v2\/pages\/10477\/revisions"}],"predecessor-version":[{"id":24572,"href":"https:\/\/akerstroms.se\/de\/wp-json\/wp\/v2\/pages\/10477\/revisions\/24572"}],"wp:attachment":[{"href":"https:\/\/akerstroms.se\/de\/wp-json\/wp\/v2\/media?parent=10477"}],"curies":[{"name":"wp","href":"https:\/\/api.w.org\/{rel}","templated":true}]}}