{"id":10476,"date":"2021-09-30T09:13:30","date_gmt":"2021-09-30T07:13:30","guid":{"rendered":"https:\/\/akerstroms.se\/liefer-und-geschaftsbedingungen\/"},"modified":"2024-01-04T15:11:35","modified_gmt":"2024-01-04T14:11:35","slug":"liefer-und-geschaftsbedingungen","status":"publish","type":"page","link":"https:\/\/akerstroms.se\/de\/liefer-und-geschaftsbedingungen\/","title":{"rendered":"Liefer- und Gesch\u00e4ftsbedingungen"},"content":{"rendered":"<section class=\"hero alignfull tone \" style=\"background-image: url(https:\/\/akerstroms.se\/app\/uploads\/2021\/09\/frakt-kopvillkor.jpg);\">\r\n        <div class=\"hero__text container\">\r\n        <h1 class=\"hero__title\">Liefer- und Gesch\u00e4ftsbedingungen<\/h1>\r\n                    <p class=\"hero__excerpt\">Was m\u00fcssen Sie wissen, wenn Sie unsere Funksteuerungsl\u00f6sungen kaufen? Hier finden Sie Informationen zum Versand sowie \u00fcber Liefer- und Gesch\u00e4ftsbedingungen. Falls Sie die gesuchte Information nicht finden, wenden Sie sich gern an uns.<\/p>\r\n            <\/div>\r\n<\/section>\r\n\n\n\n<div style=\"height:50px\" aria-hidden=\"true\" class=\"wp-block-spacer\"><\/div>\n\n\n\n<h3 class=\"wp-block-heading\" id=\"h-versand-und-lieferbedingungen\">Versand- und Lieferbedingungen<\/h3>\n\n\n\n<p>F\u00fcr Lieferungen innerhalb Skandinaviens gelten die Lieferbedingungen NL17, und wir liefern gem\u00e4\u00df INCOTERMS FCA Bj\u00f6rbo, falls nicht anders vereinbart. F\u00fcr Lieferungen au\u00dferhalb Skandinaviens gelten Orgalime 2012 und SW14. Falls Sie diese Bedingungen einsehen m\u00f6chten, wenden Sie sich an uns. <\/p>\n\n\n\n<p>Unsere Lieferungen werden normalerweise mit DHL versandt. Wir streben an, Ersatzteile noch am selben Tag und Standardprodukte (Lagerware) innerhalb von 1\u20132 Tagen zu liefern. Wir behalten uns vor, dass die Ware m\u00f6glicherweise nicht auf Lager ist.<\/p>\n\n\n\n<div style=\"height:50px\" aria-hidden=\"true\" class=\"wp-block-spacer\"><\/div>\n\n\n\n<figure class=\"wp-block-table is-style-stripes\"><table class=\"has-fixed-layout\"><thead><tr><th class=\"has-text-align-left\" data-align=\"left\">Buchungsmethode<\/th><th class=\"has-text-align-left\" data-align=\"left\">Bedingungen<\/th><\/tr><\/thead><tbody><tr><td class=\"has-text-align-left\" data-align=\"left\">Kunde bucht selbst gegen eigenes Lieferkonto<\/td><td class=\"has-text-align-left\" data-align=\"left\">Bereit zur Abholung nach Mitteilung von \u00c5kerstr\u00f6ms. Abholbest\u00e4tigung an uns innerhalb von drei Tagen.<\/td><\/tr><tr><td class=\"has-text-align-left\" data-align=\"left\">Expressversand<\/td><td class=\"has-text-align-left\" data-align=\"left\">Nach Vereinbarung; wenden Sie sich zu Einzelheiten an <a href=\"mailto:frontoffice@akerstroms.se\">frontoffice@akerstroms.se<\/a>.<\/td><\/tr><\/tbody><\/table><\/figure>\n\n\n\n<div style=\"height:50px\" aria-hidden=\"true\" class=\"wp-block-spacer\"><\/div>\n\n\n\n<h3 class=\"wp-block-heading\" id=\"h-zollunterlagen-und-gefahrgut\">Zollunterlagen und Gefahrgut<\/h3>\n\n\n\n<p>Wir \u00fcbernehmen die Verantwortung daf\u00fcr, dass die gesamte Abwicklung der Lieferung von Gefahrgut und die Zolldokumentation korrekt gem\u00e4\u00df Gesetz und Vorschriften stattfinden.<\/p>\n\n\n\n<p>Der Versand von Lithium-Ionen-Batterien\/-Akkus ist durch <a href=\"https:\/\/unece.org\/DAM\/trans\/doc\/2007\/ac10\/ST-SG-AC10-34a1e.pdf\">UN&nbsp;3480<\/a> und <a href=\"https:\/\/unece.org\/DAM\/trans\/doc\/2007\/ac10\/ST-SG-AC10-34a1e.pdf\">UN&nbsp;3481<\/a> geregelt. Unser Personal ist speziell ausgebildet und hat die Befugnis f\u00fcr den Umgang mit Gefahrgut. Zur Gew\u00e4hrleistung einer problemlosen und sicheren Zustellung sorgen wir stets f\u00fcr die Organisation und Abwicklung aller Lieferungen, die Lithium-Ionen-Batterien\/-Akkus enthalten.<\/p>\n\n\n\n<p>Wenden Sie sich f\u00fcr Einzelheiten an <a href=\"mailto:frontoffice@akerstroms.se\">frontoffice@akerstroms.se<\/a>.<\/p>\n\n\n\n<div style=\"height:50px\" aria-hidden=\"true\" class=\"wp-block-spacer\"><\/div>\n\n\n\n<h3 class=\"wp-block-heading\" id=\"h-geschaftsbedingungen\">Gesch\u00e4ftsbedingungen<\/h3>\n\n\n\n<p>Die \u00c5kerstr\u00f6ms Bj\u00f6rbo AB verkauft nur an Gesch\u00e4ftskunden (B2B). F\u00fcr Lieferungen innerhalb Skandinaviens gelten die Lieferbedingungen NL17, und wir liefern gem\u00e4\u00df INCOTERMS FCA Bj\u00f6rbo, falls nicht anders vereinbart. F\u00fcr Lieferungen au\u00dferhalb Skandinaviens gelten Orgalime 2012 und SW14.<\/p>\n\n\n\n<div style=\"height:50px\" aria-hidden=\"true\" class=\"wp-block-spacer\"><\/div>\n\n\n\n<h3 class=\"wp-block-heading\" id=\"h-ruckgabe-und-widerrufsrecht\">R\u00fcckgabe und Widerrufsrecht<\/h3>\n\n\n\n<p>Beim Kauf von Produkten aus dem Standardsortiment gilt ein Widerrufsrecht von zwei Wochen ab Rechnungsdatum. Das Standardsortiment umfasst nur Sesam&nbsp;800 sowie Remotus Jupiter ohne Zusatzarbeiten wie beispielsweise Montage von Kabeln. <strong>Kundenspezifisch angepasste Modelle von Remotus Mercury sind vom Widerrufsrecht <u>ausgeschlossen<\/u>.<\/strong><\/p>\n\n\n\n<p>Zu jedem R\u00fcckgabefall muss zun\u00e4chst mit uns \u00fcber <a href=\"mailto:frontoffice@akerstroms.se\">frontoffice@akerstroms.se<\/a> eine Vereinbarung getroffen werden. F\u00fcr genehmigte R\u00fcckgaben werden 80&nbsp;% des Produktwerts gutgeschrieben. Kosten f\u00fcr Transport und Verpackung werden nicht erstattet. Der K\u00e4ufer tr\u00e4gt alle Versandkosten f\u00fcr R\u00fccksendungen.<br><br><strong>Damit das Widerrufsrecht gilt, m\u00fcssen folgende Punkte zutreffen:<\/strong><\/p>\n\n\n\n<ul class=\"wp-block-list\">\n<li>Das Produkt muss direkt bei der \u00c5kerstr\u00f6ms Bj\u00f6rbo AB gekauft worden sein. Der K\u00e4ufer muss die Bestell- oder Rechnungsnummer angeben.<\/li>\n\n\n\n<li>Das Produkt muss unbenutzt sein und sich in intakter Originalverpackung befinden. Eine fehlende oder besch\u00e4digte Verpackung wird gem\u00e4\u00df Preisliste in Rechnung gestellt.<\/li>\n\n\n\n<li>Das Produkt muss so verpackt sein, dass Transportsch\u00e4den verhindert werden. F\u00fcr ein besch\u00e4digtes Produkt erfolgt keine Erstattung<em>.<\/em><\/li>\n\n\n\n<li>F\u00fcr die R\u00fccksendung oder Entsorgung einer nicht genehmigten R\u00fcckgabe wird eine Geb\u00fchr von 500&nbsp;SEK erhoben.<\/li>\n<\/ul>\n\n\n\n<div style=\"height:50px\" aria-hidden=\"true\" class=\"wp-block-spacer\"><\/div>\n\n\n\n<h3 class=\"wp-block-heading\" id=\"h-elektronische-rechnung\">Elektronische Rechnung<\/h3>\n\n\n\n<p>Als Kunde bei uns k\u00f6nnen Sie unter verschiedenen Methoden zu Rechnungserhalt und Zahlung w\u00e4hlen. Die meisten davon sind digitale Varianten, die gegen\u00fcber einer Rechnung in Papierform deutlich nachhaltiger sind.<\/p>\n\n\n\n<p>Treffen Sie gern eine umweltbewusste Wahl, und entscheiden Sie sich gegen die Rechnung in Papierform, die postalisch versendet wird.<\/p>\n\n\n\n<p>Sie erhalten Ihre Rechnung an die Mailadresse, die Sie selbst daf\u00fcr festlegen. Kontaktieren Sie zur Aktivierung unseren Kundenservice entweder telefonisch unter <strong>+46&nbsp;241&nbsp;250-70<\/strong> oder per Mail an <a href=\"mailto:frontoffice@akerstroms.se\">frontoffice@akerstroms.se<\/a>.<br><\/p>\n\n\n\n<p>Falls Sie bereits Ihre Rechnungen per Mail erhalten, aber die Mailadresse \u00e4ndern m\u00f6chten, wenden Sie sich bitte an unseren <a href=\"https:\/\/akerstroms.se\/de\/kontakt-2\/#frontoffice\">Kundenservice<\/a>.<\/p>\n\n\n\n<div style=\"height:50px\" aria-hidden=\"true\" class=\"wp-block-spacer\"><\/div>\n\n\n\n<h3 class=\"wp-block-heading\" id=\"h-rechnung-in-papierform\">Rechnung in Papierform<\/h3>\n\n\n\n<p>Pro Rechnung kommt ein Umweltaufschlag von 50&nbsp;SEK hinzu.<\/p>\n\n\n\n<div style=\"height:50px\" aria-hidden=\"true\" class=\"wp-block-spacer\"><\/div>\n\n\n\n<h3 class=\"wp-block-heading\" id=\"h-zahlung\">Zahlung<\/h3>\n\n\n\n<p>Bankgiro: 794-3087<\/p>\n\n\n\n<p><strong>Bankkonto (SEK)<\/strong><br>Bank: Nordea<br>Bankleitzahl (Clearingnummer): 9960<br>Kontonummer: 1818719211<br>BIC: NDEASESS<br>IBAN: SE46 9500 0099 6018 1871 9211<\/p>\n\n\n\n<p><strong>Bankkonto (EUR)<\/strong><br>Bank: Nordea<br>Bankleitzahl (Clearingnummer): 9960<br>Kontonummer: 3418719229<br>BIC: NDEASESS<br>IBAN: SE70 9500 0099 6034 1871 9229<\/p>\n\n\n\n<div style=\"height:60px\" aria-hidden=\"true\" class=\"wp-block-spacer\"><\/div>\n\n\n\n<div class=\"wp-block-cover alignfull is-light\"><span aria-hidden=\"true\" class=\"wp-block-cover__background has-background-dim-100 has-background-dim\" style=\"background-color:#ef7f00\"><\/span><div class=\"wp-block-cover__inner-container is-layout-flow wp-block-cover-is-layout-flow\">\n<h2 class=\"wp-block-heading has-text-align-center has-black-color has-text-color\" id=\"h-haben-sie-fragen-rufen-sie-an-oder-mailen-sie-uns\">Haben Sie <strong>Fragen?<\/strong><br>Rufen Sie an, oder mailen Sie uns.<\/h2>\n\n\n\n<div style=\"height:20px\" aria-hidden=\"true\" class=\"wp-block-spacer\"><\/div>\n\n\n\n<div class=\"wp-block-buttons is-horizontal is-content-justification-center is-layout-flex wp-container-core-buttons-is-layout-499968f5 wp-block-buttons-is-layout-flex\">\n<div class=\"wp-block-button wp-block-buttons is-content-justification-center\"><a class=\"wp-block-button__link has-white-color has-black-background-color has-text-color has-background wp-element-button\" href=\"https:\/\/akerstroms.se\/de\/kontakt-2\/#frontoffice\" style=\"border-radius:3px\">KONTAKTIEREN SIE UNS<\/a><\/div>\n<\/div>\n<\/div><\/div>\n\n\n\n<div style=\"height:20px\" aria-hidden=\"true\" class=\"wp-block-spacer\"><\/div>\n","protected":false},"excerpt":{"rendered":"<p>Versand- und Lieferbedingungen F\u00fcr Lieferungen innerhalb Skandinaviens gelten die Lieferbedingungen NL17, und wir liefern gem\u00e4\u00df INCOTERMS FCA Bj\u00f6rbo, falls nicht anders vereinbart. F\u00fcr Lieferungen au\u00dferhalb&#8230;<\/p>\n","protected":false},"author":1,"featured_media":0,"parent":0,"menu_order":0,"comment_status":"closed","ping_status":"closed","template":"templates\/page-text-page.php","meta":{"_acf_changed":false,"footnotes":""},"class_list":["post-10476","page","type-page","status-publish","hentry"],"acf":[],"yoast_head":"<!-- This site is optimized with the Yoast SEO plugin v27.4 - https:\/\/yoast.com\/product\/yoast-seo-wordpress\/ -->\n<title>Liefer- und Gesch\u00e4ftsbedingungen - \u00c5kerstr\u00f6ms Bj\u00f6rbo<\/title>\n<meta name=\"robots\" content=\"index, follow, max-snippet:-1, max-image-preview:large, max-video-preview:-1\" \/>\n<link rel=\"canonical\" href=\"https:\/\/akerstroms.se\/de\/liefer-und-geschaftsbedingungen\/\" \/>\n<meta property=\"og:locale\" content=\"de_DE\" \/>\n<meta property=\"og:type\" content=\"article\" \/>\n<meta property=\"og:title\" content=\"Liefer- und Gesch\u00e4ftsbedingungen - \u00c5kerstr\u00f6ms Bj\u00f6rbo\" \/>\n<meta property=\"og:description\" content=\"Versand- und Lieferbedingungen F\u00fcr Lieferungen innerhalb Skandinaviens gelten die Lieferbedingungen NL17, und wir liefern gem\u00e4\u00df INCOTERMS FCA Bj\u00f6rbo, falls nicht anders vereinbart. F\u00fcr Lieferungen au\u00dferhalb...\" \/>\n<meta property=\"og:url\" content=\"https:\/\/akerstroms.se\/de\/liefer-und-geschaftsbedingungen\/\" \/>\n<meta property=\"og:site_name\" content=\"\u00c5kerstr\u00f6ms Bj\u00f6rbo\" \/>\n<meta property=\"article:publisher\" content=\"https:\/\/www.facebook.com\/akerstroms.se\" \/>\n<meta property=\"article:modified_time\" content=\"2024-01-04T14:11:35+00:00\" \/>\n<meta property=\"og:image\" content=\"https:\/\/akerstroms.se\/app\/uploads\/2021\/09\/Akerstroms-remote-controls.jpg\" \/>\n\t<meta property=\"og:image:width\" content=\"1200\" \/>\n\t<meta property=\"og:image:height\" content=\"675\" \/>\n\t<meta property=\"og:image:type\" content=\"image\/jpeg\" \/>\n<meta name=\"twitter:card\" content=\"summary_large_image\" \/>\n<meta name=\"twitter:label1\" content=\"Gesch\u00e4tzte Lesezeit\" \/>\n\t<meta name=\"twitter:data1\" content=\"3\u00a0Minuten\" \/>\n<script type=\"application\/ld+json\" class=\"yoast-schema-graph\">{\"@context\":\"https:\\\/\\\/schema.org\",\"@graph\":[{\"@type\":\"WebPage\",\"@id\":\"https:\\\/\\\/akerstroms.se\\\/de\\\/liefer-und-geschaftsbedingungen\\\/\",\"url\":\"https:\\\/\\\/akerstroms.se\\\/de\\\/liefer-und-geschaftsbedingungen\\\/\",\"name\":\"Liefer- und Gesch\u00e4ftsbedingungen - \u00c5kerstr\u00f6ms Bj\u00f6rbo\",\"isPartOf\":{\"@id\":\"https:\\\/\\\/akerstroms.se\\\/#website\"},\"datePublished\":\"2021-09-30T07:13:30+00:00\",\"dateModified\":\"2024-01-04T14:11:35+00:00\",\"breadcrumb\":{\"@id\":\"https:\\\/\\\/akerstroms.se\\\/de\\\/liefer-und-geschaftsbedingungen\\\/#breadcrumb\"},\"inLanguage\":\"de\",\"potentialAction\":[{\"@type\":\"ReadAction\",\"target\":[\"https:\\\/\\\/akerstroms.se\\\/de\\\/liefer-und-geschaftsbedingungen\\\/\"]}]},{\"@type\":\"BreadcrumbList\",\"@id\":\"https:\\\/\\\/akerstroms.se\\\/de\\\/liefer-und-geschaftsbedingungen\\\/#breadcrumb\",\"itemListElement\":[{\"@type\":\"ListItem\",\"position\":1,\"name\":\"Home\",\"item\":\"https:\\\/\\\/akerstroms.se\\\/de\\\/\"},{\"@type\":\"ListItem\",\"position\":2,\"name\":\"Liefer- und Gesch\u00e4ftsbedingungen\"}]},{\"@type\":\"WebSite\",\"@id\":\"https:\\\/\\\/akerstroms.se\\\/#website\",\"url\":\"https:\\\/\\\/akerstroms.se\\\/\",\"name\":\"\u00c5kerstr\u00f6ms Bj\u00f6rbo\",\"description\":\"Radiostyrning f\u00f6r industriella och mobila applikationer\",\"publisher\":{\"@id\":\"https:\\\/\\\/akerstroms.se\\\/#organization\"},\"potentialAction\":[{\"@type\":\"SearchAction\",\"target\":{\"@type\":\"EntryPoint\",\"urlTemplate\":\"https:\\\/\\\/akerstroms.se\\\/?s={search_term_string}\"},\"query-input\":{\"@type\":\"PropertyValueSpecification\",\"valueRequired\":true,\"valueName\":\"search_term_string\"}}],\"inLanguage\":\"de\"},{\"@type\":\"Organization\",\"@id\":\"https:\\\/\\\/akerstroms.se\\\/#organization\",\"name\":\"\u00c5kerstr\u00f6ms AB\",\"url\":\"https:\\\/\\\/akerstroms.se\\\/\",\"logo\":{\"@type\":\"ImageObject\",\"inLanguage\":\"de\",\"@id\":\"https:\\\/\\\/akerstroms.se\\\/#\\\/schema\\\/logo\\\/image\\\/\",\"url\":\"https:\\\/\\\/akerstroms.se\\\/app\\\/uploads\\\/2021\\\/10\\\/akerstroms-logo.png\",\"contentUrl\":\"https:\\\/\\\/akerstroms.se\\\/app\\\/uploads\\\/2021\\\/10\\\/akerstroms-logo.png\",\"width\":400,\"height\":86,\"caption\":\"\u00c5kerstr\u00f6ms AB\"},\"image\":{\"@id\":\"https:\\\/\\\/akerstroms.se\\\/#\\\/schema\\\/logo\\\/image\\\/\"},\"sameAs\":[\"https:\\\/\\\/www.facebook.com\\\/akerstroms.se\",\"https:\\\/\\\/www.linkedin.com\\\/company\\\/akerstroms\\\/\",\"https:\\\/\\\/www.youtube.com\\\/channel\\\/UC8S-jX9nA8c9qBaTlgqg1CQ\"]}]}<\/script>\n<!-- \/ Yoast SEO plugin. -->","yoast_head_json":{"title":"Liefer- und Gesch\u00e4ftsbedingungen - \u00c5kerstr\u00f6ms Bj\u00f6rbo","robots":{"index":"index","follow":"follow","max-snippet":"max-snippet:-1","max-image-preview":"max-image-preview:large","max-video-preview":"max-video-preview:-1"},"canonical":"https:\/\/akerstroms.se\/de\/liefer-und-geschaftsbedingungen\/","og_locale":"de_DE","og_type":"article","og_title":"Liefer- und Gesch\u00e4ftsbedingungen - \u00c5kerstr\u00f6ms Bj\u00f6rbo","og_description":"Versand- und Lieferbedingungen F\u00fcr Lieferungen innerhalb Skandinaviens gelten die Lieferbedingungen NL17, und wir liefern gem\u00e4\u00df INCOTERMS FCA Bj\u00f6rbo, falls nicht anders vereinbart. F\u00fcr Lieferungen au\u00dferhalb...","og_url":"https:\/\/akerstroms.se\/de\/liefer-und-geschaftsbedingungen\/","og_site_name":"\u00c5kerstr\u00f6ms Bj\u00f6rbo","article_publisher":"https:\/\/www.facebook.com\/akerstroms.se","article_modified_time":"2024-01-04T14:11:35+00:00","og_image":[{"width":1200,"height":675,"url":"https:\/\/akerstroms.se\/app\/uploads\/2021\/09\/Akerstroms-remote-controls.jpg","type":"image\/jpeg"}],"twitter_card":"summary_large_image","twitter_misc":{"Gesch\u00e4tzte Lesezeit":"3\u00a0Minuten"},"schema":{"@context":"https:\/\/schema.org","@graph":[{"@type":"WebPage","@id":"https:\/\/akerstroms.se\/de\/liefer-und-geschaftsbedingungen\/","url":"https:\/\/akerstroms.se\/de\/liefer-und-geschaftsbedingungen\/","name":"Liefer- und Gesch\u00e4ftsbedingungen - \u00c5kerstr\u00f6ms Bj\u00f6rbo","isPartOf":{"@id":"https:\/\/akerstroms.se\/#website"},"datePublished":"2021-09-30T07:13:30+00:00","dateModified":"2024-01-04T14:11:35+00:00","breadcrumb":{"@id":"https:\/\/akerstroms.se\/de\/liefer-und-geschaftsbedingungen\/#breadcrumb"},"inLanguage":"de","potentialAction":[{"@type":"ReadAction","target":["https:\/\/akerstroms.se\/de\/liefer-und-geschaftsbedingungen\/"]}]},{"@type":"BreadcrumbList","@id":"https:\/\/akerstroms.se\/de\/liefer-und-geschaftsbedingungen\/#breadcrumb","itemListElement":[{"@type":"ListItem","position":1,"name":"Home","item":"https:\/\/akerstroms.se\/de\/"},{"@type":"ListItem","position":2,"name":"Liefer- und Gesch\u00e4ftsbedingungen"}]},{"@type":"WebSite","@id":"https:\/\/akerstroms.se\/#website","url":"https:\/\/akerstroms.se\/","name":"\u00c5kerstr\u00f6ms Bj\u00f6rbo","description":"Radiostyrning f\u00f6r industriella och mobila applikationer","publisher":{"@id":"https:\/\/akerstroms.se\/#organization"},"potentialAction":[{"@type":"SearchAction","target":{"@type":"EntryPoint","urlTemplate":"https:\/\/akerstroms.se\/?s={search_term_string}"},"query-input":{"@type":"PropertyValueSpecification","valueRequired":true,"valueName":"search_term_string"}}],"inLanguage":"de"},{"@type":"Organization","@id":"https:\/\/akerstroms.se\/#organization","name":"\u00c5kerstr\u00f6ms AB","url":"https:\/\/akerstroms.se\/","logo":{"@type":"ImageObject","inLanguage":"de","@id":"https:\/\/akerstroms.se\/#\/schema\/logo\/image\/","url":"https:\/\/akerstroms.se\/app\/uploads\/2021\/10\/akerstroms-logo.png","contentUrl":"https:\/\/akerstroms.se\/app\/uploads\/2021\/10\/akerstroms-logo.png","width":400,"height":86,"caption":"\u00c5kerstr\u00f6ms AB"},"image":{"@id":"https:\/\/akerstroms.se\/#\/schema\/logo\/image\/"},"sameAs":["https:\/\/www.facebook.com\/akerstroms.se","https:\/\/www.linkedin.com\/company\/akerstroms\/","https:\/\/www.youtube.com\/channel\/UC8S-jX9nA8c9qBaTlgqg1CQ"]}]}},"_links":{"self":[{"href":"https:\/\/akerstroms.se\/de\/wp-json\/wp\/v2\/pages\/10476","targetHints":{"allow":["GET"]}}],"collection":[{"href":"https:\/\/akerstroms.se\/de\/wp-json\/wp\/v2\/pages"}],"about":[{"href":"https:\/\/akerstroms.se\/de\/wp-json\/wp\/v2\/types\/page"}],"author":[{"embeddable":true,"href":"https:\/\/akerstroms.se\/de\/wp-json\/wp\/v2\/users\/1"}],"replies":[{"embeddable":true,"href":"https:\/\/akerstroms.se\/de\/wp-json\/wp\/v2\/comments?post=10476"}],"version-history":[{"count":13,"href":"https:\/\/akerstroms.se\/de\/wp-json\/wp\/v2\/pages\/10476\/revisions"}],"predecessor-version":[{"id":19557,"href":"https:\/\/akerstroms.se\/de\/wp-json\/wp\/v2\/pages\/10476\/revisions\/19557"}],"wp:attachment":[{"href":"https:\/\/akerstroms.se\/de\/wp-json\/wp\/v2\/media?parent=10476"}],"curies":[{"name":"wp","href":"https:\/\/api.w.org\/{rel}","templated":true}]}}