{"id":10471,"date":"2021-09-30T09:13:08","date_gmt":"2021-09-30T07:13:08","guid":{"rendered":"https:\/\/akerstroms.se\/lagerverwaltung\/"},"modified":"2021-10-19T13:34:48","modified_gmt":"2021-10-19T11:34:48","slug":"lagerverwaltung","status":"publish","type":"page","link":"https:\/\/akerstroms.se\/de\/lagerverwaltung\/","title":{"rendered":"Lagerverwaltung"},"content":{"rendered":"<section class=\"hero alignfull  \" style=\"background-image: url(https:\/\/akerstroms.se\/app\/uploads\/2021\/08\/lagerhantering_web.jpg);\">\r\n        <div class=\"hero__text container\">\r\n        <h1 class=\"hero__title\">Lagerverwaltung<\/h1>\r\n                    <p class=\"hero__excerpt\">Palettieranlagen und Verfahren von Lagerregalen<\/p>\r\n            <\/div>\r\n<\/section>\r\n\n<div style=\"height:50px\" aria-hidden=\"true\" class=\"wp-block-spacer\"><\/div>\n\n<h2 class=\"has-text-align-center wp-block-heading\">Praktische und optimierte Lagerverwaltung<\/h2>\n\n<p class=\"has-text-align-center\">Wir bieten Funksteuerungsl\u00f6sungen f\u00fcr eine optimale Lagerverwaltung, f\u00fcr die automatisierte Kommissionierung von Waren und G\u00fctern sowie f\u00fcr das Verfahren von Lagerregalen. In enger Zusammenarbeit mit unseren Kunden haben wir zuverl\u00e4ssige und flexible Funksteuerungsl\u00f6sungen f\u00fcr <a href=\"https:\/\/akerstroms.se\/de\/effektiv-och-palitlig-radiostyrning-foer-pallhantering\/\">vollautomatisierte Palettieranlagen<\/a> entwickelt, mit denen sich eine effiziente und optimierte Lagerverwaltung in gro\u00dfen Lagerhallen verwirklichen l\u00e4sst. Kontaktieren Sie uns, dann berichten wir gern mehr \u00fcber unsere L\u00f6sungen.<\/p>\n\n<div style=\"height:60px\" aria-hidden=\"true\" class=\"wp-block-spacer\"><\/div>\n","protected":false},"excerpt":{"rendered":"<p>Praktische und optimierte Lagerverwaltung Wir bieten Funksteuerungsl\u00f6sungen f\u00fcr eine optimale Lagerverwaltung, f\u00fcr die automatisierte Kommissionierung von Waren und G\u00fctern sowie f\u00fcr das Verfahren von Lagerregalen&#8230;.<\/p>\n","protected":false},"author":1,"featured_media":0,"parent":0,"menu_order":0,"comment_status":"closed","ping_status":"closed","template":"","meta":{"_acf_changed":false,"footnotes":""},"class_list":["post-10471","page","type-page","status-publish","hentry"],"acf":[],"yoast_head":"<!-- This site is optimized with the Yoast SEO plugin v27.4 - https:\/\/yoast.com\/product\/yoast-seo-wordpress\/ -->\n<title>Lagerverwaltung - \u00c5kerstr\u00f6ms Bj\u00f6rbo<\/title>\n<meta name=\"robots\" content=\"index, follow, max-snippet:-1, max-image-preview:large, max-video-preview:-1\" \/>\n<link rel=\"canonical\" href=\"https:\/\/akerstroms.se\/de\/lagerverwaltung\/\" \/>\n<meta property=\"og:locale\" content=\"de_DE\" \/>\n<meta property=\"og:type\" content=\"article\" \/>\n<meta property=\"og:title\" content=\"Lagerverwaltung - \u00c5kerstr\u00f6ms Bj\u00f6rbo\" \/>\n<meta property=\"og:description\" content=\"Praktische und optimierte Lagerverwaltung Wir bieten Funksteuerungsl\u00f6sungen f\u00fcr eine optimale Lagerverwaltung, f\u00fcr die automatisierte Kommissionierung von Waren und G\u00fctern sowie f\u00fcr das Verfahren von Lagerregalen....\" \/>\n<meta property=\"og:url\" content=\"https:\/\/akerstroms.se\/de\/lagerverwaltung\/\" \/>\n<meta property=\"og:site_name\" content=\"\u00c5kerstr\u00f6ms Bj\u00f6rbo\" \/>\n<meta property=\"article:publisher\" content=\"https:\/\/www.facebook.com\/akerstroms.se\" \/>\n<meta property=\"article:modified_time\" content=\"2021-10-19T11:34:48+00:00\" \/>\n<meta property=\"og:image\" content=\"https:\/\/akerstroms.se\/app\/uploads\/2021\/09\/Akerstroms-remote-controls.jpg\" \/>\n\t<meta property=\"og:image:width\" content=\"1200\" \/>\n\t<meta property=\"og:image:height\" content=\"675\" \/>\n\t<meta property=\"og:image:type\" content=\"image\/jpeg\" \/>\n<meta name=\"twitter:card\" content=\"summary_large_image\" \/>\n<script type=\"application\/ld+json\" class=\"yoast-schema-graph\">{\"@context\":\"https:\\\/\\\/schema.org\",\"@graph\":[{\"@type\":\"WebPage\",\"@id\":\"https:\\\/\\\/akerstroms.se\\\/de\\\/lagerverwaltung\\\/\",\"url\":\"https:\\\/\\\/akerstroms.se\\\/de\\\/lagerverwaltung\\\/\",\"name\":\"Lagerverwaltung - \u00c5kerstr\u00f6ms Bj\u00f6rbo\",\"isPartOf\":{\"@id\":\"https:\\\/\\\/akerstroms.se\\\/#website\"},\"datePublished\":\"2021-09-30T07:13:08+00:00\",\"dateModified\":\"2021-10-19T11:34:48+00:00\",\"breadcrumb\":{\"@id\":\"https:\\\/\\\/akerstroms.se\\\/de\\\/lagerverwaltung\\\/#breadcrumb\"},\"inLanguage\":\"de\",\"potentialAction\":[{\"@type\":\"ReadAction\",\"target\":[\"https:\\\/\\\/akerstroms.se\\\/de\\\/lagerverwaltung\\\/\"]}]},{\"@type\":\"BreadcrumbList\",\"@id\":\"https:\\\/\\\/akerstroms.se\\\/de\\\/lagerverwaltung\\\/#breadcrumb\",\"itemListElement\":[{\"@type\":\"ListItem\",\"position\":1,\"name\":\"Home\",\"item\":\"https:\\\/\\\/akerstroms.se\\\/de\\\/\"},{\"@type\":\"ListItem\",\"position\":2,\"name\":\"Lagerverwaltung\"}]},{\"@type\":\"WebSite\",\"@id\":\"https:\\\/\\\/akerstroms.se\\\/#website\",\"url\":\"https:\\\/\\\/akerstroms.se\\\/\",\"name\":\"\u00c5kerstr\u00f6ms Bj\u00f6rbo\",\"description\":\"Radiostyrning f\u00f6r industriella och mobila applikationer\",\"publisher\":{\"@id\":\"https:\\\/\\\/akerstroms.se\\\/#organization\"},\"potentialAction\":[{\"@type\":\"SearchAction\",\"target\":{\"@type\":\"EntryPoint\",\"urlTemplate\":\"https:\\\/\\\/akerstroms.se\\\/?s={search_term_string}\"},\"query-input\":{\"@type\":\"PropertyValueSpecification\",\"valueRequired\":true,\"valueName\":\"search_term_string\"}}],\"inLanguage\":\"de\"},{\"@type\":\"Organization\",\"@id\":\"https:\\\/\\\/akerstroms.se\\\/#organization\",\"name\":\"\u00c5kerstr\u00f6ms AB\",\"url\":\"https:\\\/\\\/akerstroms.se\\\/\",\"logo\":{\"@type\":\"ImageObject\",\"inLanguage\":\"de\",\"@id\":\"https:\\\/\\\/akerstroms.se\\\/#\\\/schema\\\/logo\\\/image\\\/\",\"url\":\"https:\\\/\\\/akerstroms.se\\\/app\\\/uploads\\\/2021\\\/10\\\/akerstroms-logo.png\",\"contentUrl\":\"https:\\\/\\\/akerstroms.se\\\/app\\\/uploads\\\/2021\\\/10\\\/akerstroms-logo.png\",\"width\":400,\"height\":86,\"caption\":\"\u00c5kerstr\u00f6ms AB\"},\"image\":{\"@id\":\"https:\\\/\\\/akerstroms.se\\\/#\\\/schema\\\/logo\\\/image\\\/\"},\"sameAs\":[\"https:\\\/\\\/www.facebook.com\\\/akerstroms.se\",\"https:\\\/\\\/www.linkedin.com\\\/company\\\/akerstroms\\\/\",\"https:\\\/\\\/www.youtube.com\\\/channel\\\/UC8S-jX9nA8c9qBaTlgqg1CQ\"]}]}<\/script>\n<!-- \/ Yoast SEO plugin. -->","yoast_head_json":{"title":"Lagerverwaltung - \u00c5kerstr\u00f6ms Bj\u00f6rbo","robots":{"index":"index","follow":"follow","max-snippet":"max-snippet:-1","max-image-preview":"max-image-preview:large","max-video-preview":"max-video-preview:-1"},"canonical":"https:\/\/akerstroms.se\/de\/lagerverwaltung\/","og_locale":"de_DE","og_type":"article","og_title":"Lagerverwaltung - \u00c5kerstr\u00f6ms Bj\u00f6rbo","og_description":"Praktische und optimierte Lagerverwaltung Wir bieten Funksteuerungsl\u00f6sungen f\u00fcr eine optimale Lagerverwaltung, f\u00fcr die automatisierte Kommissionierung von Waren und G\u00fctern sowie f\u00fcr das Verfahren von Lagerregalen....","og_url":"https:\/\/akerstroms.se\/de\/lagerverwaltung\/","og_site_name":"\u00c5kerstr\u00f6ms Bj\u00f6rbo","article_publisher":"https:\/\/www.facebook.com\/akerstroms.se","article_modified_time":"2021-10-19T11:34:48+00:00","og_image":[{"width":1200,"height":675,"url":"https:\/\/akerstroms.se\/app\/uploads\/2021\/09\/Akerstroms-remote-controls.jpg","type":"image\/jpeg"}],"twitter_card":"summary_large_image","schema":{"@context":"https:\/\/schema.org","@graph":[{"@type":"WebPage","@id":"https:\/\/akerstroms.se\/de\/lagerverwaltung\/","url":"https:\/\/akerstroms.se\/de\/lagerverwaltung\/","name":"Lagerverwaltung - \u00c5kerstr\u00f6ms Bj\u00f6rbo","isPartOf":{"@id":"https:\/\/akerstroms.se\/#website"},"datePublished":"2021-09-30T07:13:08+00:00","dateModified":"2021-10-19T11:34:48+00:00","breadcrumb":{"@id":"https:\/\/akerstroms.se\/de\/lagerverwaltung\/#breadcrumb"},"inLanguage":"de","potentialAction":[{"@type":"ReadAction","target":["https:\/\/akerstroms.se\/de\/lagerverwaltung\/"]}]},{"@type":"BreadcrumbList","@id":"https:\/\/akerstroms.se\/de\/lagerverwaltung\/#breadcrumb","itemListElement":[{"@type":"ListItem","position":1,"name":"Home","item":"https:\/\/akerstroms.se\/de\/"},{"@type":"ListItem","position":2,"name":"Lagerverwaltung"}]},{"@type":"WebSite","@id":"https:\/\/akerstroms.se\/#website","url":"https:\/\/akerstroms.se\/","name":"\u00c5kerstr\u00f6ms Bj\u00f6rbo","description":"Radiostyrning f\u00f6r industriella och mobila applikationer","publisher":{"@id":"https:\/\/akerstroms.se\/#organization"},"potentialAction":[{"@type":"SearchAction","target":{"@type":"EntryPoint","urlTemplate":"https:\/\/akerstroms.se\/?s={search_term_string}"},"query-input":{"@type":"PropertyValueSpecification","valueRequired":true,"valueName":"search_term_string"}}],"inLanguage":"de"},{"@type":"Organization","@id":"https:\/\/akerstroms.se\/#organization","name":"\u00c5kerstr\u00f6ms AB","url":"https:\/\/akerstroms.se\/","logo":{"@type":"ImageObject","inLanguage":"de","@id":"https:\/\/akerstroms.se\/#\/schema\/logo\/image\/","url":"https:\/\/akerstroms.se\/app\/uploads\/2021\/10\/akerstroms-logo.png","contentUrl":"https:\/\/akerstroms.se\/app\/uploads\/2021\/10\/akerstroms-logo.png","width":400,"height":86,"caption":"\u00c5kerstr\u00f6ms AB"},"image":{"@id":"https:\/\/akerstroms.se\/#\/schema\/logo\/image\/"},"sameAs":["https:\/\/www.facebook.com\/akerstroms.se","https:\/\/www.linkedin.com\/company\/akerstroms\/","https:\/\/www.youtube.com\/channel\/UC8S-jX9nA8c9qBaTlgqg1CQ"]}]}},"_links":{"self":[{"href":"https:\/\/akerstroms.se\/de\/wp-json\/wp\/v2\/pages\/10471","targetHints":{"allow":["GET"]}}],"collection":[{"href":"https:\/\/akerstroms.se\/de\/wp-json\/wp\/v2\/pages"}],"about":[{"href":"https:\/\/akerstroms.se\/de\/wp-json\/wp\/v2\/types\/page"}],"author":[{"embeddable":true,"href":"https:\/\/akerstroms.se\/de\/wp-json\/wp\/v2\/users\/1"}],"replies":[{"embeddable":true,"href":"https:\/\/akerstroms.se\/de\/wp-json\/wp\/v2\/comments?post=10471"}],"version-history":[{"count":6,"href":"https:\/\/akerstroms.se\/de\/wp-json\/wp\/v2\/pages\/10471\/revisions"}],"predecessor-version":[{"id":12850,"href":"https:\/\/akerstroms.se\/de\/wp-json\/wp\/v2\/pages\/10471\/revisions\/12850"}],"wp:attachment":[{"href":"https:\/\/akerstroms.se\/de\/wp-json\/wp\/v2\/media?parent=10471"}],"curies":[{"name":"wp","href":"https:\/\/api.w.org\/{rel}","templated":true}]}}