{"id":10470,"date":"2021-09-30T09:13:05","date_gmt":"2021-09-30T07:13:05","guid":{"rendered":"https:\/\/akerstroms.se\/anmelden\/"},"modified":"2021-10-25T15:38:35","modified_gmt":"2021-10-25T13:38:35","slug":"anmelden","status":"publish","type":"page","link":"https:\/\/akerstroms.se\/de\/anmelden\/","title":{"rendered":"Anmelden"},"content":{"rendered":"\n<div class=\"wp-block-media-text alignfull is-stacked-on-mobile is-image-fill has-white-color has-black-background-color has-text-color has-background\"><figure class=\"wp-block-media-text__media\" style=\"background-image:url(https:\/\/akerstroms.se\/app\/uploads\/2021\/09\/Akerstroms-remote-controls-700x394.jpg);background-position:50% 21%\"><img loading=\"lazy\" decoding=\"async\" width=\"700\" height=\"394\" src=\"https:\/\/akerstroms.se\/app\/uploads\/2021\/09\/Akerstroms-remote-controls-700x394.jpg\" alt=\"\" class=\"wp-image-9375 size-full\" srcset=\"https:\/\/akerstroms.se\/app\/uploads\/2021\/09\/Akerstroms-remote-controls-700x394.jpg 700w, https:\/\/akerstroms.se\/app\/uploads\/2021\/09\/Akerstroms-remote-controls-300x169.jpg 300w, https:\/\/akerstroms.se\/app\/uploads\/2021\/09\/Akerstroms-remote-controls-600x338.jpg 600w, https:\/\/akerstroms.se\/app\/uploads\/2021\/09\/Akerstroms-remote-controls-250x141.jpg 250w, https:\/\/akerstroms.se\/app\/uploads\/2021\/09\/Akerstroms-remote-controls-768x432.jpg 768w, https:\/\/akerstroms.se\/app\/uploads\/2021\/09\/Akerstroms-remote-controls-120x68.jpg 120w, https:\/\/akerstroms.se\/app\/uploads\/2021\/09\/Akerstroms-remote-controls-540x304.jpg 540w, https:\/\/akerstroms.se\/app\/uploads\/2021\/09\/Akerstroms-remote-controls.jpg 1200w\" sizes=\"auto, (max-width: 700px) 100vw, 700px\" \/><\/figure><div class=\"wp-block-media-text__content\">\n<div class=\"wp-block-columns is-layout-flex wp-container-core-columns-is-layout-9d6595d7 wp-block-columns-is-layout-flex\">\n<div class=\"wp-block-column is-layout-flow wp-block-column-is-layout-flow\" style=\"flex-basis:70%\">\n<div style=\"height:50px\" aria-hidden=\"true\" class=\"wp-block-spacer\"><\/div>\n\n\n\n<h3 class=\"wp-block-heading\" id=\"h-anmelden\"><strong>Anmelden<\/strong><\/h3>\n\n\n\n<p>Um sich anmelden zu k\u00f6nnen, m\u00fcssen Sie ein registrierter Kunde von \u00c5kerstr\u00f6ms sein. Falls Sie kein Benutzerkonto haben, k\u00f6nnen Sie sich <a href=\"https:\/\/akerstroms.se\/de\/registrierung\/\">hier registrieren<\/a>.<\/p>\n\n\n\n<p><\/p>\n\n\n\n<p><strong>Achtung: Auch wenn Sie ein Benutzerkonto auf unserer alten Seite hatten, m\u00fcssen Sie sich hier neu registrieren.<\/strong><\/p>\n\n\n<form class=\"woocommerce-form woocommerce-form-login login\" method=\"post\" >\n\n\t\n\t\n\t<p class=\"form-row form-row-first\">\n\t\t<label for=\"username\">Benutzername oder E-Mail-Adresse&nbsp;<span class=\"required\" aria-hidden=\"true\">*<\/span><span class=\"screen-reader-text\">Erforderlich<\/span><\/label>\n\t\t<input type=\"text\" class=\"input-text\" name=\"username\" id=\"username\" autocomplete=\"username\" required aria-required=\"true\" \/>\n\t<\/p>\n\t<p class=\"form-row form-row-last\">\n\t\t<label for=\"password\">Passwort&nbsp;<span class=\"required\" aria-hidden=\"true\">*<\/span><span class=\"screen-reader-text\">Erforderlich<\/span><\/label>\n\t\t<input class=\"input-text woocommerce-Input\" type=\"password\" name=\"password\" id=\"password\" autocomplete=\"current-password\" required aria-required=\"true\" \/>\n\t<\/p>\n\t<div class=\"clear\"><\/div>\n\n\t\n\t<p class=\"form-row\">\n\t\t<label class=\"woocommerce-form__label woocommerce-form__label-for-checkbox woocommerce-form-login__rememberme\">\n\t\t\t<input class=\"woocommerce-form__input woocommerce-form__input-checkbox\" name=\"rememberme\" type=\"checkbox\" id=\"rememberme\" value=\"forever\" \/> <span>Angemeldet bleiben<\/span>\n\t\t<\/label>\n\t\t<input type=\"hidden\" id=\"woocommerce-login-nonce\" name=\"woocommerce-login-nonce\" value=\"b9e32b0dc3\" \/><input type=\"hidden\" name=\"_wp_http_referer\" value=\"\/de\/wp-json\/wp\/v2\/pages\/10470\" \/>\t\t<input type=\"hidden\" name=\"redirect\" value=\"https:\/\/akerstroms.se\/de\/\" \/>\n\t\t<button type=\"submit\" class=\"woocommerce-button button woocommerce-form-login__submit\" name=\"login\" value=\"Anmelden\">Anmelden<\/button>\n\t<\/p>\n\t<p class=\"lost_password\">\n\t\t<a href=\"https:\/\/akerstroms.se\/de\/mein-account\/lost-password\/\">Passwort vergessen?<\/a>\n\t<\/p>\n\n\t<div class=\"clear\"><\/div>\n\n\t\n<\/form>\n\n\n\n\n<div style=\"height:50px\" aria-hidden=\"true\" class=\"wp-block-spacer\"><\/div>\n<\/div>\n<\/div>\n<\/div><\/div>\n","protected":false},"excerpt":{"rendered":"","protected":false},"author":1,"featured_media":0,"parent":0,"menu_order":0,"comment_status":"closed","ping_status":"closed","template":"","meta":{"_acf_changed":false,"footnotes":""},"class_list":["post-10470","page","type-page","status-publish","hentry"],"acf":[],"yoast_head":"<!-- This site is optimized with the Yoast SEO plugin v27.4 - https:\/\/yoast.com\/product\/yoast-seo-wordpress\/ -->\n<title>Anmelden - \u00c5kerstr\u00f6ms Bj\u00f6rbo<\/title>\n<meta name=\"robots\" content=\"index, follow, max-snippet:-1, max-image-preview:large, max-video-preview:-1\" \/>\n<link rel=\"canonical\" href=\"https:\/\/akerstroms.se\/de\/anmelden\/\" \/>\n<meta property=\"og:locale\" content=\"de_DE\" \/>\n<meta property=\"og:type\" content=\"article\" \/>\n<meta property=\"og:title\" content=\"Anmelden - \u00c5kerstr\u00f6ms Bj\u00f6rbo\" \/>\n<meta property=\"og:url\" content=\"https:\/\/akerstroms.se\/de\/anmelden\/\" \/>\n<meta property=\"og:site_name\" content=\"\u00c5kerstr\u00f6ms Bj\u00f6rbo\" \/>\n<meta property=\"article:publisher\" content=\"https:\/\/www.facebook.com\/akerstroms.se\" \/>\n<meta property=\"article:modified_time\" content=\"2021-10-25T13:38:35+00:00\" \/>\n<meta property=\"og:image\" content=\"https:\/\/akerstroms.se\/app\/uploads\/2021\/09\/Akerstroms-remote-controls-700x394.jpg\" \/>\n<meta name=\"twitter:card\" content=\"summary_large_image\" \/>\n<meta name=\"twitter:label1\" content=\"Gesch\u00e4tzte Lesezeit\" \/>\n\t<meta name=\"twitter:data1\" content=\"1\u00a0Minute\" \/>\n<script type=\"application\/ld+json\" class=\"yoast-schema-graph\">{\"@context\":\"https:\\\/\\\/schema.org\",\"@graph\":[{\"@type\":\"WebPage\",\"@id\":\"https:\\\/\\\/akerstroms.se\\\/de\\\/anmelden\\\/\",\"url\":\"https:\\\/\\\/akerstroms.se\\\/de\\\/anmelden\\\/\",\"name\":\"Anmelden - \u00c5kerstr\u00f6ms Bj\u00f6rbo\",\"isPartOf\":{\"@id\":\"https:\\\/\\\/akerstroms.se\\\/#website\"},\"primaryImageOfPage\":{\"@id\":\"https:\\\/\\\/akerstroms.se\\\/de\\\/anmelden\\\/#primaryimage\"},\"image\":{\"@id\":\"https:\\\/\\\/akerstroms.se\\\/de\\\/anmelden\\\/#primaryimage\"},\"thumbnailUrl\":\"https:\\\/\\\/akerstroms.se\\\/app\\\/uploads\\\/2021\\\/09\\\/Akerstroms-remote-controls-700x394.jpg\",\"datePublished\":\"2021-09-30T07:13:05+00:00\",\"dateModified\":\"2021-10-25T13:38:35+00:00\",\"breadcrumb\":{\"@id\":\"https:\\\/\\\/akerstroms.se\\\/de\\\/anmelden\\\/#breadcrumb\"},\"inLanguage\":\"de\",\"potentialAction\":[{\"@type\":\"ReadAction\",\"target\":[\"https:\\\/\\\/akerstroms.se\\\/de\\\/anmelden\\\/\"]}]},{\"@type\":\"ImageObject\",\"inLanguage\":\"de\",\"@id\":\"https:\\\/\\\/akerstroms.se\\\/de\\\/anmelden\\\/#primaryimage\",\"url\":\"https:\\\/\\\/akerstroms.se\\\/app\\\/uploads\\\/2021\\\/09\\\/Akerstroms-remote-controls-700x394.jpg\",\"contentUrl\":\"https:\\\/\\\/akerstroms.se\\\/app\\\/uploads\\\/2021\\\/09\\\/Akerstroms-remote-controls-700x394.jpg\"},{\"@type\":\"BreadcrumbList\",\"@id\":\"https:\\\/\\\/akerstroms.se\\\/de\\\/anmelden\\\/#breadcrumb\",\"itemListElement\":[{\"@type\":\"ListItem\",\"position\":1,\"name\":\"Home\",\"item\":\"https:\\\/\\\/akerstroms.se\\\/de\\\/\"},{\"@type\":\"ListItem\",\"position\":2,\"name\":\"Anmelden\"}]},{\"@type\":\"WebSite\",\"@id\":\"https:\\\/\\\/akerstroms.se\\\/#website\",\"url\":\"https:\\\/\\\/akerstroms.se\\\/\",\"name\":\"\u00c5kerstr\u00f6ms Bj\u00f6rbo\",\"description\":\"Radiostyrning f\u00f6r industriella och mobila applikationer\",\"publisher\":{\"@id\":\"https:\\\/\\\/akerstroms.se\\\/#organization\"},\"potentialAction\":[{\"@type\":\"SearchAction\",\"target\":{\"@type\":\"EntryPoint\",\"urlTemplate\":\"https:\\\/\\\/akerstroms.se\\\/?s={search_term_string}\"},\"query-input\":{\"@type\":\"PropertyValueSpecification\",\"valueRequired\":true,\"valueName\":\"search_term_string\"}}],\"inLanguage\":\"de\"},{\"@type\":\"Organization\",\"@id\":\"https:\\\/\\\/akerstroms.se\\\/#organization\",\"name\":\"\u00c5kerstr\u00f6ms AB\",\"url\":\"https:\\\/\\\/akerstroms.se\\\/\",\"logo\":{\"@type\":\"ImageObject\",\"inLanguage\":\"de\",\"@id\":\"https:\\\/\\\/akerstroms.se\\\/#\\\/schema\\\/logo\\\/image\\\/\",\"url\":\"https:\\\/\\\/akerstroms.se\\\/app\\\/uploads\\\/2021\\\/10\\\/akerstroms-logo.png\",\"contentUrl\":\"https:\\\/\\\/akerstroms.se\\\/app\\\/uploads\\\/2021\\\/10\\\/akerstroms-logo.png\",\"width\":400,\"height\":86,\"caption\":\"\u00c5kerstr\u00f6ms AB\"},\"image\":{\"@id\":\"https:\\\/\\\/akerstroms.se\\\/#\\\/schema\\\/logo\\\/image\\\/\"},\"sameAs\":[\"https:\\\/\\\/www.facebook.com\\\/akerstroms.se\",\"https:\\\/\\\/www.linkedin.com\\\/company\\\/akerstroms\\\/\",\"https:\\\/\\\/www.youtube.com\\\/channel\\\/UC8S-jX9nA8c9qBaTlgqg1CQ\"]}]}<\/script>\n<!-- \/ Yoast SEO plugin. -->","yoast_head_json":{"title":"Anmelden - \u00c5kerstr\u00f6ms Bj\u00f6rbo","robots":{"index":"index","follow":"follow","max-snippet":"max-snippet:-1","max-image-preview":"max-image-preview:large","max-video-preview":"max-video-preview:-1"},"canonical":"https:\/\/akerstroms.se\/de\/anmelden\/","og_locale":"de_DE","og_type":"article","og_title":"Anmelden - \u00c5kerstr\u00f6ms Bj\u00f6rbo","og_url":"https:\/\/akerstroms.se\/de\/anmelden\/","og_site_name":"\u00c5kerstr\u00f6ms Bj\u00f6rbo","article_publisher":"https:\/\/www.facebook.com\/akerstroms.se","article_modified_time":"2021-10-25T13:38:35+00:00","og_image":[{"url":"https:\/\/akerstroms.se\/app\/uploads\/2021\/09\/Akerstroms-remote-controls-700x394.jpg","type":"","width":"","height":""}],"twitter_card":"summary_large_image","twitter_misc":{"Gesch\u00e4tzte Lesezeit":"1\u00a0Minute"},"schema":{"@context":"https:\/\/schema.org","@graph":[{"@type":"WebPage","@id":"https:\/\/akerstroms.se\/de\/anmelden\/","url":"https:\/\/akerstroms.se\/de\/anmelden\/","name":"Anmelden - \u00c5kerstr\u00f6ms Bj\u00f6rbo","isPartOf":{"@id":"https:\/\/akerstroms.se\/#website"},"primaryImageOfPage":{"@id":"https:\/\/akerstroms.se\/de\/anmelden\/#primaryimage"},"image":{"@id":"https:\/\/akerstroms.se\/de\/anmelden\/#primaryimage"},"thumbnailUrl":"https:\/\/akerstroms.se\/app\/uploads\/2021\/09\/Akerstroms-remote-controls-700x394.jpg","datePublished":"2021-09-30T07:13:05+00:00","dateModified":"2021-10-25T13:38:35+00:00","breadcrumb":{"@id":"https:\/\/akerstroms.se\/de\/anmelden\/#breadcrumb"},"inLanguage":"de","potentialAction":[{"@type":"ReadAction","target":["https:\/\/akerstroms.se\/de\/anmelden\/"]}]},{"@type":"ImageObject","inLanguage":"de","@id":"https:\/\/akerstroms.se\/de\/anmelden\/#primaryimage","url":"https:\/\/akerstroms.se\/app\/uploads\/2021\/09\/Akerstroms-remote-controls-700x394.jpg","contentUrl":"https:\/\/akerstroms.se\/app\/uploads\/2021\/09\/Akerstroms-remote-controls-700x394.jpg"},{"@type":"BreadcrumbList","@id":"https:\/\/akerstroms.se\/de\/anmelden\/#breadcrumb","itemListElement":[{"@type":"ListItem","position":1,"name":"Home","item":"https:\/\/akerstroms.se\/de\/"},{"@type":"ListItem","position":2,"name":"Anmelden"}]},{"@type":"WebSite","@id":"https:\/\/akerstroms.se\/#website","url":"https:\/\/akerstroms.se\/","name":"\u00c5kerstr\u00f6ms Bj\u00f6rbo","description":"Radiostyrning f\u00f6r industriella och mobila applikationer","publisher":{"@id":"https:\/\/akerstroms.se\/#organization"},"potentialAction":[{"@type":"SearchAction","target":{"@type":"EntryPoint","urlTemplate":"https:\/\/akerstroms.se\/?s={search_term_string}"},"query-input":{"@type":"PropertyValueSpecification","valueRequired":true,"valueName":"search_term_string"}}],"inLanguage":"de"},{"@type":"Organization","@id":"https:\/\/akerstroms.se\/#organization","name":"\u00c5kerstr\u00f6ms AB","url":"https:\/\/akerstroms.se\/","logo":{"@type":"ImageObject","inLanguage":"de","@id":"https:\/\/akerstroms.se\/#\/schema\/logo\/image\/","url":"https:\/\/akerstroms.se\/app\/uploads\/2021\/10\/akerstroms-logo.png","contentUrl":"https:\/\/akerstroms.se\/app\/uploads\/2021\/10\/akerstroms-logo.png","width":400,"height":86,"caption":"\u00c5kerstr\u00f6ms AB"},"image":{"@id":"https:\/\/akerstroms.se\/#\/schema\/logo\/image\/"},"sameAs":["https:\/\/www.facebook.com\/akerstroms.se","https:\/\/www.linkedin.com\/company\/akerstroms\/","https:\/\/www.youtube.com\/channel\/UC8S-jX9nA8c9qBaTlgqg1CQ"]}]}},"_links":{"self":[{"href":"https:\/\/akerstroms.se\/de\/wp-json\/wp\/v2\/pages\/10470","targetHints":{"allow":["GET"]}}],"collection":[{"href":"https:\/\/akerstroms.se\/de\/wp-json\/wp\/v2\/pages"}],"about":[{"href":"https:\/\/akerstroms.se\/de\/wp-json\/wp\/v2\/types\/page"}],"author":[{"embeddable":true,"href":"https:\/\/akerstroms.se\/de\/wp-json\/wp\/v2\/users\/1"}],"replies":[{"embeddable":true,"href":"https:\/\/akerstroms.se\/de\/wp-json\/wp\/v2\/comments?post=10470"}],"version-history":[{"count":3,"href":"https:\/\/akerstroms.se\/de\/wp-json\/wp\/v2\/pages\/10470\/revisions"}],"predecessor-version":[{"id":13464,"href":"https:\/\/akerstroms.se\/de\/wp-json\/wp\/v2\/pages\/10470\/revisions\/13464"}],"wp:attachment":[{"href":"https:\/\/akerstroms.se\/de\/wp-json\/wp\/v2\/media?parent=10470"}],"curies":[{"name":"wp","href":"https:\/\/api.w.org\/{rel}","templated":true}]}}