{"id":10469,"date":"2021-09-30T09:13:00","date_gmt":"2021-09-30T07:13:00","guid":{"rendered":"https:\/\/akerstroms.se\/handbucher\/"},"modified":"2022-01-04T11:36:40","modified_gmt":"2022-01-04T10:36:40","slug":"handbucher","status":"publish","type":"page","link":"https:\/\/akerstroms.se\/de\/support\/handbucher\/","title":{"rendered":"Handb\u00fccher"},"content":{"rendered":"<section class=\"hero alignfull tone \" style=\"background-image: url(https:\/\/akerstroms.se\/app\/uploads\/2021\/08\/akerstroms-user-manuals.jpg);\">\r\n        <div class=\"hero__text container\">\r\n        <h1 class=\"hero__title\">Benutzerhandbuch<\/h1>\r\n                    <p class=\"hero__excerpt\">Hier finden Sie aktuelle Handb\u00fccher und Anleitungen f\u00fcr Remotus. Diese Dokumente erl\u00e4utern unter anderem, wie Sie ein Funksteuerungssystem installieren, eine grundlegende Konfiguration vornehmen, Sender einrichten bzw. l\u00f6schen, CIM-Platinen verwalten, routinem\u00e4\u00dfige Wartung ausf\u00fchren und Akkus wechseln.<\/p>\r\n            <\/div>\r\n<\/section>\r\n\n\n\n<div class=\"wp-block-cover alignfull has-background-dim\" style=\"background-color:#ef7f00\"><div class=\"wp-block-cover__inner-container is-layout-flow wp-block-cover-is-layout-flow\">    <section class=\"linkables container bleed\" data-color=\"black\">\r\n                    <div class=\"linkables__block flex-row-wrapper\" id=\"\">\r\n                <div class=\"linkables__block__img\">\r\n                                        <img decoding=\"async\" src=\"https:\/\/akerstroms.se\/app\/uploads\/2021\/06\/ragnsells-sandare-scaled.jpg\" alt=\"\">\r\n                <\/div>\r\n                <div class=\"linkables__block__text\">\r\n                    <h3 class=\"linkables__block__title\">Remotus<\/h3>\r\n                    <p class=\"linkables__block__excerpt\">Hier finden Sie aktuelle Handb\u00fccher und Anleitungen f\u00fcr Remotus. Diese Dokumente erl\u00e4utern unter anderem, wie Sie ein Remotus-System installieren, eine grundlegende Konfiguration vornehmen, Sender einrichten bzw. l\u00f6schen und CIM-Platinen verwalten.<\/p>\r\n                                            <a class=\"linkables__block__button button button--primary\" href=\"https:\/\/akerstroms.se\/de\/benutzerhandbucher-fur-remotus\/\" title=\"Benutzerhandb\u00fccher f\u00fcr Remotus\" target=\"\">\r\n                            Benutzerhandb\u00fccher f\u00fcr Remotus                        <\/a>\r\n                                    <\/div>\r\n            <\/div>\r\n                    <div class=\"linkables__block flex-row-wrapper\" id=\"\">\r\n                <div class=\"linkables__block__img\">\r\n                                        <img decoding=\"async\" src=\"https:\/\/akerstroms.se\/app\/uploads\/2021\/09\/Akerstroms_videomanual_remotus.jpg\" alt=\"Videomanual Remotus\">\r\n                <\/div>\r\n                <div class=\"linkables__block__text\">\r\n                    <h3 class=\"linkables__block__title\">Remotus \u2013 Videoanleitungen<\/h3>\r\n                    <p class=\"linkables__block__excerpt\">Hier finden Sie aktuelle Videoanleitungen f\u00fcr Remotus. Diese Filme zeigen unter anderem, wie Sie ein Remotus-System installieren, eine grundlegende Konfiguration vornehmen, Sender einrichten bzw. l\u00f6schen und CIM-Platinen verwalten.<\/p>\r\n                                            <a class=\"linkables__block__button button button--primary\" href=\"https:\/\/akerstroms.se\/de\/videoanleitungen-fur-remotus\/\" title=\"Videoanleitungen f\u00fcr Remotus\" target=\"\">\r\n                            Videoanleitungen f\u00fcr Remotus                        <\/a>\r\n                                    <\/div>\r\n            <\/div>\r\n                    <div class=\"linkables__block flex-row-wrapper\" id=\"\">\r\n                <div class=\"linkables__block__img\">\r\n                                        <img decoding=\"async\" src=\"https:\/\/akerstroms.se\/app\/uploads\/2021\/06\/L99-distribution-warehouse.jpg\" alt=\"Sesam f\u00f6r industriportar\">\r\n                <\/div>\r\n                <div class=\"linkables__block__text\">\r\n                    <h3 class=\"linkables__block__title\">Sesam<\/h3>\r\n                    <p class=\"linkables__block__excerpt\">Hier finden Sie aktuelle Handb\u00fccher und Anleitungen f\u00fcr Sesam 800. Diese Dokumente erl\u00e4utern unter anderem, wie Sie ein Sesam-System installieren, eine grundlegende Konfiguration vornehmen und Sender einrichten bzw. l\u00f6schen.<\/p>\r\n                                            <a class=\"linkables__block__button button button--primary\" href=\"https:\/\/akerstroms.se\/de\/benutzerhandbucher-fur-sesam\/\" title=\"Benutzerhandb\u00fccher f\u00fcr Sesam\" target=\"\">\r\n                            Benutzerhandb\u00fccher f\u00fcr Sesam                        <\/a>\r\n                                    <\/div>\r\n            <\/div>\r\n                    <div class=\"linkables__block flex-row-wrapper\" id=\"\">\r\n                <div class=\"linkables__block__img\">\r\n                                        <img decoding=\"async\" src=\"https:\/\/akerstroms.se\/app\/uploads\/2021\/09\/Akerstroms_videomanual_sesam.jpg\" alt=\"Videomanual Sesam\">\r\n                <\/div>\r\n                <div class=\"linkables__block__text\">\r\n                    <h3 class=\"linkables__block__title\">Sesam \u2013 Videoanleitungen<\/h3>\r\n                    <p class=\"linkables__block__excerpt\">Hier finden Sie aktuelle Videoanleitungen f\u00fcr Sesam 800. Diese Filme zeigen unter anderem, wie Sie ein Sesam-System installieren, eine grundlegende Konfiguration vornehmen und Sender einrichten bzw. l\u00f6schen.<\/p>\r\n                                            <a class=\"linkables__block__button button button--primary\" href=\"https:\/\/akerstroms.se\/de\/videoanleitungen-fur-sesam\/\" title=\"Videoanleitungen f\u00fcr Sesam\" target=\"\">\r\n                            Videoanleitungen f\u00fcr Sesam                        <\/a>\r\n                                    <\/div>\r\n            <\/div>\r\n            <\/section>\r\n<\/div><\/div>\n\n\n\n<div style=\"height:120px\" aria-hidden=\"true\" class=\"wp-block-spacer\"><\/div>\n\n\n\n<div style=\"height:70px\" aria-hidden=\"true\" class=\"wp-block-spacer\"><\/div>\n\n\n\n<div class=\"wp-block-cover alignfull has-background-dim\" style=\"background-color:#ef7f00\"><div class=\"wp-block-cover__inner-container is-layout-flow wp-block-cover-is-layout-flow\">\n<h2 class=\"has-text-align-center has-black-color has-text-color wp-block-heading\" id=\"h-lesen-sie-mehr-uber-unserekundenspezifischen-losungen\"><strong>Lesen Sie mehr<\/strong> \u00fcber unsere<br>kundenspezifischen L\u00f6sungen<\/h2>\n\n\n\n<div class=\"wp-block-buttons is-content-justification-center is-layout-flex wp-block-buttons-is-layout-flex\">\n<div class=\"wp-block-button\"><a class=\"wp-block-button__link has-white-color has-black-background-color has-text-color has-background\" href=\"https:\/\/akerstroms.se\/de\/kundenspezifische-produkte\/\" style=\"border-radius:3px\">Kundenspezifische L\u00f6sungen<\/a><\/div>\n<\/div>\n<\/div><\/div>\n","protected":false},"excerpt":{"rendered":"","protected":false},"author":1,"featured_media":0,"parent":11897,"menu_order":0,"comment_status":"closed","ping_status":"closed","template":"","meta":{"_acf_changed":false,"footnotes":""},"class_list":["post-10469","page","type-page","status-publish","hentry"],"acf":[],"yoast_head":"<!-- This site is optimized with the Yoast SEO plugin v27.4 - https:\/\/yoast.com\/product\/yoast-seo-wordpress\/ -->\n<title>Handb\u00fccher - \u00c5kerstr\u00f6ms Bj\u00f6rbo<\/title>\n<meta name=\"robots\" content=\"index, follow, max-snippet:-1, max-image-preview:large, max-video-preview:-1\" \/>\n<link rel=\"canonical\" href=\"https:\/\/akerstroms.se\/de\/support\/handbucher\/\" \/>\n<meta property=\"og:locale\" content=\"de_DE\" \/>\n<meta property=\"og:type\" content=\"article\" \/>\n<meta property=\"og:title\" content=\"Handb\u00fccher - \u00c5kerstr\u00f6ms Bj\u00f6rbo\" \/>\n<meta property=\"og:url\" content=\"https:\/\/akerstroms.se\/de\/support\/handbucher\/\" \/>\n<meta property=\"og:site_name\" content=\"\u00c5kerstr\u00f6ms Bj\u00f6rbo\" \/>\n<meta property=\"article:publisher\" content=\"https:\/\/www.facebook.com\/akerstroms.se\" \/>\n<meta property=\"article:modified_time\" content=\"2022-01-04T10:36:40+00:00\" \/>\n<meta property=\"og:image\" content=\"https:\/\/akerstroms.se\/app\/uploads\/2021\/09\/Akerstroms-remote-controls.jpg\" \/>\n\t<meta property=\"og:image:width\" content=\"1200\" \/>\n\t<meta property=\"og:image:height\" content=\"675\" \/>\n\t<meta property=\"og:image:type\" content=\"image\/jpeg\" \/>\n<meta name=\"twitter:card\" content=\"summary_large_image\" \/>\n<meta name=\"twitter:label1\" content=\"Gesch\u00e4tzte Lesezeit\" \/>\n\t<meta name=\"twitter:data1\" content=\"1\u00a0Minute\" \/>\n<script type=\"application\/ld+json\" class=\"yoast-schema-graph\">{\"@context\":\"https:\\\/\\\/schema.org\",\"@graph\":[{\"@type\":\"WebPage\",\"@id\":\"https:\\\/\\\/akerstroms.se\\\/de\\\/support\\\/handbucher\\\/\",\"url\":\"https:\\\/\\\/akerstroms.se\\\/de\\\/support\\\/handbucher\\\/\",\"name\":\"Handb\u00fccher - \u00c5kerstr\u00f6ms Bj\u00f6rbo\",\"isPartOf\":{\"@id\":\"https:\\\/\\\/akerstroms.se\\\/#website\"},\"datePublished\":\"2021-09-30T07:13:00+00:00\",\"dateModified\":\"2022-01-04T10:36:40+00:00\",\"breadcrumb\":{\"@id\":\"https:\\\/\\\/akerstroms.se\\\/de\\\/support\\\/handbucher\\\/#breadcrumb\"},\"inLanguage\":\"de\",\"potentialAction\":[{\"@type\":\"ReadAction\",\"target\":[\"https:\\\/\\\/akerstroms.se\\\/de\\\/support\\\/handbucher\\\/\"]}]},{\"@type\":\"BreadcrumbList\",\"@id\":\"https:\\\/\\\/akerstroms.se\\\/de\\\/support\\\/handbucher\\\/#breadcrumb\",\"itemListElement\":[{\"@type\":\"ListItem\",\"position\":1,\"name\":\"Home\",\"item\":\"https:\\\/\\\/akerstroms.se\\\/de\\\/\"},{\"@type\":\"ListItem\",\"position\":2,\"name\":\"Support\",\"item\":\"https:\\\/\\\/akerstroms.se\\\/de\\\/support\\\/\"},{\"@type\":\"ListItem\",\"position\":3,\"name\":\"Handb\u00fccher\"}]},{\"@type\":\"WebSite\",\"@id\":\"https:\\\/\\\/akerstroms.se\\\/#website\",\"url\":\"https:\\\/\\\/akerstroms.se\\\/\",\"name\":\"\u00c5kerstr\u00f6ms Bj\u00f6rbo\",\"description\":\"Radiostyrning f\u00f6r industriella och mobila applikationer\",\"publisher\":{\"@id\":\"https:\\\/\\\/akerstroms.se\\\/#organization\"},\"potentialAction\":[{\"@type\":\"SearchAction\",\"target\":{\"@type\":\"EntryPoint\",\"urlTemplate\":\"https:\\\/\\\/akerstroms.se\\\/?s={search_term_string}\"},\"query-input\":{\"@type\":\"PropertyValueSpecification\",\"valueRequired\":true,\"valueName\":\"search_term_string\"}}],\"inLanguage\":\"de\"},{\"@type\":\"Organization\",\"@id\":\"https:\\\/\\\/akerstroms.se\\\/#organization\",\"name\":\"\u00c5kerstr\u00f6ms AB\",\"url\":\"https:\\\/\\\/akerstroms.se\\\/\",\"logo\":{\"@type\":\"ImageObject\",\"inLanguage\":\"de\",\"@id\":\"https:\\\/\\\/akerstroms.se\\\/#\\\/schema\\\/logo\\\/image\\\/\",\"url\":\"https:\\\/\\\/akerstroms.se\\\/app\\\/uploads\\\/2021\\\/10\\\/akerstroms-logo.png\",\"contentUrl\":\"https:\\\/\\\/akerstroms.se\\\/app\\\/uploads\\\/2021\\\/10\\\/akerstroms-logo.png\",\"width\":400,\"height\":86,\"caption\":\"\u00c5kerstr\u00f6ms AB\"},\"image\":{\"@id\":\"https:\\\/\\\/akerstroms.se\\\/#\\\/schema\\\/logo\\\/image\\\/\"},\"sameAs\":[\"https:\\\/\\\/www.facebook.com\\\/akerstroms.se\",\"https:\\\/\\\/www.linkedin.com\\\/company\\\/akerstroms\\\/\",\"https:\\\/\\\/www.youtube.com\\\/channel\\\/UC8S-jX9nA8c9qBaTlgqg1CQ\"]}]}<\/script>\n<!-- \/ Yoast SEO plugin. -->","yoast_head_json":{"title":"Handb\u00fccher - \u00c5kerstr\u00f6ms Bj\u00f6rbo","robots":{"index":"index","follow":"follow","max-snippet":"max-snippet:-1","max-image-preview":"max-image-preview:large","max-video-preview":"max-video-preview:-1"},"canonical":"https:\/\/akerstroms.se\/de\/support\/handbucher\/","og_locale":"de_DE","og_type":"article","og_title":"Handb\u00fccher - \u00c5kerstr\u00f6ms Bj\u00f6rbo","og_url":"https:\/\/akerstroms.se\/de\/support\/handbucher\/","og_site_name":"\u00c5kerstr\u00f6ms Bj\u00f6rbo","article_publisher":"https:\/\/www.facebook.com\/akerstroms.se","article_modified_time":"2022-01-04T10:36:40+00:00","og_image":[{"width":1200,"height":675,"url":"https:\/\/akerstroms.se\/app\/uploads\/2021\/09\/Akerstroms-remote-controls.jpg","type":"image\/jpeg"}],"twitter_card":"summary_large_image","twitter_misc":{"Gesch\u00e4tzte Lesezeit":"1\u00a0Minute"},"schema":{"@context":"https:\/\/schema.org","@graph":[{"@type":"WebPage","@id":"https:\/\/akerstroms.se\/de\/support\/handbucher\/","url":"https:\/\/akerstroms.se\/de\/support\/handbucher\/","name":"Handb\u00fccher - \u00c5kerstr\u00f6ms Bj\u00f6rbo","isPartOf":{"@id":"https:\/\/akerstroms.se\/#website"},"datePublished":"2021-09-30T07:13:00+00:00","dateModified":"2022-01-04T10:36:40+00:00","breadcrumb":{"@id":"https:\/\/akerstroms.se\/de\/support\/handbucher\/#breadcrumb"},"inLanguage":"de","potentialAction":[{"@type":"ReadAction","target":["https:\/\/akerstroms.se\/de\/support\/handbucher\/"]}]},{"@type":"BreadcrumbList","@id":"https:\/\/akerstroms.se\/de\/support\/handbucher\/#breadcrumb","itemListElement":[{"@type":"ListItem","position":1,"name":"Home","item":"https:\/\/akerstroms.se\/de\/"},{"@type":"ListItem","position":2,"name":"Support","item":"https:\/\/akerstroms.se\/de\/support\/"},{"@type":"ListItem","position":3,"name":"Handb\u00fccher"}]},{"@type":"WebSite","@id":"https:\/\/akerstroms.se\/#website","url":"https:\/\/akerstroms.se\/","name":"\u00c5kerstr\u00f6ms Bj\u00f6rbo","description":"Radiostyrning f\u00f6r industriella och mobila applikationer","publisher":{"@id":"https:\/\/akerstroms.se\/#organization"},"potentialAction":[{"@type":"SearchAction","target":{"@type":"EntryPoint","urlTemplate":"https:\/\/akerstroms.se\/?s={search_term_string}"},"query-input":{"@type":"PropertyValueSpecification","valueRequired":true,"valueName":"search_term_string"}}],"inLanguage":"de"},{"@type":"Organization","@id":"https:\/\/akerstroms.se\/#organization","name":"\u00c5kerstr\u00f6ms AB","url":"https:\/\/akerstroms.se\/","logo":{"@type":"ImageObject","inLanguage":"de","@id":"https:\/\/akerstroms.se\/#\/schema\/logo\/image\/","url":"https:\/\/akerstroms.se\/app\/uploads\/2021\/10\/akerstroms-logo.png","contentUrl":"https:\/\/akerstroms.se\/app\/uploads\/2021\/10\/akerstroms-logo.png","width":400,"height":86,"caption":"\u00c5kerstr\u00f6ms AB"},"image":{"@id":"https:\/\/akerstroms.se\/#\/schema\/logo\/image\/"},"sameAs":["https:\/\/www.facebook.com\/akerstroms.se","https:\/\/www.linkedin.com\/company\/akerstroms\/","https:\/\/www.youtube.com\/channel\/UC8S-jX9nA8c9qBaTlgqg1CQ"]}]}},"_links":{"self":[{"href":"https:\/\/akerstroms.se\/de\/wp-json\/wp\/v2\/pages\/10469","targetHints":{"allow":["GET"]}}],"collection":[{"href":"https:\/\/akerstroms.se\/de\/wp-json\/wp\/v2\/pages"}],"about":[{"href":"https:\/\/akerstroms.se\/de\/wp-json\/wp\/v2\/types\/page"}],"author":[{"embeddable":true,"href":"https:\/\/akerstroms.se\/de\/wp-json\/wp\/v2\/users\/1"}],"replies":[{"embeddable":true,"href":"https:\/\/akerstroms.se\/de\/wp-json\/wp\/v2\/comments?post=10469"}],"version-history":[{"count":14,"href":"https:\/\/akerstroms.se\/de\/wp-json\/wp\/v2\/pages\/10469\/revisions"}],"predecessor-version":[{"id":14533,"href":"https:\/\/akerstroms.se\/de\/wp-json\/wp\/v2\/pages\/10469\/revisions\/14533"}],"up":[{"embeddable":true,"href":"https:\/\/akerstroms.se\/de\/wp-json\/wp\/v2\/pages\/11897"}],"wp:attachment":[{"href":"https:\/\/akerstroms.se\/de\/wp-json\/wp\/v2\/media?parent=10469"}],"curies":[{"name":"wp","href":"https:\/\/api.w.org\/{rel}","templated":true}]}}