{"id":10467,"date":"2021-09-30T09:12:52","date_gmt":"2021-09-30T07:12:52","guid":{"rendered":"https:\/\/akerstroms.se\/mobile-anwendungsbereiche\/"},"modified":"2022-01-04T11:24:07","modified_gmt":"2022-01-04T10:24:07","slug":"mobile-anwendungsbereiche","status":"publish","type":"page","link":"https:\/\/akerstroms.se\/de\/mobile-anwendungsbereiche\/","title":{"rendered":"Mobile Anwendungsbereiche"},"content":{"rendered":"<section class=\"hero alignfull tone \" style=\"background-image: url(https:\/\/akerstroms.se\/app\/uploads\/2021\/04\/Remotus-radio-remote-control-mobile-1140x400x150-e1776147537522.jpg);\">\r\n        <div class=\"hero__text container\">\r\n        <h1 class=\"hero__title\">Mobile Anwendungsbereiche<\/h1>\r\n                    <p class=\"hero__excerpt\">\u00c5kerstr\u00f6ms bietet sichere und robuste L\u00f6sungen f\u00fcr verschiedenste mobile Anwendungsbereiche. H\u00e4ufig handelt es sich dabei um Fahrzeuge und Aufbauten wie beispielsweise Schlammsaugfahrzeuge, Abschleppwagen oder Ladebordw\u00e4nde. Unser Angebot umfasst sowohl ma\u00dfgeschneiderte als auch standardisierte Systeme f\u00fcr zahlreiche unterschiedliche Maschinen f\u00fcr Stra\u00dfen- und Hochbau, sowie auch f\u00fcr Winden an Quads und Gel\u00e4ndefahrzeugen.<\/p>\r\n            <\/div>\r\n<\/section>\r\n\n\n\n<div class=\"wp-block-cover alignfull has-background-dim\" style=\"background-color:#ef7f00\"><div class=\"wp-block-cover__inner-container is-layout-flow wp-block-cover-is-layout-flow\">    <section class=\"linkables container bleed\" data-color=\"black\">\r\n                    <div class=\"linkables__block flex-row-wrapper\" id=\"fahrzeuge\">\r\n                <div class=\"linkables__block__img\">\r\n                                        <img decoding=\"async\" src=\"https:\/\/akerstroms.se\/app\/uploads\/2021\/05\/fordon-och-pabyggare_2-scaled.jpg\" alt=\"\">\r\n                <\/div>\r\n                <div class=\"linkables__block__text\">\r\n                    <h3 class=\"linkables__block__title\">Fahrzeuge und Aufbauten<\/h3>\r\n                    <p class=\"linkables__block__excerpt\">Schlammsaugfahrzeuge, Abschleppwagen, Seitenlader und Hackschnitzeltransporter sind einige Beispiele. <\/p>\r\n                                            <a class=\"linkables__block__button button button--primary\" href=\"https:\/\/akerstroms.se\/de\/fahrzeuge-und-aufbauten\/\" title=\"Mehr erfahren\" target=\"\">\r\n                            Mehr erfahren                        <\/a>\r\n                                    <\/div>\r\n            <\/div>\r\n                    <div class=\"linkables__block flex-row-wrapper\" id=\"maschinen\">\r\n                <div class=\"linkables__block__img\">\r\n                                        <img decoding=\"async\" src=\"https:\/\/akerstroms.se\/app\/uploads\/2021\/05\/maskiner_1.jpg\" alt=\"\">\r\n                <\/div>\r\n                <div class=\"linkables__block__text\">\r\n                    <h3 class=\"linkables__block__title\">Maschinen<\/h3>\r\n                    <p class=\"linkables__block__excerpt\">Diverse Maschinen f\u00fcr Stra\u00dfen-, Hoch- und Tiefbau oder Pumpen. <\/p>\r\n                                            <a class=\"linkables__block__button button button--primary\" href=\"https:\/\/akerstroms.se\/de\/maschinen\/\" title=\"Mehr erfahren\" target=\"\">\r\n                            Mehr erfahren                        <\/a>\r\n                                    <\/div>\r\n            <\/div>\r\n                    <div class=\"linkables__block flex-row-wrapper\" id=\"winden\">\r\n                <div class=\"linkables__block__img\">\r\n                                        <img decoding=\"async\" src=\"https:\/\/akerstroms.se\/app\/uploads\/2021\/05\/vinchar.jpg\" alt=\"\">\r\n                <\/div>\r\n                <div class=\"linkables__block__text\">\r\n                    <h3 class=\"linkables__block__title\">Winden<\/h3>\r\n                    <p class=\"linkables__block__excerpt\">Steuerung von Winden f\u00fcr Quads, Gel\u00e4ndefahrzeuge, F\u00e4hren und Boote. <\/p>\r\n                                            <a class=\"linkables__block__button button button--primary\" href=\"https:\/\/akerstroms.se\/de\/winden\/\" title=\"Winden\" target=\"\">\r\n                            Winden                        <\/a>\r\n                                    <\/div>\r\n            <\/div>\r\n                    <div class=\"linkables__block flex-row-wrapper\" id=\"ladebordwaende\">\r\n                <div class=\"linkables__block__img\">\r\n                                        <img decoding=\"async\" src=\"https:\/\/akerstroms.se\/app\/uploads\/2021\/05\/bakgavellyftar.jpg\" alt=\"\">\r\n                <\/div>\r\n                <div class=\"linkables__block__text\">\r\n                    <h3 class=\"linkables__block__title\">Ladebordw\u00e4nde<\/h3>\r\n                    <p class=\"linkables__block__excerpt\">Sichere Komplettl\u00f6sungen f\u00fcr s\u00e4mtliche Funktionen der Ladebordwand.<\/p>\r\n                                            <a class=\"linkables__block__button button button--primary\" href=\"https:\/\/akerstroms.se\/de\/ladebordwande\/\" title=\"Ladebordw\u00e4nde\" target=\"\">\r\n                            Ladebordw\u00e4nde                        <\/a>\r\n                                    <\/div>\r\n            <\/div>\r\n            <\/section>\r\n<\/div><\/div>\n\n\n\n<div style=\"height:120px\" aria-hidden=\"true\" class=\"wp-block-spacer\"><\/div>\n\n\n\n<h2 class=\"has-text-align-center wp-block-heading\" id=\"h-ihr-spezieller-anwendungsbereich-istnicht-dabei\">Ihr spezieller Anwendungsbereich ist<br>nicht dabei?<\/h2>\n\n\n\n<p class=\"has-text-align-center\"><strong>Mit unserer langj\u00e4hrigen Erfahrung und Fachkenntnis k\u00f6nnen wir die optimale L\u00f6sung f\u00fcr genau Ihre Anwendung und Nutzungszwecke entwickeln und anpassen. Wir sind Experten darin, Ihre Arbeitsabl\u00e4ufe effizienter und sicherer zu gestalten. Kontaktieren Sie uns!<\/strong><\/p>\n\n\n\n<div style=\"height:40px\" aria-hidden=\"true\" class=\"wp-block-spacer\"><\/div>\n\n\n\n<div class=\"wp-block-columns is-layout-flex wp-container-core-columns-is-layout-9d6595d7 wp-block-columns-is-layout-flex\">\n<div class=\"wp-block-column is-layout-flow wp-block-column-is-layout-flow\"><a class=\"imagelink\" href=\"http:\/\/akerstroms.se\/kontakt\/\" title=\"Kontaktieren Sie einen Experten\" target=\"\">\r\n            <img decoding=\"async\" class=\"imagelink__image\" src=\"https:\/\/akerstroms.se\/app\/uploads\/2021\/02\/and-hedstrom-800x600x150-dpi-540x405.jpg\" alt=\"\">\r\n            <h2 class=\"imagelink__title\">Kontaktieren Sie einen Experten<\/h2>\r\n    <\/a>\r\n<\/div>\n\n\n\n<div class=\"wp-block-column is-layout-flow wp-block-column-is-layout-flow\"><a class=\"imagelink\" href=\"https:\/\/akerstroms.se\/de\/kundenspezifische-produkte\/\" title=\"Kundenspezifische L\u00f6sungen\" target=\"\">\r\n            <img decoding=\"async\" class=\"imagelink__image\" src=\"https:\/\/akerstroms.se\/app\/uploads\/2021\/06\/IMG_6493-540x720.jpg\" alt=\"\">\r\n            <h2 class=\"imagelink__title\">Kundenspezifische L\u00f6sungen<\/h2>\r\n    <\/a>\r\n<\/div>\n<\/div>\n\n\n\n<div style=\"height:50px\" aria-hidden=\"true\" class=\"wp-block-spacer\"><\/div>\n\n\n\n<h2 class=\"has-text-align-center wp-block-heading\" id=\"h-unser-angebot\">Unser Angebot<\/h2>\n\n\n\n<p class=\"has-text-align-center\"><strong>Schon seit mehr als 100 Jahren entwickeln wir nachhaltige Produkte und Dienste, die auf die Anforderungen unserer potenziellen Kunden und zuk\u00fcnftige M\u00f6glichkeiten zugeschnitten sind. Wir verschaffen unseren Kunden Kontrolle und Sicherheit rund um ihre Arbeit dank unserer sicheren und robusten Funksteuerungssysteme und zugeh\u00f6riger Dienste.<\/strong><\/p>\n\n\n\n<div style=\"height:30px\" aria-hidden=\"true\" class=\"wp-block-spacer\"><\/div>\n\n\n    <section class=\"linkables container\" data-color=\"black\">\r\n                    <div class=\"linkables__block flex-row-wrapper\" id=\"produkte\">\r\n                <div class=\"linkables__block__img\">\r\n                                        <img decoding=\"async\" src=\"https:\/\/akerstroms.se\/app\/uploads\/2021\/09\/Akerstroms_Remotus_joystick_sandare.jpg\" alt=\"\u00c5kerstr\u00f6ms gruppbild Remotus\">\r\n                <\/div>\r\n                <div class=\"linkables__block__text\">\r\n                    <h3 class=\"linkables__block__title\">Produkte und Dienste<\/h3>\r\n                    <p class=\"linkables__block__excerpt\">Schon seit mehr als 100 Jahren entwickeln wir nachhaltige Produkte und Dienste, die auf die Anforderungen unserer potenziellen Kunden und zuk\u00fcnftige M\u00f6glichkeiten zugeschnitten sind.<\/p>\r\n                                            <a class=\"linkables__block__button button button--primary\" href=\"https:\/\/akerstroms.se\/de\/produktubersicht\/\" title=\"Mehr erfahren\" target=\"\">\r\n                            Mehr erfahren                        <\/a>\r\n                                    <\/div>\r\n            <\/div>\r\n                    <div class=\"linkables__block flex-row-wrapper\" id=\"referenzen\">\r\n                <div class=\"linkables__block__img\">\r\n                                        <img decoding=\"async\" src=\"https:\/\/akerstroms.se\/app\/uploads\/2021\/04\/LKAB_MK3_MG_1305.jpg\" alt=\"\">\r\n                <\/div>\r\n                <div class=\"linkables__block__text\">\r\n                    <h3 class=\"linkables__block__title\">Kundenreferenzen<\/h3>\r\n                    <p class=\"linkables__block__excerpt\">Lernen Sie unsere Kunden kennen<\/p>\r\n                                            <a class=\"linkables__block__button button button--primary\" href=\"https:\/\/akerstroms.se\/de\/kundenreferenzen\/\" title=\"Mehr erfahren\" target=\"\">\r\n                            Mehr erfahren                        <\/a>\r\n                                    <\/div>\r\n            <\/div>\r\n            <\/section>\r\n\n\n\n<div style=\"height:70px\" aria-hidden=\"true\" class=\"wp-block-spacer\"><\/div>\n\n\n\n<div class=\"wp-block-cover alignfull has-background-dim\" style=\"background-color:#ef7f00\"><div class=\"wp-block-cover__inner-container is-layout-flow wp-block-cover-is-layout-flow\">\n<h2 class=\"has-text-align-center has-black-color has-text-color wp-block-heading\" id=\"h-benotigen-sie-ein-ersatzteiloder-zubehor\">Ben\u00f6tigen Sie ein <strong>Ersatzteil<\/strong><br>oder <strong>Zubeh\u00f6r<\/strong>?<\/h2>\n\n\n\n<div class=\"wp-block-buttons is-content-justification-center is-layout-flex wp-block-buttons-is-layout-flex\">\n<div class=\"wp-block-button\"><a class=\"wp-block-button__link has-white-color has-black-background-color has-text-color has-background\" href=\"https:\/\/akerstroms.se\/de\/shop\/\" style=\"border-radius:3px\">WEBSHOP<\/a><\/div>\n<\/div>\n<\/div><\/div>\n\n\n\n<p><\/p>\n","protected":false},"excerpt":{"rendered":"<p>Ihr spezieller Anwendungsbereich istnicht dabei? Mit unserer langj\u00e4hrigen Erfahrung und Fachkenntnis k\u00f6nnen wir die optimale L\u00f6sung f\u00fcr genau Ihre Anwendung und Nutzungszwecke entwickeln und anpassen&#8230;.<\/p>\n","protected":false},"author":1,"featured_media":0,"parent":0,"menu_order":0,"comment_status":"closed","ping_status":"closed","template":"","meta":{"_acf_changed":false,"footnotes":""},"class_list":["post-10467","page","type-page","status-publish","hentry"],"acf":[],"yoast_head":"<!-- This site is optimized with the Yoast SEO plugin v27.4 - https:\/\/yoast.com\/product\/yoast-seo-wordpress\/ -->\n<title>Mobile Anwendungsbereiche - \u00c5kerstr\u00f6ms Bj\u00f6rbo<\/title>\n<meta name=\"robots\" content=\"index, follow, max-snippet:-1, max-image-preview:large, max-video-preview:-1\" \/>\n<link rel=\"canonical\" href=\"https:\/\/akerstroms.se\/de\/mobile-anwendungsbereiche\/\" \/>\n<meta property=\"og:locale\" content=\"de_DE\" \/>\n<meta property=\"og:type\" content=\"article\" \/>\n<meta property=\"og:title\" content=\"Mobile Anwendungsbereiche - \u00c5kerstr\u00f6ms Bj\u00f6rbo\" \/>\n<meta property=\"og:description\" content=\"Ihr spezieller Anwendungsbereich istnicht dabei? Mit unserer langj\u00e4hrigen Erfahrung und Fachkenntnis k\u00f6nnen wir die optimale L\u00f6sung f\u00fcr genau Ihre Anwendung und Nutzungszwecke entwickeln und anpassen....\" \/>\n<meta property=\"og:url\" content=\"https:\/\/akerstroms.se\/de\/mobile-anwendungsbereiche\/\" \/>\n<meta property=\"og:site_name\" content=\"\u00c5kerstr\u00f6ms Bj\u00f6rbo\" \/>\n<meta property=\"article:publisher\" content=\"https:\/\/www.facebook.com\/akerstroms.se\" \/>\n<meta property=\"article:modified_time\" content=\"2022-01-04T10:24:07+00:00\" \/>\n<meta property=\"og:image\" content=\"https:\/\/akerstroms.se\/app\/uploads\/2021\/09\/Akerstroms-remote-controls.jpg\" \/>\n\t<meta property=\"og:image:width\" content=\"1200\" \/>\n\t<meta property=\"og:image:height\" content=\"675\" \/>\n\t<meta property=\"og:image:type\" content=\"image\/jpeg\" \/>\n<meta name=\"twitter:card\" content=\"summary_large_image\" \/>\n<meta name=\"twitter:label1\" content=\"Gesch\u00e4tzte Lesezeit\" \/>\n\t<meta name=\"twitter:data1\" content=\"1\u00a0Minute\" \/>\n<script type=\"application\/ld+json\" class=\"yoast-schema-graph\">{\"@context\":\"https:\\\/\\\/schema.org\",\"@graph\":[{\"@type\":\"WebPage\",\"@id\":\"https:\\\/\\\/akerstroms.se\\\/de\\\/mobile-anwendungsbereiche\\\/\",\"url\":\"https:\\\/\\\/akerstroms.se\\\/de\\\/mobile-anwendungsbereiche\\\/\",\"name\":\"Mobile Anwendungsbereiche - \u00c5kerstr\u00f6ms Bj\u00f6rbo\",\"isPartOf\":{\"@id\":\"https:\\\/\\\/akerstroms.se\\\/#website\"},\"datePublished\":\"2021-09-30T07:12:52+00:00\",\"dateModified\":\"2022-01-04T10:24:07+00:00\",\"breadcrumb\":{\"@id\":\"https:\\\/\\\/akerstroms.se\\\/de\\\/mobile-anwendungsbereiche\\\/#breadcrumb\"},\"inLanguage\":\"de\",\"potentialAction\":[{\"@type\":\"ReadAction\",\"target\":[\"https:\\\/\\\/akerstroms.se\\\/de\\\/mobile-anwendungsbereiche\\\/\"]}]},{\"@type\":\"BreadcrumbList\",\"@id\":\"https:\\\/\\\/akerstroms.se\\\/de\\\/mobile-anwendungsbereiche\\\/#breadcrumb\",\"itemListElement\":[{\"@type\":\"ListItem\",\"position\":1,\"name\":\"Home\",\"item\":\"https:\\\/\\\/akerstroms.se\\\/de\\\/\"},{\"@type\":\"ListItem\",\"position\":2,\"name\":\"Mobile Anwendungsbereiche\"}]},{\"@type\":\"WebSite\",\"@id\":\"https:\\\/\\\/akerstroms.se\\\/#website\",\"url\":\"https:\\\/\\\/akerstroms.se\\\/\",\"name\":\"\u00c5kerstr\u00f6ms Bj\u00f6rbo\",\"description\":\"Radiostyrning f\u00f6r industriella och mobila applikationer\",\"publisher\":{\"@id\":\"https:\\\/\\\/akerstroms.se\\\/#organization\"},\"potentialAction\":[{\"@type\":\"SearchAction\",\"target\":{\"@type\":\"EntryPoint\",\"urlTemplate\":\"https:\\\/\\\/akerstroms.se\\\/?s={search_term_string}\"},\"query-input\":{\"@type\":\"PropertyValueSpecification\",\"valueRequired\":true,\"valueName\":\"search_term_string\"}}],\"inLanguage\":\"de\"},{\"@type\":\"Organization\",\"@id\":\"https:\\\/\\\/akerstroms.se\\\/#organization\",\"name\":\"\u00c5kerstr\u00f6ms AB\",\"url\":\"https:\\\/\\\/akerstroms.se\\\/\",\"logo\":{\"@type\":\"ImageObject\",\"inLanguage\":\"de\",\"@id\":\"https:\\\/\\\/akerstroms.se\\\/#\\\/schema\\\/logo\\\/image\\\/\",\"url\":\"https:\\\/\\\/akerstroms.se\\\/app\\\/uploads\\\/2021\\\/10\\\/akerstroms-logo.png\",\"contentUrl\":\"https:\\\/\\\/akerstroms.se\\\/app\\\/uploads\\\/2021\\\/10\\\/akerstroms-logo.png\",\"width\":400,\"height\":86,\"caption\":\"\u00c5kerstr\u00f6ms AB\"},\"image\":{\"@id\":\"https:\\\/\\\/akerstroms.se\\\/#\\\/schema\\\/logo\\\/image\\\/\"},\"sameAs\":[\"https:\\\/\\\/www.facebook.com\\\/akerstroms.se\",\"https:\\\/\\\/www.linkedin.com\\\/company\\\/akerstroms\\\/\",\"https:\\\/\\\/www.youtube.com\\\/channel\\\/UC8S-jX9nA8c9qBaTlgqg1CQ\"]}]}<\/script>\n<!-- \/ Yoast SEO plugin. -->","yoast_head_json":{"title":"Mobile Anwendungsbereiche - \u00c5kerstr\u00f6ms Bj\u00f6rbo","robots":{"index":"index","follow":"follow","max-snippet":"max-snippet:-1","max-image-preview":"max-image-preview:large","max-video-preview":"max-video-preview:-1"},"canonical":"https:\/\/akerstroms.se\/de\/mobile-anwendungsbereiche\/","og_locale":"de_DE","og_type":"article","og_title":"Mobile Anwendungsbereiche - \u00c5kerstr\u00f6ms Bj\u00f6rbo","og_description":"Ihr spezieller Anwendungsbereich istnicht dabei? Mit unserer langj\u00e4hrigen Erfahrung und Fachkenntnis k\u00f6nnen wir die optimale L\u00f6sung f\u00fcr genau Ihre Anwendung und Nutzungszwecke entwickeln und anpassen....","og_url":"https:\/\/akerstroms.se\/de\/mobile-anwendungsbereiche\/","og_site_name":"\u00c5kerstr\u00f6ms Bj\u00f6rbo","article_publisher":"https:\/\/www.facebook.com\/akerstroms.se","article_modified_time":"2022-01-04T10:24:07+00:00","og_image":[{"width":1200,"height":675,"url":"https:\/\/akerstroms.se\/app\/uploads\/2021\/09\/Akerstroms-remote-controls.jpg","type":"image\/jpeg"}],"twitter_card":"summary_large_image","twitter_misc":{"Gesch\u00e4tzte Lesezeit":"1\u00a0Minute"},"schema":{"@context":"https:\/\/schema.org","@graph":[{"@type":"WebPage","@id":"https:\/\/akerstroms.se\/de\/mobile-anwendungsbereiche\/","url":"https:\/\/akerstroms.se\/de\/mobile-anwendungsbereiche\/","name":"Mobile Anwendungsbereiche - \u00c5kerstr\u00f6ms Bj\u00f6rbo","isPartOf":{"@id":"https:\/\/akerstroms.se\/#website"},"datePublished":"2021-09-30T07:12:52+00:00","dateModified":"2022-01-04T10:24:07+00:00","breadcrumb":{"@id":"https:\/\/akerstroms.se\/de\/mobile-anwendungsbereiche\/#breadcrumb"},"inLanguage":"de","potentialAction":[{"@type":"ReadAction","target":["https:\/\/akerstroms.se\/de\/mobile-anwendungsbereiche\/"]}]},{"@type":"BreadcrumbList","@id":"https:\/\/akerstroms.se\/de\/mobile-anwendungsbereiche\/#breadcrumb","itemListElement":[{"@type":"ListItem","position":1,"name":"Home","item":"https:\/\/akerstroms.se\/de\/"},{"@type":"ListItem","position":2,"name":"Mobile Anwendungsbereiche"}]},{"@type":"WebSite","@id":"https:\/\/akerstroms.se\/#website","url":"https:\/\/akerstroms.se\/","name":"\u00c5kerstr\u00f6ms Bj\u00f6rbo","description":"Radiostyrning f\u00f6r industriella och mobila applikationer","publisher":{"@id":"https:\/\/akerstroms.se\/#organization"},"potentialAction":[{"@type":"SearchAction","target":{"@type":"EntryPoint","urlTemplate":"https:\/\/akerstroms.se\/?s={search_term_string}"},"query-input":{"@type":"PropertyValueSpecification","valueRequired":true,"valueName":"search_term_string"}}],"inLanguage":"de"},{"@type":"Organization","@id":"https:\/\/akerstroms.se\/#organization","name":"\u00c5kerstr\u00f6ms AB","url":"https:\/\/akerstroms.se\/","logo":{"@type":"ImageObject","inLanguage":"de","@id":"https:\/\/akerstroms.se\/#\/schema\/logo\/image\/","url":"https:\/\/akerstroms.se\/app\/uploads\/2021\/10\/akerstroms-logo.png","contentUrl":"https:\/\/akerstroms.se\/app\/uploads\/2021\/10\/akerstroms-logo.png","width":400,"height":86,"caption":"\u00c5kerstr\u00f6ms AB"},"image":{"@id":"https:\/\/akerstroms.se\/#\/schema\/logo\/image\/"},"sameAs":["https:\/\/www.facebook.com\/akerstroms.se","https:\/\/www.linkedin.com\/company\/akerstroms\/","https:\/\/www.youtube.com\/channel\/UC8S-jX9nA8c9qBaTlgqg1CQ"]}]}},"_links":{"self":[{"href":"https:\/\/akerstroms.se\/de\/wp-json\/wp\/v2\/pages\/10467","targetHints":{"allow":["GET"]}}],"collection":[{"href":"https:\/\/akerstroms.se\/de\/wp-json\/wp\/v2\/pages"}],"about":[{"href":"https:\/\/akerstroms.se\/de\/wp-json\/wp\/v2\/types\/page"}],"author":[{"embeddable":true,"href":"https:\/\/akerstroms.se\/de\/wp-json\/wp\/v2\/users\/1"}],"replies":[{"embeddable":true,"href":"https:\/\/akerstroms.se\/de\/wp-json\/wp\/v2\/comments?post=10467"}],"version-history":[{"count":13,"href":"https:\/\/akerstroms.se\/de\/wp-json\/wp\/v2\/pages\/10467\/revisions"}],"predecessor-version":[{"id":14521,"href":"https:\/\/akerstroms.se\/de\/wp-json\/wp\/v2\/pages\/10467\/revisions\/14521"}],"wp:attachment":[{"href":"https:\/\/akerstroms.se\/de\/wp-json\/wp\/v2\/media?parent=10467"}],"curies":[{"name":"wp","href":"https:\/\/api.w.org\/{rel}","templated":true}]}}