{"id":10466,"date":"2021-09-30T09:12:48","date_gmt":"2021-09-30T07:12:48","guid":{"rendered":"https:\/\/akerstroms.se\/maschinen\/"},"modified":"2021-10-20T20:37:34","modified_gmt":"2021-10-20T18:37:34","slug":"maschinen","status":"publish","type":"page","link":"https:\/\/akerstroms.se\/de\/maschinen\/","title":{"rendered":"Maschinen"},"content":{"rendered":"<section class=\"hero alignfull  \" style=\"background-image: url(https:\/\/akerstroms.se\/app\/uploads\/2021\/05\/maskiner.jpg);\">\r\n        <div class=\"hero__text container\">\r\n        <h1 class=\"hero__title\">Maschinen<\/h1>\r\n                    <p class=\"hero__excerpt\">Diverse Maschinen f\u00fcr Stra\u00dfen-, Hoch- und Tiefbau.<\/p>\r\n            <\/div>\r\n<\/section>\r\n\n\n\n<div style=\"height:50px\" aria-hidden=\"true\" class=\"wp-block-spacer\"><\/div>\n\n\n\n<h2 class=\"has-text-align-center wp-block-heading\" id=\"h-ergonomie-und-sicherheit-f-r-die-bedienperson\">Ergonomie und Sicherheit f\u00fcr die Bedienperson<\/h2>\n\n\n\n<p class=\"has-text-align-center\">Per Funksteuerung lassen sich eine mobile Maschine und deren Funktionen <a href=\"https:\/\/akerstroms.se\/de\/husqvarna-radiostyrd-tungviktare\/\">bequem aus sicherer und angemessener Entfernung steuern<\/a>. Der ergonomische Aspekt f\u00fcr die Bedienpersonen ist von gro\u00dfer Bedeutung, da belastende Bewegungen und Drehmomente oftmals wuchtiger vibrierender Maschinen entfallen und damit das Risiko eventueller arbeitsbedingter gesundheitlicher Sch\u00e4den minimiert wird. Mit einer Funksteuerung erfolgen die Arbeitsvorg\u00e4nge bequem per Tastendruck oder Joystickregelung \u00fcber einen Funksender, der entweder in der Hand gehalten oder an einem Beckengurt getragen wird. Kein \u00c4rger mehr mit Kabelgewirr. Und auch Arbeiten mit schlechter Sicht, die von einem festen Bedienfeld an der Maschine oder am zugeh\u00f6rigen Maschinenfahrzeug aus ausgef\u00fchrt werden, geh\u00f6ren der Vergangenheit an. Die Bedienperson kann sich frei bewegen und daher die Arbeitsvorg\u00e4nge aus sicherem Abstand durchf\u00fchren.<\/p>\n\n\n\n<p class=\"has-text-align-center\">Auf Basis unseres Know-hows, enger Kundenbeziehungen und unserer Erfahrung mit verschiedensten L\u00f6sungen f\u00fcr die sichere Maschinensteuerung im Stra\u00dfen-, Hoch- und Tiefbau haben wir unsere Systeme hinsichtlich Zuverl\u00e4ssigkeit und Benutzerfreundlichkeit optimiert. <a href=\"https:\/\/akerstroms.se\/de\/kundenspezifische-produkte\/\">Wir haben ein offenes Ohr f\u00fcr Ihre Bed\u00fcrfnisse und erstellen eine L\u00f6sung<\/a>, die f\u00fcr Sie ma\u00dfgeschneidert ist. Unsere Systeme sind robust und darauf ausgelegt, auch unter rauen Bedingungen im Au\u00dfengel\u00e4nde sowie bei starken Vibrationen und gro\u00dfen Temperaturschwankungen zu funktionieren. Wir sorgen daf\u00fcr, dass sich die Bedienperson sicher f\u00fchlen und ihre Arbeit so m\u00fchelos und risikofrei wie m\u00f6glich ausf\u00fchren kann.<\/p>\n\n\n\n<div style=\"height:60px\" aria-hidden=\"true\" class=\"wp-block-spacer\"><\/div>\n\n\n\n<h3 class=\"wp-block-heading\" id=\"h-passende-produkte\">Passende Produkte<\/h3>\n\n\n<section class=\"products_module woocommerce slide\" data-post-type=\"product\">\r\n                                                            <div class=\"products flex-row-wrapper glide-products\">\r\n                        <div class=\"glide__track\" data-glide-el=\"track\">\r\n                        <div class=\"glide__slides\" id=\"product_container\">\r\n                                            <div class=\"glide__slide\">\r\n                            <li class=\"product type-product post-9854 status-publish first instock product_cat-empfanger-de product_cat-remotus-de product_tag-fahrzeuge-und-aufbauten-de product_tag-hafen-und-fahren-de product_tag-maschinen-de product_tag-winden-de has-post-thumbnail product-type-simple\">\n\t<a href=\"https:\/\/akerstroms.se\/de\/produkt\/remotus-t-rx-1500\/\" class=\"woocommerce-LoopProduct-link woocommerce-loop-product__link\"><div class='img-container'><img loading=\"lazy\" decoding=\"async\" width=\"300\" height=\"400\" src=\"https:\/\/akerstroms.se\/app\/uploads\/2021\/05\/T-RX1500-2-300x400.jpg\" class=\"attachment-woocommerce_thumbnail size-woocommerce_thumbnail\" alt=\"Remotus T-RX1500\" srcset=\"https:\/\/akerstroms.se\/app\/uploads\/2021\/05\/T-RX1500-2-300x400.jpg 300w, https:\/\/akerstroms.se\/app\/uploads\/2021\/05\/T-RX1500-2-600x800.jpg 600w, https:\/\/akerstroms.se\/app\/uploads\/2021\/05\/T-RX1500-2-250x333.jpg 250w, https:\/\/akerstroms.se\/app\/uploads\/2021\/05\/T-RX1500-2-700x933.jpg 700w, https:\/\/akerstroms.se\/app\/uploads\/2021\/05\/T-RX1500-2-768x1024.jpg 768w, https:\/\/akerstroms.se\/app\/uploads\/2021\/05\/T-RX1500-2-120x160.jpg 120w, https:\/\/akerstroms.se\/app\/uploads\/2021\/05\/T-RX1500-2-540x720.jpg 540w, https:\/\/akerstroms.se\/app\/uploads\/2021\/05\/T-RX1500-2.jpg 930w\" sizes=\"auto, (max-width: 300px) 100vw, 300px\" \/><\/div><h2 class=\"woocommerce-loop-product__title\">Remotus T-RX 1500<\/h2><\/a><div class=\"product-loop-item-info\"><\/div><\/li>\n<\/div>                        <div class=\"glide__slide\">\r\n                            <li class=\"product type-product post-9708 status-publish instock product_cat-beckengurtsender-de product_cat-remotus-de product_tag-fahrzeuge-und-aufbauten-de product_tag-hafen-und-fahren-de product_tag-krane-und-hebebuhnen-de product_tag-maschinen-de product_tag-pumpen-de product_tag-winden-de has-post-thumbnail product-type-simple\">\n\t<a href=\"https:\/\/akerstroms.se\/de\/produkt\/remotus-500jd\/\" class=\"woocommerce-LoopProduct-link woocommerce-loop-product__link\"><div class='img-container'><img loading=\"lazy\" decoding=\"async\" width=\"300\" height=\"400\" src=\"https:\/\/akerstroms.se\/app\/uploads\/2021\/04\/Remotus-500-1-300x400.jpg\" class=\"attachment-woocommerce_thumbnail size-woocommerce_thumbnail\" alt=\"Remotus 500 Beckengurtsender\" srcset=\"https:\/\/akerstroms.se\/app\/uploads\/2021\/04\/Remotus-500-1-300x400.jpg 300w, https:\/\/akerstroms.se\/app\/uploads\/2021\/04\/Remotus-500-1-600x800.jpg 600w, https:\/\/akerstroms.se\/app\/uploads\/2021\/04\/Remotus-500-1-250x333.jpg 250w, https:\/\/akerstroms.se\/app\/uploads\/2021\/04\/Remotus-500-1-700x933.jpg 700w, https:\/\/akerstroms.se\/app\/uploads\/2021\/04\/Remotus-500-1-768x1024.jpg 768w, https:\/\/akerstroms.se\/app\/uploads\/2021\/04\/Remotus-500-1-120x160.jpg 120w, https:\/\/akerstroms.se\/app\/uploads\/2021\/04\/Remotus-500-1-540x720.jpg 540w, https:\/\/akerstroms.se\/app\/uploads\/2021\/04\/Remotus-500-1.jpg 930w\" sizes=\"auto, (max-width: 300px) 100vw, 300px\" \/><\/div><h2 class=\"woocommerce-loop-product__title\">Remotus 500JD<\/h2><\/a><div class=\"product-loop-item-info\"><\/div><\/li>\n<\/div>                        <div class=\"glide__slide\">\r\n                            <li class=\"product type-product post-9705 status-publish instock product_cat-beckengurtsender-de product_cat-remotus-de product_tag-fahrzeuge-und-aufbauten-de product_tag-hafen-und-fahren-de product_tag-krane-und-hebebuhnen-de product_tag-maschinen-de product_tag-pumpen-de product_tag-winden-de has-post-thumbnail product-type-simple\">\n\t<a href=\"https:\/\/akerstroms.se\/de\/produkt\/remotus-300jd\/\" class=\"woocommerce-LoopProduct-link woocommerce-loop-product__link\"><div class='img-container'><img loading=\"lazy\" decoding=\"async\" width=\"300\" height=\"400\" src=\"https:\/\/akerstroms.se\/app\/uploads\/2021\/04\/Remotus-300JD-1-300x400.jpg\" class=\"attachment-woocommerce_thumbnail size-woocommerce_thumbnail\" alt=\"Remotus 300JD\" srcset=\"https:\/\/akerstroms.se\/app\/uploads\/2021\/04\/Remotus-300JD-1-300x400.jpg 300w, https:\/\/akerstroms.se\/app\/uploads\/2021\/04\/Remotus-300JD-1-600x800.jpg 600w, https:\/\/akerstroms.se\/app\/uploads\/2021\/04\/Remotus-300JD-1-250x333.jpg 250w, https:\/\/akerstroms.se\/app\/uploads\/2021\/04\/Remotus-300JD-1-700x933.jpg 700w, https:\/\/akerstroms.se\/app\/uploads\/2021\/04\/Remotus-300JD-1-768x1024.jpg 768w, https:\/\/akerstroms.se\/app\/uploads\/2021\/04\/Remotus-300JD-1-120x160.jpg 120w, https:\/\/akerstroms.se\/app\/uploads\/2021\/04\/Remotus-300JD-1-540x720.jpg 540w, https:\/\/akerstroms.se\/app\/uploads\/2021\/04\/Remotus-300JD-1.jpg 930w\" sizes=\"auto, (max-width: 300px) 100vw, 300px\" \/><\/div><h2 class=\"woocommerce-loop-product__title\">Remotus 300JD<\/h2><\/a><div class=\"product-loop-item-info\"><\/div><\/li>\n<\/div>                        <div class=\"glide__slide\">\r\n                            <li class=\"product type-product post-9861 status-publish last instock product_cat-handsender-de product_cat-remotus-de product_tag-fahrzeuge-und-aufbauten-de product_tag-hafen-und-fahren-de product_tag-maschinen-de product_tag-winden-de has-post-thumbnail product-type-simple\">\n\t<a href=\"https:\/\/akerstroms.se\/de\/produkt\/remotus-28jbd\/\" class=\"woocommerce-LoopProduct-link woocommerce-loop-product__link\"><div class='img-container'><img loading=\"lazy\" decoding=\"async\" width=\"300\" height=\"410\" src=\"https:\/\/akerstroms.se\/app\/uploads\/2021\/04\/Remotus-28JBD-300x410.jpg\" class=\"attachment-woocommerce_thumbnail size-woocommerce_thumbnail\" alt=\"Remotus 28JBD\" srcset=\"https:\/\/akerstroms.se\/app\/uploads\/2021\/04\/Remotus-28JBD-300x410.jpg 300w, https:\/\/akerstroms.se\/app\/uploads\/2021\/04\/Remotus-28JBD-600x820.jpg 600w, https:\/\/akerstroms.se\/app\/uploads\/2021\/04\/Remotus-28JBD-250x342.jpg 250w, https:\/\/akerstroms.se\/app\/uploads\/2021\/04\/Remotus-28JBD-700x957.jpg 700w, https:\/\/akerstroms.se\/app\/uploads\/2021\/04\/Remotus-28JBD-768x1050.jpg 768w, https:\/\/akerstroms.se\/app\/uploads\/2021\/04\/Remotus-28JBD-120x164.jpg 120w, https:\/\/akerstroms.se\/app\/uploads\/2021\/04\/Remotus-28JBD-540x738.jpg 540w, https:\/\/akerstroms.se\/app\/uploads\/2021\/04\/Remotus-28JBD.jpg 930w\" sizes=\"auto, (max-width: 300px) 100vw, 300px\" \/><\/div><h2 class=\"woocommerce-loop-product__title\">Remotus 28JBD<\/h2><\/a><div class=\"product-loop-item-info\"><\/div><\/li>\n<\/div>                        <div class=\"glide__slide\">\r\n                            <li class=\"product type-product post-9702 status-publish first instock product_cat-beckengurtsender-de product_cat-remotus-de product_tag-fahrzeuge-und-aufbauten-de product_tag-krane-und-hebebuhnen-de product_tag-maschinen-de has-post-thumbnail product-type-simple\">\n\t<a href=\"https:\/\/akerstroms.se\/de\/produkt\/remotus-era-100\/\" class=\"woocommerce-LoopProduct-link woocommerce-loop-product__link\"><div class='img-container'><img loading=\"lazy\" decoding=\"async\" width=\"300\" height=\"400\" src=\"https:\/\/akerstroms.se\/app\/uploads\/2021\/04\/Mercury-Era-100-300x400.jpg\" class=\"attachment-woocommerce_thumbnail size-woocommerce_thumbnail\" alt=\"Mercury ERA 100\" srcset=\"https:\/\/akerstroms.se\/app\/uploads\/2021\/04\/Mercury-Era-100-300x400.jpg 300w, https:\/\/akerstroms.se\/app\/uploads\/2021\/04\/Mercury-Era-100-600x800.jpg 600w, https:\/\/akerstroms.se\/app\/uploads\/2021\/04\/Mercury-Era-100-250x333.jpg 250w, https:\/\/akerstroms.se\/app\/uploads\/2021\/04\/Mercury-Era-100-700x933.jpg 700w, https:\/\/akerstroms.se\/app\/uploads\/2021\/04\/Mercury-Era-100-768x1024.jpg 768w, https:\/\/akerstroms.se\/app\/uploads\/2021\/04\/Mercury-Era-100-120x160.jpg 120w, https:\/\/akerstroms.se\/app\/uploads\/2021\/04\/Mercury-Era-100-540x720.jpg 540w, https:\/\/akerstroms.se\/app\/uploads\/2021\/04\/Mercury-Era-100.jpg 930w\" sizes=\"auto, (max-width: 300px) 100vw, 300px\" \/><\/div><h2 class=\"woocommerce-loop-product__title\">Remotus ERA 100<\/h2><\/a><div class=\"product-loop-item-info\"><\/div><\/li>\n<\/div>                        <div class=\"glide__slide\">\r\n                            <li class=\"product type-product post-9852 status-publish instock product_cat-empfanger-de product_cat-remotus-de product_tag-fahrzeuge-und-aufbauten-de product_tag-hafen-und-fahren-de product_tag-maschinen-de product_tag-winden-de has-post-thumbnail product-type-simple\">\n\t<a href=\"https:\/\/akerstroms.se\/de\/produkt\/remotus-t-rx-500\/\" class=\"woocommerce-LoopProduct-link woocommerce-loop-product__link\"><div class='img-container'><img loading=\"lazy\" decoding=\"async\" width=\"300\" height=\"386\" src=\"https:\/\/akerstroms.se\/app\/uploads\/2021\/04\/T-RX500-1-300x386.jpg\" class=\"attachment-woocommerce_thumbnail size-woocommerce_thumbnail\" alt=\"Remotus T-RX500\" srcset=\"https:\/\/akerstroms.se\/app\/uploads\/2021\/04\/T-RX500-1-300x386.jpg 300w, https:\/\/akerstroms.se\/app\/uploads\/2021\/04\/T-RX500-1-600x772.jpg 600w, https:\/\/akerstroms.se\/app\/uploads\/2021\/04\/T-RX500-1-250x322.jpg 250w, https:\/\/akerstroms.se\/app\/uploads\/2021\/04\/T-RX500-1-700x900.jpg 700w, https:\/\/akerstroms.se\/app\/uploads\/2021\/04\/T-RX500-1-768x988.jpg 768w, https:\/\/akerstroms.se\/app\/uploads\/2021\/04\/T-RX500-1-120x154.jpg 120w, https:\/\/akerstroms.se\/app\/uploads\/2021\/04\/T-RX500-1-540x694.jpg 540w, https:\/\/akerstroms.se\/app\/uploads\/2021\/04\/T-RX500-1.jpg 930w\" sizes=\"auto, (max-width: 300px) 100vw, 300px\" \/><\/div><h2 class=\"woocommerce-loop-product__title\">Remotus T-RX 500<\/h2><\/a><div class=\"product-loop-item-info\"><\/div><\/li>\n<\/div>                        <div class=\"glide__slide\">\r\n                            <li class=\"product type-product post-9856 status-publish instock product_cat-empfanger-de product_cat-remotus-de product_tag-fahrzeuge-und-aufbauten-de product_tag-hafen-und-fahren-de product_tag-maschinen-de product_tag-winden-de has-post-thumbnail product-type-simple\">\n\t<a href=\"https:\/\/akerstroms.se\/de\/produkt\/remotus-t-rx100\/\" class=\"woocommerce-LoopProduct-link woocommerce-loop-product__link\"><div class='img-container'><img loading=\"lazy\" decoding=\"async\" width=\"300\" height=\"400\" src=\"https:\/\/akerstroms.se\/app\/uploads\/2021\/04\/T-RX100-300x400.jpg\" class=\"attachment-woocommerce_thumbnail size-woocommerce_thumbnail\" alt=\"T-RX 100\" srcset=\"https:\/\/akerstroms.se\/app\/uploads\/2021\/04\/T-RX100-300x400.jpg 300w, https:\/\/akerstroms.se\/app\/uploads\/2021\/04\/T-RX100-600x800.jpg 600w, https:\/\/akerstroms.se\/app\/uploads\/2021\/04\/T-RX100-250x333.jpg 250w, https:\/\/akerstroms.se\/app\/uploads\/2021\/04\/T-RX100-700x933.jpg 700w, https:\/\/akerstroms.se\/app\/uploads\/2021\/04\/T-RX100-768x1024.jpg 768w, https:\/\/akerstroms.se\/app\/uploads\/2021\/04\/T-RX100-120x160.jpg 120w, https:\/\/akerstroms.se\/app\/uploads\/2021\/04\/T-RX100-540x720.jpg 540w, https:\/\/akerstroms.se\/app\/uploads\/2021\/04\/T-RX100.jpg 930w\" sizes=\"auto, (max-width: 300px) 100vw, 300px\" \/><\/div><h2 class=\"woocommerce-loop-product__title\">Remotus T-RX 100<\/h2><\/a><div class=\"product-loop-item-info\"><\/div><\/li>\n<\/div>                        <div class=\"glide__slide\">\r\n                            <li class=\"product type-product post-9889 status-publish last instock product_cat-handsender-de product_cat-remotus-de product_tag-fahrzeuge-und-aufbauten-de product_tag-hafen-und-fahren-de product_tag-krane-und-hebebuhnen-de product_tag-maschinen-de product_tag-pumpen-de product_tag-sonstige-steuerungen-de product_tag-winden-de has-post-thumbnail product-type-simple\">\n\t<a href=\"https:\/\/akerstroms.se\/de\/produkt\/remotus-12bd\/\" class=\"woocommerce-LoopProduct-link woocommerce-loop-product__link\"><div class='img-container'><img loading=\"lazy\" decoding=\"async\" width=\"300\" height=\"410\" src=\"https:\/\/akerstroms.se\/app\/uploads\/2021\/04\/Remotus-12BD-300x410.jpg\" class=\"attachment-woocommerce_thumbnail size-woocommerce_thumbnail\" alt=\"Remotus 12BD\" srcset=\"https:\/\/akerstroms.se\/app\/uploads\/2021\/04\/Remotus-12BD-300x410.jpg 300w, https:\/\/akerstroms.se\/app\/uploads\/2021\/04\/Remotus-12BD-600x820.jpg 600w, https:\/\/akerstroms.se\/app\/uploads\/2021\/04\/Remotus-12BD-250x342.jpg 250w, https:\/\/akerstroms.se\/app\/uploads\/2021\/04\/Remotus-12BD-700x957.jpg 700w, https:\/\/akerstroms.se\/app\/uploads\/2021\/04\/Remotus-12BD-768x1050.jpg 768w, https:\/\/akerstroms.se\/app\/uploads\/2021\/04\/Remotus-12BD-120x164.jpg 120w, https:\/\/akerstroms.se\/app\/uploads\/2021\/04\/Remotus-12BD-540x738.jpg 540w, https:\/\/akerstroms.se\/app\/uploads\/2021\/04\/Remotus-12BD.jpg 930w\" sizes=\"auto, (max-width: 300px) 100vw, 300px\" \/><\/div><h2 class=\"woocommerce-loop-product__title\">Remotus 12BD<\/h2><\/a><div class=\"product-loop-item-info\"><\/div><\/li>\n<\/div><\/div><\/div>\r\n                        <div class=\"controls flex-row-wrapper\" data-glide-el=\"controls\">\r\n                            <button class=\"controls--btn prev\" data-glide-dir=\"&lt;\"><i class=\"far fa-angle-left\"><\/i><\/button>\r\n                            <button class=\"controls--btn next\" data-glide-dir=\"&gt;\"><i class=\"far fa-angle-right\"><\/i><\/button>\r\n                        <\/div>\r\n                                        <\/div>\r\n                            <\/div>\r\n        <\/div>\r\n    <\/section>\r\n\n\n\n<div style=\"height:100px\" aria-hidden=\"true\" class=\"wp-block-spacer\"><\/div>\n","protected":false},"excerpt":{"rendered":"<p>Ergonomie und Sicherheit f\u00fcr die Bedienperson Per Funksteuerung lassen sich eine mobile Maschine und deren Funktionen bequem aus sicherer und angemessener Entfernung steuern. Der ergonomische&#8230;<\/p>\n","protected":false},"author":1,"featured_media":0,"parent":0,"menu_order":0,"comment_status":"closed","ping_status":"closed","template":"","meta":{"_acf_changed":false,"footnotes":""},"class_list":["post-10466","page","type-page","status-publish","hentry"],"acf":[],"yoast_head":"<!-- This site is optimized with the Yoast SEO plugin v27.4 - https:\/\/yoast.com\/product\/yoast-seo-wordpress\/ -->\n<title>Maschinen - \u00c5kerstr\u00f6ms Bj\u00f6rbo<\/title>\n<meta name=\"robots\" content=\"index, follow, max-snippet:-1, max-image-preview:large, max-video-preview:-1\" \/>\n<link rel=\"canonical\" href=\"https:\/\/akerstroms.se\/de\/maschinen\/\" \/>\n<meta property=\"og:locale\" content=\"de_DE\" \/>\n<meta property=\"og:type\" content=\"article\" \/>\n<meta property=\"og:title\" content=\"Maschinen - \u00c5kerstr\u00f6ms Bj\u00f6rbo\" \/>\n<meta property=\"og:description\" content=\"Ergonomie und Sicherheit f\u00fcr die Bedienperson Per Funksteuerung lassen sich eine mobile Maschine und deren Funktionen bequem aus sicherer und angemessener Entfernung steuern. Der ergonomische...\" \/>\n<meta property=\"og:url\" content=\"https:\/\/akerstroms.se\/de\/maschinen\/\" \/>\n<meta property=\"og:site_name\" content=\"\u00c5kerstr\u00f6ms Bj\u00f6rbo\" \/>\n<meta property=\"article:publisher\" content=\"https:\/\/www.facebook.com\/akerstroms.se\" \/>\n<meta property=\"article:modified_time\" content=\"2021-10-20T18:37:34+00:00\" \/>\n<meta property=\"og:image\" content=\"https:\/\/akerstroms.se\/app\/uploads\/2021\/09\/Akerstroms-remote-controls.jpg\" \/>\n\t<meta property=\"og:image:width\" content=\"1200\" \/>\n\t<meta property=\"og:image:height\" content=\"675\" \/>\n\t<meta property=\"og:image:type\" content=\"image\/jpeg\" \/>\n<meta name=\"twitter:card\" content=\"summary_large_image\" \/>\n<meta name=\"twitter:label1\" content=\"Gesch\u00e4tzte Lesezeit\" \/>\n\t<meta name=\"twitter:data1\" content=\"1\u00a0Minute\" \/>\n<script type=\"application\/ld+json\" class=\"yoast-schema-graph\">{\"@context\":\"https:\\\/\\\/schema.org\",\"@graph\":[{\"@type\":\"WebPage\",\"@id\":\"https:\\\/\\\/akerstroms.se\\\/de\\\/maschinen\\\/\",\"url\":\"https:\\\/\\\/akerstroms.se\\\/de\\\/maschinen\\\/\",\"name\":\"Maschinen - \u00c5kerstr\u00f6ms Bj\u00f6rbo\",\"isPartOf\":{\"@id\":\"https:\\\/\\\/akerstroms.se\\\/#website\"},\"datePublished\":\"2021-09-30T07:12:48+00:00\",\"dateModified\":\"2021-10-20T18:37:34+00:00\",\"breadcrumb\":{\"@id\":\"https:\\\/\\\/akerstroms.se\\\/de\\\/maschinen\\\/#breadcrumb\"},\"inLanguage\":\"de\",\"potentialAction\":[{\"@type\":\"ReadAction\",\"target\":[\"https:\\\/\\\/akerstroms.se\\\/de\\\/maschinen\\\/\"]}]},{\"@type\":\"BreadcrumbList\",\"@id\":\"https:\\\/\\\/akerstroms.se\\\/de\\\/maschinen\\\/#breadcrumb\",\"itemListElement\":[{\"@type\":\"ListItem\",\"position\":1,\"name\":\"Home\",\"item\":\"https:\\\/\\\/akerstroms.se\\\/de\\\/\"},{\"@type\":\"ListItem\",\"position\":2,\"name\":\"Maschinen\"}]},{\"@type\":\"WebSite\",\"@id\":\"https:\\\/\\\/akerstroms.se\\\/#website\",\"url\":\"https:\\\/\\\/akerstroms.se\\\/\",\"name\":\"\u00c5kerstr\u00f6ms Bj\u00f6rbo\",\"description\":\"Radiostyrning f\u00f6r industriella och mobila applikationer\",\"publisher\":{\"@id\":\"https:\\\/\\\/akerstroms.se\\\/#organization\"},\"potentialAction\":[{\"@type\":\"SearchAction\",\"target\":{\"@type\":\"EntryPoint\",\"urlTemplate\":\"https:\\\/\\\/akerstroms.se\\\/?s={search_term_string}\"},\"query-input\":{\"@type\":\"PropertyValueSpecification\",\"valueRequired\":true,\"valueName\":\"search_term_string\"}}],\"inLanguage\":\"de\"},{\"@type\":\"Organization\",\"@id\":\"https:\\\/\\\/akerstroms.se\\\/#organization\",\"name\":\"\u00c5kerstr\u00f6ms AB\",\"url\":\"https:\\\/\\\/akerstroms.se\\\/\",\"logo\":{\"@type\":\"ImageObject\",\"inLanguage\":\"de\",\"@id\":\"https:\\\/\\\/akerstroms.se\\\/#\\\/schema\\\/logo\\\/image\\\/\",\"url\":\"https:\\\/\\\/akerstroms.se\\\/app\\\/uploads\\\/2021\\\/10\\\/akerstroms-logo.png\",\"contentUrl\":\"https:\\\/\\\/akerstroms.se\\\/app\\\/uploads\\\/2021\\\/10\\\/akerstroms-logo.png\",\"width\":400,\"height\":86,\"caption\":\"\u00c5kerstr\u00f6ms AB\"},\"image\":{\"@id\":\"https:\\\/\\\/akerstroms.se\\\/#\\\/schema\\\/logo\\\/image\\\/\"},\"sameAs\":[\"https:\\\/\\\/www.facebook.com\\\/akerstroms.se\",\"https:\\\/\\\/www.linkedin.com\\\/company\\\/akerstroms\\\/\",\"https:\\\/\\\/www.youtube.com\\\/channel\\\/UC8S-jX9nA8c9qBaTlgqg1CQ\"]}]}<\/script>\n<!-- \/ Yoast SEO plugin. -->","yoast_head_json":{"title":"Maschinen - \u00c5kerstr\u00f6ms Bj\u00f6rbo","robots":{"index":"index","follow":"follow","max-snippet":"max-snippet:-1","max-image-preview":"max-image-preview:large","max-video-preview":"max-video-preview:-1"},"canonical":"https:\/\/akerstroms.se\/de\/maschinen\/","og_locale":"de_DE","og_type":"article","og_title":"Maschinen - \u00c5kerstr\u00f6ms Bj\u00f6rbo","og_description":"Ergonomie und Sicherheit f\u00fcr die Bedienperson Per Funksteuerung lassen sich eine mobile Maschine und deren Funktionen bequem aus sicherer und angemessener Entfernung steuern. Der ergonomische...","og_url":"https:\/\/akerstroms.se\/de\/maschinen\/","og_site_name":"\u00c5kerstr\u00f6ms Bj\u00f6rbo","article_publisher":"https:\/\/www.facebook.com\/akerstroms.se","article_modified_time":"2021-10-20T18:37:34+00:00","og_image":[{"width":1200,"height":675,"url":"https:\/\/akerstroms.se\/app\/uploads\/2021\/09\/Akerstroms-remote-controls.jpg","type":"image\/jpeg"}],"twitter_card":"summary_large_image","twitter_misc":{"Gesch\u00e4tzte Lesezeit":"1\u00a0Minute"},"schema":{"@context":"https:\/\/schema.org","@graph":[{"@type":"WebPage","@id":"https:\/\/akerstroms.se\/de\/maschinen\/","url":"https:\/\/akerstroms.se\/de\/maschinen\/","name":"Maschinen - \u00c5kerstr\u00f6ms Bj\u00f6rbo","isPartOf":{"@id":"https:\/\/akerstroms.se\/#website"},"datePublished":"2021-09-30T07:12:48+00:00","dateModified":"2021-10-20T18:37:34+00:00","breadcrumb":{"@id":"https:\/\/akerstroms.se\/de\/maschinen\/#breadcrumb"},"inLanguage":"de","potentialAction":[{"@type":"ReadAction","target":["https:\/\/akerstroms.se\/de\/maschinen\/"]}]},{"@type":"BreadcrumbList","@id":"https:\/\/akerstroms.se\/de\/maschinen\/#breadcrumb","itemListElement":[{"@type":"ListItem","position":1,"name":"Home","item":"https:\/\/akerstroms.se\/de\/"},{"@type":"ListItem","position":2,"name":"Maschinen"}]},{"@type":"WebSite","@id":"https:\/\/akerstroms.se\/#website","url":"https:\/\/akerstroms.se\/","name":"\u00c5kerstr\u00f6ms Bj\u00f6rbo","description":"Radiostyrning f\u00f6r industriella och mobila applikationer","publisher":{"@id":"https:\/\/akerstroms.se\/#organization"},"potentialAction":[{"@type":"SearchAction","target":{"@type":"EntryPoint","urlTemplate":"https:\/\/akerstroms.se\/?s={search_term_string}"},"query-input":{"@type":"PropertyValueSpecification","valueRequired":true,"valueName":"search_term_string"}}],"inLanguage":"de"},{"@type":"Organization","@id":"https:\/\/akerstroms.se\/#organization","name":"\u00c5kerstr\u00f6ms AB","url":"https:\/\/akerstroms.se\/","logo":{"@type":"ImageObject","inLanguage":"de","@id":"https:\/\/akerstroms.se\/#\/schema\/logo\/image\/","url":"https:\/\/akerstroms.se\/app\/uploads\/2021\/10\/akerstroms-logo.png","contentUrl":"https:\/\/akerstroms.se\/app\/uploads\/2021\/10\/akerstroms-logo.png","width":400,"height":86,"caption":"\u00c5kerstr\u00f6ms AB"},"image":{"@id":"https:\/\/akerstroms.se\/#\/schema\/logo\/image\/"},"sameAs":["https:\/\/www.facebook.com\/akerstroms.se","https:\/\/www.linkedin.com\/company\/akerstroms\/","https:\/\/www.youtube.com\/channel\/UC8S-jX9nA8c9qBaTlgqg1CQ"]}]}},"_links":{"self":[{"href":"https:\/\/akerstroms.se\/de\/wp-json\/wp\/v2\/pages\/10466","targetHints":{"allow":["GET"]}}],"collection":[{"href":"https:\/\/akerstroms.se\/de\/wp-json\/wp\/v2\/pages"}],"about":[{"href":"https:\/\/akerstroms.se\/de\/wp-json\/wp\/v2\/types\/page"}],"author":[{"embeddable":true,"href":"https:\/\/akerstroms.se\/de\/wp-json\/wp\/v2\/users\/1"}],"replies":[{"embeddable":true,"href":"https:\/\/akerstroms.se\/de\/wp-json\/wp\/v2\/comments?post=10466"}],"version-history":[{"count":8,"href":"https:\/\/akerstroms.se\/de\/wp-json\/wp\/v2\/pages\/10466\/revisions"}],"predecessor-version":[{"id":13245,"href":"https:\/\/akerstroms.se\/de\/wp-json\/wp\/v2\/pages\/10466\/revisions\/13245"}],"wp:attachment":[{"href":"https:\/\/akerstroms.se\/de\/wp-json\/wp\/v2\/media?parent=10466"}],"curies":[{"name":"wp","href":"https:\/\/api.w.org\/{rel}","templated":true}]}}