{"id":10463,"date":"2021-09-30T09:12:34","date_gmt":"2021-09-30T07:12:34","guid":{"rendered":"https:\/\/akerstroms.se\/pumpen\/"},"modified":"2023-07-06T11:34:04","modified_gmt":"2023-07-06T09:34:04","slug":"pumpen","status":"publish","type":"page","link":"https:\/\/akerstroms.se\/de\/pumpen\/","title":{"rendered":"Pumpen"},"content":{"rendered":"<section class=\"hero alignfull tone \" style=\"background-image: url(https:\/\/akerstroms.se\/app\/uploads\/2021\/05\/pumpar.jpg);\">\r\n        <div class=\"hero__text container\">\r\n        <h1 class=\"hero__title\">Pumpen<\/h1>\r\n                    <p class=\"hero__excerpt\">Luft-, Vakuum-, Spezialpumpen<\/p>\r\n            <\/div>\r\n<\/section>\r\n\n\n\n<div style=\"height:50px\" aria-hidden=\"true\" class=\"wp-block-spacer\"><\/div>\n\n\n\n<h2 class=\"wp-block-heading has-text-align-center\" id=\"h-pumpen\">Pumpen<\/h2>\n\n\n\n<p class=\"has-text-align-center\">Industriepumpen f\u00fcr unterschiedliche Fl\u00fcssigkeitsarten, Zentrifugalpumpen, Brunnenpumpen, Dosierpumpen. Bei allen Pumpen, gleich welcher Art, kann Funksteuerung die Arbeit sicherer und ergonomischer gestalten. Wenn man die Funktionen \u00fcber die Tasten eines Funksenders steuert, kann man sich frei um die Pumpe bewegen und mit gutem \u00dcberblick die Arbeitsabl\u00e4ufe verfolgen. Per Funksteuerung l\u00e4sst sich auch die Steuerung schwer zug\u00e4nglicher Pumpen in engen R\u00e4umlichkeiten erleichtern.<\/p>\n\n\n\n<p class=\"has-text-align-center\">Pumpen werden auch gelegentlich in gr\u00f6\u00dferer Entfernung eingesetzt. Statt der kostspieligen Verlegung eines Steuerkabels empfiehlt sich hier der Einsatz von Funksteuerung.<\/p>\n\n\n\n<div style=\"height:60px\" aria-hidden=\"true\" class=\"wp-block-spacer\"><\/div>\n\n\n\n<h3 class=\"wp-block-heading\" id=\"h-passende-produkte\">Passende Produkte<\/h3>\n\n\n<section class=\"products_module woocommerce slide\" data-post-type=\"product\">\r\n                                                            <div class=\"products flex-row-wrapper glide-products\">\r\n                        <div class=\"glide__track\" data-glide-el=\"track\">\r\n                        <div class=\"glide__slides\" id=\"product_container\">\r\n                                            <div class=\"glide__slide\">\r\n                            <li class=\"product type-product post-9728 status-publish first instock product_cat-empfanger-de-2 product_cat-sesam-de product_tag-fahrzeuge-und-aufbauten-de product_tag-ladebordwande-de product_tag-pumpen-de product_tag-sonstige-steuerungen-de product_tag-winden-de has-post-thumbnail shipping-taxable product-type-simple\">\n\t<a href=\"https:\/\/akerstroms.se\/de\/produkt\/sesam-800-mobile-rx\/\" class=\"woocommerce-LoopProduct-link woocommerce-loop-product__link\"><div class='img-container'><img loading=\"lazy\" decoding=\"async\" width=\"300\" height=\"446\" src=\"https:\/\/akerstroms.se\/app\/uploads\/2021\/05\/Sesam-800-Mobile-RX-300x446.jpg\" class=\"attachment-woocommerce_thumbnail size-woocommerce_thumbnail\" alt=\"Sesam 800 Mobile RX\" srcset=\"https:\/\/akerstroms.se\/app\/uploads\/2021\/05\/Sesam-800-Mobile-RX-300x446.jpg 300w, https:\/\/akerstroms.se\/app\/uploads\/2021\/05\/Sesam-800-Mobile-RX-600x893.jpg 600w, https:\/\/akerstroms.se\/app\/uploads\/2021\/05\/Sesam-800-Mobile-RX-250x372.jpg 250w, https:\/\/akerstroms.se\/app\/uploads\/2021\/05\/Sesam-800-Mobile-RX-700x1042.jpg 700w, https:\/\/akerstroms.se\/app\/uploads\/2021\/05\/Sesam-800-Mobile-RX-768x1143.jpg 768w, https:\/\/akerstroms.se\/app\/uploads\/2021\/05\/Sesam-800-Mobile-RX-120x179.jpg 120w, https:\/\/akerstroms.se\/app\/uploads\/2021\/05\/Sesam-800-Mobile-RX-540x804.jpg 540w, https:\/\/akerstroms.se\/app\/uploads\/2021\/05\/Sesam-800-Mobile-RX.jpg 930w\" sizes=\"auto, (max-width: 300px) 100vw, 300px\" \/><\/div><h2 class=\"woocommerce-loop-product__title\">Sesam 800 Mobile RX<\/h2><\/a><div class=\"product-loop-item-info\"><\/div><\/li>\n<\/div>                        <div class=\"glide__slide\">\r\n                            <li class=\"product type-product post-9713 status-publish instock product_cat-empfanger-de product_cat-remotus-de product_tag-krane-und-hebebuhnen-de product_tag-pumpen-de product_tag-sonstige-steuerungen-de has-post-thumbnail product-type-simple\">\n\t<a href=\"https:\/\/akerstroms.se\/de\/produkt\/remotus-rx161-metall\/\" class=\"woocommerce-LoopProduct-link woocommerce-loop-product__link\"><div class='img-container'><img loading=\"lazy\" decoding=\"async\" width=\"300\" height=\"399\" src=\"https:\/\/akerstroms.se\/app\/uploads\/2021\/05\/RX161-metal-300x399.jpg\" class=\"attachment-woocommerce_thumbnail size-woocommerce_thumbnail\" alt=\"Remotus RX161 (Metall)\" srcset=\"https:\/\/akerstroms.se\/app\/uploads\/2021\/05\/RX161-metal-300x399.jpg 300w, https:\/\/akerstroms.se\/app\/uploads\/2021\/05\/RX161-metal-600x799.jpg 600w, https:\/\/akerstroms.se\/app\/uploads\/2021\/05\/RX161-metal-250x333.jpg 250w, https:\/\/akerstroms.se\/app\/uploads\/2021\/05\/RX161-metal-700x932.jpg 700w, https:\/\/akerstroms.se\/app\/uploads\/2021\/05\/RX161-metal-768x1022.jpg 768w, https:\/\/akerstroms.se\/app\/uploads\/2021\/05\/RX161-metal-120x160.jpg 120w, https:\/\/akerstroms.se\/app\/uploads\/2021\/05\/RX161-metal-540x719.jpg 540w, https:\/\/akerstroms.se\/app\/uploads\/2021\/05\/RX161-metal.jpg 930w\" sizes=\"auto, (max-width: 300px) 100vw, 300px\" \/><\/div><h2 class=\"woocommerce-loop-product__title\">Remotus RX161 (Metall)<\/h2><\/a><div class=\"product-loop-item-info\"><\/div><\/li>\n<\/div>                        <div class=\"glide__slide\">\r\n                            <li class=\"product type-product post-9863 status-publish instock product_cat-beckengurtsender-de product_cat-remotus-de product_tag-krane-und-hebebuhnen-de product_tag-pumpen-de product_tag-sonstige-steuerungen-de has-post-thumbnail product-type-simple\">\n\t<a href=\"https:\/\/akerstroms.se\/de\/produkt\/100jd\/\" class=\"woocommerce-LoopProduct-link woocommerce-loop-product__link\"><div class='img-container'><img loading=\"lazy\" decoding=\"async\" width=\"300\" height=\"402\" src=\"https:\/\/akerstroms.se\/app\/uploads\/2021\/05\/Remotus-100-300x402.jpg\" class=\"attachment-woocommerce_thumbnail size-woocommerce_thumbnail\" alt=\"Remotus 100\" srcset=\"https:\/\/akerstroms.se\/app\/uploads\/2021\/05\/Remotus-100-300x402.jpg 300w, https:\/\/akerstroms.se\/app\/uploads\/2021\/05\/Remotus-100-600x803.jpg 600w, https:\/\/akerstroms.se\/app\/uploads\/2021\/05\/Remotus-100-250x335.jpg 250w, https:\/\/akerstroms.se\/app\/uploads\/2021\/05\/Remotus-100-700x937.jpg 700w, https:\/\/akerstroms.se\/app\/uploads\/2021\/05\/Remotus-100-768x1028.jpg 768w, https:\/\/akerstroms.se\/app\/uploads\/2021\/05\/Remotus-100-120x161.jpg 120w, https:\/\/akerstroms.se\/app\/uploads\/2021\/05\/Remotus-100-540x723.jpg 540w, https:\/\/akerstroms.se\/app\/uploads\/2021\/05\/Remotus-100.jpg 930w\" sizes=\"auto, (max-width: 300px) 100vw, 300px\" \/><\/div><h2 class=\"woocommerce-loop-product__title\">Remotus 100J<\/h2><\/a><div class=\"product-loop-item-info\"><\/div><\/li>\n<\/div>                        <div class=\"glide__slide\">\r\n                            <li class=\"product type-product post-9708 status-publish last instock product_cat-beckengurtsender-de product_cat-remotus-de product_tag-fahrzeuge-und-aufbauten-de product_tag-hafen-und-fahren-de product_tag-krane-und-hebebuhnen-de product_tag-maschinen-de product_tag-pumpen-de product_tag-winden-de has-post-thumbnail product-type-simple\">\n\t<a href=\"https:\/\/akerstroms.se\/de\/produkt\/remotus-500jd\/\" class=\"woocommerce-LoopProduct-link woocommerce-loop-product__link\"><div class='img-container'><img loading=\"lazy\" decoding=\"async\" width=\"300\" height=\"400\" src=\"https:\/\/akerstroms.se\/app\/uploads\/2021\/04\/Remotus-500-1-300x400.jpg\" class=\"attachment-woocommerce_thumbnail size-woocommerce_thumbnail\" alt=\"Remotus 500 Beckengurtsender\" srcset=\"https:\/\/akerstroms.se\/app\/uploads\/2021\/04\/Remotus-500-1-300x400.jpg 300w, https:\/\/akerstroms.se\/app\/uploads\/2021\/04\/Remotus-500-1-600x800.jpg 600w, https:\/\/akerstroms.se\/app\/uploads\/2021\/04\/Remotus-500-1-250x333.jpg 250w, https:\/\/akerstroms.se\/app\/uploads\/2021\/04\/Remotus-500-1-700x933.jpg 700w, https:\/\/akerstroms.se\/app\/uploads\/2021\/04\/Remotus-500-1-768x1024.jpg 768w, https:\/\/akerstroms.se\/app\/uploads\/2021\/04\/Remotus-500-1-120x160.jpg 120w, https:\/\/akerstroms.se\/app\/uploads\/2021\/04\/Remotus-500-1-540x720.jpg 540w, https:\/\/akerstroms.se\/app\/uploads\/2021\/04\/Remotus-500-1.jpg 930w\" sizes=\"auto, (max-width: 300px) 100vw, 300px\" \/><\/div><h2 class=\"woocommerce-loop-product__title\">Remotus 500JD<\/h2><\/a><div class=\"product-loop-item-info\"><\/div><\/li>\n<\/div>                        <div class=\"glide__slide\">\r\n                            <li class=\"product type-product post-9705 status-publish first instock product_cat-beckengurtsender-de product_cat-remotus-de product_tag-fahrzeuge-und-aufbauten-de product_tag-hafen-und-fahren-de product_tag-krane-und-hebebuhnen-de product_tag-maschinen-de product_tag-pumpen-de product_tag-winden-de has-post-thumbnail product-type-simple\">\n\t<a href=\"https:\/\/akerstroms.se\/de\/produkt\/remotus-300jd\/\" class=\"woocommerce-LoopProduct-link woocommerce-loop-product__link\"><div class='img-container'><img loading=\"lazy\" decoding=\"async\" width=\"300\" height=\"400\" src=\"https:\/\/akerstroms.se\/app\/uploads\/2021\/04\/Remotus-300JD-1-300x400.jpg\" class=\"attachment-woocommerce_thumbnail size-woocommerce_thumbnail\" alt=\"Remotus 300JD\" srcset=\"https:\/\/akerstroms.se\/app\/uploads\/2021\/04\/Remotus-300JD-1-300x400.jpg 300w, https:\/\/akerstroms.se\/app\/uploads\/2021\/04\/Remotus-300JD-1-600x800.jpg 600w, https:\/\/akerstroms.se\/app\/uploads\/2021\/04\/Remotus-300JD-1-250x333.jpg 250w, https:\/\/akerstroms.se\/app\/uploads\/2021\/04\/Remotus-300JD-1-700x933.jpg 700w, https:\/\/akerstroms.se\/app\/uploads\/2021\/04\/Remotus-300JD-1-768x1024.jpg 768w, https:\/\/akerstroms.se\/app\/uploads\/2021\/04\/Remotus-300JD-1-120x160.jpg 120w, https:\/\/akerstroms.se\/app\/uploads\/2021\/04\/Remotus-300JD-1-540x720.jpg 540w, https:\/\/akerstroms.se\/app\/uploads\/2021\/04\/Remotus-300JD-1.jpg 930w\" sizes=\"auto, (max-width: 300px) 100vw, 300px\" \/><\/div><h2 class=\"woocommerce-loop-product__title\">Remotus 300JD<\/h2><\/a><div class=\"product-loop-item-info\"><\/div><\/li>\n<\/div>                        <div class=\"glide__slide\">\r\n                            <li class=\"product type-product post-9706 status-publish instock product_cat-handsender-de product_cat-remotus-de product_tag-krane-und-hebebuhnen-de product_tag-pumpen-de product_tag-sonstige-steuerungen-de has-post-thumbnail product-type-simple\">\n\t<a href=\"https:\/\/akerstroms.se\/de\/produkt\/remotus-era-8b\/\" class=\"woocommerce-LoopProduct-link woocommerce-loop-product__link\"><div class='img-container'><img loading=\"lazy\" decoding=\"async\" width=\"300\" height=\"400\" src=\"https:\/\/akerstroms.se\/app\/uploads\/2021\/04\/Jupiter-Era-8B-300x400.jpg\" class=\"attachment-woocommerce_thumbnail size-woocommerce_thumbnail\" alt=\"Jupiter ERA 8B\" srcset=\"https:\/\/akerstroms.se\/app\/uploads\/2021\/04\/Jupiter-Era-8B-300x400.jpg 300w, https:\/\/akerstroms.se\/app\/uploads\/2021\/04\/Jupiter-Era-8B-600x800.jpg 600w, https:\/\/akerstroms.se\/app\/uploads\/2021\/04\/Jupiter-Era-8B-250x333.jpg 250w, https:\/\/akerstroms.se\/app\/uploads\/2021\/04\/Jupiter-Era-8B-700x933.jpg 700w, https:\/\/akerstroms.se\/app\/uploads\/2021\/04\/Jupiter-Era-8B-768x1024.jpg 768w, https:\/\/akerstroms.se\/app\/uploads\/2021\/04\/Jupiter-Era-8B-120x160.jpg 120w, https:\/\/akerstroms.se\/app\/uploads\/2021\/04\/Jupiter-Era-8B-540x720.jpg 540w, https:\/\/akerstroms.se\/app\/uploads\/2021\/04\/Jupiter-Era-8B.jpg 930w\" sizes=\"auto, (max-width: 300px) 100vw, 300px\" \/><\/div><h2 class=\"woocommerce-loop-product__title\">Remotus ERA 8B<\/h2><\/a><div class=\"product-loop-item-info\"><\/div><\/li>\n<\/div>                        <div class=\"glide__slide\">\r\n                            <li class=\"product type-product post-9707 status-publish instock product_cat-handsender-de product_cat-remotus-de product_tag-krane-und-hebebuhnen-de product_tag-pumpen-de product_tag-sonstige-steuerungen-de has-post-thumbnail product-type-simple\">\n\t<a href=\"https:\/\/akerstroms.se\/de\/produkt\/remotus-era-6b\/\" class=\"woocommerce-LoopProduct-link woocommerce-loop-product__link\"><div class='img-container'><img loading=\"lazy\" decoding=\"async\" width=\"300\" height=\"400\" src=\"https:\/\/akerstroms.se\/app\/uploads\/2021\/04\/Jupiter-Era-6B-300x400.jpg\" class=\"attachment-woocommerce_thumbnail size-woocommerce_thumbnail\" alt=\"Jupiter-Era-6B\" srcset=\"https:\/\/akerstroms.se\/app\/uploads\/2021\/04\/Jupiter-Era-6B-300x400.jpg 300w, https:\/\/akerstroms.se\/app\/uploads\/2021\/04\/Jupiter-Era-6B-600x800.jpg 600w, https:\/\/akerstroms.se\/app\/uploads\/2021\/04\/Jupiter-Era-6B-250x333.jpg 250w, https:\/\/akerstroms.se\/app\/uploads\/2021\/04\/Jupiter-Era-6B-700x933.jpg 700w, https:\/\/akerstroms.se\/app\/uploads\/2021\/04\/Jupiter-Era-6B-768x1024.jpg 768w, https:\/\/akerstroms.se\/app\/uploads\/2021\/04\/Jupiter-Era-6B-120x160.jpg 120w, https:\/\/akerstroms.se\/app\/uploads\/2021\/04\/Jupiter-Era-6B-540x720.jpg 540w, https:\/\/akerstroms.se\/app\/uploads\/2021\/04\/Jupiter-Era-6B.jpg 930w\" sizes=\"auto, (max-width: 300px) 100vw, 300px\" \/><\/div><h2 class=\"woocommerce-loop-product__title\">Remotus ERA 6B<\/h2><\/a><div class=\"product-loop-item-info\"><\/div><\/li>\n<\/div>                        <div class=\"glide__slide\">\r\n                            <li class=\"product type-product post-9709 status-publish last instock product_cat-handsender-de product_cat-remotus-de product_tag-krane-und-hebebuhnen-de product_tag-pumpen-de product_tag-sonstige-steuerungen-de has-post-thumbnail product-type-simple\">\n\t<a href=\"https:\/\/akerstroms.se\/de\/produkt\/remotus-era-4b\/\" class=\"woocommerce-LoopProduct-link woocommerce-loop-product__link\"><div class='img-container'><img loading=\"lazy\" decoding=\"async\" width=\"300\" height=\"400\" src=\"https:\/\/akerstroms.se\/app\/uploads\/2021\/04\/Jupiter-Era-4B-300x400.jpg\" class=\"attachment-woocommerce_thumbnail size-woocommerce_thumbnail\" alt=\"Jupiter-Era-4B\" srcset=\"https:\/\/akerstroms.se\/app\/uploads\/2021\/04\/Jupiter-Era-4B-300x400.jpg 300w, https:\/\/akerstroms.se\/app\/uploads\/2021\/04\/Jupiter-Era-4B-600x800.jpg 600w, https:\/\/akerstroms.se\/app\/uploads\/2021\/04\/Jupiter-Era-4B-250x333.jpg 250w, https:\/\/akerstroms.se\/app\/uploads\/2021\/04\/Jupiter-Era-4B-700x933.jpg 700w, https:\/\/akerstroms.se\/app\/uploads\/2021\/04\/Jupiter-Era-4B-768x1024.jpg 768w, https:\/\/akerstroms.se\/app\/uploads\/2021\/04\/Jupiter-Era-4B-120x160.jpg 120w, https:\/\/akerstroms.se\/app\/uploads\/2021\/04\/Jupiter-Era-4B-540x720.jpg 540w, https:\/\/akerstroms.se\/app\/uploads\/2021\/04\/Jupiter-Era-4B.jpg 930w\" sizes=\"auto, (max-width: 300px) 100vw, 300px\" \/><\/div><h2 class=\"woocommerce-loop-product__title\">Remotus ERA 4B<\/h2><\/a><div class=\"product-loop-item-info\"><\/div><\/li>\n<\/div>                        <div class=\"glide__slide\">\r\n                            <li class=\"product type-product post-9855 status-publish first instock product_cat-empfanger-de product_cat-remotus-de product_tag-krane-und-hebebuhnen-de product_tag-pumpen-de product_tag-sonstige-steuerungen-de has-post-thumbnail product-type-simple\">\n\t<a href=\"https:\/\/akerstroms.se\/de\/produkt\/remotus-rxs-96\/\" class=\"woocommerce-LoopProduct-link woocommerce-loop-product__link\"><div class='img-container'><img loading=\"lazy\" decoding=\"async\" width=\"300\" height=\"400\" src=\"https:\/\/akerstroms.se\/app\/uploads\/2021\/04\/Remotus-RxS96-300x400.jpg\" class=\"attachment-woocommerce_thumbnail size-woocommerce_thumbnail\" alt=\"Remotus RxS96\" srcset=\"https:\/\/akerstroms.se\/app\/uploads\/2021\/04\/Remotus-RxS96-300x400.jpg 300w, https:\/\/akerstroms.se\/app\/uploads\/2021\/04\/Remotus-RxS96-600x800.jpg 600w, https:\/\/akerstroms.se\/app\/uploads\/2021\/04\/Remotus-RxS96-250x333.jpg 250w, https:\/\/akerstroms.se\/app\/uploads\/2021\/04\/Remotus-RxS96-700x933.jpg 700w, https:\/\/akerstroms.se\/app\/uploads\/2021\/04\/Remotus-RxS96-768x1024.jpg 768w, https:\/\/akerstroms.se\/app\/uploads\/2021\/04\/Remotus-RxS96-120x160.jpg 120w, https:\/\/akerstroms.se\/app\/uploads\/2021\/04\/Remotus-RxS96-540x720.jpg 540w, https:\/\/akerstroms.se\/app\/uploads\/2021\/04\/Remotus-RxS96.jpg 930w\" sizes=\"auto, (max-width: 300px) 100vw, 300px\" \/><\/div><h2 class=\"woocommerce-loop-product__title\">Remotus RXS-96<\/h2><\/a><div class=\"product-loop-item-info\"><\/div><\/li>\n<\/div>                        <div class=\"glide__slide\">\r\n                            <li class=\"product type-product post-9857 status-publish instock product_cat-empfanger-de product_cat-remotus-de product_tag-krane-und-hebebuhnen-de product_tag-pumpen-de product_tag-sonstige-steuerungen-de has-post-thumbnail product-type-simple\">\n\t<a href=\"https:\/\/akerstroms.se\/de\/produkt\/remotus-rx182\/\" class=\"woocommerce-LoopProduct-link woocommerce-loop-product__link\"><div class='img-container'><img loading=\"lazy\" decoding=\"async\" width=\"300\" height=\"400\" src=\"https:\/\/akerstroms.se\/app\/uploads\/2021\/04\/RX182-1-300x400.jpg\" class=\"attachment-woocommerce_thumbnail size-woocommerce_thumbnail\" alt=\"Remotus RX182\" srcset=\"https:\/\/akerstroms.se\/app\/uploads\/2021\/04\/RX182-1-300x400.jpg 300w, https:\/\/akerstroms.se\/app\/uploads\/2021\/04\/RX182-1-600x800.jpg 600w, https:\/\/akerstroms.se\/app\/uploads\/2021\/04\/RX182-1-250x333.jpg 250w, https:\/\/akerstroms.se\/app\/uploads\/2021\/04\/RX182-1-700x933.jpg 700w, https:\/\/akerstroms.se\/app\/uploads\/2021\/04\/RX182-1-768x1024.jpg 768w, https:\/\/akerstroms.se\/app\/uploads\/2021\/04\/RX182-1-120x160.jpg 120w, https:\/\/akerstroms.se\/app\/uploads\/2021\/04\/RX182-1-540x720.jpg 540w, https:\/\/akerstroms.se\/app\/uploads\/2021\/04\/RX182-1.jpg 930w\" sizes=\"auto, (max-width: 300px) 100vw, 300px\" \/><\/div><h2 class=\"woocommerce-loop-product__title\">Remotus RX182<\/h2><\/a><div class=\"product-loop-item-info\"><\/div><\/li>\n<\/div><\/div><\/div>\r\n                        <div class=\"controls flex-row-wrapper\" data-glide-el=\"controls\">\r\n                            <button class=\"controls--btn prev\" data-glide-dir=\"&lt;\"><i class=\"far fa-angle-left\"><\/i><\/button>\r\n                            <button class=\"controls--btn next\" data-glide-dir=\"&gt;\"><i class=\"far fa-angle-right\"><\/i><\/button>\r\n                        <\/div>\r\n                                        <\/div>\r\n                            <\/div>\r\n        <\/div>\r\n    <\/section>\r\n\n\n\n<div style=\"height:100px\" aria-hidden=\"true\" class=\"wp-block-spacer\"><\/div>\n","protected":false},"excerpt":{"rendered":"<p>Pumpen Industriepumpen f\u00fcr unterschiedliche Fl\u00fcssigkeitsarten, Zentrifugalpumpen, Brunnenpumpen, Dosierpumpen. Bei allen Pumpen, gleich welcher Art, kann Funksteuerung die Arbeit sicherer und ergonomischer gestalten. Wenn man die&#8230;<\/p>\n","protected":false},"author":1,"featured_media":0,"parent":0,"menu_order":0,"comment_status":"closed","ping_status":"closed","template":"","meta":{"_acf_changed":false,"footnotes":""},"class_list":["post-10463","page","type-page","status-publish","hentry"],"acf":[],"yoast_head":"<!-- This site is optimized with the Yoast SEO plugin v27.4 - https:\/\/yoast.com\/product\/yoast-seo-wordpress\/ -->\n<title>Pumpen - \u00c5kerstr\u00f6ms Bj\u00f6rbo<\/title>\n<meta name=\"robots\" content=\"index, follow, max-snippet:-1, max-image-preview:large, max-video-preview:-1\" \/>\n<link rel=\"canonical\" href=\"https:\/\/akerstroms.se\/de\/pumpen\/\" \/>\n<meta property=\"og:locale\" content=\"de_DE\" \/>\n<meta property=\"og:type\" content=\"article\" \/>\n<meta property=\"og:title\" content=\"Pumpen - \u00c5kerstr\u00f6ms Bj\u00f6rbo\" \/>\n<meta property=\"og:description\" content=\"Pumpen Industriepumpen f\u00fcr unterschiedliche Fl\u00fcssigkeitsarten, Zentrifugalpumpen, Brunnenpumpen, Dosierpumpen. Bei allen Pumpen, gleich welcher Art, kann Funksteuerung die Arbeit sicherer und ergonomischer gestalten. Wenn man die...\" \/>\n<meta property=\"og:url\" content=\"https:\/\/akerstroms.se\/de\/pumpen\/\" \/>\n<meta property=\"og:site_name\" content=\"\u00c5kerstr\u00f6ms Bj\u00f6rbo\" \/>\n<meta property=\"article:publisher\" content=\"https:\/\/www.facebook.com\/akerstroms.se\" \/>\n<meta property=\"article:modified_time\" content=\"2023-07-06T09:34:04+00:00\" \/>\n<meta property=\"og:image\" content=\"https:\/\/akerstroms.se\/app\/uploads\/2021\/09\/Akerstroms-remote-controls.jpg\" \/>\n\t<meta property=\"og:image:width\" content=\"1200\" \/>\n\t<meta property=\"og:image:height\" content=\"675\" \/>\n\t<meta property=\"og:image:type\" content=\"image\/jpeg\" \/>\n<meta name=\"twitter:card\" content=\"summary_large_image\" \/>\n<meta name=\"twitter:label1\" content=\"Gesch\u00e4tzte Lesezeit\" \/>\n\t<meta name=\"twitter:data1\" content=\"1\u00a0Minute\" \/>\n<script type=\"application\/ld+json\" class=\"yoast-schema-graph\">{\"@context\":\"https:\\\/\\\/schema.org\",\"@graph\":[{\"@type\":\"WebPage\",\"@id\":\"https:\\\/\\\/akerstroms.se\\\/de\\\/pumpen\\\/\",\"url\":\"https:\\\/\\\/akerstroms.se\\\/de\\\/pumpen\\\/\",\"name\":\"Pumpen - \u00c5kerstr\u00f6ms Bj\u00f6rbo\",\"isPartOf\":{\"@id\":\"https:\\\/\\\/akerstroms.se\\\/#website\"},\"datePublished\":\"2021-09-30T07:12:34+00:00\",\"dateModified\":\"2023-07-06T09:34:04+00:00\",\"breadcrumb\":{\"@id\":\"https:\\\/\\\/akerstroms.se\\\/de\\\/pumpen\\\/#breadcrumb\"},\"inLanguage\":\"de\",\"potentialAction\":[{\"@type\":\"ReadAction\",\"target\":[\"https:\\\/\\\/akerstroms.se\\\/de\\\/pumpen\\\/\"]}]},{\"@type\":\"BreadcrumbList\",\"@id\":\"https:\\\/\\\/akerstroms.se\\\/de\\\/pumpen\\\/#breadcrumb\",\"itemListElement\":[{\"@type\":\"ListItem\",\"position\":1,\"name\":\"Home\",\"item\":\"https:\\\/\\\/akerstroms.se\\\/de\\\/\"},{\"@type\":\"ListItem\",\"position\":2,\"name\":\"Pumpen\"}]},{\"@type\":\"WebSite\",\"@id\":\"https:\\\/\\\/akerstroms.se\\\/#website\",\"url\":\"https:\\\/\\\/akerstroms.se\\\/\",\"name\":\"\u00c5kerstr\u00f6ms Bj\u00f6rbo\",\"description\":\"Radiostyrning f\u00f6r industriella och mobila applikationer\",\"publisher\":{\"@id\":\"https:\\\/\\\/akerstroms.se\\\/#organization\"},\"potentialAction\":[{\"@type\":\"SearchAction\",\"target\":{\"@type\":\"EntryPoint\",\"urlTemplate\":\"https:\\\/\\\/akerstroms.se\\\/?s={search_term_string}\"},\"query-input\":{\"@type\":\"PropertyValueSpecification\",\"valueRequired\":true,\"valueName\":\"search_term_string\"}}],\"inLanguage\":\"de\"},{\"@type\":\"Organization\",\"@id\":\"https:\\\/\\\/akerstroms.se\\\/#organization\",\"name\":\"\u00c5kerstr\u00f6ms AB\",\"url\":\"https:\\\/\\\/akerstroms.se\\\/\",\"logo\":{\"@type\":\"ImageObject\",\"inLanguage\":\"de\",\"@id\":\"https:\\\/\\\/akerstroms.se\\\/#\\\/schema\\\/logo\\\/image\\\/\",\"url\":\"https:\\\/\\\/akerstroms.se\\\/app\\\/uploads\\\/2021\\\/10\\\/akerstroms-logo.png\",\"contentUrl\":\"https:\\\/\\\/akerstroms.se\\\/app\\\/uploads\\\/2021\\\/10\\\/akerstroms-logo.png\",\"width\":400,\"height\":86,\"caption\":\"\u00c5kerstr\u00f6ms AB\"},\"image\":{\"@id\":\"https:\\\/\\\/akerstroms.se\\\/#\\\/schema\\\/logo\\\/image\\\/\"},\"sameAs\":[\"https:\\\/\\\/www.facebook.com\\\/akerstroms.se\",\"https:\\\/\\\/www.linkedin.com\\\/company\\\/akerstroms\\\/\",\"https:\\\/\\\/www.youtube.com\\\/channel\\\/UC8S-jX9nA8c9qBaTlgqg1CQ\"]}]}<\/script>\n<!-- \/ Yoast SEO plugin. -->","yoast_head_json":{"title":"Pumpen - \u00c5kerstr\u00f6ms Bj\u00f6rbo","robots":{"index":"index","follow":"follow","max-snippet":"max-snippet:-1","max-image-preview":"max-image-preview:large","max-video-preview":"max-video-preview:-1"},"canonical":"https:\/\/akerstroms.se\/de\/pumpen\/","og_locale":"de_DE","og_type":"article","og_title":"Pumpen - \u00c5kerstr\u00f6ms Bj\u00f6rbo","og_description":"Pumpen Industriepumpen f\u00fcr unterschiedliche Fl\u00fcssigkeitsarten, Zentrifugalpumpen, Brunnenpumpen, Dosierpumpen. Bei allen Pumpen, gleich welcher Art, kann Funksteuerung die Arbeit sicherer und ergonomischer gestalten. Wenn man die...","og_url":"https:\/\/akerstroms.se\/de\/pumpen\/","og_site_name":"\u00c5kerstr\u00f6ms Bj\u00f6rbo","article_publisher":"https:\/\/www.facebook.com\/akerstroms.se","article_modified_time":"2023-07-06T09:34:04+00:00","og_image":[{"width":1200,"height":675,"url":"https:\/\/akerstroms.se\/app\/uploads\/2021\/09\/Akerstroms-remote-controls.jpg","type":"image\/jpeg"}],"twitter_card":"summary_large_image","twitter_misc":{"Gesch\u00e4tzte Lesezeit":"1\u00a0Minute"},"schema":{"@context":"https:\/\/schema.org","@graph":[{"@type":"WebPage","@id":"https:\/\/akerstroms.se\/de\/pumpen\/","url":"https:\/\/akerstroms.se\/de\/pumpen\/","name":"Pumpen - \u00c5kerstr\u00f6ms Bj\u00f6rbo","isPartOf":{"@id":"https:\/\/akerstroms.se\/#website"},"datePublished":"2021-09-30T07:12:34+00:00","dateModified":"2023-07-06T09:34:04+00:00","breadcrumb":{"@id":"https:\/\/akerstroms.se\/de\/pumpen\/#breadcrumb"},"inLanguage":"de","potentialAction":[{"@type":"ReadAction","target":["https:\/\/akerstroms.se\/de\/pumpen\/"]}]},{"@type":"BreadcrumbList","@id":"https:\/\/akerstroms.se\/de\/pumpen\/#breadcrumb","itemListElement":[{"@type":"ListItem","position":1,"name":"Home","item":"https:\/\/akerstroms.se\/de\/"},{"@type":"ListItem","position":2,"name":"Pumpen"}]},{"@type":"WebSite","@id":"https:\/\/akerstroms.se\/#website","url":"https:\/\/akerstroms.se\/","name":"\u00c5kerstr\u00f6ms Bj\u00f6rbo","description":"Radiostyrning f\u00f6r industriella och mobila applikationer","publisher":{"@id":"https:\/\/akerstroms.se\/#organization"},"potentialAction":[{"@type":"SearchAction","target":{"@type":"EntryPoint","urlTemplate":"https:\/\/akerstroms.se\/?s={search_term_string}"},"query-input":{"@type":"PropertyValueSpecification","valueRequired":true,"valueName":"search_term_string"}}],"inLanguage":"de"},{"@type":"Organization","@id":"https:\/\/akerstroms.se\/#organization","name":"\u00c5kerstr\u00f6ms AB","url":"https:\/\/akerstroms.se\/","logo":{"@type":"ImageObject","inLanguage":"de","@id":"https:\/\/akerstroms.se\/#\/schema\/logo\/image\/","url":"https:\/\/akerstroms.se\/app\/uploads\/2021\/10\/akerstroms-logo.png","contentUrl":"https:\/\/akerstroms.se\/app\/uploads\/2021\/10\/akerstroms-logo.png","width":400,"height":86,"caption":"\u00c5kerstr\u00f6ms AB"},"image":{"@id":"https:\/\/akerstroms.se\/#\/schema\/logo\/image\/"},"sameAs":["https:\/\/www.facebook.com\/akerstroms.se","https:\/\/www.linkedin.com\/company\/akerstroms\/","https:\/\/www.youtube.com\/channel\/UC8S-jX9nA8c9qBaTlgqg1CQ"]}]}},"_links":{"self":[{"href":"https:\/\/akerstroms.se\/de\/wp-json\/wp\/v2\/pages\/10463","targetHints":{"allow":["GET"]}}],"collection":[{"href":"https:\/\/akerstroms.se\/de\/wp-json\/wp\/v2\/pages"}],"about":[{"href":"https:\/\/akerstroms.se\/de\/wp-json\/wp\/v2\/types\/page"}],"author":[{"embeddable":true,"href":"https:\/\/akerstroms.se\/de\/wp-json\/wp\/v2\/users\/1"}],"replies":[{"embeddable":true,"href":"https:\/\/akerstroms.se\/de\/wp-json\/wp\/v2\/comments?post=10463"}],"version-history":[{"count":14,"href":"https:\/\/akerstroms.se\/de\/wp-json\/wp\/v2\/pages\/10463\/revisions"}],"predecessor-version":[{"id":18801,"href":"https:\/\/akerstroms.se\/de\/wp-json\/wp\/v2\/pages\/10463\/revisions\/18801"}],"wp:attachment":[{"href":"https:\/\/akerstroms.se\/de\/wp-json\/wp\/v2\/media?parent=10463"}],"curies":[{"name":"wp","href":"https:\/\/api.w.org\/{rel}","templated":true}]}}