{"id":10461,"date":"2021-09-30T09:12:24","date_gmt":"2021-09-30T07:12:24","guid":{"rendered":"https:\/\/akerstroms.se\/registrierung\/"},"modified":"2021-10-19T11:42:26","modified_gmt":"2021-10-19T09:42:26","slug":"registrierung","status":"publish","type":"page","link":"https:\/\/akerstroms.se\/de\/registrierung\/","title":{"rendered":"Registrierung"},"content":{"rendered":"\n<div class=\"wp-block-media-text alignfull is-stacked-on-mobile has-white-color has-black-background-color has-text-color has-background\"><figure class=\"wp-block-media-text__media\"><img decoding=\"async\" src=\"https:\/\/akerstroms.se\/app\/uploads\/2021\/02\/Skarmklipp1-e1615197104170.png\" alt=\"\" class=\"wp-image-138 size-full\"\/><\/figure><div class=\"wp-block-media-text__content\">\n<h1 class=\"wp-block-heading\"><strong>Registrieren Sie sich<\/strong><\/h1>\n\n\n\n<p>Wenn Sie alle Angaben eingetragen haben, werden diese per Mail an uns weitergeleitet, und wir k\u00f6nnen Sie dann als Kunden best\u00e4tigen. Informationen zur Verarbeitung Ihrer personenbezogenen Daten finden Sie in unserer <a href=\"https:\/\/akerstroms.se\/de\/datenschutzerklarung\/\">Datenschutzerkl\u00e4rung<\/a>.<\/p>\n\n\n<div class=\"woocommerce-notices-wrapper\"><\/div>      <form method=\"post\" class=\"woocommerce-form woocommerce-form-register register\"  >\n\n                     <div class=\"double flex-row-wrapper\">\n                <p class=\"form-row form-row-first\">\n                    <label for=\"billing_company\">Firma<\/label>\n                    <input type=\"text\" class=\"input-text\" name=\"billing_company\" id=\"billing_company\" \/>\n                <\/p>\n                <p class=\"form-row form-row-first\">\n                    <label for=\"town\">Stadt<\/label>\n                    <input type=\"text\" class=\"input-text\" name=\"town\" id=\"town\" \/>\n                <\/p>\n            <\/div>\n            <div class=\"double flex-row-wrapper\">\n                <p class=\"form-row form-row-first\">\n                    <label for=\"org_number\">Organisationsnummer *<\/label>\n                    <input type=\"text\" class=\"input-text\" name=\"org_number\" id=\"org_number\" required \/>\n                <\/p>\n                <p class=\"form-row form-row-first\">\n                    <label for=\"cu_number\">Kundennummer<\/label>\n                    <input type=\"text\" class=\"input-text\" name=\"cu_number\" id=\"cu_number\" \/>\n                <\/p>\n            <\/div>\n            \n         \n            <p class=\"woocommerce-form-row woocommerce-form-row--wide form-row form-row-wide\">\n               <label for=\"reg_username\">Benutzername <span class=\"required\">*<\/span><\/label>\n               <input type=\"text\" class=\"woocommerce-Input woocommerce-Input--text input-text\" name=\"username\" id=\"reg_username\" autocomplete=\"username\" value=\"\" \/>            <\/p>\n\n         \n         <p class=\"woocommerce-form-row woocommerce-form-row--wide form-row form-row-wide\">\n            <label for=\"reg_email\">E-Mail-Adresse <span class=\"required\">*<\/span><\/label>\n            <input type=\"email\" class=\"woocommerce-Input woocommerce-Input--text input-text\" name=\"email\" id=\"reg_email\" autocomplete=\"email\" value=\"\" \/>         <\/p>\n\n         \n            <p class=\"woocommerce-form-row woocommerce-form-row--wide form-row form-row-wide\">\n               <label for=\"reg_password\">Passwort <span class=\"required\">*<\/span><\/label>\n               <input type=\"password\" class=\"woocommerce-Input woocommerce-Input--text input-text\" name=\"password\" id=\"reg_password\" autocomplete=\"new-password\" \/>\n            <\/p>\n\n         \n         <wc-order-attribution-inputs><\/wc-order-attribution-inputs><p class=\"form-row form-row privacy validate-required\" id=\"privacy_policy_reg_field\" data-priority=\"\"><span class=\"woocommerce-input-wrapper\"><label class=\"checkbox woocommerce-form__label woocommerce-form__label-for-checkbox checkbox\" ><input type=\"checkbox\" name=\"privacy_policy_reg\" id=\"privacy_policy_reg\" value=\"1\" class=\"input-checkbox woocommerce-form__input woocommerce-form__input-checkbox input-checkbox\"  aria-required=\"true\" \/> Ich habe die <a href=\"\u201d\/privacy-policy\u201d\">Datenschutzerkl\u00e4rung<\/a> gelesen und akzeptiert&nbsp;<span class=\"required\" aria-hidden=\"true\">*<\/span><\/label><\/span><\/p><div class=\"woocommerce-privacy-policy-text\"><\/div>\n         <p class=\"woocommerce-FormRow form-row\">\n            <input type=\"hidden\" id=\"woocommerce-register-nonce\" name=\"woocommerce-register-nonce\" value=\"0ca99ab6ae\" \/><input type=\"hidden\" name=\"_wp_http_referer\" value=\"\/de\/wp-json\/wp\/v2\/pages\/10461\" \/>            <button type=\"submit\" class=\"button woocommerce-button woocommerce-form-register__submit\" name=\"register\" value=\"Registrieren\">Registrieren<\/button>\n         <\/p>\n\n         \n      <\/form>\n\n   \n<\/div><\/div>\n","protected":false},"excerpt":{"rendered":"","protected":false},"author":1,"featured_media":0,"parent":0,"menu_order":0,"comment_status":"closed","ping_status":"closed","template":"","meta":{"_acf_changed":false,"footnotes":""},"class_list":["post-10461","page","type-page","status-publish","hentry"],"acf":[],"yoast_head":"<!-- This site is optimized with the Yoast SEO plugin v27.4 - https:\/\/yoast.com\/product\/yoast-seo-wordpress\/ -->\n<title>Registrierung - \u00c5kerstr\u00f6ms Bj\u00f6rbo<\/title>\n<meta name=\"robots\" content=\"index, follow, max-snippet:-1, max-image-preview:large, max-video-preview:-1\" \/>\n<link rel=\"canonical\" href=\"https:\/\/akerstroms.se\/de\/registrierung\/\" \/>\n<meta property=\"og:locale\" content=\"de_DE\" \/>\n<meta property=\"og:type\" content=\"article\" \/>\n<meta property=\"og:title\" content=\"Registrierung - \u00c5kerstr\u00f6ms Bj\u00f6rbo\" \/>\n<meta property=\"og:url\" content=\"https:\/\/akerstroms.se\/de\/registrierung\/\" \/>\n<meta property=\"og:site_name\" content=\"\u00c5kerstr\u00f6ms Bj\u00f6rbo\" \/>\n<meta property=\"article:publisher\" content=\"https:\/\/www.facebook.com\/akerstroms.se\" \/>\n<meta property=\"article:modified_time\" content=\"2021-10-19T09:42:26+00:00\" \/>\n<meta property=\"og:image\" content=\"https:\/\/akerstroms.se\/app\/uploads\/2021\/02\/Skarmklipp1-e1615197104170.png\" \/>\n<meta name=\"twitter:card\" content=\"summary_large_image\" \/>\n<script type=\"application\/ld+json\" class=\"yoast-schema-graph\">{\"@context\":\"https:\\\/\\\/schema.org\",\"@graph\":[{\"@type\":\"WebPage\",\"@id\":\"https:\\\/\\\/akerstroms.se\\\/de\\\/registrierung\\\/\",\"url\":\"https:\\\/\\\/akerstroms.se\\\/de\\\/registrierung\\\/\",\"name\":\"Registrierung - \u00c5kerstr\u00f6ms Bj\u00f6rbo\",\"isPartOf\":{\"@id\":\"https:\\\/\\\/akerstroms.se\\\/#website\"},\"primaryImageOfPage\":{\"@id\":\"https:\\\/\\\/akerstroms.se\\\/de\\\/registrierung\\\/#primaryimage\"},\"image\":{\"@id\":\"https:\\\/\\\/akerstroms.se\\\/de\\\/registrierung\\\/#primaryimage\"},\"thumbnailUrl\":\"https:\\\/\\\/akerstroms.se\\\/app\\\/uploads\\\/2021\\\/02\\\/Skarmklipp1-e1615197104170.png\",\"datePublished\":\"2021-09-30T07:12:24+00:00\",\"dateModified\":\"2021-10-19T09:42:26+00:00\",\"breadcrumb\":{\"@id\":\"https:\\\/\\\/akerstroms.se\\\/de\\\/registrierung\\\/#breadcrumb\"},\"inLanguage\":\"de\",\"potentialAction\":[{\"@type\":\"ReadAction\",\"target\":[\"https:\\\/\\\/akerstroms.se\\\/de\\\/registrierung\\\/\"]}]},{\"@type\":\"ImageObject\",\"inLanguage\":\"de\",\"@id\":\"https:\\\/\\\/akerstroms.se\\\/de\\\/registrierung\\\/#primaryimage\",\"url\":\"https:\\\/\\\/akerstroms.se\\\/app\\\/uploads\\\/2021\\\/02\\\/Skarmklipp1-e1615197104170.png\",\"contentUrl\":\"https:\\\/\\\/akerstroms.se\\\/app\\\/uploads\\\/2021\\\/02\\\/Skarmklipp1-e1615197104170.png\"},{\"@type\":\"BreadcrumbList\",\"@id\":\"https:\\\/\\\/akerstroms.se\\\/de\\\/registrierung\\\/#breadcrumb\",\"itemListElement\":[{\"@type\":\"ListItem\",\"position\":1,\"name\":\"Home\",\"item\":\"https:\\\/\\\/akerstroms.se\\\/de\\\/\"},{\"@type\":\"ListItem\",\"position\":2,\"name\":\"Registrierung\"}]},{\"@type\":\"WebSite\",\"@id\":\"https:\\\/\\\/akerstroms.se\\\/#website\",\"url\":\"https:\\\/\\\/akerstroms.se\\\/\",\"name\":\"\u00c5kerstr\u00f6ms Bj\u00f6rbo\",\"description\":\"Radiostyrning f\u00f6r industriella och mobila applikationer\",\"publisher\":{\"@id\":\"https:\\\/\\\/akerstroms.se\\\/#organization\"},\"potentialAction\":[{\"@type\":\"SearchAction\",\"target\":{\"@type\":\"EntryPoint\",\"urlTemplate\":\"https:\\\/\\\/akerstroms.se\\\/?s={search_term_string}\"},\"query-input\":{\"@type\":\"PropertyValueSpecification\",\"valueRequired\":true,\"valueName\":\"search_term_string\"}}],\"inLanguage\":\"de\"},{\"@type\":\"Organization\",\"@id\":\"https:\\\/\\\/akerstroms.se\\\/#organization\",\"name\":\"\u00c5kerstr\u00f6ms AB\",\"url\":\"https:\\\/\\\/akerstroms.se\\\/\",\"logo\":{\"@type\":\"ImageObject\",\"inLanguage\":\"de\",\"@id\":\"https:\\\/\\\/akerstroms.se\\\/#\\\/schema\\\/logo\\\/image\\\/\",\"url\":\"https:\\\/\\\/akerstroms.se\\\/app\\\/uploads\\\/2021\\\/10\\\/akerstroms-logo.png\",\"contentUrl\":\"https:\\\/\\\/akerstroms.se\\\/app\\\/uploads\\\/2021\\\/10\\\/akerstroms-logo.png\",\"width\":400,\"height\":86,\"caption\":\"\u00c5kerstr\u00f6ms AB\"},\"image\":{\"@id\":\"https:\\\/\\\/akerstroms.se\\\/#\\\/schema\\\/logo\\\/image\\\/\"},\"sameAs\":[\"https:\\\/\\\/www.facebook.com\\\/akerstroms.se\",\"https:\\\/\\\/www.linkedin.com\\\/company\\\/akerstroms\\\/\",\"https:\\\/\\\/www.youtube.com\\\/channel\\\/UC8S-jX9nA8c9qBaTlgqg1CQ\"]}]}<\/script>\n<!-- \/ Yoast SEO plugin. -->","yoast_head_json":{"title":"Registrierung - \u00c5kerstr\u00f6ms Bj\u00f6rbo","robots":{"index":"index","follow":"follow","max-snippet":"max-snippet:-1","max-image-preview":"max-image-preview:large","max-video-preview":"max-video-preview:-1"},"canonical":"https:\/\/akerstroms.se\/de\/registrierung\/","og_locale":"de_DE","og_type":"article","og_title":"Registrierung - \u00c5kerstr\u00f6ms Bj\u00f6rbo","og_url":"https:\/\/akerstroms.se\/de\/registrierung\/","og_site_name":"\u00c5kerstr\u00f6ms Bj\u00f6rbo","article_publisher":"https:\/\/www.facebook.com\/akerstroms.se","article_modified_time":"2021-10-19T09:42:26+00:00","og_image":[{"url":"https:\/\/akerstroms.se\/app\/uploads\/2021\/02\/Skarmklipp1-e1615197104170.png","type":"","width":"","height":""}],"twitter_card":"summary_large_image","schema":{"@context":"https:\/\/schema.org","@graph":[{"@type":"WebPage","@id":"https:\/\/akerstroms.se\/de\/registrierung\/","url":"https:\/\/akerstroms.se\/de\/registrierung\/","name":"Registrierung - \u00c5kerstr\u00f6ms Bj\u00f6rbo","isPartOf":{"@id":"https:\/\/akerstroms.se\/#website"},"primaryImageOfPage":{"@id":"https:\/\/akerstroms.se\/de\/registrierung\/#primaryimage"},"image":{"@id":"https:\/\/akerstroms.se\/de\/registrierung\/#primaryimage"},"thumbnailUrl":"https:\/\/akerstroms.se\/app\/uploads\/2021\/02\/Skarmklipp1-e1615197104170.png","datePublished":"2021-09-30T07:12:24+00:00","dateModified":"2021-10-19T09:42:26+00:00","breadcrumb":{"@id":"https:\/\/akerstroms.se\/de\/registrierung\/#breadcrumb"},"inLanguage":"de","potentialAction":[{"@type":"ReadAction","target":["https:\/\/akerstroms.se\/de\/registrierung\/"]}]},{"@type":"ImageObject","inLanguage":"de","@id":"https:\/\/akerstroms.se\/de\/registrierung\/#primaryimage","url":"https:\/\/akerstroms.se\/app\/uploads\/2021\/02\/Skarmklipp1-e1615197104170.png","contentUrl":"https:\/\/akerstroms.se\/app\/uploads\/2021\/02\/Skarmklipp1-e1615197104170.png"},{"@type":"BreadcrumbList","@id":"https:\/\/akerstroms.se\/de\/registrierung\/#breadcrumb","itemListElement":[{"@type":"ListItem","position":1,"name":"Home","item":"https:\/\/akerstroms.se\/de\/"},{"@type":"ListItem","position":2,"name":"Registrierung"}]},{"@type":"WebSite","@id":"https:\/\/akerstroms.se\/#website","url":"https:\/\/akerstroms.se\/","name":"\u00c5kerstr\u00f6ms Bj\u00f6rbo","description":"Radiostyrning f\u00f6r industriella och mobila applikationer","publisher":{"@id":"https:\/\/akerstroms.se\/#organization"},"potentialAction":[{"@type":"SearchAction","target":{"@type":"EntryPoint","urlTemplate":"https:\/\/akerstroms.se\/?s={search_term_string}"},"query-input":{"@type":"PropertyValueSpecification","valueRequired":true,"valueName":"search_term_string"}}],"inLanguage":"de"},{"@type":"Organization","@id":"https:\/\/akerstroms.se\/#organization","name":"\u00c5kerstr\u00f6ms AB","url":"https:\/\/akerstroms.se\/","logo":{"@type":"ImageObject","inLanguage":"de","@id":"https:\/\/akerstroms.se\/#\/schema\/logo\/image\/","url":"https:\/\/akerstroms.se\/app\/uploads\/2021\/10\/akerstroms-logo.png","contentUrl":"https:\/\/akerstroms.se\/app\/uploads\/2021\/10\/akerstroms-logo.png","width":400,"height":86,"caption":"\u00c5kerstr\u00f6ms AB"},"image":{"@id":"https:\/\/akerstroms.se\/#\/schema\/logo\/image\/"},"sameAs":["https:\/\/www.facebook.com\/akerstroms.se","https:\/\/www.linkedin.com\/company\/akerstroms\/","https:\/\/www.youtube.com\/channel\/UC8S-jX9nA8c9qBaTlgqg1CQ"]}]}},"_links":{"self":[{"href":"https:\/\/akerstroms.se\/de\/wp-json\/wp\/v2\/pages\/10461","targetHints":{"allow":["GET"]}}],"collection":[{"href":"https:\/\/akerstroms.se\/de\/wp-json\/wp\/v2\/pages"}],"about":[{"href":"https:\/\/akerstroms.se\/de\/wp-json\/wp\/v2\/types\/page"}],"author":[{"embeddable":true,"href":"https:\/\/akerstroms.se\/de\/wp-json\/wp\/v2\/users\/1"}],"replies":[{"embeddable":true,"href":"https:\/\/akerstroms.se\/de\/wp-json\/wp\/v2\/comments?post=10461"}],"version-history":[{"count":5,"href":"https:\/\/akerstroms.se\/de\/wp-json\/wp\/v2\/pages\/10461\/revisions"}],"predecessor-version":[{"id":12644,"href":"https:\/\/akerstroms.se\/de\/wp-json\/wp\/v2\/pages\/10461\/revisions\/12644"}],"wp:attachment":[{"href":"https:\/\/akerstroms.se\/de\/wp-json\/wp\/v2\/media?parent=10461"}],"curies":[{"name":"wp","href":"https:\/\/api.w.org\/{rel}","templated":true}]}}