{"id":10460,"date":"2021-09-30T09:12:20","date_gmt":"2021-09-30T07:12:20","guid":{"rendered":"https:\/\/akerstroms.se\/garantiebedingungen\/"},"modified":"2023-08-07T11:20:22","modified_gmt":"2023-08-07T09:20:22","slug":"garantiebedingungen","status":"publish","type":"page","link":"https:\/\/akerstroms.se\/de\/garantiebedingungen\/","title":{"rendered":"Garantiebedingungen"},"content":{"rendered":"<section class=\"hero alignfull tone \" style=\"background-image: url(https:\/\/akerstroms.se\/app\/uploads\/2023\/08\/Ovako.jpg);\">\r\n        <div class=\"hero__text container\">\r\n        <h1 class=\"hero__title\">Garantiebedingungen<\/h1>\r\n                    <p class=\"hero__excerpt\">Unsere Produkte sind sorgf\u00e4ltig gepr\u00fcft und funktionieren hervorragend f\u00fcr den Einsatzzweck und in der Umgebung, f\u00fcr die sie geschaffen wurden. Doch so gr\u00fcndlich wir auch sind, kann dennoch beim Herstellungsprozess ein Fehler geschehen. Wir wollen unseren Kunden die bestm\u00f6gliche Benutzererfahrung sicherstellen. Daher gelten in Skandinavien die Lieferbedingungen NL09 und NPV09 sowie in anderen L\u00e4ndern die Lieferbedingungen Orgalime S2012 und SW 14, wobei die Garantien gem\u00e4\u00df den hier aufgef\u00fchrten Angaben gelten.<\/p>\r\n            <\/div>\r\n<\/section>\r\n\n\n\n<div style=\"height:50px\" aria-hidden=\"true\" class=\"wp-block-spacer\"><\/div>\n\n\n\n<h3 class=\"wp-block-heading\" id=\"h-allgemeine-lieferbedingungen\">Allgemeine Lieferbedingungen<\/h3>\n\n\n\n<p>Die Produkte der \u00c5kerstr\u00f6ms Bj\u00f6rbo AB sind gegen Material- und Herstellungsfehler durch eine Garantie abgesichert. In Skandinavien gelten die Lieferbedingungen NL09 und NPV09, in anderen L\u00e4ndern die Lieferbedingungen Orgalime S2012 und SW&nbsp;14, wobei die Garantien gem\u00e4\u00df den hier aufgef\u00fchrten Angaben gelten. Sofern es besondere Bestimmungen oder Vereinbarungen gibt, haben diese Vorrang.<br><br>Reklamationen m\u00fcssen unverz\u00fcglich schriftlich mitgeteilt werden und eine Beschreibung dar\u00fcber enthalten, wann und wie der Fehler erstmalig aufgetreten ist; au\u00dferdem sind Ihre Kontaktdaten sowie unsere Auftragsnummer und die Seriennummer oder Liefernummer (Art.-Nr.) des Produkts anzugeben. Produkte sind zur Beurteilung grunds\u00e4tzlich an die \u00c5kerstr\u00f6ms Bj\u00f6rbo AB zur\u00fcckzusenden, falls nichts anderes angegeben wird.<br><br>W\u00e4hrend der Garantiezeit beh\u00e4lt sich die \u00c5kerstr\u00f6ms Bj\u00f6rbo AB das Recht vor, das Produkt zu reparieren, zu ersetzen oder einen Betrag vollst\u00e4ndig\/teilweise gutzuschreiben, der dem zum Kaufzeitpunkt geltenden Preis entspricht.<br><br>Die Garantiebedingungen gelten ab dem Tag, an dem die Lieferung des Produkts EXW \u00c5kerstr\u00f6ms Bj\u00f6rbo AB gem\u00e4\u00df Incoterms 2011 erfolgte.<\/p>\n\n\n\n<div style=\"height:50px\" aria-hidden=\"true\" class=\"wp-block-spacer\"><\/div>\n\n\n\n<figure class=\"wp-block-table is-style-stripes\"><table><thead><tr><th class=\"has-text-align-left\" data-align=\"left\">Produktkategorie<\/th><th class=\"has-text-align-right\" data-align=\"right\">Garantiezeit<\/th><\/tr><\/thead><tbody><tr><td class=\"has-text-align-left\" data-align=\"left\">\u00c5kerstr\u00f6ms-Funksysteme Remotus oder einzelne Sender und\/oder Empf\u00e4nger<\/td><td class=\"has-text-align-right\" data-align=\"right\">2 Jahre<\/td><\/tr><tr><td class=\"has-text-align-left\" data-align=\"left\">Verschlei\u00dfteile* f\u00fcr Funksysteme<\/td><td class=\"has-text-align-right\" data-align=\"right\">1 Jahr<\/td><\/tr><tr><td class=\"has-text-align-left\" data-align=\"left\">\u00c5kerstr\u00f6ms-Funksysteme Sesam oder einzelne Sender und\/oder Empf\u00e4nger<\/td><td class=\"has-text-align-right\" data-align=\"right\">2 Jahre<\/td><\/tr><\/tbody><\/table><\/figure>\n\n\n\n<div style=\"height:50px\" aria-hidden=\"true\" class=\"wp-block-spacer\"><\/div>\n\n\n\n<p><strong>* Verschlei\u00dfteile umfassen folgende Elemente:<\/strong><\/p>\n\n\n\n<ul class=\"wp-block-list\">\n<li>Antennen<\/li>\n\n\n\n<li>Akkus<\/li>\n\n\n\n<li>Dichtungen<\/li>\n\n\n\n<li>Gummib\u00e4lge<\/li>\n\n\n\n<li>Kippschalter<\/li>\n\n\n\n<li>Druckschalter\/-taster<\/li>\n\n\n\n<li>Schl\u00fcsselschalter<\/li>\n\n\n\n<li>Taschen, Gurte, Befestigungen\/Gurtclips und Halterungen<\/li>\n<\/ul>\n\n\n\n<div style=\"height:40px\" aria-hidden=\"true\" class=\"wp-block-spacer\"><\/div>\n\n\n\n<h3 class=\"wp-block-heading\" id=\"h-garantier-t-cker-inte\">Nicht von Garantien abgedeckt:<\/h3>\n\n\n\n<ul class=\"wp-block-list\">\n<li>Fehler, die auf falsche Anwendung oder Installation zur\u00fcckzuf\u00fchren sind, einschlie\u00dflich solcher Sch\u00e4den, die durch Fallenlassen des Produkts oder andere physische Einwirkungen entstanden sind.<\/li>\n\n\n\n<li>Fehler, die aufgrund \u00fcberm\u00e4\u00dfigen Verschlei\u00dfes aufgetreten sind. Die Garantie kann auch dadurch eingeschr\u00e4nkt werden, dass das Produkt in ungeeigneter Umgebung verwendet wurde (beispielsweise einer korrosiven\/\u00e4tzenden, feuchten, staubigen oder von Meerwasser gepr\u00e4gten Umgebung oder in einer k\u00e4lteren und\/oder w\u00e4rmeren Umgebung als im Temperaturintervall angegeben).<\/li>\n\n\n\n<li>Fehler, die aufgrund mangelnder Wartung aufgetreten sind.<\/li>\n\n\n\n<li>Fehler, die auf defekte Gummib\u00e4lge, Dichtungen, Gummikappen zur\u00fcckzuf\u00fchren sind, wie Feuchtigkeits- und Wassersch\u00e4den.<\/li>\n\n\n\n<li>Fehler, die auf die Anwendung falscher oder nicht spezifizierter Batterien\/Akkus zur\u00fcckzuf\u00fchren sind;<\/li>\n\n\n\n<li>Produkte, die ohne Genehmigung von \u00c5kerstr\u00f6ms ver\u00e4ndert oder bei denen nicht genehmigte Komponenten verwendet worden sind.<\/li>\n\n\n\n<li>Geltendmachung beim Vorliegen unbezahlter Rechnungen.<\/li>\n<\/ul>\n\n\n\n<div style=\"height:50px\" aria-hidden=\"true\" class=\"wp-block-spacer\"><\/div>\n\n\n\n<h3 class=\"wp-block-heading\" id=\"h-kontakt\">Kontakt<\/h3>\n\n\n\n<p>Zu Produkten, die im Fachhandel erworben wurden, wird in erster Linie an diesen verwiesen, alternativ an die Vertriebsabteilung von \u00c5kerstr\u00f6ms.&nbsp;<\/p>\n\n\n\n<p><strong><a href=\"https:\/\/akerstroms.se\/de\/kontakt-2\/#frontoffice\">Frontoffice<\/a><\/strong><\/p>\n\n\n\n<p>Tel. (Durchwahl): <strong>+46 241 250-70<\/strong><br>Mail: <a href=\"mailto:frontoffice@akerstroms.se?subject=&amp;body=\" target=\"_blank\" rel=\"noreferrer noopener\">frontoffice@akerstroms.se<\/a><\/p>\n\n\n\n<div style=\"height:40px\" aria-hidden=\"true\" class=\"wp-block-spacer\"><\/div>\n\n\n\n<div class=\"wp-block-cover alignfull is-light\"><span aria-hidden=\"true\" class=\"wp-block-cover__background has-background-dim-100 has-background-dim\" style=\"background-color:#ef7f00\"><\/span><div class=\"wp-block-cover__inner-container is-layout-flow wp-block-cover-is-layout-flow\">\n<h2 class=\"wp-block-heading has-text-align-center has-black-color has-text-color\" id=\"h-haben-sie-fragen-rufen-sie-an-oder-mailen-sie-uns\">Haben Sie <strong>Fragen?<\/strong><br>Rufen Sie an, oder mailen Sie uns.<\/h2>\n\n\n\n<div style=\"height:20px\" aria-hidden=\"true\" class=\"wp-block-spacer\"><\/div>\n\n\n\n<div class=\"wp-block-buttons is-horizontal is-content-justification-center is-layout-flex wp-container-core-buttons-is-layout-499968f5 wp-block-buttons-is-layout-flex\">\n<div class=\"wp-block-button wp-block-buttons is-content-justification-center\"><a class=\"wp-block-button__link has-white-color has-black-background-color has-text-color has-background wp-element-button\" href=\"https:\/\/akerstroms.se\/de\/kontakt-2\/#frontoffice\" style=\"border-radius:3px\">KONTAKTIEREN SIE UNS<\/a><\/div>\n<\/div>\n<\/div><\/div>\n\n\n\n<div style=\"height:30px\" aria-hidden=\"true\" class=\"wp-block-spacer\"><\/div>\n","protected":false},"excerpt":{"rendered":"<p>Allgemeine Lieferbedingungen Die Produkte der \u00c5kerstr\u00f6ms Bj\u00f6rbo AB sind gegen Material- und Herstellungsfehler durch eine Garantie abgesichert. In Skandinavien gelten die Lieferbedingungen NL09 und NPV09,&#8230;<\/p>\n","protected":false},"author":1,"featured_media":0,"parent":0,"menu_order":0,"comment_status":"closed","ping_status":"closed","template":"templates\/page-text-page.php","meta":{"_acf_changed":false,"footnotes":""},"class_list":["post-10460","page","type-page","status-publish","hentry"],"acf":[],"yoast_head":"<!-- This site is optimized with the Yoast SEO plugin v27.4 - https:\/\/yoast.com\/product\/yoast-seo-wordpress\/ -->\n<title>Garantiebedingungen - \u00c5kerstr\u00f6ms Bj\u00f6rbo<\/title>\n<meta name=\"robots\" content=\"index, follow, max-snippet:-1, max-image-preview:large, max-video-preview:-1\" \/>\n<link rel=\"canonical\" href=\"https:\/\/akerstroms.se\/de\/garantiebedingungen\/\" \/>\n<meta property=\"og:locale\" content=\"de_DE\" \/>\n<meta property=\"og:type\" content=\"article\" \/>\n<meta property=\"og:title\" content=\"Garantiebedingungen - \u00c5kerstr\u00f6ms Bj\u00f6rbo\" \/>\n<meta property=\"og:description\" content=\"Allgemeine Lieferbedingungen Die Produkte der \u00c5kerstr\u00f6ms Bj\u00f6rbo AB sind gegen Material- und Herstellungsfehler durch eine Garantie abgesichert. In Skandinavien gelten die Lieferbedingungen NL09 und NPV09,...\" \/>\n<meta property=\"og:url\" content=\"https:\/\/akerstroms.se\/de\/garantiebedingungen\/\" \/>\n<meta property=\"og:site_name\" content=\"\u00c5kerstr\u00f6ms Bj\u00f6rbo\" \/>\n<meta property=\"article:publisher\" content=\"https:\/\/www.facebook.com\/akerstroms.se\" \/>\n<meta property=\"article:modified_time\" content=\"2023-08-07T09:20:22+00:00\" \/>\n<meta property=\"og:image\" content=\"https:\/\/akerstroms.se\/app\/uploads\/2021\/09\/Akerstroms-remote-controls.jpg\" \/>\n\t<meta property=\"og:image:width\" content=\"1200\" \/>\n\t<meta property=\"og:image:height\" content=\"675\" \/>\n\t<meta property=\"og:image:type\" content=\"image\/jpeg\" \/>\n<meta name=\"twitter:card\" content=\"summary_large_image\" \/>\n<meta name=\"twitter:label1\" content=\"Gesch\u00e4tzte Lesezeit\" \/>\n\t<meta name=\"twitter:data1\" content=\"2\u00a0Minuten\" \/>\n<script type=\"application\/ld+json\" class=\"yoast-schema-graph\">{\"@context\":\"https:\\\/\\\/schema.org\",\"@graph\":[{\"@type\":\"WebPage\",\"@id\":\"https:\\\/\\\/akerstroms.se\\\/de\\\/garantiebedingungen\\\/\",\"url\":\"https:\\\/\\\/akerstroms.se\\\/de\\\/garantiebedingungen\\\/\",\"name\":\"Garantiebedingungen - \u00c5kerstr\u00f6ms Bj\u00f6rbo\",\"isPartOf\":{\"@id\":\"https:\\\/\\\/akerstroms.se\\\/#website\"},\"datePublished\":\"2021-09-30T07:12:20+00:00\",\"dateModified\":\"2023-08-07T09:20:22+00:00\",\"breadcrumb\":{\"@id\":\"https:\\\/\\\/akerstroms.se\\\/de\\\/garantiebedingungen\\\/#breadcrumb\"},\"inLanguage\":\"de\",\"potentialAction\":[{\"@type\":\"ReadAction\",\"target\":[\"https:\\\/\\\/akerstroms.se\\\/de\\\/garantiebedingungen\\\/\"]}]},{\"@type\":\"BreadcrumbList\",\"@id\":\"https:\\\/\\\/akerstroms.se\\\/de\\\/garantiebedingungen\\\/#breadcrumb\",\"itemListElement\":[{\"@type\":\"ListItem\",\"position\":1,\"name\":\"Home\",\"item\":\"https:\\\/\\\/akerstroms.se\\\/de\\\/\"},{\"@type\":\"ListItem\",\"position\":2,\"name\":\"Garantiebedingungen\"}]},{\"@type\":\"WebSite\",\"@id\":\"https:\\\/\\\/akerstroms.se\\\/#website\",\"url\":\"https:\\\/\\\/akerstroms.se\\\/\",\"name\":\"\u00c5kerstr\u00f6ms Bj\u00f6rbo\",\"description\":\"Radiostyrning f\u00f6r industriella och mobila applikationer\",\"publisher\":{\"@id\":\"https:\\\/\\\/akerstroms.se\\\/#organization\"},\"potentialAction\":[{\"@type\":\"SearchAction\",\"target\":{\"@type\":\"EntryPoint\",\"urlTemplate\":\"https:\\\/\\\/akerstroms.se\\\/?s={search_term_string}\"},\"query-input\":{\"@type\":\"PropertyValueSpecification\",\"valueRequired\":true,\"valueName\":\"search_term_string\"}}],\"inLanguage\":\"de\"},{\"@type\":\"Organization\",\"@id\":\"https:\\\/\\\/akerstroms.se\\\/#organization\",\"name\":\"\u00c5kerstr\u00f6ms AB\",\"url\":\"https:\\\/\\\/akerstroms.se\\\/\",\"logo\":{\"@type\":\"ImageObject\",\"inLanguage\":\"de\",\"@id\":\"https:\\\/\\\/akerstroms.se\\\/#\\\/schema\\\/logo\\\/image\\\/\",\"url\":\"https:\\\/\\\/akerstroms.se\\\/app\\\/uploads\\\/2021\\\/10\\\/akerstroms-logo.png\",\"contentUrl\":\"https:\\\/\\\/akerstroms.se\\\/app\\\/uploads\\\/2021\\\/10\\\/akerstroms-logo.png\",\"width\":400,\"height\":86,\"caption\":\"\u00c5kerstr\u00f6ms AB\"},\"image\":{\"@id\":\"https:\\\/\\\/akerstroms.se\\\/#\\\/schema\\\/logo\\\/image\\\/\"},\"sameAs\":[\"https:\\\/\\\/www.facebook.com\\\/akerstroms.se\",\"https:\\\/\\\/www.linkedin.com\\\/company\\\/akerstroms\\\/\",\"https:\\\/\\\/www.youtube.com\\\/channel\\\/UC8S-jX9nA8c9qBaTlgqg1CQ\"]}]}<\/script>\n<!-- \/ Yoast SEO plugin. -->","yoast_head_json":{"title":"Garantiebedingungen - \u00c5kerstr\u00f6ms Bj\u00f6rbo","robots":{"index":"index","follow":"follow","max-snippet":"max-snippet:-1","max-image-preview":"max-image-preview:large","max-video-preview":"max-video-preview:-1"},"canonical":"https:\/\/akerstroms.se\/de\/garantiebedingungen\/","og_locale":"de_DE","og_type":"article","og_title":"Garantiebedingungen - \u00c5kerstr\u00f6ms Bj\u00f6rbo","og_description":"Allgemeine Lieferbedingungen Die Produkte der \u00c5kerstr\u00f6ms Bj\u00f6rbo AB sind gegen Material- und Herstellungsfehler durch eine Garantie abgesichert. In Skandinavien gelten die Lieferbedingungen NL09 und NPV09,...","og_url":"https:\/\/akerstroms.se\/de\/garantiebedingungen\/","og_site_name":"\u00c5kerstr\u00f6ms Bj\u00f6rbo","article_publisher":"https:\/\/www.facebook.com\/akerstroms.se","article_modified_time":"2023-08-07T09:20:22+00:00","og_image":[{"width":1200,"height":675,"url":"https:\/\/akerstroms.se\/app\/uploads\/2021\/09\/Akerstroms-remote-controls.jpg","type":"image\/jpeg"}],"twitter_card":"summary_large_image","twitter_misc":{"Gesch\u00e4tzte Lesezeit":"2\u00a0Minuten"},"schema":{"@context":"https:\/\/schema.org","@graph":[{"@type":"WebPage","@id":"https:\/\/akerstroms.se\/de\/garantiebedingungen\/","url":"https:\/\/akerstroms.se\/de\/garantiebedingungen\/","name":"Garantiebedingungen - \u00c5kerstr\u00f6ms Bj\u00f6rbo","isPartOf":{"@id":"https:\/\/akerstroms.se\/#website"},"datePublished":"2021-09-30T07:12:20+00:00","dateModified":"2023-08-07T09:20:22+00:00","breadcrumb":{"@id":"https:\/\/akerstroms.se\/de\/garantiebedingungen\/#breadcrumb"},"inLanguage":"de","potentialAction":[{"@type":"ReadAction","target":["https:\/\/akerstroms.se\/de\/garantiebedingungen\/"]}]},{"@type":"BreadcrumbList","@id":"https:\/\/akerstroms.se\/de\/garantiebedingungen\/#breadcrumb","itemListElement":[{"@type":"ListItem","position":1,"name":"Home","item":"https:\/\/akerstroms.se\/de\/"},{"@type":"ListItem","position":2,"name":"Garantiebedingungen"}]},{"@type":"WebSite","@id":"https:\/\/akerstroms.se\/#website","url":"https:\/\/akerstroms.se\/","name":"\u00c5kerstr\u00f6ms Bj\u00f6rbo","description":"Radiostyrning f\u00f6r industriella och mobila applikationer","publisher":{"@id":"https:\/\/akerstroms.se\/#organization"},"potentialAction":[{"@type":"SearchAction","target":{"@type":"EntryPoint","urlTemplate":"https:\/\/akerstroms.se\/?s={search_term_string}"},"query-input":{"@type":"PropertyValueSpecification","valueRequired":true,"valueName":"search_term_string"}}],"inLanguage":"de"},{"@type":"Organization","@id":"https:\/\/akerstroms.se\/#organization","name":"\u00c5kerstr\u00f6ms AB","url":"https:\/\/akerstroms.se\/","logo":{"@type":"ImageObject","inLanguage":"de","@id":"https:\/\/akerstroms.se\/#\/schema\/logo\/image\/","url":"https:\/\/akerstroms.se\/app\/uploads\/2021\/10\/akerstroms-logo.png","contentUrl":"https:\/\/akerstroms.se\/app\/uploads\/2021\/10\/akerstroms-logo.png","width":400,"height":86,"caption":"\u00c5kerstr\u00f6ms AB"},"image":{"@id":"https:\/\/akerstroms.se\/#\/schema\/logo\/image\/"},"sameAs":["https:\/\/www.facebook.com\/akerstroms.se","https:\/\/www.linkedin.com\/company\/akerstroms\/","https:\/\/www.youtube.com\/channel\/UC8S-jX9nA8c9qBaTlgqg1CQ"]}]}},"_links":{"self":[{"href":"https:\/\/akerstroms.se\/de\/wp-json\/wp\/v2\/pages\/10460","targetHints":{"allow":["GET"]}}],"collection":[{"href":"https:\/\/akerstroms.se\/de\/wp-json\/wp\/v2\/pages"}],"about":[{"href":"https:\/\/akerstroms.se\/de\/wp-json\/wp\/v2\/types\/page"}],"author":[{"embeddable":true,"href":"https:\/\/akerstroms.se\/de\/wp-json\/wp\/v2\/users\/1"}],"replies":[{"embeddable":true,"href":"https:\/\/akerstroms.se\/de\/wp-json\/wp\/v2\/comments?post=10460"}],"version-history":[{"count":12,"href":"https:\/\/akerstroms.se\/de\/wp-json\/wp\/v2\/pages\/10460\/revisions"}],"predecessor-version":[{"id":18889,"href":"https:\/\/akerstroms.se\/de\/wp-json\/wp\/v2\/pages\/10460\/revisions\/18889"}],"wp:attachment":[{"href":"https:\/\/akerstroms.se\/de\/wp-json\/wp\/v2\/media?parent=10460"}],"curies":[{"name":"wp","href":"https:\/\/api.w.org\/{rel}","templated":true}]}}