{"id":10456,"date":"2021-09-30T09:11:57","date_gmt":"2021-09-30T07:11:57","guid":{"rendered":"https:\/\/akerstroms.se\/fahrzeuge-und-aufbauten\/"},"modified":"2025-08-15T11:44:25","modified_gmt":"2025-08-15T09:44:25","slug":"fahrzeuge-und-aufbauten","status":"publish","type":"page","link":"https:\/\/akerstroms.se\/de\/fahrzeuge-und-aufbauten\/","title":{"rendered":"Fahrzeuge und Aufbauten"},"content":{"rendered":"<section class=\"hero alignfull  \" style=\"background-image: url(https:\/\/akerstroms.se\/app\/uploads\/2023\/08\/Spolbil_web-2022.png);\">\r\n        <div class=\"hero__text container\">\r\n        <h1 class=\"hero__title\">Fahrzeuge und Aufbauten<\/h1>\r\n                    <p class=\"hero__excerpt\">Schlammsaugfahrzeuge, Abschleppwagen, Seitenlader, Hackschnitzeltransporter, Abrollkipper, Anh\u00e4nger usw.<\/p>\r\n            <\/div>\r\n<\/section>\r\n\n\n\n<div style=\"height:50px\" aria-hidden=\"true\" class=\"wp-block-spacer\"><\/div>\n\n\n\n<h2 class=\"wp-block-heading has-text-align-center\" id=\"h-m-helose-bedienung-aus-sicherem-abstand\">M\u00fchelose Bedienung aus sicherem Abstand <\/h2>\n\n\n\n<p class=\"has-text-align-center\">Der F\u00fchrer eines Arbeitsfahrzeugs \u2013 zum Beispiel Schlammsaugfahrzeug, Abschleppwagen, Fahrzeuganh\u00e4nger, Containerfahrzeug oder Abrollkipper \u2013 muss seine Arbeit so sicher und kontrolliert wie m\u00f6glich ausf\u00fchren k\u00f6nnen. Mit einer Funksteuerung erfolgen die Arbeitsvorg\u00e4nge bequem per Tastendruck oder Joystickregelung \u00fcber einen Funksender, der entweder in der Hand gehalten oder an einem Beckengurt getragen wird. Kabelgewirr oder eine stehende Ausf\u00fchrung der Arbeit an einem festen Bedienfeld im Fahrzeug geh\u00f6ren der Vergangenheit an. Sie k\u00f6nnen sich frei bewegen und daher die Arbeitsvorg\u00e4nge aus sicherem Abstand und mit gutem \u00dcberblick durchf\u00fchren.<br><br>Auf Basis unseres Know-hows, enger Kundenbeziehungen und unserer Erfahrung mit verschiedensten L\u00f6sungen mit Kraftfahrzeugen haben wir unsere Systeme hinsichtlich Zuverl\u00e4ssigkeit und Benutzerfreundlichkeit optimiert. Wir haben ein offenes Ohr f\u00fcr Ihre Bed\u00fcrfnisse und erstellen eine L\u00f6sung, die f\u00fcr Sie ma\u00dfgeschneidert ist. Unsere Systeme sind robust und darauf ausgelegt, auch unter rauen Bedingungen im Au\u00dfengel\u00e4nde und bei gro\u00dfen Temperaturschwankungen zu funktionieren. <br>Wir sorgen daf\u00fcr, dass Sie als Fahrzeughalter, Arbeitgeber und Fahrer Ihre Arbeit zuverl\u00e4ssig so m\u00fchelos und sicher wie m\u00f6glich ausf\u00fchren k\u00f6nnen. <\/p>\n\n\n\n<div style=\"height:60px\" aria-hidden=\"true\" class=\"wp-block-spacer\"><\/div>\n\n\n\n<h3 class=\"wp-block-heading\" id=\"h-passende-produkte\">Passende Produkte<\/h3>\n\n\n<section class=\"products_module woocommerce slide\" data-post-type=\"product\">\r\n                                                            <div class=\"products flex-row-wrapper glide-products\">\r\n                        <div class=\"glide__track\" data-glide-el=\"track\">\r\n                        <div class=\"glide__slides\" id=\"product_container\">\r\n                                            <div class=\"glide__slide\">\r\n                            <li class=\"product type-product post-9728 status-publish first instock product_cat-empfanger-de-2 product_cat-sesam-de product_tag-fahrzeuge-und-aufbauten-de product_tag-ladebordwande-de product_tag-pumpen-de product_tag-sonstige-steuerungen-de product_tag-winden-de has-post-thumbnail shipping-taxable product-type-simple\">\n\t<a href=\"https:\/\/akerstroms.se\/de\/produkt\/sesam-800-mobile-rx\/\" class=\"woocommerce-LoopProduct-link woocommerce-loop-product__link\"><div class='img-container'><img loading=\"lazy\" decoding=\"async\" width=\"300\" height=\"446\" src=\"https:\/\/akerstroms.se\/app\/uploads\/2021\/05\/Sesam-800-Mobile-RX-300x446.jpg\" class=\"attachment-woocommerce_thumbnail size-woocommerce_thumbnail\" alt=\"Sesam 800 Mobile RX\" srcset=\"https:\/\/akerstroms.se\/app\/uploads\/2021\/05\/Sesam-800-Mobile-RX-300x446.jpg 300w, https:\/\/akerstroms.se\/app\/uploads\/2021\/05\/Sesam-800-Mobile-RX-600x893.jpg 600w, https:\/\/akerstroms.se\/app\/uploads\/2021\/05\/Sesam-800-Mobile-RX-250x372.jpg 250w, https:\/\/akerstroms.se\/app\/uploads\/2021\/05\/Sesam-800-Mobile-RX-700x1042.jpg 700w, https:\/\/akerstroms.se\/app\/uploads\/2021\/05\/Sesam-800-Mobile-RX-768x1143.jpg 768w, https:\/\/akerstroms.se\/app\/uploads\/2021\/05\/Sesam-800-Mobile-RX-120x179.jpg 120w, https:\/\/akerstroms.se\/app\/uploads\/2021\/05\/Sesam-800-Mobile-RX-540x804.jpg 540w, https:\/\/akerstroms.se\/app\/uploads\/2021\/05\/Sesam-800-Mobile-RX.jpg 930w\" sizes=\"auto, (max-width: 300px) 100vw, 300px\" \/><\/div><h2 class=\"woocommerce-loop-product__title\">Sesam 800 Mobile RX<\/h2><\/a><div class=\"product-loop-item-info\"><\/div><\/li>\n<\/div>                        <div class=\"glide__slide\">\r\n                            <li class=\"product type-product post-9854 status-publish instock product_cat-empfanger-de product_cat-remotus-de product_tag-fahrzeuge-und-aufbauten-de product_tag-hafen-und-fahren-de product_tag-maschinen-de product_tag-winden-de has-post-thumbnail product-type-simple\">\n\t<a href=\"https:\/\/akerstroms.se\/de\/produkt\/remotus-t-rx-1500\/\" class=\"woocommerce-LoopProduct-link woocommerce-loop-product__link\"><div class='img-container'><img loading=\"lazy\" decoding=\"async\" width=\"300\" height=\"400\" src=\"https:\/\/akerstroms.se\/app\/uploads\/2021\/05\/T-RX1500-2-300x400.jpg\" class=\"attachment-woocommerce_thumbnail size-woocommerce_thumbnail\" alt=\"Remotus T-RX1500\" srcset=\"https:\/\/akerstroms.se\/app\/uploads\/2021\/05\/T-RX1500-2-300x400.jpg 300w, https:\/\/akerstroms.se\/app\/uploads\/2021\/05\/T-RX1500-2-600x800.jpg 600w, https:\/\/akerstroms.se\/app\/uploads\/2021\/05\/T-RX1500-2-250x333.jpg 250w, https:\/\/akerstroms.se\/app\/uploads\/2021\/05\/T-RX1500-2-700x933.jpg 700w, https:\/\/akerstroms.se\/app\/uploads\/2021\/05\/T-RX1500-2-768x1024.jpg 768w, https:\/\/akerstroms.se\/app\/uploads\/2021\/05\/T-RX1500-2-120x160.jpg 120w, https:\/\/akerstroms.se\/app\/uploads\/2021\/05\/T-RX1500-2-540x720.jpg 540w, https:\/\/akerstroms.se\/app\/uploads\/2021\/05\/T-RX1500-2.jpg 930w\" sizes=\"auto, (max-width: 300px) 100vw, 300px\" \/><\/div><h2 class=\"woocommerce-loop-product__title\">Remotus T-RX 1500<\/h2><\/a><div class=\"product-loop-item-info\"><\/div><\/li>\n<\/div>                        <div class=\"glide__slide\">\r\n                            <li class=\"product type-product post-9708 status-publish instock product_cat-beckengurtsender-de product_cat-remotus-de product_tag-fahrzeuge-und-aufbauten-de product_tag-hafen-und-fahren-de product_tag-krane-und-hebebuhnen-de product_tag-maschinen-de product_tag-pumpen-de product_tag-winden-de has-post-thumbnail product-type-simple\">\n\t<a href=\"https:\/\/akerstroms.se\/de\/produkt\/remotus-500jd\/\" class=\"woocommerce-LoopProduct-link woocommerce-loop-product__link\"><div class='img-container'><img loading=\"lazy\" decoding=\"async\" width=\"300\" height=\"400\" src=\"https:\/\/akerstroms.se\/app\/uploads\/2021\/04\/Remotus-500-1-300x400.jpg\" class=\"attachment-woocommerce_thumbnail size-woocommerce_thumbnail\" alt=\"Remotus 500 Beckengurtsender\" srcset=\"https:\/\/akerstroms.se\/app\/uploads\/2021\/04\/Remotus-500-1-300x400.jpg 300w, https:\/\/akerstroms.se\/app\/uploads\/2021\/04\/Remotus-500-1-600x800.jpg 600w, https:\/\/akerstroms.se\/app\/uploads\/2021\/04\/Remotus-500-1-250x333.jpg 250w, https:\/\/akerstroms.se\/app\/uploads\/2021\/04\/Remotus-500-1-700x933.jpg 700w, https:\/\/akerstroms.se\/app\/uploads\/2021\/04\/Remotus-500-1-768x1024.jpg 768w, https:\/\/akerstroms.se\/app\/uploads\/2021\/04\/Remotus-500-1-120x160.jpg 120w, https:\/\/akerstroms.se\/app\/uploads\/2021\/04\/Remotus-500-1-540x720.jpg 540w, https:\/\/akerstroms.se\/app\/uploads\/2021\/04\/Remotus-500-1.jpg 930w\" sizes=\"auto, (max-width: 300px) 100vw, 300px\" \/><\/div><h2 class=\"woocommerce-loop-product__title\">Remotus 500JD<\/h2><\/a><div class=\"product-loop-item-info\"><\/div><\/li>\n<\/div>                        <div class=\"glide__slide\">\r\n                            <li class=\"product type-product post-9705 status-publish last instock product_cat-beckengurtsender-de product_cat-remotus-de product_tag-fahrzeuge-und-aufbauten-de product_tag-hafen-und-fahren-de product_tag-krane-und-hebebuhnen-de product_tag-maschinen-de product_tag-pumpen-de product_tag-winden-de has-post-thumbnail product-type-simple\">\n\t<a href=\"https:\/\/akerstroms.se\/de\/produkt\/remotus-300jd\/\" class=\"woocommerce-LoopProduct-link woocommerce-loop-product__link\"><div class='img-container'><img loading=\"lazy\" decoding=\"async\" width=\"300\" height=\"400\" src=\"https:\/\/akerstroms.se\/app\/uploads\/2021\/04\/Remotus-300JD-1-300x400.jpg\" class=\"attachment-woocommerce_thumbnail size-woocommerce_thumbnail\" alt=\"Remotus 300JD\" srcset=\"https:\/\/akerstroms.se\/app\/uploads\/2021\/04\/Remotus-300JD-1-300x400.jpg 300w, https:\/\/akerstroms.se\/app\/uploads\/2021\/04\/Remotus-300JD-1-600x800.jpg 600w, https:\/\/akerstroms.se\/app\/uploads\/2021\/04\/Remotus-300JD-1-250x333.jpg 250w, https:\/\/akerstroms.se\/app\/uploads\/2021\/04\/Remotus-300JD-1-700x933.jpg 700w, https:\/\/akerstroms.se\/app\/uploads\/2021\/04\/Remotus-300JD-1-768x1024.jpg 768w, https:\/\/akerstroms.se\/app\/uploads\/2021\/04\/Remotus-300JD-1-120x160.jpg 120w, https:\/\/akerstroms.se\/app\/uploads\/2021\/04\/Remotus-300JD-1-540x720.jpg 540w, https:\/\/akerstroms.se\/app\/uploads\/2021\/04\/Remotus-300JD-1.jpg 930w\" sizes=\"auto, (max-width: 300px) 100vw, 300px\" \/><\/div><h2 class=\"woocommerce-loop-product__title\">Remotus 300JD<\/h2><\/a><div class=\"product-loop-item-info\"><\/div><\/li>\n<\/div>                        <div class=\"glide__slide\">\r\n                            <li class=\"product type-product post-9861 status-publish first instock product_cat-handsender-de product_cat-remotus-de product_tag-fahrzeuge-und-aufbauten-de product_tag-hafen-und-fahren-de product_tag-maschinen-de product_tag-winden-de has-post-thumbnail product-type-simple\">\n\t<a href=\"https:\/\/akerstroms.se\/de\/produkt\/remotus-28jbd\/\" class=\"woocommerce-LoopProduct-link woocommerce-loop-product__link\"><div class='img-container'><img loading=\"lazy\" decoding=\"async\" width=\"300\" height=\"410\" src=\"https:\/\/akerstroms.se\/app\/uploads\/2021\/04\/Remotus-28JBD-300x410.jpg\" class=\"attachment-woocommerce_thumbnail size-woocommerce_thumbnail\" alt=\"Remotus 28JBD\" srcset=\"https:\/\/akerstroms.se\/app\/uploads\/2021\/04\/Remotus-28JBD-300x410.jpg 300w, https:\/\/akerstroms.se\/app\/uploads\/2021\/04\/Remotus-28JBD-600x820.jpg 600w, https:\/\/akerstroms.se\/app\/uploads\/2021\/04\/Remotus-28JBD-250x342.jpg 250w, https:\/\/akerstroms.se\/app\/uploads\/2021\/04\/Remotus-28JBD-700x957.jpg 700w, https:\/\/akerstroms.se\/app\/uploads\/2021\/04\/Remotus-28JBD-768x1050.jpg 768w, https:\/\/akerstroms.se\/app\/uploads\/2021\/04\/Remotus-28JBD-120x164.jpg 120w, https:\/\/akerstroms.se\/app\/uploads\/2021\/04\/Remotus-28JBD-540x738.jpg 540w, https:\/\/akerstroms.se\/app\/uploads\/2021\/04\/Remotus-28JBD.jpg 930w\" sizes=\"auto, (max-width: 300px) 100vw, 300px\" \/><\/div><h2 class=\"woocommerce-loop-product__title\">Remotus 28JBD<\/h2><\/a><div class=\"product-loop-item-info\"><\/div><\/li>\n<\/div>                        <div class=\"glide__slide\">\r\n                            <li class=\"product type-product post-9702 status-publish instock product_cat-beckengurtsender-de product_cat-remotus-de product_tag-fahrzeuge-und-aufbauten-de product_tag-krane-und-hebebuhnen-de product_tag-maschinen-de has-post-thumbnail product-type-simple\">\n\t<a href=\"https:\/\/akerstroms.se\/de\/produkt\/remotus-era-100\/\" class=\"woocommerce-LoopProduct-link woocommerce-loop-product__link\"><div class='img-container'><img loading=\"lazy\" decoding=\"async\" width=\"300\" height=\"400\" src=\"https:\/\/akerstroms.se\/app\/uploads\/2021\/04\/Mercury-Era-100-300x400.jpg\" class=\"attachment-woocommerce_thumbnail size-woocommerce_thumbnail\" alt=\"Mercury ERA 100\" srcset=\"https:\/\/akerstroms.se\/app\/uploads\/2021\/04\/Mercury-Era-100-300x400.jpg 300w, https:\/\/akerstroms.se\/app\/uploads\/2021\/04\/Mercury-Era-100-600x800.jpg 600w, https:\/\/akerstroms.se\/app\/uploads\/2021\/04\/Mercury-Era-100-250x333.jpg 250w, https:\/\/akerstroms.se\/app\/uploads\/2021\/04\/Mercury-Era-100-700x933.jpg 700w, https:\/\/akerstroms.se\/app\/uploads\/2021\/04\/Mercury-Era-100-768x1024.jpg 768w, https:\/\/akerstroms.se\/app\/uploads\/2021\/04\/Mercury-Era-100-120x160.jpg 120w, https:\/\/akerstroms.se\/app\/uploads\/2021\/04\/Mercury-Era-100-540x720.jpg 540w, https:\/\/akerstroms.se\/app\/uploads\/2021\/04\/Mercury-Era-100.jpg 930w\" sizes=\"auto, (max-width: 300px) 100vw, 300px\" \/><\/div><h2 class=\"woocommerce-loop-product__title\">Remotus ERA 100<\/h2><\/a><div class=\"product-loop-item-info\"><\/div><\/li>\n<\/div>                        <div class=\"glide__slide\">\r\n                            <li class=\"product type-product post-9852 status-publish instock product_cat-empfanger-de product_cat-remotus-de product_tag-fahrzeuge-und-aufbauten-de product_tag-hafen-und-fahren-de product_tag-maschinen-de product_tag-winden-de has-post-thumbnail product-type-simple\">\n\t<a href=\"https:\/\/akerstroms.se\/de\/produkt\/remotus-t-rx-500\/\" class=\"woocommerce-LoopProduct-link woocommerce-loop-product__link\"><div class='img-container'><img loading=\"lazy\" decoding=\"async\" width=\"300\" height=\"386\" src=\"https:\/\/akerstroms.se\/app\/uploads\/2021\/04\/T-RX500-1-300x386.jpg\" class=\"attachment-woocommerce_thumbnail size-woocommerce_thumbnail\" alt=\"Remotus T-RX500\" srcset=\"https:\/\/akerstroms.se\/app\/uploads\/2021\/04\/T-RX500-1-300x386.jpg 300w, https:\/\/akerstroms.se\/app\/uploads\/2021\/04\/T-RX500-1-600x772.jpg 600w, https:\/\/akerstroms.se\/app\/uploads\/2021\/04\/T-RX500-1-250x322.jpg 250w, https:\/\/akerstroms.se\/app\/uploads\/2021\/04\/T-RX500-1-700x900.jpg 700w, https:\/\/akerstroms.se\/app\/uploads\/2021\/04\/T-RX500-1-768x988.jpg 768w, https:\/\/akerstroms.se\/app\/uploads\/2021\/04\/T-RX500-1-120x154.jpg 120w, https:\/\/akerstroms.se\/app\/uploads\/2021\/04\/T-RX500-1-540x694.jpg 540w, https:\/\/akerstroms.se\/app\/uploads\/2021\/04\/T-RX500-1.jpg 930w\" sizes=\"auto, (max-width: 300px) 100vw, 300px\" \/><\/div><h2 class=\"woocommerce-loop-product__title\">Remotus T-RX 500<\/h2><\/a><div class=\"product-loop-item-info\"><\/div><\/li>\n<\/div>                        <div class=\"glide__slide\">\r\n                            <li class=\"product type-product post-9856 status-publish last instock product_cat-empfanger-de product_cat-remotus-de product_tag-fahrzeuge-und-aufbauten-de product_tag-hafen-und-fahren-de product_tag-maschinen-de product_tag-winden-de has-post-thumbnail product-type-simple\">\n\t<a href=\"https:\/\/akerstroms.se\/de\/produkt\/remotus-t-rx100\/\" class=\"woocommerce-LoopProduct-link woocommerce-loop-product__link\"><div class='img-container'><img loading=\"lazy\" decoding=\"async\" width=\"300\" height=\"400\" src=\"https:\/\/akerstroms.se\/app\/uploads\/2021\/04\/T-RX100-300x400.jpg\" class=\"attachment-woocommerce_thumbnail size-woocommerce_thumbnail\" alt=\"T-RX 100\" srcset=\"https:\/\/akerstroms.se\/app\/uploads\/2021\/04\/T-RX100-300x400.jpg 300w, https:\/\/akerstroms.se\/app\/uploads\/2021\/04\/T-RX100-600x800.jpg 600w, https:\/\/akerstroms.se\/app\/uploads\/2021\/04\/T-RX100-250x333.jpg 250w, https:\/\/akerstroms.se\/app\/uploads\/2021\/04\/T-RX100-700x933.jpg 700w, https:\/\/akerstroms.se\/app\/uploads\/2021\/04\/T-RX100-768x1024.jpg 768w, https:\/\/akerstroms.se\/app\/uploads\/2021\/04\/T-RX100-120x160.jpg 120w, https:\/\/akerstroms.se\/app\/uploads\/2021\/04\/T-RX100-540x720.jpg 540w, https:\/\/akerstroms.se\/app\/uploads\/2021\/04\/T-RX100.jpg 930w\" sizes=\"auto, (max-width: 300px) 100vw, 300px\" \/><\/div><h2 class=\"woocommerce-loop-product__title\">Remotus T-RX 100<\/h2><\/a><div class=\"product-loop-item-info\"><\/div><\/li>\n<\/div>                        <div class=\"glide__slide\">\r\n                            <li class=\"product type-product post-9889 status-publish first instock product_cat-handsender-de product_cat-remotus-de product_tag-fahrzeuge-und-aufbauten-de product_tag-hafen-und-fahren-de product_tag-krane-und-hebebuhnen-de product_tag-maschinen-de product_tag-pumpen-de product_tag-sonstige-steuerungen-de product_tag-winden-de has-post-thumbnail product-type-simple\">\n\t<a href=\"https:\/\/akerstroms.se\/de\/produkt\/remotus-12bd\/\" class=\"woocommerce-LoopProduct-link woocommerce-loop-product__link\"><div class='img-container'><img loading=\"lazy\" decoding=\"async\" width=\"300\" height=\"410\" src=\"https:\/\/akerstroms.se\/app\/uploads\/2021\/04\/Remotus-12BD-300x410.jpg\" class=\"attachment-woocommerce_thumbnail size-woocommerce_thumbnail\" alt=\"Remotus 12BD\" srcset=\"https:\/\/akerstroms.se\/app\/uploads\/2021\/04\/Remotus-12BD-300x410.jpg 300w, https:\/\/akerstroms.se\/app\/uploads\/2021\/04\/Remotus-12BD-600x820.jpg 600w, https:\/\/akerstroms.se\/app\/uploads\/2021\/04\/Remotus-12BD-250x342.jpg 250w, https:\/\/akerstroms.se\/app\/uploads\/2021\/04\/Remotus-12BD-700x957.jpg 700w, https:\/\/akerstroms.se\/app\/uploads\/2021\/04\/Remotus-12BD-768x1050.jpg 768w, https:\/\/akerstroms.se\/app\/uploads\/2021\/04\/Remotus-12BD-120x164.jpg 120w, https:\/\/akerstroms.se\/app\/uploads\/2021\/04\/Remotus-12BD-540x738.jpg 540w, https:\/\/akerstroms.se\/app\/uploads\/2021\/04\/Remotus-12BD.jpg 930w\" sizes=\"auto, (max-width: 300px) 100vw, 300px\" \/><\/div><h2 class=\"woocommerce-loop-product__title\">Remotus 12BD<\/h2><\/a><div class=\"product-loop-item-info\"><\/div><\/li>\n<\/div><\/div><\/div>\r\n                        <div class=\"controls flex-row-wrapper\" data-glide-el=\"controls\">\r\n                            <button class=\"controls--btn prev\" data-glide-dir=\"&lt;\"><i class=\"far fa-angle-left\"><\/i><\/button>\r\n                            <button class=\"controls--btn next\" data-glide-dir=\"&gt;\"><i class=\"far fa-angle-right\"><\/i><\/button>\r\n                        <\/div>\r\n                                        <\/div>\r\n                            <\/div>\r\n        <\/div>\r\n    <\/section>\r\n\n\n\n<div style=\"height:100px\" aria-hidden=\"true\" class=\"wp-block-spacer\"><\/div>\n","protected":false},"excerpt":{"rendered":"<p>M\u00fchelose Bedienung aus sicherem Abstand Der F\u00fchrer eines Arbeitsfahrzeugs \u2013 zum Beispiel Schlammsaugfahrzeug, Abschleppwagen, Fahrzeuganh\u00e4nger, Containerfahrzeug oder Abrollkipper \u2013 muss seine Arbeit so sicher und&#8230;<\/p>\n","protected":false},"author":1,"featured_media":0,"parent":0,"menu_order":0,"comment_status":"closed","ping_status":"closed","template":"","meta":{"_acf_changed":false,"footnotes":""},"class_list":["post-10456","page","type-page","status-publish","hentry"],"acf":[],"yoast_head":"<!-- This site is optimized with the Yoast SEO plugin v27.4 - https:\/\/yoast.com\/product\/yoast-seo-wordpress\/ -->\n<title>Fahrzeuge und Aufbauten - \u00c5kerstr\u00f6ms Bj\u00f6rbo<\/title>\n<meta name=\"robots\" content=\"index, follow, max-snippet:-1, max-image-preview:large, max-video-preview:-1\" \/>\n<link rel=\"canonical\" href=\"https:\/\/akerstroms.se\/de\/fahrzeuge-und-aufbauten\/\" \/>\n<meta property=\"og:locale\" content=\"de_DE\" \/>\n<meta property=\"og:type\" content=\"article\" \/>\n<meta property=\"og:title\" content=\"Fahrzeuge und Aufbauten - \u00c5kerstr\u00f6ms Bj\u00f6rbo\" \/>\n<meta property=\"og:description\" content=\"M\u00fchelose Bedienung aus sicherem Abstand Der F\u00fchrer eines Arbeitsfahrzeugs \u2013 zum Beispiel Schlammsaugfahrzeug, Abschleppwagen, Fahrzeuganh\u00e4nger, Containerfahrzeug oder Abrollkipper \u2013 muss seine Arbeit so sicher und...\" \/>\n<meta property=\"og:url\" content=\"https:\/\/akerstroms.se\/de\/fahrzeuge-und-aufbauten\/\" \/>\n<meta property=\"og:site_name\" content=\"\u00c5kerstr\u00f6ms Bj\u00f6rbo\" \/>\n<meta property=\"article:publisher\" content=\"https:\/\/www.facebook.com\/akerstroms.se\" \/>\n<meta property=\"article:modified_time\" content=\"2025-08-15T09:44:25+00:00\" \/>\n<meta property=\"og:image\" content=\"https:\/\/akerstroms.se\/app\/uploads\/2021\/09\/Akerstroms-remote-controls.jpg\" \/>\n\t<meta property=\"og:image:width\" content=\"1200\" \/>\n\t<meta property=\"og:image:height\" content=\"675\" \/>\n\t<meta property=\"og:image:type\" content=\"image\/jpeg\" \/>\n<meta name=\"twitter:card\" content=\"summary_large_image\" \/>\n<meta name=\"twitter:label1\" content=\"Gesch\u00e4tzte Lesezeit\" \/>\n\t<meta name=\"twitter:data1\" content=\"1\u00a0Minute\" \/>\n<script type=\"application\/ld+json\" class=\"yoast-schema-graph\">{\"@context\":\"https:\\\/\\\/schema.org\",\"@graph\":[{\"@type\":\"WebPage\",\"@id\":\"https:\\\/\\\/akerstroms.se\\\/de\\\/fahrzeuge-und-aufbauten\\\/\",\"url\":\"https:\\\/\\\/akerstroms.se\\\/de\\\/fahrzeuge-und-aufbauten\\\/\",\"name\":\"Fahrzeuge und Aufbauten - \u00c5kerstr\u00f6ms Bj\u00f6rbo\",\"isPartOf\":{\"@id\":\"https:\\\/\\\/akerstroms.se\\\/#website\"},\"datePublished\":\"2021-09-30T07:11:57+00:00\",\"dateModified\":\"2025-08-15T09:44:25+00:00\",\"breadcrumb\":{\"@id\":\"https:\\\/\\\/akerstroms.se\\\/de\\\/fahrzeuge-und-aufbauten\\\/#breadcrumb\"},\"inLanguage\":\"de\",\"potentialAction\":[{\"@type\":\"ReadAction\",\"target\":[\"https:\\\/\\\/akerstroms.se\\\/de\\\/fahrzeuge-und-aufbauten\\\/\"]}]},{\"@type\":\"BreadcrumbList\",\"@id\":\"https:\\\/\\\/akerstroms.se\\\/de\\\/fahrzeuge-und-aufbauten\\\/#breadcrumb\",\"itemListElement\":[{\"@type\":\"ListItem\",\"position\":1,\"name\":\"Home\",\"item\":\"https:\\\/\\\/akerstroms.se\\\/de\\\/\"},{\"@type\":\"ListItem\",\"position\":2,\"name\":\"Fahrzeuge und Aufbauten\"}]},{\"@type\":\"WebSite\",\"@id\":\"https:\\\/\\\/akerstroms.se\\\/#website\",\"url\":\"https:\\\/\\\/akerstroms.se\\\/\",\"name\":\"\u00c5kerstr\u00f6ms Bj\u00f6rbo\",\"description\":\"Radiostyrning f\u00f6r industriella och mobila applikationer\",\"publisher\":{\"@id\":\"https:\\\/\\\/akerstroms.se\\\/#organization\"},\"potentialAction\":[{\"@type\":\"SearchAction\",\"target\":{\"@type\":\"EntryPoint\",\"urlTemplate\":\"https:\\\/\\\/akerstroms.se\\\/?s={search_term_string}\"},\"query-input\":{\"@type\":\"PropertyValueSpecification\",\"valueRequired\":true,\"valueName\":\"search_term_string\"}}],\"inLanguage\":\"de\"},{\"@type\":\"Organization\",\"@id\":\"https:\\\/\\\/akerstroms.se\\\/#organization\",\"name\":\"\u00c5kerstr\u00f6ms AB\",\"url\":\"https:\\\/\\\/akerstroms.se\\\/\",\"logo\":{\"@type\":\"ImageObject\",\"inLanguage\":\"de\",\"@id\":\"https:\\\/\\\/akerstroms.se\\\/#\\\/schema\\\/logo\\\/image\\\/\",\"url\":\"https:\\\/\\\/akerstroms.se\\\/app\\\/uploads\\\/2021\\\/10\\\/akerstroms-logo.png\",\"contentUrl\":\"https:\\\/\\\/akerstroms.se\\\/app\\\/uploads\\\/2021\\\/10\\\/akerstroms-logo.png\",\"width\":400,\"height\":86,\"caption\":\"\u00c5kerstr\u00f6ms AB\"},\"image\":{\"@id\":\"https:\\\/\\\/akerstroms.se\\\/#\\\/schema\\\/logo\\\/image\\\/\"},\"sameAs\":[\"https:\\\/\\\/www.facebook.com\\\/akerstroms.se\",\"https:\\\/\\\/www.linkedin.com\\\/company\\\/akerstroms\\\/\",\"https:\\\/\\\/www.youtube.com\\\/channel\\\/UC8S-jX9nA8c9qBaTlgqg1CQ\"]}]}<\/script>\n<!-- \/ Yoast SEO plugin. -->","yoast_head_json":{"title":"Fahrzeuge und Aufbauten - \u00c5kerstr\u00f6ms Bj\u00f6rbo","robots":{"index":"index","follow":"follow","max-snippet":"max-snippet:-1","max-image-preview":"max-image-preview:large","max-video-preview":"max-video-preview:-1"},"canonical":"https:\/\/akerstroms.se\/de\/fahrzeuge-und-aufbauten\/","og_locale":"de_DE","og_type":"article","og_title":"Fahrzeuge und Aufbauten - \u00c5kerstr\u00f6ms Bj\u00f6rbo","og_description":"M\u00fchelose Bedienung aus sicherem Abstand Der F\u00fchrer eines Arbeitsfahrzeugs \u2013 zum Beispiel Schlammsaugfahrzeug, Abschleppwagen, Fahrzeuganh\u00e4nger, Containerfahrzeug oder Abrollkipper \u2013 muss seine Arbeit so sicher und...","og_url":"https:\/\/akerstroms.se\/de\/fahrzeuge-und-aufbauten\/","og_site_name":"\u00c5kerstr\u00f6ms Bj\u00f6rbo","article_publisher":"https:\/\/www.facebook.com\/akerstroms.se","article_modified_time":"2025-08-15T09:44:25+00:00","og_image":[{"width":1200,"height":675,"url":"https:\/\/akerstroms.se\/app\/uploads\/2021\/09\/Akerstroms-remote-controls.jpg","type":"image\/jpeg"}],"twitter_card":"summary_large_image","twitter_misc":{"Gesch\u00e4tzte Lesezeit":"1\u00a0Minute"},"schema":{"@context":"https:\/\/schema.org","@graph":[{"@type":"WebPage","@id":"https:\/\/akerstroms.se\/de\/fahrzeuge-und-aufbauten\/","url":"https:\/\/akerstroms.se\/de\/fahrzeuge-und-aufbauten\/","name":"Fahrzeuge und Aufbauten - \u00c5kerstr\u00f6ms Bj\u00f6rbo","isPartOf":{"@id":"https:\/\/akerstroms.se\/#website"},"datePublished":"2021-09-30T07:11:57+00:00","dateModified":"2025-08-15T09:44:25+00:00","breadcrumb":{"@id":"https:\/\/akerstroms.se\/de\/fahrzeuge-und-aufbauten\/#breadcrumb"},"inLanguage":"de","potentialAction":[{"@type":"ReadAction","target":["https:\/\/akerstroms.se\/de\/fahrzeuge-und-aufbauten\/"]}]},{"@type":"BreadcrumbList","@id":"https:\/\/akerstroms.se\/de\/fahrzeuge-und-aufbauten\/#breadcrumb","itemListElement":[{"@type":"ListItem","position":1,"name":"Home","item":"https:\/\/akerstroms.se\/de\/"},{"@type":"ListItem","position":2,"name":"Fahrzeuge und Aufbauten"}]},{"@type":"WebSite","@id":"https:\/\/akerstroms.se\/#website","url":"https:\/\/akerstroms.se\/","name":"\u00c5kerstr\u00f6ms Bj\u00f6rbo","description":"Radiostyrning f\u00f6r industriella och mobila applikationer","publisher":{"@id":"https:\/\/akerstroms.se\/#organization"},"potentialAction":[{"@type":"SearchAction","target":{"@type":"EntryPoint","urlTemplate":"https:\/\/akerstroms.se\/?s={search_term_string}"},"query-input":{"@type":"PropertyValueSpecification","valueRequired":true,"valueName":"search_term_string"}}],"inLanguage":"de"},{"@type":"Organization","@id":"https:\/\/akerstroms.se\/#organization","name":"\u00c5kerstr\u00f6ms AB","url":"https:\/\/akerstroms.se\/","logo":{"@type":"ImageObject","inLanguage":"de","@id":"https:\/\/akerstroms.se\/#\/schema\/logo\/image\/","url":"https:\/\/akerstroms.se\/app\/uploads\/2021\/10\/akerstroms-logo.png","contentUrl":"https:\/\/akerstroms.se\/app\/uploads\/2021\/10\/akerstroms-logo.png","width":400,"height":86,"caption":"\u00c5kerstr\u00f6ms AB"},"image":{"@id":"https:\/\/akerstroms.se\/#\/schema\/logo\/image\/"},"sameAs":["https:\/\/www.facebook.com\/akerstroms.se","https:\/\/www.linkedin.com\/company\/akerstroms\/","https:\/\/www.youtube.com\/channel\/UC8S-jX9nA8c9qBaTlgqg1CQ"]}]}},"_links":{"self":[{"href":"https:\/\/akerstroms.se\/de\/wp-json\/wp\/v2\/pages\/10456","targetHints":{"allow":["GET"]}}],"collection":[{"href":"https:\/\/akerstroms.se\/de\/wp-json\/wp\/v2\/pages"}],"about":[{"href":"https:\/\/akerstroms.se\/de\/wp-json\/wp\/v2\/types\/page"}],"author":[{"embeddable":true,"href":"https:\/\/akerstroms.se\/de\/wp-json\/wp\/v2\/users\/1"}],"replies":[{"embeddable":true,"href":"https:\/\/akerstroms.se\/de\/wp-json\/wp\/v2\/comments?post=10456"}],"version-history":[{"count":9,"href":"https:\/\/akerstroms.se\/de\/wp-json\/wp\/v2\/pages\/10456\/revisions"}],"predecessor-version":[{"id":22778,"href":"https:\/\/akerstroms.se\/de\/wp-json\/wp\/v2\/pages\/10456\/revisions\/22778"}],"wp:attachment":[{"href":"https:\/\/akerstroms.se\/de\/wp-json\/wp\/v2\/media?parent=10456"}],"curies":[{"name":"wp","href":"https:\/\/api.w.org\/{rel}","templated":true}]}}