{"id":10454,"date":"2021-09-30T09:11:49","date_gmt":"2021-09-30T07:11:49","guid":{"rendered":"https:\/\/akerstroms.se\/code-of-conduct-2\/"},"modified":"2024-04-02T08:26:34","modified_gmt":"2024-04-02T06:26:34","slug":"code-of-conduct-2","status":"publish","type":"page","link":"https:\/\/akerstroms.se\/de\/code-of-conduct-2\/","title":{"rendered":"Code of Conduct"},"content":{"rendered":"<section class=\"hero alignfull  \" style=\"background-image: url(https:\/\/akerstroms.se\/app\/uploads\/2021\/09\/codeofconduct.jpg);\">\r\n        <div class=\"hero__text container\">\r\n        <h1 class=\"hero__title\">Code of Conduct<\/h1>\r\n                    <p class=\"hero__excerpt\">Der Verhaltenskodex verdeutlicht, wie \u00c5kerstr\u00f6ms als Gesch\u00e4ftspartner, Arbeitgeber und Gesellschaftsakteur handeln soll. Der Kodex bezieht sich auf die individuelle Verantwortung der Mitarbeiter sowie auf die Verantwortung des Konzerns gegen\u00fcber seinen Mitarbeitern und dem gesellschaftlichen Umfeld.<\/p>\r\n            <\/div>\r\n<\/section>\r\n\n\n\n<div style=\"height:62px\" aria-hidden=\"true\" class=\"wp-block-spacer\"><\/div>\n\n\n\n<h4 class=\"wp-block-heading\" id=\"h-ethische-unternehmensfuhrung\">Ethische Unternehmensf\u00fchrung<\/h4>\n\n\n\n<p>Die \u00c5kerstr\u00f6ms Bj\u00f6rbo AB ist teil der <a href=\"http:\/\/www.allgon.com\" target=\"_blank\" rel=\"noreferrer noopener\">Allgon<\/a> Gruppe und betreibt ihre Gesch\u00e4ftst\u00e4tigkeit auf ethische und sozial verantwortungsvolle Weise. \u00c5kerstr\u00f6ms verurteilt jede Art von Korruption und Betrug, und wir verlangen Offenheit, Integrit\u00e4t und Ehrlichkeit in allen Bereichen unserer Unternehmenst\u00e4tigkeit in allen L\u00e4ndern.<br>\u00c5kerstr\u00f6ms missbilligt Kinderarbeit, Zwangsarbeit und Arbeitsbedingungen, die als sch\u00e4dlich, kr\u00e4nkend oder direkt gef\u00e4hrlich angesehen werden k\u00f6nnen.<br>Um diese Ziele zu gew\u00e4hrleisten, hat \u00c5kerstr\u00f6ms diesen Verhaltenskodex verabschiedet. Alle Lieferanten, H\u00e4ndler oder andere Unternehmen, die mit \u00c5kerstr\u00f6ms Gesch\u00e4ftsbeziehungen eingehen wollen, m\u00fcssen dieselbe Art von Verantwortung \u00fcbernehmen.<br><br><a href=\"https:\/\/allgon.com\/app\/uploads\/2023\/09\/CoC_Suppliers_ENG.pdf\" target=\"_blank\" rel=\"noreferrer noopener\">Laden sie den Verhaltenskodex herunter<\/a><\/p>\n\n\n\n<div style=\"height:100px\" aria-hidden=\"true\" class=\"wp-block-spacer\"><\/div>\n\n\n\n<div class=\"wp-block-cover alignfull has-background-dim\" style=\"background-color:#ef7f00\"><div class=\"wp-block-cover__inner-container is-layout-flow wp-block-cover-is-layout-flow\">\n<h2 class=\"has-text-align-center has-black-color has-text-color wp-block-heading\" id=\"h-haben-sie-fragen-kontaktieren-sie-uns\">Haben Sie <strong>Fragen?<\/strong><br>Kontaktieren Sie uns <\/h2>\n\n\n\n<div style=\"height:20px\" aria-hidden=\"true\" class=\"wp-block-spacer\"><\/div>\n\n\n\n<div class=\"wp-block-buttons is-content-justification-center is-layout-flex wp-block-buttons-is-layout-flex\">\n<div class=\"wp-block-button is-style-fill\"><a class=\"wp-block-button__link has-white-color has-black-background-color has-text-color has-background\" href=\"https:\/\/akerstroms.se\/de\/kontakt\/\" style=\"border-radius:3px\">KONTAKTIEREN SIE UNS<\/a><\/div>\n<\/div>\n<\/div><\/div>\n","protected":false},"excerpt":{"rendered":"<p>Ethische Unternehmensf\u00fchrung Die \u00c5kerstr\u00f6ms Bj\u00f6rbo AB ist teil der Allgon Gruppe und betreibt ihre Gesch\u00e4ftst\u00e4tigkeit auf ethische und sozial verantwortungsvolle Weise. \u00c5kerstr\u00f6ms verurteilt jede Art&#8230;<\/p>\n","protected":false},"author":1,"featured_media":0,"parent":0,"menu_order":0,"comment_status":"closed","ping_status":"closed","template":"templates\/page-text-page.php","meta":{"_acf_changed":false,"footnotes":""},"class_list":["post-10454","page","type-page","status-publish","hentry"],"acf":[],"yoast_head":"<!-- This site is optimized with the Yoast SEO plugin v27.4 - https:\/\/yoast.com\/product\/yoast-seo-wordpress\/ -->\n<title>Code of Conduct - \u00c5kerstr\u00f6ms Bj\u00f6rbo<\/title>\n<meta name=\"robots\" content=\"index, follow, max-snippet:-1, max-image-preview:large, max-video-preview:-1\" \/>\n<link rel=\"canonical\" href=\"https:\/\/akerstroms.se\/de\/code-of-conduct-2\/\" \/>\n<meta property=\"og:locale\" content=\"de_DE\" \/>\n<meta property=\"og:type\" content=\"article\" \/>\n<meta property=\"og:title\" content=\"Code of Conduct - \u00c5kerstr\u00f6ms Bj\u00f6rbo\" \/>\n<meta property=\"og:description\" content=\"Ethische Unternehmensf\u00fchrung Die \u00c5kerstr\u00f6ms Bj\u00f6rbo AB ist teil der Allgon Gruppe und betreibt ihre Gesch\u00e4ftst\u00e4tigkeit auf ethische und sozial verantwortungsvolle Weise. \u00c5kerstr\u00f6ms verurteilt jede Art...\" \/>\n<meta property=\"og:url\" content=\"https:\/\/akerstroms.se\/de\/code-of-conduct-2\/\" \/>\n<meta property=\"og:site_name\" content=\"\u00c5kerstr\u00f6ms Bj\u00f6rbo\" \/>\n<meta property=\"article:publisher\" content=\"https:\/\/www.facebook.com\/akerstroms.se\" \/>\n<meta property=\"article:modified_time\" content=\"2024-04-02T06:26:34+00:00\" \/>\n<meta property=\"og:image\" content=\"https:\/\/akerstroms.se\/app\/uploads\/2021\/09\/Akerstroms-remote-controls.jpg\" \/>\n\t<meta property=\"og:image:width\" content=\"1200\" \/>\n\t<meta property=\"og:image:height\" content=\"675\" \/>\n\t<meta property=\"og:image:type\" content=\"image\/jpeg\" \/>\n<meta name=\"twitter:card\" content=\"summary_large_image\" \/>\n<meta name=\"twitter:label1\" content=\"Gesch\u00e4tzte Lesezeit\" \/>\n\t<meta name=\"twitter:data1\" content=\"1\u00a0Minute\" \/>\n<script type=\"application\/ld+json\" class=\"yoast-schema-graph\">{\"@context\":\"https:\\\/\\\/schema.org\",\"@graph\":[{\"@type\":\"WebPage\",\"@id\":\"https:\\\/\\\/akerstroms.se\\\/de\\\/code-of-conduct-2\\\/\",\"url\":\"https:\\\/\\\/akerstroms.se\\\/de\\\/code-of-conduct-2\\\/\",\"name\":\"Code of Conduct - \u00c5kerstr\u00f6ms Bj\u00f6rbo\",\"isPartOf\":{\"@id\":\"https:\\\/\\\/akerstroms.se\\\/#website\"},\"datePublished\":\"2021-09-30T07:11:49+00:00\",\"dateModified\":\"2024-04-02T06:26:34+00:00\",\"breadcrumb\":{\"@id\":\"https:\\\/\\\/akerstroms.se\\\/de\\\/code-of-conduct-2\\\/#breadcrumb\"},\"inLanguage\":\"de\",\"potentialAction\":[{\"@type\":\"ReadAction\",\"target\":[\"https:\\\/\\\/akerstroms.se\\\/de\\\/code-of-conduct-2\\\/\"]}]},{\"@type\":\"BreadcrumbList\",\"@id\":\"https:\\\/\\\/akerstroms.se\\\/de\\\/code-of-conduct-2\\\/#breadcrumb\",\"itemListElement\":[{\"@type\":\"ListItem\",\"position\":1,\"name\":\"Home\",\"item\":\"https:\\\/\\\/akerstroms.se\\\/de\\\/\"},{\"@type\":\"ListItem\",\"position\":2,\"name\":\"Code of Conduct\"}]},{\"@type\":\"WebSite\",\"@id\":\"https:\\\/\\\/akerstroms.se\\\/#website\",\"url\":\"https:\\\/\\\/akerstroms.se\\\/\",\"name\":\"\u00c5kerstr\u00f6ms Bj\u00f6rbo\",\"description\":\"Radiostyrning f\u00f6r industriella och mobila applikationer\",\"publisher\":{\"@id\":\"https:\\\/\\\/akerstroms.se\\\/#organization\"},\"potentialAction\":[{\"@type\":\"SearchAction\",\"target\":{\"@type\":\"EntryPoint\",\"urlTemplate\":\"https:\\\/\\\/akerstroms.se\\\/?s={search_term_string}\"},\"query-input\":{\"@type\":\"PropertyValueSpecification\",\"valueRequired\":true,\"valueName\":\"search_term_string\"}}],\"inLanguage\":\"de\"},{\"@type\":\"Organization\",\"@id\":\"https:\\\/\\\/akerstroms.se\\\/#organization\",\"name\":\"\u00c5kerstr\u00f6ms AB\",\"url\":\"https:\\\/\\\/akerstroms.se\\\/\",\"logo\":{\"@type\":\"ImageObject\",\"inLanguage\":\"de\",\"@id\":\"https:\\\/\\\/akerstroms.se\\\/#\\\/schema\\\/logo\\\/image\\\/\",\"url\":\"https:\\\/\\\/akerstroms.se\\\/app\\\/uploads\\\/2021\\\/10\\\/akerstroms-logo.png\",\"contentUrl\":\"https:\\\/\\\/akerstroms.se\\\/app\\\/uploads\\\/2021\\\/10\\\/akerstroms-logo.png\",\"width\":400,\"height\":86,\"caption\":\"\u00c5kerstr\u00f6ms AB\"},\"image\":{\"@id\":\"https:\\\/\\\/akerstroms.se\\\/#\\\/schema\\\/logo\\\/image\\\/\"},\"sameAs\":[\"https:\\\/\\\/www.facebook.com\\\/akerstroms.se\",\"https:\\\/\\\/www.linkedin.com\\\/company\\\/akerstroms\\\/\",\"https:\\\/\\\/www.youtube.com\\\/channel\\\/UC8S-jX9nA8c9qBaTlgqg1CQ\"]}]}<\/script>\n<!-- \/ Yoast SEO plugin. -->","yoast_head_json":{"title":"Code of Conduct - \u00c5kerstr\u00f6ms Bj\u00f6rbo","robots":{"index":"index","follow":"follow","max-snippet":"max-snippet:-1","max-image-preview":"max-image-preview:large","max-video-preview":"max-video-preview:-1"},"canonical":"https:\/\/akerstroms.se\/de\/code-of-conduct-2\/","og_locale":"de_DE","og_type":"article","og_title":"Code of Conduct - \u00c5kerstr\u00f6ms Bj\u00f6rbo","og_description":"Ethische Unternehmensf\u00fchrung Die \u00c5kerstr\u00f6ms Bj\u00f6rbo AB ist teil der Allgon Gruppe und betreibt ihre Gesch\u00e4ftst\u00e4tigkeit auf ethische und sozial verantwortungsvolle Weise. \u00c5kerstr\u00f6ms verurteilt jede Art...","og_url":"https:\/\/akerstroms.se\/de\/code-of-conduct-2\/","og_site_name":"\u00c5kerstr\u00f6ms Bj\u00f6rbo","article_publisher":"https:\/\/www.facebook.com\/akerstroms.se","article_modified_time":"2024-04-02T06:26:34+00:00","og_image":[{"width":1200,"height":675,"url":"https:\/\/akerstroms.se\/app\/uploads\/2021\/09\/Akerstroms-remote-controls.jpg","type":"image\/jpeg"}],"twitter_card":"summary_large_image","twitter_misc":{"Gesch\u00e4tzte Lesezeit":"1\u00a0Minute"},"schema":{"@context":"https:\/\/schema.org","@graph":[{"@type":"WebPage","@id":"https:\/\/akerstroms.se\/de\/code-of-conduct-2\/","url":"https:\/\/akerstroms.se\/de\/code-of-conduct-2\/","name":"Code of Conduct - \u00c5kerstr\u00f6ms Bj\u00f6rbo","isPartOf":{"@id":"https:\/\/akerstroms.se\/#website"},"datePublished":"2021-09-30T07:11:49+00:00","dateModified":"2024-04-02T06:26:34+00:00","breadcrumb":{"@id":"https:\/\/akerstroms.se\/de\/code-of-conduct-2\/#breadcrumb"},"inLanguage":"de","potentialAction":[{"@type":"ReadAction","target":["https:\/\/akerstroms.se\/de\/code-of-conduct-2\/"]}]},{"@type":"BreadcrumbList","@id":"https:\/\/akerstroms.se\/de\/code-of-conduct-2\/#breadcrumb","itemListElement":[{"@type":"ListItem","position":1,"name":"Home","item":"https:\/\/akerstroms.se\/de\/"},{"@type":"ListItem","position":2,"name":"Code of Conduct"}]},{"@type":"WebSite","@id":"https:\/\/akerstroms.se\/#website","url":"https:\/\/akerstroms.se\/","name":"\u00c5kerstr\u00f6ms Bj\u00f6rbo","description":"Radiostyrning f\u00f6r industriella och mobila applikationer","publisher":{"@id":"https:\/\/akerstroms.se\/#organization"},"potentialAction":[{"@type":"SearchAction","target":{"@type":"EntryPoint","urlTemplate":"https:\/\/akerstroms.se\/?s={search_term_string}"},"query-input":{"@type":"PropertyValueSpecification","valueRequired":true,"valueName":"search_term_string"}}],"inLanguage":"de"},{"@type":"Organization","@id":"https:\/\/akerstroms.se\/#organization","name":"\u00c5kerstr\u00f6ms AB","url":"https:\/\/akerstroms.se\/","logo":{"@type":"ImageObject","inLanguage":"de","@id":"https:\/\/akerstroms.se\/#\/schema\/logo\/image\/","url":"https:\/\/akerstroms.se\/app\/uploads\/2021\/10\/akerstroms-logo.png","contentUrl":"https:\/\/akerstroms.se\/app\/uploads\/2021\/10\/akerstroms-logo.png","width":400,"height":86,"caption":"\u00c5kerstr\u00f6ms AB"},"image":{"@id":"https:\/\/akerstroms.se\/#\/schema\/logo\/image\/"},"sameAs":["https:\/\/www.facebook.com\/akerstroms.se","https:\/\/www.linkedin.com\/company\/akerstroms\/","https:\/\/www.youtube.com\/channel\/UC8S-jX9nA8c9qBaTlgqg1CQ"]}]}},"_links":{"self":[{"href":"https:\/\/akerstroms.se\/de\/wp-json\/wp\/v2\/pages\/10454","targetHints":{"allow":["GET"]}}],"collection":[{"href":"https:\/\/akerstroms.se\/de\/wp-json\/wp\/v2\/pages"}],"about":[{"href":"https:\/\/akerstroms.se\/de\/wp-json\/wp\/v2\/types\/page"}],"author":[{"embeddable":true,"href":"https:\/\/akerstroms.se\/de\/wp-json\/wp\/v2\/users\/1"}],"replies":[{"embeddable":true,"href":"https:\/\/akerstroms.se\/de\/wp-json\/wp\/v2\/comments?post=10454"}],"version-history":[{"count":6,"href":"https:\/\/akerstroms.se\/de\/wp-json\/wp\/v2\/pages\/10454\/revisions"}],"predecessor-version":[{"id":20134,"href":"https:\/\/akerstroms.se\/de\/wp-json\/wp\/v2\/pages\/10454\/revisions\/20134"}],"wp:attachment":[{"href":"https:\/\/akerstroms.se\/de\/wp-json\/wp\/v2\/media?parent=10454"}],"curies":[{"name":"wp","href":"https:\/\/api.w.org\/{rel}","templated":true}]}}