{"id":10453,"date":"2021-09-30T09:11:45","date_gmt":"2021-09-30T07:11:45","guid":{"rendered":"https:\/\/akerstroms.se\/ladebordwande\/"},"modified":"2021-10-19T13:33:15","modified_gmt":"2021-10-19T11:33:15","slug":"ladebordwande","status":"publish","type":"page","link":"https:\/\/akerstroms.se\/de\/ladebordwande\/","title":{"rendered":"Ladebordw\u00e4nde"},"content":{"rendered":"<section class=\"hero alignfull tone \" style=\"background-image: url(https:\/\/akerstroms.se\/app\/uploads\/2021\/06\/B0081P-0265_ret.jpg);\">\r\n        <div class=\"hero__text container\">\r\n        <h1 class=\"hero__title\">Ladebordw\u00e4nde<\/h1>\r\n                    <p class=\"hero__excerpt\">Wir bieten sichere Komplettl\u00f6sungen f\u00fcr s\u00e4mtliche Funktionen der Ladebordwand.<\/p>\r\n            <\/div>\r\n<\/section>\r\n\n<div style=\"height:50px\" aria-hidden=\"true\" class=\"wp-block-spacer\"><\/div>\n\n<h2 class=\"has-text-align-center wp-block-heading\">Sicherheit an erster Stelle<\/h2>\n\n<p class=\"has-text-align-center\">Eine Ladebordwand muss sich problemlos und ohne Gefahr von Quetschverletzungen \u00f6ffnen und schlie\u00dfen lassen. Auf Basis unserer langj\u00e4hrigen Erfahrung auf diesem Anwendungsgebiet und zahlreichen Installationen weltweit haben wir ein sicheres und robustes Funksystem entwickelt. Unser Motto ist es, unsere Kunden zu unterst\u00fctzen und ihren Alltag so sicher und effizient wie m\u00f6glich zu gestalten. Wir machen bei der Qualit\u00e4t unserer Systeme keine Kompromisse; daher setzen wir bei deren Entwicklung auf sorgf\u00e4ltig ausgew\u00e4hlte Komponenten und f\u00fchren gr\u00fcndliche Tests durch. Ganz besonders wichtig ist auch die Ergonomie: Tasten m\u00fcssen leichtg\u00e4ngig sein, Sender stabil in der Hand liegen und sich an der Tragevorrichtung am Beckengurt oder einem Tragegurt um den Nacken befestigen lassen. Wenn der Sender nicht genutzt wird, muss er sich in einer Halterung im Fahrzeug ablegen lassen. Neben Funksystemen in diversen Standardausf\u00fchrungen bieten wir auch Varianten an, die einfach zu konfigurieren sind und sich damit den Standards unterschiedlicher Hersteller anpassen lassen. <\/p>\n\n<div style=\"height:61px\" aria-hidden=\"true\" class=\"wp-block-spacer\"><\/div>\n\n<h3 class=\"wp-block-heading\">Passende Produkte<\/h3>\n<section class=\"products_module woocommerce slide\" data-post-type=\"product\">\r\n                                                            <div class=\"products flex-row-wrapper glide-products\">\r\n                        <div class=\"glide__track\" data-glide-el=\"track\">\r\n                        <div class=\"glide__slides\" id=\"product_container\">\r\n                                            <div class=\"glide__slide\">\r\n                            <li class=\"product type-product post-9728 status-publish first instock product_cat-empfanger-de-2 product_cat-sesam-de product_tag-fahrzeuge-und-aufbauten-de product_tag-ladebordwande-de product_tag-pumpen-de product_tag-sonstige-steuerungen-de product_tag-winden-de has-post-thumbnail shipping-taxable product-type-simple\">\n\t<a href=\"https:\/\/akerstroms.se\/de\/produkt\/sesam-800-mobile-rx\/\" class=\"woocommerce-LoopProduct-link woocommerce-loop-product__link\"><div class='img-container'><img loading=\"lazy\" decoding=\"async\" width=\"300\" height=\"446\" src=\"https:\/\/akerstroms.se\/app\/uploads\/2021\/05\/Sesam-800-Mobile-RX-300x446.jpg\" class=\"attachment-woocommerce_thumbnail size-woocommerce_thumbnail\" alt=\"Sesam 800 Mobile RX\" srcset=\"https:\/\/akerstroms.se\/app\/uploads\/2021\/05\/Sesam-800-Mobile-RX-300x446.jpg 300w, https:\/\/akerstroms.se\/app\/uploads\/2021\/05\/Sesam-800-Mobile-RX-600x893.jpg 600w, https:\/\/akerstroms.se\/app\/uploads\/2021\/05\/Sesam-800-Mobile-RX-250x372.jpg 250w, https:\/\/akerstroms.se\/app\/uploads\/2021\/05\/Sesam-800-Mobile-RX-700x1042.jpg 700w, https:\/\/akerstroms.se\/app\/uploads\/2021\/05\/Sesam-800-Mobile-RX-768x1143.jpg 768w, https:\/\/akerstroms.se\/app\/uploads\/2021\/05\/Sesam-800-Mobile-RX-120x179.jpg 120w, https:\/\/akerstroms.se\/app\/uploads\/2021\/05\/Sesam-800-Mobile-RX-540x804.jpg 540w, https:\/\/akerstroms.se\/app\/uploads\/2021\/05\/Sesam-800-Mobile-RX.jpg 930w\" sizes=\"auto, (max-width: 300px) 100vw, 300px\" \/><\/div><h2 class=\"woocommerce-loop-product__title\">Sesam 800 Mobile RX<\/h2><\/a><div class=\"product-loop-item-info\"><\/div><\/li>\n<\/div>                        <div class=\"glide__slide\">\r\n                            <li class=\"product type-product post-9733 status-publish instock product_cat-sender-de product_cat-sesam-de product_tag-ladebordwande-de has-post-thumbnail purchasable product-type-simple\">\n\t<a href=\"https:\/\/akerstroms.se\/de\/produkt\/sesam-800-mobile-ladebordwand-6\/\" class=\"woocommerce-LoopProduct-link woocommerce-loop-product__link\"><div class='img-container'><img loading=\"lazy\" decoding=\"async\" width=\"300\" height=\"352\" src=\"https:\/\/akerstroms.se\/app\/uploads\/2021\/05\/Bakgavellyft-6-300x352.png\" class=\"attachment-woocommerce_thumbnail size-woocommerce_thumbnail\" alt=\"Sesam 800 Mobile Ladebordwand 6\" srcset=\"https:\/\/akerstroms.se\/app\/uploads\/2021\/05\/Bakgavellyft-6-300x352.png 300w, https:\/\/akerstroms.se\/app\/uploads\/2021\/05\/Bakgavellyft-6-250x294.png 250w, https:\/\/akerstroms.se\/app\/uploads\/2021\/05\/Bakgavellyft-6-700x822.png 700w, https:\/\/akerstroms.se\/app\/uploads\/2021\/05\/Bakgavellyft-6-768x902.png 768w, https:\/\/akerstroms.se\/app\/uploads\/2021\/05\/Bakgavellyft-6-1308x1536.png 1308w, https:\/\/akerstroms.se\/app\/uploads\/2021\/05\/Bakgavellyft-6-1743x2048.png 1743w, https:\/\/akerstroms.se\/app\/uploads\/2021\/05\/Bakgavellyft-6-120x141.png 120w, https:\/\/akerstroms.se\/app\/uploads\/2021\/05\/Bakgavellyft-6-540x634.png 540w, https:\/\/akerstroms.se\/app\/uploads\/2021\/05\/Bakgavellyft-6-600x705.png 600w\" sizes=\"auto, (max-width: 300px) 100vw, 300px\" \/><\/div><h2 class=\"woocommerce-loop-product__title\">Sesam 800 Mobile Ladebordwand 6<\/h2><\/a><div class=\"product-loop-item-info\"><span class=\"sku\">942413-000<\/span><\/div><\/li>\n<\/div>                        <div class=\"glide__slide\">\r\n                            <li class=\"product type-product post-9829 status-publish instock product_cat-sender-de product_cat-sesam-de product_tag-ladebordwande-de has-post-thumbnail purchasable product-type-simple\">\n\t<a href=\"https:\/\/akerstroms.se\/de\/produkt\/sesam-800-mobile-ladebordwand-4\/\" class=\"woocommerce-LoopProduct-link woocommerce-loop-product__link\"><div class='img-container'><img loading=\"lazy\" decoding=\"async\" width=\"300\" height=\"352\" src=\"https:\/\/akerstroms.se\/app\/uploads\/2021\/05\/Sesam-bakgavellyft-4-300x352.png\" class=\"attachment-woocommerce_thumbnail size-woocommerce_thumbnail\" alt=\"Sesam 800 Mobile Ladebordwand 4\" srcset=\"https:\/\/akerstroms.se\/app\/uploads\/2021\/05\/Sesam-bakgavellyft-4-300x352.png 300w, https:\/\/akerstroms.se\/app\/uploads\/2021\/05\/Sesam-bakgavellyft-4-250x294.png 250w, https:\/\/akerstroms.se\/app\/uploads\/2021\/05\/Sesam-bakgavellyft-4-700x822.png 700w, https:\/\/akerstroms.se\/app\/uploads\/2021\/05\/Sesam-bakgavellyft-4-768x902.png 768w, https:\/\/akerstroms.se\/app\/uploads\/2021\/05\/Sesam-bakgavellyft-4-1308x1536.png 1308w, https:\/\/akerstroms.se\/app\/uploads\/2021\/05\/Sesam-bakgavellyft-4-1743x2048.png 1743w, https:\/\/akerstroms.se\/app\/uploads\/2021\/05\/Sesam-bakgavellyft-4-120x141.png 120w, https:\/\/akerstroms.se\/app\/uploads\/2021\/05\/Sesam-bakgavellyft-4-540x634.png 540w, https:\/\/akerstroms.se\/app\/uploads\/2021\/05\/Sesam-bakgavellyft-4-600x705.png 600w\" sizes=\"auto, (max-width: 300px) 100vw, 300px\" \/><\/div><h2 class=\"woocommerce-loop-product__title\">Sesam 800 Mobile Ladebordwand 4<\/h2><\/a><div class=\"product-loop-item-info\"><span class=\"sku\">942412-000<\/span><\/div><\/li>\n<\/div><\/div><\/div>\r\n                        <div class=\"controls flex-row-wrapper\" data-glide-el=\"controls\">\r\n                            <button class=\"controls--btn prev\" data-glide-dir=\"&lt;\"><i class=\"far fa-angle-left\"><\/i><\/button>\r\n                            <button class=\"controls--btn next\" data-glide-dir=\"&gt;\"><i class=\"far fa-angle-right\"><\/i><\/button>\r\n                        <\/div>\r\n                                        <\/div>\r\n                            <\/div>\r\n        <\/div>\r\n    <\/section>\r\n","protected":false},"excerpt":{"rendered":"<p>Sicherheit an erster Stelle Eine Ladebordwand muss sich problemlos und ohne Gefahr von Quetschverletzungen \u00f6ffnen und schlie\u00dfen lassen. Auf Basis unserer langj\u00e4hrigen Erfahrung auf diesem&#8230;<\/p>\n","protected":false},"author":1,"featured_media":0,"parent":0,"menu_order":0,"comment_status":"closed","ping_status":"closed","template":"","meta":{"_acf_changed":false,"footnotes":""},"class_list":["post-10453","page","type-page","status-publish","hentry"],"acf":[],"yoast_head":"<!-- This site is optimized with the Yoast SEO plugin v27.4 - https:\/\/yoast.com\/product\/yoast-seo-wordpress\/ -->\n<title>Ladebordw\u00e4nde - \u00c5kerstr\u00f6ms Bj\u00f6rbo<\/title>\n<meta name=\"robots\" content=\"index, follow, max-snippet:-1, max-image-preview:large, max-video-preview:-1\" \/>\n<link rel=\"canonical\" href=\"https:\/\/akerstroms.se\/de\/ladebordwande\/\" \/>\n<meta property=\"og:locale\" content=\"de_DE\" \/>\n<meta property=\"og:type\" content=\"article\" \/>\n<meta property=\"og:title\" content=\"Ladebordw\u00e4nde - \u00c5kerstr\u00f6ms Bj\u00f6rbo\" \/>\n<meta property=\"og:description\" content=\"Sicherheit an erster Stelle Eine Ladebordwand muss sich problemlos und ohne Gefahr von Quetschverletzungen \u00f6ffnen und schlie\u00dfen lassen. Auf Basis unserer langj\u00e4hrigen Erfahrung auf diesem...\" \/>\n<meta property=\"og:url\" content=\"https:\/\/akerstroms.se\/de\/ladebordwande\/\" \/>\n<meta property=\"og:site_name\" content=\"\u00c5kerstr\u00f6ms Bj\u00f6rbo\" \/>\n<meta property=\"article:publisher\" content=\"https:\/\/www.facebook.com\/akerstroms.se\" \/>\n<meta property=\"article:modified_time\" content=\"2021-10-19T11:33:15+00:00\" \/>\n<meta property=\"og:image\" content=\"https:\/\/akerstroms.se\/app\/uploads\/2021\/09\/Akerstroms-remote-controls.jpg\" \/>\n\t<meta property=\"og:image:width\" content=\"1200\" \/>\n\t<meta property=\"og:image:height\" content=\"675\" \/>\n\t<meta property=\"og:image:type\" content=\"image\/jpeg\" \/>\n<meta name=\"twitter:card\" content=\"summary_large_image\" \/>\n<meta name=\"twitter:label1\" content=\"Gesch\u00e4tzte Lesezeit\" \/>\n\t<meta name=\"twitter:data1\" content=\"1\u00a0Minute\" \/>\n<script type=\"application\/ld+json\" class=\"yoast-schema-graph\">{\"@context\":\"https:\\\/\\\/schema.org\",\"@graph\":[{\"@type\":\"WebPage\",\"@id\":\"https:\\\/\\\/akerstroms.se\\\/de\\\/ladebordwande\\\/\",\"url\":\"https:\\\/\\\/akerstroms.se\\\/de\\\/ladebordwande\\\/\",\"name\":\"Ladebordw\u00e4nde - \u00c5kerstr\u00f6ms Bj\u00f6rbo\",\"isPartOf\":{\"@id\":\"https:\\\/\\\/akerstroms.se\\\/#website\"},\"datePublished\":\"2021-09-30T07:11:45+00:00\",\"dateModified\":\"2021-10-19T11:33:15+00:00\",\"breadcrumb\":{\"@id\":\"https:\\\/\\\/akerstroms.se\\\/de\\\/ladebordwande\\\/#breadcrumb\"},\"inLanguage\":\"de\",\"potentialAction\":[{\"@type\":\"ReadAction\",\"target\":[\"https:\\\/\\\/akerstroms.se\\\/de\\\/ladebordwande\\\/\"]}]},{\"@type\":\"BreadcrumbList\",\"@id\":\"https:\\\/\\\/akerstroms.se\\\/de\\\/ladebordwande\\\/#breadcrumb\",\"itemListElement\":[{\"@type\":\"ListItem\",\"position\":1,\"name\":\"Home\",\"item\":\"https:\\\/\\\/akerstroms.se\\\/de\\\/\"},{\"@type\":\"ListItem\",\"position\":2,\"name\":\"Ladebordw\u00e4nde\"}]},{\"@type\":\"WebSite\",\"@id\":\"https:\\\/\\\/akerstroms.se\\\/#website\",\"url\":\"https:\\\/\\\/akerstroms.se\\\/\",\"name\":\"\u00c5kerstr\u00f6ms Bj\u00f6rbo\",\"description\":\"Radiostyrning f\u00f6r industriella och mobila applikationer\",\"publisher\":{\"@id\":\"https:\\\/\\\/akerstroms.se\\\/#organization\"},\"potentialAction\":[{\"@type\":\"SearchAction\",\"target\":{\"@type\":\"EntryPoint\",\"urlTemplate\":\"https:\\\/\\\/akerstroms.se\\\/?s={search_term_string}\"},\"query-input\":{\"@type\":\"PropertyValueSpecification\",\"valueRequired\":true,\"valueName\":\"search_term_string\"}}],\"inLanguage\":\"de\"},{\"@type\":\"Organization\",\"@id\":\"https:\\\/\\\/akerstroms.se\\\/#organization\",\"name\":\"\u00c5kerstr\u00f6ms AB\",\"url\":\"https:\\\/\\\/akerstroms.se\\\/\",\"logo\":{\"@type\":\"ImageObject\",\"inLanguage\":\"de\",\"@id\":\"https:\\\/\\\/akerstroms.se\\\/#\\\/schema\\\/logo\\\/image\\\/\",\"url\":\"https:\\\/\\\/akerstroms.se\\\/app\\\/uploads\\\/2021\\\/10\\\/akerstroms-logo.png\",\"contentUrl\":\"https:\\\/\\\/akerstroms.se\\\/app\\\/uploads\\\/2021\\\/10\\\/akerstroms-logo.png\",\"width\":400,\"height\":86,\"caption\":\"\u00c5kerstr\u00f6ms AB\"},\"image\":{\"@id\":\"https:\\\/\\\/akerstroms.se\\\/#\\\/schema\\\/logo\\\/image\\\/\"},\"sameAs\":[\"https:\\\/\\\/www.facebook.com\\\/akerstroms.se\",\"https:\\\/\\\/www.linkedin.com\\\/company\\\/akerstroms\\\/\",\"https:\\\/\\\/www.youtube.com\\\/channel\\\/UC8S-jX9nA8c9qBaTlgqg1CQ\"]}]}<\/script>\n<!-- \/ Yoast SEO plugin. -->","yoast_head_json":{"title":"Ladebordw\u00e4nde - \u00c5kerstr\u00f6ms Bj\u00f6rbo","robots":{"index":"index","follow":"follow","max-snippet":"max-snippet:-1","max-image-preview":"max-image-preview:large","max-video-preview":"max-video-preview:-1"},"canonical":"https:\/\/akerstroms.se\/de\/ladebordwande\/","og_locale":"de_DE","og_type":"article","og_title":"Ladebordw\u00e4nde - \u00c5kerstr\u00f6ms Bj\u00f6rbo","og_description":"Sicherheit an erster Stelle Eine Ladebordwand muss sich problemlos und ohne Gefahr von Quetschverletzungen \u00f6ffnen und schlie\u00dfen lassen. Auf Basis unserer langj\u00e4hrigen Erfahrung auf diesem...","og_url":"https:\/\/akerstroms.se\/de\/ladebordwande\/","og_site_name":"\u00c5kerstr\u00f6ms Bj\u00f6rbo","article_publisher":"https:\/\/www.facebook.com\/akerstroms.se","article_modified_time":"2021-10-19T11:33:15+00:00","og_image":[{"width":1200,"height":675,"url":"https:\/\/akerstroms.se\/app\/uploads\/2021\/09\/Akerstroms-remote-controls.jpg","type":"image\/jpeg"}],"twitter_card":"summary_large_image","twitter_misc":{"Gesch\u00e4tzte Lesezeit":"1\u00a0Minute"},"schema":{"@context":"https:\/\/schema.org","@graph":[{"@type":"WebPage","@id":"https:\/\/akerstroms.se\/de\/ladebordwande\/","url":"https:\/\/akerstroms.se\/de\/ladebordwande\/","name":"Ladebordw\u00e4nde - \u00c5kerstr\u00f6ms Bj\u00f6rbo","isPartOf":{"@id":"https:\/\/akerstroms.se\/#website"},"datePublished":"2021-09-30T07:11:45+00:00","dateModified":"2021-10-19T11:33:15+00:00","breadcrumb":{"@id":"https:\/\/akerstroms.se\/de\/ladebordwande\/#breadcrumb"},"inLanguage":"de","potentialAction":[{"@type":"ReadAction","target":["https:\/\/akerstroms.se\/de\/ladebordwande\/"]}]},{"@type":"BreadcrumbList","@id":"https:\/\/akerstroms.se\/de\/ladebordwande\/#breadcrumb","itemListElement":[{"@type":"ListItem","position":1,"name":"Home","item":"https:\/\/akerstroms.se\/de\/"},{"@type":"ListItem","position":2,"name":"Ladebordw\u00e4nde"}]},{"@type":"WebSite","@id":"https:\/\/akerstroms.se\/#website","url":"https:\/\/akerstroms.se\/","name":"\u00c5kerstr\u00f6ms Bj\u00f6rbo","description":"Radiostyrning f\u00f6r industriella och mobila applikationer","publisher":{"@id":"https:\/\/akerstroms.se\/#organization"},"potentialAction":[{"@type":"SearchAction","target":{"@type":"EntryPoint","urlTemplate":"https:\/\/akerstroms.se\/?s={search_term_string}"},"query-input":{"@type":"PropertyValueSpecification","valueRequired":true,"valueName":"search_term_string"}}],"inLanguage":"de"},{"@type":"Organization","@id":"https:\/\/akerstroms.se\/#organization","name":"\u00c5kerstr\u00f6ms AB","url":"https:\/\/akerstroms.se\/","logo":{"@type":"ImageObject","inLanguage":"de","@id":"https:\/\/akerstroms.se\/#\/schema\/logo\/image\/","url":"https:\/\/akerstroms.se\/app\/uploads\/2021\/10\/akerstroms-logo.png","contentUrl":"https:\/\/akerstroms.se\/app\/uploads\/2021\/10\/akerstroms-logo.png","width":400,"height":86,"caption":"\u00c5kerstr\u00f6ms AB"},"image":{"@id":"https:\/\/akerstroms.se\/#\/schema\/logo\/image\/"},"sameAs":["https:\/\/www.facebook.com\/akerstroms.se","https:\/\/www.linkedin.com\/company\/akerstroms\/","https:\/\/www.youtube.com\/channel\/UC8S-jX9nA8c9qBaTlgqg1CQ"]}]}},"_links":{"self":[{"href":"https:\/\/akerstroms.se\/de\/wp-json\/wp\/v2\/pages\/10453","targetHints":{"allow":["GET"]}}],"collection":[{"href":"https:\/\/akerstroms.se\/de\/wp-json\/wp\/v2\/pages"}],"about":[{"href":"https:\/\/akerstroms.se\/de\/wp-json\/wp\/v2\/types\/page"}],"author":[{"embeddable":true,"href":"https:\/\/akerstroms.se\/de\/wp-json\/wp\/v2\/users\/1"}],"replies":[{"embeddable":true,"href":"https:\/\/akerstroms.se\/de\/wp-json\/wp\/v2\/comments?post=10453"}],"version-history":[{"count":5,"href":"https:\/\/akerstroms.se\/de\/wp-json\/wp\/v2\/pages\/10453\/revisions"}],"predecessor-version":[{"id":12847,"href":"https:\/\/akerstroms.se\/de\/wp-json\/wp\/v2\/pages\/10453\/revisions\/12847"}],"wp:attachment":[{"href":"https:\/\/akerstroms.se\/de\/wp-json\/wp\/v2\/media?parent=10453"}],"curies":[{"name":"wp","href":"https:\/\/api.w.org\/{rel}","templated":true}]}}